{"id":6106,"date":"2021-04-28T17:34:43","date_gmt":"2021-04-28T15:34:43","guid":{"rendered":"https:\/\/www.vangraaf.com\/ch\/?page_id=6106"},"modified":"2024-03-27T17:53:47","modified_gmt":"2024-03-27T16:53:47","slug":"umwelt","status":"publish","type":"page","link":"https:\/\/www.vangraaf.com\/ch\/unternehmen\/nachhaltigkeit\/umwelt\/","title":{"rendered":"Umwelt"},"content":{"rendered":"<div class=\"wpb-content-wrapper\">[vc_row bwd_tbc4vd_show_weekday=&#187;&#187; full_width=&#187;stretch_row_content_no_spaces&#187;][vc_column]<div class=\"keyvisual\" data-aos=\"fade-up\" ><img loading=\"lazy\" decoding=\"async\" width=\"1440\" height=\"480\" src=\"https:\/\/www.vangraaf.com\/ch\/wp-content\/uploads\/sites\/6\/2020\/02\/Banner_Umwelt.jpg\" class=\"vc_single_image-img\" alt=\"\" srcset=\"https:\/\/www.vangraaf.com\/ch\/wp-content\/uploads\/sites\/6\/2020\/02\/Banner_Umwelt.jpg 1440w, https:\/\/www.vangraaf.com\/ch\/wp-content\/uploads\/sites\/6\/2020\/02\/Banner_Umwelt-300x100.jpg 300w, https:\/\/www.vangraaf.com\/ch\/wp-content\/uploads\/sites\/6\/2020\/02\/Banner_Umwelt-1024x341.jpg 1024w, https:\/\/www.vangraaf.com\/ch\/wp-content\/uploads\/sites\/6\/2020\/02\/Banner_Umwelt-768x256.jpg 768w, https:\/\/www.vangraaf.com\/ch\/wp-content\/uploads\/sites\/6\/2020\/02\/Banner_Umwelt-1200x400.jpg 1200w, https:\/\/www.vangraaf.com\/ch\/wp-content\/uploads\/sites\/6\/2020\/02\/Banner_Umwelt-992x331.jpg 992w, https:\/\/www.vangraaf.com\/ch\/wp-content\/uploads\/sites\/6\/2020\/02\/Banner_Umwelt-480x160.jpg 480w\" sizes=\"(max-width: 1440px) 100vw, 1440px\" \/><\/div>\n        <div class=\"headlines headlines--center\" data-aos=\"fade-up\">\n            <div class=\"vc_row\">\n                <div class=\"vc_col-md-10 vc_col-md-offset-1 vc_col-lg-10 vc_col-lg-offset-1\"><span class=\"h6\">Unsere Umwelt<\/span><h1 class=\"h2\">Engagement zeigen. Erfolg messen.<\/h1><\/div>\n            <\/div>\n        <\/div>[vc_column_text]Nachhaltigkeit ist nicht nur sichtbar, sondern in den meisten Bereichen auch messbar wie der CO<sub>2<\/sub>-Eintrag oder die Einsparung von Plastikverpackungen. <span class=\"nobr\">VAN GRAAF<\/span> arbeitet daran, den eigenen \u00f6kologischen Fussabdruck zu reduzieren und setzt zum Beispiel bei Tragetaschen zunehmend auf recyclingf\u00e4hige und FSC-zertifizierte Materialien.[\/vc_column_text][\/vc_column][\/vc_row][vc_row bwd_tbc4vd_show_weekday=&#187;&#187; full_width=&#187;stretch_row_content_no_spaces&#187;][vc_column]\n            <div class=\"vg-element topic-slider topic-slider--right topic-slider--dark\" style=\"--season-color-1: #ededed; --season-color-2: #002045\" data-aos=\"fade-up\">\n                <div class=\"topic-slider__inner\">\n                    <div class=\"content_wrap\">\n                        <div class=\"vc_row\">\n                            <div class=\"vc_col-md-12 vc_col-lg-10 vc_col-lg-offset-1\">\n                                <div class=\"vc_row\">\n                                    <div class=\"vc_col-sm-6 vc_col-sm-push-6 vc_col-md-push-5 vc_col-md-offset-1\"><div class=\"topic-slider__image-wrap\"><div class=\"topic-slider__slider-wrap\"><div class=\"js-topic-slider\"><div class=\"topic-slider__slider__item\"><img loading=\"lazy\" decoding=\"async\" width=\"427\" height=\"639\" src=\"https:\/\/www.vangraaf.com\/ch\/wp-content\/uploads\/sites\/6\/2020\/02\/TopicSlider_Footprints.jpg\" class=\"vc_single_image-img attachment-full\" alt=\"\" title=\"TopicSlider_Footprints\" srcset=\"https:\/\/www.vangraaf.com\/ch\/wp-content\/uploads\/sites\/6\/2020\/02\/TopicSlider_Footprints.jpg 427w, https:\/\/www.vangraaf.com\/ch\/wp-content\/uploads\/sites\/6\/2020\/02\/TopicSlider_Footprints-200x300.jpg 200w\" sizes=\"(max-width: 427px) 100vw, 427px\" \/><\/div><\/div><\/div><\/div><\/div><div class=\"vc_col-sm-6 vc_col-md-5 vc_col-sm-pull-6 vc_col-md-pull-7\"><div class=\"topic-slider__content\"><p style=\"text-align: left\"><strong>Mit weniger Impact in die Zukunft.<\/strong><\/p>\n<p style=\"text-align: left\">Jede Handlung und jeder Schritt, den VAN GRAAF geht, hinterl\u00e4sst einen Impact, einen \u00f6kologischen Fussabdruck. Dieser Abdruck l\u00e4sst sich messen. Er zeigt, ob sich unser Gesch\u00e4ft auf dem richtigen Weg zu mehr Umweltfreundlichkeit befindet und weist darauf hin, was wir noch verbessern k\u00f6nnen. Wir berechnen den CO<sub>2<\/sub>-Ausstoss, den unsere Zentrale und unser Logistikzentrum in Hamburg sowie unsere Filialen in Deutschland verursachen.<\/p>\n<\/div><\/div>\n                                <\/div>\n                            <\/div>\n                        <\/div>\n                    <\/div>\n                <\/div>\n            <\/div>[\/vc_column][\/vc_row][vc_row][vc_column][vc_column_text]\r\n<p style=\"text-align: left\">Auf Basis der gewonnen Daten erstellen wir eine CO<sub>2<\/sub>-Bilanz, aus der wir unsere Klimastrategie ableiten. Dabei achten wir gezielt darauf, CO<sub>2<\/sub> zu vermeiden oder zu reduzieren.<\/p>\r\n[\/vc_column_text][\/vc_column][\/vc_row][vc_row bwd_tbc4vd_show_weekday=&#187;&#187; full_width=&#187;stretch_row_content_no_spaces&#187;][vc_column]\n            <div class=\"vg-element topic-slider topic-slider--left topic-slider--dark\" style=\"--season-color-1: #ededed; --season-color-2: #002045\" data-aos=\"fade-up\">\n                <div class=\"topic-slider__inner\">\n                    <div class=\"content_wrap\">\n                        <div class=\"vc_row\">\n                            <div class=\"vc_col-md-12 vc_col-lg-10 vc_col-lg-offset-1\">\n                                <div class=\"vc_row\">\n                                    <div class=\"vc_col-sm-6\"><div class=\"topic-slider__image-wrap\"><div class=\"topic-slider__slider-wrap\"><div class=\"js-topic-slider\"><div class=\"topic-slider__slider__item\"><img loading=\"lazy\" decoding=\"async\" width=\"427\" height=\"639\" src=\"https:\/\/www.vangraaf.com\/ch\/wp-content\/uploads\/sites\/6\/2021\/04\/Umwelt_TopicSlider_WP.jpg\" class=\"vc_single_image-img attachment-full\" alt=\"\" title=\"Umwelt_TopicSlider_WP\" srcset=\"https:\/\/www.vangraaf.com\/ch\/wp-content\/uploads\/sites\/6\/2021\/04\/Umwelt_TopicSlider_WP.jpg 427w, https:\/\/www.vangraaf.com\/ch\/wp-content\/uploads\/sites\/6\/2021\/04\/Umwelt_TopicSlider_WP-200x300.jpg 200w\" sizes=\"(max-width: 427px) 100vw, 427px\" \/><\/div><\/div><\/div><\/div><\/div><div class=\"vc_col-sm-6 vc_col-md-5 vc_col-md-offset-1\"><div class=\"topic-slider__content\"><p style=\"text-align: left\"><strong>Mit Papier statt Plastik.<\/strong><\/p>\n<p>Hochwertige Produkte wollen sicher eingepackt sein. Denn eine gute Verpackung ist Teil unseres Qualit\u00e4tsanspruchs. Doch das Wie ist entscheidend. VAN GRAAF hat die Verwendung von Plastikt\u00fcten deutlich reduziert. Stattdessen bieten wir unseren Kundinnen und Kunden bei ihrem Einkaufserlebnis Tragetaschen aus Papier an, die zu 100 % recyclebar sind und das FSC-Siegel aufweisen. Das bedeutet: Das Holz f\u00fcr die Verarbeitung der Taschen stammt aus verantwortungsvoller, nachhaltiger Forstwirtschaft. Nach einer Online-Bestellung versenden wir unsere Waren in Kartons, die ebenfalls FSC-zertifiziert sind.<\/p>\n<\/div><\/div>\n                                <\/div>\n                            <\/div>\n                        <\/div>\n                    <\/div>\n                <\/div>\n            <\/div>[\/vc_column][\/vc_row][vc_row bwd_tbc4vd_show_weekday=&#187;&#187; disable_element=&#187;yes&#187;][vc_column width=&#187;1\/5&#8243;][\/vc_column][vc_column width=&#187;1\/5&#8243;]<div class=\"vg-element cta-teaser cta-teaser--center\" data-aos=\"fade-up\"><div class=\"cta-teaser__image\"><a class=\"\" href=\"https:\/\/www.vangraaf.com\/ch\/unternehmen\/nachhaltigkeit\/strategie\/\" target=\"_self\" rel=\"\" style=\"\"><img loading=\"lazy\" decoding=\"async\" width=\"400\" height=\"400\" src=\"https:\/\/www.vangraaf.com\/ch\/wp-content\/uploads\/sites\/6\/2020\/02\/ImageTeaser_Strategie.jpg\" class=\"vc_single_image-img attachment-full\" alt=\"\" title=\"ImageTeaser_Strategie\" srcset=\"https:\/\/www.vangraaf.com\/ch\/wp-content\/uploads\/sites\/6\/2020\/02\/ImageTeaser_Strategie.jpg 400w, https:\/\/www.vangraaf.com\/ch\/wp-content\/uploads\/sites\/6\/2020\/02\/ImageTeaser_Strategie-300x300.jpg 300w, https:\/\/www.vangraaf.com\/ch\/wp-content\/uploads\/sites\/6\/2020\/02\/ImageTeaser_Strategie-150x150.jpg 150w\" sizes=\"(max-width: 400px) 100vw, 400px\" \/><\/a><\/div><div class=\"cta-teaser__text\"><a class=\"button\" href=\"https:\/\/www.vangraaf.com\/ch\/unternehmen\/nachhaltigkeit\/strategie\/\" target=\"_self\" rel=\"\" style=\"\">Strategie<\/a><\/div><\/div>[\/vc_column][vc_column width=&#187;1\/5&#8243;]<div class=\"vg-element cta-teaser cta-teaser--center\" data-aos=\"fade-up\"><div class=\"cta-teaser__image\"><a class=\"\" href=\"https:\/\/www.vangraaf.com\/ch\/unternehmen\/nachhaltigkeit\/produkte\/\" target=\"_self\" rel=\"\" style=\"\"><img loading=\"lazy\" decoding=\"async\" width=\"400\" height=\"400\" src=\"https:\/\/www.vangraaf.com\/ch\/wp-content\/uploads\/sites\/6\/2020\/02\/UnsereProdukte_Teaser.jpg\" class=\"vc_single_image-img attachment-full\" alt=\"Ein Stapel gefalteter Jeans in verschiedenen Blaut\u00f6nen wird von einer Person in weissem Strickpullover gehalten.\" title=\"UnsereProdukte_Teaser\" srcset=\"https:\/\/www.vangraaf.com\/ch\/wp-content\/uploads\/sites\/6\/2020\/02\/UnsereProdukte_Teaser.jpg 400w, https:\/\/www.vangraaf.com\/ch\/wp-content\/uploads\/sites\/6\/2020\/02\/UnsereProdukte_Teaser-300x300.jpg 300w, https:\/\/www.vangraaf.com\/ch\/wp-content\/uploads\/sites\/6\/2020\/02\/UnsereProdukte_Teaser-150x150.jpg 150w, https:\/\/www.vangraaf.com\/ch\/wp-content\/uploads\/sites\/6\/2020\/02\/UnsereProdukte_Teaser-280x280.jpg 280w\" sizes=\"(max-width: 400px) 100vw, 400px\" \/><\/a><\/div><div class=\"cta-teaser__text\"><a class=\"button\" href=\"https:\/\/www.vangraaf.com\/ch\/unternehmen\/nachhaltigkeit\/produkte\/\" target=\"_self\" rel=\"\" style=\"\">Produkte<\/a><\/div><\/div>[\/vc_column][vc_column width=&#187;1\/5&#8243;]<div class=\"vg-element cta-teaser cta-teaser--center\" data-aos=\"fade-up\"><div class=\"cta-teaser__image\"><a class=\"\" href=\"https:\/\/www.vangraaf.com\/ch\/unternehmen\/nachhaltigkeit\/mensch\/\" target=\"_self\" rel=\"\" style=\"\"><img loading=\"lazy\" decoding=\"async\" width=\"300\" height=\"300\" src=\"https:\/\/www.vangraaf.com\/ch\/wp-content\/uploads\/sites\/6\/2022\/04\/Mensch.jpg\" class=\"vc_single_image-img attachment-full\" alt=\"\" title=\"Mensch\" srcset=\"https:\/\/www.vangraaf.com\/ch\/wp-content\/uploads\/sites\/6\/2022\/04\/Mensch.jpg 300w, https:\/\/www.vangraaf.com\/ch\/wp-content\/uploads\/sites\/6\/2022\/04\/Mensch-150x150.jpg 150w, https:\/\/www.vangraaf.com\/ch\/wp-content\/uploads\/sites\/6\/2022\/04\/Mensch-280x280.jpg 280w\" sizes=\"(max-width: 300px) 100vw, 300px\" \/><\/a><\/div><div class=\"cta-teaser__text\"><a class=\"button\" href=\"https:\/\/www.vangraaf.com\/ch\/unternehmen\/nachhaltigkeit\/mensch\/\" target=\"_self\" rel=\"\" style=\"\">Mensch<\/a><\/div><\/div>[\/vc_column][vc_column width=&#187;1\/5&#8243;][\/vc_column][\/vc_row][vc_row bwd_tbc4vd_show_weekday=&#187;&#187; full_width=&#187;stretch_row_content_no_spaces&#187;][vc_column][vc_row_inner bwd_tbc4vd_show_weekday=&#187;&#187; row_design=&#187;row_square_background&#187;][vc_column_inner width=&#187;1\/3&#8243;]<div class=\"vg-element cta-teaser cta-teaser--center\" data-aos=\"fade-up\"><div class=\"cta-teaser__image\"><a class=\"\" href=\"https:\/\/www.vangraaf.com\/ch\/unternehmen\/nachhaltigkeit\/strategie\/\" target=\"_self\" rel=\"\" style=\"\"><img loading=\"lazy\" decoding=\"async\" width=\"378\" height=\"252\" src=\"https:\/\/www.vangraaf.com\/ch\/wp-content\/uploads\/sites\/6\/2022\/08\/Strategie.jpg\" class=\"vc_single_image-img attachment-full\" alt=\"\" title=\"Strategie\" srcset=\"https:\/\/www.vangraaf.com\/ch\/wp-content\/uploads\/sites\/6\/2022\/08\/Strategie.jpg 378w, https:\/\/www.vangraaf.com\/ch\/wp-content\/uploads\/sites\/6\/2022\/08\/Strategie-300x200.jpg 300w\" sizes=\"(max-width: 378px) 100vw, 378px\" \/><\/a><\/div><div class=\"cta-teaser__text\"><h3>Strategie<\/h3><p>Jedes Vorhaben braucht eine Strategie \u2013 besonders, wenn es um Nachhaltigkeit geht. Erfahren Sie mehr \u00fcber unser Vorgehen.<\/p><a class=\"button\" href=\"https:\/\/www.vangraaf.com\/ch\/unternehmen\/nachhaltigkeit\/strategie\/\" target=\"_self\" rel=\"\" style=\"\">Mehr erfahren<\/a><\/div><\/div>[\/vc_column_inner][vc_column_inner width=&#187;1\/3&#8243;]<div class=\"vg-element cta-teaser cta-teaser--center\" data-aos=\"fade-up\"><div class=\"cta-teaser__image\"><a class=\"\" href=\"https:\/\/www.vangraaf.com\/ch\/unternehmen\/nachhaltigkeit\/produkte\/\" target=\"_self\" rel=\"\" style=\"\"><img loading=\"lazy\" decoding=\"async\" width=\"378\" height=\"252\" src=\"https:\/\/www.vangraaf.com\/ch\/wp-content\/uploads\/sites\/6\/2023\/04\/UnsereProdukte_CTA_teaser_Seitenabschluss.jpg\" class=\"vc_single_image-img attachment-full\" alt=\"Person h\u00e4lt einen Stapel gefalteter Jeans.\" title=\"UnsereProdukte_CTA_teaser_Seitenabschluss\" srcset=\"https:\/\/www.vangraaf.com\/ch\/wp-content\/uploads\/sites\/6\/2023\/04\/UnsereProdukte_CTA_teaser_Seitenabschluss.jpg 378w, https:\/\/www.vangraaf.com\/ch\/wp-content\/uploads\/sites\/6\/2023\/04\/UnsereProdukte_CTA_teaser_Seitenabschluss-300x200.jpg 300w\" sizes=\"(max-width: 378px) 100vw, 378px\" \/><\/a><\/div><div class=\"cta-teaser__text\"><h3>Produkte<\/h3><p>Wir achten darauf, dass die Produkte unserer Topmarken und unsere eigenen VAN GRAAF Marken unseren Anspruch an Nachhaltigkeit erf\u00fcllen.<\/p><a class=\"button\" href=\"https:\/\/www.vangraaf.com\/ch\/unternehmen\/nachhaltigkeit\/produkte\/\" target=\"_self\" rel=\"\" style=\"\">Mehr erfahren<\/a><\/div><\/div>[\/vc_column_inner][vc_column_inner width=&#187;1\/3&#8243;]<div class=\"vg-element cta-teaser cta-teaser--center\" data-aos=\"fade-up\"><div class=\"cta-teaser__image\"><a class=\"\" href=\"https:\/\/www.vangraaf.com\/ch\/unternehmen\/nachhaltigkeit\/mensch\/\" target=\"_self\" rel=\"\" style=\"\"><img loading=\"lazy\" decoding=\"async\" width=\"378\" height=\"252\" src=\"https:\/\/www.vangraaf.com\/ch\/wp-content\/uploads\/sites\/6\/2022\/08\/Mensch.jpg\" class=\"vc_single_image-img attachment-full\" alt=\"\" title=\"Mensch\" srcset=\"https:\/\/www.vangraaf.com\/ch\/wp-content\/uploads\/sites\/6\/2022\/08\/Mensch.jpg 378w, https:\/\/www.vangraaf.com\/ch\/wp-content\/uploads\/sites\/6\/2022\/08\/Mensch-300x200.jpg 300w\" sizes=\"(max-width: 378px) 100vw, 378px\" \/><\/a><\/div><div class=\"cta-teaser__text\"><h3>Mensch<\/h3><p>Als traditionsreiches und global agierendes Unternehmen wissen wir, wie wichtig ethisches Handeln ist und sind uns unserer Verantwortung bewusst.<\/p><a class=\"button\" href=\"https:\/\/www.vangraaf.com\/ch\/unternehmen\/nachhaltigkeit\/mensch\/\" target=\"_self\" rel=\"\" style=\"\">Mehr erfahren<\/a><\/div><\/div>[\/vc_column_inner][\/vc_row_inner][\/vc_column][\/vc_row]<\/div>","protected":false},"excerpt":{"rendered":"[vc_row bwd_tbc4vd_show_weekday=&#187;&#187; full_width=&#187;stretch_row_content_no_spaces&#187;][vc_column][vc_column_text]Nachhaltigkeit ist nicht nur sichtbar, sondern in den meisten Bereichen auch messbar wie der CO2-Eintrag oder die Einsparung von Plastikverpackungen. VAN GRAAF arbeitet daran, den eigenen \u00f6kologischen Fussabdruck zu reduzieren und setzt zum Beispiel bei Tragetaschen zunehmend auf recyclingf\u00e4hige und FSC-zertifizierte Materialien.[\/vc_column_text][\/vc_column][\/vc_row][vc_row bwd_tbc4vd_show_weekday=&#187;&#187; full_width=&#187;stretch_row_content_no_spaces&#187;][vc_column][\/vc_column][\/vc_row][vc_row][vc_column][vc_column_text] Auf Basis der gewonnen Daten erstellen wir eine CO2-Bilanz, [&hellip;]","protected":false},"author":6,"featured_media":0,"parent":6058,"menu_order":0,"comment_status":"closed","ping_status":"closed","template":"","meta":{"_acf_changed":false,"inline_featured_image":false,"footnotes":""},"class_list":["post-6106","page","type-page","status-publish","hentry"],"acf":[],"yoast_head":"<!-- This site is optimized with the Yoast SEO plugin v27.2 - https:\/\/yoast.com\/product\/yoast-seo-wordpress\/ -->\n<title>VAN GRAAF Schweiz - Nachhaltigkeit - Umwelt<\/title>\n<meta name=\"description\" content=\"VAN GRAAF arbeitet daran, den eigenen \u00f6kologischen Fussabdruck zu reduzieren.\" \/>\n<meta name=\"robots\" content=\"index, follow, max-snippet:-1, max-image-preview:large, max-video-preview:-1\" \/>\n<link rel=\"canonical\" href=\"https:\/\/www.vangraaf.com\/ch\/unternehmen\/nachhaltigkeit\/umwelt\/\" \/>\n<meta property=\"og:locale\" content=\"de_DE\" \/>\n<meta property=\"og:type\" content=\"article\" \/>\n<meta property=\"og:title\" content=\"VAN GRAAF Schweiz - Nachhaltigkeit - Umwelt\" \/>\n<meta property=\"og:description\" content=\"VAN GRAAF arbeitet daran, den eigenen \u00f6kologischen Fussabdruck zu reduzieren.\" \/>\n<meta property=\"og:url\" content=\"https:\/\/www.vangraaf.com\/ch\/unternehmen\/nachhaltigkeit\/umwelt\/\" \/>\n<meta property=\"og:site_name\" content=\"VAN GRAAF Schweiz\" \/>\n<meta property=\"article:modified_time\" content=\"2024-03-27T16:53:47+00:00\" \/>\n<meta name=\"twitter:card\" content=\"summary_large_image\" \/>\n<meta name=\"twitter:label1\" content=\"Est. reading time\" \/>\n\t<meta name=\"twitter:data1\" content=\"3\u00a0Minuten\" \/>\n<script type=\"application\/ld+json\" class=\"yoast-schema-graph\">{\"@context\":\"https:\/\/schema.org\",\"@graph\":[{\"@type\":\"WebPage\",\"@id\":\"https:\/\/www.vangraaf.com\/ch\/unternehmen\/nachhaltigkeit\/umwelt\/\",\"url\":\"https:\/\/www.vangraaf.com\/ch\/unternehmen\/nachhaltigkeit\/umwelt\/\",\"name\":\"VAN GRAAF Schweiz - Nachhaltigkeit - Umwelt\",\"isPartOf\":{\"@id\":\"https:\/\/www.vangraaf.com\/ch\/#website\"},\"datePublished\":\"2021-04-28T15:34:43+00:00\",\"dateModified\":\"2024-03-27T16:53:47+00:00\",\"description\":\"VAN GRAAF arbeitet daran, den eigenen \u00f6kologischen Fussabdruck zu reduzieren.\",\"breadcrumb\":{\"@id\":\"https:\/\/www.vangraaf.com\/ch\/unternehmen\/nachhaltigkeit\/umwelt\/#breadcrumb\"},\"inLanguage\":\"de-CH\",\"potentialAction\":[{\"@type\":\"ReadAction\",\"target\":[\"https:\/\/www.vangraaf.com\/ch\/unternehmen\/nachhaltigkeit\/umwelt\/\"]}]},{\"@type\":\"BreadcrumbList\",\"@id\":\"https:\/\/www.vangraaf.com\/ch\/unternehmen\/nachhaltigkeit\/umwelt\/#breadcrumb\",\"itemListElement\":[{\"@type\":\"ListItem\",\"position\":1,\"name\":\"Home\",\"item\":\"https:\/\/www.vangraaf.com\/ch\/\"},{\"@type\":\"ListItem\",\"position\":2,\"name\":\"Unternehmen\",\"item\":\"https:\/\/www.vangraaf.com\/ch\/unternehmen\/\"},{\"@type\":\"ListItem\",\"position\":3,\"name\":\"Nachhaltigkeit\",\"item\":\"https:\/\/www.vangraaf.com\/ch\/unternehmen\/nachhaltigkeit\/\"},{\"@type\":\"ListItem\",\"position\":4,\"name\":\"Umwelt\"}]},{\"@type\":\"WebSite\",\"@id\":\"https:\/\/www.vangraaf.com\/ch\/#website\",\"url\":\"https:\/\/www.vangraaf.com\/ch\/\",\"name\":\"VAN GRAAF\",\"description\":\"VAN GRAAF\",\"potentialAction\":[{\"@type\":\"SearchAction\",\"target\":{\"@type\":\"EntryPoint\",\"urlTemplate\":\"https:\/\/www.vangraaf.com\/ch\/?s={search_term_string}\"},\"query-input\":{\"@type\":\"PropertyValueSpecification\",\"valueRequired\":true,\"valueName\":\"search_term_string\"}}],\"inLanguage\":\"de-CH\"}]}<\/script>\n<!-- \/ Yoast SEO plugin. -->","yoast_head_json":{"title":"VAN GRAAF Schweiz - Nachhaltigkeit - Umwelt","description":"VAN GRAAF arbeitet daran, den eigenen \u00f6kologischen Fussabdruck zu reduzieren.","robots":{"index":"index","follow":"follow","max-snippet":"max-snippet:-1","max-image-preview":"max-image-preview:large","max-video-preview":"max-video-preview:-1"},"canonical":"https:\/\/www.vangraaf.com\/ch\/unternehmen\/nachhaltigkeit\/umwelt\/","og_locale":"de_DE","og_type":"article","og_title":"VAN GRAAF Schweiz - Nachhaltigkeit - Umwelt","og_description":"VAN GRAAF arbeitet daran, den eigenen \u00f6kologischen Fussabdruck zu reduzieren.","og_url":"https:\/\/www.vangraaf.com\/ch\/unternehmen\/nachhaltigkeit\/umwelt\/","og_site_name":"VAN GRAAF Schweiz","article_modified_time":"2024-03-27T16:53:47+00:00","twitter_card":"summary_large_image","twitter_misc":{"Est. reading time":"3\u00a0Minuten"},"schema":{"@context":"https:\/\/schema.org","@graph":[{"@type":"WebPage","@id":"https:\/\/www.vangraaf.com\/ch\/unternehmen\/nachhaltigkeit\/umwelt\/","url":"https:\/\/www.vangraaf.com\/ch\/unternehmen\/nachhaltigkeit\/umwelt\/","name":"VAN GRAAF Schweiz - Nachhaltigkeit - Umwelt","isPartOf":{"@id":"https:\/\/www.vangraaf.com\/ch\/#website"},"datePublished":"2021-04-28T15:34:43+00:00","dateModified":"2024-03-27T16:53:47+00:00","description":"VAN GRAAF arbeitet daran, den eigenen \u00f6kologischen Fussabdruck zu reduzieren.","breadcrumb":{"@id":"https:\/\/www.vangraaf.com\/ch\/unternehmen\/nachhaltigkeit\/umwelt\/#breadcrumb"},"inLanguage":"de-CH","potentialAction":[{"@type":"ReadAction","target":["https:\/\/www.vangraaf.com\/ch\/unternehmen\/nachhaltigkeit\/umwelt\/"]}]},{"@type":"BreadcrumbList","@id":"https:\/\/www.vangraaf.com\/ch\/unternehmen\/nachhaltigkeit\/umwelt\/#breadcrumb","itemListElement":[{"@type":"ListItem","position":1,"name":"Home","item":"https:\/\/www.vangraaf.com\/ch\/"},{"@type":"ListItem","position":2,"name":"Unternehmen","item":"https:\/\/www.vangraaf.com\/ch\/unternehmen\/"},{"@type":"ListItem","position":3,"name":"Nachhaltigkeit","item":"https:\/\/www.vangraaf.com\/ch\/unternehmen\/nachhaltigkeit\/"},{"@type":"ListItem","position":4,"name":"Umwelt"}]},{"@type":"WebSite","@id":"https:\/\/www.vangraaf.com\/ch\/#website","url":"https:\/\/www.vangraaf.com\/ch\/","name":"VAN GRAAF","description":"VAN GRAAF","potentialAction":[{"@type":"SearchAction","target":{"@type":"EntryPoint","urlTemplate":"https:\/\/www.vangraaf.com\/ch\/?s={search_term_string}"},"query-input":{"@type":"PropertyValueSpecification","valueRequired":true,"valueName":"search_term_string"}}],"inLanguage":"de-CH"}]}},"_links":{"self":[{"href":"https:\/\/www.vangraaf.com\/ch\/wp-json\/wp\/v2\/pages\/6106","targetHints":{"allow":["GET"]}}],"collection":[{"href":"https:\/\/www.vangraaf.com\/ch\/wp-json\/wp\/v2\/pages"}],"about":[{"href":"https:\/\/www.vangraaf.com\/ch\/wp-json\/wp\/v2\/types\/page"}],"author":[{"embeddable":true,"href":"https:\/\/www.vangraaf.com\/ch\/wp-json\/wp\/v2\/users\/6"}],"replies":[{"embeddable":true,"href":"https:\/\/www.vangraaf.com\/ch\/wp-json\/wp\/v2\/comments?post=6106"}],"version-history":[{"count":24,"href":"https:\/\/www.vangraaf.com\/ch\/wp-json\/wp\/v2\/pages\/6106\/revisions"}],"predecessor-version":[{"id":7729,"href":"https:\/\/www.vangraaf.com\/ch\/wp-json\/wp\/v2\/pages\/6106\/revisions\/7729"}],"up":[{"embeddable":true,"href":"https:\/\/www.vangraaf.com\/ch\/wp-json\/wp\/v2\/pages\/6058"}],"wp:attachment":[{"href":"https:\/\/www.vangraaf.com\/ch\/wp-json\/wp\/v2\/media?parent=6106"}],"curies":[{"name":"wp","href":"https:\/\/api.w.org\/{rel}","templated":true}]}}