{"id":6088,"date":"2021-04-28T16:44:41","date_gmt":"2021-04-28T14:44:41","guid":{"rendered":"https:\/\/www.vangraaf.com\/ch\/?page_id=6088"},"modified":"2023-04-21T15:19:55","modified_gmt":"2023-04-21T13:19:55","slug":"strategie","status":"publish","type":"page","link":"https:\/\/www.vangraaf.com\/ch\/unternehmen\/nachhaltigkeit\/strategie\/","title":{"rendered":"Strategie"},"content":{"rendered":"<div class=\"wpb-content-wrapper\">[vc_row bwd_tbc4vd_show_weekday=&#187;&#187; full_width=&#187;stretch_row_content_no_spaces&#187;][vc_column]<div class=\"keyvisual\" data-aos=\"fade-up\" ><img loading=\"lazy\" decoding=\"async\" width=\"1440\" height=\"480\" src=\"https:\/\/www.vangraaf.com\/ch\/wp-content\/uploads\/sites\/6\/2020\/02\/Banner_Strategie.jpg\" class=\"vc_single_image-img\" alt=\"\" srcset=\"https:\/\/www.vangraaf.com\/ch\/wp-content\/uploads\/sites\/6\/2020\/02\/Banner_Strategie.jpg 1440w, https:\/\/www.vangraaf.com\/ch\/wp-content\/uploads\/sites\/6\/2020\/02\/Banner_Strategie-300x100.jpg 300w, https:\/\/www.vangraaf.com\/ch\/wp-content\/uploads\/sites\/6\/2020\/02\/Banner_Strategie-1024x341.jpg 1024w, https:\/\/www.vangraaf.com\/ch\/wp-content\/uploads\/sites\/6\/2020\/02\/Banner_Strategie-768x256.jpg 768w, https:\/\/www.vangraaf.com\/ch\/wp-content\/uploads\/sites\/6\/2020\/02\/Banner_Strategie-1200x400.jpg 1200w, https:\/\/www.vangraaf.com\/ch\/wp-content\/uploads\/sites\/6\/2020\/02\/Banner_Strategie-992x331.jpg 992w, https:\/\/www.vangraaf.com\/ch\/wp-content\/uploads\/sites\/6\/2020\/02\/Banner_Strategie-480x160.jpg 480w\" sizes=\"(max-width: 1440px) 100vw, 1440px\" \/><\/div>\n        <div class=\"headlines headlines--center\" data-aos=\"fade-up\">\n            <div class=\"vc_row\">\n                <div class=\"vc_col-md-10 vc_col-md-offset-1 vc_col-lg-10 vc_col-lg-offset-1\"><span class=\"h6\">Unsere Strategie<\/span><h1 class=\"h2\">Gemeinsam handeln. Mehr bewirken.<\/h1><\/div>\n            <\/div>\n        <\/div>[vc_column_text]VAN GRAAF lebt Nachhaltigkeit mit jeder Faser und bei vielen Entscheidungen, die wir in unseren Teams f\u00e4llen.\r\n<ul>\r\n \t<li>Wir legen Wert auf h\u00f6chste Qualit\u00e4t. Sie garantiert die Langlebigkeit unserer Kleidungst\u00fccke. So tragen wir dazu bei, weniger Energie und Wasser zu verbrauchen.<\/li>\r\n \t<li>Wir setzen verst\u00e4rkt und immer mehr nachhaltige Rohstoffe ein.<\/li>\r\n \t<li>Wir beeinflussen die Arbeitsbedingungen vor Ort in unseren Produktionsst\u00e4tten und in der gesamten Wertsch\u00f6pfungskette positiv und sorgen f\u00fcr mehr soziale Gerechtigkeit.<\/li>\r\n \t<li>Bei der Verwendung tierischer Fasern wie Wolle oder Kaschmir setzen wir uns f\u00fcr eine schonende <span class=\"nobr\">Tierhaargewinnung ein.<\/span><\/li>\r\n \t<li>Wir stellen sicher, dass unsere hochwertigen Textilien keine Schadstoffe enthalten und alle strengen gesetzlichen Anforderungen einhalten.<\/li>\r\n \t<li>Wir wollen den CO<sub>2<\/sub>-Fussabdruck all unserer Aktivit\u00e4ten reduzieren \u2013 angefangen von der Herstellung unserer Kleidungsst\u00fccke bis hin zu dem Moment, in dem unsere Kundinnen und Kunden die Kleidung in ihren Warenkorb oder in die Einkaufstasche legen.<\/li>\r\n \t<li>Wir bieten Tragetaschen aus FSC-zertifiziertem Recyclingpapier an.<\/li>\r\n<\/ul>\r\nBei allem sind wir nicht perfekt. Und wir lernen jeden Tag dazu. Denn Nachhaltigkeit ist ein lebenslanges Thema. Mit Engagement und Wertsch\u00e4tzung f\u00fcreinander und f\u00fcr die Umwelt, in der wir leben und die wir miteinander teilen, wollen wir nachhaltigen Wandel bewirken. Wir wissen, dass wir diese Herausforderung jeden Tag neu annehmen und noch besser erf\u00fcllen m\u00fcssen.[\/vc_column_text][\/vc_column][\/vc_row][vc_row][vc_column][vc_column_text]\r\n<p style=\"text-align: center\"><strong>Modebewusst denken. Verantwortungsbewusst sein.<\/strong><\/p>\r\nWir haben nur eine Erde. Eine Umwelt. Und eine Zukunft. Mit ihnen m\u00fcssen wir so achtsam wie m\u00f6glich umgehen.\r\n\r\nVAN GRAAF hat es sich zum Ziel gesetzt, Modebewusstsein mit Verantwortung zu verbinden. Unsere qualitativ hochwertigen <a href=\"https:\/\/www.vangraaf.com\/ch\/unternehmen\/nachhaltigkeit\/produkte\/\"><u>Produkte<\/u><\/a> sollen f\u00fcr einen fairen Umgang mit Mensch, Tier und Umwelt stehen und diese bestm\u00f6glich sch\u00fctzen.\r\n\r\nHinter diesem Engagement f\u00fcr mehr Nachhaltigkeit steht das gesamte Unternehmen. Gemeinsam entwickeln wir immer wieder Massnahmen, um neue Impulse zu setzen, die f\u00fcr Umwelt und Gesellschaft einen echten Unterschied machen k\u00f6nnen.[\/vc_column_text][\/vc_column][\/vc_row][vc_row bwd_tbc4vd_show_weekday=&#187;&#187; disable_element=&#187;yes&#187;][vc_column width=&#187;1\/5&#8243;][\/vc_column][vc_column width=&#187;1\/5&#8243;]<div class=\"vg-element cta-teaser cta-teaser--center\" data-aos=\"fade-up\"><div class=\"cta-teaser__image\"><a class=\"\" href=\"https:\/\/www.vangraaf.com\/ch\/unternehmen\/nachhaltigkeit\/produkte\/\" target=\"_self\" rel=\"\" style=\"\"><img loading=\"lazy\" decoding=\"async\" width=\"400\" height=\"400\" src=\"https:\/\/www.vangraaf.com\/ch\/wp-content\/uploads\/sites\/6\/2020\/02\/UnsereProdukte_Teaser.jpg\" class=\"vc_single_image-img attachment-full\" alt=\"Ein Stapel gefalteter Jeans in verschiedenen Blaut\u00f6nen wird von einer Person in weissem Strickpullover gehalten.\" title=\"UnsereProdukte_Teaser\" srcset=\"https:\/\/www.vangraaf.com\/ch\/wp-content\/uploads\/sites\/6\/2020\/02\/UnsereProdukte_Teaser.jpg 400w, https:\/\/www.vangraaf.com\/ch\/wp-content\/uploads\/sites\/6\/2020\/02\/UnsereProdukte_Teaser-300x300.jpg 300w, https:\/\/www.vangraaf.com\/ch\/wp-content\/uploads\/sites\/6\/2020\/02\/UnsereProdukte_Teaser-150x150.jpg 150w, https:\/\/www.vangraaf.com\/ch\/wp-content\/uploads\/sites\/6\/2020\/02\/UnsereProdukte_Teaser-280x280.jpg 280w\" sizes=\"(max-width: 400px) 100vw, 400px\" \/><\/a><\/div><div class=\"cta-teaser__text\"><a class=\"button\" href=\"https:\/\/www.vangraaf.com\/ch\/unternehmen\/nachhaltigkeit\/produkte\/\" target=\"_self\" rel=\"\" style=\"\">Produkte<\/a><\/div><\/div>[\/vc_column][vc_column width=&#187;1\/5&#8243;]<div class=\"vg-element cta-teaser cta-teaser--center\" data-aos=\"fade-up\"><div class=\"cta-teaser__image\"><a class=\"\" href=\"https:\/\/www.vangraaf.com\/ch\/unternehmen\/nachhaltigkeit\/umwelt\/\" target=\"_self\" rel=\"\" style=\"\"><img loading=\"lazy\" decoding=\"async\" width=\"400\" height=\"400\" src=\"https:\/\/www.vangraaf.com\/ch\/wp-content\/uploads\/sites\/6\/2020\/02\/Imageteaser_Umwelt.jpg\" class=\"vc_single_image-img attachment-full\" alt=\"\" title=\"Imageteaser_Umwelt\" srcset=\"https:\/\/www.vangraaf.com\/ch\/wp-content\/uploads\/sites\/6\/2020\/02\/Imageteaser_Umwelt.jpg 400w, https:\/\/www.vangraaf.com\/ch\/wp-content\/uploads\/sites\/6\/2020\/02\/Imageteaser_Umwelt-300x300.jpg 300w, https:\/\/www.vangraaf.com\/ch\/wp-content\/uploads\/sites\/6\/2020\/02\/Imageteaser_Umwelt-150x150.jpg 150w\" sizes=\"(max-width: 400px) 100vw, 400px\" \/><\/a><\/div><div class=\"cta-teaser__text\"><a class=\"button\" href=\"https:\/\/www.vangraaf.com\/ch\/unternehmen\/nachhaltigkeit\/umwelt\/\" target=\"_self\" rel=\"\" style=\"\">Umwelt<\/a><\/div><\/div>[\/vc_column][vc_column width=&#187;1\/5&#8243;]<div class=\"vg-element cta-teaser cta-teaser--center\" data-aos=\"fade-up\"><div class=\"cta-teaser__image\"><a class=\"\" href=\"https:\/\/www.vangraaf.com\/ch\/unternehmen\/nachhaltigkeit\/mensch\/\" target=\"_self\" rel=\"\" style=\"\"><img loading=\"lazy\" decoding=\"async\" width=\"300\" height=\"300\" src=\"https:\/\/www.vangraaf.com\/ch\/wp-content\/uploads\/sites\/6\/2022\/04\/Mensch.jpg\" class=\"vc_single_image-img attachment-full\" alt=\"\" title=\"Mensch\" srcset=\"https:\/\/www.vangraaf.com\/ch\/wp-content\/uploads\/sites\/6\/2022\/04\/Mensch.jpg 300w, https:\/\/www.vangraaf.com\/ch\/wp-content\/uploads\/sites\/6\/2022\/04\/Mensch-150x150.jpg 150w, https:\/\/www.vangraaf.com\/ch\/wp-content\/uploads\/sites\/6\/2022\/04\/Mensch-280x280.jpg 280w\" sizes=\"(max-width: 300px) 100vw, 300px\" \/><\/a><\/div><div class=\"cta-teaser__text\"><a class=\"button\" href=\"https:\/\/www.vangraaf.com\/ch\/unternehmen\/nachhaltigkeit\/mensch\/\" target=\"_self\" rel=\"\" style=\"\">Mensch<\/a><\/div><\/div>[\/vc_column][vc_column width=&#187;1\/5&#8243;][\/vc_column][\/vc_row][vc_row bwd_tbc4vd_show_weekday=&#187;&#187; full_width=&#187;stretch_row_content_no_spaces&#187;][vc_column][vc_row_inner bwd_tbc4vd_show_weekday=&#187;&#187; row_design=&#187;row_square_background&#187;][vc_column_inner width=&#187;1\/3&#8243;]<div class=\"vg-element cta-teaser cta-teaser--center\" data-aos=\"fade-up\"><div class=\"cta-teaser__image\"><a class=\"\" href=\"https:\/\/www.vangraaf.com\/ch\/unternehmen\/nachhaltigkeit\/produkte\/\" target=\"_self\" rel=\"\" style=\"\"><img loading=\"lazy\" decoding=\"async\" width=\"378\" height=\"252\" src=\"https:\/\/www.vangraaf.com\/ch\/wp-content\/uploads\/sites\/6\/2023\/04\/UnsereProdukte_CTA_teaser_Seitenabschluss.jpg\" class=\"vc_single_image-img attachment-full\" alt=\"Person h\u00e4lt einen Stapel gefalteter Jeans.\" title=\"UnsereProdukte_CTA_teaser_Seitenabschluss\" srcset=\"https:\/\/www.vangraaf.com\/ch\/wp-content\/uploads\/sites\/6\/2023\/04\/UnsereProdukte_CTA_teaser_Seitenabschluss.jpg 378w, https:\/\/www.vangraaf.com\/ch\/wp-content\/uploads\/sites\/6\/2023\/04\/UnsereProdukte_CTA_teaser_Seitenabschluss-300x200.jpg 300w\" sizes=\"(max-width: 378px) 100vw, 378px\" \/><\/a><\/div><div class=\"cta-teaser__text\"><h3>Produkte<\/h3><p>Wir achten darauf, dass die Produkte unserer Topmarken und unsere eigenen VAN GRAAF Marken unseren Anspruch an Nachhaltigkeit erf\u00fcllen.<\/p><a class=\"button\" href=\"https:\/\/www.vangraaf.com\/ch\/unternehmen\/nachhaltigkeit\/produkte\/\" target=\"_self\" rel=\"\" style=\"\">Mehr erfahren<\/a><\/div><\/div>[\/vc_column_inner][vc_column_inner width=&#187;1\/3&#8243;]<div class=\"vg-element cta-teaser cta-teaser--center\" data-aos=\"fade-up\"><div class=\"cta-teaser__image\"><a class=\"\" href=\"https:\/\/www.vangraaf.com\/ch\/unternehmen\/nachhaltigkeit\/umwelt\/\" target=\"_self\" rel=\"\" style=\"\"><img loading=\"lazy\" decoding=\"async\" width=\"378\" height=\"252\" src=\"https:\/\/www.vangraaf.com\/ch\/wp-content\/uploads\/sites\/6\/2022\/08\/Umwelt.jpg\" class=\"vc_single_image-img attachment-full\" alt=\"\" title=\"Umwelt\" srcset=\"https:\/\/www.vangraaf.com\/ch\/wp-content\/uploads\/sites\/6\/2022\/08\/Umwelt.jpg 378w, https:\/\/www.vangraaf.com\/ch\/wp-content\/uploads\/sites\/6\/2022\/08\/Umwelt-300x200.jpg 300w\" sizes=\"(max-width: 378px) 100vw, 378px\" \/><\/a><\/div><div class=\"cta-teaser__text\"><h3>Umwelt<\/h3><p>Wir alle sind Teil der Natur und beeinflusst durch das Klima unseres Planeten. Wir achten, was uns wichtig ist \u2013 mit unseren Anstrengungen f\u00fcr mehr Umweltschutz.<\/p><a class=\"button\" href=\"https:\/\/www.vangraaf.com\/ch\/unternehmen\/nachhaltigkeit\/umwelt\/\" target=\"_self\" rel=\"\" style=\"\">Mehr erfahren<\/a><\/div><\/div>[\/vc_column_inner][vc_column_inner width=&#187;1\/3&#8243;]<div class=\"vg-element cta-teaser cta-teaser--center\" data-aos=\"fade-up\"><div class=\"cta-teaser__image\"><a class=\"\" href=\"https:\/\/www.vangraaf.com\/ch\/unternehmen\/nachhaltigkeit\/mensch\/\" target=\"_self\" rel=\"\" style=\"\"><img loading=\"lazy\" decoding=\"async\" width=\"378\" height=\"252\" src=\"https:\/\/www.vangraaf.com\/ch\/wp-content\/uploads\/sites\/6\/2022\/08\/Mensch.jpg\" class=\"vc_single_image-img attachment-full\" alt=\"\" title=\"Mensch\" srcset=\"https:\/\/www.vangraaf.com\/ch\/wp-content\/uploads\/sites\/6\/2022\/08\/Mensch.jpg 378w, https:\/\/www.vangraaf.com\/ch\/wp-content\/uploads\/sites\/6\/2022\/08\/Mensch-300x200.jpg 300w\" sizes=\"(max-width: 378px) 100vw, 378px\" \/><\/a><\/div><div class=\"cta-teaser__text\"><h3>Mensch<\/h3><p>Als traditionsreiches und global agierendes Unternehmen wissen wir, wie wichtig ethisches Handeln ist und sind uns unserer Verantwortung bewusst.<\/p><a class=\"button\" href=\"https:\/\/www.vangraaf.com\/ch\/unternehmen\/nachhaltigkeit\/mensch\/\" target=\"_self\" rel=\"\" style=\"\">Mensch<\/a><\/div><\/div>[\/vc_column_inner][\/vc_row_inner][\/vc_column][\/vc_row]<\/div>","protected":false},"excerpt":{"rendered":"[vc_row bwd_tbc4vd_show_weekday=&#187;&#187; full_width=&#187;stretch_row_content_no_spaces&#187;][vc_column][vc_column_text]VAN GRAAF lebt Nachhaltigkeit mit jeder Faser und bei vielen Entscheidungen, die wir in unseren Teams f\u00e4llen. Wir legen Wert auf h\u00f6chste Qualit\u00e4t. Sie garantiert die Langlebigkeit unserer Kleidungst\u00fccke. So tragen wir dazu bei, weniger Energie und Wasser zu verbrauchen. Wir setzen verst\u00e4rkt und immer mehr nachhaltige Rohstoffe ein. Wir beeinflussen die Arbeitsbedingungen [&hellip;]","protected":false},"author":3,"featured_media":0,"parent":6058,"menu_order":0,"comment_status":"closed","ping_status":"closed","template":"","meta":{"_acf_changed":false,"inline_featured_image":false,"footnotes":""},"class_list":["post-6088","page","type-page","status-publish","hentry"],"acf":[],"yoast_head":"<!-- This site is optimized with the Yoast SEO plugin v27.2 - https:\/\/yoast.com\/product\/yoast-seo-wordpress\/ -->\n<title>VAN GRAAF Schweiz - Nachhaltigkeit - Nachhaltigkeit Strategie<\/title>\n<meta name=\"description\" content=\"VAN GRAAF lebt Nachhaltigkeit mit jeder Faser und bei vielen Entscheidungen, die wir in unseren Teams f\u00e4llen.\" \/>\n<meta name=\"robots\" content=\"index, follow, max-snippet:-1, max-image-preview:large, max-video-preview:-1\" \/>\n<link rel=\"canonical\" href=\"https:\/\/www.vangraaf.com\/ch\/unternehmen\/nachhaltigkeit\/strategie\/\" \/>\n<meta property=\"og:locale\" content=\"de_DE\" \/>\n<meta property=\"og:type\" content=\"article\" \/>\n<meta property=\"og:title\" content=\"VAN GRAAF Schweiz - Nachhaltigkeit - Nachhaltigkeit Strategie\" \/>\n<meta property=\"og:description\" content=\"VAN GRAAF lebt Nachhaltigkeit mit jeder Faser und bei vielen Entscheidungen, die wir in unseren Teams f\u00e4llen.\" \/>\n<meta property=\"og:url\" content=\"https:\/\/www.vangraaf.com\/ch\/unternehmen\/nachhaltigkeit\/strategie\/\" \/>\n<meta property=\"og:site_name\" content=\"VAN GRAAF Schweiz\" \/>\n<meta property=\"article:modified_time\" content=\"2023-04-21T13:19:55+00:00\" \/>\n<meta name=\"twitter:card\" content=\"summary_large_image\" \/>\n<meta name=\"twitter:label1\" content=\"Est. reading time\" \/>\n\t<meta name=\"twitter:data1\" content=\"3\u00a0Minuten\" \/>\n<script type=\"application\/ld+json\" class=\"yoast-schema-graph\">{\"@context\":\"https:\/\/schema.org\",\"@graph\":[{\"@type\":\"WebPage\",\"@id\":\"https:\/\/www.vangraaf.com\/ch\/unternehmen\/nachhaltigkeit\/strategie\/\",\"url\":\"https:\/\/www.vangraaf.com\/ch\/unternehmen\/nachhaltigkeit\/strategie\/\",\"name\":\"VAN GRAAF Schweiz - Nachhaltigkeit - Nachhaltigkeit Strategie\",\"isPartOf\":{\"@id\":\"https:\/\/www.vangraaf.com\/ch\/#website\"},\"datePublished\":\"2021-04-28T14:44:41+00:00\",\"dateModified\":\"2023-04-21T13:19:55+00:00\",\"description\":\"VAN GRAAF lebt Nachhaltigkeit mit jeder Faser und bei vielen Entscheidungen, die wir in unseren Teams f\u00e4llen.\",\"breadcrumb\":{\"@id\":\"https:\/\/www.vangraaf.com\/ch\/unternehmen\/nachhaltigkeit\/strategie\/#breadcrumb\"},\"inLanguage\":\"de-CH\",\"potentialAction\":[{\"@type\":\"ReadAction\",\"target\":[\"https:\/\/www.vangraaf.com\/ch\/unternehmen\/nachhaltigkeit\/strategie\/\"]}]},{\"@type\":\"BreadcrumbList\",\"@id\":\"https:\/\/www.vangraaf.com\/ch\/unternehmen\/nachhaltigkeit\/strategie\/#breadcrumb\",\"itemListElement\":[{\"@type\":\"ListItem\",\"position\":1,\"name\":\"Home\",\"item\":\"https:\/\/www.vangraaf.com\/ch\/\"},{\"@type\":\"ListItem\",\"position\":2,\"name\":\"Unternehmen\",\"item\":\"https:\/\/www.vangraaf.com\/ch\/unternehmen\/\"},{\"@type\":\"ListItem\",\"position\":3,\"name\":\"Nachhaltigkeit\",\"item\":\"https:\/\/www.vangraaf.com\/ch\/unternehmen\/nachhaltigkeit\/\"},{\"@type\":\"ListItem\",\"position\":4,\"name\":\"Strategie\"}]},{\"@type\":\"WebSite\",\"@id\":\"https:\/\/www.vangraaf.com\/ch\/#website\",\"url\":\"https:\/\/www.vangraaf.com\/ch\/\",\"name\":\"VAN GRAAF\",\"description\":\"VAN GRAAF\",\"potentialAction\":[{\"@type\":\"SearchAction\",\"target\":{\"@type\":\"EntryPoint\",\"urlTemplate\":\"https:\/\/www.vangraaf.com\/ch\/?s={search_term_string}\"},\"query-input\":{\"@type\":\"PropertyValueSpecification\",\"valueRequired\":true,\"valueName\":\"search_term_string\"}}],\"inLanguage\":\"de-CH\"}]}<\/script>\n<!-- \/ Yoast SEO plugin. -->","yoast_head_json":{"title":"VAN GRAAF Schweiz - Nachhaltigkeit - Nachhaltigkeit Strategie","description":"VAN GRAAF lebt Nachhaltigkeit mit jeder Faser und bei vielen Entscheidungen, die wir in unseren Teams f\u00e4llen.","robots":{"index":"index","follow":"follow","max-snippet":"max-snippet:-1","max-image-preview":"max-image-preview:large","max-video-preview":"max-video-preview:-1"},"canonical":"https:\/\/www.vangraaf.com\/ch\/unternehmen\/nachhaltigkeit\/strategie\/","og_locale":"de_DE","og_type":"article","og_title":"VAN GRAAF Schweiz - Nachhaltigkeit - Nachhaltigkeit Strategie","og_description":"VAN GRAAF lebt Nachhaltigkeit mit jeder Faser und bei vielen Entscheidungen, die wir in unseren Teams f\u00e4llen.","og_url":"https:\/\/www.vangraaf.com\/ch\/unternehmen\/nachhaltigkeit\/strategie\/","og_site_name":"VAN GRAAF Schweiz","article_modified_time":"2023-04-21T13:19:55+00:00","twitter_card":"summary_large_image","twitter_misc":{"Est. reading time":"3\u00a0Minuten"},"schema":{"@context":"https:\/\/schema.org","@graph":[{"@type":"WebPage","@id":"https:\/\/www.vangraaf.com\/ch\/unternehmen\/nachhaltigkeit\/strategie\/","url":"https:\/\/www.vangraaf.com\/ch\/unternehmen\/nachhaltigkeit\/strategie\/","name":"VAN GRAAF Schweiz - Nachhaltigkeit - Nachhaltigkeit Strategie","isPartOf":{"@id":"https:\/\/www.vangraaf.com\/ch\/#website"},"datePublished":"2021-04-28T14:44:41+00:00","dateModified":"2023-04-21T13:19:55+00:00","description":"VAN GRAAF lebt Nachhaltigkeit mit jeder Faser und bei vielen Entscheidungen, die wir in unseren Teams f\u00e4llen.","breadcrumb":{"@id":"https:\/\/www.vangraaf.com\/ch\/unternehmen\/nachhaltigkeit\/strategie\/#breadcrumb"},"inLanguage":"de-CH","potentialAction":[{"@type":"ReadAction","target":["https:\/\/www.vangraaf.com\/ch\/unternehmen\/nachhaltigkeit\/strategie\/"]}]},{"@type":"BreadcrumbList","@id":"https:\/\/www.vangraaf.com\/ch\/unternehmen\/nachhaltigkeit\/strategie\/#breadcrumb","itemListElement":[{"@type":"ListItem","position":1,"name":"Home","item":"https:\/\/www.vangraaf.com\/ch\/"},{"@type":"ListItem","position":2,"name":"Unternehmen","item":"https:\/\/www.vangraaf.com\/ch\/unternehmen\/"},{"@type":"ListItem","position":3,"name":"Nachhaltigkeit","item":"https:\/\/www.vangraaf.com\/ch\/unternehmen\/nachhaltigkeit\/"},{"@type":"ListItem","position":4,"name":"Strategie"}]},{"@type":"WebSite","@id":"https:\/\/www.vangraaf.com\/ch\/#website","url":"https:\/\/www.vangraaf.com\/ch\/","name":"VAN GRAAF","description":"VAN GRAAF","potentialAction":[{"@type":"SearchAction","target":{"@type":"EntryPoint","urlTemplate":"https:\/\/www.vangraaf.com\/ch\/?s={search_term_string}"},"query-input":{"@type":"PropertyValueSpecification","valueRequired":true,"valueName":"search_term_string"}}],"inLanguage":"de-CH"}]}},"_links":{"self":[{"href":"https:\/\/www.vangraaf.com\/ch\/wp-json\/wp\/v2\/pages\/6088","targetHints":{"allow":["GET"]}}],"collection":[{"href":"https:\/\/www.vangraaf.com\/ch\/wp-json\/wp\/v2\/pages"}],"about":[{"href":"https:\/\/www.vangraaf.com\/ch\/wp-json\/wp\/v2\/types\/page"}],"author":[{"embeddable":true,"href":"https:\/\/www.vangraaf.com\/ch\/wp-json\/wp\/v2\/users\/3"}],"replies":[{"embeddable":true,"href":"https:\/\/www.vangraaf.com\/ch\/wp-json\/wp\/v2\/comments?post=6088"}],"version-history":[{"count":21,"href":"https:\/\/www.vangraaf.com\/ch\/wp-json\/wp\/v2\/pages\/6088\/revisions"}],"predecessor-version":[{"id":7525,"href":"https:\/\/www.vangraaf.com\/ch\/wp-json\/wp\/v2\/pages\/6088\/revisions\/7525"}],"up":[{"embeddable":true,"href":"https:\/\/www.vangraaf.com\/ch\/wp-json\/wp\/v2\/pages\/6058"}],"wp:attachment":[{"href":"https:\/\/www.vangraaf.com\/ch\/wp-json\/wp\/v2\/media?parent=6088"}],"curies":[{"name":"wp","href":"https:\/\/api.w.org\/{rel}","templated":true}]}}