{"id":5621,"date":"2020-12-14T13:20:40","date_gmt":"2020-12-14T12:20:40","guid":{"rendered":"https:\/\/www.vangraaf.com\/ch\/?page_id=5621"},"modified":"2021-06-08T10:29:04","modified_gmt":"2021-06-08T08:29:04","slug":"architektur","status":"publish","type":"page","link":"https:\/\/www.vangraaf.com\/ch\/unternehmen\/unternehmensgruppe\/architektur\/","title":{"rendered":"Architektur"},"content":{"rendered":"<div class=\"wpb-content-wrapper\">[vc_row bwd_tbc4vd_show_weekday=&#187;&#187; full_width=&#187;stretch_row_content_no_spaces&#187;][vc_column]<div class=\"keyvisual\" data-aos=\"fade-up\" ><img loading=\"lazy\" decoding=\"async\" width=\"1440\" height=\"480\" src=\"https:\/\/www.vangraaf.com\/ch\/wp-content\/uploads\/sites\/6\/2020\/02\/Unternehmen_Architektur_Banner_VG_WP.jpg\" class=\"vc_single_image-img\" alt=\"\" srcset=\"https:\/\/www.vangraaf.com\/ch\/wp-content\/uploads\/sites\/6\/2020\/02\/Unternehmen_Architektur_Banner_VG_WP.jpg 1440w, https:\/\/www.vangraaf.com\/ch\/wp-content\/uploads\/sites\/6\/2020\/02\/Unternehmen_Architektur_Banner_VG_WP-300x100.jpg 300w, https:\/\/www.vangraaf.com\/ch\/wp-content\/uploads\/sites\/6\/2020\/02\/Unternehmen_Architektur_Banner_VG_WP-1024x341.jpg 1024w, https:\/\/www.vangraaf.com\/ch\/wp-content\/uploads\/sites\/6\/2020\/02\/Unternehmen_Architektur_Banner_VG_WP-768x256.jpg 768w, https:\/\/www.vangraaf.com\/ch\/wp-content\/uploads\/sites\/6\/2020\/02\/Unternehmen_Architektur_Banner_VG_WP-1200x400.jpg 1200w, https:\/\/www.vangraaf.com\/ch\/wp-content\/uploads\/sites\/6\/2020\/02\/Unternehmen_Architektur_Banner_VG_WP-992x331.jpg 992w, https:\/\/www.vangraaf.com\/ch\/wp-content\/uploads\/sites\/6\/2020\/02\/Unternehmen_Architektur_Banner_VG_WP-480x160.jpg 480w\" sizes=\"(max-width: 1440px) 100vw, 1440px\" \/><\/div>\n        <div class=\"headlines headlines--center\" data-aos=\"fade-up\">\n            <div class=\"vc_row\">\n                <div class=\"vc_col-md-10 vc_col-md-offset-1 vc_col-lg-10 vc_col-lg-offset-1\"><span class=\"h6\">Architektur<\/span><h1 class=\"h2\">Willkommen &amp; wohlf\u00fchlen<\/h1><\/div>\n            <\/div>\n        <\/div>[vc_column_text]\r\n<p style=\"text-align: center\">Wir bieten unseren Kundinnen und Kunden viele Wege zum einzigartigen Shopping-Erlebnis. Besonders sp\u00fcrbar ist das besondere Einkaufserlebnis vor Ort in unseren Filialen, wo unsere Leidenschaft f\u00fcr Mode und Menschen mit allen Sinnen erlebbar wird. Den ersten Eindruck pr\u00e4gt schon von weitem die Architektur unserer H\u00e4user, auf deren Gestaltung wir h\u00f6chsten Wert legen. Ebenso wie auf die einladende, stilvolle Atmosph\u00e4re im Inneren der Verkaufsr\u00e4ume. Mit individueller Beratung, inspirierenden Outfit-Ideen und pers\u00f6nlichem Service begleiten wir unsere Kunden auf ihrer modischen Entdeckungsreise, bei der sie sich rundum wohlf\u00fchlen sollen.<\/p>\r\n[\/vc_column_text][\/vc_column][\/vc_row][vc_row][vc_column]<div class=\"vice-versa-teaser vice-versa-teaser--dark\" style=\"--season-color: #ededed\" data-aos=\"fade-up\"><div class=\"vice-versa-teaser__inner\">\n                        <div class=\"content_wrap\"><div class=\"vg-element vice-versa-teaser__item vice-versa-teaser__item--left\"><div class=\"vc_row vc_row-flex\"><div class=\"vc_col-xs-12 vc_col-sm-6\"><div class=\"vice-versa-teaser__item__image-wrap\"><img loading=\"lazy\" decoding=\"async\" width=\"555\" height=\"735\" src=\"https:\/\/www.vangraaf.com\/ch\/wp-content\/uploads\/sites\/6\/2020\/02\/Unternehmen_Architektur_Prag_aussen_WP.jpg\" class=\"attachment-van-graaf-vice-versa-teaser size-van-graaf-vice-versa-teaser\" alt=\"\" srcset=\"https:\/\/www.vangraaf.com\/ch\/wp-content\/uploads\/sites\/6\/2020\/02\/Unternehmen_Architektur_Prag_aussen_WP.jpg 555w, https:\/\/www.vangraaf.com\/ch\/wp-content\/uploads\/sites\/6\/2020\/02\/Unternehmen_Architektur_Prag_aussen_WP-227x300.jpg 227w, https:\/\/www.vangraaf.com\/ch\/wp-content\/uploads\/sites\/6\/2020\/02\/Unternehmen_Architektur_Prag_aussen_WP-480x636.jpg 480w\" sizes=\"(max-width: 555px) 100vw, 555px\" \/><\/div><\/div><div class=\"vice-versa-teaser__item__content-wrap vc_col-xs-12 vc_col-sm-6 vc_col-md-4 vc_col-md-offset-1\"><div class=\"vice-versa-teaser__item__content\"><p>Unsere H\u00e4user sind unsere Visitenkarte. \u00dcber architektonische Leitprinzipien, die in der Corporate Identity von VAN GRAAF festgelegt sind, pr\u00e4sentieren sich alle Gesch\u00e4ftsh\u00e4user der Unternehmensgruppe nach einheitlichen visuellen Grunds\u00e4tzen. Angefangen bei den charakteristischen Fassaden, die schon aus der Ferne erkennbar sind, bis hin zu wiederkehrenden Raumprogrammen und baulichen Elementen im Inneren. <\/p><\/div><\/div><\/div><\/div><div class=\"vg-element vice-versa-teaser__item vice-versa-teaser__item--right\"><div class=\"vc_row vc_row-flex\"><div class=\"vc_col-xs-12 vc_col-sm-6 vc_col-sm-push-6\"><div class=\"vice-versa-teaser__item__image-wrap\"><img loading=\"lazy\" decoding=\"async\" width=\"555\" height=\"735\" src=\"https:\/\/www.vangraaf.com\/ch\/wp-content\/uploads\/sites\/6\/2020\/02\/Unternehmen_Architektur_Prag_WP.jpg\" class=\"attachment-van-graaf-vice-versa-teaser size-van-graaf-vice-versa-teaser\" alt=\"\" srcset=\"https:\/\/www.vangraaf.com\/ch\/wp-content\/uploads\/sites\/6\/2020\/02\/Unternehmen_Architektur_Prag_WP.jpg 555w, https:\/\/www.vangraaf.com\/ch\/wp-content\/uploads\/sites\/6\/2020\/02\/Unternehmen_Architektur_Prag_WP-227x300.jpg 227w, https:\/\/www.vangraaf.com\/ch\/wp-content\/uploads\/sites\/6\/2020\/02\/Unternehmen_Architektur_Prag_WP-480x636.jpg 480w\" sizes=\"(max-width: 555px) 100vw, 555px\" \/><\/div><\/div><div class=\"vice-versa-teaser__item__content-wrap vc_col-xs-12 vc_col-sm-6 vc_col-md-4 vc_col-md-offset-1 vc_col-sm-pull-6\"><div class=\"vice-versa-teaser__item__content\"><p>Ob historisches Geb\u00e4ude oder repr\u00e4sentatives Einkaufszentrum \u2013 in unseren Stores setzen wir mit Erfolg auf eine Innenarchitektur aus klaren, stilvollen Linien und grossz\u00fcgigen Raumverh\u00e4ltnissen.<\/p><\/div><\/div><\/div><\/div><\/div><\/div><\/div>[\/vc_column][\/vc_row][vc_row][vc_column][vc_column_text]\r\n<p style=\"text-align: center\"><a class=\"button\" href=\"\/unternehmen\/fakten\/\">Zu den VAN GRAAF H\u00e4usern<\/a><\/p>\r\n[\/vc_column_text][\/vc_column][\/vc_row][vc_row][vc_column]\n        <div class=\"headlines headlines--center\" data-aos=\"fade-up\">\n            <div class=\"vc_row\">\n                <div class=\"vc_col-md-10 vc_col-md-offset-1 vc_col-lg-10 vc_col-lg-offset-1\"><span class=\"h6\">Architektur<\/span><h2 class=\"h2\">Einladender Ladenbau<\/h2><\/div>\n            <\/div>\n        <\/div>[vc_column_text]In unseren klar strukturierten und inspirierenden Modewelten k\u00f6nnen sich unsere Besucher m\u00fchelos orientieren und rundum wohlf\u00fchlen. Von der technischen und baulichen Ausstattung bis hin zur M\u00f6blierung \u00fcberlassen wir kein Detail dem Zufall. Unsere Ladenbauspezialisten entwickeln und steuern die komplette Ausgestaltung unserer Gesch\u00e4ftsh\u00e4user. S\u00e4mtliche Arbeiten und Elemente \u00fcberzeugen durch handwerkliche Pr\u00e4zision. Auch die Wahl der verwendeten Materialien unterliegt definierten Kriterien. Hochwertige Holz- und Natursteinb\u00f6den, stimmungsvolle Lichtinszenierungen und stilsichere M\u00f6belst\u00fccke machen die besondere Ausstrahlung unserer H\u00e4user aus und schaffen eine gepflegte, einladende Atmosph\u00e4re.[\/vc_column_text]\n        <div class=\"headlines headlines--center\" data-aos=\"fade-up\">\n            <div class=\"vc_row\">\n                <div class=\"vc_col-md-10 vc_col-md-offset-1 vc_col-lg-10 vc_col-lg-offset-1\"><span class=\"h6\">Architektur<\/span><h2 class=\"h2\">Inspirierendes Ambiente<\/h2><\/div>\n            <\/div>\n        <\/div>[vc_column_text]Entspannt einkaufen, sich von neuen Mode-Ideen inspirieren lassen und genau das Passende finden \u2013 ein rundum gelungenes Einkaufserlebnis braucht ein angenehmes Ambiente. Daf\u00fcr sorgen wir mit komfortablen Frei- und Ruhezonen, die Raum f\u00fcr Bewegung und Pausen bieten, idealen Temperatur- und Lichtverh\u00e4ltnissen, aufger\u00e4umten Warenpr\u00e4sentationen und ausgesuchter Musik. Um die optimale Inszenierung der Modekollektionen, Outfit-Ideen und Styling-Vorschl\u00e4ge k\u00fcmmern sich unsere Profis: das Visual Merchandising Team. Von der Schaufenstergestaltung bis hin zur perfekten Pr\u00e4sentation der Ware. Nicht zuletzt sorgt die pers\u00f6nliche Beratung in Kombination mit umfassenden Serviceleistungen daf\u00fcr, dass das Einkaufen bei VAN GRAAF zum Erlebnis wird.\r\n<p style=\"text-align: center\"><a class=\"button\" href=\"https:\/\/www.vangraaf.com\/ch\/haus\/spreitenbach\/service\/\">Zu unseren Services<\/a><\/p>\r\n[\/vc_column_text][\/vc_column][\/vc_row]<\/div>","protected":false},"excerpt":{"rendered":"[vc_row bwd_tbc4vd_show_weekday=&#187;&#187; full_width=&#187;stretch_row_content_no_spaces&#187;][vc_column][vc_column_text] Wir bieten unseren Kundinnen und Kunden viele Wege zum einzigartigen Shopping-Erlebnis. Besonders sp\u00fcrbar ist das besondere Einkaufserlebnis vor Ort in unseren Filialen, wo unsere Leidenschaft f\u00fcr Mode und Menschen mit allen Sinnen erlebbar wird. Den ersten Eindruck pr\u00e4gt schon von weitem die Architektur unserer H\u00e4user, auf deren Gestaltung wir h\u00f6chsten Wert legen. [&hellip;]","protected":false},"author":6,"featured_media":0,"parent":5614,"menu_order":0,"comment_status":"closed","ping_status":"closed","template":"","meta":{"_acf_changed":false,"inline_featured_image":false,"footnotes":""},"class_list":["post-5621","page","type-page","status-publish","hentry"],"acf":[],"yoast_head":"<!-- This site is optimized with the Yoast SEO plugin v27.2 - https:\/\/yoast.com\/product\/yoast-seo-wordpress\/ -->\n<title>VAN GRAAF Schweiz - Architektur<\/title>\n<meta name=\"description\" content=\"Wir bieten unseren Kundinnen und Kunden viele Wege zum einzigartigen Shopping-Erlebnis in unserem Haus in Spreitenbach.\" \/>\n<meta name=\"robots\" content=\"index, follow, max-snippet:-1, max-image-preview:large, max-video-preview:-1\" \/>\n<link rel=\"canonical\" href=\"https:\/\/www.vangraaf.com\/ch\/unternehmen\/unternehmensgruppe\/architektur\/\" \/>\n<meta property=\"og:locale\" content=\"de_DE\" \/>\n<meta property=\"og:type\" content=\"article\" \/>\n<meta property=\"og:title\" content=\"VAN GRAAF Schweiz - Architektur\" \/>\n<meta property=\"og:description\" content=\"Wir bieten unseren Kundinnen und Kunden viele Wege zum einzigartigen Shopping-Erlebnis in unserem Haus in Spreitenbach.\" \/>\n<meta property=\"og:url\" content=\"https:\/\/www.vangraaf.com\/ch\/unternehmen\/unternehmensgruppe\/architektur\/\" \/>\n<meta property=\"og:site_name\" content=\"VAN GRAAF Schweiz\" \/>\n<meta property=\"article:modified_time\" content=\"2021-06-08T08:29:04+00:00\" \/>\n<meta name=\"twitter:card\" content=\"summary_large_image\" \/>\n<meta name=\"twitter:label1\" content=\"Est. reading time\" \/>\n\t<meta name=\"twitter:data1\" content=\"3\u00a0Minuten\" \/>\n<script type=\"application\/ld+json\" class=\"yoast-schema-graph\">{\"@context\":\"https:\/\/schema.org\",\"@graph\":[{\"@type\":\"WebPage\",\"@id\":\"https:\/\/www.vangraaf.com\/ch\/unternehmen\/unternehmensgruppe\/architektur\/\",\"url\":\"https:\/\/www.vangraaf.com\/ch\/unternehmen\/unternehmensgruppe\/architektur\/\",\"name\":\"VAN GRAAF Schweiz - Architektur\",\"isPartOf\":{\"@id\":\"https:\/\/www.vangraaf.com\/ch\/#website\"},\"datePublished\":\"2020-12-14T12:20:40+00:00\",\"dateModified\":\"2021-06-08T08:29:04+00:00\",\"description\":\"Wir bieten unseren Kundinnen und Kunden viele Wege zum einzigartigen Shopping-Erlebnis in unserem Haus in Spreitenbach.\",\"breadcrumb\":{\"@id\":\"https:\/\/www.vangraaf.com\/ch\/unternehmen\/unternehmensgruppe\/architektur\/#breadcrumb\"},\"inLanguage\":\"de-CH\",\"potentialAction\":[{\"@type\":\"ReadAction\",\"target\":[\"https:\/\/www.vangraaf.com\/ch\/unternehmen\/unternehmensgruppe\/architektur\/\"]}]},{\"@type\":\"BreadcrumbList\",\"@id\":\"https:\/\/www.vangraaf.com\/ch\/unternehmen\/unternehmensgruppe\/architektur\/#breadcrumb\",\"itemListElement\":[{\"@type\":\"ListItem\",\"position\":1,\"name\":\"Home\",\"item\":\"https:\/\/www.vangraaf.com\/ch\/\"},{\"@type\":\"ListItem\",\"position\":2,\"name\":\"Unternehmen\",\"item\":\"https:\/\/www.vangraaf.com\/ch\/unternehmen\/\"},{\"@type\":\"ListItem\",\"position\":3,\"name\":\"Unternehmensgruppe\",\"item\":\"https:\/\/www.vangraaf.com\/ch\/unternehmen\/unternehmensgruppe\/\"},{\"@type\":\"ListItem\",\"position\":4,\"name\":\"Architektur\"}]},{\"@type\":\"WebSite\",\"@id\":\"https:\/\/www.vangraaf.com\/ch\/#website\",\"url\":\"https:\/\/www.vangraaf.com\/ch\/\",\"name\":\"VAN GRAAF\",\"description\":\"VAN GRAAF\",\"potentialAction\":[{\"@type\":\"SearchAction\",\"target\":{\"@type\":\"EntryPoint\",\"urlTemplate\":\"https:\/\/www.vangraaf.com\/ch\/?s={search_term_string}\"},\"query-input\":{\"@type\":\"PropertyValueSpecification\",\"valueRequired\":true,\"valueName\":\"search_term_string\"}}],\"inLanguage\":\"de-CH\"}]}<\/script>\n<!-- \/ Yoast SEO plugin. -->","yoast_head_json":{"title":"VAN GRAAF Schweiz - Architektur","description":"Wir bieten unseren Kundinnen und Kunden viele Wege zum einzigartigen Shopping-Erlebnis in unserem Haus in Spreitenbach.","robots":{"index":"index","follow":"follow","max-snippet":"max-snippet:-1","max-image-preview":"max-image-preview:large","max-video-preview":"max-video-preview:-1"},"canonical":"https:\/\/www.vangraaf.com\/ch\/unternehmen\/unternehmensgruppe\/architektur\/","og_locale":"de_DE","og_type":"article","og_title":"VAN GRAAF Schweiz - Architektur","og_description":"Wir bieten unseren Kundinnen und Kunden viele Wege zum einzigartigen Shopping-Erlebnis in unserem Haus in Spreitenbach.","og_url":"https:\/\/www.vangraaf.com\/ch\/unternehmen\/unternehmensgruppe\/architektur\/","og_site_name":"VAN GRAAF Schweiz","article_modified_time":"2021-06-08T08:29:04+00:00","twitter_card":"summary_large_image","twitter_misc":{"Est. reading time":"3\u00a0Minuten"},"schema":{"@context":"https:\/\/schema.org","@graph":[{"@type":"WebPage","@id":"https:\/\/www.vangraaf.com\/ch\/unternehmen\/unternehmensgruppe\/architektur\/","url":"https:\/\/www.vangraaf.com\/ch\/unternehmen\/unternehmensgruppe\/architektur\/","name":"VAN GRAAF Schweiz - Architektur","isPartOf":{"@id":"https:\/\/www.vangraaf.com\/ch\/#website"},"datePublished":"2020-12-14T12:20:40+00:00","dateModified":"2021-06-08T08:29:04+00:00","description":"Wir bieten unseren Kundinnen und Kunden viele Wege zum einzigartigen Shopping-Erlebnis in unserem Haus in Spreitenbach.","breadcrumb":{"@id":"https:\/\/www.vangraaf.com\/ch\/unternehmen\/unternehmensgruppe\/architektur\/#breadcrumb"},"inLanguage":"de-CH","potentialAction":[{"@type":"ReadAction","target":["https:\/\/www.vangraaf.com\/ch\/unternehmen\/unternehmensgruppe\/architektur\/"]}]},{"@type":"BreadcrumbList","@id":"https:\/\/www.vangraaf.com\/ch\/unternehmen\/unternehmensgruppe\/architektur\/#breadcrumb","itemListElement":[{"@type":"ListItem","position":1,"name":"Home","item":"https:\/\/www.vangraaf.com\/ch\/"},{"@type":"ListItem","position":2,"name":"Unternehmen","item":"https:\/\/www.vangraaf.com\/ch\/unternehmen\/"},{"@type":"ListItem","position":3,"name":"Unternehmensgruppe","item":"https:\/\/www.vangraaf.com\/ch\/unternehmen\/unternehmensgruppe\/"},{"@type":"ListItem","position":4,"name":"Architektur"}]},{"@type":"WebSite","@id":"https:\/\/www.vangraaf.com\/ch\/#website","url":"https:\/\/www.vangraaf.com\/ch\/","name":"VAN GRAAF","description":"VAN GRAAF","potentialAction":[{"@type":"SearchAction","target":{"@type":"EntryPoint","urlTemplate":"https:\/\/www.vangraaf.com\/ch\/?s={search_term_string}"},"query-input":{"@type":"PropertyValueSpecification","valueRequired":true,"valueName":"search_term_string"}}],"inLanguage":"de-CH"}]}},"_links":{"self":[{"href":"https:\/\/www.vangraaf.com\/ch\/wp-json\/wp\/v2\/pages\/5621","targetHints":{"allow":["GET"]}}],"collection":[{"href":"https:\/\/www.vangraaf.com\/ch\/wp-json\/wp\/v2\/pages"}],"about":[{"href":"https:\/\/www.vangraaf.com\/ch\/wp-json\/wp\/v2\/types\/page"}],"author":[{"embeddable":true,"href":"https:\/\/www.vangraaf.com\/ch\/wp-json\/wp\/v2\/users\/6"}],"replies":[{"embeddable":true,"href":"https:\/\/www.vangraaf.com\/ch\/wp-json\/wp\/v2\/comments?post=5621"}],"version-history":[{"count":7,"href":"https:\/\/www.vangraaf.com\/ch\/wp-json\/wp\/v2\/pages\/5621\/revisions"}],"predecessor-version":[{"id":6295,"href":"https:\/\/www.vangraaf.com\/ch\/wp-json\/wp\/v2\/pages\/5621\/revisions\/6295"}],"up":[{"embeddable":true,"href":"https:\/\/www.vangraaf.com\/ch\/wp-json\/wp\/v2\/pages\/5614"}],"wp:attachment":[{"href":"https:\/\/www.vangraaf.com\/ch\/wp-json\/wp\/v2\/media?parent=5621"}],"curies":[{"name":"wp","href":"https:\/\/api.w.org\/{rel}","templated":true}]}}