{"id":5619,"date":"2020-12-14T13:20:13","date_gmt":"2020-12-14T12:20:13","guid":{"rendered":"https:\/\/www.vangraaf.com\/ch\/?page_id=5619"},"modified":"2021-06-08T10:29:50","modified_gmt":"2021-06-08T08:29:50","slug":"modekompetenz","status":"publish","type":"page","link":"https:\/\/www.vangraaf.com\/ch\/unternehmen\/unternehmensgruppe\/modekompetenz\/","title":{"rendered":"Modekompetenz"},"content":{"rendered":"<div class=\"wpb-content-wrapper\">[vc_row bwd_tbc4vd_show_weekday=&#187;&#187; full_width=&#187;stretch_row_content_no_spaces&#187;][vc_column]<div class=\"keyvisual\" data-aos=\"fade-up\" ><img loading=\"lazy\" decoding=\"async\" width=\"1440\" height=\"480\" src=\"https:\/\/www.vangraaf.com\/ch\/wp-content\/uploads\/sites\/6\/2020\/02\/Unternehmen_Modekompetenz_Banner_WP.jpg\" class=\"vc_single_image-img\" alt=\"\" srcset=\"https:\/\/www.vangraaf.com\/ch\/wp-content\/uploads\/sites\/6\/2020\/02\/Unternehmen_Modekompetenz_Banner_WP.jpg 1440w, https:\/\/www.vangraaf.com\/ch\/wp-content\/uploads\/sites\/6\/2020\/02\/Unternehmen_Modekompetenz_Banner_WP-300x100.jpg 300w, https:\/\/www.vangraaf.com\/ch\/wp-content\/uploads\/sites\/6\/2020\/02\/Unternehmen_Modekompetenz_Banner_WP-1024x341.jpg 1024w, https:\/\/www.vangraaf.com\/ch\/wp-content\/uploads\/sites\/6\/2020\/02\/Unternehmen_Modekompetenz_Banner_WP-768x256.jpg 768w, https:\/\/www.vangraaf.com\/ch\/wp-content\/uploads\/sites\/6\/2020\/02\/Unternehmen_Modekompetenz_Banner_WP-1200x400.jpg 1200w, https:\/\/www.vangraaf.com\/ch\/wp-content\/uploads\/sites\/6\/2020\/02\/Unternehmen_Modekompetenz_Banner_WP-992x331.jpg 992w, https:\/\/www.vangraaf.com\/ch\/wp-content\/uploads\/sites\/6\/2020\/02\/Unternehmen_Modekompetenz_Banner_WP-480x160.jpg 480w, https:\/\/www.vangraaf.com\/ch\/wp-content\/uploads\/sites\/6\/2020\/02\/Unternehmen_Modekompetenz_Banner_WP-690x230.jpg 690w\" sizes=\"(max-width: 1440px) 100vw, 1440px\" \/><\/div>\n        <div class=\"headlines headlines--center\" data-aos=\"fade-up\">\n            <div class=\"vc_row\">\n                <div class=\"vc_col-md-10 vc_col-md-offset-1 vc_col-lg-10 vc_col-lg-offset-1\"><span class=\"h6\">Modekompetenz<\/span><h1 class=\"h2\">Service &amp; Leidenschaft<\/h1><\/div>\n            <\/div>\n        <\/div>[vc_column_text]\r\n<p style=\"text-align: center\">Unsere Philosophie ist zugleich auch unser Erfolgsrezept: ein kompromissloser Qualit\u00e4tsanspruch in allen Bereichen, von der Auswahl des Modeangebots bis zu den vielf\u00e4ltigen Serviceleistungen am Point of Sale. Besonderen Wert legen wir auf die fachliche Kompetenz unserer Mitarbeiterinnen und Mitarbeiter, die mit qualifiziertem Know-how, Stilsicherheit und Trendbewusstsein im Verkauf ebenso wie hinter den Kulissen vollen Einsatz zeigen. Diese Kombination aus fundiertem Fachwissen, sp\u00fcrbarer Leidenschaft und einem ebenso hochwertigen wie vielf\u00e4ltigen Sortiment macht die aussergew\u00f6hnliche Anziehungskraft unserer Unternehmensgruppe aus \u2013 und das seit \u00fcber hundert Jahren.<\/p>\r\n[\/vc_column_text][vc_column_text]Im station\u00e4ren Handel bauen wir auf ein erfolgreiches Konzept: unsere Fachabteilungen. Sie gliedern die Sortimentsbereiche \u2013 ob Anz\u00fcge, Jacken, Kleider oder Hosen \u2013 nach einem klaren Ordnungsprinzip und bieten jeweils eine Vielzahl von Gr\u00f6ssen, Schnitten, Stoffen und Marken. Unsere Kunden profitieren von \u00dcbersichtlichkeit, Vielfalt und Beratungskompetenz, denn jeder Verkaufsmitarbeiter ist auf seine Abteilung spezialisiert und besitzt deshalb detaillierte Fachkenntnisse. Gleiches gilt f\u00fcr unsere Mitarbeiter im Einkauf, die schon bei der Zusammenstellung der Kollektionen ihre Expertise f\u00fcr ihr jeweiliges Segment einbringen.\r\n<p style=\"text-align: center\"><a class=\"button\" href=\"https:\/\/www.vangraaf.com\/ch\/beratung-style\/fachabteilungen\/\" target=\"_blank\" rel=\"noopener noreferrer\">Zu den Fachabteilungen<\/a><\/p>\r\n[\/vc_column_text][\/vc_column][\/vc_row][vc_row bwd_tbc4vd_show_weekday=&#187;&#187; disable_element=&#187;yes&#187;][vc_column width=&#187;1\/2&#8243;]<div class=\"vg-element cta-teaser cta-teaser--left\" data-aos=\"fade-up\"><div class=\"cta-teaser__image\"><a class=\"\" href=\"https:\/\/www.vangraaf.com\/ch\/beratung-style\/fachabteilungen\/damen\/\" target=\"_blank\" rel=\"\" style=\"\">Zu den Fachabteilungen<\/a><\/div><div class=\"cta-teaser__text\"><h3>Damen<\/h3><p>Ankommen und wohlf\u00fchlen: 14 Bereiche und moderne Verkaufsr\u00e4ume mit \u00fcbersichtlich sortierten aktuellen Trends f\u00fcr jeden Geschmack.<\/p><a class=\"button\" href=\"https:\/\/www.vangraaf.com\/ch\/beratung-style\/fachabteilungen\/damen\/\" target=\"_blank\" rel=\"\" style=\"\">Zu den Fachabteilungen<\/a><\/div><\/div>[\/vc_column][vc_column width=&#187;1\/2&#8243;]<div class=\"vg-element cta-teaser cta-teaser--left\" data-aos=\"fade-up\"><div class=\"cta-teaser__image\"><a class=\"\" href=\"https:\/\/www.vangraaf.com\/ch\/beratung-style\/fachabteilungen\/herren\/\" target=\"_blank\" rel=\"\" style=\"\">Zu den Fachabteilungen<\/a><\/div><div class=\"cta-teaser__text\"><h3>Herren<\/h3><p>Vierzehn exklusive Stationen voller abwechslungsreicher und geschmackssicherer Mode von \u00fcber 300 Designern.<\/p><a class=\"button\" href=\"https:\/\/www.vangraaf.com\/ch\/beratung-style\/fachabteilungen\/herren\/\" target=\"_blank\" rel=\"\" style=\"\">Zu den Fachabteilungen<\/a><\/div><\/div>[\/vc_column][\/vc_row][vc_row][vc_column]\n        <div class=\"headlines headlines--center\" data-aos=\"fade-up\">\n            <div class=\"vc_row\">\n                <div class=\"vc_col-md-10 vc_col-md-offset-1 vc_col-lg-10 vc_col-lg-offset-1\"><span class=\"h6\">Modekompetenz<\/span><h2 class=\"h2\">Faszinierende Vielfalt<\/h2><\/div>\n            <\/div>\n        <\/div>[vc_column_text]Ob klassisch oder stylish, casual oder exquisit \u2013 unsere grosse Modeauswahl f\u00fcr verschiedenste Stilrichtungen und Anl\u00e4sse ist einfach einzigartig. Bei kaum einem anderen Anbieter finden Damen und Herren eine solche Vielfalt an Gr\u00f6ssen, Passformen, Farben, Trends und Preisklassen. Unsere Markenwelt begeistert mit bis zu 200 f\u00fchrenden Fashion-Labels und ihren internationalen Kollektionen, von Armani bis Valentino. Dar\u00fcber hinaus bieten wir unseren Kunden \u2013 exklusiv bei <span class=\"nobr\">VAN GRAAF<\/span> \u2013 eine Reihe trendstarker, hochwertiger Modemarken mit besonders attraktivem Preis-Leistungs-Verh\u00e4ltnis, zum Beispiel <span class=\"nobr\">Marie Lund,<\/span> <span class=\"nobr\">Franco Callegari<\/span> und Apriori f\u00fcr Damen oder <span class=\"nobr\">Finshley &amp; Harding<\/span> und <span class=\"nobr\">Nils Sundstr\u00f6m<\/span> f\u00fcr Herren. Nicht zuletzt machen immer neue <span class=\"nobr\">Outfit-Ideen<\/span> und <span class=\"nobr\">Styling-Vorschl\u00e4ge<\/span> das Einkaufen in den VAN GRAAF H\u00e4usern und bei <span class=\"nobr\">VANGRAAF.COM<\/span> zum Erlebnis.[\/vc_column_text]<div class=\"vg-element brand-slider brand-slider--light\" data-aos=\"fade-up\"><div class=\"brand-slider__inner\"><div class=\"brand-slider__slider js-brand-slider\"><div class=\"brand-slider__slider__item\"><a href=\"https:\/\/www.vangraaf.com\/ch\/marken\/adidas-originals\/\" title=\"adidas Originals\"><img loading=\"lazy\" decoding=\"async\" width=\"1\" height=\"1\" src=\"https:\/\/www.vangraaf.com\/ch\/wp-content\/uploads\/sites\/6\/2020\/03\/Adidas_Logo_grau_OK.svg\" class=\"attachment-full size-full\" alt=\"\" \/><\/a><\/div><div class=\"brand-slider__slider__item\"><a href=\"https:\/\/www.vangraaf.com\/ch\/marken\/tommy-hilfiger\/\" title=\"Tommy Hilfiger\"><img loading=\"lazy\" decoding=\"async\" width=\"1\" height=\"1\" src=\"https:\/\/www.vangraaf.com\/ch\/wp-content\/uploads\/sites\/6\/2020\/03\/Tommy_Hilfiger_4c_grau_OK.svg\" class=\"attachment-full size-full\" alt=\"\" \/><\/a><\/div><div class=\"brand-slider__slider__item\"><a href=\"https:\/\/www.vangraaf.com\/ch\/marken\/levis\/\" title=\"Levi&#039;s\"><img loading=\"lazy\" decoding=\"async\" width=\"1\" height=\"1\" src=\"https:\/\/www.vangraaf.com\/ch\/wp-content\/uploads\/sites\/6\/2020\/03\/Levis_Logo_grau_OK.svg\" class=\"attachment-full size-full\" alt=\"\" \/><\/a><\/div><div class=\"brand-slider__slider__item\"><a href=\"https:\/\/www.vangraaf.com\/ch\/marken\/calvin-klein\/\" title=\"Calvin Klein\"><img loading=\"lazy\" decoding=\"async\" width=\"1\" height=\"1\" src=\"https:\/\/www.vangraaf.com\/ch\/wp-content\/uploads\/sites\/6\/2020\/03\/Calvin-Klein-Logo-grau_OK.svg\" class=\"attachment-full size-full\" alt=\"\" \/><\/a><\/div><div class=\"brand-slider__slider__item\"><a href=\"https:\/\/www.vangraaf.com\/ch\/marken\/lacoste\/\" title=\"Lacoste\"><img loading=\"lazy\" decoding=\"async\" width=\"1\" height=\"1\" src=\"https:\/\/www.vangraaf.com\/ch\/wp-content\/uploads\/sites\/6\/2020\/03\/Lacoste_Logo_4c_grau_Ausnahme_OK.svg\" class=\"attachment-full size-full\" alt=\"\" \/><\/a><\/div><div class=\"brand-slider__slider__item\"><a href=\"https:\/\/www.vangraaf.com\/ch\/marken\/superdry\/\" title=\"Superdry\"><img loading=\"lazy\" decoding=\"async\" width=\"1\" height=\"1\" src=\"https:\/\/www.vangraaf.com\/ch\/wp-content\/uploads\/sites\/6\/2020\/03\/Superdry_Logo_grau_OK.svg\" class=\"attachment-full size-full\" alt=\"\" \/><\/a><\/div><div class=\"brand-slider__slider__item\"><a href=\"https:\/\/www.vangraaf.com\/ch\/marken\/fila\/\" title=\"FILA\"><img loading=\"lazy\" decoding=\"async\" width=\"1\" height=\"1\" src=\"https:\/\/www.vangraaf.com\/ch\/wp-content\/uploads\/sites\/6\/2020\/03\/Fila-Logo-grau_OK.svg\" class=\"attachment-full size-full\" alt=\"\" \/><\/a><\/div><div class=\"brand-slider__slider__item\"><a href=\"https:\/\/www.vangraaf.com\/ch\/marken\/tom-tailor\/\" title=\"TOM TAILOR\"><img loading=\"lazy\" decoding=\"async\" width=\"1\" height=\"1\" src=\"https:\/\/www.vangraaf.com\/ch\/wp-content\/uploads\/sites\/6\/2020\/03\/Tom_Tailor_Logo_grau_OK.svg\" class=\"attachment-full size-full\" alt=\"\" \/><\/a><\/div><div class=\"brand-slider__slider__item\"><a href=\"https:\/\/www.vangraaf.com\/ch\/marken\/alpha-industries\/\" title=\"Alpha Industries\"><img loading=\"lazy\" decoding=\"async\" width=\"1\" height=\"1\" src=\"https:\/\/www.vangraaf.com\/ch\/wp-content\/uploads\/sites\/6\/2020\/03\/Alpha_Industries_Logo_grau_OK.svg\" class=\"attachment-full size-full\" alt=\"\" \/><\/a><\/div><div class=\"brand-slider__slider__item\"><a href=\"https:\/\/www.vangraaf.com\/ch\/marken\/g-star\/\" title=\"G-Star RAW\"><img loading=\"lazy\" decoding=\"async\" width=\"1\" height=\"1\" src=\"https:\/\/www.vangraaf.com\/ch\/wp-content\/uploads\/sites\/6\/2020\/03\/G_Star_Logo_grau_OK.svg\" class=\"attachment-full size-full\" alt=\"\" \/><\/a><\/div><div class=\"brand-slider__slider__item\"><a href=\"https:\/\/www.vangraaf.com\/ch\/marken\/vila\/\" title=\"VILA\"><img loading=\"lazy\" decoding=\"async\" width=\"1\" height=\"1\" src=\"https:\/\/www.vangraaf.com\/ch\/wp-content\/uploads\/sites\/6\/2020\/03\/Vila_Logo_grau_OK.svg\" class=\"attachment-full size-full\" alt=\"\" \/><\/a><\/div><div class=\"brand-slider__slider__item\"><a href=\"https:\/\/www.vangraaf.com\/ch\/marken\/boss\/\" title=\"BOSS\"><img loading=\"lazy\" decoding=\"async\" width=\"1\" height=\"1\" src=\"https:\/\/www.vangraaf.com\/ch\/wp-content\/uploads\/sites\/6\/2020\/03\/Boss_Logo_grau_OK.svg\" class=\"attachment-full size-full\" alt=\"\" \/><\/a><\/div><div class=\"brand-slider__slider__item\"><a href=\"https:\/\/www.vangraaf.com\/ch\/marken\/armani-exchange\/\" title=\"Armani Exchange\"><img loading=\"lazy\" decoding=\"async\" width=\"1\" height=\"1\" src=\"https:\/\/www.vangraaf.com\/ch\/wp-content\/uploads\/sites\/6\/2020\/03\/Armani-Exchange-Logo-grau_OK.svg\" class=\"attachment-full size-full\" alt=\"\" \/><\/a><\/div><div class=\"brand-slider__slider__item\"><a href=\"https:\/\/www.vangraaf.com\/ch\/marken\/polo-ralph-lauren\/\" title=\"Polo Ralph Lauren\"><img loading=\"lazy\" decoding=\"async\" width=\"1\" height=\"1\" src=\"https:\/\/www.vangraaf.com\/ch\/wp-content\/uploads\/sites\/6\/2020\/03\/Ralph_Lauren_Logo_grau_OK.svg\" class=\"attachment-full size-full\" alt=\"\" \/><\/a><\/div><div class=\"brand-slider__slider__item\"><a href=\"https:\/\/www.vangraaf.com\/ch\/marken\/marie-lund\/\" title=\"Marie Lund\"><img loading=\"lazy\" decoding=\"async\" width=\"1\" height=\"1\" src=\"https:\/\/www.vangraaf.com\/ch\/wp-content\/uploads\/sites\/6\/2020\/03\/Marie_Lund_Logo_grau_OK.svg\" class=\"attachment-full size-full\" alt=\"\" \/><\/a><\/div><div class=\"brand-slider__slider__item\"><a href=\"https:\/\/www.vangraaf.com\/ch\/marken\/finshley-harding\/\" title=\"Finshley &amp; Harding\"><img loading=\"lazy\" decoding=\"async\" width=\"1\" height=\"1\" src=\"https:\/\/www.vangraaf.com\/ch\/wp-content\/uploads\/sites\/6\/2020\/03\/Finsley_Harding_Logo_grau_OK.svg\" class=\"attachment-full size-full\" alt=\"\" \/><\/a><\/div><div class=\"brand-slider__slider__item\"><a href=\"https:\/\/www.vangraaf.com\/ch\/marken\/champion\/\" title=\"Champion\"><img loading=\"lazy\" decoding=\"async\" width=\"1\" height=\"1\" src=\"https:\/\/www.vangraaf.com\/ch\/wp-content\/uploads\/sites\/6\/2020\/03\/Champion_Logo_grau_OK.svg\" class=\"attachment-full size-full\" alt=\"\" \/><\/a><\/div><\/div><\/div><\/div>[\/vc_column][\/vc_row][vc_row][vc_column][vc_column_text]\r\n<p style=\"text-align: center\"><a class=\"button\" href=\"https:\/\/www.vangraaf.com\/ch\/marken\/\" target=\"_blank\" rel=\"noopener noreferrer\">Zu unserer Markenwelt<\/a><\/p>\r\n[\/vc_column_text][\/vc_column][\/vc_row][vc_row][vc_column]\n        <div class=\"headlines headlines--center\" data-aos=\"fade-up\">\n            <div class=\"vc_row\">\n                <div class=\"vc_col-md-10 vc_col-md-offset-1 vc_col-lg-10 vc_col-lg-offset-1\"><span class=\"h6\">Unser Leitbild<\/span><h2 class=\"h2\">Aus Leidenschaft f\u00fcr Mode und Menschen<\/h2><\/div>\n            <\/div>\n        <\/div>[vc_column_text]Leidenschaft f\u00fcr Mode liegt in unseren Genen. Seit 1911 stehen wir f\u00fcr Qualit\u00e4t, Trendgesp\u00fcr und erstklassige Kollektionen. Unsere Leidenschaft f\u00fcr Mode und Menschen treibt uns an, Tag f\u00fcr Tag. Wir m\u00f6chten uns einf\u00fchlen in die W\u00fcnsche unserer Kunden, sie optimal beraten und ihnen ganz individuelle Outfit-L\u00f6sungen anbieten. Wie uns das gelingt? Mit einer stilsicheren Auswahl der besten Looks, einer inspirierenden Warenpr\u00e4sentation und einer fachkundigen, pers\u00f6nlichen Beratung \u2013 von der perfekten Passform bis hin zum aktuellen Styling-Tipp.\r\n\r\n<b>Unsere Leitprinzipien folgen dem Anspruch, unseren Kunden jeden Tag und in jeder Hinsicht Bestleistungen zu bieten:<\/b>\r\n<ul>\r\n \t<li>Geschmackvolle und stilsichere Auswahl der besten Kollektionen<\/li>\r\n \t<li>Trendstarke Outfit-Ideen und ein inspirierendes Ambiente<\/li>\r\n \t<li>Kompetente, individuelle Beratung und pers\u00f6nliche Serviceleistungen<\/li>\r\n<\/ul>\r\n[\/vc_column_text][\/vc_column][\/vc_row][vc_row][vc_column]\n        <div class=\"headlines headlines--center\" data-aos=\"fade-up\">\n            <div class=\"vc_row\">\n                <div class=\"vc_col-md-10 vc_col-md-offset-1 vc_col-lg-10 vc_col-lg-offset-1\"><span class=\"h6\">Karriere<\/span><h2 class=\"h2\">Mitarbeiter\/innen mit Fachwissen<\/h2><\/div>\n            <\/div>\n        <\/div>[vc_column_text]VAN GRAAF besch\u00e4ftigt rund 800 Mitarbeiterinnen und Mitarbeiter in sechs europ\u00e4ischen L\u00e4ndern. Wer in unserem international agierenden Mode-Unternehmen hoch hinaus will, dem stehen \u201egrenzenlose\u201c Perspektiven offen. Denn engagierten Menschen mit Sinn f\u00fcr Qualit\u00e4t und Leidenschaft f\u00fcr Mode er\u00f6ffnen wir hervorragende Berufsaussichten.[\/vc_column_text]\n        <div class=\"vg-element promo-teaser promo-teaser--  promo-teaser--\" style=\"--season-color: #ffffff;\" data-aos=\"fade-up\">\n            <div class=\"vc_row vc_row-flex\">\n                <div class=\"vc_col-sm-6 promo-teaser__image\">\n                    <img loading=\"lazy\" decoding=\"async\" width=\"599\" height=\"549\" src=\"https:\/\/www.vangraaf.com\/ch\/wp-content\/uploads\/sites\/6\/2020\/02\/Unternehmen_Fakten_Karriere_WP.jpg\" class=\"vc_single_image-img\" alt=\"\" srcset=\"https:\/\/www.vangraaf.com\/ch\/wp-content\/uploads\/sites\/6\/2020\/02\/Unternehmen_Fakten_Karriere_WP.jpg 599w, https:\/\/www.vangraaf.com\/ch\/wp-content\/uploads\/sites\/6\/2020\/02\/Unternehmen_Fakten_Karriere_WP-300x275.jpg 300w, https:\/\/www.vangraaf.com\/ch\/wp-content\/uploads\/sites\/6\/2020\/02\/Unternehmen_Fakten_Karriere_WP-480x440.jpg 480w\" sizes=\"(max-width: 599px) 100vw, 599px\" \/>\n                <\/div>\n                <div class=\"vc_col-sm-6\">\n                    <div class=\"promo-teaser__content-wrapper\">\n                        <div class=\"promo-teaser__content promo-teaser__content--center\"><p style=\"text-align: center\">Umfassende Informationen \u00fcber Karrierem\u00f6glichkeiten, und aktuelle Stellenangebote bei <span class=\"nobr\">VAN GRAAF<\/span> <span class=\"nobr\">finden Sie hier:<\/span><\/p>\n<p style=\"text-align: center\"><a class=\"button\" href=\"https:\/\/www.vangraaf.com\/ch\/karriere\/\">VAN GRAAF Karriere<\/a><\/p>\n<\/div>\n                    <\/div>\n                <\/div>\n            <\/div>\n        <\/div>[\/vc_column][\/vc_row]<\/div>","protected":false},"excerpt":{"rendered":"[vc_row bwd_tbc4vd_show_weekday=&#187;&#187; full_width=&#187;stretch_row_content_no_spaces&#187;][vc_column][vc_column_text] Unsere Philosophie ist zugleich auch unser Erfolgsrezept: ein kompromissloser Qualit\u00e4tsanspruch in allen Bereichen, von der Auswahl des Modeangebots bis zu den vielf\u00e4ltigen Serviceleistungen am Point of Sale. Besonderen Wert legen wir auf die fachliche Kompetenz unserer Mitarbeiterinnen und Mitarbeiter, die mit qualifiziertem Know-how, Stilsicherheit und Trendbewusstsein im Verkauf ebenso wie hinter den [&hellip;]","protected":false},"author":6,"featured_media":0,"parent":5614,"menu_order":0,"comment_status":"closed","ping_status":"closed","template":"","meta":{"_acf_changed":false,"inline_featured_image":false,"footnotes":""},"class_list":["post-5619","page","type-page","status-publish","hentry"],"acf":[],"yoast_head":"<!-- This site is optimized with the Yoast SEO plugin v27.2 - https:\/\/yoast.com\/product\/yoast-seo-wordpress\/ -->\n<title>VAN GRAAF Schweiz - Modekompetenz<\/title>\n<meta name=\"description\" content=\"Unsere Philosophie ist zugleich auch unser Erfolgsrezept: ein kompromissloser Qualit\u00e4tsanspruch in allen Bereichen, von der Auswahl des Modeangebots bis zu den vielf\u00e4ltigen Serviceleistungen am Point of Sale.\" \/>\n<meta name=\"robots\" content=\"index, follow, max-snippet:-1, max-image-preview:large, max-video-preview:-1\" \/>\n<link rel=\"canonical\" href=\"https:\/\/www.vangraaf.com\/ch\/unternehmen\/unternehmensgruppe\/modekompetenz\/\" \/>\n<meta property=\"og:locale\" content=\"de_DE\" \/>\n<meta property=\"og:type\" content=\"article\" \/>\n<meta property=\"og:title\" content=\"VAN GRAAF Schweiz - Modekompetenz\" \/>\n<meta property=\"og:description\" content=\"Unsere Philosophie ist zugleich auch unser Erfolgsrezept: ein kompromissloser Qualit\u00e4tsanspruch in allen Bereichen, von der Auswahl des Modeangebots bis zu den vielf\u00e4ltigen Serviceleistungen am Point of Sale.\" \/>\n<meta property=\"og:url\" content=\"https:\/\/www.vangraaf.com\/ch\/unternehmen\/unternehmensgruppe\/modekompetenz\/\" \/>\n<meta property=\"og:site_name\" content=\"VAN GRAAF Schweiz\" \/>\n<meta property=\"article:modified_time\" content=\"2021-06-08T08:29:50+00:00\" \/>\n<meta name=\"twitter:card\" content=\"summary_large_image\" \/>\n<meta name=\"twitter:label1\" content=\"Est. reading time\" \/>\n\t<meta name=\"twitter:data1\" content=\"4\u00a0Minuten\" \/>\n<script type=\"application\/ld+json\" class=\"yoast-schema-graph\">{\"@context\":\"https:\/\/schema.org\",\"@graph\":[{\"@type\":\"WebPage\",\"@id\":\"https:\/\/www.vangraaf.com\/ch\/unternehmen\/unternehmensgruppe\/modekompetenz\/\",\"url\":\"https:\/\/www.vangraaf.com\/ch\/unternehmen\/unternehmensgruppe\/modekompetenz\/\",\"name\":\"VAN GRAAF Schweiz - Modekompetenz\",\"isPartOf\":{\"@id\":\"https:\/\/www.vangraaf.com\/ch\/#website\"},\"datePublished\":\"2020-12-14T12:20:13+00:00\",\"dateModified\":\"2021-06-08T08:29:50+00:00\",\"description\":\"Unsere Philosophie ist zugleich auch unser Erfolgsrezept: ein kompromissloser Qualit\u00e4tsanspruch in allen Bereichen, von der Auswahl des Modeangebots bis zu den vielf\u00e4ltigen Serviceleistungen am Point of Sale.\",\"breadcrumb\":{\"@id\":\"https:\/\/www.vangraaf.com\/ch\/unternehmen\/unternehmensgruppe\/modekompetenz\/#breadcrumb\"},\"inLanguage\":\"de-CH\",\"potentialAction\":[{\"@type\":\"ReadAction\",\"target\":[\"https:\/\/www.vangraaf.com\/ch\/unternehmen\/unternehmensgruppe\/modekompetenz\/\"]}]},{\"@type\":\"BreadcrumbList\",\"@id\":\"https:\/\/www.vangraaf.com\/ch\/unternehmen\/unternehmensgruppe\/modekompetenz\/#breadcrumb\",\"itemListElement\":[{\"@type\":\"ListItem\",\"position\":1,\"name\":\"Home\",\"item\":\"https:\/\/www.vangraaf.com\/ch\/\"},{\"@type\":\"ListItem\",\"position\":2,\"name\":\"Unternehmen\",\"item\":\"https:\/\/www.vangraaf.com\/ch\/unternehmen\/\"},{\"@type\":\"ListItem\",\"position\":3,\"name\":\"Unternehmensgruppe\",\"item\":\"https:\/\/www.vangraaf.com\/ch\/unternehmen\/unternehmensgruppe\/\"},{\"@type\":\"ListItem\",\"position\":4,\"name\":\"Modekompetenz\"}]},{\"@type\":\"WebSite\",\"@id\":\"https:\/\/www.vangraaf.com\/ch\/#website\",\"url\":\"https:\/\/www.vangraaf.com\/ch\/\",\"name\":\"VAN GRAAF\",\"description\":\"VAN GRAAF\",\"potentialAction\":[{\"@type\":\"SearchAction\",\"target\":{\"@type\":\"EntryPoint\",\"urlTemplate\":\"https:\/\/www.vangraaf.com\/ch\/?s={search_term_string}\"},\"query-input\":{\"@type\":\"PropertyValueSpecification\",\"valueRequired\":true,\"valueName\":\"search_term_string\"}}],\"inLanguage\":\"de-CH\"}]}<\/script>\n<!-- \/ Yoast SEO plugin. -->","yoast_head_json":{"title":"VAN GRAAF Schweiz - Modekompetenz","description":"Unsere Philosophie ist zugleich auch unser Erfolgsrezept: ein kompromissloser Qualit\u00e4tsanspruch in allen Bereichen, von der Auswahl des Modeangebots bis zu den vielf\u00e4ltigen Serviceleistungen am Point of Sale.","robots":{"index":"index","follow":"follow","max-snippet":"max-snippet:-1","max-image-preview":"max-image-preview:large","max-video-preview":"max-video-preview:-1"},"canonical":"https:\/\/www.vangraaf.com\/ch\/unternehmen\/unternehmensgruppe\/modekompetenz\/","og_locale":"de_DE","og_type":"article","og_title":"VAN GRAAF Schweiz - Modekompetenz","og_description":"Unsere Philosophie ist zugleich auch unser Erfolgsrezept: ein kompromissloser Qualit\u00e4tsanspruch in allen Bereichen, von der Auswahl des Modeangebots bis zu den vielf\u00e4ltigen Serviceleistungen am Point of Sale.","og_url":"https:\/\/www.vangraaf.com\/ch\/unternehmen\/unternehmensgruppe\/modekompetenz\/","og_site_name":"VAN GRAAF Schweiz","article_modified_time":"2021-06-08T08:29:50+00:00","twitter_card":"summary_large_image","twitter_misc":{"Est. reading time":"4\u00a0Minuten"},"schema":{"@context":"https:\/\/schema.org","@graph":[{"@type":"WebPage","@id":"https:\/\/www.vangraaf.com\/ch\/unternehmen\/unternehmensgruppe\/modekompetenz\/","url":"https:\/\/www.vangraaf.com\/ch\/unternehmen\/unternehmensgruppe\/modekompetenz\/","name":"VAN GRAAF Schweiz - Modekompetenz","isPartOf":{"@id":"https:\/\/www.vangraaf.com\/ch\/#website"},"datePublished":"2020-12-14T12:20:13+00:00","dateModified":"2021-06-08T08:29:50+00:00","description":"Unsere Philosophie ist zugleich auch unser Erfolgsrezept: ein kompromissloser Qualit\u00e4tsanspruch in allen Bereichen, von der Auswahl des Modeangebots bis zu den vielf\u00e4ltigen Serviceleistungen am Point of Sale.","breadcrumb":{"@id":"https:\/\/www.vangraaf.com\/ch\/unternehmen\/unternehmensgruppe\/modekompetenz\/#breadcrumb"},"inLanguage":"de-CH","potentialAction":[{"@type":"ReadAction","target":["https:\/\/www.vangraaf.com\/ch\/unternehmen\/unternehmensgruppe\/modekompetenz\/"]}]},{"@type":"BreadcrumbList","@id":"https:\/\/www.vangraaf.com\/ch\/unternehmen\/unternehmensgruppe\/modekompetenz\/#breadcrumb","itemListElement":[{"@type":"ListItem","position":1,"name":"Home","item":"https:\/\/www.vangraaf.com\/ch\/"},{"@type":"ListItem","position":2,"name":"Unternehmen","item":"https:\/\/www.vangraaf.com\/ch\/unternehmen\/"},{"@type":"ListItem","position":3,"name":"Unternehmensgruppe","item":"https:\/\/www.vangraaf.com\/ch\/unternehmen\/unternehmensgruppe\/"},{"@type":"ListItem","position":4,"name":"Modekompetenz"}]},{"@type":"WebSite","@id":"https:\/\/www.vangraaf.com\/ch\/#website","url":"https:\/\/www.vangraaf.com\/ch\/","name":"VAN GRAAF","description":"VAN GRAAF","potentialAction":[{"@type":"SearchAction","target":{"@type":"EntryPoint","urlTemplate":"https:\/\/www.vangraaf.com\/ch\/?s={search_term_string}"},"query-input":{"@type":"PropertyValueSpecification","valueRequired":true,"valueName":"search_term_string"}}],"inLanguage":"de-CH"}]}},"_links":{"self":[{"href":"https:\/\/www.vangraaf.com\/ch\/wp-json\/wp\/v2\/pages\/5619","targetHints":{"allow":["GET"]}}],"collection":[{"href":"https:\/\/www.vangraaf.com\/ch\/wp-json\/wp\/v2\/pages"}],"about":[{"href":"https:\/\/www.vangraaf.com\/ch\/wp-json\/wp\/v2\/types\/page"}],"author":[{"embeddable":true,"href":"https:\/\/www.vangraaf.com\/ch\/wp-json\/wp\/v2\/users\/6"}],"replies":[{"embeddable":true,"href":"https:\/\/www.vangraaf.com\/ch\/wp-json\/wp\/v2\/comments?post=5619"}],"version-history":[{"count":14,"href":"https:\/\/www.vangraaf.com\/ch\/wp-json\/wp\/v2\/pages\/5619\/revisions"}],"predecessor-version":[{"id":6296,"href":"https:\/\/www.vangraaf.com\/ch\/wp-json\/wp\/v2\/pages\/5619\/revisions\/6296"}],"up":[{"embeddable":true,"href":"https:\/\/www.vangraaf.com\/ch\/wp-json\/wp\/v2\/pages\/5614"}],"wp:attachment":[{"href":"https:\/\/www.vangraaf.com\/ch\/wp-json\/wp\/v2\/media?parent=5619"}],"curies":[{"name":"wp","href":"https:\/\/api.w.org\/{rel}","templated":true}]}}