{"id":5614,"date":"2020-12-14T13:19:20","date_gmt":"2020-12-14T12:19:20","guid":{"rendered":"https:\/\/www.vangraaf.com\/ch\/?page_id=5614"},"modified":"2021-10-21T13:25:06","modified_gmt":"2021-10-21T11:25:06","slug":"unternehmensgruppe","status":"publish","type":"page","link":"https:\/\/www.vangraaf.com\/ch\/unternehmen\/unternehmensgruppe\/","title":{"rendered":"Unternehmensgruppe"},"content":{"rendered":"<div class=\"wpb-content-wrapper\">[vc_row bwd_tbc4vd_show_weekday=&#187;&#187; full_width=&#187;stretch_row_content_no_spaces&#187;][vc_column]<div class=\"keyvisual\" data-aos=\"fade-up\" ><img loading=\"lazy\" decoding=\"async\" width=\"1440\" height=\"480\" src=\"https:\/\/www.vangraaf.com\/ch\/wp-content\/uploads\/sites\/6\/2020\/02\/Unternehmen_Unternehmensgruppe_VG_Banner_WP.jpg\" class=\"vc_single_image-img\" alt=\"\" srcset=\"https:\/\/www.vangraaf.com\/ch\/wp-content\/uploads\/sites\/6\/2020\/02\/Unternehmen_Unternehmensgruppe_VG_Banner_WP.jpg 1440w, https:\/\/www.vangraaf.com\/ch\/wp-content\/uploads\/sites\/6\/2020\/02\/Unternehmen_Unternehmensgruppe_VG_Banner_WP-300x100.jpg 300w, https:\/\/www.vangraaf.com\/ch\/wp-content\/uploads\/sites\/6\/2020\/02\/Unternehmen_Unternehmensgruppe_VG_Banner_WP-1024x341.jpg 1024w, https:\/\/www.vangraaf.com\/ch\/wp-content\/uploads\/sites\/6\/2020\/02\/Unternehmen_Unternehmensgruppe_VG_Banner_WP-768x256.jpg 768w, https:\/\/www.vangraaf.com\/ch\/wp-content\/uploads\/sites\/6\/2020\/02\/Unternehmen_Unternehmensgruppe_VG_Banner_WP-1200x400.jpg 1200w, https:\/\/www.vangraaf.com\/ch\/wp-content\/uploads\/sites\/6\/2020\/02\/Unternehmen_Unternehmensgruppe_VG_Banner_WP-992x331.jpg 992w, https:\/\/www.vangraaf.com\/ch\/wp-content\/uploads\/sites\/6\/2020\/02\/Unternehmen_Unternehmensgruppe_VG_Banner_WP-480x160.jpg 480w\" sizes=\"(max-width: 1440px) 100vw, 1440px\" \/><\/div>\n        <div class=\"headlines headlines--center\" data-aos=\"fade-up\">\n            <div class=\"vc_row\">\n                <div class=\"vc_col-md-10 vc_col-md-offset-1 vc_col-lg-10 vc_col-lg-offset-1\"><span class=\"h6\">VAN GRAAF<\/span><h1 class=\"h2\">Unternehmensgruppe<\/h1><\/div>\n            <\/div>\n        <\/div>[vc_column_text]\r\n<p style=\"text-align: center\">VAN GRAAF ist eines der f\u00fchrenden Modeunternehmen in Europa und f\u00fcr seine herausragende Kompetenz und Stilsicherheit bekannt. Von hochwertigen Basics \u00fcber Designer-Kollektionen bis hin zu jungen Trendlabels \u2013 als Markenspezialist bietet VAN GRAAF Qualit\u00e4t, Vielfalt und modisches Know-how aus einer Hand.<\/p>\r\n[\/vc_column_text][\/vc_column][\/vc_row][vc_row][vc_column]\n        <div class=\"headlines headlines--center\" data-aos=\"fade-up\">\n            <div class=\"vc_row\">\n                <div class=\"vc_col-md-10 vc_col-md-offset-1 vc_col-lg-10 vc_col-lg-offset-1\"><span class=\"h6\">VAN GRAAF<\/span><h2 class=\"h2\">In Europa zu Hause<\/h2><\/div>\n            <\/div>\n        <\/div>[vc_column_text]Unter dem Dach der Peek&amp;Cloppenburg KG Hamburg er\u00f6ffnet 2001 das erste VAN GRAAF Haus im polnischen Wroc\u0142aw. <span class=\"nobr\">VAN GRAAF<\/span> zeichnet sich durch eine starke Flexibilit\u00e4t und Sensibilit\u00e4t f\u00fcr die Marktbedingungen in Europa aus. Innerhalb weniger Jahre gelingt es <span class=\"nobr\">VAN GRAAF<\/span>, sich erfolgreich in mehreren Metropolen Europas zu etablieren. Mit derzeit 17 Stores ist das Unternehmen in den L\u00e4ndern Polen, Schweiz, Ungarn, Lettland und in der Tschechischen Republik vertreten. Der Hauptsitz der <span class=\"nobr\">VAN GRAAF GmbH &amp; Co. KG<\/span> befindet sich in Wien (\u00d6sterreich).\r\n\r\nAls leistungsstarker <span class=\"nobr\">Omni-Channel-H\u00e4ndler<\/span> ist die Unternehmensgruppe mit ihrem <span class=\"nobr\">Online-Shop VANGRAAF.COM<\/span> in Deutschland und Polen erfolgreich vertreten.\r\n\r\n<span class=\"nobr\">VAN GRAAF<\/span> steht f\u00fcr einen der leistungsst\u00e4rksten Mode-Anbieter von hochwertigen Basics bis hin zu internationalen Lifestyle-Marken f\u00fcr Damen und Herren. In seinen Verkaufsh\u00e4usern, allen voran im grossen <span class=\"nobr\">Flagship-Store<\/span> in Prag, f\u00fchrt <span class=\"nobr\">VAN GRAAF<\/span> bis zu 200 Labels.[\/vc_column_text][\/vc_column][\/vc_row][vc_row bwd_tbc4vd_show_weekday=&#187;&#187; full_width=&#187;stretch_row_content_no_spaces&#187;][vc_column]\n        <div class=\"headlines headlines--center\" data-aos=\"fade-up\">\n            <div class=\"vc_row\">\n                <div class=\"vc_col-md-10 vc_col-md-offset-1 vc_col-lg-10 vc_col-lg-offset-1\"><h2 class=\"h2\">Flagship-Store Prag<\/h2><\/div>\n            <\/div>\n        <\/div>[vc_row_inner][vc_column_inner]\n            <div class=\"vg-element topic-slider topic-slider--left topic-slider--dark\" style=\"--season-color-1: #ededed; --season-color-2: #002045\" data-aos=\"fade-up\">\n                <div class=\"topic-slider__inner\">\n                    <div class=\"content_wrap\">\n                        <div class=\"vc_row\">\n                            <div class=\"vc_col-md-12 vc_col-lg-10 vc_col-lg-offset-1\">\n                                <div class=\"vc_row\">\n                                    <div class=\"vc_col-sm-6\"><div class=\"topic-slider__image-wrap\"><div class=\"topic-slider__slider-wrap\"><div class=\"js-topic-slider\"><div class=\"topic-slider__slider__item\"><img loading=\"lazy\" decoding=\"async\" width=\"402\" height=\"535\" src=\"https:\/\/www.vangraaf.com\/ch\/wp-content\/uploads\/sites\/6\/2020\/02\/Unternehmen_Unternehmensgruppe_Prag_WP.jpg\" class=\"vc_single_image-img attachment-full\" alt=\"\" title=\"Unternehmen_Unternehmensgruppe_Prag_WP\" srcset=\"https:\/\/www.vangraaf.com\/ch\/wp-content\/uploads\/sites\/6\/2020\/02\/Unternehmen_Unternehmensgruppe_Prag_WP.jpg 402w, https:\/\/www.vangraaf.com\/ch\/wp-content\/uploads\/sites\/6\/2020\/02\/Unternehmen_Unternehmensgruppe_Prag_WP-225x300.jpg 225w\" sizes=\"(max-width: 402px) 100vw, 402px\" \/><\/div><\/div><\/div><\/div><\/div><div class=\"vc_col-sm-6 vc_col-md-5 vc_col-md-offset-1\"><div class=\"topic-slider__content\"><p>In einem historischen Gesch\u00e4ftshaus am Wenzelsplatz, dem Dreh- und Angelpunkt von Prag, empf\u00e4ngt der Flagship-Store von VAN GRAAF seine Kundinnen und Kunden.<\/p>\n<ul>\n<li>Zentrale Lage im Shopping-Herzen <span class=\"nobr\">von Prag<\/span><\/li>\n<li>Faszinierende Fashion-Welt auf 5 Etagen <span class=\"nobr\">mit 10.000 m\u00b2<\/span><\/li>\n<li>Einzigartige Vielfalt von bis zu 200\u00a0internationalen Fashion-Labels<\/li>\n<\/ul>\n<\/div><\/div>\n                                <\/div>\n                            <\/div>\n                        <\/div>\n                    <\/div>\n                <\/div>\n            <\/div>[\/vc_column_inner][\/vc_row_inner][\/vc_column][\/vc_row][vc_row bwd_tbc4vd_show_weekday=&#187;&#187; full_width=&#187;stretch_row_content_no_spaces&#187;][vc_column]\n        <div class=\"headlines headlines--center\" data-aos=\"fade-up\">\n            <div class=\"vc_row\">\n                <div class=\"vc_col-md-10 vc_col-md-offset-1 vc_col-lg-10 vc_col-lg-offset-1\"><h2 class=\"h2\">Online-Shop VANGRAAF.COM<\/h2><\/div>\n            <\/div>\n        <\/div><div class=\"vice-versa-teaser vice-versa-teaser--dark\" style=\"--season-color: #ededed\" data-aos=\"fade-up\"><div class=\"vice-versa-teaser__inner\">\n                        <div class=\"content_wrap\"><div class=\"vg-element vice-versa-teaser__item vice-versa-teaser__item--left\"><div class=\"vc_row vc_row-flex\"><div class=\"vc_col-xs-12 vc_col-sm-6\"><div class=\"vice-versa-teaser__item__image-wrap\"><a class=\"\" href=\"https:\/\/www.vangraaf.com\/de\" target=\"_blank\" rel=\"\" style=\"\"><img loading=\"lazy\" decoding=\"async\" width=\"544\" height=\"711\" src=\"https:\/\/www.vangraaf.com\/ch\/wp-content\/uploads\/sites\/6\/2020\/02\/DE_Unternehmen_Online_Shop_ViceVersa_WP.jpg\" class=\"attachment-van-graaf-vice-versa-teaser size-van-graaf-vice-versa-teaser\" alt=\"\" srcset=\"https:\/\/www.vangraaf.com\/ch\/wp-content\/uploads\/sites\/6\/2020\/02\/DE_Unternehmen_Online_Shop_ViceVersa_WP.jpg 544w, https:\/\/www.vangraaf.com\/ch\/wp-content\/uploads\/sites\/6\/2020\/02\/DE_Unternehmen_Online_Shop_ViceVersa_WP-230x300.jpg 230w, https:\/\/www.vangraaf.com\/ch\/wp-content\/uploads\/sites\/6\/2020\/02\/DE_Unternehmen_Online_Shop_ViceVersa_WP-480x627.jpg 480w\" sizes=\"(max-width: 544px) 100vw, 544px\" \/><\/a><\/div><\/div><div class=\"vice-versa-teaser__item__content-wrap vc_col-xs-12 vc_col-sm-6 vc_col-md-4 vc_col-md-offset-1\"><div class=\"vice-versa-teaser__item__content\"><p>VAN GRAAF gibt es seit 2012 in Deutschland mit einem <span class=\"nobr\">Online-Shop<\/span> f\u00fcr Mode und Lifestyle unter <span class=\"nobr\">VANGRAAF.COM.<\/span> Seit 2016 ist <span class=\"nobr\">VANGRAAF.COM<\/span> auch auf dem polnischen Markt vertreten und verbindet den station\u00e4ren Handel mit dem E-Commerce-Kanal zu einem zukunftsweisenden <span class=\"nobr\">Omni-Channel-Verbund.<\/span><\/p><a class=\"button button--dark\" href=\"https:\/\/www.vangraaf.com\/de\" target=\"_blank\" rel=\"\" style=\"\">Online-Shop Deutschland<\/a><\/div><\/div><\/div><\/div><div class=\"vg-element vice-versa-teaser__item vice-versa-teaser__item--right\"><div class=\"vc_row vc_row-flex\"><div class=\"vc_col-xs-12 vc_col-sm-6 vc_col-sm-push-6\"><div class=\"vice-versa-teaser__item__image-wrap\"><a class=\"\" href=\"https:\/\/www.vangraaf.com\/pl\/\" target=\"_blank\" rel=\"\" style=\"\"><img loading=\"lazy\" decoding=\"async\" width=\"544\" height=\"711\" src=\"https:\/\/www.vangraaf.com\/ch\/wp-content\/uploads\/sites\/6\/2020\/02\/PL_Unternehmen_Online_Shop_ViceVersa_WP.jpg\" class=\"attachment-van-graaf-vice-versa-teaser size-van-graaf-vice-versa-teaser\" alt=\"\" srcset=\"https:\/\/www.vangraaf.com\/ch\/wp-content\/uploads\/sites\/6\/2020\/02\/PL_Unternehmen_Online_Shop_ViceVersa_WP.jpg 544w, https:\/\/www.vangraaf.com\/ch\/wp-content\/uploads\/sites\/6\/2020\/02\/PL_Unternehmen_Online_Shop_ViceVersa_WP-230x300.jpg 230w, https:\/\/www.vangraaf.com\/ch\/wp-content\/uploads\/sites\/6\/2020\/02\/PL_Unternehmen_Online_Shop_ViceVersa_WP-480x627.jpg 480w\" sizes=\"(max-width: 544px) 100vw, 544px\" \/><\/a><\/div><\/div><div class=\"vice-versa-teaser__item__content-wrap vc_col-xs-12 vc_col-sm-6 vc_col-md-4 vc_col-md-offset-1 vc_col-sm-pull-6\"><div class=\"vice-versa-teaser__item__content\"><p>Die Online-Shops bieten bis zu <span class=\"nobr\">200 Top-Marken<\/span> f\u00fcr Damen, Herren und Kinder sowie professionelle <span class=\"nobr\">Outfit- und Stilberatung.<\/span><\/p><a class=\"button button--dark\" href=\"https:\/\/www.vangraaf.com\/pl\/\" target=\"_blank\" rel=\"\" style=\"\">Online-Shop Polen<\/a><\/div><\/div><\/div><\/div><\/div><\/div><\/div>[\/vc_column][\/vc_row][vc_row][vc_column]\n        <div class=\"vg-element promo-teaser promo-teaser--  promo-teaser--\" style=\"--season-color: #ffffff;\" data-aos=\"fade-up\">\n            <div class=\"vc_row vc_row-flex\">\n                <div class=\"vc_col-sm-6 promo-teaser__image\">\n                    <a class=\"\" href=\"https:\/\/www.vangraaf.com\/ch\/karriere\/\" target=\"_blank\" rel=\"\" style=\"\"><img loading=\"lazy\" decoding=\"async\" width=\"599\" height=\"549\" src=\"https:\/\/www.vangraaf.com\/ch\/wp-content\/uploads\/sites\/6\/2020\/02\/Unternehmen_Fakten_Karriere_WP.jpg\" class=\"vc_single_image-img\" alt=\"\" srcset=\"https:\/\/www.vangraaf.com\/ch\/wp-content\/uploads\/sites\/6\/2020\/02\/Unternehmen_Fakten_Karriere_WP.jpg 599w, https:\/\/www.vangraaf.com\/ch\/wp-content\/uploads\/sites\/6\/2020\/02\/Unternehmen_Fakten_Karriere_WP-300x275.jpg 300w, https:\/\/www.vangraaf.com\/ch\/wp-content\/uploads\/sites\/6\/2020\/02\/Unternehmen_Fakten_Karriere_WP-480x440.jpg 480w\" sizes=\"(max-width: 599px) 100vw, 599px\" \/><\/a>\n                <\/div>\n                <div class=\"vc_col-sm-6\">\n                    <div class=\"promo-teaser__content-wrapper\">\n                        <div class=\"promo-teaser__content promo-teaser__content--center\"><h3>Karriere<\/h3><p>Sie interessieren sich f\u00fcr eine Stelle bei VAN GRAAF? Dann bewerben Sie sich gerne bei uns!<\/p>\n<a class=\"button button--\" href=\"https:\/\/www.vangraaf.com\/ch\/karriere\/\" target=\"_blank\" rel=\"\" style=\"\">Zu den Stellenanzeigen<\/a><\/div>\n                    <\/div>\n                <\/div>\n            <\/div>\n        <\/div>[\/vc_column][\/vc_row]<\/div>","protected":false},"excerpt":{"rendered":"[vc_row bwd_tbc4vd_show_weekday=&#187;&#187; full_width=&#187;stretch_row_content_no_spaces&#187;][vc_column][vc_column_text] VAN GRAAF ist eines der f\u00fchrenden Modeunternehmen in Europa und f\u00fcr seine herausragende Kompetenz und Stilsicherheit bekannt. Von hochwertigen Basics \u00fcber Designer-Kollektionen bis hin zu jungen Trendlabels \u2013 als Markenspezialist bietet VAN GRAAF Qualit\u00e4t, Vielfalt und modisches Know-how aus einer Hand. [\/vc_column_text][\/vc_column][\/vc_row][vc_row][vc_column][vc_column_text]Unter dem Dach der Peek&amp;Cloppenburg KG Hamburg er\u00f6ffnet 2001 das erste [&hellip;]","protected":false},"author":6,"featured_media":0,"parent":5608,"menu_order":0,"comment_status":"closed","ping_status":"closed","template":"","meta":{"_acf_changed":false,"inline_featured_image":false,"footnotes":""},"class_list":["post-5614","page","type-page","status-publish","hentry"],"acf":[],"yoast_head":"<!-- This site is optimized with the Yoast SEO plugin v27.2 - https:\/\/yoast.com\/product\/yoast-seo-wordpress\/ -->\n<title>VAN GRAAF Schweiz - Unternehmensgruppe<\/title>\n<meta name=\"description\" content=\"VAN GRAAF ist eines der f\u00fchrenden Modeunternehmen in Europa und f\u00fcr seine herausragende Kompetenz und Stilsicherheit bekannt.\" \/>\n<meta name=\"robots\" content=\"index, follow, max-snippet:-1, max-image-preview:large, max-video-preview:-1\" \/>\n<link rel=\"canonical\" href=\"https:\/\/www.vangraaf.com\/ch\/unternehmen\/unternehmensgruppe\/\" \/>\n<meta property=\"og:locale\" content=\"de_DE\" \/>\n<meta property=\"og:type\" content=\"article\" \/>\n<meta property=\"og:title\" content=\"VAN GRAAF Schweiz - Unternehmensgruppe\" \/>\n<meta property=\"og:description\" content=\"VAN GRAAF ist eines der f\u00fchrenden Modeunternehmen in Europa und f\u00fcr seine herausragende Kompetenz und Stilsicherheit bekannt.\" \/>\n<meta property=\"og:url\" content=\"https:\/\/www.vangraaf.com\/ch\/unternehmen\/unternehmensgruppe\/\" \/>\n<meta property=\"og:site_name\" content=\"VAN GRAAF Schweiz\" \/>\n<meta property=\"article:modified_time\" content=\"2021-10-21T11:25:06+00:00\" \/>\n<meta name=\"twitter:card\" content=\"summary_large_image\" \/>\n<meta name=\"twitter:label1\" content=\"Est. reading time\" \/>\n\t<meta name=\"twitter:data1\" content=\"2\u00a0Minuten\" \/>\n<script type=\"application\/ld+json\" class=\"yoast-schema-graph\">{\"@context\":\"https:\/\/schema.org\",\"@graph\":[{\"@type\":\"WebPage\",\"@id\":\"https:\/\/www.vangraaf.com\/ch\/unternehmen\/unternehmensgruppe\/\",\"url\":\"https:\/\/www.vangraaf.com\/ch\/unternehmen\/unternehmensgruppe\/\",\"name\":\"VAN GRAAF Schweiz - Unternehmensgruppe\",\"isPartOf\":{\"@id\":\"https:\/\/www.vangraaf.com\/ch\/#website\"},\"datePublished\":\"2020-12-14T12:19:20+00:00\",\"dateModified\":\"2021-10-21T11:25:06+00:00\",\"description\":\"VAN GRAAF ist eines der f\u00fchrenden Modeunternehmen in Europa und f\u00fcr seine herausragende Kompetenz und Stilsicherheit bekannt.\",\"breadcrumb\":{\"@id\":\"https:\/\/www.vangraaf.com\/ch\/unternehmen\/unternehmensgruppe\/#breadcrumb\"},\"inLanguage\":\"de-CH\",\"potentialAction\":[{\"@type\":\"ReadAction\",\"target\":[\"https:\/\/www.vangraaf.com\/ch\/unternehmen\/unternehmensgruppe\/\"]}]},{\"@type\":\"BreadcrumbList\",\"@id\":\"https:\/\/www.vangraaf.com\/ch\/unternehmen\/unternehmensgruppe\/#breadcrumb\",\"itemListElement\":[{\"@type\":\"ListItem\",\"position\":1,\"name\":\"Home\",\"item\":\"https:\/\/www.vangraaf.com\/ch\/\"},{\"@type\":\"ListItem\",\"position\":2,\"name\":\"Unternehmen\",\"item\":\"https:\/\/www.vangraaf.com\/ch\/unternehmen\/\"},{\"@type\":\"ListItem\",\"position\":3,\"name\":\"Unternehmensgruppe\"}]},{\"@type\":\"WebSite\",\"@id\":\"https:\/\/www.vangraaf.com\/ch\/#website\",\"url\":\"https:\/\/www.vangraaf.com\/ch\/\",\"name\":\"VAN GRAAF\",\"description\":\"VAN GRAAF\",\"potentialAction\":[{\"@type\":\"SearchAction\",\"target\":{\"@type\":\"EntryPoint\",\"urlTemplate\":\"https:\/\/www.vangraaf.com\/ch\/?s={search_term_string}\"},\"query-input\":{\"@type\":\"PropertyValueSpecification\",\"valueRequired\":true,\"valueName\":\"search_term_string\"}}],\"inLanguage\":\"de-CH\"}]}<\/script>\n<!-- \/ Yoast SEO plugin. -->","yoast_head_json":{"title":"VAN GRAAF Schweiz - Unternehmensgruppe","description":"VAN GRAAF ist eines der f\u00fchrenden Modeunternehmen in Europa und f\u00fcr seine herausragende Kompetenz und Stilsicherheit bekannt.","robots":{"index":"index","follow":"follow","max-snippet":"max-snippet:-1","max-image-preview":"max-image-preview:large","max-video-preview":"max-video-preview:-1"},"canonical":"https:\/\/www.vangraaf.com\/ch\/unternehmen\/unternehmensgruppe\/","og_locale":"de_DE","og_type":"article","og_title":"VAN GRAAF Schweiz - Unternehmensgruppe","og_description":"VAN GRAAF ist eines der f\u00fchrenden Modeunternehmen in Europa und f\u00fcr seine herausragende Kompetenz und Stilsicherheit bekannt.","og_url":"https:\/\/www.vangraaf.com\/ch\/unternehmen\/unternehmensgruppe\/","og_site_name":"VAN GRAAF Schweiz","article_modified_time":"2021-10-21T11:25:06+00:00","twitter_card":"summary_large_image","twitter_misc":{"Est. reading time":"2\u00a0Minuten"},"schema":{"@context":"https:\/\/schema.org","@graph":[{"@type":"WebPage","@id":"https:\/\/www.vangraaf.com\/ch\/unternehmen\/unternehmensgruppe\/","url":"https:\/\/www.vangraaf.com\/ch\/unternehmen\/unternehmensgruppe\/","name":"VAN GRAAF Schweiz - Unternehmensgruppe","isPartOf":{"@id":"https:\/\/www.vangraaf.com\/ch\/#website"},"datePublished":"2020-12-14T12:19:20+00:00","dateModified":"2021-10-21T11:25:06+00:00","description":"VAN GRAAF ist eines der f\u00fchrenden Modeunternehmen in Europa und f\u00fcr seine herausragende Kompetenz und Stilsicherheit bekannt.","breadcrumb":{"@id":"https:\/\/www.vangraaf.com\/ch\/unternehmen\/unternehmensgruppe\/#breadcrumb"},"inLanguage":"de-CH","potentialAction":[{"@type":"ReadAction","target":["https:\/\/www.vangraaf.com\/ch\/unternehmen\/unternehmensgruppe\/"]}]},{"@type":"BreadcrumbList","@id":"https:\/\/www.vangraaf.com\/ch\/unternehmen\/unternehmensgruppe\/#breadcrumb","itemListElement":[{"@type":"ListItem","position":1,"name":"Home","item":"https:\/\/www.vangraaf.com\/ch\/"},{"@type":"ListItem","position":2,"name":"Unternehmen","item":"https:\/\/www.vangraaf.com\/ch\/unternehmen\/"},{"@type":"ListItem","position":3,"name":"Unternehmensgruppe"}]},{"@type":"WebSite","@id":"https:\/\/www.vangraaf.com\/ch\/#website","url":"https:\/\/www.vangraaf.com\/ch\/","name":"VAN GRAAF","description":"VAN GRAAF","potentialAction":[{"@type":"SearchAction","target":{"@type":"EntryPoint","urlTemplate":"https:\/\/www.vangraaf.com\/ch\/?s={search_term_string}"},"query-input":{"@type":"PropertyValueSpecification","valueRequired":true,"valueName":"search_term_string"}}],"inLanguage":"de-CH"}]}},"_links":{"self":[{"href":"https:\/\/www.vangraaf.com\/ch\/wp-json\/wp\/v2\/pages\/5614","targetHints":{"allow":["GET"]}}],"collection":[{"href":"https:\/\/www.vangraaf.com\/ch\/wp-json\/wp\/v2\/pages"}],"about":[{"href":"https:\/\/www.vangraaf.com\/ch\/wp-json\/wp\/v2\/types\/page"}],"author":[{"embeddable":true,"href":"https:\/\/www.vangraaf.com\/ch\/wp-json\/wp\/v2\/users\/6"}],"replies":[{"embeddable":true,"href":"https:\/\/www.vangraaf.com\/ch\/wp-json\/wp\/v2\/comments?post=5614"}],"version-history":[{"count":13,"href":"https:\/\/www.vangraaf.com\/ch\/wp-json\/wp\/v2\/pages\/5614\/revisions"}],"predecessor-version":[{"id":6420,"href":"https:\/\/www.vangraaf.com\/ch\/wp-json\/wp\/v2\/pages\/5614\/revisions\/6420"}],"up":[{"embeddable":true,"href":"https:\/\/www.vangraaf.com\/ch\/wp-json\/wp\/v2\/pages\/5608"}],"wp:attachment":[{"href":"https:\/\/www.vangraaf.com\/ch\/wp-json\/wp\/v2\/media?parent=5614"}],"curies":[{"name":"wp","href":"https:\/\/api.w.org\/{rel}","templated":true}]}}