{"id":5612,"date":"2020-12-14T13:18:53","date_gmt":"2020-12-14T12:18:53","guid":{"rendered":"https:\/\/www.vangraaf.com\/ch\/?page_id=5612"},"modified":"2026-02-02T13:56:53","modified_gmt":"2026-02-02T12:56:53","slug":"fakten","status":"publish","type":"page","link":"https:\/\/www.vangraaf.com\/ch\/unternehmen\/fakten\/","title":{"rendered":"Fakten"},"content":{"rendered":"<div class=\"wpb-content-wrapper\">[vc_row bwd_tbc4vd_show_weekday=&#187;&#187; full_width=&#187;stretch_row_content_no_spaces&#187;][vc_column]<div class=\"keyvisual\" data-aos=\"fade-up\" ><img loading=\"lazy\" decoding=\"async\" width=\"1440\" height=\"480\" src=\"https:\/\/www.vangraaf.com\/ch\/wp-content\/uploads\/sites\/6\/2020\/02\/Unternehmen_Fakten_Banner_WP.jpeg\" class=\"vc_single_image-img\" alt=\"\" srcset=\"https:\/\/www.vangraaf.com\/ch\/wp-content\/uploads\/sites\/6\/2020\/02\/Unternehmen_Fakten_Banner_WP.jpeg 1440w, https:\/\/www.vangraaf.com\/ch\/wp-content\/uploads\/sites\/6\/2020\/02\/Unternehmen_Fakten_Banner_WP-300x100.jpeg 300w, https:\/\/www.vangraaf.com\/ch\/wp-content\/uploads\/sites\/6\/2020\/02\/Unternehmen_Fakten_Banner_WP-1024x341.jpeg 1024w, https:\/\/www.vangraaf.com\/ch\/wp-content\/uploads\/sites\/6\/2020\/02\/Unternehmen_Fakten_Banner_WP-768x256.jpeg 768w, https:\/\/www.vangraaf.com\/ch\/wp-content\/uploads\/sites\/6\/2020\/02\/Unternehmen_Fakten_Banner_WP-1200x400.jpeg 1200w, https:\/\/www.vangraaf.com\/ch\/wp-content\/uploads\/sites\/6\/2020\/02\/Unternehmen_Fakten_Banner_WP-992x331.jpeg 992w, https:\/\/www.vangraaf.com\/ch\/wp-content\/uploads\/sites\/6\/2020\/02\/Unternehmen_Fakten_Banner_WP-480x160.jpeg 480w, https:\/\/www.vangraaf.com\/ch\/wp-content\/uploads\/sites\/6\/2020\/02\/Unternehmen_Fakten_Banner_WP-690x230.jpeg 690w\" sizes=\"(max-width: 1440px) 100vw, 1440px\" \/><\/div>\n        <div class=\"headlines headlines--center\" data-aos=\"fade-up\">\n            <div class=\"vc_row\">\n                <div class=\"vc_col-md-10 vc_col-md-offset-1 vc_col-lg-10 vc_col-lg-offset-1\"><span class=\"h6\">Fakten<\/span><h1 class=\"h2\">Zahlen &amp; Filialen<\/h1><\/div>\n            <\/div>\n        <\/div>[vc_column_text]\r\n<p style=\"text-align: center\">\u00dcber 400 Mitarbeiter, mehr als 200 Mode-Labels, 17 Standorte europaweit \u2013 die wichtigsten Fakten \u00fcber <span class=\"nobr\">VAN GRAAF<\/span> in K\u00fcrze zusammengefasst.<\/p>\r\n[\/vc_column_text][\/vc_column][\/vc_row][vc_row][vc_column]<ul class=\"vg-element chess-board chess-board--4 chess-board--4--layout-2\" data-aos=\"fade-up\" aria-label=\"Teaser\"><li class=\"chess-board__item  chess-board__item--lightbox\"><a href=\"#lightbox\" class=\"chess-board__item__link js-lightbox js-chess-board\" data-lightbox-template=\"text\" data-lightbox-headline=\"Mitarbeiterinnen &amp; Mitarbeiter\" data-lightbox-content=\"&lt;h4&gt;Mitarbeiterinnen &amp; Mitarbeiter&lt;\/h4&gt;&lt;p&gt;Rund 400 Mitarbeiterinnen &lt;span class=&quot;nobr&quot;&gt;und Mitarbeiter sorgen&lt;\/span&gt; \u00ad&lt;span class=&quot;nobr&quot;&gt;mit Begeisterung f\u00fcr&lt;\/span&gt; &lt;span class=&quot;nobr&quot;&gt;zufriedene Kunden.&lt;\/span&gt;&lt;\/p&gt;\" data-lightbox-hide-for-sm=\"true\"  aria-expanded=\"false\"><div class=\"chess-board__item__image\"><img loading=\"lazy\" decoding=\"async\" width=\"400\" height=\"400\" src=\"https:\/\/www.vangraaf.com\/ch\/wp-content\/uploads\/sites\/6\/2020\/02\/Unternehmen_Fakten_Chess_1Begeisterung_WP.jpg\" class=\"attachment-full size-full\" alt=\"\" srcset=\"https:\/\/www.vangraaf.com\/ch\/wp-content\/uploads\/sites\/6\/2020\/02\/Unternehmen_Fakten_Chess_1Begeisterung_WP.jpg 400w, https:\/\/www.vangraaf.com\/ch\/wp-content\/uploads\/sites\/6\/2020\/02\/Unternehmen_Fakten_Chess_1Begeisterung_WP-300x300.jpg 300w, https:\/\/www.vangraaf.com\/ch\/wp-content\/uploads\/sites\/6\/2020\/02\/Unternehmen_Fakten_Chess_1Begeisterung_WP-150x150.jpg 150w, https:\/\/www.vangraaf.com\/ch\/wp-content\/uploads\/sites\/6\/2020\/02\/Unternehmen_Fakten_Chess_1Begeisterung_WP-280x280.jpg 280w\" sizes=\"(max-width: 400px) 100vw, 400px\" \/><\/div><div class=\"chess-board__item__content\"><div class=\"chess-board__item__content__inner\"><div class=\"chess-board__item__content__inner__overflow\"><h4 class=\"\">Mitarbeiterinnen & Mitarbeiter<\/h4><\/div><\/div><span class=\"show-more\"><\/span><\/div><\/a><div id=\"chess-board-4-item-accordion69fcba0f791fc\" class=\"chess-board__item__accordion\" role=\"region\"><div class=\"chess-board__item__accordion__inner\"><p>Rund 400 Mitarbeiterinnen <span class=\"nobr\">und Mitarbeiter sorgen<\/span> \u00ad<span class=\"nobr\">mit Begeisterung f\u00fcr<\/span> <span class=\"nobr\">zufriedene Kunden.<\/span><\/p><\/div><\/div><\/li><li class=\"chess-board__item revert chess-board__item--lightbox\"><a href=\"#lightbox\" class=\"chess-board__item__link js-lightbox js-chess-board\" data-lightbox-template=\"text\" data-lightbox-headline=\"Verkaufsh\u00e4user\" data-lightbox-content=\"&lt;h4&gt;Verkaufsh\u00e4user&lt;\/h4&gt;&lt;p&gt;17 Verkaufsh\u00e4user und zwei Online-Shops in sechs europ\u00e4ischen L\u00e4ndern pr\u00e4sentieren die Modewelten von VAN GRAAF.&lt;\/p&gt;\" data-lightbox-hide-for-sm=\"true\"  aria-expanded=\"false\"><div class=\"chess-board__item__content\"><div class=\"chess-board__item__content__inner\"><div class=\"chess-board__item__content__inner__overflow\"><h4 class=\"\">Verkaufsh\u00e4user<\/h4><\/div><\/div><span class=\"show-more\"><\/span><\/div><div class=\"chess-board__item__image\"><img loading=\"lazy\" decoding=\"async\" width=\"300\" height=\"300\" src=\"https:\/\/www.vangraaf.com\/ch\/wp-content\/uploads\/sites\/6\/2020\/02\/CH_Spreitenbach_Store_Chessboard.jpg\" class=\"attachment-full size-full\" alt=\"Eingang eines Van Graaf Modegesch\u00e4fts mit leuchtendem Logo und Blick ins Innere.\" srcset=\"https:\/\/www.vangraaf.com\/ch\/wp-content\/uploads\/sites\/6\/2020\/02\/CH_Spreitenbach_Store_Chessboard.jpg 300w, https:\/\/www.vangraaf.com\/ch\/wp-content\/uploads\/sites\/6\/2020\/02\/CH_Spreitenbach_Store_Chessboard-150x150.jpg 150w, https:\/\/www.vangraaf.com\/ch\/wp-content\/uploads\/sites\/6\/2020\/02\/CH_Spreitenbach_Store_Chessboard-280x280.jpg 280w\" sizes=\"(max-width: 300px) 100vw, 300px\" \/><\/div><\/a><div id=\"chess-board-4-item-accordion69fcba0f794e9\" class=\"chess-board__item__accordion\" role=\"region\"><div class=\"chess-board__item__accordion__inner\"><p>17 Verkaufsh\u00e4user und zwei Online-Shops in sechs europ\u00e4ischen L\u00e4ndern pr\u00e4sentieren die Modewelten von VAN GRAAF.<\/p><\/div><\/div><\/li><li class=\"chess-board__item revert chess-board__item--lightbox\"><a href=\"#lightbox\" class=\"chess-board__item__link js-lightbox js-chess-board\" data-lightbox-template=\"text\" data-lightbox-headline=\"Modelabels\" data-lightbox-content=\"&lt;h4&gt;Modelabels&lt;\/h4&gt;&lt;p&gt;Bis zu 200 internationale Modelabels bieten Qualit\u00e4t, Vielfalt und Trendsicherheit.&lt;\/p&gt;\" data-lightbox-hide-for-sm=\"true\"  aria-expanded=\"false\"><div class=\"chess-board__item__image\"><img loading=\"lazy\" decoding=\"async\" width=\"300\" height=\"300\" src=\"https:\/\/www.vangraaf.com\/ch\/wp-content\/uploads\/sites\/6\/2020\/02\/Unternehmen_Fakten_Chess_3Modelabels_WP.jpg\" class=\"attachment-full size-full\" alt=\"\" srcset=\"https:\/\/www.vangraaf.com\/ch\/wp-content\/uploads\/sites\/6\/2020\/02\/Unternehmen_Fakten_Chess_3Modelabels_WP.jpg 300w, https:\/\/www.vangraaf.com\/ch\/wp-content\/uploads\/sites\/6\/2020\/02\/Unternehmen_Fakten_Chess_3Modelabels_WP-150x150.jpg 150w\" sizes=\"(max-width: 300px) 100vw, 300px\" \/><\/div><div class=\"chess-board__item__content\"><div class=\"chess-board__item__content__inner\"><div class=\"chess-board__item__content__inner__overflow\"><h4 class=\"\">Modelabels<\/h4><\/div><\/div><span class=\"show-more\"><\/span><\/div><\/a><div id=\"chess-board-4-item-accordion69fcba0f7961b\" class=\"chess-board__item__accordion\" role=\"region\"><div class=\"chess-board__item__accordion__inner\"><p>Bis zu 200 internationale Modelabels bieten Qualit\u00e4t, Vielfalt und Trendsicherheit.<\/p><\/div><\/div><\/li><li class=\"chess-board__item  chess-board__item--lightbox\"><a href=\"#lightbox\" class=\"chess-board__item__link js-lightbox js-chess-board\" data-lightbox-template=\"text\" data-lightbox-headline=\"Historie\" data-lightbox-content=\"&lt;h4&gt;Historie&lt;\/h4&gt;&lt;p&gt;Seit 2 Generationen wird &lt;span class=&quot;nobr&quot;&gt;VAN GRAAF&lt;\/span&gt; in &lt;span class=&quot;nobr&quot;&gt;\u00adFamilienhand gef\u00fchrt.&lt;\/span&gt;&lt;\/p&gt;&lt;a class=&quot;button&quot; href=&quot;https:\/\/www.vangraaf.com\/ch\/unternehmen\/historie\/&quot; target=&quot;_self&quot; rel=&quot;&quot; style=&quot;&quot;&gt;Mehr erfahren&lt;\/a&gt;\" data-lightbox-hide-for-sm=\"true\"  aria-expanded=\"false\"><div class=\"chess-board__item__content\"><div class=\"chess-board__item__content__inner\"><div class=\"chess-board__item__content__inner__overflow\"><h4 class=\"\">Historie<\/h4><\/div><\/div><span class=\"show-more\"><\/span><\/div><div class=\"chess-board__item__image\"><img loading=\"lazy\" decoding=\"async\" width=\"300\" height=\"300\" src=\"https:\/\/www.vangraaf.com\/ch\/wp-content\/uploads\/sites\/6\/2020\/02\/Unternehmen_Startseite_Historie_WP.jpg\" class=\"attachment-full size-full\" alt=\"\" srcset=\"https:\/\/www.vangraaf.com\/ch\/wp-content\/uploads\/sites\/6\/2020\/02\/Unternehmen_Startseite_Historie_WP.jpg 300w, https:\/\/www.vangraaf.com\/ch\/wp-content\/uploads\/sites\/6\/2020\/02\/Unternehmen_Startseite_Historie_WP-150x150.jpg 150w\" sizes=\"(max-width: 300px) 100vw, 300px\" \/><\/div><\/a><div id=\"chess-board-4-item-accordion69fcba0f7978a\" class=\"chess-board__item__accordion\" role=\"region\"><div class=\"chess-board__item__accordion__inner\"><p>Seit 2 Generationen wird <span class=\"nobr\">VAN GRAAF<\/span> in <span class=\"nobr\">\u00adFamilienhand gef\u00fchrt.<\/span><\/p><a class=\"button\" href=\"https:\/\/www.vangraaf.com\/ch\/unternehmen\/historie\/\" target=\"_self\" rel=\"\" style=\"\">Mehr erfahren<\/a><\/div><\/div><\/li><\/ul>[\/vc_column][\/vc_row][vc_row][vc_column]\n            <div class=\"vg-element topic-slider topic-slider--left topic-slider--dark\" style=\"--season-color-1: #ededed; --season-color-2: #002045\" data-aos=\"fade-up\">\n                <div class=\"topic-slider__inner\">\n                    <div class=\"content_wrap\">\n                        <div class=\"vc_row\">\n                            <div class=\"vc_col-md-12 vc_col-lg-10 vc_col-lg-offset-1\">\n                                <div class=\"vc_row\">\n                                    <div class=\"vc_col-sm-6\"><div class=\"topic-slider__image-wrap\"><div class=\"topic-slider__slider-wrap\"><div class=\"js-topic-slider\"><div class=\"topic-slider__slider__item\"><img loading=\"lazy\" decoding=\"async\" width=\"427\" height=\"639\" src=\"https:\/\/www.vangraaf.com\/ch\/wp-content\/uploads\/sites\/6\/2020\/02\/DE_VG_Fakten_Online_Shop_TopicSlider_WP.jpg\" class=\"vc_single_image-img attachment-full\" alt=\"\" title=\"DE_VG_Fakten_Online_Shop_TopicSlider_WP\" srcset=\"https:\/\/www.vangraaf.com\/ch\/wp-content\/uploads\/sites\/6\/2020\/02\/DE_VG_Fakten_Online_Shop_TopicSlider_WP.jpg 427w, https:\/\/www.vangraaf.com\/ch\/wp-content\/uploads\/sites\/6\/2020\/02\/DE_VG_Fakten_Online_Shop_TopicSlider_WP-200x300.jpg 200w\" sizes=\"(max-width: 427px) 100vw, 427px\" \/><\/div><\/div><\/div><\/div><\/div><div class=\"vc_col-sm-6 vc_col-md-5 vc_col-md-offset-1\"><div class=\"topic-slider__content\"><span class=\"h4\">Der Online-Shop<\/span><p>Mode, Lifestyle und Top-Services rund um die Uhr im Online-Shop VANGRAAF.COM in <a title=\"Online-Shop VANGRAAF.COM\" href=\"https:\/\/www.vangraaf.com\/de\/\" target=\"_blank\" rel=\"noopener noreferrer\">Deutschland<\/a> und <a title=\"Online-Shop VANGRAAF.COM\" href=\"https:\/\/www.vangraaf.com\/pl\/\" target=\"_blank\" rel=\"noopener noreferrer\">Polen<\/a><\/p>\n<\/div><\/div>\n                                <\/div>\n                            <\/div>\n                        <\/div>\n                    <\/div>\n                <\/div>\n            <\/div>[\/vc_column][\/vc_row][vc_row][vc_column]\n        <div class=\"headlines headlines--center\" data-aos=\"fade-up\">\n            <div class=\"vc_row\">\n                <div class=\"vc_col-md-10 vc_col-md-offset-1 vc_col-lg-10 vc_col-lg-offset-1\"><span class=\"h6\">Standorte<\/span><h2 class=\"h2\">Unsere Standorte in Europa<\/h2><\/div>\n            <\/div>\n        <\/div><div data-leaflet-options=\"{&quot;marker&quot;:{&quot;3703&quot;:{&quot;title&quot;:&quot;Budapest, Allee&quot;,&quot;lat&quot;:&quot;47.47537715&quot;,&quot;long&quot;:&quot;19.04934103&quot;,&quot;category&quot;:&quot;vg&quot;,&quot;tooltip&quot;:&quot;&lt;strong&gt;Budapest, Allee&lt;\\\/strong&gt;&lt;p&gt;Verkaufshaus&lt;\\\/p&gt;&lt;p&gt;&lt;a class=\\&quot;button\\&quot; href=\\&quot;https:\\\/\\\/www.vangraaf.com\\\/hu\\\/divathazaink\\\/budapest-allee\\\/\\&quot;&gt;Zum Standort&lt;\\\/a&gt;&lt;\\\/p&gt;&quot;},&quot;3704&quot;:{&quot;title&quot;:&quot;Budapest, \\u00c1rk\\u00e1d&quot;,&quot;lat&quot;:&quot;47.5030067&quot;,&quot;long&quot;:&quot;19.14136971&quot;,&quot;category&quot;:&quot;vg&quot;,&quot;tooltip&quot;:&quot;&lt;strong&gt;Budapest, \\u00c1rk\\u00e1d&lt;\\\/strong&gt;&lt;p&gt;Verkaufshaus&lt;\\\/p&gt;&lt;p&gt;&lt;a class=\\&quot;button\\&quot; href=\\&quot;https:\\\/\\\/www.vangraaf.com\\\/hu\\\/divathazaink\\\/budapest-arkad\\\/\\&quot;&gt;Zum Standort&lt;\\\/a&gt;&lt;\\\/p&gt;&quot;},&quot;3705&quot;:{&quot;title&quot;:&quot;Danzig&quot;,&quot;lat&quot;:&quot;54.3493276&quot;,&quot;long&quot;:&quot;18.6442557&quot;,&quot;category&quot;:&quot;vg&quot;,&quot;tooltip&quot;:&quot;&lt;strong&gt;Danzig&lt;\\\/strong&gt;&lt;p&gt;Verkaufshaus&lt;\\\/p&gt;&lt;p&gt;&lt;a class=\\&quot;button\\&quot; href=\\&quot;https:\\\/\\\/www.vangraaf.com\\\/pl\\\/salony\\\/nasze-filie\\\/gdansk\\\/\\&quot;&gt;Zum Standort&lt;\\\/a&gt;&lt;\\\/p&gt;&quot;},&quot;3706&quot;:{&quot;title&quot;:&quot;Gdingen&quot;,&quot;lat&quot;:&quot;54.5050165&quot;,&quot;long&quot;:&quot;18.5319454&quot;,&quot;category&quot;:&quot;vg&quot;,&quot;tooltip&quot;:&quot;&lt;strong&gt;Gdingen&lt;\\\/strong&gt;&lt;p&gt;Verkaufshaus&lt;\\\/p&gt;&lt;p&gt;&lt;a class=\\&quot;button\\&quot; href=\\&quot;https:\\\/\\\/www.vangraaf.com\\\/pl\\\/salony\\\/nasze-filie\\\/gdynia\\\/\\&quot;&gt;Zum Standort&lt;\\\/a&gt;&lt;\\\/p&gt;&quot;},&quot;3708&quot;:{&quot;title&quot;:&quot;Katowice Silesia City Center&quot;,&quot;lat&quot;:&quot;50.270513&quot;,&quot;long&quot;:&quot;19.0047342&quot;,&quot;category&quot;:&quot;vg&quot;,&quot;tooltip&quot;:&quot;&lt;strong&gt;Katowice Silesia City Center&lt;\\\/strong&gt;&lt;p&gt;Verkaufshaus&lt;\\\/p&gt;&lt;p&gt;&lt;a class=\\&quot;button\\&quot; href=\\&quot;https:\\\/\\\/www.vangraaf.com\\\/pl\\\/salony\\\/nasze-filie\\\/katowice\\\/\\&quot;&gt;Zum Standort&lt;\\\/a&gt;&lt;\\\/p&gt;&quot;},&quot;3709&quot;:{&quot;title&quot;:&quot;Lodz&quot;,&quot;lat&quot;:&quot;51.7792577&quot;,&quot;long&quot;:&quot;19.4447859&quot;,&quot;category&quot;:&quot;vg&quot;,&quot;tooltip&quot;:&quot;&lt;strong&gt;Lodz&lt;\\\/strong&gt;&lt;p&gt;Verkaufshaus&lt;\\\/p&gt;&lt;p&gt;&lt;a class=\\&quot;button\\&quot; href=\\&quot;https:\\\/\\\/www.vangraaf.com\\\/pl\\\/salony\\\/nasze-filie\\\/lodz\\\/\\&quot;&gt;Zum Standort&lt;\\\/a&gt;&lt;\\\/p&gt;&quot;},&quot;3711&quot;:{&quot;title&quot;:&quot;Posen, Stary Browar&quot;,&quot;lat&quot;:&quot;52.4012985&quot;,&quot;long&quot;:&quot;16.9277759&quot;,&quot;category&quot;:&quot;vg&quot;,&quot;tooltip&quot;:&quot;&lt;strong&gt;Posen, Stary Browar&lt;\\\/strong&gt;&lt;p&gt;Verkaufshaus&lt;\\\/p&gt;&lt;p&gt;&lt;a class=\\&quot;button\\&quot; href=\\&quot;https:\\\/\\\/www.vangraaf.com\\\/pl\\\/salony\\\/nasze-filie\\\/poznan-stary-browar\\\/\\&quot;&gt;Zum Standort&lt;\\\/a&gt;&lt;\\\/p&gt;&quot;},&quot;3717&quot;:{&quot;title&quot;:&quot;Riga&quot;,&quot;lat&quot;:&quot;56.9244304&quot;,&quot;long&quot;:&quot;24.1721953&quot;,&quot;category&quot;:&quot;vg&quot;,&quot;tooltip&quot;:&quot;&lt;strong&gt;Riga&lt;\\\/strong&gt;&lt;p&gt;Verkaufshaus&lt;\\\/p&gt;&lt;p&gt;&lt;a class=\\&quot;button\\&quot; href=\\&quot;https:\\\/\\\/www.vangraaf.com\\\/lv\\\/par-mums\\\/riga\\\/\\&quot;&gt;Zum Standort&lt;\\\/a&gt;&lt;\\\/p&gt;&quot;},&quot;3722&quot;:{&quot;title&quot;:&quot;Zoppot&quot;,&quot;lat&quot;:&quot;54.44455297892016&quot;,&quot;long&quot;:&quot;18.567380152994758&quot;,&quot;category&quot;:&quot;vg&quot;,&quot;tooltip&quot;:&quot;&lt;strong&gt;Zoppot&lt;\\\/strong&gt;&lt;p&gt;Outlet&lt;\\\/p&gt;&lt;p&gt;&lt;a class=\\&quot;button\\&quot; href=\\&quot;https:\\\/\\\/www.vangraaf.com\\\/pl\\\/salony\\\/nasze-filie\\\/sopot-outlet\\\/\\&quot;&gt;Zum Standort&lt;\\\/a&gt;&lt;\\\/p&gt;&quot;},&quot;3713&quot;:{&quot;title&quot;:&quot;Spreitenbach bei Z\\u00fcrich&quot;,&quot;lat&quot;:&quot;47.42360321&quot;,&quot;long&quot;:&quot;8.37162911&quot;,&quot;category&quot;:&quot;vg&quot;,&quot;tooltip&quot;:&quot;&lt;strong&gt;Spreitenbach bei Z\\u00fcrich&lt;\\\/strong&gt;&lt;p&gt;Verkaufshaus&lt;\\\/p&gt;&lt;p&gt;&lt;a class=\\&quot;button\\&quot; href=\\&quot;https:\\\/\\\/www.vangraaf.com\\\/ch\\\/haus\\\/spreitenbach\\\/\\&quot;&gt;Zum Standort&lt;\\\/a&gt;&lt;\\\/p&gt;&quot;},&quot;3714&quot;:{&quot;title&quot;:&quot;Stettin&quot;,&quot;lat&quot;:&quot;53.4277687&quot;,&quot;long&quot;:&quot;14.5511149&quot;,&quot;category&quot;:&quot;vg&quot;,&quot;tooltip&quot;:&quot;&lt;strong&gt;Stettin&lt;\\\/strong&gt;&lt;p&gt;Verkaufshaus&lt;\\\/p&gt;&lt;p&gt;&lt;a class=\\&quot;button\\&quot; href=\\&quot;https:\\\/\\\/www.vangraaf.com\\\/pl\\\/salony\\\/nasze-filie\\\/szczecin\\\/\\&quot;&gt;Zum Standort&lt;\\\/a&gt;&lt;\\\/p&gt;&quot;},&quot;3721&quot;:{&quot;title&quot;:&quot;Warschau, Galeria M\\u0142ociny&quot;,&quot;lat&quot;:&quot;52.288160&quot;,&quot;long&quot;:&quot;20.928220&quot;,&quot;category&quot;:&quot;vg&quot;,&quot;tooltip&quot;:&quot;&lt;strong&gt;Warschau, Galeria M\\u0142ociny&lt;\\\/strong&gt;&lt;p&gt;Verkaufshaus&lt;\\\/p&gt;&lt;p&gt;&lt;a class=\\&quot;button\\&quot; href=\\&quot;https:\\\/\\\/www.vangraaf.com\\\/pl\\\/salony\\\/nasze-filie\\\/warszawa-galerii-mlociny\\\/\\&quot;&gt;Zum Standort&lt;\\\/a&gt;&lt;\\\/p&gt;&quot;},&quot;3715&quot;:{&quot;title&quot;:&quot;Warschau, Z\\u0142ote Tarasy&quot;,&quot;lat&quot;:&quot;52.2307089&quot;,&quot;long&quot;:&quot;21.0021248&quot;,&quot;category&quot;:&quot;vg&quot;,&quot;tooltip&quot;:&quot;&lt;strong&gt;Warschau, Z\\u0142ote Tarasy&lt;\\\/strong&gt;&lt;p&gt;Verkaufshaus&lt;\\\/p&gt;&lt;p&gt;&lt;a class=\\&quot;button\\&quot; href=\\&quot;https:\\\/\\\/www.vangraaf.com\\\/pl\\\/salony\\\/nasze-filie\\\/warszawa-zlote-tarasy\\\/\\&quot;&gt;Zum Standort&lt;\\\/a&gt;&lt;\\\/p&gt;&quot;}},&quot;zoom&quot;:&quot;5&quot;,&quot;center&quot;:{&quot;lat&quot;:&quot;53.08275410884729&quot;,&quot;long&quot;:&quot;15.491434221122145&quot;}}\" data-uc-options=\"{&quot;serviceName&quot;:&quot;OpenStreetMap&quot;,&quot;serviceID&quot;:&quot;j7Igy6o8D&quot;,&quot;description&quot;:&quot;Wir verwenden einen Service eines Drittanbieters, um Karteninhalte einzubetten. Dieser Service kann Daten zu Ihren Aktivit\\u00e4ten sammeln. Bitte lesen Sie die Details durch und stimmen Sie der Nutzung des Service zu, um diese Karte anzuzeigen.&quot;}\"><div id=\"leaflet\"><\/div><\/div>[\/vc_column][\/vc_row]<\/div>","protected":false},"excerpt":{"rendered":"[vc_row bwd_tbc4vd_show_weekday=&#187;&#187; full_width=&#187;stretch_row_content_no_spaces&#187;][vc_column][vc_column_text] \u00dcber 400 Mitarbeiter, mehr als 200 Mode-Labels, 17 Standorte europaweit \u2013 die wichtigsten Fakten \u00fcber VAN GRAAF in K\u00fcrze zusammengefasst. [\/vc_column_text][\/vc_column][\/vc_row][vc_row][vc_column][\/vc_column][\/vc_row][vc_row][vc_column][\/vc_column][\/vc_row][vc_row][vc_column][\/vc_column][\/vc_row]","protected":false},"author":6,"featured_media":0,"parent":5608,"menu_order":0,"comment_status":"closed","ping_status":"closed","template":"","meta":{"_acf_changed":false,"inline_featured_image":false,"footnotes":""},"class_list":["post-5612","page","type-page","status-publish","hentry"],"acf":[],"yoast_head":"<!-- This site is optimized with the Yoast SEO plugin v27.2 - https:\/\/yoast.com\/product\/yoast-seo-wordpress\/ -->\n<title>VAN GRAAF Schweiz - Fakten<\/title>\n<meta name=\"robots\" content=\"index, follow, max-snippet:-1, max-image-preview:large, max-video-preview:-1\" \/>\n<link rel=\"canonical\" href=\"https:\/\/www.vangraaf.com\/ch\/unternehmen\/fakten\/\" \/>\n<meta property=\"og:locale\" content=\"de_DE\" \/>\n<meta property=\"og:type\" content=\"article\" \/>\n<meta property=\"og:title\" content=\"VAN GRAAF Schweiz - Fakten\" \/>\n<meta property=\"og:description\" content=\"[vc_row bwd_tbc4vd_show_weekday=&#187;&#187; full_width=&#187;stretch_row_content_no_spaces&#187;][vc_column][vc_column_text] \u00dcber 400 Mitarbeiter, mehr als 200 Mode-Labels, 17 Standorte europaweit \u2013 die wichtigsten Fakten \u00fcber VAN GRAAF in K\u00fcrze zusammengefasst. [\/vc_column_text][\/vc_column][\/vc_row][vc_row][vc_column][\/vc_column][\/vc_row][vc_row][vc_column][\/vc_column][\/vc_row][vc_row][vc_column][\/vc_column][\/vc_row]\" \/>\n<meta property=\"og:url\" content=\"https:\/\/www.vangraaf.com\/ch\/unternehmen\/fakten\/\" \/>\n<meta property=\"og:site_name\" content=\"VAN GRAAF Schweiz\" \/>\n<meta property=\"article:modified_time\" content=\"2026-02-02T12:56:53+00:00\" \/>\n<meta name=\"twitter:card\" content=\"summary_large_image\" \/>\n<meta name=\"twitter:label1\" content=\"Est. reading time\" \/>\n\t<meta name=\"twitter:data1\" content=\"1\u00a0Minute\" \/>\n<script type=\"application\/ld+json\" class=\"yoast-schema-graph\">{\"@context\":\"https:\/\/schema.org\",\"@graph\":[{\"@type\":\"WebPage\",\"@id\":\"https:\/\/www.vangraaf.com\/ch\/unternehmen\/fakten\/\",\"url\":\"https:\/\/www.vangraaf.com\/ch\/unternehmen\/fakten\/\",\"name\":\"VAN GRAAF Schweiz - Fakten\",\"isPartOf\":{\"@id\":\"https:\/\/www.vangraaf.com\/ch\/#website\"},\"datePublished\":\"2020-12-14T12:18:53+00:00\",\"dateModified\":\"2026-02-02T12:56:53+00:00\",\"breadcrumb\":{\"@id\":\"https:\/\/www.vangraaf.com\/ch\/unternehmen\/fakten\/#breadcrumb\"},\"inLanguage\":\"de-CH\",\"potentialAction\":[{\"@type\":\"ReadAction\",\"target\":[\"https:\/\/www.vangraaf.com\/ch\/unternehmen\/fakten\/\"]}]},{\"@type\":\"BreadcrumbList\",\"@id\":\"https:\/\/www.vangraaf.com\/ch\/unternehmen\/fakten\/#breadcrumb\",\"itemListElement\":[{\"@type\":\"ListItem\",\"position\":1,\"name\":\"Home\",\"item\":\"https:\/\/www.vangraaf.com\/ch\/\"},{\"@type\":\"ListItem\",\"position\":2,\"name\":\"Unternehmen\",\"item\":\"https:\/\/www.vangraaf.com\/ch\/unternehmen\/\"},{\"@type\":\"ListItem\",\"position\":3,\"name\":\"Fakten\"}]},{\"@type\":\"WebSite\",\"@id\":\"https:\/\/www.vangraaf.com\/ch\/#website\",\"url\":\"https:\/\/www.vangraaf.com\/ch\/\",\"name\":\"VAN GRAAF\",\"description\":\"VAN GRAAF\",\"potentialAction\":[{\"@type\":\"SearchAction\",\"target\":{\"@type\":\"EntryPoint\",\"urlTemplate\":\"https:\/\/www.vangraaf.com\/ch\/?s={search_term_string}\"},\"query-input\":{\"@type\":\"PropertyValueSpecification\",\"valueRequired\":true,\"valueName\":\"search_term_string\"}}],\"inLanguage\":\"de-CH\"}]}<\/script>\n<!-- \/ Yoast SEO plugin. -->","yoast_head_json":{"title":"VAN GRAAF Schweiz - Fakten","robots":{"index":"index","follow":"follow","max-snippet":"max-snippet:-1","max-image-preview":"max-image-preview:large","max-video-preview":"max-video-preview:-1"},"canonical":"https:\/\/www.vangraaf.com\/ch\/unternehmen\/fakten\/","og_locale":"de_DE","og_type":"article","og_title":"VAN GRAAF Schweiz - Fakten","og_description":"[vc_row bwd_tbc4vd_show_weekday=&#187;&#187; full_width=&#187;stretch_row_content_no_spaces&#187;][vc_column][vc_column_text] \u00dcber 400 Mitarbeiter, mehr als 200 Mode-Labels, 17 Standorte europaweit \u2013 die wichtigsten Fakten \u00fcber VAN GRAAF in K\u00fcrze zusammengefasst. [\/vc_column_text][\/vc_column][\/vc_row][vc_row][vc_column][\/vc_column][\/vc_row][vc_row][vc_column][\/vc_column][\/vc_row][vc_row][vc_column][\/vc_column][\/vc_row]","og_url":"https:\/\/www.vangraaf.com\/ch\/unternehmen\/fakten\/","og_site_name":"VAN GRAAF Schweiz","article_modified_time":"2026-02-02T12:56:53+00:00","twitter_card":"summary_large_image","twitter_misc":{"Est. reading time":"1\u00a0Minute"},"schema":{"@context":"https:\/\/schema.org","@graph":[{"@type":"WebPage","@id":"https:\/\/www.vangraaf.com\/ch\/unternehmen\/fakten\/","url":"https:\/\/www.vangraaf.com\/ch\/unternehmen\/fakten\/","name":"VAN GRAAF Schweiz - Fakten","isPartOf":{"@id":"https:\/\/www.vangraaf.com\/ch\/#website"},"datePublished":"2020-12-14T12:18:53+00:00","dateModified":"2026-02-02T12:56:53+00:00","breadcrumb":{"@id":"https:\/\/www.vangraaf.com\/ch\/unternehmen\/fakten\/#breadcrumb"},"inLanguage":"de-CH","potentialAction":[{"@type":"ReadAction","target":["https:\/\/www.vangraaf.com\/ch\/unternehmen\/fakten\/"]}]},{"@type":"BreadcrumbList","@id":"https:\/\/www.vangraaf.com\/ch\/unternehmen\/fakten\/#breadcrumb","itemListElement":[{"@type":"ListItem","position":1,"name":"Home","item":"https:\/\/www.vangraaf.com\/ch\/"},{"@type":"ListItem","position":2,"name":"Unternehmen","item":"https:\/\/www.vangraaf.com\/ch\/unternehmen\/"},{"@type":"ListItem","position":3,"name":"Fakten"}]},{"@type":"WebSite","@id":"https:\/\/www.vangraaf.com\/ch\/#website","url":"https:\/\/www.vangraaf.com\/ch\/","name":"VAN GRAAF","description":"VAN GRAAF","potentialAction":[{"@type":"SearchAction","target":{"@type":"EntryPoint","urlTemplate":"https:\/\/www.vangraaf.com\/ch\/?s={search_term_string}"},"query-input":{"@type":"PropertyValueSpecification","valueRequired":true,"valueName":"search_term_string"}}],"inLanguage":"de-CH"}]}},"_links":{"self":[{"href":"https:\/\/www.vangraaf.com\/ch\/wp-json\/wp\/v2\/pages\/5612","targetHints":{"allow":["GET"]}}],"collection":[{"href":"https:\/\/www.vangraaf.com\/ch\/wp-json\/wp\/v2\/pages"}],"about":[{"href":"https:\/\/www.vangraaf.com\/ch\/wp-json\/wp\/v2\/types\/page"}],"author":[{"embeddable":true,"href":"https:\/\/www.vangraaf.com\/ch\/wp-json\/wp\/v2\/users\/6"}],"replies":[{"embeddable":true,"href":"https:\/\/www.vangraaf.com\/ch\/wp-json\/wp\/v2\/comments?post=5612"}],"version-history":[{"count":22,"href":"https:\/\/www.vangraaf.com\/ch\/wp-json\/wp\/v2\/pages\/5612\/revisions"}],"predecessor-version":[{"id":8136,"href":"https:\/\/www.vangraaf.com\/ch\/wp-json\/wp\/v2\/pages\/5612\/revisions\/8136"}],"up":[{"embeddable":true,"href":"https:\/\/www.vangraaf.com\/ch\/wp-json\/wp\/v2\/pages\/5608"}],"wp:attachment":[{"href":"https:\/\/www.vangraaf.com\/ch\/wp-json\/wp\/v2\/media?parent=5612"}],"curies":[{"name":"wp","href":"https:\/\/api.w.org\/{rel}","templated":true}]}}