{"id":5608,"date":"2020-12-14T13:15:57","date_gmt":"2020-12-14T12:15:57","guid":{"rendered":"https:\/\/www.vangraaf.com\/ch\/?page_id=5608"},"modified":"2026-01-06T16:40:53","modified_gmt":"2026-01-06T15:40:53","slug":"unternehmen","status":"publish","type":"page","link":"https:\/\/www.vangraaf.com\/ch\/unternehmen\/","title":{"rendered":"Unternehmen"},"content":{"rendered":"<div class=\"wpb-content-wrapper\">[vc_row bwd_tbc4vd_show_weekday=&#187;&#187; full_width=&#187;stretch_row_content_no_spaces&#187;][vc_column]<div class=\"keyvisual\" data-aos=\"fade-up\" ><img loading=\"lazy\" decoding=\"async\" width=\"1440\" height=\"480\" src=\"https:\/\/www.vangraaf.com\/ch\/wp-content\/uploads\/sites\/6\/2020\/02\/Unternehmen_Startseite_Banner_Prag_WP.jpg\" class=\"vc_single_image-img\" alt=\"\" srcset=\"https:\/\/www.vangraaf.com\/ch\/wp-content\/uploads\/sites\/6\/2020\/02\/Unternehmen_Startseite_Banner_Prag_WP.jpg 1440w, https:\/\/www.vangraaf.com\/ch\/wp-content\/uploads\/sites\/6\/2020\/02\/Unternehmen_Startseite_Banner_Prag_WP-300x100.jpg 300w, https:\/\/www.vangraaf.com\/ch\/wp-content\/uploads\/sites\/6\/2020\/02\/Unternehmen_Startseite_Banner_Prag_WP-1024x341.jpg 1024w, https:\/\/www.vangraaf.com\/ch\/wp-content\/uploads\/sites\/6\/2020\/02\/Unternehmen_Startseite_Banner_Prag_WP-768x256.jpg 768w, https:\/\/www.vangraaf.com\/ch\/wp-content\/uploads\/sites\/6\/2020\/02\/Unternehmen_Startseite_Banner_Prag_WP-1200x400.jpg 1200w, https:\/\/www.vangraaf.com\/ch\/wp-content\/uploads\/sites\/6\/2020\/02\/Unternehmen_Startseite_Banner_Prag_WP-992x331.jpg 992w, https:\/\/www.vangraaf.com\/ch\/wp-content\/uploads\/sites\/6\/2020\/02\/Unternehmen_Startseite_Banner_Prag_WP-480x160.jpg 480w\" sizes=\"(max-width: 1440px) 100vw, 1440px\" \/><\/div>\n        <div class=\"headlines headlines--center\" data-aos=\"fade-up\">\n            <div class=\"vc_row\">\n                <div class=\"vc_col-md-10 vc_col-md-offset-1 vc_col-lg-10 vc_col-lg-offset-1\"><span class=\"h6\">VAN GRAAF<\/span><h1 class=\"h2\">Willkommen bei VAN GRAAF<\/h1><\/div>\n            <\/div>\n        <\/div>[vc_column_text]\r\n<p style=\"text-align: center\">Qualit\u00e4t zieht an \u2013 europaweit! VAN GRAAF hat sich seit der Gr\u00fcndung im Jahr 2001 zu einem der f\u00fchrenden Modeunternehmen in Europa entwickelt. Neben den 17 station\u00e4ren H\u00e4usern in der Schweiz, Polen, Lettland und Ungarn z\u00e4hlen auch die Online-Shops in Deutschland und Polen zum leistungsstarken Omni-Channel-H\u00e4ndler. Das Unternehmen hat wichtige Weichen f\u00fcr die digitale Zukunft gestellt und sieht sich in Anbetracht aktueller und zuk\u00fcnftiger gesellschaftlicher, \u00f6kologischer und wirtschaftlicher Herausforderungen bestens aufgestellt.<\/p>\r\n[\/vc_column_text][\/vc_column][\/vc_row][vc_row bwd_tbc4vd_show_weekday=&#187;&#187; full_width=&#187;stretch_row_content_no_spaces&#187;][vc_column]<div class=\"vice-versa-teaser vice-versa-teaser--dark\" style=\"--season-color: #ededed\" data-aos=\"fade-up\"><div class=\"vice-versa-teaser__inner\">\n                        <div class=\"content_wrap\"><div class=\"vg-element vice-versa-teaser__item vice-versa-teaser__item--left\"><div class=\"vc_row vc_row-flex\"><div class=\"vc_col-xs-12 vc_col-sm-6\"><div class=\"vice-versa-teaser__item__image-wrap\"><a class=\"\" href=\"\/ch\/unternehmen\/fakten\/\" target=\"_self\" rel=\"\" style=\"\"><img loading=\"lazy\" decoding=\"async\" width=\"557\" height=\"737\" src=\"https:\/\/www.vangraaf.com\/ch\/wp-content\/uploads\/sites\/6\/2020\/02\/Unternehmen_Startseite_Fakten_WP.jpg\" class=\"attachment-van-graaf-vice-versa-teaser size-van-graaf-vice-versa-teaser\" alt=\"\" srcset=\"https:\/\/www.vangraaf.com\/ch\/wp-content\/uploads\/sites\/6\/2020\/02\/Unternehmen_Startseite_Fakten_WP.jpg 557w, https:\/\/www.vangraaf.com\/ch\/wp-content\/uploads\/sites\/6\/2020\/02\/Unternehmen_Startseite_Fakten_WP-227x300.jpg 227w, https:\/\/www.vangraaf.com\/ch\/wp-content\/uploads\/sites\/6\/2020\/02\/Unternehmen_Startseite_Fakten_WP-480x635.jpg 480w\" sizes=\"(max-width: 557px) 100vw, 557px\" \/><\/a><\/div><\/div><div class=\"vice-versa-teaser__item__content-wrap vc_col-xs-12 vc_col-sm-6 vc_col-md-4 vc_col-md-offset-1\"><div class=\"vice-versa-teaser__item__content\"><h3>Fakten<\/h3><p>\u00dcber 400 Mitarbeiter, mehr als 200 Mode-Labels, 17 Standorte europaweit \u2013 die wichtigsten Fakten \u00fcber VAN GRAAF in K\u00fcrze zusammengefasst.<\/p><a class=\"button button--dark\" href=\"\/ch\/unternehmen\/fakten\/\" target=\"_self\" rel=\"\" style=\"\">Mehr erfahren<\/a><\/div><\/div><\/div><\/div><div class=\"vg-element vice-versa-teaser__item vice-versa-teaser__item--right\"><div class=\"vc_row vc_row-flex\"><div class=\"vc_col-xs-12 vc_col-sm-6 vc_col-sm-push-6\"><div class=\"vice-versa-teaser__item__image-wrap\"><a class=\"\" href=\"https:\/\/www.vangraaf.com\/ch\/karriere\/\" target=\"_blank\" rel=\"\" style=\"\"><img loading=\"lazy\" decoding=\"async\" width=\"555\" height=\"735\" src=\"https:\/\/www.vangraaf.com\/ch\/wp-content\/uploads\/sites\/6\/2020\/02\/Karriere.jpg\" class=\"attachment-van-graaf-vice-versa-teaser size-van-graaf-vice-versa-teaser\" alt=\"\" srcset=\"https:\/\/www.vangraaf.com\/ch\/wp-content\/uploads\/sites\/6\/2020\/02\/Karriere.jpg 555w, https:\/\/www.vangraaf.com\/ch\/wp-content\/uploads\/sites\/6\/2020\/02\/Karriere-227x300.jpg 227w, https:\/\/www.vangraaf.com\/ch\/wp-content\/uploads\/sites\/6\/2020\/02\/Karriere-480x636.jpg 480w\" sizes=\"(max-width: 555px) 100vw, 555px\" \/><\/a><\/div><\/div><div class=\"vice-versa-teaser__item__content-wrap vc_col-xs-12 vc_col-sm-6 vc_col-md-4 vc_col-md-offset-1 vc_col-sm-pull-6\"><div class=\"vice-versa-teaser__item__content\"><h3>Karriere<\/h3><p>Mit Leidenschaft f\u00fcr Mode und Menschen: Unseren Mitarbeitern stehen grenzenlose Perspektiven und Karrieren offen \u2013 von Danzig bis Budapest, von Teilzeit bis F\u00fchrungsposition, von Modeexperte bis Organisationstalent.<\/p><a class=\"button button--dark\" href=\"https:\/\/www.vangraaf.com\/ch\/karriere\/\" target=\"_blank\" rel=\"\" style=\"\">Mehr erfahren<\/a><\/div><\/div><\/div><\/div><div class=\"vg-element vice-versa-teaser__item vice-versa-teaser__item--left\"><div class=\"vc_row vc_row-flex\"><div class=\"vc_col-xs-12 vc_col-sm-6\"><div class=\"vice-versa-teaser__item__image-wrap\"><a class=\"\" href=\"https:\/\/www.vangraaf.com\/ch\/unternehmen\/nachhaltigkeit\/\" target=\"_self\" rel=\"\" style=\"\"><img loading=\"lazy\" decoding=\"async\" width=\"544\" height=\"711\" src=\"https:\/\/www.vangraaf.com\/ch\/wp-content\/uploads\/sites\/6\/2021\/06\/nachhaltigkeit_Baeume_viceversa.jpg\" class=\"attachment-van-graaf-vice-versa-teaser size-van-graaf-vice-versa-teaser\" alt=\"Blick von unten auf hohe B\u00e4ume mit gr\u00fcnen Bl\u00e4ttern, die gegen den Himmel wachsen.\" srcset=\"https:\/\/www.vangraaf.com\/ch\/wp-content\/uploads\/sites\/6\/2021\/06\/nachhaltigkeit_Baeume_viceversa.jpg 544w, https:\/\/www.vangraaf.com\/ch\/wp-content\/uploads\/sites\/6\/2021\/06\/nachhaltigkeit_Baeume_viceversa-230x300.jpg 230w, https:\/\/www.vangraaf.com\/ch\/wp-content\/uploads\/sites\/6\/2021\/06\/nachhaltigkeit_Baeume_viceversa-480x627.jpg 480w\" sizes=\"(max-width: 544px) 100vw, 544px\" \/><\/a><\/div><\/div><div class=\"vice-versa-teaser__item__content-wrap vc_col-xs-12 vc_col-sm-6 vc_col-md-4 vc_col-md-offset-1\"><div class=\"vice-versa-teaser__item__content\"><h3>Nachhaltigkeit<\/h3><p>Wir nehmen unsere gesellschaftliche Verantwortung ernst und setzen uns f\u00fcr eine \u00f6kologisch und sozial nachhaltige Produktion und Kreislaufwirtschaft unserer <span class=\"nobr\">Sortimente ein.<\/span><\/p><a class=\"button button--dark\" href=\"https:\/\/www.vangraaf.com\/ch\/unternehmen\/nachhaltigkeit\/\" target=\"_self\" rel=\"\" style=\"\">Mehr erfahren<\/a><\/div><\/div><\/div><\/div><\/div><\/div><\/div>[\/vc_column][\/vc_row][vc_row][vc_column]<ul class=\"vg-element chess-board chess-board--4 chess-board--4--layout-2\" data-aos=\"fade-up\" aria-label=\"Teaser\"><li class=\"chess-board__item \"><a class=\"chess-board__item__link\" href=\"https:\/\/www.vangraaf.com\/ch\/unternehmen\/unternehmensgruppe\/\" target=\"_self\" rel=\"\" style=\"\"><div class=\"chess-board__item__image\"><img loading=\"lazy\" decoding=\"async\" width=\"300\" height=\"300\" src=\"https:\/\/www.vangraaf.com\/ch\/wp-content\/uploads\/sites\/6\/2020\/02\/CH_Spreitenbach_Store_Chessboard.jpg\" class=\"attachment-full size-full\" alt=\"Eingang eines Van Graaf Modegesch\u00e4fts mit leuchtendem Logo und Blick ins Innere.\" srcset=\"https:\/\/www.vangraaf.com\/ch\/wp-content\/uploads\/sites\/6\/2020\/02\/CH_Spreitenbach_Store_Chessboard.jpg 300w, https:\/\/www.vangraaf.com\/ch\/wp-content\/uploads\/sites\/6\/2020\/02\/CH_Spreitenbach_Store_Chessboard-150x150.jpg 150w, https:\/\/www.vangraaf.com\/ch\/wp-content\/uploads\/sites\/6\/2020\/02\/CH_Spreitenbach_Store_Chessboard-280x280.jpg 280w\" sizes=\"(max-width: 300px) 100vw, 300px\" \/><\/div><div class=\"chess-board__item__content\"><div class=\"chess-board__item__content__inner\"><div class=\"chess-board__item__content__inner__overflow\"><h4 class=\"\">Unternehmensgruppe<\/h4><\/div><\/div><span class=\"show-more\"><\/span><\/div><\/a><\/li><li class=\"chess-board__item revert\"><a class=\"chess-board__item__link\" href=\"https:\/\/www.vangraaf.com\/ch\/unternehmen\/historie\/\" target=\"_self\" rel=\"\" style=\"\"><div class=\"chess-board__item__content\"><div class=\"chess-board__item__content__inner\"><div class=\"chess-board__item__content__inner__overflow\"><h4 class=\"\">Historie<\/h4><\/div><\/div><span class=\"show-more\"><\/span><\/div><div class=\"chess-board__item__image\"><img loading=\"lazy\" decoding=\"async\" width=\"300\" height=\"300\" src=\"https:\/\/www.vangraaf.com\/ch\/wp-content\/uploads\/sites\/6\/2020\/02\/Unternehmen_Startseite_Historie_WP.jpg\" class=\"attachment-full size-full\" alt=\"\" srcset=\"https:\/\/www.vangraaf.com\/ch\/wp-content\/uploads\/sites\/6\/2020\/02\/Unternehmen_Startseite_Historie_WP.jpg 300w, https:\/\/www.vangraaf.com\/ch\/wp-content\/uploads\/sites\/6\/2020\/02\/Unternehmen_Startseite_Historie_WP-150x150.jpg 150w\" sizes=\"(max-width: 300px) 100vw, 300px\" \/><\/div><\/a><\/li><li class=\"chess-board__item revert\"><a class=\"chess-board__item__link\" href=\"https:\/\/www.vangraaf.com\/ch\/unternehmen\/modekompetenz\/\" target=\"_self\" rel=\"\" style=\"\"><div class=\"chess-board__item__image\"><img loading=\"lazy\" decoding=\"async\" width=\"400\" height=\"400\" src=\"https:\/\/www.vangraaf.com\/ch\/wp-content\/uploads\/sites\/6\/2020\/02\/Modekompetenz_Chessboard_WP.jpg\" class=\"attachment-full size-full\" alt=\"\" srcset=\"https:\/\/www.vangraaf.com\/ch\/wp-content\/uploads\/sites\/6\/2020\/02\/Modekompetenz_Chessboard_WP.jpg 400w, https:\/\/www.vangraaf.com\/ch\/wp-content\/uploads\/sites\/6\/2020\/02\/Modekompetenz_Chessboard_WP-300x300.jpg 300w, https:\/\/www.vangraaf.com\/ch\/wp-content\/uploads\/sites\/6\/2020\/02\/Modekompetenz_Chessboard_WP-150x150.jpg 150w, https:\/\/www.vangraaf.com\/ch\/wp-content\/uploads\/sites\/6\/2020\/02\/Modekompetenz_Chessboard_WP-280x280.jpg 280w\" sizes=\"(max-width: 400px) 100vw, 400px\" \/><\/div><div class=\"chess-board__item__content\"><div class=\"chess-board__item__content__inner\"><div class=\"chess-board__item__content__inner__overflow\"><h4 class=\"\">Modekompetenz<\/h4><\/div><\/div><span class=\"show-more\"><\/span><\/div><\/a><\/li><li class=\"chess-board__item \"><a class=\"chess-board__item__link\" href=\"https:\/\/www.vangraaf.com\/ch\/unternehmen\/architektur\/\" target=\"_self\" rel=\"\" style=\"\"><div class=\"chess-board__item__content\"><div class=\"chess-board__item__content__inner\"><div class=\"chess-board__item__content__inner__overflow\"><h4 class=\"\">Architektur<\/h4><\/div><\/div><span class=\"show-more\"><\/span><\/div><div class=\"chess-board__item__image\"><img loading=\"lazy\" decoding=\"async\" width=\"300\" height=\"300\" src=\"https:\/\/www.vangraaf.com\/ch\/wp-content\/uploads\/sites\/6\/2020\/02\/Unternehmen_Startseite_Architektur_VG_WP.jpg\" class=\"attachment-full size-full\" alt=\"\" srcset=\"https:\/\/www.vangraaf.com\/ch\/wp-content\/uploads\/sites\/6\/2020\/02\/Unternehmen_Startseite_Architektur_VG_WP.jpg 300w, https:\/\/www.vangraaf.com\/ch\/wp-content\/uploads\/sites\/6\/2020\/02\/Unternehmen_Startseite_Architektur_VG_WP-150x150.jpg 150w\" sizes=\"(max-width: 300px) 100vw, 300px\" \/><\/div><\/a><\/li><\/ul>[\/vc_column][\/vc_row]<\/div>","protected":false},"excerpt":{"rendered":"[vc_row bwd_tbc4vd_show_weekday=&#187;&#187; full_width=&#187;stretch_row_content_no_spaces&#187;][vc_column][vc_column_text] Qualit\u00e4t zieht an \u2013 europaweit! VAN GRAAF hat sich seit der Gr\u00fcndung im Jahr 2001 zu einem der f\u00fchrenden Modeunternehmen in Europa entwickelt. Neben den 17 station\u00e4ren H\u00e4usern in der Schweiz, Polen, Lettland und Ungarn z\u00e4hlen auch die Online-Shops in Deutschland und Polen zum leistungsstarken Omni-Channel-H\u00e4ndler. Das Unternehmen hat wichtige Weichen f\u00fcr [&hellip;]","protected":false},"author":6,"featured_media":0,"parent":0,"menu_order":0,"comment_status":"closed","ping_status":"closed","template":"","meta":{"_acf_changed":false,"inline_featured_image":false,"footnotes":""},"class_list":["post-5608","page","type-page","status-publish","hentry"],"acf":[],"yoast_head":"<!-- This site is optimized with the Yoast SEO plugin v27.2 - https:\/\/yoast.com\/product\/yoast-seo-wordpress\/ -->\n<title>VAN GRAAF Schweiz - Unternehmen<\/title>\n<meta name=\"description\" content=\"VAN GRAAF hat sich seit der Gr\u00fcndung im Jahr 2001 zu einem der f\u00fchrenden Modeunternehmen in Europa entwickelt.\" \/>\n<meta name=\"robots\" content=\"index, follow, max-snippet:-1, max-image-preview:large, max-video-preview:-1\" \/>\n<link rel=\"canonical\" href=\"https:\/\/www.vangraaf.com\/ch\/unternehmen\/\" \/>\n<meta property=\"og:locale\" content=\"de_DE\" \/>\n<meta property=\"og:type\" content=\"article\" \/>\n<meta property=\"og:title\" content=\"VAN GRAAF Schweiz - Unternehmen\" \/>\n<meta property=\"og:description\" content=\"VAN GRAAF hat sich seit der Gr\u00fcndung im Jahr 2001 zu einem der f\u00fchrenden Modeunternehmen in Europa entwickelt.\" \/>\n<meta property=\"og:url\" content=\"https:\/\/www.vangraaf.com\/ch\/unternehmen\/\" \/>\n<meta property=\"og:site_name\" content=\"VAN GRAAF Schweiz\" \/>\n<meta property=\"article:modified_time\" content=\"2026-01-06T15:40:53+00:00\" \/>\n<meta name=\"twitter:card\" content=\"summary_large_image\" \/>\n<meta name=\"twitter:label1\" content=\"Est. reading time\" \/>\n\t<meta name=\"twitter:data1\" content=\"1\u00a0Minute\" \/>\n<script type=\"application\/ld+json\" class=\"yoast-schema-graph\">{\"@context\":\"https:\/\/schema.org\",\"@graph\":[{\"@type\":\"WebPage\",\"@id\":\"https:\/\/www.vangraaf.com\/ch\/unternehmen\/\",\"url\":\"https:\/\/www.vangraaf.com\/ch\/unternehmen\/\",\"name\":\"VAN GRAAF Schweiz - Unternehmen\",\"isPartOf\":{\"@id\":\"https:\/\/www.vangraaf.com\/ch\/#website\"},\"datePublished\":\"2020-12-14T12:15:57+00:00\",\"dateModified\":\"2026-01-06T15:40:53+00:00\",\"description\":\"VAN GRAAF hat sich seit der Gr\u00fcndung im Jahr 2001 zu einem der f\u00fchrenden Modeunternehmen in Europa entwickelt.\",\"breadcrumb\":{\"@id\":\"https:\/\/www.vangraaf.com\/ch\/unternehmen\/#breadcrumb\"},\"inLanguage\":\"de-CH\",\"potentialAction\":[{\"@type\":\"ReadAction\",\"target\":[\"https:\/\/www.vangraaf.com\/ch\/unternehmen\/\"]}]},{\"@type\":\"BreadcrumbList\",\"@id\":\"https:\/\/www.vangraaf.com\/ch\/unternehmen\/#breadcrumb\",\"itemListElement\":[{\"@type\":\"ListItem\",\"position\":1,\"name\":\"Home\",\"item\":\"https:\/\/www.vangraaf.com\/ch\/\"},{\"@type\":\"ListItem\",\"position\":2,\"name\":\"Unternehmen\"}]},{\"@type\":\"WebSite\",\"@id\":\"https:\/\/www.vangraaf.com\/ch\/#website\",\"url\":\"https:\/\/www.vangraaf.com\/ch\/\",\"name\":\"VAN GRAAF\",\"description\":\"VAN GRAAF\",\"potentialAction\":[{\"@type\":\"SearchAction\",\"target\":{\"@type\":\"EntryPoint\",\"urlTemplate\":\"https:\/\/www.vangraaf.com\/ch\/?s={search_term_string}\"},\"query-input\":{\"@type\":\"PropertyValueSpecification\",\"valueRequired\":true,\"valueName\":\"search_term_string\"}}],\"inLanguage\":\"de-CH\"}]}<\/script>\n<!-- \/ Yoast SEO plugin. -->","yoast_head_json":{"title":"VAN GRAAF Schweiz - Unternehmen","description":"VAN GRAAF hat sich seit der Gr\u00fcndung im Jahr 2001 zu einem der f\u00fchrenden Modeunternehmen in Europa entwickelt.","robots":{"index":"index","follow":"follow","max-snippet":"max-snippet:-1","max-image-preview":"max-image-preview:large","max-video-preview":"max-video-preview:-1"},"canonical":"https:\/\/www.vangraaf.com\/ch\/unternehmen\/","og_locale":"de_DE","og_type":"article","og_title":"VAN GRAAF Schweiz - Unternehmen","og_description":"VAN GRAAF hat sich seit der Gr\u00fcndung im Jahr 2001 zu einem der f\u00fchrenden Modeunternehmen in Europa entwickelt.","og_url":"https:\/\/www.vangraaf.com\/ch\/unternehmen\/","og_site_name":"VAN GRAAF Schweiz","article_modified_time":"2026-01-06T15:40:53+00:00","twitter_card":"summary_large_image","twitter_misc":{"Est. reading time":"1\u00a0Minute"},"schema":{"@context":"https:\/\/schema.org","@graph":[{"@type":"WebPage","@id":"https:\/\/www.vangraaf.com\/ch\/unternehmen\/","url":"https:\/\/www.vangraaf.com\/ch\/unternehmen\/","name":"VAN GRAAF Schweiz - Unternehmen","isPartOf":{"@id":"https:\/\/www.vangraaf.com\/ch\/#website"},"datePublished":"2020-12-14T12:15:57+00:00","dateModified":"2026-01-06T15:40:53+00:00","description":"VAN GRAAF hat sich seit der Gr\u00fcndung im Jahr 2001 zu einem der f\u00fchrenden Modeunternehmen in Europa entwickelt.","breadcrumb":{"@id":"https:\/\/www.vangraaf.com\/ch\/unternehmen\/#breadcrumb"},"inLanguage":"de-CH","potentialAction":[{"@type":"ReadAction","target":["https:\/\/www.vangraaf.com\/ch\/unternehmen\/"]}]},{"@type":"BreadcrumbList","@id":"https:\/\/www.vangraaf.com\/ch\/unternehmen\/#breadcrumb","itemListElement":[{"@type":"ListItem","position":1,"name":"Home","item":"https:\/\/www.vangraaf.com\/ch\/"},{"@type":"ListItem","position":2,"name":"Unternehmen"}]},{"@type":"WebSite","@id":"https:\/\/www.vangraaf.com\/ch\/#website","url":"https:\/\/www.vangraaf.com\/ch\/","name":"VAN GRAAF","description":"VAN GRAAF","potentialAction":[{"@type":"SearchAction","target":{"@type":"EntryPoint","urlTemplate":"https:\/\/www.vangraaf.com\/ch\/?s={search_term_string}"},"query-input":{"@type":"PropertyValueSpecification","valueRequired":true,"valueName":"search_term_string"}}],"inLanguage":"de-CH"}]}},"_links":{"self":[{"href":"https:\/\/www.vangraaf.com\/ch\/wp-json\/wp\/v2\/pages\/5608","targetHints":{"allow":["GET"]}}],"collection":[{"href":"https:\/\/www.vangraaf.com\/ch\/wp-json\/wp\/v2\/pages"}],"about":[{"href":"https:\/\/www.vangraaf.com\/ch\/wp-json\/wp\/v2\/types\/page"}],"author":[{"embeddable":true,"href":"https:\/\/www.vangraaf.com\/ch\/wp-json\/wp\/v2\/users\/6"}],"replies":[{"embeddable":true,"href":"https:\/\/www.vangraaf.com\/ch\/wp-json\/wp\/v2\/comments?post=5608"}],"version-history":[{"count":16,"href":"https:\/\/www.vangraaf.com\/ch\/wp-json\/wp\/v2\/pages\/5608\/revisions"}],"predecessor-version":[{"id":8128,"href":"https:\/\/www.vangraaf.com\/ch\/wp-json\/wp\/v2\/pages\/5608\/revisions\/8128"}],"wp:attachment":[{"href":"https:\/\/www.vangraaf.com\/ch\/wp-json\/wp\/v2\/media?parent=5608"}],"curies":[{"name":"wp","href":"https:\/\/api.w.org\/{rel}","templated":true}]}}