{"id":4724,"date":"2020-04-28T10:40:44","date_gmt":"2020-04-28T08:40:44","guid":{"rendered":"http:\/\/van-graaf-staging.pluspol-networks.de\/ch\/?page_id=4724"},"modified":"2022-01-28T08:56:52","modified_gmt":"2022-01-28T07:56:52","slug":"newsletter","status":"publish","type":"page","link":"https:\/\/www.vangraaf.com\/ch\/van-graaf-card\/newsletter\/","title":{"rendered":"Newsletter"},"content":{"rendered":"<div class=\"wpb-content-wrapper\">[vc_row bwd_tbc4vd_show_weekday=&#187;&#187; full_width=&#187;stretch_row_content_no_spaces&#187;][vc_column]<div class=\"keyvisual\" data-aos=\"fade-up\" ><img loading=\"lazy\" decoding=\"async\" width=\"1440\" height=\"480\" src=\"https:\/\/www.vangraaf.com\/ch\/wp-content\/uploads\/sites\/6\/2020\/02\/keyvisual-vgcard.jpg\" class=\"vc_single_image-img\" alt=\"\" srcset=\"https:\/\/www.vangraaf.com\/ch\/wp-content\/uploads\/sites\/6\/2020\/02\/keyvisual-vgcard.jpg 1440w, https:\/\/www.vangraaf.com\/ch\/wp-content\/uploads\/sites\/6\/2020\/02\/keyvisual-vgcard-300x100.jpg 300w, https:\/\/www.vangraaf.com\/ch\/wp-content\/uploads\/sites\/6\/2020\/02\/keyvisual-vgcard-1024x341.jpg 1024w, https:\/\/www.vangraaf.com\/ch\/wp-content\/uploads\/sites\/6\/2020\/02\/keyvisual-vgcard-768x256.jpg 768w, https:\/\/www.vangraaf.com\/ch\/wp-content\/uploads\/sites\/6\/2020\/02\/keyvisual-vgcard-1200x400.jpg 1200w, https:\/\/www.vangraaf.com\/ch\/wp-content\/uploads\/sites\/6\/2020\/02\/keyvisual-vgcard-992x331.jpg 992w, https:\/\/www.vangraaf.com\/ch\/wp-content\/uploads\/sites\/6\/2020\/02\/keyvisual-vgcard-480x160.jpg 480w\" sizes=\"(max-width: 1440px) 100vw, 1440px\" \/><\/div>\n        <div class=\"headlines headlines--center\" data-aos=\"fade-up\">\n            <div class=\"vc_row\">\n                <div class=\"vc_col-md-10 vc_col-md-offset-1 vc_col-lg-10 vc_col-lg-offset-1\"><h1 class=\"h2\">VAN GRAAF Newsletter<\/h1><\/div>\n            <\/div>\n        <\/div>[vc_column_text]\r\n<p style=\"text-align: center;\">Mit unserem Newsletter informieren wir Sie regelm\u00e4ssig \u00fcber aktuelle Angebote und Aktionen aus dem Haus VAN GRAAF.<\/p>\r\n[\/vc_column_text][\/vc_column][\/vc_row][vc_row][vc_column]\n        <div class=\"headlines headlines--center\" data-aos=\"fade-up\">\n            <div class=\"vc_row\">\n                <div class=\"vc_col-md-10 vc_col-md-offset-1 vc_col-lg-10 vc_col-lg-offset-1\"><h2 class=\"h2\">Newsletter exklusiv f\u00fcr Inhaber der VAN GRAAF CARD<\/h2><\/div>\n            <\/div>\n        <\/div>[vc_column_text]Registrieren Sie sich hier f\u00fcr den VAN\u00a0GRAAF\u00a0CARD Newsletter mit allen exklusiven Vorteilen. Einfach im Formular Ihre E-Mail-Adresse, Kundennummer, Name und Vorname eingeben, sowie mit dem Haken Ihre Einwilligung f\u00fcr Marktforschung und Werbung best\u00e4tigen.\r\n\r\nSie haben noch keine VAN\u00a0GRAAF\u00a0CARD? Dann jetzt schnell den <a href=\"\/ch\/van-graaf-card\/kartenantrag\/\">Kartenantrag<\/a> ausf\u00fcllen.\r\n\r\nEine Abbestellung des Newsletters ist nat\u00fcrlich jederzeit <a href=\"\/ch\/van-graaf-card\/newsletter\/abbestellen\/\">hier<\/a> m\u00f6glich.[\/vc_column_text][\/vc_column][\/vc_row][vc_row][vc_column]\n    <form action=\"#message\" method=\"post\" class=\"form form--full form--newsletter js-validate-form\"\n          novalidate=\"novalidate\" data-aos=\"fade-up\">\n        <div class=\"vc_row\">\n            <div class=\"vc_col-sm-6\">\n                <div class=\"form-element form-element--select\">\n                    <span class=\"form-control-wrap salutation\">\n                                                    <select name=\"salutation\" aria-required=\"true\" aria-invalid=\"false\" autocomplete=\"off\" required>\n                                <option value=\"\">Anrede*<\/option>\n                                <option value=\"m\" >Herr<\/option>\n                                <option value=\"f\" >Frau<\/option>\n                            <\/select>\n                                            <\/span>\n                <\/div>\n            <\/div>\n        <\/div>\n\n        <div class=\"vc_row\">\n            <div class=\"vc_col-sm-6\">\n                <div class=\"form-element form-element--input\">\n                    <span class=\"form-control-wrap firstname\">\n                        <input type=\"text\" id=\"firstname\" name=\"firstname\" minlength=\"2\"\n                               aria-required=\"true\" aria-invalid=\"false\" value=\"\" required>\n                        <label for=\"firstname\">Vorname*<\/label>\n                    <\/span>\n                <\/div>\n            <\/div>\n            <div class=\"vc_col-sm-6\">\n                <div class=\"form-element form-element--input\">\n                    <span class=\"form-control-wrap lastname\">\n                        <input type=\"text\" id=\"lastname\" name=\"lastname\" minlength=\"2\"\n                               aria-required=\"true\" aria-invalid=\"false\" value=\"\" required>\n                        <label for=\"lastname\">Nachname*<\/label>\n                    <\/span>\n                <\/div>\n            <\/div>\n        <\/div>\n\n        <div class=\"vc_row\">\n            <div class=\"vc_col-sm-12\">\n                <div class=\"form-element form-element--input\">\n                    <span class=\"form-control-wrap email\">\n                        <input type=\"email\" id=\"email\" name=\"email\"\n                               aria-required=\"true\" aria-invalid=\"false\" value=\"\" required>\n                        <label for=\"email\">E-Mail-Adresse*<\/label>\n                    <\/span>\n                <\/div>\n            <\/div>\n        <\/div>\n\n                    <div class=\"vc_row\">\n                <div class=\"vc_col-sm-12\">\n                    <div class=\"form-element form-element--input\">\n                        <span class=\"form-control-wrap cardnumber\">\n                            <input type=\"text\" id=\"cardnumber\" name=\"cardnumber\"\n                                   aria-required=\"true\" aria-invalid=\"false\" minlength=\"13\" maxlength=\"13\" value=\"\" required>\n                            <label for=\"cardnumber\">Kundenkarten-Nr. (13-stellig)*<\/label>\n                        <\/span>\n                    <\/div>\n                <\/div>\n            <\/div>\n        \n        <div class=\"vc_row\">\n            <div class=\"vc_col-sm-12\">\n                <div class=\"form-element form-element--checkbox\">\n                   <span class=\"form-control-wrap privacy\">\n                        <span class=\"form-control\">\n                           <input type=\"checkbox\" name=\"privacy\" aria-required=\"true\" aria-invalid=\"false\" id=\"privacy\">\n                       <\/span>\n                       <label\n                           for=\"privacy\">Ich erkl\u00e4re mich mit der <a href=\"\/ch\/van-graaf-card\/einwilligung\/\" target=\"_blank\" rel=\"noopener\">Einwilligung in Werbung und Marktforschung<\/a> einverstanden.*<\/label>\n                   <\/span>\n                <\/div>\n            <\/div>\n        <\/div>\n\n        <div class=\"vc_row\">\n            <div class=\"vc_col-sm-12\">\n                <small>Bitte f\u00fcllen Sie alle mit * gekennzeichneten Felder aus.<\/small>\n            <\/div>\n        <\/div>\n\n        <div class=\"vc_row\">\n            <div class=\"vc_col-sm-12\">\n                <div class=\"form__message form__message--hide\" role=\"status\" aria-live=\"polite\" aria-atomic=\"true\"><\/div>\n            <\/div>\n        <\/div>\n\n        \n        <div class=\"vc_row\">\n            <div class=\"vc_col-sm-12 form__buttons\">\n                <button id=\"submit\" type=\"submit\" class=\"button\">Absenden<\/button>\n            <\/div>\n        <\/div>\n\n        <input type=\"hidden\" name=\"action\" value=\"newsletter_form_subscribe\" tabindex=\"-1\" autocomplete=\"nope\">\n    <\/form>\n[\/vc_column][\/vc_row]<\/div>","protected":false},"excerpt":{"rendered":"[vc_row bwd_tbc4vd_show_weekday=&#187;&#187; full_width=&#187;stretch_row_content_no_spaces&#187;][vc_column][vc_column_text] Mit unserem Newsletter informieren wir Sie regelm\u00e4ssig \u00fcber aktuelle Angebote und Aktionen aus dem Haus VAN GRAAF. [\/vc_column_text][\/vc_column][\/vc_row][vc_row][vc_column][vc_column_text]Registrieren Sie sich hier f\u00fcr den VAN\u00a0GRAAF\u00a0CARD Newsletter mit allen exklusiven Vorteilen. Einfach im Formular Ihre E-Mail-Adresse, Kundennummer, Name und Vorname eingeben, sowie mit dem Haken Ihre Einwilligung f\u00fcr Marktforschung und Werbung best\u00e4tigen. Sie haben [&hellip;]","protected":false},"author":3,"featured_media":0,"parent":2412,"menu_order":0,"comment_status":"closed","ping_status":"closed","template":"","meta":{"_acf_changed":false,"inline_featured_image":false,"footnotes":""},"class_list":["post-4724","page","type-page","status-publish","hentry"],"acf":[],"yoast_head":"<!-- This site is optimized with the Yoast SEO plugin v27.2 - https:\/\/yoast.com\/product\/yoast-seo-wordpress\/ -->\n<title>Exklusiver Newsletter f\u00fcr Inhaber der VAN GRAAF CARD<\/title>\n<meta name=\"description\" content=\"Sie m\u00f6chten bei Ihrem Style immer auf dem Laufenden bleiben? Dann registrieren Sie sich f\u00fcr den VAN GRAAF-Newsletter!\" \/>\n<meta name=\"robots\" content=\"index, follow, max-snippet:-1, max-image-preview:large, max-video-preview:-1\" \/>\n<link rel=\"canonical\" href=\"https:\/\/www.vangraaf.com\/ch\/van-graaf-card\/newsletter\/\" \/>\n<meta property=\"og:locale\" content=\"de_DE\" \/>\n<meta property=\"og:type\" content=\"article\" \/>\n<meta property=\"og:title\" content=\"Exklusiver Newsletter f\u00fcr Inhaber der VAN GRAAF CARD\" \/>\n<meta property=\"og:description\" content=\"Sie m\u00f6chten bei Ihrem Style immer auf dem Laufenden bleiben? Dann registrieren Sie sich f\u00fcr den VAN GRAAF-Newsletter!\" \/>\n<meta property=\"og:url\" content=\"https:\/\/www.vangraaf.com\/ch\/van-graaf-card\/newsletter\/\" \/>\n<meta property=\"og:site_name\" content=\"VAN GRAAF Schweiz\" \/>\n<meta property=\"article:modified_time\" content=\"2022-01-28T07:56:52+00:00\" \/>\n<meta name=\"twitter:card\" content=\"summary_large_image\" \/>\n<meta name=\"twitter:label1\" content=\"Est. reading time\" \/>\n\t<meta name=\"twitter:data1\" content=\"1\u00a0Minute\" \/>\n<script type=\"application\/ld+json\" class=\"yoast-schema-graph\">{\"@context\":\"https:\/\/schema.org\",\"@graph\":[{\"@type\":\"WebPage\",\"@id\":\"https:\/\/www.vangraaf.com\/ch\/van-graaf-card\/newsletter\/\",\"url\":\"https:\/\/www.vangraaf.com\/ch\/van-graaf-card\/newsletter\/\",\"name\":\"Exklusiver Newsletter f\u00fcr Inhaber der VAN GRAAF CARD\",\"isPartOf\":{\"@id\":\"https:\/\/www.vangraaf.com\/ch\/#website\"},\"datePublished\":\"2020-04-28T08:40:44+00:00\",\"dateModified\":\"2022-01-28T07:56:52+00:00\",\"description\":\"Sie m\u00f6chten bei Ihrem Style immer auf dem Laufenden bleiben? Dann registrieren Sie sich f\u00fcr den VAN GRAAF-Newsletter!\",\"breadcrumb\":{\"@id\":\"https:\/\/www.vangraaf.com\/ch\/van-graaf-card\/newsletter\/#breadcrumb\"},\"inLanguage\":\"de-CH\",\"potentialAction\":[{\"@type\":\"ReadAction\",\"target\":[\"https:\/\/www.vangraaf.com\/ch\/van-graaf-card\/newsletter\/\"]}]},{\"@type\":\"BreadcrumbList\",\"@id\":\"https:\/\/www.vangraaf.com\/ch\/van-graaf-card\/newsletter\/#breadcrumb\",\"itemListElement\":[{\"@type\":\"ListItem\",\"position\":1,\"name\":\"Home\",\"item\":\"https:\/\/www.vangraaf.com\/ch\/\"},{\"@type\":\"ListItem\",\"position\":2,\"name\":\"Van Graaf Card\",\"item\":\"https:\/\/www.vangraaf.com\/ch\/van-graaf-card\/\"},{\"@type\":\"ListItem\",\"position\":3,\"name\":\"Newsletter\"}]},{\"@type\":\"WebSite\",\"@id\":\"https:\/\/www.vangraaf.com\/ch\/#website\",\"url\":\"https:\/\/www.vangraaf.com\/ch\/\",\"name\":\"VAN GRAAF\",\"description\":\"VAN GRAAF\",\"potentialAction\":[{\"@type\":\"SearchAction\",\"target\":{\"@type\":\"EntryPoint\",\"urlTemplate\":\"https:\/\/www.vangraaf.com\/ch\/?s={search_term_string}\"},\"query-input\":{\"@type\":\"PropertyValueSpecification\",\"valueRequired\":true,\"valueName\":\"search_term_string\"}}],\"inLanguage\":\"de-CH\"}]}<\/script>\n<!-- \/ Yoast SEO plugin. -->","yoast_head_json":{"title":"Exklusiver Newsletter f\u00fcr Inhaber der VAN GRAAF CARD","description":"Sie m\u00f6chten bei Ihrem Style immer auf dem Laufenden bleiben? Dann registrieren Sie sich f\u00fcr den VAN GRAAF-Newsletter!","robots":{"index":"index","follow":"follow","max-snippet":"max-snippet:-1","max-image-preview":"max-image-preview:large","max-video-preview":"max-video-preview:-1"},"canonical":"https:\/\/www.vangraaf.com\/ch\/van-graaf-card\/newsletter\/","og_locale":"de_DE","og_type":"article","og_title":"Exklusiver Newsletter f\u00fcr Inhaber der VAN GRAAF CARD","og_description":"Sie m\u00f6chten bei Ihrem Style immer auf dem Laufenden bleiben? Dann registrieren Sie sich f\u00fcr den VAN GRAAF-Newsletter!","og_url":"https:\/\/www.vangraaf.com\/ch\/van-graaf-card\/newsletter\/","og_site_name":"VAN GRAAF Schweiz","article_modified_time":"2022-01-28T07:56:52+00:00","twitter_card":"summary_large_image","twitter_misc":{"Est. reading time":"1\u00a0Minute"},"schema":{"@context":"https:\/\/schema.org","@graph":[{"@type":"WebPage","@id":"https:\/\/www.vangraaf.com\/ch\/van-graaf-card\/newsletter\/","url":"https:\/\/www.vangraaf.com\/ch\/van-graaf-card\/newsletter\/","name":"Exklusiver Newsletter f\u00fcr Inhaber der VAN GRAAF CARD","isPartOf":{"@id":"https:\/\/www.vangraaf.com\/ch\/#website"},"datePublished":"2020-04-28T08:40:44+00:00","dateModified":"2022-01-28T07:56:52+00:00","description":"Sie m\u00f6chten bei Ihrem Style immer auf dem Laufenden bleiben? Dann registrieren Sie sich f\u00fcr den VAN GRAAF-Newsletter!","breadcrumb":{"@id":"https:\/\/www.vangraaf.com\/ch\/van-graaf-card\/newsletter\/#breadcrumb"},"inLanguage":"de-CH","potentialAction":[{"@type":"ReadAction","target":["https:\/\/www.vangraaf.com\/ch\/van-graaf-card\/newsletter\/"]}]},{"@type":"BreadcrumbList","@id":"https:\/\/www.vangraaf.com\/ch\/van-graaf-card\/newsletter\/#breadcrumb","itemListElement":[{"@type":"ListItem","position":1,"name":"Home","item":"https:\/\/www.vangraaf.com\/ch\/"},{"@type":"ListItem","position":2,"name":"Van Graaf Card","item":"https:\/\/www.vangraaf.com\/ch\/van-graaf-card\/"},{"@type":"ListItem","position":3,"name":"Newsletter"}]},{"@type":"WebSite","@id":"https:\/\/www.vangraaf.com\/ch\/#website","url":"https:\/\/www.vangraaf.com\/ch\/","name":"VAN GRAAF","description":"VAN GRAAF","potentialAction":[{"@type":"SearchAction","target":{"@type":"EntryPoint","urlTemplate":"https:\/\/www.vangraaf.com\/ch\/?s={search_term_string}"},"query-input":{"@type":"PropertyValueSpecification","valueRequired":true,"valueName":"search_term_string"}}],"inLanguage":"de-CH"}]}},"_links":{"self":[{"href":"https:\/\/www.vangraaf.com\/ch\/wp-json\/wp\/v2\/pages\/4724","targetHints":{"allow":["GET"]}}],"collection":[{"href":"https:\/\/www.vangraaf.com\/ch\/wp-json\/wp\/v2\/pages"}],"about":[{"href":"https:\/\/www.vangraaf.com\/ch\/wp-json\/wp\/v2\/types\/page"}],"author":[{"embeddable":true,"href":"https:\/\/www.vangraaf.com\/ch\/wp-json\/wp\/v2\/users\/3"}],"replies":[{"embeddable":true,"href":"https:\/\/www.vangraaf.com\/ch\/wp-json\/wp\/v2\/comments?post=4724"}],"version-history":[{"count":13,"href":"https:\/\/www.vangraaf.com\/ch\/wp-json\/wp\/v2\/pages\/4724\/revisions"}],"predecessor-version":[{"id":6552,"href":"https:\/\/www.vangraaf.com\/ch\/wp-json\/wp\/v2\/pages\/4724\/revisions\/6552"}],"up":[{"embeddable":true,"href":"https:\/\/www.vangraaf.com\/ch\/wp-json\/wp\/v2\/pages\/2412"}],"wp:attachment":[{"href":"https:\/\/www.vangraaf.com\/ch\/wp-json\/wp\/v2\/media?parent=4724"}],"curies":[{"name":"wp","href":"https:\/\/api.w.org\/{rel}","templated":true}]}}