{"id":4721,"date":"2020-04-28T10:27:11","date_gmt":"2020-04-28T08:27:11","guid":{"rendered":"http:\/\/van-graaf-staging.pluspol-networks.de\/ch\/?page_id=4721"},"modified":"2023-10-20T09:37:52","modified_gmt":"2023-10-20T07:37:52","slug":"kartenantrag","status":"publish","type":"page","link":"https:\/\/www.vangraaf.com\/ch\/van-graaf-card\/kartenantrag\/","title":{"rendered":"Kartenantrag"},"content":{"rendered":"<div class=\"wpb-content-wrapper\">[vc_row bwd_tbc4vd_show_weekday=&#187;&#187; full_width=&#187;stretch_row_content_no_spaces&#187;][vc_column]<div class=\"keyvisual\" data-aos=\"fade-up\" ><img loading=\"lazy\" decoding=\"async\" width=\"1440\" height=\"480\" src=\"https:\/\/www.vangraaf.com\/ch\/wp-content\/uploads\/sites\/6\/2020\/02\/keyvisual-vgcard.jpg\" class=\"vc_single_image-img\" alt=\"\" srcset=\"https:\/\/www.vangraaf.com\/ch\/wp-content\/uploads\/sites\/6\/2020\/02\/keyvisual-vgcard.jpg 1440w, https:\/\/www.vangraaf.com\/ch\/wp-content\/uploads\/sites\/6\/2020\/02\/keyvisual-vgcard-300x100.jpg 300w, https:\/\/www.vangraaf.com\/ch\/wp-content\/uploads\/sites\/6\/2020\/02\/keyvisual-vgcard-1024x341.jpg 1024w, https:\/\/www.vangraaf.com\/ch\/wp-content\/uploads\/sites\/6\/2020\/02\/keyvisual-vgcard-768x256.jpg 768w, https:\/\/www.vangraaf.com\/ch\/wp-content\/uploads\/sites\/6\/2020\/02\/keyvisual-vgcard-1200x400.jpg 1200w, https:\/\/www.vangraaf.com\/ch\/wp-content\/uploads\/sites\/6\/2020\/02\/keyvisual-vgcard-992x331.jpg 992w, https:\/\/www.vangraaf.com\/ch\/wp-content\/uploads\/sites\/6\/2020\/02\/keyvisual-vgcard-480x160.jpg 480w\" sizes=\"(max-width: 1440px) 100vw, 1440px\" \/><\/div>\n        <div class=\"headlines headlines--center\" data-aos=\"fade-up\">\n            <div class=\"vc_row\">\n                <div class=\"vc_col-md-10 vc_col-md-offset-1 vc_col-lg-10 vc_col-lg-offset-1\"><h1 class=\"h2\">Kartenantrag<\/h1><\/div>\n            <\/div>\n        <\/div>[vc_column_text]\r\n<p style=\"text-align: center;\">Beantragen Sie jetzt Ihre VAN GRAAF CARD und sichern Sie sich einen 15,- CHF Welcome-Gutschein.<\/p>\r\n[\/vc_column_text][\/vc_column][\/vc_row][vc_row][vc_column]\n    <form action=\"#message\" method=\"post\" class=\"form form--full form--newsletter js-validate-form\"\n          novalidate=\"novalidate\" data-aos=\"fade-up\">\n        <div class=\"vc_row\">\n            <div class=\"vc_col-sm-6\">\n                <div class=\"form-element form-element--select\">\n                    <span class=\"form-control-wrap salutation\">\n                        <select name=\"salutation\" aria-required=\"true\" aria-invalid=\"false\" autocomplete=\"off\" required>\n                            <option value=\"\">Anrede*<\/option>\n                            <option\n                                value=\"m\" >Herr<\/option>\n                            <option\n                                value=\"f\" >Frau<\/option>\n                        <\/select>\n                    <\/span>\n                <\/div>\n            <\/div>\n        <\/div>\n\n        <div class=\"vc_row\">\n            <div class=\"vc_col-sm-6\">\n                <div class=\"form-element form-element--input\">\n                    <span class=\"form-control-wrap firstname\">\n                        <input type=\"text\" id=\"firstname\" name=\"firstname\" minlength=\"2\"\n                               aria-required=\"true\" aria-invalid=\"false\"\n                               value=\"\"\n                               required>\n                        <label for=\"firstname\">Vorname*<\/label>\n                    <\/span>\n                <\/div>\n            <\/div>\n            <div class=\"vc_col-sm-6\">\n                <div class=\"form-element form-element--input\">\n                    <span class=\"form-control-wrap lastname\">\n                        <input type=\"text\" id=\"lastname\" name=\"lastname\" minlength=\"2\"\n                               aria-required=\"true\" aria-invalid=\"false\"\n                               value=\"\"\n                               required>\n                        <label for=\"lastname\">Nachname*<\/label>\n                    <\/span>\n                <\/div>\n            <\/div>\n        <\/div>\n\n        <div class=\"vc_row\">\n            <div class=\"vc_col-sm-6\">\n                <div class=\"form-element form-element--date\">\n                    <span class=\"form-control-wrap dob\">\n                        <input type=\"date\" id=\"dob\" name=\"dob\"\n                               aria-required=\"true\" aria-invalid=\"false\"\n                               value=\"\" required>\n                        <label for=\"dob\">Geburtstag*<\/label>\n                    <\/span>\n                <\/div>\n            <\/div>\n        <\/div>\n\n        <div class=\"vc_row\">\n            <div class=\"vc_col-sm-6\">\n                <div class=\"form-element form-element--input\">\n                    <span class=\"form-control-wrap street\">\n                        <input type=\"text\" id=\"street\" name=\"street\" minlength=\"2\"\n                               aria-required=\"true\" aria-invalid=\"false\"\n                               value=\"\" required>\n                        <label for=\"street\">Strasse*<\/label>\n                    <\/span>\n                <\/div>\n            <\/div>\n            <div class=\"vc_col-sm-6\">\n                <div class=\"form-element form-element--input\">\n                    <span class=\"form-control-wrap number\">\n                        <input type=\"text\" id=\"number\" name=\"number\"\n                               aria-required=\"true\" aria-invalid=\"false\"\n                               value=\"\" required>\n                        <label for=\"number\">Hausnummer*<\/label>\n                    <\/span>\n                <\/div>\n            <\/div>\n        <\/div>\n\n        <div class=\"vc_row\">\n            <div class=\"vc_col-sm-6\">\n                <div class=\"form-element form-element--input\">\n                    <span class=\"form-control-wrap zip\">\n                        <input type=\"text\" id=\"zip\" name=\"zip\"\n                               aria-required=\"true\" aria-invalid=\"false\"\n                               value=\"\" required>\n                        <label for=\"zip\">Postleitzahl*<\/label>\n                    <\/span>\n                <\/div>\n            <\/div>\n            <div class=\"vc_col-sm-6\">\n                <div class=\"form-element form-element--input\">\n                    <span class=\"form-control-wrap city\">\n                        <input type=\"text\" id=\"city\" name=\"city\" minlength=\"2\"\n                               aria-required=\"true\" aria-invalid=\"false\"\n                               value=\"\" required>\n                        <label for=\"city\">Ort*<\/label>\n                    <\/span>\n                <\/div>\n            <\/div>\n        <\/div>\n\n        <div class=\"vc_row\">\n            <div class=\"vc_col-sm-6\">\n                <div class=\"form-element form-element--select\">\n                    <span class=\"form-control-wrap country\">\n                        <select name=\"country\" aria-required=\"true\" aria-invalid=\"false\" autocomplete=\"off\" required>\n                            <option value=\"\">Land*<\/option>\n                                                        <option value=\"AL\" >Albanien<\/option><option value=\"BY\" >Wei\u00dfrussland<\/option><option value=\"BE\" >Belgien<\/option><option value=\"BA\" >Bosnien-Herzegowina<\/option><option value=\"BG\" >Bulgarien<\/option><option value=\"DK\" >D\u00e4nemark<\/option><option value=\"DE\" >Deutschland<\/option><option value=\"EE\" >Estland<\/option><option value=\"FI\" >Finnland<\/option><option value=\"FR\" >Frankreich<\/option><option value=\"GR\" >Griechenland<\/option><option value=\"IE\" >Irland<\/option><option value=\"IT\" >Italien<\/option><option value=\"HR\" >Kroatien<\/option><option value=\"LV\" >Lettland<\/option><option value=\"LI\" >Liechtenstein<\/option><option value=\"LT\" >Litauen<\/option><option value=\"LU\" >Luxemburg<\/option><option value=\"MT\" >Malta<\/option><option value=\"ME\" >Montenegro<\/option><option value=\"NL\" >Niederlande<\/option><option value=\"NO\" >Norwegen<\/option><option value=\"AT\" >\u00d6sterreich<\/option><option value=\"PL\" >Polen<\/option><option value=\"PT\" >Portugal<\/option><option value=\"MK\" >Mazedonien<\/option><option value=\"MD\" >Moldawien<\/option><option value=\"RO\" >Rum\u00e4nien<\/option><option value=\"RU\" >Russland<\/option><option value=\"SE\" >Schweden<\/option><option value=\"CH\" >Schweiz<\/option><option value=\"RS\" >Serbien<\/option><option value=\"SK\" >Slowakei<\/option><option value=\"SI\" >Slowenien<\/option><option value=\"ES\" >Spanien<\/option><option value=\"CZ\" >Tschechien<\/option><option value=\"UA\" >Ukraine<\/option><option value=\"HU\" >Ungarn<\/option><option value=\"GB\" >Vereinigtes K\u00f6nigreich<\/option><option value=\"CY\" >Zypern<\/option>                        <\/select>\n                    <\/span>\n                <\/div>\n            <\/div>\n        <\/div>\n\n        <div class=\"vc_row\">\n            <div class=\"vc_col-sm-6\">\n                <div class=\"form-element form-element--input\">\n                    <span class=\"form-control-wrap telephone\">\n                        <input type=\"text\" id=\"telephone\" name=\"telephone\"\n                               aria-invalid=\"false\"\n                               value=\"\">\n                        <label for=\"telephone\">Telefon<\/label>\n                    <\/span>\n                <\/div>\n            <\/div>\n            <div class=\"vc_col-sm-6\">\n                <div class=\"form-element form-element--input\">\n                    <span class=\"form-control-wrap mobile\">\n                        <input type=\"text\" id=\"mobile\" name=\"mobile\"\n                               aria-invalid=\"false\"\n                               value=\"\">\n                        <label for=\"mobile\">Mobil (nur SMS\/MMS, keine Anrufe)<\/label>\n                    <\/span>\n                <\/div>\n            <\/div>\n        <\/div>\n\n        <div class=\"vc_row\">\n            <div class=\"vc_col-sm-12\">\n                <div class=\"form-element form-element--input\">\n                    <span class=\"form-control-wrap email\">\n                        <input type=\"email\" id=\"email\" name=\"email\"\n                               aria-required=\"true\" aria-invalid=\"false\"\n                               value=\"\" required>\n                        <label for=\"email\">E-Mail-Adresse*<\/label>\n                    <\/span>\n                <\/div>\n            <\/div>\n        <\/div>\n\n        <div class=\"vc_row hidden\">\n            <div class=\"vc_col-sm-12\">\n                <div class=\"form-element form-element--input\">\n                        <span class=\"form-control-wrap cardnumber\">\n                            <input type=\"text\" id=\"cardnumber\" name=\"cardnumber\"\n                                   aria-required=\"false\" minlength=\"13\" maxlength=\"13\"\n                                   value=\"\" readonly>\n                            <label for=\"cardnumber\">Kundenkarten-Nr. (13-stellig)<\/label>\n                        <\/span>\n                <\/div>\n            <\/div>\n        <\/div>\n\n        <div class=\"vc_row\">\n            <div class=\"vc_col-sm-12\">\n                <p>Die Sicherheit Ihrer Daten hat f\u00fcr uns gr\u00f6sste Bedeutung. Sie basiert auf dem Selbstverst\u00e4ndnis von Seriosit\u00e4t und Fairplay gegen\u00fcber unseren Kunden, f\u00fcr das VAN GRAAF umfassend steht.<\/p>\n<p><strong>Datenschutz und Kundendaten<\/strong><\/p>\n<p>F\u00fcr die Durchf\u00fchrung des Kundenkarten-Programms werden Ihre pers\u00f6nlichen Daten (Name und Anrede, vollst\u00e4ndige Anschrift, Geburtsdatum und E-Mail-Adresse) durch die VAN GRAAF GmbH &amp; Co. KG, Wien, Zweigniederlassung Spreitenbach, CH-8957 Spreitenbach erhoben, verarbeitet, genutzt und im Auftrag der VAN GRAAF GmbH &amp; Co. KG und datenverarbeitende Partner zur Abwicklung der einzelnen Serviceleistungen des Kundenkarten-Programms verarbeitet und genutzt. Dabei findet jede Verarbeitung und Nutzung in \u00dcbereinstimmung mit den \u00f6sterreichischen Datenschutzbestimmungen statt. Eine dar\u00fcber hinausgehende \u00dcbermittlung der Daten an Dritte findet nicht statt.<\/p>\n            <\/div>\n        <\/div>\n\n        <div class=\"vc_row\">\n            <div class=\"vc_col-sm-12\">\n                <div class=\"form-element form-element--checkbox\">\n                   <span class=\"form-control-wrap privacy\">\n                        <span class=\"form-control\">\n                           <input type=\"checkbox\" name=\"privacy\" aria-required=\"true\" aria-invalid=\"false\" id=\"privacy\"\n                                  required>\n                       <\/span>\n                       <label\n                           for=\"privacy\">Die <a href=\"\/ch\/van-graaf-card\/agb-van-graaf-card\/\" target=\"_blank\" rel=\"noopener\">Allgemeine Gesch\u00e4ftsbedingungen<\/a> habe ich zur Kenntnis genommen und akzeptiere diese.<\/label>\n                   <\/span>\n                <\/div>\n            <\/div>\n        <\/div>\n\n        <div class=\"vc_row\">\n            <div class=\"vc_col-sm-12\">\n                <div class=\"form-element form-element--checkbox\">\n                   <span class=\"form-control-wrap privacy\">\n                        <span class=\"form-control\">\n                           <input type=\"checkbox\" name=\"marketingconsent\" value=\"1\" aria-invalid=\"false\"\n                                  id=\"marketingconsent\">\n                       <\/span>\n                       <label\n                           for=\"marketingconsent\">Ich erkl\u00e4re mich mit der <a href=\"\/ch\/van-graaf-card\/einwilligung\/\" target=\"_blank\" rel=\"noopener\">Einwilligung in Werbung und Marktforschung<\/a> einverstanden.<\/label>\n                   <\/span>\n                <\/div>\n            <\/div>\n        <\/div>\n\n        <div class=\"vc_row\">\n            <div class=\"vc_col-sm-12\">\n                <small>Bitte f\u00fcllen Sie alle mit * gekennzeichneten Felder aus.<\/small>\n            <\/div>\n        <\/div>\n\n        <div class=\"vc_row\">\n            <div class=\"vc_col-sm-12\">\n                <div class=\"form__message form__message--hide\" role=\"status\" aria-live=\"polite\" aria-atomic=\"true\"><\/div>\n            <\/div>\n        <\/div>\n\n        \n        <div class=\"vc_row\">\n            <div class=\"vc_col-sm-12 form__buttons\">\n                <button id=\"submit\" type=\"submit\" class=\"button\">Absenden<\/button>\n            <\/div>\n        <\/div>\n\n        <input type=\"hidden\" name=\"action\" value=\"kuka_form_subscribe\" tabindex=\"-1\" autocomplete=\"nope\">\n    <\/form>\n[\/vc_column][\/vc_row]<\/div>","protected":false},"excerpt":{"rendered":"[vc_row bwd_tbc4vd_show_weekday=&#187;&#187; full_width=&#187;stretch_row_content_no_spaces&#187;][vc_column][vc_column_text] Beantragen Sie jetzt Ihre VAN GRAAF CARD und sichern Sie sich einen 15,- CHF Welcome-Gutschein. [\/vc_column_text][\/vc_column][\/vc_row][vc_row][vc_column][\/vc_column][\/vc_row]","protected":false},"author":3,"featured_media":0,"parent":2412,"menu_order":0,"comment_status":"closed","ping_status":"closed","template":"","meta":{"_acf_changed":false,"inline_featured_image":false,"footnotes":""},"class_list":["post-4721","page","type-page","status-publish","hentry"],"acf":[],"yoast_head":"<!-- This site is optimized with the Yoast SEO plugin v27.2 - https:\/\/yoast.com\/product\/yoast-seo-wordpress\/ -->\n<title>Bestellen Sie die VAN GRAAF Card<\/title>\n<meta name=\"description\" content=\"Willkommen im Fashion-Club \u2013 mit der VAN GRAAF Card. Jetzt bestellen und einen Welcome-Gutschein sichern!\" \/>\n<meta name=\"robots\" content=\"index, follow, max-snippet:-1, max-image-preview:large, max-video-preview:-1\" \/>\n<link rel=\"canonical\" href=\"https:\/\/www.vangraaf.com\/ch\/van-graaf-card\/kartenantrag\/\" \/>\n<meta property=\"og:locale\" content=\"de_DE\" \/>\n<meta property=\"og:type\" content=\"article\" \/>\n<meta property=\"og:title\" content=\"Bestellen Sie die VAN GRAAF Card\" \/>\n<meta property=\"og:description\" content=\"Willkommen im Fashion-Club \u2013 mit der VAN GRAAF Card. Jetzt bestellen und einen Welcome-Gutschein sichern!\" \/>\n<meta property=\"og:url\" content=\"https:\/\/www.vangraaf.com\/ch\/van-graaf-card\/kartenantrag\/\" \/>\n<meta property=\"og:site_name\" content=\"VAN GRAAF Schweiz\" \/>\n<meta property=\"article:modified_time\" content=\"2023-10-20T07:37:52+00:00\" \/>\n<meta name=\"twitter:card\" content=\"summary_large_image\" \/>\n<meta name=\"twitter:label1\" content=\"Est. reading time\" \/>\n\t<meta name=\"twitter:data1\" content=\"1\u00a0Minute\" \/>\n<script type=\"application\/ld+json\" class=\"yoast-schema-graph\">{\"@context\":\"https:\/\/schema.org\",\"@graph\":[{\"@type\":\"WebPage\",\"@id\":\"https:\/\/www.vangraaf.com\/ch\/van-graaf-card\/kartenantrag\/\",\"url\":\"https:\/\/www.vangraaf.com\/ch\/van-graaf-card\/kartenantrag\/\",\"name\":\"Bestellen Sie die VAN GRAAF Card\",\"isPartOf\":{\"@id\":\"https:\/\/www.vangraaf.com\/ch\/#website\"},\"datePublished\":\"2020-04-28T08:27:11+00:00\",\"dateModified\":\"2023-10-20T07:37:52+00:00\",\"description\":\"Willkommen im Fashion-Club \u2013 mit der VAN GRAAF Card. Jetzt bestellen und einen Welcome-Gutschein sichern!\",\"breadcrumb\":{\"@id\":\"https:\/\/www.vangraaf.com\/ch\/van-graaf-card\/kartenantrag\/#breadcrumb\"},\"inLanguage\":\"de-CH\",\"potentialAction\":[{\"@type\":\"ReadAction\",\"target\":[\"https:\/\/www.vangraaf.com\/ch\/van-graaf-card\/kartenantrag\/\"]}]},{\"@type\":\"BreadcrumbList\",\"@id\":\"https:\/\/www.vangraaf.com\/ch\/van-graaf-card\/kartenantrag\/#breadcrumb\",\"itemListElement\":[{\"@type\":\"ListItem\",\"position\":1,\"name\":\"Home\",\"item\":\"https:\/\/www.vangraaf.com\/ch\/\"},{\"@type\":\"ListItem\",\"position\":2,\"name\":\"Van Graaf Card\",\"item\":\"https:\/\/www.vangraaf.com\/ch\/van-graaf-card\/\"},{\"@type\":\"ListItem\",\"position\":3,\"name\":\"Kartenantrag\"}]},{\"@type\":\"WebSite\",\"@id\":\"https:\/\/www.vangraaf.com\/ch\/#website\",\"url\":\"https:\/\/www.vangraaf.com\/ch\/\",\"name\":\"VAN GRAAF\",\"description\":\"VAN GRAAF\",\"potentialAction\":[{\"@type\":\"SearchAction\",\"target\":{\"@type\":\"EntryPoint\",\"urlTemplate\":\"https:\/\/www.vangraaf.com\/ch\/?s={search_term_string}\"},\"query-input\":{\"@type\":\"PropertyValueSpecification\",\"valueRequired\":true,\"valueName\":\"search_term_string\"}}],\"inLanguage\":\"de-CH\"}]}<\/script>\n<!-- \/ Yoast SEO plugin. -->","yoast_head_json":{"title":"Bestellen Sie die VAN GRAAF Card","description":"Willkommen im Fashion-Club \u2013 mit der VAN GRAAF Card. Jetzt bestellen und einen Welcome-Gutschein sichern!","robots":{"index":"index","follow":"follow","max-snippet":"max-snippet:-1","max-image-preview":"max-image-preview:large","max-video-preview":"max-video-preview:-1"},"canonical":"https:\/\/www.vangraaf.com\/ch\/van-graaf-card\/kartenantrag\/","og_locale":"de_DE","og_type":"article","og_title":"Bestellen Sie die VAN GRAAF Card","og_description":"Willkommen im Fashion-Club \u2013 mit der VAN GRAAF Card. Jetzt bestellen und einen Welcome-Gutschein sichern!","og_url":"https:\/\/www.vangraaf.com\/ch\/van-graaf-card\/kartenantrag\/","og_site_name":"VAN GRAAF Schweiz","article_modified_time":"2023-10-20T07:37:52+00:00","twitter_card":"summary_large_image","twitter_misc":{"Est. reading time":"1\u00a0Minute"},"schema":{"@context":"https:\/\/schema.org","@graph":[{"@type":"WebPage","@id":"https:\/\/www.vangraaf.com\/ch\/van-graaf-card\/kartenantrag\/","url":"https:\/\/www.vangraaf.com\/ch\/van-graaf-card\/kartenantrag\/","name":"Bestellen Sie die VAN GRAAF Card","isPartOf":{"@id":"https:\/\/www.vangraaf.com\/ch\/#website"},"datePublished":"2020-04-28T08:27:11+00:00","dateModified":"2023-10-20T07:37:52+00:00","description":"Willkommen im Fashion-Club \u2013 mit der VAN GRAAF Card. Jetzt bestellen und einen Welcome-Gutschein sichern!","breadcrumb":{"@id":"https:\/\/www.vangraaf.com\/ch\/van-graaf-card\/kartenantrag\/#breadcrumb"},"inLanguage":"de-CH","potentialAction":[{"@type":"ReadAction","target":["https:\/\/www.vangraaf.com\/ch\/van-graaf-card\/kartenantrag\/"]}]},{"@type":"BreadcrumbList","@id":"https:\/\/www.vangraaf.com\/ch\/van-graaf-card\/kartenantrag\/#breadcrumb","itemListElement":[{"@type":"ListItem","position":1,"name":"Home","item":"https:\/\/www.vangraaf.com\/ch\/"},{"@type":"ListItem","position":2,"name":"Van Graaf Card","item":"https:\/\/www.vangraaf.com\/ch\/van-graaf-card\/"},{"@type":"ListItem","position":3,"name":"Kartenantrag"}]},{"@type":"WebSite","@id":"https:\/\/www.vangraaf.com\/ch\/#website","url":"https:\/\/www.vangraaf.com\/ch\/","name":"VAN GRAAF","description":"VAN GRAAF","potentialAction":[{"@type":"SearchAction","target":{"@type":"EntryPoint","urlTemplate":"https:\/\/www.vangraaf.com\/ch\/?s={search_term_string}"},"query-input":{"@type":"PropertyValueSpecification","valueRequired":true,"valueName":"search_term_string"}}],"inLanguage":"de-CH"}]}},"_links":{"self":[{"href":"https:\/\/www.vangraaf.com\/ch\/wp-json\/wp\/v2\/pages\/4721","targetHints":{"allow":["GET"]}}],"collection":[{"href":"https:\/\/www.vangraaf.com\/ch\/wp-json\/wp\/v2\/pages"}],"about":[{"href":"https:\/\/www.vangraaf.com\/ch\/wp-json\/wp\/v2\/types\/page"}],"author":[{"embeddable":true,"href":"https:\/\/www.vangraaf.com\/ch\/wp-json\/wp\/v2\/users\/3"}],"replies":[{"embeddable":true,"href":"https:\/\/www.vangraaf.com\/ch\/wp-json\/wp\/v2\/comments?post=4721"}],"version-history":[{"count":11,"href":"https:\/\/www.vangraaf.com\/ch\/wp-json\/wp\/v2\/pages\/4721\/revisions"}],"predecessor-version":[{"id":6493,"href":"https:\/\/www.vangraaf.com\/ch\/wp-json\/wp\/v2\/pages\/4721\/revisions\/6493"}],"up":[{"embeddable":true,"href":"https:\/\/www.vangraaf.com\/ch\/wp-json\/wp\/v2\/pages\/2412"}],"wp:attachment":[{"href":"https:\/\/www.vangraaf.com\/ch\/wp-json\/wp\/v2\/media?parent=4721"}],"curies":[{"name":"wp","href":"https:\/\/api.w.org\/{rel}","templated":true}]}}