{"id":3658,"date":"2020-03-12T13:59:58","date_gmt":"2020-03-12T12:59:58","guid":{"rendered":"http:\/\/van-graaf.test\/ch\/?page_id=3658"},"modified":"2025-02-12T13:53:07","modified_gmt":"2025-02-12T12:53:07","slug":"polo-ralph-lauren","status":"publish","type":"page","link":"https:\/\/www.vangraaf.com\/ch\/marken\/polo-ralph-lauren\/","title":{"rendered":"Polo Ralph Lauren"},"content":{"rendered":"<div class=\"wpb-content-wrapper\">[vc_row full_width=&#187;stretch_row_content_no_spaces&#187;][vc_column]<div class=\"keyvisual\" data-aos=\"fade-up\" ><img loading=\"lazy\" decoding=\"async\" width=\"1440\" height=\"480\" src=\"https:\/\/www.vangraaf.com\/ch\/wp-content\/uploads\/sites\/6\/2020\/02\/Logo_PoloRalphLauren.jpg\" class=\"vc_single_image-img\" alt=\"\" srcset=\"https:\/\/www.vangraaf.com\/ch\/wp-content\/uploads\/sites\/6\/2020\/02\/Logo_PoloRalphLauren.jpg 1440w, https:\/\/www.vangraaf.com\/ch\/wp-content\/uploads\/sites\/6\/2020\/02\/Logo_PoloRalphLauren-300x100.jpg 300w, https:\/\/www.vangraaf.com\/ch\/wp-content\/uploads\/sites\/6\/2020\/02\/Logo_PoloRalphLauren-1024x341.jpg 1024w, https:\/\/www.vangraaf.com\/ch\/wp-content\/uploads\/sites\/6\/2020\/02\/Logo_PoloRalphLauren-768x256.jpg 768w, https:\/\/www.vangraaf.com\/ch\/wp-content\/uploads\/sites\/6\/2020\/02\/Logo_PoloRalphLauren-1200x400.jpg 1200w, https:\/\/www.vangraaf.com\/ch\/wp-content\/uploads\/sites\/6\/2020\/02\/Logo_PoloRalphLauren-992x331.jpg 992w, https:\/\/www.vangraaf.com\/ch\/wp-content\/uploads\/sites\/6\/2020\/02\/Logo_PoloRalphLauren-480x160.jpg 480w\" sizes=\"(max-width: 1440px) 100vw, 1440px\" \/><\/div>\n        <div class=\"headlines headlines--center\" data-aos=\"fade-up\">\n            <div class=\"vc_row\">\n                <div class=\"vc_col-md-10 vc_col-md-offset-1 vc_col-lg-10 vc_col-lg-offset-1\"><span class=\"h6\">Polo Ralph Lauren<\/span><h1 class=\"h2\">Mode von Polo Ralph Lauren bei VAN GRAAF in Spreitenbach<\/h1><\/div>\n            <\/div>\n        <\/div>[vc_column_text]\r\n<p class=\"TextBody\" style=\"text-align: center;\">Casual Sportswear mit elegantem Twist: Seit mehr als f\u00fcnf Jahrzehnten steht die Mode des US-amerikanischen Labels <span class=\"nobr\">Polo Ralph Lauren<\/span> f\u00fcr die <b>perfekte Verbindung von Sportlichkeit und Eleganz<\/b>. Ende der 1960er-Jahre von Ralph Lauren in New York gegr\u00fcndet, schafft es die Brand mit dem Polospieler als Logo seither immer wieder, den American way of life in alltagstaugliche, kombinierfreudige Looks zu \u00fcbersetzen. Stilvolle Details machen legere Basics aus dem Casual- und Sportswear-Bereich zu stilvollen Begleitern f\u00fcr jede Gelegenheit \u2013 allen voran das Poloshirt. Dieser Klassiker ist \u00fcbrigens heute durchaus nicht mehr nur Herren vorbehalten, sondern wird auch von Damen und Kindern getragen. Polo-Ralph-Lauren-Mode <b>bringt sportliche L\u00e4ssigkeit mit zeitloser Klasse zusammen<\/b>. Damit \u00fcberzeugt sie sowohl im Businessbereich als auch in der Freizeit. Entdecken Sie das modische Sortiment der Damen-, Herren- und Kinderkleidung von <span class=\"nobr\">Polo Ralph Lauren<\/span> in unserem schweizer VAN GRAAF Modehaus in Spreitenbach und erweitern Sie Ihre Garderobe mit Teilen, die sich durch sportlich-l\u00e4ssigen Esprit auszeichnen. Zeitlos, unaufgeregt, dabei jederzeit classy \u2013 der typische Look der US-Ostk\u00fcste.<\/p>\r\n[\/vc_column_text][\/vc_column][\/vc_row][vc_row bwd_tbc4vd_show_weekday=&#187;&#187; full_width=&#187;stretch_row_content_no_spaces&#187;][vc_column]\n        <div class=\"headlines headlines--center\" data-aos=\"fade-up\">\n            <div class=\"vc_row\">\n                <div class=\"vc_col-md-10 vc_col-md-offset-1 vc_col-lg-10 vc_col-lg-offset-1\"><h2 class=\"h2\">Stilvolle Basics von Polo Ralph Lauren f\u00fcr jede Gelegenheit<\/h2><\/div>\n            <\/div>\n        <\/div>[vc_column_text]Ob Sakko oder Blazer, Jeans oder Bermuda-Shorts, Bluse oder Hemd, Poloshirt oder Pullover: Die Mode von <span class=\"nobr\">Polo Ralph Lauren<\/span> bietet Ihnen viele M\u00f6glichkeiten, Ihren individuellen Stil mit <strong>cleanen, zeitlosen Basics<\/strong> perfekt zu unterstreichen. <strong>L\u00e4ssige College- und Sportswear-Elemente<\/strong> treffen auf klassische Schnitte und ausgesuchte Materialien. Damit bringen viele Polo-Ralph-Lauren-Entw\u00fcrfe einen charmanten Preppy-Charakter in Ihre Looks.\r\n\r\nSie suchen nach stilvollen Business-Staples, mit denen Sie im Job jederzeit eine gute Figur machen? Sie m\u00f6chten komfortable Freizeit-Mode shoppen, die einfach kombinierbar und jederzeit tragbar sein soll? Die Teile aus dem Hause Polo Ralph Lauren sind modische Allesk\u00f6nner mit Potenzial zu Lieblingst\u00fccken, die in den Alltag ebenso passen wie zu besonderen Anl\u00e4ssen.[\/vc_column_text][\/vc_column][\/vc_row][vc_row bwd_tbc4vd_show_weekday=&#187;&#187; full_width=&#187;stretch_row_content_no_spaces&#187;][vc_column]\n        <div class=\"headlines headlines--center\" data-aos=\"fade-up\">\n            <div class=\"vc_row\">\n                <div class=\"vc_col-md-10 vc_col-md-offset-1 vc_col-lg-10 vc_col-lg-offset-1\"><span class=\"h6\">Kollektion<\/span><h2 class=\"h2\">Mode von Polo Ralph Lauren bei VAN GRAAF in Spreitenbach kaufen<\/h2><\/div>\n            <\/div>\n        <\/div>[vc_column_text]Das Erfolgslabel <span class=\"nobr\">Polo Ralph Lauren<\/span> versteht es nicht nur, den Bogen zwischen Tradition und Innovation zu spannen, die Marke verf\u00fcgt auch \u00fcber ein mehrere Jahrzehnte gewachsenes Know-how in den Bereichen Mode und Lifestyle. Damit f\u00fcgt sich die Fashion von <span class=\"nobr\">Polo Ralph Lauren<\/span> bestens ins Portfolio von VAN GRAAF ein.\r\n\r\nIn unserer Schweizer Filiale im Spreitenbacher Shoppi Tivoli sind wir f\u00fcr Sie da:\r\n<ul>\r\n \t<li>In insgesamt 14 <a href=\"\/ch\/beratung-style\/fachabteilungen\/\">Fachabteilungen<\/a> bieten wir Ihnen ein umfangreiches Modesortiment aus unterschiedlichen Bereichen: von Bekleidung \u00fcber Schuhe bis zu Accessoires.<\/li>\r\n \t<li>Wir pr\u00e4sentieren Ihnen Mode von mehr als 300 Top-<a href=\"\/ch\/marken\/\">Marken<\/a> wie <span class=\"nobr\">Polo Ralph Lauren<\/span> und Co.<\/li>\r\n \t<li>Auf zwei Etagen finden Sie bei uns Casual- und Sportswear von <span class=\"nobr\">Polo Ralph Lauren<\/span> und anderen bekannten Labels; ausserdem Modern Trends, Baukasten-Anz\u00fcge und vieles mehr.<\/li>\r\n<\/ul>\r\nNeben pers\u00f6nlicher Shopping-Beratung bieten wir Ihnen noch viele weitere <a href=\"\/ch\/haus\/spreitenbach\/service\/\">Service-Leistungen<\/a>, die Ihren Besuch bei VAN GRAAF in Spreitenbach zu einem gelungenen Shopping-Erlebnis machen.[\/vc_column_text][\/vc_column][\/vc_row][vc_row][vc_column]<div class=\"vg-element brand-slider brand-slider--light\" data-aos=\"fade-up\"><div class=\"brand-slider__inner\"><div class=\"brand-slider__slider js-brand-slider\"><div class=\"brand-slider__slider__item\"><a href=\"https:\/\/www.vangraaf.com\/ch\/marken\/adidas-originals\/\" title=\"adidas Originals\"><img loading=\"lazy\" decoding=\"async\" width=\"1\" height=\"1\" src=\"https:\/\/www.vangraaf.com\/ch\/wp-content\/uploads\/sites\/6\/2020\/03\/Adidas_Logo_grau_OK.svg\" class=\"attachment-full size-full\" alt=\"\" \/><\/a><\/div><div class=\"brand-slider__slider__item\"><a href=\"https:\/\/www.vangraaf.com\/ch\/marken\/tommy-hilfiger\/\" title=\"Tommy Hilfiger\"><img loading=\"lazy\" decoding=\"async\" width=\"1\" height=\"1\" src=\"https:\/\/www.vangraaf.com\/ch\/wp-content\/uploads\/sites\/6\/2020\/03\/Tommy_Hilfiger_4c_grau_OK.svg\" class=\"attachment-full size-full\" alt=\"\" \/><\/a><\/div><div class=\"brand-slider__slider__item\"><a href=\"https:\/\/www.vangraaf.com\/ch\/marken\/levis\/\" title=\"Levi&#039;s\"><img loading=\"lazy\" decoding=\"async\" width=\"1\" height=\"1\" src=\"https:\/\/www.vangraaf.com\/ch\/wp-content\/uploads\/sites\/6\/2020\/03\/Levis_Logo_grau_OK.svg\" class=\"attachment-full size-full\" alt=\"\" \/><\/a><\/div><div class=\"brand-slider__slider__item\"><a href=\"https:\/\/www.vangraaf.com\/ch\/marken\/calvin-klein\/\" title=\"Calvin Klein\"><img loading=\"lazy\" decoding=\"async\" width=\"1\" height=\"1\" src=\"https:\/\/www.vangraaf.com\/ch\/wp-content\/uploads\/sites\/6\/2020\/03\/Calvin-Klein-Logo-grau_OK.svg\" class=\"attachment-full size-full\" alt=\"\" \/><\/a><\/div><div class=\"brand-slider__slider__item\"><a href=\"https:\/\/www.vangraaf.com\/ch\/marken\/lacoste\/\" title=\"Lacoste\"><img loading=\"lazy\" decoding=\"async\" width=\"1\" height=\"1\" src=\"https:\/\/www.vangraaf.com\/ch\/wp-content\/uploads\/sites\/6\/2020\/03\/Lacoste_Logo_4c_grau_Ausnahme_OK.svg\" class=\"attachment-full size-full\" alt=\"\" \/><\/a><\/div><div class=\"brand-slider__slider__item\"><a href=\"https:\/\/www.vangraaf.com\/ch\/marken\/superdry\/\" title=\"Superdry\"><img loading=\"lazy\" decoding=\"async\" width=\"1\" height=\"1\" src=\"https:\/\/www.vangraaf.com\/ch\/wp-content\/uploads\/sites\/6\/2020\/03\/Superdry_Logo_grau_OK.svg\" class=\"attachment-full size-full\" alt=\"\" \/><\/a><\/div><div class=\"brand-slider__slider__item\"><a href=\"https:\/\/www.vangraaf.com\/ch\/marken\/fila\/\" title=\"FILA\"><img loading=\"lazy\" decoding=\"async\" width=\"1\" height=\"1\" src=\"https:\/\/www.vangraaf.com\/ch\/wp-content\/uploads\/sites\/6\/2020\/03\/Fila-Logo-grau_OK.svg\" class=\"attachment-full size-full\" alt=\"\" \/><\/a><\/div><div class=\"brand-slider__slider__item\"><a href=\"https:\/\/www.vangraaf.com\/ch\/marken\/tom-tailor\/\" title=\"TOM TAILOR\"><img loading=\"lazy\" decoding=\"async\" width=\"1\" height=\"1\" src=\"https:\/\/www.vangraaf.com\/ch\/wp-content\/uploads\/sites\/6\/2020\/03\/Tom_Tailor_Logo_grau_OK.svg\" class=\"attachment-full size-full\" alt=\"\" \/><\/a><\/div><div class=\"brand-slider__slider__item\"><a href=\"https:\/\/www.vangraaf.com\/ch\/marken\/alpha-industries\/\" title=\"Alpha Industries\"><img loading=\"lazy\" decoding=\"async\" width=\"1\" height=\"1\" src=\"https:\/\/www.vangraaf.com\/ch\/wp-content\/uploads\/sites\/6\/2020\/03\/Alpha_Industries_Logo_grau_OK.svg\" class=\"attachment-full size-full\" alt=\"\" \/><\/a><\/div><div class=\"brand-slider__slider__item\"><a href=\"https:\/\/www.vangraaf.com\/ch\/marken\/g-star\/\" title=\"G-Star RAW\"><img loading=\"lazy\" decoding=\"async\" width=\"1\" height=\"1\" src=\"https:\/\/www.vangraaf.com\/ch\/wp-content\/uploads\/sites\/6\/2020\/03\/G_Star_Logo_grau_OK.svg\" class=\"attachment-full size-full\" alt=\"\" \/><\/a><\/div><div class=\"brand-slider__slider__item\"><a href=\"https:\/\/www.vangraaf.com\/ch\/marken\/vila\/\" title=\"VILA\"><img loading=\"lazy\" decoding=\"async\" width=\"1\" height=\"1\" src=\"https:\/\/www.vangraaf.com\/ch\/wp-content\/uploads\/sites\/6\/2020\/03\/Vila_Logo_grau_OK.svg\" class=\"attachment-full size-full\" alt=\"\" \/><\/a><\/div><div class=\"brand-slider__slider__item\"><a href=\"https:\/\/www.vangraaf.com\/ch\/marken\/boss\/\" title=\"BOSS\"><img loading=\"lazy\" decoding=\"async\" width=\"1\" height=\"1\" src=\"https:\/\/www.vangraaf.com\/ch\/wp-content\/uploads\/sites\/6\/2020\/03\/Boss_Logo_grau_OK.svg\" class=\"attachment-full size-full\" alt=\"\" \/><\/a><\/div><div class=\"brand-slider__slider__item\"><a href=\"https:\/\/www.vangraaf.com\/ch\/marken\/armani-exchange\/\" title=\"Armani Exchange\"><img loading=\"lazy\" decoding=\"async\" width=\"1\" height=\"1\" src=\"https:\/\/www.vangraaf.com\/ch\/wp-content\/uploads\/sites\/6\/2020\/03\/Armani-Exchange-Logo-grau_OK.svg\" class=\"attachment-full size-full\" alt=\"\" \/><\/a><\/div><div class=\"brand-slider__slider__item\"><a href=\"https:\/\/www.vangraaf.com\/ch\/marken\/polo-ralph-lauren\/\" title=\"Polo Ralph Lauren\"><img loading=\"lazy\" decoding=\"async\" width=\"1\" height=\"1\" src=\"https:\/\/www.vangraaf.com\/ch\/wp-content\/uploads\/sites\/6\/2020\/03\/Ralph_Lauren_Logo_grau_OK.svg\" class=\"attachment-full size-full\" alt=\"\" \/><\/a><\/div><div class=\"brand-slider__slider__item\"><a href=\"https:\/\/www.vangraaf.com\/ch\/marken\/marie-lund\/\" title=\"Marie Lund\"><img loading=\"lazy\" decoding=\"async\" width=\"1\" height=\"1\" src=\"https:\/\/www.vangraaf.com\/ch\/wp-content\/uploads\/sites\/6\/2020\/03\/Marie_Lund_Logo_grau_OK.svg\" class=\"attachment-full size-full\" alt=\"\" \/><\/a><\/div><div class=\"brand-slider__slider__item\"><a href=\"https:\/\/www.vangraaf.com\/ch\/marken\/finshley-harding\/\" title=\"Finshley &amp; Harding\"><img loading=\"lazy\" decoding=\"async\" width=\"1\" height=\"1\" src=\"https:\/\/www.vangraaf.com\/ch\/wp-content\/uploads\/sites\/6\/2020\/03\/Finsley_Harding_Logo_grau_OK.svg\" class=\"attachment-full size-full\" alt=\"\" \/><\/a><\/div><\/div><\/div><\/div>[\/vc_column][\/vc_row]<\/div>","protected":false},"excerpt":{"rendered":"[vc_row full_width=&#187;stretch_row_content_no_spaces&#187;][vc_column][vc_column_text] Casual Sportswear mit elegantem Twist: Seit mehr als f\u00fcnf Jahrzehnten steht die Mode des US-amerikanischen Labels Polo Ralph Lauren f\u00fcr die perfekte Verbindung von Sportlichkeit und Eleganz. Ende der 1960er-Jahre von Ralph Lauren in New York gegr\u00fcndet, schafft es die Brand mit dem Polospieler als Logo seither immer wieder, den American way of [&hellip;]","protected":false},"author":5,"featured_media":0,"parent":2162,"menu_order":0,"comment_status":"closed","ping_status":"closed","template":"","meta":{"_acf_changed":false,"inline_featured_image":false,"footnotes":""},"class_list":["post-3658","page","type-page","status-publish","hentry"],"acf":[],"yoast_head":"<!-- This site is optimized with the Yoast SEO plugin v27.2 - https:\/\/yoast.com\/product\/yoast-seo-wordpress\/ -->\n<title>Polo-Ralph-Lauren-Mode bei VAN GRAAF in Spreitenbach<\/title>\n<meta name=\"description\" content=\"Mode von Polo Ralph Lauren bei VAN GRAAF in Spreitenbach: Angesagte Kleidung dieser und anderer Marken f\u00fcr Damen, Herren und Kinder entdecken!\" \/>\n<meta name=\"robots\" content=\"noindex, follow\" \/>\n<meta property=\"og:locale\" content=\"de_DE\" \/>\n<meta property=\"og:type\" content=\"article\" \/>\n<meta property=\"og:title\" content=\"Polo-Ralph-Lauren-Mode bei VAN GRAAF in Spreitenbach\" \/>\n<meta property=\"og:description\" content=\"Mode von Polo Ralph Lauren bei VAN GRAAF in Spreitenbach: Angesagte Kleidung dieser und anderer Marken f\u00fcr Damen, Herren und Kinder entdecken!\" \/>\n<meta property=\"og:url\" content=\"https:\/\/www.vangraaf.com\/ch\/marken\/polo-ralph-lauren\/\" \/>\n<meta property=\"og:site_name\" content=\"VAN GRAAF Schweiz\" \/>\n<meta property=\"article:modified_time\" content=\"2025-02-12T12:53:07+00:00\" \/>\n<meta name=\"twitter:card\" content=\"summary_large_image\" \/>\n<meta name=\"twitter:label1\" content=\"Est. reading time\" \/>\n\t<meta name=\"twitter:data1\" content=\"3\u00a0Minuten\" \/>\n<script type=\"application\/ld+json\" class=\"yoast-schema-graph\">{\"@context\":\"https:\/\/schema.org\",\"@graph\":[{\"@type\":\"WebPage\",\"@id\":\"https:\/\/www.vangraaf.com\/ch\/marken\/polo-ralph-lauren\/\",\"url\":\"https:\/\/www.vangraaf.com\/ch\/marken\/polo-ralph-lauren\/\",\"name\":\"Polo-Ralph-Lauren-Mode bei VAN GRAAF in Spreitenbach\",\"isPartOf\":{\"@id\":\"https:\/\/www.vangraaf.com\/ch\/#website\"},\"datePublished\":\"2020-03-12T12:59:58+00:00\",\"dateModified\":\"2025-02-12T12:53:07+00:00\",\"description\":\"Mode von Polo Ralph Lauren bei VAN GRAAF in Spreitenbach: Angesagte Kleidung dieser und anderer Marken f\u00fcr Damen, Herren und Kinder entdecken!\",\"breadcrumb\":{\"@id\":\"https:\/\/www.vangraaf.com\/ch\/marken\/polo-ralph-lauren\/#breadcrumb\"},\"inLanguage\":\"de-CH\",\"potentialAction\":[{\"@type\":\"ReadAction\",\"target\":[\"https:\/\/www.vangraaf.com\/ch\/marken\/polo-ralph-lauren\/\"]}]},{\"@type\":\"BreadcrumbList\",\"@id\":\"https:\/\/www.vangraaf.com\/ch\/marken\/polo-ralph-lauren\/#breadcrumb\",\"itemListElement\":[{\"@type\":\"ListItem\",\"position\":1,\"name\":\"Home\",\"item\":\"https:\/\/www.vangraaf.com\/ch\/\"},{\"@type\":\"ListItem\",\"position\":2,\"name\":\"Marken\",\"item\":\"https:\/\/www.vangraaf.com\/ch\/marken\/\"},{\"@type\":\"ListItem\",\"position\":3,\"name\":\"Polo Ralph Lauren\"}]},{\"@type\":\"WebSite\",\"@id\":\"https:\/\/www.vangraaf.com\/ch\/#website\",\"url\":\"https:\/\/www.vangraaf.com\/ch\/\",\"name\":\"VAN GRAAF\",\"description\":\"VAN GRAAF\",\"potentialAction\":[{\"@type\":\"SearchAction\",\"target\":{\"@type\":\"EntryPoint\",\"urlTemplate\":\"https:\/\/www.vangraaf.com\/ch\/?s={search_term_string}\"},\"query-input\":{\"@type\":\"PropertyValueSpecification\",\"valueRequired\":true,\"valueName\":\"search_term_string\"}}],\"inLanguage\":\"de-CH\"}]}<\/script>\n<!-- \/ Yoast SEO plugin. -->","yoast_head_json":{"title":"Polo-Ralph-Lauren-Mode bei VAN GRAAF in Spreitenbach","description":"Mode von Polo Ralph Lauren bei VAN GRAAF in Spreitenbach: Angesagte Kleidung dieser und anderer Marken f\u00fcr Damen, Herren und Kinder entdecken!","robots":{"index":"noindex","follow":"follow"},"og_locale":"de_DE","og_type":"article","og_title":"Polo-Ralph-Lauren-Mode bei VAN GRAAF in Spreitenbach","og_description":"Mode von Polo Ralph Lauren bei VAN GRAAF in Spreitenbach: Angesagte Kleidung dieser und anderer Marken f\u00fcr Damen, Herren und Kinder entdecken!","og_url":"https:\/\/www.vangraaf.com\/ch\/marken\/polo-ralph-lauren\/","og_site_name":"VAN GRAAF Schweiz","article_modified_time":"2025-02-12T12:53:07+00:00","twitter_card":"summary_large_image","twitter_misc":{"Est. reading time":"3\u00a0Minuten"},"schema":{"@context":"https:\/\/schema.org","@graph":[{"@type":"WebPage","@id":"https:\/\/www.vangraaf.com\/ch\/marken\/polo-ralph-lauren\/","url":"https:\/\/www.vangraaf.com\/ch\/marken\/polo-ralph-lauren\/","name":"Polo-Ralph-Lauren-Mode bei VAN GRAAF in Spreitenbach","isPartOf":{"@id":"https:\/\/www.vangraaf.com\/ch\/#website"},"datePublished":"2020-03-12T12:59:58+00:00","dateModified":"2025-02-12T12:53:07+00:00","description":"Mode von Polo Ralph Lauren bei VAN GRAAF in Spreitenbach: Angesagte Kleidung dieser und anderer Marken f\u00fcr Damen, Herren und Kinder entdecken!","breadcrumb":{"@id":"https:\/\/www.vangraaf.com\/ch\/marken\/polo-ralph-lauren\/#breadcrumb"},"inLanguage":"de-CH","potentialAction":[{"@type":"ReadAction","target":["https:\/\/www.vangraaf.com\/ch\/marken\/polo-ralph-lauren\/"]}]},{"@type":"BreadcrumbList","@id":"https:\/\/www.vangraaf.com\/ch\/marken\/polo-ralph-lauren\/#breadcrumb","itemListElement":[{"@type":"ListItem","position":1,"name":"Home","item":"https:\/\/www.vangraaf.com\/ch\/"},{"@type":"ListItem","position":2,"name":"Marken","item":"https:\/\/www.vangraaf.com\/ch\/marken\/"},{"@type":"ListItem","position":3,"name":"Polo Ralph Lauren"}]},{"@type":"WebSite","@id":"https:\/\/www.vangraaf.com\/ch\/#website","url":"https:\/\/www.vangraaf.com\/ch\/","name":"VAN GRAAF","description":"VAN GRAAF","potentialAction":[{"@type":"SearchAction","target":{"@type":"EntryPoint","urlTemplate":"https:\/\/www.vangraaf.com\/ch\/?s={search_term_string}"},"query-input":{"@type":"PropertyValueSpecification","valueRequired":true,"valueName":"search_term_string"}}],"inLanguage":"de-CH"}]}},"_links":{"self":[{"href":"https:\/\/www.vangraaf.com\/ch\/wp-json\/wp\/v2\/pages\/3658","targetHints":{"allow":["GET"]}}],"collection":[{"href":"https:\/\/www.vangraaf.com\/ch\/wp-json\/wp\/v2\/pages"}],"about":[{"href":"https:\/\/www.vangraaf.com\/ch\/wp-json\/wp\/v2\/types\/page"}],"author":[{"embeddable":true,"href":"https:\/\/www.vangraaf.com\/ch\/wp-json\/wp\/v2\/users\/5"}],"replies":[{"embeddable":true,"href":"https:\/\/www.vangraaf.com\/ch\/wp-json\/wp\/v2\/comments?post=3658"}],"version-history":[{"count":24,"href":"https:\/\/www.vangraaf.com\/ch\/wp-json\/wp\/v2\/pages\/3658\/revisions"}],"predecessor-version":[{"id":7922,"href":"https:\/\/www.vangraaf.com\/ch\/wp-json\/wp\/v2\/pages\/3658\/revisions\/7922"}],"up":[{"embeddable":true,"href":"https:\/\/www.vangraaf.com\/ch\/wp-json\/wp\/v2\/pages\/2162"}],"wp:attachment":[{"href":"https:\/\/www.vangraaf.com\/ch\/wp-json\/wp\/v2\/media?parent=3658"}],"curies":[{"name":"wp","href":"https:\/\/api.w.org\/{rel}","templated":true}]}}