{"id":3655,"date":"2020-03-12T13:58:44","date_gmt":"2020-03-12T12:58:44","guid":{"rendered":"http:\/\/van-graaf.test\/ch\/?page_id=3655"},"modified":"2025-02-12T13:51:10","modified_gmt":"2025-02-12T12:51:10","slug":"armani-exchange","status":"publish","type":"page","link":"https:\/\/www.vangraaf.com\/ch\/marken\/armani-exchange\/","title":{"rendered":"Armani Exchange"},"content":{"rendered":"<div class=\"wpb-content-wrapper\">[vc_row full_width=&#187;stretch_row_content_no_spaces&#187;][vc_column]<div class=\"keyvisual\" data-aos=\"fade-up\" ><img loading=\"lazy\" decoding=\"async\" width=\"1440\" height=\"480\" src=\"https:\/\/www.vangraaf.com\/ch\/wp-content\/uploads\/sites\/6\/2020\/02\/Logo_ArmaniExchange.jpg\" class=\"vc_single_image-img\" alt=\"\" srcset=\"https:\/\/www.vangraaf.com\/ch\/wp-content\/uploads\/sites\/6\/2020\/02\/Logo_ArmaniExchange.jpg 1440w, https:\/\/www.vangraaf.com\/ch\/wp-content\/uploads\/sites\/6\/2020\/02\/Logo_ArmaniExchange-300x100.jpg 300w, https:\/\/www.vangraaf.com\/ch\/wp-content\/uploads\/sites\/6\/2020\/02\/Logo_ArmaniExchange-1024x341.jpg 1024w, https:\/\/www.vangraaf.com\/ch\/wp-content\/uploads\/sites\/6\/2020\/02\/Logo_ArmaniExchange-768x256.jpg 768w, https:\/\/www.vangraaf.com\/ch\/wp-content\/uploads\/sites\/6\/2020\/02\/Logo_ArmaniExchange-1200x400.jpg 1200w, https:\/\/www.vangraaf.com\/ch\/wp-content\/uploads\/sites\/6\/2020\/02\/Logo_ArmaniExchange-992x331.jpg 992w, https:\/\/www.vangraaf.com\/ch\/wp-content\/uploads\/sites\/6\/2020\/02\/Logo_ArmaniExchange-480x160.jpg 480w\" sizes=\"(max-width: 1440px) 100vw, 1440px\" \/><\/div>\n        <div class=\"headlines headlines--center\" data-aos=\"fade-up\">\n            <div class=\"vc_row\">\n                <div class=\"vc_col-md-10 vc_col-md-offset-1 vc_col-lg-10 vc_col-lg-offset-1\"><span class=\"h6\">Armani Exchange<\/span><h1 class=\"h2\">Designer-Herrenmode von Armani Exchange in Spreitenbach<\/h1><\/div>\n            <\/div>\n        <\/div>[vc_column_text]\r\n<p style=\"text-align: center;\">Armani steht f\u00fcr Glamour und Luxus und geh\u00f6rt zweifellos zu den Top-Designermarken weltweit. Sind die Kollektionen des Stammhauses Armani durch klassische Schnitte und fliessende Stoffe gekennzeichnet, bietet die junge Schwestermarke Armani Exchange <strong>aufregende Mode im sportlichen Stil<\/strong> mit innovativen Interpretationen angesagter Streetwear. Wenn Sie junge und l\u00e4ssige Herrenmode mit dem gewissen Extra lieben, wird Sie unser ausgew\u00e4hltes Sortiment von Armani Exchange in Spreitenbach begeistern.<\/p>\r\n[\/vc_column_text][\/vc_column][\/vc_row][vc_row][vc_column]\n        <div class=\"headlines headlines--center\" data-aos=\"fade-up\">\n            <div class=\"vc_row\">\n                <div class=\"vc_col-md-10 vc_col-md-offset-1 vc_col-lg-10 vc_col-lg-offset-1\"><h2 class=\"h2\">Vom roten Teppich nach Spreitenbach \u2013 Armani Exchange in der Schweiz<\/h2><\/div>\n            <\/div>\n        <\/div>[vc_column_text]Der legend\u00e4re Modesch\u00f6pfer Giorgio Armani gilt als regelrechter \u201eHofschneider\u201c f\u00fcr Oscargewinner. So machten die Anz\u00fcge f\u00fcr Richard Gere im Film \u201eEin Mann f\u00fcr gewisse Stunden\u201c Armani weltber\u00fchmt und zum <strong>Lieblingsdesigner vieler Stars<\/strong> wie Uma Thurman, Leonardo DiCaprio, David Bowie oder Tina Turner. Nachdem der Italiener zun\u00e4chst als Schaufensterdekorateur und Modeeink\u00e4ufer einer Herrenmodenboutique gearbeitet hatte, brachte er 1974 erstmals eine Herrenanzug-Kollektion heraus.\r\n\r\n1975 gr\u00fcndete er sein Modelabel Giorgio Armani in Mailand und ist seither nicht nur f\u00fcr elegante Herrenanz\u00fcge, sondern auch f\u00fcr ausgesuchte Accessoires und Parfums bekannt. Um auch stil- und markenbewusste Modeliebhaber anzusprechen, die es sportlicher m\u00f6gen, wurde schliesslich 1991 die Armani-Exchange-Linie gegr\u00fcndet. Sie bietet hochwertige Streetwear-Mode, die vor allem junge Leute begeistert.[\/vc_column_text][\/vc_column][\/vc_row][vc_row][vc_column]\n        <div class=\"headlines headlines--center\" data-aos=\"fade-up\">\n            <div class=\"vc_row\">\n                <div class=\"vc_col-md-10 vc_col-md-offset-1 vc_col-lg-10 vc_col-lg-offset-1\"><span class=\"h6\">Kollektion<\/span><h2 class=\"h2\">Herrenmode von Armani Exchange im Shoppi Tivoli Spreitenbach<\/h2><\/div>\n            <\/div>\n        <\/div>[vc_column_text]Pur, l\u00e4ssig, elegant: Die typischen Designmerkmale, f\u00fcr die Armani steht, charakterisieren auch die Mode von Armani Exchange (A|X). Einfl\u00fcsse von Pop- und Streetkultur sind hier die massgeblichen Stilmerkmale der sportlich-l\u00e4ssigen Ober- und Unterbekleidung f\u00fcr Herren. Im Mittelpunkt der Mode f\u00fcr M\u00e4nner von Armani Exchange stehen <strong>Sport- und Freizeitkleidung, Unterw\u00e4sche und robuste Outerwear <\/strong>mit oder ohne Logoaufdruck. Ob Trainingsanz\u00fcge, sportliche Blousons, Poloshirts oder Hemden: Sportlich-l\u00e4ssige Eleganz zieht sich ebenso durch die gesamte Linie wie die klassischen Armani-Farben Grau, Marineblau, Schwarz und Weiss.\r\n\r\nSie wollen unsere Auswahl eleganter Herrenmode von Armani Exchange in Spreitenbach pers\u00f6nlich entdecken? Besuchen Sie das <a href=\"\/ch\/haus\/spreitenbach\/\">Gesch\u00e4ft von VAN GRAAF im Shoppi Tivoli<\/a> und finden Sie hier Ihr neues Lieblingsoutfit. Mit einem Termin zum <a href=\"\/ch\/haus\/spreitenbach\/personal-shopping\/\">Personal Shopping<\/a> stehen Ihnen unsere Mitarbeiter ausserdem individuell zur Verf\u00fcgung und unterst\u00fctzen Sie bei der Zusammenstellung eines Outfits der Marke.[\/vc_column_text][\/vc_column][\/vc_row][vc_row][vc_column]<div class=\"vg-element brand-slider brand-slider--light\" data-aos=\"fade-up\"><div class=\"brand-slider__inner\"><div class=\"brand-slider__slider js-brand-slider\"><div class=\"brand-slider__slider__item\"><a href=\"https:\/\/www.vangraaf.com\/ch\/marken\/adidas-originals\/\" title=\"adidas Originals\"><img loading=\"lazy\" decoding=\"async\" width=\"1\" height=\"1\" src=\"https:\/\/www.vangraaf.com\/ch\/wp-content\/uploads\/sites\/6\/2020\/03\/Adidas_Logo_grau_OK.svg\" class=\"attachment-full size-full\" alt=\"\" \/><\/a><\/div><div class=\"brand-slider__slider__item\"><a href=\"https:\/\/www.vangraaf.com\/ch\/marken\/tommy-hilfiger\/\" title=\"Tommy Hilfiger\"><img loading=\"lazy\" decoding=\"async\" width=\"1\" height=\"1\" src=\"https:\/\/www.vangraaf.com\/ch\/wp-content\/uploads\/sites\/6\/2020\/03\/Tommy_Hilfiger_4c_grau_OK.svg\" class=\"attachment-full size-full\" alt=\"\" \/><\/a><\/div><div class=\"brand-slider__slider__item\"><a href=\"https:\/\/www.vangraaf.com\/ch\/marken\/levis\/\" title=\"Levi&#039;s\"><img loading=\"lazy\" decoding=\"async\" width=\"1\" height=\"1\" src=\"https:\/\/www.vangraaf.com\/ch\/wp-content\/uploads\/sites\/6\/2020\/03\/Levis_Logo_grau_OK.svg\" class=\"attachment-full size-full\" alt=\"\" \/><\/a><\/div><div class=\"brand-slider__slider__item\"><a href=\"https:\/\/www.vangraaf.com\/ch\/marken\/calvin-klein\/\" title=\"Calvin Klein\"><img loading=\"lazy\" decoding=\"async\" width=\"1\" height=\"1\" src=\"https:\/\/www.vangraaf.com\/ch\/wp-content\/uploads\/sites\/6\/2020\/03\/Calvin-Klein-Logo-grau_OK.svg\" class=\"attachment-full size-full\" alt=\"\" \/><\/a><\/div><div class=\"brand-slider__slider__item\"><a href=\"https:\/\/www.vangraaf.com\/ch\/marken\/lacoste\/\" title=\"Lacoste\"><img loading=\"lazy\" decoding=\"async\" width=\"1\" height=\"1\" src=\"https:\/\/www.vangraaf.com\/ch\/wp-content\/uploads\/sites\/6\/2020\/03\/Lacoste_Logo_4c_grau_Ausnahme_OK.svg\" class=\"attachment-full size-full\" alt=\"\" \/><\/a><\/div><div class=\"brand-slider__slider__item\"><a href=\"https:\/\/www.vangraaf.com\/ch\/marken\/superdry\/\" title=\"Superdry\"><img loading=\"lazy\" decoding=\"async\" width=\"1\" height=\"1\" src=\"https:\/\/www.vangraaf.com\/ch\/wp-content\/uploads\/sites\/6\/2020\/03\/Superdry_Logo_grau_OK.svg\" class=\"attachment-full size-full\" alt=\"\" \/><\/a><\/div><div class=\"brand-slider__slider__item\"><a href=\"https:\/\/www.vangraaf.com\/ch\/marken\/fila\/\" title=\"FILA\"><img loading=\"lazy\" decoding=\"async\" width=\"1\" height=\"1\" src=\"https:\/\/www.vangraaf.com\/ch\/wp-content\/uploads\/sites\/6\/2020\/03\/Fila-Logo-grau_OK.svg\" class=\"attachment-full size-full\" alt=\"\" \/><\/a><\/div><div class=\"brand-slider__slider__item\"><a href=\"https:\/\/www.vangraaf.com\/ch\/marken\/tom-tailor\/\" title=\"TOM TAILOR\"><img loading=\"lazy\" decoding=\"async\" width=\"1\" height=\"1\" src=\"https:\/\/www.vangraaf.com\/ch\/wp-content\/uploads\/sites\/6\/2020\/03\/Tom_Tailor_Logo_grau_OK.svg\" class=\"attachment-full size-full\" alt=\"\" \/><\/a><\/div><div class=\"brand-slider__slider__item\"><a href=\"https:\/\/www.vangraaf.com\/ch\/marken\/alpha-industries\/\" title=\"Alpha Industries\"><img loading=\"lazy\" decoding=\"async\" width=\"1\" height=\"1\" src=\"https:\/\/www.vangraaf.com\/ch\/wp-content\/uploads\/sites\/6\/2020\/03\/Alpha_Industries_Logo_grau_OK.svg\" class=\"attachment-full size-full\" alt=\"\" \/><\/a><\/div><div class=\"brand-slider__slider__item\"><a href=\"https:\/\/www.vangraaf.com\/ch\/marken\/g-star\/\" title=\"G-Star RAW\"><img loading=\"lazy\" decoding=\"async\" width=\"1\" height=\"1\" src=\"https:\/\/www.vangraaf.com\/ch\/wp-content\/uploads\/sites\/6\/2020\/03\/G_Star_Logo_grau_OK.svg\" class=\"attachment-full size-full\" alt=\"\" \/><\/a><\/div><div class=\"brand-slider__slider__item\"><a href=\"https:\/\/www.vangraaf.com\/ch\/marken\/vila\/\" title=\"VILA\"><img loading=\"lazy\" decoding=\"async\" width=\"1\" height=\"1\" src=\"https:\/\/www.vangraaf.com\/ch\/wp-content\/uploads\/sites\/6\/2020\/03\/Vila_Logo_grau_OK.svg\" class=\"attachment-full size-full\" alt=\"\" \/><\/a><\/div><div class=\"brand-slider__slider__item\"><a href=\"https:\/\/www.vangraaf.com\/ch\/marken\/boss\/\" title=\"BOSS\"><img loading=\"lazy\" decoding=\"async\" width=\"1\" height=\"1\" src=\"https:\/\/www.vangraaf.com\/ch\/wp-content\/uploads\/sites\/6\/2020\/03\/Boss_Logo_grau_OK.svg\" class=\"attachment-full size-full\" alt=\"\" \/><\/a><\/div><div class=\"brand-slider__slider__item\"><a href=\"https:\/\/www.vangraaf.com\/ch\/marken\/armani-exchange\/\" title=\"Armani Exchange\"><img loading=\"lazy\" decoding=\"async\" width=\"1\" height=\"1\" src=\"https:\/\/www.vangraaf.com\/ch\/wp-content\/uploads\/sites\/6\/2020\/03\/Armani-Exchange-Logo-grau_OK.svg\" class=\"attachment-full size-full\" alt=\"\" \/><\/a><\/div><div class=\"brand-slider__slider__item\"><a href=\"https:\/\/www.vangraaf.com\/ch\/marken\/polo-ralph-lauren\/\" title=\"Polo Ralph Lauren\"><img loading=\"lazy\" decoding=\"async\" width=\"1\" height=\"1\" src=\"https:\/\/www.vangraaf.com\/ch\/wp-content\/uploads\/sites\/6\/2020\/03\/Ralph_Lauren_Logo_grau_OK.svg\" class=\"attachment-full size-full\" alt=\"\" \/><\/a><\/div><div class=\"brand-slider__slider__item\"><a href=\"https:\/\/www.vangraaf.com\/ch\/marken\/marie-lund\/\" title=\"Marie Lund\"><img loading=\"lazy\" decoding=\"async\" width=\"1\" height=\"1\" src=\"https:\/\/www.vangraaf.com\/ch\/wp-content\/uploads\/sites\/6\/2020\/03\/Marie_Lund_Logo_grau_OK.svg\" class=\"attachment-full size-full\" alt=\"\" \/><\/a><\/div><div class=\"brand-slider__slider__item\"><a href=\"https:\/\/www.vangraaf.com\/ch\/marken\/finshley-harding\/\" title=\"Finshley &amp; Harding\"><img loading=\"lazy\" decoding=\"async\" width=\"1\" height=\"1\" src=\"https:\/\/www.vangraaf.com\/ch\/wp-content\/uploads\/sites\/6\/2020\/03\/Finsley_Harding_Logo_grau_OK.svg\" class=\"attachment-full size-full\" alt=\"\" \/><\/a><\/div><\/div><\/div><\/div>[\/vc_column][\/vc_row]<\/div>","protected":false},"excerpt":{"rendered":"[vc_row full_width=&#187;stretch_row_content_no_spaces&#187;][vc_column][vc_column_text] Armani steht f\u00fcr Glamour und Luxus und geh\u00f6rt zweifellos zu den Top-Designermarken weltweit. Sind die Kollektionen des Stammhauses Armani durch klassische Schnitte und fliessende Stoffe gekennzeichnet, bietet die junge Schwestermarke Armani Exchange aufregende Mode im sportlichen Stil mit innovativen Interpretationen angesagter Streetwear. Wenn Sie junge und l\u00e4ssige Herrenmode mit dem gewissen Extra lieben, [&hellip;]","protected":false},"author":5,"featured_media":0,"parent":2162,"menu_order":0,"comment_status":"closed","ping_status":"closed","template":"","meta":{"_acf_changed":false,"inline_featured_image":false,"footnotes":""},"class_list":["post-3655","page","type-page","status-publish","hentry"],"acf":[],"yoast_head":"<!-- This site is optimized with the Yoast SEO plugin v27.2 - https:\/\/yoast.com\/product\/yoast-seo-wordpress\/ -->\n<title>Designer-Herrenmode von Armani Exchange in Spreitenbach<\/title>\n<meta name=\"description\" content=\"Armani Exchange steht f\u00fcr sportliche Mode in gewohnter Armani-Qualit\u00e4t. Shoppen Sie die Herrenmode des Designerlabels bei VAN GRAAF im Shoppi Tivoli.\" \/>\n<meta name=\"robots\" content=\"noindex, follow\" \/>\n<meta property=\"og:locale\" content=\"de_DE\" \/>\n<meta property=\"og:type\" content=\"article\" \/>\n<meta property=\"og:title\" content=\"Designer-Herrenmode von Armani Exchange in Spreitenbach\" \/>\n<meta property=\"og:description\" content=\"Armani Exchange steht f\u00fcr sportliche Mode in gewohnter Armani-Qualit\u00e4t. Shoppen Sie die Herrenmode des Designerlabels bei VAN GRAAF im Shoppi Tivoli.\" \/>\n<meta property=\"og:url\" content=\"https:\/\/www.vangraaf.com\/ch\/marken\/armani-exchange\/\" \/>\n<meta property=\"og:site_name\" content=\"VAN GRAAF Schweiz\" \/>\n<meta property=\"article:modified_time\" content=\"2025-02-12T12:51:10+00:00\" \/>\n<meta name=\"twitter:card\" content=\"summary_large_image\" \/>\n<meta name=\"twitter:label1\" content=\"Est. reading time\" \/>\n\t<meta name=\"twitter:data1\" content=\"2\u00a0Minuten\" \/>\n<script type=\"application\/ld+json\" class=\"yoast-schema-graph\">{\"@context\":\"https:\/\/schema.org\",\"@graph\":[{\"@type\":\"WebPage\",\"@id\":\"https:\/\/www.vangraaf.com\/ch\/marken\/armani-exchange\/\",\"url\":\"https:\/\/www.vangraaf.com\/ch\/marken\/armani-exchange\/\",\"name\":\"Designer-Herrenmode von Armani Exchange in Spreitenbach\",\"isPartOf\":{\"@id\":\"https:\/\/www.vangraaf.com\/ch\/#website\"},\"datePublished\":\"2020-03-12T12:58:44+00:00\",\"dateModified\":\"2025-02-12T12:51:10+00:00\",\"description\":\"Armani Exchange steht f\u00fcr sportliche Mode in gewohnter Armani-Qualit\u00e4t. Shoppen Sie die Herrenmode des Designerlabels bei VAN GRAAF im Shoppi Tivoli.\",\"breadcrumb\":{\"@id\":\"https:\/\/www.vangraaf.com\/ch\/marken\/armani-exchange\/#breadcrumb\"},\"inLanguage\":\"de-CH\",\"potentialAction\":[{\"@type\":\"ReadAction\",\"target\":[\"https:\/\/www.vangraaf.com\/ch\/marken\/armani-exchange\/\"]}]},{\"@type\":\"BreadcrumbList\",\"@id\":\"https:\/\/www.vangraaf.com\/ch\/marken\/armani-exchange\/#breadcrumb\",\"itemListElement\":[{\"@type\":\"ListItem\",\"position\":1,\"name\":\"Home\",\"item\":\"https:\/\/www.vangraaf.com\/ch\/\"},{\"@type\":\"ListItem\",\"position\":2,\"name\":\"Marken\",\"item\":\"https:\/\/www.vangraaf.com\/ch\/marken\/\"},{\"@type\":\"ListItem\",\"position\":3,\"name\":\"Armani Exchange\"}]},{\"@type\":\"WebSite\",\"@id\":\"https:\/\/www.vangraaf.com\/ch\/#website\",\"url\":\"https:\/\/www.vangraaf.com\/ch\/\",\"name\":\"VAN GRAAF\",\"description\":\"VAN GRAAF\",\"potentialAction\":[{\"@type\":\"SearchAction\",\"target\":{\"@type\":\"EntryPoint\",\"urlTemplate\":\"https:\/\/www.vangraaf.com\/ch\/?s={search_term_string}\"},\"query-input\":{\"@type\":\"PropertyValueSpecification\",\"valueRequired\":true,\"valueName\":\"search_term_string\"}}],\"inLanguage\":\"de-CH\"}]}<\/script>\n<!-- \/ Yoast SEO plugin. -->","yoast_head_json":{"title":"Designer-Herrenmode von Armani Exchange in Spreitenbach","description":"Armani Exchange steht f\u00fcr sportliche Mode in gewohnter Armani-Qualit\u00e4t. Shoppen Sie die Herrenmode des Designerlabels bei VAN GRAAF im Shoppi Tivoli.","robots":{"index":"noindex","follow":"follow"},"og_locale":"de_DE","og_type":"article","og_title":"Designer-Herrenmode von Armani Exchange in Spreitenbach","og_description":"Armani Exchange steht f\u00fcr sportliche Mode in gewohnter Armani-Qualit\u00e4t. Shoppen Sie die Herrenmode des Designerlabels bei VAN GRAAF im Shoppi Tivoli.","og_url":"https:\/\/www.vangraaf.com\/ch\/marken\/armani-exchange\/","og_site_name":"VAN GRAAF Schweiz","article_modified_time":"2025-02-12T12:51:10+00:00","twitter_card":"summary_large_image","twitter_misc":{"Est. reading time":"2\u00a0Minuten"},"schema":{"@context":"https:\/\/schema.org","@graph":[{"@type":"WebPage","@id":"https:\/\/www.vangraaf.com\/ch\/marken\/armani-exchange\/","url":"https:\/\/www.vangraaf.com\/ch\/marken\/armani-exchange\/","name":"Designer-Herrenmode von Armani Exchange in Spreitenbach","isPartOf":{"@id":"https:\/\/www.vangraaf.com\/ch\/#website"},"datePublished":"2020-03-12T12:58:44+00:00","dateModified":"2025-02-12T12:51:10+00:00","description":"Armani Exchange steht f\u00fcr sportliche Mode in gewohnter Armani-Qualit\u00e4t. Shoppen Sie die Herrenmode des Designerlabels bei VAN GRAAF im Shoppi Tivoli.","breadcrumb":{"@id":"https:\/\/www.vangraaf.com\/ch\/marken\/armani-exchange\/#breadcrumb"},"inLanguage":"de-CH","potentialAction":[{"@type":"ReadAction","target":["https:\/\/www.vangraaf.com\/ch\/marken\/armani-exchange\/"]}]},{"@type":"BreadcrumbList","@id":"https:\/\/www.vangraaf.com\/ch\/marken\/armani-exchange\/#breadcrumb","itemListElement":[{"@type":"ListItem","position":1,"name":"Home","item":"https:\/\/www.vangraaf.com\/ch\/"},{"@type":"ListItem","position":2,"name":"Marken","item":"https:\/\/www.vangraaf.com\/ch\/marken\/"},{"@type":"ListItem","position":3,"name":"Armani Exchange"}]},{"@type":"WebSite","@id":"https:\/\/www.vangraaf.com\/ch\/#website","url":"https:\/\/www.vangraaf.com\/ch\/","name":"VAN GRAAF","description":"VAN GRAAF","potentialAction":[{"@type":"SearchAction","target":{"@type":"EntryPoint","urlTemplate":"https:\/\/www.vangraaf.com\/ch\/?s={search_term_string}"},"query-input":{"@type":"PropertyValueSpecification","valueRequired":true,"valueName":"search_term_string"}}],"inLanguage":"de-CH"}]}},"_links":{"self":[{"href":"https:\/\/www.vangraaf.com\/ch\/wp-json\/wp\/v2\/pages\/3655","targetHints":{"allow":["GET"]}}],"collection":[{"href":"https:\/\/www.vangraaf.com\/ch\/wp-json\/wp\/v2\/pages"}],"about":[{"href":"https:\/\/www.vangraaf.com\/ch\/wp-json\/wp\/v2\/types\/page"}],"author":[{"embeddable":true,"href":"https:\/\/www.vangraaf.com\/ch\/wp-json\/wp\/v2\/users\/5"}],"replies":[{"embeddable":true,"href":"https:\/\/www.vangraaf.com\/ch\/wp-json\/wp\/v2\/comments?post=3655"}],"version-history":[{"count":15,"href":"https:\/\/www.vangraaf.com\/ch\/wp-json\/wp\/v2\/pages\/3655\/revisions"}],"predecessor-version":[{"id":7911,"href":"https:\/\/www.vangraaf.com\/ch\/wp-json\/wp\/v2\/pages\/3655\/revisions\/7911"}],"up":[{"embeddable":true,"href":"https:\/\/www.vangraaf.com\/ch\/wp-json\/wp\/v2\/pages\/2162"}],"wp:attachment":[{"href":"https:\/\/www.vangraaf.com\/ch\/wp-json\/wp\/v2\/media?parent=3655"}],"curies":[{"name":"wp","href":"https:\/\/api.w.org\/{rel}","templated":true}]}}