{"id":3651,"date":"2020-03-12T13:57:30","date_gmt":"2020-03-12T12:57:30","guid":{"rendered":"http:\/\/van-graaf.test\/ch\/?page_id=3651"},"modified":"2025-02-12T13:51:21","modified_gmt":"2025-02-12T12:51:21","slug":"boss","status":"publish","type":"page","link":"https:\/\/www.vangraaf.com\/ch\/marken\/boss\/","title":{"rendered":"BOSS"},"content":{"rendered":"<div class=\"wpb-content-wrapper\">[vc_row full_width=&#187;stretch_row_content_no_spaces&#187;][vc_column]<div class=\"keyvisual\" data-aos=\"fade-up\" ><img loading=\"lazy\" decoding=\"async\" width=\"1440\" height=\"480\" src=\"https:\/\/www.vangraaf.com\/ch\/wp-content\/uploads\/sites\/6\/2020\/02\/Logo_Boss.jpg\" class=\"vc_single_image-img\" alt=\"\" srcset=\"https:\/\/www.vangraaf.com\/ch\/wp-content\/uploads\/sites\/6\/2020\/02\/Logo_Boss.jpg 1440w, https:\/\/www.vangraaf.com\/ch\/wp-content\/uploads\/sites\/6\/2020\/02\/Logo_Boss-300x100.jpg 300w, https:\/\/www.vangraaf.com\/ch\/wp-content\/uploads\/sites\/6\/2020\/02\/Logo_Boss-1024x341.jpg 1024w, https:\/\/www.vangraaf.com\/ch\/wp-content\/uploads\/sites\/6\/2020\/02\/Logo_Boss-768x256.jpg 768w, https:\/\/www.vangraaf.com\/ch\/wp-content\/uploads\/sites\/6\/2020\/02\/Logo_Boss-1200x400.jpg 1200w, https:\/\/www.vangraaf.com\/ch\/wp-content\/uploads\/sites\/6\/2020\/02\/Logo_Boss-992x331.jpg 992w, https:\/\/www.vangraaf.com\/ch\/wp-content\/uploads\/sites\/6\/2020\/02\/Logo_Boss-480x160.jpg 480w\" sizes=\"(max-width: 1440px) 100vw, 1440px\" \/><\/div>\n        <div class=\"headlines headlines--center\" data-aos=\"fade-up\">\n            <div class=\"vc_row\">\n                <div class=\"vc_col-md-10 vc_col-md-offset-1 vc_col-lg-10 vc_col-lg-offset-1\"><span class=\"h6\">BOSS<\/span><h1 class=\"h2\">Hochwertige Mode von BOSS:\r<br\/>in Spreitenbach bei VAN GRAAF<\/h1><\/div>\n            <\/div>\n        <\/div>[vc_column_text]\r\n<p style=\"text-align: center;\">Modebewusste Menschen rund um den Globus vertrauen der <strong>Premiummarke BOSS<\/strong>. Seit Langem bekannt ist die BOSS-Damen- und Herrenmode vor allem f\u00fcr elegante Business- und Abendbekleidung. Zunehmend wird sie aber auch mit hochmodischer Casualwear in Verbindung gebracht. Aus Schwaben heraus expandierte das Modeunternehmen in die ganze Welt. In der Schweiz entdecken Sie BOSS am besten <strong>in der Spreitenbacher Filiale von VAN GRAAF<\/strong>.<\/p>\r\n[\/vc_column_text][\/vc_column][\/vc_row][vc_row][vc_column]\n        <div class=\"headlines headlines--center\" data-aos=\"fade-up\">\n            <div class=\"vc_row\">\n                <div class=\"vc_col-md-10 vc_col-md-offset-1 vc_col-lg-10 vc_col-lg-offset-1\"><span class=\"h6\">Kollektion<\/span><h2 class=\"h2\">BOSS: bekannt f\u00fcr Businessmode f\u00fcr Damen und Herren<\/h2><\/div>\n            <\/div>\n        <\/div>[vc_column_text]Die 1924 im schw\u00e4bischen Metzingen gegr\u00fcndete Hugo Boss AG blickt auf eine lange Erfolgsgeschichte zur\u00fcck. Heute geh\u00f6rt sie zu den <strong>weltweit f\u00fchrenden Modelabels <\/strong>im gehobenen Segment des Bekleidungsmarktes. Urspr\u00fcnglich als reiner Herrenausstatter positioniert, kam 1997 eine Damenlinie hinzu. Selbstbewusste Frauen und M\u00e4nner mit jeder Menge Sinn f\u00fcr Stil freuen sich \u00fcber die hochwertigen Teile der <strong>BOSS Womenswear<\/strong> sowie der <strong>BOSS Menswear<\/strong>. Shoppen Sie die <strong>exklusive BOSS-Mode f\u00fcr Damen und Herren <\/strong>bei <a href=\"\/ch\/\">VAN GRAAF in der Schweiz<\/a>.\r\n\r\nWenn es um das Entwerfen und <strong>Herstellen von Herrenanz\u00fcgen<\/strong> geht, hat das deutsche Label BOSS eine besonders lange Tradition vorzuweisen. Heute erfreut sich allerdings nicht nur die Herren-Businessmode, sondern auch die <strong>BOSS-Abendgarderobe<\/strong> sowohl bei Frauen als auch bei M\u00e4nnern allergr\u00f6sster Beliebtheit. <strong>Hochwertige Materialien<\/strong> sowie <strong>perfekte Passformen<\/strong> gepaart mit <strong>optimaler Schnitttechnik<\/strong> verhalfen dem Traditionsunternehmen zum weltweiten Erfolg. BOSS-Mode f\u00fcr Damen und Herren ist modisch, elegant und farblich gr\u00f6sstenteils klassisch gehalten.[\/vc_column_text][\/vc_column][\/vc_row][vc_row][vc_column]\n        <div class=\"headlines headlines--center\" data-aos=\"fade-up\">\n            <div class=\"vc_row\">\n                <div class=\"vc_col-md-10 vc_col-md-offset-1 vc_col-lg-10 vc_col-lg-offset-1\"><h2 class=\"h2\">BOSS bietet Damen- und Herrenmode von \u201esportlich\u201c bis \u201eedel\u201c<\/h2><\/div>\n            <\/div>\n        <\/div>[vc_column_text]Von \u201ecasual\u201c bis zu \u201eluxuri\u00f6s\u201c bieten die BOSS-Kollektionen eine breite Auswahl an Kleidungsst\u00fccken ganz unterschiedlicher Stile, darunter etwa:\r\n<ul>\r\n \t<li>edle, aber komfortable <strong>Herren-Zweiteiler<\/strong> aus elastischer und atmungsaktiver Schurwolle<\/li>\r\n \t<li>schicke <strong>Business-Kleider<\/strong> f\u00fcr Frauen, z.\u00a0B. Hemdblusenkleider aus Baumwolle im Trenchcoat-Stil<\/li>\r\n \t<li><strong>elegante Abendkleider<\/strong>, etwa plissierte Maxikleider aus einem elastischen, leichten Material-Mix<\/li>\r\n<\/ul>\r\nBasics wie M\u00e4ntel, Pullis und Hosen sowie <strong>Accessoires<\/strong> wie Schuhe, H\u00fcte und Taschen runden das Angebot ab. Entdecken Sie <strong>in Spreitenbach<\/strong> <strong>BOSS-Mode f\u00fcr Damen und Herren<\/strong> und finden Sie die sch\u00f6nsten Teile f\u00fcr sich![\/vc_column_text][\/vc_column][\/vc_row][vc_row][vc_column]\n        <div class=\"headlines headlines--center\" data-aos=\"fade-up\">\n            <div class=\"vc_row\">\n                <div class=\"vc_col-md-10 vc_col-md-offset-1 vc_col-lg-10 vc_col-lg-offset-1\"><h2 class=\"h2\">BOSS Casual in Spreitenbach<\/h2><\/div>\n            <\/div>\n        <\/div>[vc_column_text]Bei VAN GRAAF in Spreitenbach finden Sie auch St\u00fccke aus der <strong>Casual-Kollektion von BOSS<\/strong>. Diese Linie f\u00e4llt unkonventioneller und experimentierfreudiger aus als die klassischen Kollektionen. BOSS Casual steht f\u00fcr <strong>Freizeitbekleidung<\/strong>, die mit<strong> trendigen Styles<\/strong>, <strong>Farbenfreude<\/strong>, <strong>raffinierten Schnitten und extravaganten Details <\/strong>besticht. Ob jugendliche Lederjacke im Biker-Look, stylishe Chino-Hose in knalligem Orange oder coole Stretch-Jeans \u2013 bei aller L\u00e4ssigkeit ist auch die <strong>BOSS Casualwear stets <\/strong>der <strong>stilbewussten Seriosit\u00e4t<\/strong> verpflichtet, f\u00fcr die das Haus HUGO BOSS steht.[\/vc_column_text][\/vc_column][\/vc_row][vc_row][vc_column]\n        <div class=\"headlines headlines--center\" data-aos=\"fade-up\">\n            <div class=\"vc_row\">\n                <div class=\"vc_col-md-10 vc_col-md-offset-1 vc_col-lg-10 vc_col-lg-offset-1\"><h2 class=\"h2\">Mode von BOSS bei VAN GRAAF in Spreitenbach kaufen<\/h2><\/div>\n            <\/div>\n        <\/div>[vc_column_text]Sie suchen ein schickes neues Business-Outfit oder coole Freizeitkleidung und sch\u00e4tzen hochwertige Markenmode? Dann sehen Sie sich bei einem Besuch unserer schweizer VAN GRAAF Filiale in Spreitenbach die Teile aus den <strong>BOSS-Kollektionen f\u00fcr Damen und Herren <\/strong>an! Sie sind mit Anz\u00fcgen von der Stange nicht zufriedenzustellen? Dann haben wir mit unserem <a href=\"\/ch\/beratung-style\/tipps\/baukastenanzug\/\">Baukastenanzug<\/a> eine individuelle L\u00f6sung f\u00fcr Sie. Profitieren Sie vom <a href=\"\/ch\/haus\/spreitenbach\/personal-shopping\/\">Personal Shopping<\/a> in unseren <strong>Fachabteilungen auf zwei Etagen. <\/strong>Und mit der <a href=\"\/ch\/van-graaf-card\/\">VAN GRAAF Card<\/a> sichern Sie sich <strong>exklusive Vorteile und Rabatte<\/strong> auf Ihre Eink\u00e4ufe.[\/vc_column_text][\/vc_column][\/vc_row][vc_row][vc_column]<div class=\"vg-element brand-slider brand-slider--light\" data-aos=\"fade-up\"><div class=\"brand-slider__inner\"><div class=\"brand-slider__slider js-brand-slider\"><div class=\"brand-slider__slider__item\"><a href=\"https:\/\/www.vangraaf.com\/ch\/marken\/adidas-originals\/\" title=\"adidas Originals\"><img loading=\"lazy\" decoding=\"async\" width=\"1\" height=\"1\" src=\"https:\/\/www.vangraaf.com\/ch\/wp-content\/uploads\/sites\/6\/2020\/03\/Adidas_Logo_grau_OK.svg\" class=\"attachment-full size-full\" alt=\"\" \/><\/a><\/div><div class=\"brand-slider__slider__item\"><a href=\"https:\/\/www.vangraaf.com\/ch\/marken\/tommy-hilfiger\/\" title=\"Tommy Hilfiger\"><img loading=\"lazy\" decoding=\"async\" width=\"1\" height=\"1\" src=\"https:\/\/www.vangraaf.com\/ch\/wp-content\/uploads\/sites\/6\/2020\/03\/Tommy_Hilfiger_4c_grau_OK.svg\" class=\"attachment-full size-full\" alt=\"\" \/><\/a><\/div><div class=\"brand-slider__slider__item\"><a href=\"https:\/\/www.vangraaf.com\/ch\/marken\/levis\/\" title=\"Levi&#039;s\"><img loading=\"lazy\" decoding=\"async\" width=\"1\" height=\"1\" src=\"https:\/\/www.vangraaf.com\/ch\/wp-content\/uploads\/sites\/6\/2020\/03\/Levis_Logo_grau_OK.svg\" class=\"attachment-full size-full\" alt=\"\" \/><\/a><\/div><div class=\"brand-slider__slider__item\"><a href=\"https:\/\/www.vangraaf.com\/ch\/marken\/calvin-klein\/\" title=\"Calvin Klein\"><img loading=\"lazy\" decoding=\"async\" width=\"1\" height=\"1\" src=\"https:\/\/www.vangraaf.com\/ch\/wp-content\/uploads\/sites\/6\/2020\/03\/Calvin-Klein-Logo-grau_OK.svg\" class=\"attachment-full size-full\" alt=\"\" \/><\/a><\/div><div class=\"brand-slider__slider__item\"><a href=\"https:\/\/www.vangraaf.com\/ch\/marken\/lacoste\/\" title=\"Lacoste\"><img loading=\"lazy\" decoding=\"async\" width=\"1\" height=\"1\" src=\"https:\/\/www.vangraaf.com\/ch\/wp-content\/uploads\/sites\/6\/2020\/03\/Lacoste_Logo_4c_grau_Ausnahme_OK.svg\" class=\"attachment-full size-full\" alt=\"\" \/><\/a><\/div><div class=\"brand-slider__slider__item\"><a href=\"https:\/\/www.vangraaf.com\/ch\/marken\/superdry\/\" title=\"Superdry\"><img loading=\"lazy\" decoding=\"async\" width=\"1\" height=\"1\" src=\"https:\/\/www.vangraaf.com\/ch\/wp-content\/uploads\/sites\/6\/2020\/03\/Superdry_Logo_grau_OK.svg\" class=\"attachment-full size-full\" alt=\"\" \/><\/a><\/div><div class=\"brand-slider__slider__item\"><a href=\"https:\/\/www.vangraaf.com\/ch\/marken\/fila\/\" title=\"FILA\"><img loading=\"lazy\" decoding=\"async\" width=\"1\" height=\"1\" src=\"https:\/\/www.vangraaf.com\/ch\/wp-content\/uploads\/sites\/6\/2020\/03\/Fila-Logo-grau_OK.svg\" class=\"attachment-full size-full\" alt=\"\" \/><\/a><\/div><div class=\"brand-slider__slider__item\"><a href=\"https:\/\/www.vangraaf.com\/ch\/marken\/tom-tailor\/\" title=\"TOM TAILOR\"><img loading=\"lazy\" decoding=\"async\" width=\"1\" height=\"1\" src=\"https:\/\/www.vangraaf.com\/ch\/wp-content\/uploads\/sites\/6\/2020\/03\/Tom_Tailor_Logo_grau_OK.svg\" class=\"attachment-full size-full\" alt=\"\" \/><\/a><\/div><div class=\"brand-slider__slider__item\"><a href=\"https:\/\/www.vangraaf.com\/ch\/marken\/alpha-industries\/\" title=\"Alpha Industries\"><img loading=\"lazy\" decoding=\"async\" width=\"1\" height=\"1\" src=\"https:\/\/www.vangraaf.com\/ch\/wp-content\/uploads\/sites\/6\/2020\/03\/Alpha_Industries_Logo_grau_OK.svg\" class=\"attachment-full size-full\" alt=\"\" \/><\/a><\/div><div class=\"brand-slider__slider__item\"><a href=\"https:\/\/www.vangraaf.com\/ch\/marken\/g-star\/\" title=\"G-Star RAW\"><img loading=\"lazy\" decoding=\"async\" width=\"1\" height=\"1\" src=\"https:\/\/www.vangraaf.com\/ch\/wp-content\/uploads\/sites\/6\/2020\/03\/G_Star_Logo_grau_OK.svg\" class=\"attachment-full size-full\" alt=\"\" \/><\/a><\/div><div class=\"brand-slider__slider__item\"><a href=\"https:\/\/www.vangraaf.com\/ch\/marken\/vila\/\" title=\"VILA\"><img loading=\"lazy\" decoding=\"async\" width=\"1\" height=\"1\" src=\"https:\/\/www.vangraaf.com\/ch\/wp-content\/uploads\/sites\/6\/2020\/03\/Vila_Logo_grau_OK.svg\" class=\"attachment-full size-full\" alt=\"\" \/><\/a><\/div><div class=\"brand-slider__slider__item\"><a href=\"https:\/\/www.vangraaf.com\/ch\/marken\/boss\/\" title=\"BOSS\"><img loading=\"lazy\" decoding=\"async\" width=\"1\" height=\"1\" src=\"https:\/\/www.vangraaf.com\/ch\/wp-content\/uploads\/sites\/6\/2020\/03\/Boss_Logo_grau_OK.svg\" class=\"attachment-full size-full\" alt=\"\" \/><\/a><\/div><div class=\"brand-slider__slider__item\"><a href=\"https:\/\/www.vangraaf.com\/ch\/marken\/armani-exchange\/\" title=\"Armani Exchange\"><img loading=\"lazy\" decoding=\"async\" width=\"1\" height=\"1\" src=\"https:\/\/www.vangraaf.com\/ch\/wp-content\/uploads\/sites\/6\/2020\/03\/Armani-Exchange-Logo-grau_OK.svg\" class=\"attachment-full size-full\" alt=\"\" \/><\/a><\/div><div class=\"brand-slider__slider__item\"><a href=\"https:\/\/www.vangraaf.com\/ch\/marken\/polo-ralph-lauren\/\" title=\"Polo Ralph Lauren\"><img loading=\"lazy\" decoding=\"async\" width=\"1\" height=\"1\" src=\"https:\/\/www.vangraaf.com\/ch\/wp-content\/uploads\/sites\/6\/2020\/03\/Ralph_Lauren_Logo_grau_OK.svg\" class=\"attachment-full size-full\" alt=\"\" \/><\/a><\/div><div class=\"brand-slider__slider__item\"><a href=\"https:\/\/www.vangraaf.com\/ch\/marken\/marie-lund\/\" title=\"Marie Lund\"><img loading=\"lazy\" decoding=\"async\" width=\"1\" height=\"1\" src=\"https:\/\/www.vangraaf.com\/ch\/wp-content\/uploads\/sites\/6\/2020\/03\/Marie_Lund_Logo_grau_OK.svg\" class=\"attachment-full size-full\" alt=\"\" \/><\/a><\/div><div class=\"brand-slider__slider__item\"><a href=\"https:\/\/www.vangraaf.com\/ch\/marken\/finshley-harding\/\" title=\"Finshley &amp; Harding\"><img loading=\"lazy\" decoding=\"async\" width=\"1\" height=\"1\" src=\"https:\/\/www.vangraaf.com\/ch\/wp-content\/uploads\/sites\/6\/2020\/03\/Finsley_Harding_Logo_grau_OK.svg\" class=\"attachment-full size-full\" alt=\"\" \/><\/a><\/div><\/div><\/div><\/div>[\/vc_column][\/vc_row]<\/div>","protected":false},"excerpt":{"rendered":"[vc_row full_width=&#187;stretch_row_content_no_spaces&#187;][vc_column][vc_column_text] Modebewusste Menschen rund um den Globus vertrauen der Premiummarke BOSS. Seit Langem bekannt ist die BOSS-Damen- und Herrenmode vor allem f\u00fcr elegante Business- und Abendbekleidung. Zunehmend wird sie aber auch mit hochmodischer Casualwear in Verbindung gebracht. Aus Schwaben heraus expandierte das Modeunternehmen in die ganze Welt. In der Schweiz entdecken Sie BOSS am [&hellip;]","protected":false},"author":5,"featured_media":0,"parent":2162,"menu_order":0,"comment_status":"closed","ping_status":"closed","template":"","meta":{"_acf_changed":false,"inline_featured_image":false,"footnotes":""},"class_list":["post-3651","page","type-page","status-publish","hentry"],"acf":[],"yoast_head":"<!-- This site is optimized with the Yoast SEO plugin v27.2 - https:\/\/yoast.com\/product\/yoast-seo-wordpress\/ -->\n<title>Hochwertige BOSS-Damen- und Herrenmode in Spreitenbach<\/title>\n<meta name=\"description\" content=\"BOSS steht f\u00fcr edle Business- und Abendkleidung sowie trendy Casual-Mode. Damen- und Herrenmode von BOSS bei VAN GRAAF in Spreitenbach finden!\" \/>\n<meta name=\"robots\" content=\"noindex, follow\" \/>\n<meta property=\"og:locale\" content=\"de_DE\" \/>\n<meta property=\"og:type\" content=\"article\" \/>\n<meta property=\"og:title\" content=\"Hochwertige BOSS-Damen- und Herrenmode in Spreitenbach\" \/>\n<meta property=\"og:description\" content=\"BOSS steht f\u00fcr edle Business- und Abendkleidung sowie trendy Casual-Mode. Damen- und Herrenmode von BOSS bei VAN GRAAF in Spreitenbach finden!\" \/>\n<meta property=\"og:url\" content=\"https:\/\/www.vangraaf.com\/ch\/marken\/boss\/\" \/>\n<meta property=\"og:site_name\" content=\"VAN GRAAF Schweiz\" \/>\n<meta property=\"article:modified_time\" content=\"2025-02-12T12:51:21+00:00\" \/>\n<meta name=\"twitter:card\" content=\"summary_large_image\" \/>\n<meta name=\"twitter:label1\" content=\"Est. reading time\" \/>\n\t<meta name=\"twitter:data1\" content=\"3\u00a0Minuten\" \/>\n<script type=\"application\/ld+json\" class=\"yoast-schema-graph\">{\"@context\":\"https:\/\/schema.org\",\"@graph\":[{\"@type\":\"WebPage\",\"@id\":\"https:\/\/www.vangraaf.com\/ch\/marken\/boss\/\",\"url\":\"https:\/\/www.vangraaf.com\/ch\/marken\/boss\/\",\"name\":\"Hochwertige BOSS-Damen- und Herrenmode in Spreitenbach\",\"isPartOf\":{\"@id\":\"https:\/\/www.vangraaf.com\/ch\/#website\"},\"datePublished\":\"2020-03-12T12:57:30+00:00\",\"dateModified\":\"2025-02-12T12:51:21+00:00\",\"description\":\"BOSS steht f\u00fcr edle Business- und Abendkleidung sowie trendy Casual-Mode. Damen- und Herrenmode von BOSS bei VAN GRAAF in Spreitenbach finden!\",\"breadcrumb\":{\"@id\":\"https:\/\/www.vangraaf.com\/ch\/marken\/boss\/#breadcrumb\"},\"inLanguage\":\"de-CH\",\"potentialAction\":[{\"@type\":\"ReadAction\",\"target\":[\"https:\/\/www.vangraaf.com\/ch\/marken\/boss\/\"]}]},{\"@type\":\"BreadcrumbList\",\"@id\":\"https:\/\/www.vangraaf.com\/ch\/marken\/boss\/#breadcrumb\",\"itemListElement\":[{\"@type\":\"ListItem\",\"position\":1,\"name\":\"Home\",\"item\":\"https:\/\/www.vangraaf.com\/ch\/\"},{\"@type\":\"ListItem\",\"position\":2,\"name\":\"Marken\",\"item\":\"https:\/\/www.vangraaf.com\/ch\/marken\/\"},{\"@type\":\"ListItem\",\"position\":3,\"name\":\"BOSS\"}]},{\"@type\":\"WebSite\",\"@id\":\"https:\/\/www.vangraaf.com\/ch\/#website\",\"url\":\"https:\/\/www.vangraaf.com\/ch\/\",\"name\":\"VAN GRAAF\",\"description\":\"VAN GRAAF\",\"potentialAction\":[{\"@type\":\"SearchAction\",\"target\":{\"@type\":\"EntryPoint\",\"urlTemplate\":\"https:\/\/www.vangraaf.com\/ch\/?s={search_term_string}\"},\"query-input\":{\"@type\":\"PropertyValueSpecification\",\"valueRequired\":true,\"valueName\":\"search_term_string\"}}],\"inLanguage\":\"de-CH\"}]}<\/script>\n<!-- \/ Yoast SEO plugin. -->","yoast_head_json":{"title":"Hochwertige BOSS-Damen- und Herrenmode in Spreitenbach","description":"BOSS steht f\u00fcr edle Business- und Abendkleidung sowie trendy Casual-Mode. Damen- und Herrenmode von BOSS bei VAN GRAAF in Spreitenbach finden!","robots":{"index":"noindex","follow":"follow"},"og_locale":"de_DE","og_type":"article","og_title":"Hochwertige BOSS-Damen- und Herrenmode in Spreitenbach","og_description":"BOSS steht f\u00fcr edle Business- und Abendkleidung sowie trendy Casual-Mode. Damen- und Herrenmode von BOSS bei VAN GRAAF in Spreitenbach finden!","og_url":"https:\/\/www.vangraaf.com\/ch\/marken\/boss\/","og_site_name":"VAN GRAAF Schweiz","article_modified_time":"2025-02-12T12:51:21+00:00","twitter_card":"summary_large_image","twitter_misc":{"Est. reading time":"3\u00a0Minuten"},"schema":{"@context":"https:\/\/schema.org","@graph":[{"@type":"WebPage","@id":"https:\/\/www.vangraaf.com\/ch\/marken\/boss\/","url":"https:\/\/www.vangraaf.com\/ch\/marken\/boss\/","name":"Hochwertige BOSS-Damen- und Herrenmode in Spreitenbach","isPartOf":{"@id":"https:\/\/www.vangraaf.com\/ch\/#website"},"datePublished":"2020-03-12T12:57:30+00:00","dateModified":"2025-02-12T12:51:21+00:00","description":"BOSS steht f\u00fcr edle Business- und Abendkleidung sowie trendy Casual-Mode. Damen- und Herrenmode von BOSS bei VAN GRAAF in Spreitenbach finden!","breadcrumb":{"@id":"https:\/\/www.vangraaf.com\/ch\/marken\/boss\/#breadcrumb"},"inLanguage":"de-CH","potentialAction":[{"@type":"ReadAction","target":["https:\/\/www.vangraaf.com\/ch\/marken\/boss\/"]}]},{"@type":"BreadcrumbList","@id":"https:\/\/www.vangraaf.com\/ch\/marken\/boss\/#breadcrumb","itemListElement":[{"@type":"ListItem","position":1,"name":"Home","item":"https:\/\/www.vangraaf.com\/ch\/"},{"@type":"ListItem","position":2,"name":"Marken","item":"https:\/\/www.vangraaf.com\/ch\/marken\/"},{"@type":"ListItem","position":3,"name":"BOSS"}]},{"@type":"WebSite","@id":"https:\/\/www.vangraaf.com\/ch\/#website","url":"https:\/\/www.vangraaf.com\/ch\/","name":"VAN GRAAF","description":"VAN GRAAF","potentialAction":[{"@type":"SearchAction","target":{"@type":"EntryPoint","urlTemplate":"https:\/\/www.vangraaf.com\/ch\/?s={search_term_string}"},"query-input":{"@type":"PropertyValueSpecification","valueRequired":true,"valueName":"search_term_string"}}],"inLanguage":"de-CH"}]}},"_links":{"self":[{"href":"https:\/\/www.vangraaf.com\/ch\/wp-json\/wp\/v2\/pages\/3651","targetHints":{"allow":["GET"]}}],"collection":[{"href":"https:\/\/www.vangraaf.com\/ch\/wp-json\/wp\/v2\/pages"}],"about":[{"href":"https:\/\/www.vangraaf.com\/ch\/wp-json\/wp\/v2\/types\/page"}],"author":[{"embeddable":true,"href":"https:\/\/www.vangraaf.com\/ch\/wp-json\/wp\/v2\/users\/5"}],"replies":[{"embeddable":true,"href":"https:\/\/www.vangraaf.com\/ch\/wp-json\/wp\/v2\/comments?post=3651"}],"version-history":[{"count":15,"href":"https:\/\/www.vangraaf.com\/ch\/wp-json\/wp\/v2\/pages\/3651\/revisions"}],"predecessor-version":[{"id":7912,"href":"https:\/\/www.vangraaf.com\/ch\/wp-json\/wp\/v2\/pages\/3651\/revisions\/7912"}],"up":[{"embeddable":true,"href":"https:\/\/www.vangraaf.com\/ch\/wp-json\/wp\/v2\/pages\/2162"}],"wp:attachment":[{"href":"https:\/\/www.vangraaf.com\/ch\/wp-json\/wp\/v2\/media?parent=3651"}],"curies":[{"name":"wp","href":"https:\/\/api.w.org\/{rel}","templated":true}]}}