{"id":3645,"date":"2020-03-12T13:53:23","date_gmt":"2020-03-12T12:53:23","guid":{"rendered":"http:\/\/van-graaf.test\/ch\/?page_id=3645"},"modified":"2025-02-12T13:52:05","modified_gmt":"2025-02-12T12:52:05","slug":"g-star","status":"publish","type":"page","link":"https:\/\/www.vangraaf.com\/ch\/marken\/g-star\/","title":{"rendered":"G-Star"},"content":{"rendered":"<div class=\"wpb-content-wrapper\">[vc_row full_width=&#187;stretch_row_content_no_spaces&#187;][vc_column]<div class=\"keyvisual\" data-aos=\"fade-up\" ><img loading=\"lazy\" decoding=\"async\" width=\"1440\" height=\"480\" src=\"https:\/\/www.vangraaf.com\/ch\/wp-content\/uploads\/sites\/6\/2020\/02\/Logo_GStar.jpg\" class=\"vc_single_image-img\" alt=\"\" srcset=\"https:\/\/www.vangraaf.com\/ch\/wp-content\/uploads\/sites\/6\/2020\/02\/Logo_GStar.jpg 1440w, https:\/\/www.vangraaf.com\/ch\/wp-content\/uploads\/sites\/6\/2020\/02\/Logo_GStar-300x100.jpg 300w, https:\/\/www.vangraaf.com\/ch\/wp-content\/uploads\/sites\/6\/2020\/02\/Logo_GStar-1024x341.jpg 1024w, https:\/\/www.vangraaf.com\/ch\/wp-content\/uploads\/sites\/6\/2020\/02\/Logo_GStar-768x256.jpg 768w, https:\/\/www.vangraaf.com\/ch\/wp-content\/uploads\/sites\/6\/2020\/02\/Logo_GStar-1200x400.jpg 1200w, https:\/\/www.vangraaf.com\/ch\/wp-content\/uploads\/sites\/6\/2020\/02\/Logo_GStar-992x331.jpg 992w, https:\/\/www.vangraaf.com\/ch\/wp-content\/uploads\/sites\/6\/2020\/02\/Logo_GStar-480x160.jpg 480w\" sizes=\"(max-width: 1440px) 100vw, 1440px\" \/><\/div>\n        <div class=\"headlines headlines--center\" data-aos=\"fade-up\">\n            <div class=\"vc_row\">\n                <div class=\"vc_col-md-10 vc_col-md-offset-1 vc_col-lg-10 vc_col-lg-offset-1\"><span class=\"h6\">G-Star RAW<\/span><h1 class=\"h2\">In Spreitenbach Damen- und Herrenmode von G-Star RAW kaufen<\/h1><\/div>\n            <\/div>\n        <\/div>[vc_column_text]\r\n<p style=\"text-align: center;\">Wer <strong>Denim<\/strong> und andere traditionsreiche Stoffe liebt, kommt an der niederl\u00e4ndischen <strong>In-Marke namens G-Star<\/strong> <strong>RAW <\/strong>nicht vorbei. Das Modelabel hat nicht nur die Jeans quasi neu erfunden, sondern setzt auch auf Nachhaltigkeit. Ob Jeanshosen, Kleider oder Schuhe \u2013 <strong>G-Star-Mode f\u00fcr Damen und Herren<\/strong> ist zeitlos und besticht durch Casual Chic.<\/p>\r\n[\/vc_column_text][vc_column_text]<strong>Denim-Mode und mehr von G-Star RAW erwartet Sie bei VAN GRAAF<\/strong>\r\n\r\n<strong>\u201eJust the Product\u201c<\/strong> \u2013 ganz so, wie der Claim der 1989 gegr\u00fcndeten Marke es verk\u00fcndet, stellt G-Star RAW das Produkt ganz in den Mittelpunkt: Die Damen- und Herrenmode ist casual, urban und zeitlos. Sie \u00fcberzeugt durch hohen Tragekomfort, ist strassentauglich, aber auch f\u00fcrs B\u00fcro und offizielle Anl\u00e4sse bestens geeignet. Die verwendeten Materialen zeichnen sich durch <strong>besonders hohe Qualit\u00e4t, Langlebigkeit und<\/strong> <strong>Umweltfreundlichkeit<\/strong> aus. Entdecken Sie Damen- und Herrenmode von G-Star in der VAN GRAAF Filiale in Spreitenbach![\/vc_column_text][vc_column_text]G-Star produziert Jacken, T-Shirts, Pullis, M\u00e4ntel, M\u00fctzen und Schuhe, steht aber vor allem f\u00fcr eines: <strong>Denim!<\/strong> Von Beginn an hat sich das Label auf den robusten blauen Stoff fokussiert. Die bekannteste Vertreterin der charakteristischen G-Star-Jeans ist die <strong>\u201eElwood\u201c<\/strong>: Von der Motorradhose inspiriert, mit markanten runden N\u00e4hten und der unverwechselbaren O-Bein-Silhouette ausgestattet, hat es die Luxus-Denim-Hose geschafft, auf allen Strassen der Welt zu sehen zu sein. \u00a0Seit 1996 tr\u00e4gt G-Star auch das englische Wort \u201eRaw\u201c in Grossbuchstaben im Logo. Es bedeutet hier so viel wie \u201eroh\u201c, \u201eurspr\u00fcnglich\u201c, \u201enaturbelassen\u201c, denn G-Star RAW war das erste Label, das Produkte aus <strong>unbehandeltem Jeans-Stoff <\/strong>herstellte.[\/vc_column_text][\/vc_column][\/vc_row][vc_row][vc_column]\n        <div class=\"headlines headlines--center\" data-aos=\"fade-up\">\n            <div class=\"vc_row\">\n                <div class=\"vc_col-md-10 vc_col-md-offset-1 vc_col-lg-10 vc_col-lg-offset-1\"><span class=\"h6\">G-Star RAW Sustainable<\/span><h2 class=\"h2\">Nachhaltige Fashion in Spreitenbach<\/h2><\/div>\n            <\/div>\n        <\/div>[vc_column_text]Nachhaltigkeit ist bei G-Star eine Voraussetzung f\u00fcr Zusammenarbeit und ein Prozess stetiger Verbesserung. Das heisst, die Produktion erfolgt besonders umweltfreundlich und gleichzeitig mit viel Respekt f\u00fcr alle Menschen, die in der Wertsch\u00f6pfungskette involviert sind. F\u00fcr das Einf\u00e4rben der Bio-Baumwolle setzt G-Star beispielsweise das <strong>weltweit sauberste Indigo-F\u00e4rbeverfahren <\/strong>ein, bei dem kein Wasser verschwendet und mit ausschliesslich erneuerbarer Energie gearbeitet wird.\r\n\r\nOb Damenkleider aus Bio-Baumwolle, Shirts aus recyceltem Polyester, das beispielsweise aus PET-Flaschen gewonnen wird, oder kurze M\u00e4nnerhosen aus nachhaltiger Stretch-Faser \u2013 die G-Star Kollektionen werden aus fast 100% nachhaltigen Materialien und auf transparente Art und Weise gefertigt. G-Star-Mode f\u00fcr Damen und Herren ist nicht nur stylish, casual und cool, sondern eben auch umweltfreundlich.[\/vc_column_text][\/vc_column][\/vc_row][vc_row][vc_column]\n        <div class=\"headlines headlines--center\" data-aos=\"fade-up\">\n            <div class=\"vc_row\">\n                <div class=\"vc_col-md-10 vc_col-md-offset-1 vc_col-lg-10 vc_col-lg-offset-1\"><h2 class=\"h2\">Mode von G-Star RAW bei VAN GRAAF in Spreitenbach kaufen<\/h2><\/div>\n            <\/div>\n        <\/div>[vc_column_text]Bei <strong>VAN GRAAF im Shoppi-Tivoli-Einkaufscenter in Spreitenbach<\/strong> finden Sie eine breite Auswahl an Damen- und Herrenmode von G-Star und 200 weiteren <a href=\"https:\/\/www.vangraaf.com\/ch\/marken\/\">Top-Marken<\/a>. F\u00fcr ein unvergessliches Einkaufserlebnis sorgen grosse Anprober\u00e4ume, komfortable Ruhezonen und auf Wunsch auch ein <a href=\"https:\/\/www.vangraaf.com\/ch\/haus\/spreitenbach\/personal-shopping\/\">Personal Shopping<\/a>: Vereinbaren Sie dazu einen Termin und profitieren Sie von einer ausf\u00fchrlichen pers\u00f6nlichen Beratung durch einen unserer <strong>VAN GRAAF Modeexperten<\/strong>.[\/vc_column_text][\/vc_column][\/vc_row][vc_row][vc_column]<div class=\"vg-element brand-slider brand-slider--light\" data-aos=\"fade-up\"><div class=\"brand-slider__inner\"><div class=\"brand-slider__slider js-brand-slider\"><div class=\"brand-slider__slider__item\"><a href=\"https:\/\/www.vangraaf.com\/ch\/marken\/adidas-originals\/\" title=\"adidas Originals\"><img loading=\"lazy\" decoding=\"async\" width=\"1\" height=\"1\" src=\"https:\/\/www.vangraaf.com\/ch\/wp-content\/uploads\/sites\/6\/2020\/03\/Adidas_Logo_grau_OK.svg\" class=\"attachment-full size-full\" alt=\"\" \/><\/a><\/div><div class=\"brand-slider__slider__item\"><a href=\"https:\/\/www.vangraaf.com\/ch\/marken\/tommy-hilfiger\/\" title=\"Tommy Hilfiger\"><img loading=\"lazy\" decoding=\"async\" width=\"1\" height=\"1\" src=\"https:\/\/www.vangraaf.com\/ch\/wp-content\/uploads\/sites\/6\/2020\/03\/Tommy_Hilfiger_4c_grau_OK.svg\" class=\"attachment-full size-full\" alt=\"\" \/><\/a><\/div><div class=\"brand-slider__slider__item\"><a href=\"https:\/\/www.vangraaf.com\/ch\/marken\/levis\/\" title=\"Levi&#039;s\"><img loading=\"lazy\" decoding=\"async\" width=\"1\" height=\"1\" src=\"https:\/\/www.vangraaf.com\/ch\/wp-content\/uploads\/sites\/6\/2020\/03\/Levis_Logo_grau_OK.svg\" class=\"attachment-full size-full\" alt=\"\" \/><\/a><\/div><div class=\"brand-slider__slider__item\"><a href=\"https:\/\/www.vangraaf.com\/ch\/marken\/calvin-klein\/\" title=\"Calvin Klein\"><img loading=\"lazy\" decoding=\"async\" width=\"1\" height=\"1\" src=\"https:\/\/www.vangraaf.com\/ch\/wp-content\/uploads\/sites\/6\/2020\/03\/Calvin-Klein-Logo-grau_OK.svg\" class=\"attachment-full size-full\" alt=\"\" \/><\/a><\/div><div class=\"brand-slider__slider__item\"><a href=\"https:\/\/www.vangraaf.com\/ch\/marken\/lacoste\/\" title=\"Lacoste\"><img loading=\"lazy\" decoding=\"async\" width=\"1\" height=\"1\" src=\"https:\/\/www.vangraaf.com\/ch\/wp-content\/uploads\/sites\/6\/2020\/03\/Lacoste_Logo_4c_grau_Ausnahme_OK.svg\" class=\"attachment-full size-full\" alt=\"\" \/><\/a><\/div><div class=\"brand-slider__slider__item\"><a href=\"https:\/\/www.vangraaf.com\/ch\/marken\/superdry\/\" title=\"Superdry\"><img loading=\"lazy\" decoding=\"async\" width=\"1\" height=\"1\" src=\"https:\/\/www.vangraaf.com\/ch\/wp-content\/uploads\/sites\/6\/2020\/03\/Superdry_Logo_grau_OK.svg\" class=\"attachment-full size-full\" alt=\"\" \/><\/a><\/div><div class=\"brand-slider__slider__item\"><a href=\"https:\/\/www.vangraaf.com\/ch\/marken\/fila\/\" title=\"FILA\"><img loading=\"lazy\" decoding=\"async\" width=\"1\" height=\"1\" src=\"https:\/\/www.vangraaf.com\/ch\/wp-content\/uploads\/sites\/6\/2020\/03\/Fila-Logo-grau_OK.svg\" class=\"attachment-full size-full\" alt=\"\" \/><\/a><\/div><div class=\"brand-slider__slider__item\"><a href=\"https:\/\/www.vangraaf.com\/ch\/marken\/tom-tailor\/\" title=\"TOM TAILOR\"><img loading=\"lazy\" decoding=\"async\" width=\"1\" height=\"1\" src=\"https:\/\/www.vangraaf.com\/ch\/wp-content\/uploads\/sites\/6\/2020\/03\/Tom_Tailor_Logo_grau_OK.svg\" class=\"attachment-full size-full\" alt=\"\" \/><\/a><\/div><div class=\"brand-slider__slider__item\"><a href=\"https:\/\/www.vangraaf.com\/ch\/marken\/alpha-industries\/\" title=\"Alpha Industries\"><img loading=\"lazy\" decoding=\"async\" width=\"1\" height=\"1\" src=\"https:\/\/www.vangraaf.com\/ch\/wp-content\/uploads\/sites\/6\/2020\/03\/Alpha_Industries_Logo_grau_OK.svg\" class=\"attachment-full size-full\" alt=\"\" \/><\/a><\/div><div class=\"brand-slider__slider__item\"><a href=\"https:\/\/www.vangraaf.com\/ch\/marken\/vila\/\" title=\"VILA\"><img loading=\"lazy\" decoding=\"async\" width=\"1\" height=\"1\" src=\"https:\/\/www.vangraaf.com\/ch\/wp-content\/uploads\/sites\/6\/2020\/03\/Vila_Logo_grau_OK.svg\" class=\"attachment-full size-full\" alt=\"\" \/><\/a><\/div><div class=\"brand-slider__slider__item\"><a href=\"https:\/\/www.vangraaf.com\/ch\/marken\/boss\/\" title=\"BOSS\"><img loading=\"lazy\" decoding=\"async\" width=\"1\" height=\"1\" src=\"https:\/\/www.vangraaf.com\/ch\/wp-content\/uploads\/sites\/6\/2020\/03\/Boss_Logo_grau_OK.svg\" class=\"attachment-full size-full\" alt=\"\" \/><\/a><\/div><div class=\"brand-slider__slider__item\"><a href=\"https:\/\/www.vangraaf.com\/ch\/marken\/armani-exchange\/\" title=\"Armani Exchange\"><img loading=\"lazy\" decoding=\"async\" width=\"1\" height=\"1\" src=\"https:\/\/www.vangraaf.com\/ch\/wp-content\/uploads\/sites\/6\/2020\/03\/Armani-Exchange-Logo-grau_OK.svg\" class=\"attachment-full size-full\" alt=\"\" \/><\/a><\/div><div class=\"brand-slider__slider__item\"><a href=\"https:\/\/www.vangraaf.com\/ch\/marken\/polo-ralph-lauren\/\" title=\"Polo Ralph Lauren\"><img loading=\"lazy\" decoding=\"async\" width=\"1\" height=\"1\" src=\"https:\/\/www.vangraaf.com\/ch\/wp-content\/uploads\/sites\/6\/2020\/03\/Ralph_Lauren_Logo_grau_OK.svg\" class=\"attachment-full size-full\" alt=\"\" \/><\/a><\/div><div class=\"brand-slider__slider__item\"><a href=\"https:\/\/www.vangraaf.com\/ch\/marken\/marie-lund\/\" title=\"Marie Lund\"><img loading=\"lazy\" decoding=\"async\" width=\"1\" height=\"1\" src=\"https:\/\/www.vangraaf.com\/ch\/wp-content\/uploads\/sites\/6\/2020\/03\/Marie_Lund_Logo_grau_OK.svg\" class=\"attachment-full size-full\" alt=\"\" \/><\/a><\/div><div class=\"brand-slider__slider__item\"><a href=\"https:\/\/www.vangraaf.com\/ch\/marken\/finshley-harding\/\" title=\"Finshley &amp; Harding\"><img loading=\"lazy\" decoding=\"async\" width=\"1\" height=\"1\" src=\"https:\/\/www.vangraaf.com\/ch\/wp-content\/uploads\/sites\/6\/2020\/03\/Finsley_Harding_Logo_grau_OK.svg\" class=\"attachment-full size-full\" alt=\"\" \/><\/a><\/div><\/div><\/div><\/div>[\/vc_column][\/vc_row]<\/div>","protected":false},"excerpt":{"rendered":"[vc_row full_width=&#187;stretch_row_content_no_spaces&#187;][vc_column][vc_column_text] Wer Denim und andere traditionsreiche Stoffe liebt, kommt an der niederl\u00e4ndischen In-Marke namens G-Star RAW nicht vorbei. Das Modelabel hat nicht nur die Jeans quasi neu erfunden, sondern setzt auch auf Nachhaltigkeit. Ob Jeanshosen, Kleider oder Schuhe \u2013 G-Star-Mode f\u00fcr Damen und Herren ist zeitlos und besticht durch Casual Chic. [\/vc_column_text][vc_column_text]Denim-Mode und mehr [&hellip;]","protected":false},"author":5,"featured_media":0,"parent":2162,"menu_order":0,"comment_status":"closed","ping_status":"closed","template":"","meta":{"_acf_changed":false,"inline_featured_image":false,"footnotes":""},"class_list":["post-3645","page","type-page","status-publish","hentry"],"acf":[],"yoast_head":"<!-- This site is optimized with the Yoast SEO plugin v27.2 - https:\/\/yoast.com\/product\/yoast-seo-wordpress\/ -->\n<title>G-Star: Mode f\u00fcr Damen und Herren in Spreitenbach<\/title>\n<meta name=\"description\" content=\"Mode von G-Star steht f\u00fcr urbanen, nachhaltigen Casual-Style und jede Menge Denim. Shoppen Sie angesagte G-Star-Mode in Spreitenbach bei VAN GRAAF!\" \/>\n<meta name=\"robots\" content=\"noindex, follow\" \/>\n<meta property=\"og:locale\" content=\"de_DE\" \/>\n<meta property=\"og:type\" content=\"article\" \/>\n<meta property=\"og:title\" content=\"G-Star: Mode f\u00fcr Damen und Herren in Spreitenbach\" \/>\n<meta property=\"og:description\" content=\"Mode von G-Star steht f\u00fcr urbanen, nachhaltigen Casual-Style und jede Menge Denim. Shoppen Sie angesagte G-Star-Mode in Spreitenbach bei VAN GRAAF!\" \/>\n<meta property=\"og:url\" content=\"https:\/\/www.vangraaf.com\/ch\/marken\/g-star\/\" \/>\n<meta property=\"og:site_name\" content=\"VAN GRAAF Schweiz\" \/>\n<meta property=\"article:modified_time\" content=\"2025-02-12T12:52:05+00:00\" \/>\n<meta name=\"twitter:card\" content=\"summary_large_image\" \/>\n<meta name=\"twitter:label1\" content=\"Est. reading time\" \/>\n\t<meta name=\"twitter:data1\" content=\"3\u00a0Minuten\" \/>\n<script type=\"application\/ld+json\" class=\"yoast-schema-graph\">{\"@context\":\"https:\/\/schema.org\",\"@graph\":[{\"@type\":\"WebPage\",\"@id\":\"https:\/\/www.vangraaf.com\/ch\/marken\/g-star\/\",\"url\":\"https:\/\/www.vangraaf.com\/ch\/marken\/g-star\/\",\"name\":\"G-Star: Mode f\u00fcr Damen und Herren in Spreitenbach\",\"isPartOf\":{\"@id\":\"https:\/\/www.vangraaf.com\/ch\/#website\"},\"datePublished\":\"2020-03-12T12:53:23+00:00\",\"dateModified\":\"2025-02-12T12:52:05+00:00\",\"description\":\"Mode von G-Star steht f\u00fcr urbanen, nachhaltigen Casual-Style und jede Menge Denim. Shoppen Sie angesagte G-Star-Mode in Spreitenbach bei VAN GRAAF!\",\"breadcrumb\":{\"@id\":\"https:\/\/www.vangraaf.com\/ch\/marken\/g-star\/#breadcrumb\"},\"inLanguage\":\"de-CH\",\"potentialAction\":[{\"@type\":\"ReadAction\",\"target\":[\"https:\/\/www.vangraaf.com\/ch\/marken\/g-star\/\"]}]},{\"@type\":\"BreadcrumbList\",\"@id\":\"https:\/\/www.vangraaf.com\/ch\/marken\/g-star\/#breadcrumb\",\"itemListElement\":[{\"@type\":\"ListItem\",\"position\":1,\"name\":\"Home\",\"item\":\"https:\/\/www.vangraaf.com\/ch\/\"},{\"@type\":\"ListItem\",\"position\":2,\"name\":\"Marken\",\"item\":\"https:\/\/www.vangraaf.com\/ch\/marken\/\"},{\"@type\":\"ListItem\",\"position\":3,\"name\":\"G-Star\"}]},{\"@type\":\"WebSite\",\"@id\":\"https:\/\/www.vangraaf.com\/ch\/#website\",\"url\":\"https:\/\/www.vangraaf.com\/ch\/\",\"name\":\"VAN GRAAF\",\"description\":\"VAN GRAAF\",\"potentialAction\":[{\"@type\":\"SearchAction\",\"target\":{\"@type\":\"EntryPoint\",\"urlTemplate\":\"https:\/\/www.vangraaf.com\/ch\/?s={search_term_string}\"},\"query-input\":{\"@type\":\"PropertyValueSpecification\",\"valueRequired\":true,\"valueName\":\"search_term_string\"}}],\"inLanguage\":\"de-CH\"}]}<\/script>\n<!-- \/ Yoast SEO plugin. -->","yoast_head_json":{"title":"G-Star: Mode f\u00fcr Damen und Herren in Spreitenbach","description":"Mode von G-Star steht f\u00fcr urbanen, nachhaltigen Casual-Style und jede Menge Denim. Shoppen Sie angesagte G-Star-Mode in Spreitenbach bei VAN GRAAF!","robots":{"index":"noindex","follow":"follow"},"og_locale":"de_DE","og_type":"article","og_title":"G-Star: Mode f\u00fcr Damen und Herren in Spreitenbach","og_description":"Mode von G-Star steht f\u00fcr urbanen, nachhaltigen Casual-Style und jede Menge Denim. Shoppen Sie angesagte G-Star-Mode in Spreitenbach bei VAN GRAAF!","og_url":"https:\/\/www.vangraaf.com\/ch\/marken\/g-star\/","og_site_name":"VAN GRAAF Schweiz","article_modified_time":"2025-02-12T12:52:05+00:00","twitter_card":"summary_large_image","twitter_misc":{"Est. reading time":"3\u00a0Minuten"},"schema":{"@context":"https:\/\/schema.org","@graph":[{"@type":"WebPage","@id":"https:\/\/www.vangraaf.com\/ch\/marken\/g-star\/","url":"https:\/\/www.vangraaf.com\/ch\/marken\/g-star\/","name":"G-Star: Mode f\u00fcr Damen und Herren in Spreitenbach","isPartOf":{"@id":"https:\/\/www.vangraaf.com\/ch\/#website"},"datePublished":"2020-03-12T12:53:23+00:00","dateModified":"2025-02-12T12:52:05+00:00","description":"Mode von G-Star steht f\u00fcr urbanen, nachhaltigen Casual-Style und jede Menge Denim. Shoppen Sie angesagte G-Star-Mode in Spreitenbach bei VAN GRAAF!","breadcrumb":{"@id":"https:\/\/www.vangraaf.com\/ch\/marken\/g-star\/#breadcrumb"},"inLanguage":"de-CH","potentialAction":[{"@type":"ReadAction","target":["https:\/\/www.vangraaf.com\/ch\/marken\/g-star\/"]}]},{"@type":"BreadcrumbList","@id":"https:\/\/www.vangraaf.com\/ch\/marken\/g-star\/#breadcrumb","itemListElement":[{"@type":"ListItem","position":1,"name":"Home","item":"https:\/\/www.vangraaf.com\/ch\/"},{"@type":"ListItem","position":2,"name":"Marken","item":"https:\/\/www.vangraaf.com\/ch\/marken\/"},{"@type":"ListItem","position":3,"name":"G-Star"}]},{"@type":"WebSite","@id":"https:\/\/www.vangraaf.com\/ch\/#website","url":"https:\/\/www.vangraaf.com\/ch\/","name":"VAN GRAAF","description":"VAN GRAAF","potentialAction":[{"@type":"SearchAction","target":{"@type":"EntryPoint","urlTemplate":"https:\/\/www.vangraaf.com\/ch\/?s={search_term_string}"},"query-input":{"@type":"PropertyValueSpecification","valueRequired":true,"valueName":"search_term_string"}}],"inLanguage":"de-CH"}]}},"_links":{"self":[{"href":"https:\/\/www.vangraaf.com\/ch\/wp-json\/wp\/v2\/pages\/3645","targetHints":{"allow":["GET"]}}],"collection":[{"href":"https:\/\/www.vangraaf.com\/ch\/wp-json\/wp\/v2\/pages"}],"about":[{"href":"https:\/\/www.vangraaf.com\/ch\/wp-json\/wp\/v2\/types\/page"}],"author":[{"embeddable":true,"href":"https:\/\/www.vangraaf.com\/ch\/wp-json\/wp\/v2\/users\/5"}],"replies":[{"embeddable":true,"href":"https:\/\/www.vangraaf.com\/ch\/wp-json\/wp\/v2\/comments?post=3645"}],"version-history":[{"count":28,"href":"https:\/\/www.vangraaf.com\/ch\/wp-json\/wp\/v2\/pages\/3645\/revisions"}],"predecessor-version":[{"id":7916,"href":"https:\/\/www.vangraaf.com\/ch\/wp-json\/wp\/v2\/pages\/3645\/revisions\/7916"}],"up":[{"embeddable":true,"href":"https:\/\/www.vangraaf.com\/ch\/wp-json\/wp\/v2\/pages\/2162"}],"wp:attachment":[{"href":"https:\/\/www.vangraaf.com\/ch\/wp-json\/wp\/v2\/media?parent=3645"}],"curies":[{"name":"wp","href":"https:\/\/api.w.org\/{rel}","templated":true}]}}