{"id":3639,"date":"2020-03-12T13:50:19","date_gmt":"2020-03-12T12:50:19","guid":{"rendered":"http:\/\/van-graaf.test\/ch\/?page_id=3639"},"modified":"2025-02-12T13:53:27","modified_gmt":"2025-02-12T12:53:27","slug":"tom-tailor","status":"publish","type":"page","link":"https:\/\/www.vangraaf.com\/ch\/marken\/tom-tailor\/","title":{"rendered":"Tom Tailor"},"content":{"rendered":"<div class=\"wpb-content-wrapper\">[vc_row full_width=&#187;stretch_row_content_no_spaces&#187;][vc_column]<div class=\"keyvisual\" data-aos=\"fade-up\" ><img loading=\"lazy\" decoding=\"async\" width=\"1440\" height=\"480\" src=\"https:\/\/www.vangraaf.com\/ch\/wp-content\/uploads\/sites\/6\/2020\/02\/Logo_TomTailorDenim.jpg\" class=\"vc_single_image-img\" alt=\"\" srcset=\"https:\/\/www.vangraaf.com\/ch\/wp-content\/uploads\/sites\/6\/2020\/02\/Logo_TomTailorDenim.jpg 1440w, https:\/\/www.vangraaf.com\/ch\/wp-content\/uploads\/sites\/6\/2020\/02\/Logo_TomTailorDenim-300x100.jpg 300w, https:\/\/www.vangraaf.com\/ch\/wp-content\/uploads\/sites\/6\/2020\/02\/Logo_TomTailorDenim-1024x341.jpg 1024w, https:\/\/www.vangraaf.com\/ch\/wp-content\/uploads\/sites\/6\/2020\/02\/Logo_TomTailorDenim-768x256.jpg 768w, https:\/\/www.vangraaf.com\/ch\/wp-content\/uploads\/sites\/6\/2020\/02\/Logo_TomTailorDenim-1200x400.jpg 1200w, https:\/\/www.vangraaf.com\/ch\/wp-content\/uploads\/sites\/6\/2020\/02\/Logo_TomTailorDenim-992x331.jpg 992w, https:\/\/www.vangraaf.com\/ch\/wp-content\/uploads\/sites\/6\/2020\/02\/Logo_TomTailorDenim-480x160.jpg 480w\" sizes=\"(max-width: 1440px) 100vw, 1440px\" \/><\/div>\n        <div class=\"headlines headlines--center\" data-aos=\"fade-up\">\n            <div class=\"vc_row\">\n                <div class=\"vc_col-md-10 vc_col-md-offset-1 vc_col-lg-10 vc_col-lg-offset-1\"><span class=\"h6\">TOM TAILOR<\/span><h1 class=\"h2\">Damen- und Herrenmode von TOM TAILOR bei VAN GRAAF in Spreitenbach<\/h1><\/div>\n            <\/div>\n        <\/div>[vc_column_text]\r\n<p style=\"text-align: center;\">Mode f\u00fcr Damen und Herren in Spreitenbach mit den besten Gr\u00fcssen aus dem deutschen Norden: Die Lifestyle-Linie TOM TAILOR Denim der Marke TOM TAILOR aus Hamburg-Niendorf \u00fcberzeugt mit Kollektionen, die von einem <strong>sportlichen, hanseatischen Look<\/strong> gepr\u00e4gt sind. Im Mittelpunkt der jungen Linie stehen <strong>trendstarke Denim-Looks<\/strong>: Jeans in vielen unterschiedlichen Schnitten werden dabei von leichten Baumwollhemden, Streifenshirts im Seefahrer-Stil, legerem Strick oder Streetwear-Styles erg\u00e4nzt. Bei VAN GRAAF im Shoppi Tivoli in Spreitenbach shoppen Sie die maritime Casual-Wear von TOM TAILOR Denim f\u00fcr Damen und Herren in grosser Auswahl.<\/p>\r\n[\/vc_column_text][\/vc_column][\/vc_row][vc_row bwd_tbc4vd_show_weekday=&#187;&#187; full_width=&#187;stretch_row_content_no_spaces&#187;][vc_column]\n            <div class=\"vg-element topic-slider topic-slider--left topic-slider--dark\" style=\"--season-color-1: #ededed; --season-color-2: #002045\" data-aos=\"fade-up\">\n                <div class=\"topic-slider__inner\">\n                    <div class=\"content_wrap\">\n                        <div class=\"vc_row\">\n                            <div class=\"vc_col-md-12 vc_col-lg-10 vc_col-lg-offset-1\">\n                                <div class=\"vc_row\">\n                                    <div class=\"vc_col-sm-6\"><div class=\"topic-slider__image-wrap\"><div class=\"topic-slider__slider-wrap\"><div class=\"js-topic-slider\"><div class=\"topic-slider__slider__item\"><img loading=\"lazy\" decoding=\"async\" width=\"427\" height=\"639\" src=\"https:\/\/www.vangraaf.com\/ch\/wp-content\/uploads\/sites\/6\/2022\/05\/Denim-Tom-Ta_spring_summer_2022_original_TTD_A3_Portrait_mLogo_Digital_204_TOM_TAILOR_NOV_2021_LE_BERG_BERLIN_STUPID_STUDIOS_DARKROOM_PRINT_08_F39_v1.jpg\" class=\"vc_single_image-img attachment-full\" alt=\"\" title=\"Denim-Tom-Ta_spring_summer_2022_original_TTD_A3_Portrait_mLogo_Digital_204_TOM_TAILOR_NOV_2021_LE_BERG_BERLIN_STUPID_STUDIOS_DARKROOM_PRINT_08_F39_v1\" srcset=\"https:\/\/www.vangraaf.com\/ch\/wp-content\/uploads\/sites\/6\/2022\/05\/Denim-Tom-Ta_spring_summer_2022_original_TTD_A3_Portrait_mLogo_Digital_204_TOM_TAILOR_NOV_2021_LE_BERG_BERLIN_STUPID_STUDIOS_DARKROOM_PRINT_08_F39_v1.jpg 427w, https:\/\/www.vangraaf.com\/ch\/wp-content\/uploads\/sites\/6\/2022\/05\/Denim-Tom-Ta_spring_summer_2022_original_TTD_A3_Portrait_mLogo_Digital_204_TOM_TAILOR_NOV_2021_LE_BERG_BERLIN_STUPID_STUDIOS_DARKROOM_PRINT_08_F39_v1-200x300.jpg 200w\" sizes=\"(max-width: 427px) 100vw, 427px\" \/><\/div><div class=\"topic-slider__slider__item\"><img loading=\"lazy\" decoding=\"async\" width=\"427\" height=\"639\" src=\"https:\/\/www.vangraaf.com\/ch\/wp-content\/uploads\/sites\/6\/2022\/05\/Denim-Tom-Ta_spring_summer_2022_original_TTD_A3_Portrait_mLogo_Digital_204_TOM_TAILOR_NOV_2021_LE_BERG_BERLIN_STUPID_STUDIOS_DARKROOM_PRINT_29_F39_v1.jpg\" class=\"vc_single_image-img attachment-full\" alt=\"\" title=\"Denim-Tom-Ta_spring_summer_2022_original_TTD_A3_Portrait_mLogo_Digital_204_TOM_TAILOR_NOV_2021_LE_BERG_BERLIN_STUPID_STUDIOS_DARKROOM_PRINT_29_F39_v1\" srcset=\"https:\/\/www.vangraaf.com\/ch\/wp-content\/uploads\/sites\/6\/2022\/05\/Denim-Tom-Ta_spring_summer_2022_original_TTD_A3_Portrait_mLogo_Digital_204_TOM_TAILOR_NOV_2021_LE_BERG_BERLIN_STUPID_STUDIOS_DARKROOM_PRINT_29_F39_v1.jpg 427w, https:\/\/www.vangraaf.com\/ch\/wp-content\/uploads\/sites\/6\/2022\/05\/Denim-Tom-Ta_spring_summer_2022_original_TTD_A3_Portrait_mLogo_Digital_204_TOM_TAILOR_NOV_2021_LE_BERG_BERLIN_STUPID_STUDIOS_DARKROOM_PRINT_29_F39_v1-200x300.jpg 200w\" sizes=\"(max-width: 427px) 100vw, 427px\" \/><\/div><div class=\"topic-slider__slider__item\"><img loading=\"lazy\" decoding=\"async\" width=\"427\" height=\"639\" src=\"https:\/\/www.vangraaf.com\/ch\/wp-content\/uploads\/sites\/6\/2022\/05\/Denim-Tom-Ta_spring_summer_2022_original_TTD_A3_Portrait_mLogo_Digital_204_TOM_TAILOR_NOV_2021_LE_BERG_BERLIN_STUPID_STUDIOS_DARKROOM_PRINT_38_F39_v2.jpg\" class=\"vc_single_image-img attachment-full\" alt=\"\" title=\"Denim-Tom-Ta_spring_summer_2022_original_TTD_A3_Portrait_mLogo_Digital_204_TOM_TAILOR_NOV_2021_LE_BERG_BERLIN_STUPID_STUDIOS_DARKROOM_PRINT_38_F39_v2\" srcset=\"https:\/\/www.vangraaf.com\/ch\/wp-content\/uploads\/sites\/6\/2022\/05\/Denim-Tom-Ta_spring_summer_2022_original_TTD_A3_Portrait_mLogo_Digital_204_TOM_TAILOR_NOV_2021_LE_BERG_BERLIN_STUPID_STUDIOS_DARKROOM_PRINT_38_F39_v2.jpg 427w, https:\/\/www.vangraaf.com\/ch\/wp-content\/uploads\/sites\/6\/2022\/05\/Denim-Tom-Ta_spring_summer_2022_original_TTD_A3_Portrait_mLogo_Digital_204_TOM_TAILOR_NOV_2021_LE_BERG_BERLIN_STUPID_STUDIOS_DARKROOM_PRINT_38_F39_v2-200x300.jpg 200w\" sizes=\"(max-width: 427px) 100vw, 427px\" \/><\/div><\/div><\/div><\/div><\/div><div class=\"vc_col-sm-6 vc_col-md-5 vc_col-md-offset-1\"><div class=\"topic-slider__content\"><span class=\"h4\">TOM TAILOR Denim in Spreitenbach \u2013 Damen- und Herrenmode f\u00fcr jede Jahreszeit<\/span><p>Bei TOM TAILOR Denim <strong>dreht sich alles um die Jeans<\/strong>: Der vielseitige Klassiker bildet den Kern aller Kollektionen der Marke und macht sie deshalb besonders <strong>kombinationsstark<\/strong>.<br \/>\nLuftige Pullis, l\u00e4ssige Longsleeves, trendstarke Jacken oder Kleider im beliebten Musterdruck runden den hippen Denim-Style ab und lassen sich zu jeder Jahreszeit vielseitig tragen.<br \/>\nDazu punkten die Kleidungsst\u00fccke mit aktuellen Trendfarben, verspielten oder klassischen Schnitten und feinsten Materialien \u2013 passend zu Ihrer Lieblingsjeans von TOM TAILOR Denim.<\/p>\n<\/div><\/div>\n                                <\/div>\n                            <\/div>\n                        <\/div>\n                    <\/div>\n                <\/div>\n            <\/div>[\/vc_column][\/vc_row][vc_row][vc_column][vc_column_text]Damit Sie Ihr Traumoutfit von TOM TAILOR Denim noch unkomplizierter zusammenstellen k\u00f6nnen, stehen Ihnen in unserem <a href=\"https:\/\/www.vangraaf.com\/ch\/haus\/spreitenbach\/\">Gesch\u00e4ft in Spreitenbach<\/a> unsere Modeexperten mit einer <a href=\"https:\/\/www.vangraaf.com\/ch\/beratung-style\/\">Style-Beratung<\/a> zur Seite. Auf Wunsch buchen Sie diese sogar zu einem individuellen Termin.[\/vc_column_text][\/vc_column][\/vc_row][vc_row][vc_column]\n        <div class=\"headlines headlines--center\" data-aos=\"fade-up\">\n            <div class=\"vc_row\">\n                <div class=\"vc_col-md-10 vc_col-md-offset-1 vc_col-lg-10 vc_col-lg-offset-1\"><span class=\"h6\">Mit VAN GRAAF Card shoppen und sparen<\/span><h2 class=\"h2\">TOM TAILOR Denim in Spreitenbach<\/h2><\/div>\n            <\/div>\n        <\/div>[vc_column_text]Sie sind auch ganz verliebt in die frischen Styles von TOM TAILOR Denim? Bei VAN GRAAF in Spreitenbach kaufen Sie die Mode der beliebten Lifestyle-Linie und vieler weiterer <a href=\"https:\/\/www.vangraaf.com\/ch\/marken\/\">Marken<\/a> in entspannter Atmosph\u00e4re. Mit der <a href=\"https:\/\/www.vangraaf.com\/ch\/van-graaf-card\/\">VAN GRAAF Card<\/a> sparen Sie dabei mit jedem Einkauf. Besuchen Sie uns, wir freuen uns auf Sie![\/vc_column_text][\/vc_column][\/vc_row][vc_row][vc_column]<div class=\"vg-element brand-slider brand-slider--light\" data-aos=\"fade-up\"><div class=\"brand-slider__inner\"><div class=\"brand-slider__slider js-brand-slider\"><div class=\"brand-slider__slider__item\"><a href=\"https:\/\/www.vangraaf.com\/ch\/marken\/adidas-originals\/\" title=\"adidas Originals\"><img loading=\"lazy\" decoding=\"async\" width=\"1\" height=\"1\" src=\"https:\/\/www.vangraaf.com\/ch\/wp-content\/uploads\/sites\/6\/2020\/03\/Adidas_Logo_grau_OK.svg\" class=\"attachment-full size-full\" alt=\"\" \/><\/a><\/div><div class=\"brand-slider__slider__item\"><a href=\"https:\/\/www.vangraaf.com\/ch\/marken\/tommy-hilfiger\/\" title=\"Tommy Hilfiger\"><img loading=\"lazy\" decoding=\"async\" width=\"1\" height=\"1\" src=\"https:\/\/www.vangraaf.com\/ch\/wp-content\/uploads\/sites\/6\/2020\/03\/Tommy_Hilfiger_4c_grau_OK.svg\" class=\"attachment-full size-full\" alt=\"\" \/><\/a><\/div><div class=\"brand-slider__slider__item\"><a href=\"https:\/\/www.vangraaf.com\/ch\/marken\/levis\/\" title=\"Levi&#039;s\"><img loading=\"lazy\" decoding=\"async\" width=\"1\" height=\"1\" src=\"https:\/\/www.vangraaf.com\/ch\/wp-content\/uploads\/sites\/6\/2020\/03\/Levis_Logo_grau_OK.svg\" class=\"attachment-full size-full\" alt=\"\" \/><\/a><\/div><div class=\"brand-slider__slider__item\"><a href=\"https:\/\/www.vangraaf.com\/ch\/marken\/calvin-klein\/\" title=\"Calvin Klein\"><img loading=\"lazy\" decoding=\"async\" width=\"1\" height=\"1\" src=\"https:\/\/www.vangraaf.com\/ch\/wp-content\/uploads\/sites\/6\/2020\/03\/Calvin-Klein-Logo-grau_OK.svg\" class=\"attachment-full size-full\" alt=\"\" \/><\/a><\/div><div class=\"brand-slider__slider__item\"><a href=\"https:\/\/www.vangraaf.com\/ch\/marken\/lacoste\/\" title=\"Lacoste\"><img loading=\"lazy\" decoding=\"async\" width=\"1\" height=\"1\" src=\"https:\/\/www.vangraaf.com\/ch\/wp-content\/uploads\/sites\/6\/2020\/03\/Lacoste_Logo_4c_grau_Ausnahme_OK.svg\" class=\"attachment-full size-full\" alt=\"\" \/><\/a><\/div><div class=\"brand-slider__slider__item\"><a href=\"https:\/\/www.vangraaf.com\/ch\/marken\/superdry\/\" title=\"Superdry\"><img loading=\"lazy\" decoding=\"async\" width=\"1\" height=\"1\" src=\"https:\/\/www.vangraaf.com\/ch\/wp-content\/uploads\/sites\/6\/2020\/03\/Superdry_Logo_grau_OK.svg\" class=\"attachment-full size-full\" alt=\"\" \/><\/a><\/div><div class=\"brand-slider__slider__item\"><a href=\"https:\/\/www.vangraaf.com\/ch\/marken\/fila\/\" title=\"FILA\"><img loading=\"lazy\" decoding=\"async\" width=\"1\" height=\"1\" src=\"https:\/\/www.vangraaf.com\/ch\/wp-content\/uploads\/sites\/6\/2020\/03\/Fila-Logo-grau_OK.svg\" class=\"attachment-full size-full\" alt=\"\" \/><\/a><\/div><div class=\"brand-slider__slider__item\"><a href=\"https:\/\/www.vangraaf.com\/ch\/marken\/tom-tailor\/\" title=\"TOM TAILOR\"><img loading=\"lazy\" decoding=\"async\" width=\"1\" height=\"1\" src=\"https:\/\/www.vangraaf.com\/ch\/wp-content\/uploads\/sites\/6\/2020\/03\/Tom_Tailor_Logo_grau_OK.svg\" class=\"attachment-full size-full\" alt=\"\" \/><\/a><\/div><div class=\"brand-slider__slider__item\"><a href=\"https:\/\/www.vangraaf.com\/ch\/marken\/alpha-industries\/\" title=\"Alpha Industries\"><img loading=\"lazy\" decoding=\"async\" width=\"1\" height=\"1\" src=\"https:\/\/www.vangraaf.com\/ch\/wp-content\/uploads\/sites\/6\/2020\/03\/Alpha_Industries_Logo_grau_OK.svg\" class=\"attachment-full size-full\" alt=\"\" \/><\/a><\/div><div class=\"brand-slider__slider__item\"><a href=\"https:\/\/www.vangraaf.com\/ch\/marken\/g-star\/\" title=\"G-Star RAW\"><img loading=\"lazy\" decoding=\"async\" width=\"1\" height=\"1\" src=\"https:\/\/www.vangraaf.com\/ch\/wp-content\/uploads\/sites\/6\/2020\/03\/G_Star_Logo_grau_OK.svg\" class=\"attachment-full size-full\" alt=\"\" \/><\/a><\/div><div class=\"brand-slider__slider__item\"><a href=\"https:\/\/www.vangraaf.com\/ch\/marken\/vila\/\" title=\"VILA\"><img loading=\"lazy\" decoding=\"async\" width=\"1\" height=\"1\" src=\"https:\/\/www.vangraaf.com\/ch\/wp-content\/uploads\/sites\/6\/2020\/03\/Vila_Logo_grau_OK.svg\" class=\"attachment-full size-full\" alt=\"\" \/><\/a><\/div><div class=\"brand-slider__slider__item\"><a href=\"https:\/\/www.vangraaf.com\/ch\/marken\/boss\/\" title=\"BOSS\"><img loading=\"lazy\" decoding=\"async\" width=\"1\" height=\"1\" src=\"https:\/\/www.vangraaf.com\/ch\/wp-content\/uploads\/sites\/6\/2020\/03\/Boss_Logo_grau_OK.svg\" class=\"attachment-full size-full\" alt=\"\" \/><\/a><\/div><div class=\"brand-slider__slider__item\"><a href=\"https:\/\/www.vangraaf.com\/ch\/marken\/armani-exchange\/\" title=\"Armani Exchange\"><img loading=\"lazy\" decoding=\"async\" width=\"1\" height=\"1\" src=\"https:\/\/www.vangraaf.com\/ch\/wp-content\/uploads\/sites\/6\/2020\/03\/Armani-Exchange-Logo-grau_OK.svg\" class=\"attachment-full size-full\" alt=\"\" \/><\/a><\/div><div class=\"brand-slider__slider__item\"><a href=\"https:\/\/www.vangraaf.com\/ch\/marken\/polo-ralph-lauren\/\" title=\"Polo Ralph Lauren\"><img loading=\"lazy\" decoding=\"async\" width=\"1\" height=\"1\" src=\"https:\/\/www.vangraaf.com\/ch\/wp-content\/uploads\/sites\/6\/2020\/03\/Ralph_Lauren_Logo_grau_OK.svg\" class=\"attachment-full size-full\" alt=\"\" \/><\/a><\/div><div class=\"brand-slider__slider__item\"><a href=\"https:\/\/www.vangraaf.com\/ch\/marken\/marie-lund\/\" title=\"Marie Lund\"><img loading=\"lazy\" decoding=\"async\" width=\"1\" height=\"1\" src=\"https:\/\/www.vangraaf.com\/ch\/wp-content\/uploads\/sites\/6\/2020\/03\/Marie_Lund_Logo_grau_OK.svg\" class=\"attachment-full size-full\" alt=\"\" \/><\/a><\/div><div class=\"brand-slider__slider__item\"><a href=\"https:\/\/www.vangraaf.com\/ch\/marken\/finshley-harding\/\" title=\"Finshley &amp; Harding\"><img loading=\"lazy\" decoding=\"async\" width=\"1\" height=\"1\" src=\"https:\/\/www.vangraaf.com\/ch\/wp-content\/uploads\/sites\/6\/2020\/03\/Finsley_Harding_Logo_grau_OK.svg\" class=\"attachment-full size-full\" alt=\"\" \/><\/a><\/div><\/div><\/div><\/div>[\/vc_column][\/vc_row]<\/div>","protected":false},"excerpt":{"rendered":"[vc_row full_width=&#187;stretch_row_content_no_spaces&#187;][vc_column][vc_column_text] Mode f\u00fcr Damen und Herren in Spreitenbach mit den besten Gr\u00fcssen aus dem deutschen Norden: Die Lifestyle-Linie TOM TAILOR Denim der Marke TOM TAILOR aus Hamburg-Niendorf \u00fcberzeugt mit Kollektionen, die von einem sportlichen, hanseatischen Look gepr\u00e4gt sind. Im Mittelpunkt der jungen Linie stehen trendstarke Denim-Looks: Jeans in vielen unterschiedlichen Schnitten werden dabei von [&hellip;]","protected":false},"author":5,"featured_media":0,"parent":2162,"menu_order":0,"comment_status":"closed","ping_status":"closed","template":"","meta":{"_acf_changed":false,"inline_featured_image":false,"footnotes":""},"class_list":["post-3639","page","type-page","status-publish","hentry"],"acf":[],"yoast_head":"<!-- This site is optimized with the Yoast SEO plugin v27.2 - https:\/\/yoast.com\/product\/yoast-seo-wordpress\/ -->\n<title>TOM TAILOR Denim Damen- &amp; Herrenmode in Spreitenbach<\/title>\n<meta name=\"description\" content=\"Hanseatischer Flair f\u00fcr den Kleiderschrank: Shoppen Sie vielseitige Damen- und Herrenmode von TOM TAILOR Denim bei VAN GRAAF in Spreitenbach.\" \/>\n<meta name=\"robots\" content=\"noindex, follow\" \/>\n<meta property=\"og:locale\" content=\"de_DE\" \/>\n<meta property=\"og:type\" content=\"article\" \/>\n<meta property=\"og:title\" content=\"TOM TAILOR Denim Damen- &amp; Herrenmode in Spreitenbach\" \/>\n<meta property=\"og:description\" content=\"Hanseatischer Flair f\u00fcr den Kleiderschrank: Shoppen Sie vielseitige Damen- und Herrenmode von TOM TAILOR Denim bei VAN GRAAF in Spreitenbach.\" \/>\n<meta property=\"og:url\" content=\"https:\/\/www.vangraaf.com\/ch\/marken\/tom-tailor\/\" \/>\n<meta property=\"og:site_name\" content=\"VAN GRAAF Schweiz\" \/>\n<meta property=\"article:modified_time\" content=\"2025-02-12T12:53:27+00:00\" \/>\n<meta name=\"twitter:card\" content=\"summary_large_image\" \/>\n<meta name=\"twitter:label1\" content=\"Est. reading time\" \/>\n\t<meta name=\"twitter:data1\" content=\"3\u00a0Minuten\" \/>\n<script type=\"application\/ld+json\" class=\"yoast-schema-graph\">{\"@context\":\"https:\/\/schema.org\",\"@graph\":[{\"@type\":\"WebPage\",\"@id\":\"https:\/\/www.vangraaf.com\/ch\/marken\/tom-tailor\/\",\"url\":\"https:\/\/www.vangraaf.com\/ch\/marken\/tom-tailor\/\",\"name\":\"TOM TAILOR Denim Damen- & Herrenmode in Spreitenbach\",\"isPartOf\":{\"@id\":\"https:\/\/www.vangraaf.com\/ch\/#website\"},\"datePublished\":\"2020-03-12T12:50:19+00:00\",\"dateModified\":\"2025-02-12T12:53:27+00:00\",\"description\":\"Hanseatischer Flair f\u00fcr den Kleiderschrank: Shoppen Sie vielseitige Damen- und Herrenmode von TOM TAILOR Denim bei VAN GRAAF in Spreitenbach.\",\"breadcrumb\":{\"@id\":\"https:\/\/www.vangraaf.com\/ch\/marken\/tom-tailor\/#breadcrumb\"},\"inLanguage\":\"de-CH\",\"potentialAction\":[{\"@type\":\"ReadAction\",\"target\":[\"https:\/\/www.vangraaf.com\/ch\/marken\/tom-tailor\/\"]}]},{\"@type\":\"BreadcrumbList\",\"@id\":\"https:\/\/www.vangraaf.com\/ch\/marken\/tom-tailor\/#breadcrumb\",\"itemListElement\":[{\"@type\":\"ListItem\",\"position\":1,\"name\":\"Home\",\"item\":\"https:\/\/www.vangraaf.com\/ch\/\"},{\"@type\":\"ListItem\",\"position\":2,\"name\":\"Marken\",\"item\":\"https:\/\/www.vangraaf.com\/ch\/marken\/\"},{\"@type\":\"ListItem\",\"position\":3,\"name\":\"Tom Tailor\"}]},{\"@type\":\"WebSite\",\"@id\":\"https:\/\/www.vangraaf.com\/ch\/#website\",\"url\":\"https:\/\/www.vangraaf.com\/ch\/\",\"name\":\"VAN GRAAF\",\"description\":\"VAN GRAAF\",\"potentialAction\":[{\"@type\":\"SearchAction\",\"target\":{\"@type\":\"EntryPoint\",\"urlTemplate\":\"https:\/\/www.vangraaf.com\/ch\/?s={search_term_string}\"},\"query-input\":{\"@type\":\"PropertyValueSpecification\",\"valueRequired\":true,\"valueName\":\"search_term_string\"}}],\"inLanguage\":\"de-CH\"}]}<\/script>\n<!-- \/ Yoast SEO plugin. -->","yoast_head_json":{"title":"TOM TAILOR Denim Damen- & Herrenmode in Spreitenbach","description":"Hanseatischer Flair f\u00fcr den Kleiderschrank: Shoppen Sie vielseitige Damen- und Herrenmode von TOM TAILOR Denim bei VAN GRAAF in Spreitenbach.","robots":{"index":"noindex","follow":"follow"},"og_locale":"de_DE","og_type":"article","og_title":"TOM TAILOR Denim Damen- & Herrenmode in Spreitenbach","og_description":"Hanseatischer Flair f\u00fcr den Kleiderschrank: Shoppen Sie vielseitige Damen- und Herrenmode von TOM TAILOR Denim bei VAN GRAAF in Spreitenbach.","og_url":"https:\/\/www.vangraaf.com\/ch\/marken\/tom-tailor\/","og_site_name":"VAN GRAAF Schweiz","article_modified_time":"2025-02-12T12:53:27+00:00","twitter_card":"summary_large_image","twitter_misc":{"Est. reading time":"3\u00a0Minuten"},"schema":{"@context":"https:\/\/schema.org","@graph":[{"@type":"WebPage","@id":"https:\/\/www.vangraaf.com\/ch\/marken\/tom-tailor\/","url":"https:\/\/www.vangraaf.com\/ch\/marken\/tom-tailor\/","name":"TOM TAILOR Denim Damen- & Herrenmode in Spreitenbach","isPartOf":{"@id":"https:\/\/www.vangraaf.com\/ch\/#website"},"datePublished":"2020-03-12T12:50:19+00:00","dateModified":"2025-02-12T12:53:27+00:00","description":"Hanseatischer Flair f\u00fcr den Kleiderschrank: Shoppen Sie vielseitige Damen- und Herrenmode von TOM TAILOR Denim bei VAN GRAAF in Spreitenbach.","breadcrumb":{"@id":"https:\/\/www.vangraaf.com\/ch\/marken\/tom-tailor\/#breadcrumb"},"inLanguage":"de-CH","potentialAction":[{"@type":"ReadAction","target":["https:\/\/www.vangraaf.com\/ch\/marken\/tom-tailor\/"]}]},{"@type":"BreadcrumbList","@id":"https:\/\/www.vangraaf.com\/ch\/marken\/tom-tailor\/#breadcrumb","itemListElement":[{"@type":"ListItem","position":1,"name":"Home","item":"https:\/\/www.vangraaf.com\/ch\/"},{"@type":"ListItem","position":2,"name":"Marken","item":"https:\/\/www.vangraaf.com\/ch\/marken\/"},{"@type":"ListItem","position":3,"name":"Tom Tailor"}]},{"@type":"WebSite","@id":"https:\/\/www.vangraaf.com\/ch\/#website","url":"https:\/\/www.vangraaf.com\/ch\/","name":"VAN GRAAF","description":"VAN GRAAF","potentialAction":[{"@type":"SearchAction","target":{"@type":"EntryPoint","urlTemplate":"https:\/\/www.vangraaf.com\/ch\/?s={search_term_string}"},"query-input":{"@type":"PropertyValueSpecification","valueRequired":true,"valueName":"search_term_string"}}],"inLanguage":"de-CH"}]}},"_links":{"self":[{"href":"https:\/\/www.vangraaf.com\/ch\/wp-json\/wp\/v2\/pages\/3639","targetHints":{"allow":["GET"]}}],"collection":[{"href":"https:\/\/www.vangraaf.com\/ch\/wp-json\/wp\/v2\/pages"}],"about":[{"href":"https:\/\/www.vangraaf.com\/ch\/wp-json\/wp\/v2\/types\/page"}],"author":[{"embeddable":true,"href":"https:\/\/www.vangraaf.com\/ch\/wp-json\/wp\/v2\/users\/5"}],"replies":[{"embeddable":true,"href":"https:\/\/www.vangraaf.com\/ch\/wp-json\/wp\/v2\/comments?post=3639"}],"version-history":[{"count":18,"href":"https:\/\/www.vangraaf.com\/ch\/wp-json\/wp\/v2\/pages\/3639\/revisions"}],"predecessor-version":[{"id":7924,"href":"https:\/\/www.vangraaf.com\/ch\/wp-json\/wp\/v2\/pages\/3639\/revisions\/7924"}],"up":[{"embeddable":true,"href":"https:\/\/www.vangraaf.com\/ch\/wp-json\/wp\/v2\/pages\/2162"}],"wp:attachment":[{"href":"https:\/\/www.vangraaf.com\/ch\/wp-json\/wp\/v2\/media?parent=3639"}],"curies":[{"name":"wp","href":"https:\/\/api.w.org\/{rel}","templated":true}]}}