{"id":3636,"date":"2020-03-12T13:49:11","date_gmt":"2020-03-12T12:49:11","guid":{"rendered":"http:\/\/van-graaf.test\/ch\/?page_id=3636"},"modified":"2025-02-12T13:51:53","modified_gmt":"2025-02-12T12:51:53","slug":"fila","status":"publish","type":"page","link":"https:\/\/www.vangraaf.com\/ch\/marken\/fila\/","title":{"rendered":"FILA"},"content":{"rendered":"<div class=\"wpb-content-wrapper\">[vc_row full_width=&#187;stretch_row_content_no_spaces&#187;][vc_column]<div class=\"keyvisual\" data-aos=\"fade-up\" ><img loading=\"lazy\" decoding=\"async\" width=\"1440\" height=\"480\" src=\"https:\/\/www.vangraaf.com\/ch\/wp-content\/uploads\/sites\/6\/2020\/02\/Logo_Fila.jpg\" class=\"vc_single_image-img\" alt=\"\" srcset=\"https:\/\/www.vangraaf.com\/ch\/wp-content\/uploads\/sites\/6\/2020\/02\/Logo_Fila.jpg 1440w, https:\/\/www.vangraaf.com\/ch\/wp-content\/uploads\/sites\/6\/2020\/02\/Logo_Fila-300x100.jpg 300w, https:\/\/www.vangraaf.com\/ch\/wp-content\/uploads\/sites\/6\/2020\/02\/Logo_Fila-1024x341.jpg 1024w, https:\/\/www.vangraaf.com\/ch\/wp-content\/uploads\/sites\/6\/2020\/02\/Logo_Fila-768x256.jpg 768w, https:\/\/www.vangraaf.com\/ch\/wp-content\/uploads\/sites\/6\/2020\/02\/Logo_Fila-1200x400.jpg 1200w, https:\/\/www.vangraaf.com\/ch\/wp-content\/uploads\/sites\/6\/2020\/02\/Logo_Fila-992x331.jpg 992w, https:\/\/www.vangraaf.com\/ch\/wp-content\/uploads\/sites\/6\/2020\/02\/Logo_Fila-480x160.jpg 480w\" sizes=\"(max-width: 1440px) 100vw, 1440px\" \/><\/div>\n        <div class=\"headlines headlines--center\" data-aos=\"fade-up\">\n            <div class=\"vc_row\">\n                <div class=\"vc_col-md-10 vc_col-md-offset-1 vc_col-lg-10 vc_col-lg-offset-1\"><span class=\"h6\">FILA<\/span><h1 class=\"h2\">Erleben Sie sportliche Mode von FILA bei VAN GRAAF in Spreitenbach<\/h1><\/div>\n            <\/div>\n        <\/div>[vc_column_text]\r\n<p style=\"text-align: center;\">FILA feiert ein modisches Comeback. Die <strong>italienische Kultmarke aus den 90er-Jahren<\/strong> h\u00e4lt wieder in die Kleiderschr\u00e4nke Einzug. Die Teile kommen genau so l\u00e4ssig, bequem und alltagstauglich, wie sie von damals in Erinnerung waren. Gleichzeitig sind die Neuinterpretationen der Retro-Looks erfrischend anders. Trendige Farben, Prints, Materialien und Passformen geben den Vintage-Lieblingen einen modernen Touch. Wie gef\u00e4llt Ihnen das Revival? Kommen Sie zu VAN GRAAF in Spreitenbach und machen Sie sich selbst ein Bild von der neu interpretierten Damen- und Herrenmode von FILA!<\/p>\r\n[\/vc_column_text][\/vc_column][\/vc_row][vc_row][vc_column]\n        <div class=\"headlines headlines--center\" data-aos=\"fade-up\">\n            <div class=\"vc_row\">\n                <div class=\"vc_col-md-10 vc_col-md-offset-1 vc_col-lg-10 vc_col-lg-offset-1\"><h2 class=\"h2\">FILA \u2013 von der Sportmarke zum\r<br\/>Lifestyle-Label<\/h2><\/div>\n            <\/div>\n        <\/div>[vc_column_text]Die Geschichte von FILA beginnt <strong>1911<\/strong> im italienischen Piemont. Die <strong>Gebr\u00fcder Fila<\/strong> gr\u00fcnden eine <strong>Bergsportmarke<\/strong>, perfekt abgestimmt auf die anspruchsvollen Bedingungen in den italienischen Alpen. Sp\u00e4testens seit den 70er-Jahren tragen immer mehr Sportler aller Disziplinen die funktionale Sportkleidung von FILA, darunter auch Spitzenprofis wie das Tennisass <strong>Bj\u00f6rn Borg<\/strong>. Und nat\u00fcrlich findet die FILA-Kleidung auch weiterhin bei Kletterern grossen Anklang, beispielsweise bei Bergsteigerlegende <strong>Reinhold Messner<\/strong>. Ebenfalls sind Skistars wie Alberto Tomba oder Ingemar Stenmark von der hochwertigen Sportswear aus dem Hause FILA angetan.\r\n\r\nAuch abseits der Skipisten und Tennispl\u00e4tze erfreut sich FILA grosser Beliebtheit. Rasch etablieren sich die trendigen Wohlf\u00fchl-Looks in der Alltagsgarderobe von M\u00e4nnern und Frauen. Die vorl\u00e4ufige Hochphase erlebt FILA in den 90er-Jahren.[\/vc_column_text][\/vc_column][\/vc_row][vc_row][vc_column]\n        <div class=\"headlines headlines--center\" data-aos=\"fade-up\">\n            <div class=\"vc_row\">\n                <div class=\"vc_col-md-10 vc_col-md-offset-1 vc_col-lg-10 vc_col-lg-offset-1\"><span class=\"h6\">Kollektion<\/span><h2 class=\"h2\">Rot, Weiss, Blau \u2013 das sind die Kernfarben der FILA-Mode<\/h2><\/div>\n            <\/div>\n        <\/div>[vc_column_text]W\u00e4hrend sich so manches andere Label farblich austobt, h\u00e4lt sich FILA gekonnt zur\u00fcck. Zwar finden sich vereinzelt auch mal Neonfarben, Animal-Akzente und Allover-Prints im Sortiment; die drei Lieblingsfarben der Modemarke aber stehen fest: <strong>Rot, Weiss und Blau<\/strong> machen das Rennen. Und die drei Farben kommen auch beim Markenlogo zusammen, dem <strong>ikonischen FILA-F<\/strong>. Ob auf weissen Leder-Sneakers, beigen Hoodies, Basketball-Trikots oder Badeshorts \u2013 fast alle Arten von Kleidungsst\u00fccken und Accessoires greifen die drei Markenfarben auf stilvolle Weise auf.[\/vc_column_text][\/vc_column][\/vc_row][vc_row][vc_column]\n        <div class=\"headlines headlines--center\" data-aos=\"fade-up\">\n            <div class=\"vc_row\">\n                <div class=\"vc_col-md-10 vc_col-md-offset-1 vc_col-lg-10 vc_col-lg-offset-1\"><h2 class=\"h2\">Damen- und Herrenmode von FILA: Komfort an erster Stelle<\/h2><\/div>\n            <\/div>\n        <\/div>[vc_column_text]Ihrem sportlichen Image bleibt die Marke auch heute noch treu. <strong>Komfort und Funktionalit\u00e4t<\/strong> spielen somit bei FILA weiterhin die Hauptrollen. Locker geschnittene Shirts, Hoodies, Sweatpants und Zipjacken geh\u00f6ren zum Grundrepertoire \u2013 auch bei der Damenmode. Statt femininer, figurbetonter R\u00f6cke, Kleider und Blusen pr\u00e4sentieren die FILA-Designer l\u00e4ssige <strong>Oversize-Fits<\/strong> zum Wohlf\u00fchlen. So richten sich die It-Pieces vor allem an junge, urbane Trendsetter mit einem Faible f\u00fcr Casualwear. Wie Sie die l\u00e4ssige Mode am besten kombinieren und welche bewussten Stilbr\u00fcche allgemeine Anerkennung finden, verraten Ihnen unseren Modeexperten in Spreitenbach gerne bei einem ausgedehnten <a href=\"https:\/\/www.vangraaf.com\/ch\/haus\/spreitenbach\/personal-shopping\/\">Personal Shopping<\/a>. Wenn Sie dar\u00fcber hinaus den <a href=\"https:\/\/www.vangraaf.com\/ch\/van-graaf-card\/newsletter\/\">Newsletter von VAN GRAAF<\/a> abonnieren, erhalten Sie regelm\u00e4ssig modische Inspiration.[\/vc_column_text][\/vc_column][\/vc_row][vc_row][vc_column]<div class=\"vg-element brand-slider brand-slider--light\" data-aos=\"fade-up\"><div class=\"brand-slider__inner\"><div class=\"brand-slider__slider js-brand-slider\"><div class=\"brand-slider__slider__item\"><a href=\"https:\/\/www.vangraaf.com\/ch\/marken\/adidas-originals\/\" title=\"adidas Originals\"><img loading=\"lazy\" decoding=\"async\" width=\"1\" height=\"1\" src=\"https:\/\/www.vangraaf.com\/ch\/wp-content\/uploads\/sites\/6\/2020\/03\/Adidas_Logo_grau_OK.svg\" class=\"attachment-full size-full\" alt=\"\" \/><\/a><\/div><div class=\"brand-slider__slider__item\"><a href=\"https:\/\/www.vangraaf.com\/ch\/marken\/tommy-hilfiger\/\" title=\"Tommy Hilfiger\"><img loading=\"lazy\" decoding=\"async\" width=\"1\" height=\"1\" src=\"https:\/\/www.vangraaf.com\/ch\/wp-content\/uploads\/sites\/6\/2020\/03\/Tommy_Hilfiger_4c_grau_OK.svg\" class=\"attachment-full size-full\" alt=\"\" \/><\/a><\/div><div class=\"brand-slider__slider__item\"><a href=\"https:\/\/www.vangraaf.com\/ch\/marken\/levis\/\" title=\"Levi&#039;s\"><img loading=\"lazy\" decoding=\"async\" width=\"1\" height=\"1\" src=\"https:\/\/www.vangraaf.com\/ch\/wp-content\/uploads\/sites\/6\/2020\/03\/Levis_Logo_grau_OK.svg\" class=\"attachment-full size-full\" alt=\"\" \/><\/a><\/div><div class=\"brand-slider__slider__item\"><a href=\"https:\/\/www.vangraaf.com\/ch\/marken\/calvin-klein\/\" title=\"Calvin Klein\"><img loading=\"lazy\" decoding=\"async\" width=\"1\" height=\"1\" src=\"https:\/\/www.vangraaf.com\/ch\/wp-content\/uploads\/sites\/6\/2020\/03\/Calvin-Klein-Logo-grau_OK.svg\" class=\"attachment-full size-full\" alt=\"\" \/><\/a><\/div><div class=\"brand-slider__slider__item\"><a href=\"https:\/\/www.vangraaf.com\/ch\/marken\/lacoste\/\" title=\"Lacoste\"><img loading=\"lazy\" decoding=\"async\" width=\"1\" height=\"1\" src=\"https:\/\/www.vangraaf.com\/ch\/wp-content\/uploads\/sites\/6\/2020\/03\/Lacoste_Logo_4c_grau_Ausnahme_OK.svg\" class=\"attachment-full size-full\" alt=\"\" \/><\/a><\/div><div class=\"brand-slider__slider__item\"><a href=\"https:\/\/www.vangraaf.com\/ch\/marken\/superdry\/\" title=\"Superdry\"><img loading=\"lazy\" decoding=\"async\" width=\"1\" height=\"1\" src=\"https:\/\/www.vangraaf.com\/ch\/wp-content\/uploads\/sites\/6\/2020\/03\/Superdry_Logo_grau_OK.svg\" class=\"attachment-full size-full\" alt=\"\" \/><\/a><\/div><div class=\"brand-slider__slider__item\"><a href=\"https:\/\/www.vangraaf.com\/ch\/marken\/fila\/\" title=\"FILA\"><img loading=\"lazy\" decoding=\"async\" width=\"1\" height=\"1\" src=\"https:\/\/www.vangraaf.com\/ch\/wp-content\/uploads\/sites\/6\/2020\/03\/Fila-Logo-grau_OK.svg\" class=\"attachment-full size-full\" alt=\"\" \/><\/a><\/div><div class=\"brand-slider__slider__item\"><a href=\"https:\/\/www.vangraaf.com\/ch\/marken\/tom-tailor\/\" title=\"TOM TAILOR\"><img loading=\"lazy\" decoding=\"async\" width=\"1\" height=\"1\" src=\"https:\/\/www.vangraaf.com\/ch\/wp-content\/uploads\/sites\/6\/2020\/03\/Tom_Tailor_Logo_grau_OK.svg\" class=\"attachment-full size-full\" alt=\"\" \/><\/a><\/div><div class=\"brand-slider__slider__item\"><a href=\"https:\/\/www.vangraaf.com\/ch\/marken\/alpha-industries\/\" title=\"Alpha Industries\"><img loading=\"lazy\" decoding=\"async\" width=\"1\" height=\"1\" src=\"https:\/\/www.vangraaf.com\/ch\/wp-content\/uploads\/sites\/6\/2020\/03\/Alpha_Industries_Logo_grau_OK.svg\" class=\"attachment-full size-full\" alt=\"\" \/><\/a><\/div><div class=\"brand-slider__slider__item\"><a href=\"https:\/\/www.vangraaf.com\/ch\/marken\/g-star\/\" title=\"G-Star RAW\"><img loading=\"lazy\" decoding=\"async\" width=\"1\" height=\"1\" src=\"https:\/\/www.vangraaf.com\/ch\/wp-content\/uploads\/sites\/6\/2020\/03\/G_Star_Logo_grau_OK.svg\" class=\"attachment-full size-full\" alt=\"\" \/><\/a><\/div><div class=\"brand-slider__slider__item\"><a href=\"https:\/\/www.vangraaf.com\/ch\/marken\/vila\/\" title=\"VILA\"><img loading=\"lazy\" decoding=\"async\" width=\"1\" height=\"1\" src=\"https:\/\/www.vangraaf.com\/ch\/wp-content\/uploads\/sites\/6\/2020\/03\/Vila_Logo_grau_OK.svg\" class=\"attachment-full size-full\" alt=\"\" \/><\/a><\/div><div class=\"brand-slider__slider__item\"><a href=\"https:\/\/www.vangraaf.com\/ch\/marken\/boss\/\" title=\"BOSS\"><img loading=\"lazy\" decoding=\"async\" width=\"1\" height=\"1\" src=\"https:\/\/www.vangraaf.com\/ch\/wp-content\/uploads\/sites\/6\/2020\/03\/Boss_Logo_grau_OK.svg\" class=\"attachment-full size-full\" alt=\"\" \/><\/a><\/div><div class=\"brand-slider__slider__item\"><a href=\"https:\/\/www.vangraaf.com\/ch\/marken\/armani-exchange\/\" title=\"Armani Exchange\"><img loading=\"lazy\" decoding=\"async\" width=\"1\" height=\"1\" src=\"https:\/\/www.vangraaf.com\/ch\/wp-content\/uploads\/sites\/6\/2020\/03\/Armani-Exchange-Logo-grau_OK.svg\" class=\"attachment-full size-full\" alt=\"\" \/><\/a><\/div><div class=\"brand-slider__slider__item\"><a href=\"https:\/\/www.vangraaf.com\/ch\/marken\/polo-ralph-lauren\/\" title=\"Polo Ralph Lauren\"><img loading=\"lazy\" decoding=\"async\" width=\"1\" height=\"1\" src=\"https:\/\/www.vangraaf.com\/ch\/wp-content\/uploads\/sites\/6\/2020\/03\/Ralph_Lauren_Logo_grau_OK.svg\" class=\"attachment-full size-full\" alt=\"\" \/><\/a><\/div><div class=\"brand-slider__slider__item\"><a href=\"https:\/\/www.vangraaf.com\/ch\/marken\/marie-lund\/\" title=\"Marie Lund\"><img loading=\"lazy\" decoding=\"async\" width=\"1\" height=\"1\" src=\"https:\/\/www.vangraaf.com\/ch\/wp-content\/uploads\/sites\/6\/2020\/03\/Marie_Lund_Logo_grau_OK.svg\" class=\"attachment-full size-full\" alt=\"\" \/><\/a><\/div><div class=\"brand-slider__slider__item\"><a href=\"https:\/\/www.vangraaf.com\/ch\/marken\/finshley-harding\/\" title=\"Finshley &amp; Harding\"><img loading=\"lazy\" decoding=\"async\" width=\"1\" height=\"1\" src=\"https:\/\/www.vangraaf.com\/ch\/wp-content\/uploads\/sites\/6\/2020\/03\/Finsley_Harding_Logo_grau_OK.svg\" class=\"attachment-full size-full\" alt=\"\" \/><\/a><\/div><\/div><\/div><\/div>[\/vc_column][\/vc_row]<\/div>","protected":false},"excerpt":{"rendered":"[vc_row full_width=&#187;stretch_row_content_no_spaces&#187;][vc_column][vc_column_text] FILA feiert ein modisches Comeback. Die italienische Kultmarke aus den 90er-Jahren h\u00e4lt wieder in die Kleiderschr\u00e4nke Einzug. Die Teile kommen genau so l\u00e4ssig, bequem und alltagstauglich, wie sie von damals in Erinnerung waren. Gleichzeitig sind die Neuinterpretationen der Retro-Looks erfrischend anders. Trendige Farben, Prints, Materialien und Passformen geben den Vintage-Lieblingen einen modernen Touch. [&hellip;]","protected":false},"author":5,"featured_media":0,"parent":2162,"menu_order":0,"comment_status":"closed","ping_status":"closed","template":"","meta":{"_acf_changed":false,"inline_featured_image":false,"footnotes":""},"class_list":["post-3636","page","type-page","status-publish","hentry"],"acf":[],"yoast_head":"<!-- This site is optimized with the Yoast SEO plugin v27.2 - https:\/\/yoast.com\/product\/yoast-seo-wordpress\/ -->\n<title>FILA-Mode f\u00fcr Damen- und Herren in Spreitenbach<\/title>\n<meta name=\"description\" content=\"Mode von FILA vereint die Styles der 90er-Jahre mit dem Heute. Entdecken Sie die kultigen Looks f\u00fcr Damen und Herren bei VAN GRAAF in Spreitenbach!\" \/>\n<meta name=\"robots\" content=\"noindex, follow\" \/>\n<meta property=\"og:locale\" content=\"de_DE\" \/>\n<meta property=\"og:type\" content=\"article\" \/>\n<meta property=\"og:title\" content=\"FILA-Mode f\u00fcr Damen- und Herren in Spreitenbach\" \/>\n<meta property=\"og:description\" content=\"Mode von FILA vereint die Styles der 90er-Jahre mit dem Heute. Entdecken Sie die kultigen Looks f\u00fcr Damen und Herren bei VAN GRAAF in Spreitenbach!\" \/>\n<meta property=\"og:url\" content=\"https:\/\/www.vangraaf.com\/ch\/marken\/fila\/\" \/>\n<meta property=\"og:site_name\" content=\"VAN GRAAF Schweiz\" \/>\n<meta property=\"article:modified_time\" content=\"2025-02-12T12:51:53+00:00\" \/>\n<meta name=\"twitter:card\" content=\"summary_large_image\" \/>\n<meta name=\"twitter:label1\" content=\"Est. reading time\" \/>\n\t<meta name=\"twitter:data1\" content=\"3\u00a0Minuten\" \/>\n<script type=\"application\/ld+json\" class=\"yoast-schema-graph\">{\"@context\":\"https:\/\/schema.org\",\"@graph\":[{\"@type\":\"WebPage\",\"@id\":\"https:\/\/www.vangraaf.com\/ch\/marken\/fila\/\",\"url\":\"https:\/\/www.vangraaf.com\/ch\/marken\/fila\/\",\"name\":\"FILA-Mode f\u00fcr Damen- und Herren in Spreitenbach\",\"isPartOf\":{\"@id\":\"https:\/\/www.vangraaf.com\/ch\/#website\"},\"datePublished\":\"2020-03-12T12:49:11+00:00\",\"dateModified\":\"2025-02-12T12:51:53+00:00\",\"description\":\"Mode von FILA vereint die Styles der 90er-Jahre mit dem Heute. Entdecken Sie die kultigen Looks f\u00fcr Damen und Herren bei VAN GRAAF in Spreitenbach!\",\"breadcrumb\":{\"@id\":\"https:\/\/www.vangraaf.com\/ch\/marken\/fila\/#breadcrumb\"},\"inLanguage\":\"de-CH\",\"potentialAction\":[{\"@type\":\"ReadAction\",\"target\":[\"https:\/\/www.vangraaf.com\/ch\/marken\/fila\/\"]}]},{\"@type\":\"BreadcrumbList\",\"@id\":\"https:\/\/www.vangraaf.com\/ch\/marken\/fila\/#breadcrumb\",\"itemListElement\":[{\"@type\":\"ListItem\",\"position\":1,\"name\":\"Home\",\"item\":\"https:\/\/www.vangraaf.com\/ch\/\"},{\"@type\":\"ListItem\",\"position\":2,\"name\":\"Marken\",\"item\":\"https:\/\/www.vangraaf.com\/ch\/marken\/\"},{\"@type\":\"ListItem\",\"position\":3,\"name\":\"FILA\"}]},{\"@type\":\"WebSite\",\"@id\":\"https:\/\/www.vangraaf.com\/ch\/#website\",\"url\":\"https:\/\/www.vangraaf.com\/ch\/\",\"name\":\"VAN GRAAF\",\"description\":\"VAN GRAAF\",\"potentialAction\":[{\"@type\":\"SearchAction\",\"target\":{\"@type\":\"EntryPoint\",\"urlTemplate\":\"https:\/\/www.vangraaf.com\/ch\/?s={search_term_string}\"},\"query-input\":{\"@type\":\"PropertyValueSpecification\",\"valueRequired\":true,\"valueName\":\"search_term_string\"}}],\"inLanguage\":\"de-CH\"}]}<\/script>\n<!-- \/ Yoast SEO plugin. -->","yoast_head_json":{"title":"FILA-Mode f\u00fcr Damen- und Herren in Spreitenbach","description":"Mode von FILA vereint die Styles der 90er-Jahre mit dem Heute. Entdecken Sie die kultigen Looks f\u00fcr Damen und Herren bei VAN GRAAF in Spreitenbach!","robots":{"index":"noindex","follow":"follow"},"og_locale":"de_DE","og_type":"article","og_title":"FILA-Mode f\u00fcr Damen- und Herren in Spreitenbach","og_description":"Mode von FILA vereint die Styles der 90er-Jahre mit dem Heute. Entdecken Sie die kultigen Looks f\u00fcr Damen und Herren bei VAN GRAAF in Spreitenbach!","og_url":"https:\/\/www.vangraaf.com\/ch\/marken\/fila\/","og_site_name":"VAN GRAAF Schweiz","article_modified_time":"2025-02-12T12:51:53+00:00","twitter_card":"summary_large_image","twitter_misc":{"Est. reading time":"3\u00a0Minuten"},"schema":{"@context":"https:\/\/schema.org","@graph":[{"@type":"WebPage","@id":"https:\/\/www.vangraaf.com\/ch\/marken\/fila\/","url":"https:\/\/www.vangraaf.com\/ch\/marken\/fila\/","name":"FILA-Mode f\u00fcr Damen- und Herren in Spreitenbach","isPartOf":{"@id":"https:\/\/www.vangraaf.com\/ch\/#website"},"datePublished":"2020-03-12T12:49:11+00:00","dateModified":"2025-02-12T12:51:53+00:00","description":"Mode von FILA vereint die Styles der 90er-Jahre mit dem Heute. Entdecken Sie die kultigen Looks f\u00fcr Damen und Herren bei VAN GRAAF in Spreitenbach!","breadcrumb":{"@id":"https:\/\/www.vangraaf.com\/ch\/marken\/fila\/#breadcrumb"},"inLanguage":"de-CH","potentialAction":[{"@type":"ReadAction","target":["https:\/\/www.vangraaf.com\/ch\/marken\/fila\/"]}]},{"@type":"BreadcrumbList","@id":"https:\/\/www.vangraaf.com\/ch\/marken\/fila\/#breadcrumb","itemListElement":[{"@type":"ListItem","position":1,"name":"Home","item":"https:\/\/www.vangraaf.com\/ch\/"},{"@type":"ListItem","position":2,"name":"Marken","item":"https:\/\/www.vangraaf.com\/ch\/marken\/"},{"@type":"ListItem","position":3,"name":"FILA"}]},{"@type":"WebSite","@id":"https:\/\/www.vangraaf.com\/ch\/#website","url":"https:\/\/www.vangraaf.com\/ch\/","name":"VAN GRAAF","description":"VAN GRAAF","potentialAction":[{"@type":"SearchAction","target":{"@type":"EntryPoint","urlTemplate":"https:\/\/www.vangraaf.com\/ch\/?s={search_term_string}"},"query-input":{"@type":"PropertyValueSpecification","valueRequired":true,"valueName":"search_term_string"}}],"inLanguage":"de-CH"}]}},"_links":{"self":[{"href":"https:\/\/www.vangraaf.com\/ch\/wp-json\/wp\/v2\/pages\/3636","targetHints":{"allow":["GET"]}}],"collection":[{"href":"https:\/\/www.vangraaf.com\/ch\/wp-json\/wp\/v2\/pages"}],"about":[{"href":"https:\/\/www.vangraaf.com\/ch\/wp-json\/wp\/v2\/types\/page"}],"author":[{"embeddable":true,"href":"https:\/\/www.vangraaf.com\/ch\/wp-json\/wp\/v2\/users\/5"}],"replies":[{"embeddable":true,"href":"https:\/\/www.vangraaf.com\/ch\/wp-json\/wp\/v2\/comments?post=3636"}],"version-history":[{"count":17,"href":"https:\/\/www.vangraaf.com\/ch\/wp-json\/wp\/v2\/pages\/3636\/revisions"}],"predecessor-version":[{"id":7915,"href":"https:\/\/www.vangraaf.com\/ch\/wp-json\/wp\/v2\/pages\/3636\/revisions\/7915"}],"up":[{"embeddable":true,"href":"https:\/\/www.vangraaf.com\/ch\/wp-json\/wp\/v2\/pages\/2162"}],"wp:attachment":[{"href":"https:\/\/www.vangraaf.com\/ch\/wp-json\/wp\/v2\/media?parent=3636"}],"curies":[{"name":"wp","href":"https:\/\/api.w.org\/{rel}","templated":true}]}}