{"id":3633,"date":"2020-03-12T13:47:52","date_gmt":"2020-03-12T12:47:52","guid":{"rendered":"http:\/\/van-graaf.test\/ch\/?page_id=3633"},"modified":"2025-02-12T13:53:17","modified_gmt":"2025-02-12T12:53:17","slug":"superdry","status":"publish","type":"page","link":"https:\/\/www.vangraaf.com\/ch\/marken\/superdry\/","title":{"rendered":"Superdry"},"content":{"rendered":"<div class=\"wpb-content-wrapper\">[vc_row full_width=&#187;stretch_row_content_no_spaces&#187;][vc_column]<div class=\"keyvisual\" data-aos=\"fade-up\" ><img loading=\"lazy\" decoding=\"async\" width=\"1440\" height=\"480\" src=\"https:\/\/www.vangraaf.com\/ch\/wp-content\/uploads\/sites\/6\/2020\/02\/Logo_Superdry.jpg\" class=\"vc_single_image-img\" alt=\"\" srcset=\"https:\/\/www.vangraaf.com\/ch\/wp-content\/uploads\/sites\/6\/2020\/02\/Logo_Superdry.jpg 1440w, https:\/\/www.vangraaf.com\/ch\/wp-content\/uploads\/sites\/6\/2020\/02\/Logo_Superdry-300x100.jpg 300w, https:\/\/www.vangraaf.com\/ch\/wp-content\/uploads\/sites\/6\/2020\/02\/Logo_Superdry-1024x341.jpg 1024w, https:\/\/www.vangraaf.com\/ch\/wp-content\/uploads\/sites\/6\/2020\/02\/Logo_Superdry-768x256.jpg 768w, https:\/\/www.vangraaf.com\/ch\/wp-content\/uploads\/sites\/6\/2020\/02\/Logo_Superdry-1200x400.jpg 1200w, https:\/\/www.vangraaf.com\/ch\/wp-content\/uploads\/sites\/6\/2020\/02\/Logo_Superdry-992x331.jpg 992w, https:\/\/www.vangraaf.com\/ch\/wp-content\/uploads\/sites\/6\/2020\/02\/Logo_Superdry-480x160.jpg 480w\" sizes=\"(max-width: 1440px) 100vw, 1440px\" \/><\/div>\n        <div class=\"headlines headlines--center\" data-aos=\"fade-up\">\n            <div class=\"vc_row\">\n                <div class=\"vc_col-md-10 vc_col-md-offset-1 vc_col-lg-10 vc_col-lg-offset-1\"><span class=\"h6\">Superdry<\/span><h1 class=\"h2\">Superdry-Mode bei VAN GRAAF in Spreitenbach entdecken<\/h1><\/div>\n            <\/div>\n        <\/div>[vc_column_text]\r\n<p style=\"text-align: center;\">Amerikanisches Vintage-Flair, ein Hauch Brit Chic, knallige Highlights im Tokio-Stil \u2013\u00a0das klingt nach einer <strong>Weltreise, einer Reise durch die internationale Modewelt<\/strong>. Genau daf\u00fcr steht die Brand namens Superdry. Ihre jugendlich-frischen, international beeinflussten Kollektionen begeistern Trendsetter und vor allem j\u00fcngere Mode-Liebhaber weltweit. Stets mit von der Partie ist das <strong>leuchtende Superdry-Logo<\/strong>. Auch bei VAN GRAAF in Spreitenbach zieht die auff\u00e4llige Damen- und Herrenmode von Superdry alle Blicke auf sich. \u00dcberzeugen Sie sich selbst und besuchen Sie unsere schweizer Filiale!<\/p>\r\n[\/vc_column_text][\/vc_column][\/vc_row][vc_row][vc_column]\n        <div class=\"headlines headlines--center\" data-aos=\"fade-up\">\n            <div class=\"vc_row\">\n                <div class=\"vc_col-md-10 vc_col-md-offset-1 vc_col-lg-10 vc_col-lg-offset-1\"><h2 class=\"h2\">Superdry-Fashion \u2013 von London \u00fcber Tokio bis nach Spreitenbach<\/h2><\/div>\n            <\/div>\n        <\/div>[vc_column_text]Die Erfolgsgeschichte von Superdry nimmt nach einer <strong>Tokioreise ihren Lauf<\/strong>. Die <strong>Markengr\u00fcnder, die beiden Briten Dunkerton und Holder<\/strong>, sind von der quirlig-bunten Metropole, welche die japanische Hauptstadt darstellt, hin und weg. Gerade die ornamentalen japanischen Schriftzeichen haben es den beiden kreativen K\u00f6pfen angetan. Nach ihrer R\u00fcckkehr verarbeiten sie ihre Eindr\u00fccke in Form von l\u00e4ssiger Street- und Casualwear. Als Markennamen w\u00e4hlen sie \u201eSuperdry\u201c. Das Markenlogo peppen die englischen Designer nat\u00fcrlich mit <strong>japanischen Schriftzeichen<\/strong> auf. F\u00fcr die Passformen, Farbwelten und Materialien lassen sie sich aber auch von <strong>amerikanischen Modeklassikern<\/strong> wie Blue Denim, bunten Holzf\u00e4llerhemden und rustikalen Army Jackets inspirieren. Die <strong>britischen Wurzeln<\/strong> des Kreativgespanns fliessen als gediegene Strickwaren und klassische Streifenprints in die Kollektion ein. So ist die Damen- und Herrenmode von Superdry einerseits keinesfalls gew\u00f6hnlich, andererseits aber absolut vielseitig.[\/vc_column_text][\/vc_column][\/vc_row][vc_row][vc_column]\n        <div class=\"headlines headlines--center\" data-aos=\"fade-up\">\n            <div class=\"vc_row\">\n                <div class=\"vc_col-md-10 vc_col-md-offset-1 vc_col-lg-10 vc_col-lg-offset-1\"><span class=\"h6\">Kollektion<\/span><h2 class=\"h2\">Hoodies und Logoshirts stehen ganz besonders f\u00fcr Superdry-Mode<\/h2><\/div>\n            <\/div>\n        <\/div>[vc_column_text]Ob Arctic-Parka, Sommerkleid, Denimbluse, Streifenshirt oder Sweatpants \u2013 von Kopf bis Fuss stattet Superdry seine Anh\u00e4nger mit legeren Lieblingsst\u00fccken aus. Und so vielseitig die sportive Mode f\u00fcr Damen und Herren auch ist, zwei Kleidungsst\u00fccke sind in jeder neuen Kollektion stets mit von der Partie: l\u00e4ssige <strong>Hoodies und Logoshirts mit Statement-Print.<\/strong> Jede Saison werden diese beiden Superdry-Klassiker neu erfunden. Vom <strong>schlichten Bestseller<\/strong> in Weiss, Navy oder Schwarz \u00fcber knallige Neonpink-Akzente bis hin zu sommerlichen Blumenshirts ist alles dabei. Gelegentlich zeigt sich das sonst so sportive Label auch von seiner <strong>glamour\u00f6sen<\/strong> Seite: Die T-Shirts, Longsleeves, Tanktops oder Hoodies mit grossfl\u00e4chigen Glitzerlogos ergeben zusammen perfekte Partylooks f\u00fcr M\u00e4nner und Frauen.[\/vc_column_text][\/vc_column][\/vc_row][vc_row][vc_column]\n        <div class=\"headlines headlines--center\" data-aos=\"fade-up\">\n            <div class=\"vc_row\">\n                <div class=\"vc_col-md-10 vc_col-md-offset-1 vc_col-lg-10 vc_col-lg-offset-1\"><h2 class=\"h2\">Pers\u00f6nliche Beratung in unserer Spreitenbacher VAN-GRAAF-Filiale<\/h2><\/div>\n            <\/div>\n        <\/div>[vc_column_text]Selbstverst\u00e4ndlich finden Sie die sportlich-frische Damen- und Herrenmode von Superdry mit ihrem weltoffenen Charme auch in <a href=\"https:\/\/www.vangraaf.com\/ch\/unternehmen\/fakten\/\">unserer VAN GRAAF Filiale<\/a> in Spreitenbach. Probieren Sie die Kultteile hier in Ruhe an und stellen Sie sich Ihre ganz pers\u00f6nlichen Wohlf\u00fchl-Outfits zusammen. Sie w\u00fcnschen sich dabei Unterst\u00fctzung? Gerne beraten Sie unsere Verkaufsexperten vor Ort \u2013 ob zur richtigen Kleidergr\u00f6sse, zur <a href=\"https:\/\/www.vangraaf.com\/ch\/beratung-style\/tipps\/pflegetipps\/\">Textilpflege<\/a> oder zu starken Trendlooks. Noch mehr Styling-Tipps erhalten Sie \u00fcbrigens, wenn Sie unseren <a href=\"https:\/\/www.vangraaf.com\/ch\/van-graaf-card\/newsletter\/\">VAN GRAAF Newsletter<\/a> abonnieren.[\/vc_column_text][\/vc_column][\/vc_row][vc_row][vc_column]<div class=\"vg-element brand-slider brand-slider--light\" data-aos=\"fade-up\"><div class=\"brand-slider__inner\"><div class=\"brand-slider__slider js-brand-slider\"><div class=\"brand-slider__slider__item\"><a href=\"https:\/\/www.vangraaf.com\/ch\/marken\/adidas-originals\/\" title=\"adidas Originals\"><img loading=\"lazy\" decoding=\"async\" width=\"1\" height=\"1\" src=\"https:\/\/www.vangraaf.com\/ch\/wp-content\/uploads\/sites\/6\/2020\/03\/Adidas_Logo_grau_OK.svg\" class=\"attachment-full size-full\" alt=\"\" \/><\/a><\/div><div class=\"brand-slider__slider__item\"><a href=\"https:\/\/www.vangraaf.com\/ch\/marken\/tommy-hilfiger\/\" title=\"Tommy Hilfiger\"><img loading=\"lazy\" decoding=\"async\" width=\"1\" height=\"1\" src=\"https:\/\/www.vangraaf.com\/ch\/wp-content\/uploads\/sites\/6\/2020\/03\/Tommy_Hilfiger_4c_grau_OK.svg\" class=\"attachment-full size-full\" alt=\"\" \/><\/a><\/div><div class=\"brand-slider__slider__item\"><a href=\"https:\/\/www.vangraaf.com\/ch\/marken\/levis\/\" title=\"Levi&#039;s\"><img loading=\"lazy\" decoding=\"async\" width=\"1\" height=\"1\" src=\"https:\/\/www.vangraaf.com\/ch\/wp-content\/uploads\/sites\/6\/2020\/03\/Levis_Logo_grau_OK.svg\" class=\"attachment-full size-full\" alt=\"\" \/><\/a><\/div><div class=\"brand-slider__slider__item\"><a href=\"https:\/\/www.vangraaf.com\/ch\/marken\/calvin-klein\/\" title=\"Calvin Klein\"><img loading=\"lazy\" decoding=\"async\" width=\"1\" height=\"1\" src=\"https:\/\/www.vangraaf.com\/ch\/wp-content\/uploads\/sites\/6\/2020\/03\/Calvin-Klein-Logo-grau_OK.svg\" class=\"attachment-full size-full\" alt=\"\" \/><\/a><\/div><div class=\"brand-slider__slider__item\"><a href=\"https:\/\/www.vangraaf.com\/ch\/marken\/lacoste\/\" title=\"Lacoste\"><img loading=\"lazy\" decoding=\"async\" width=\"1\" height=\"1\" src=\"https:\/\/www.vangraaf.com\/ch\/wp-content\/uploads\/sites\/6\/2020\/03\/Lacoste_Logo_4c_grau_Ausnahme_OK.svg\" class=\"attachment-full size-full\" alt=\"\" \/><\/a><\/div><div class=\"brand-slider__slider__item\"><a href=\"https:\/\/www.vangraaf.com\/ch\/marken\/superdry\/\" title=\"Superdry\"><img loading=\"lazy\" decoding=\"async\" width=\"1\" height=\"1\" src=\"https:\/\/www.vangraaf.com\/ch\/wp-content\/uploads\/sites\/6\/2020\/03\/Superdry_Logo_grau_OK.svg\" class=\"attachment-full size-full\" alt=\"\" \/><\/a><\/div><div class=\"brand-slider__slider__item\"><a href=\"https:\/\/www.vangraaf.com\/ch\/marken\/fila\/\" title=\"FILA\"><img loading=\"lazy\" decoding=\"async\" width=\"1\" height=\"1\" src=\"https:\/\/www.vangraaf.com\/ch\/wp-content\/uploads\/sites\/6\/2020\/03\/Fila-Logo-grau_OK.svg\" class=\"attachment-full size-full\" alt=\"\" \/><\/a><\/div><div class=\"brand-slider__slider__item\"><a href=\"https:\/\/www.vangraaf.com\/ch\/marken\/tom-tailor\/\" title=\"TOM TAILOR\"><img loading=\"lazy\" decoding=\"async\" width=\"1\" height=\"1\" src=\"https:\/\/www.vangraaf.com\/ch\/wp-content\/uploads\/sites\/6\/2020\/03\/Tom_Tailor_Logo_grau_OK.svg\" class=\"attachment-full size-full\" alt=\"\" \/><\/a><\/div><div class=\"brand-slider__slider__item\"><a href=\"https:\/\/www.vangraaf.com\/ch\/marken\/alpha-industries\/\" title=\"Alpha Industries\"><img loading=\"lazy\" decoding=\"async\" width=\"1\" height=\"1\" src=\"https:\/\/www.vangraaf.com\/ch\/wp-content\/uploads\/sites\/6\/2020\/03\/Alpha_Industries_Logo_grau_OK.svg\" class=\"attachment-full size-full\" alt=\"\" \/><\/a><\/div><div class=\"brand-slider__slider__item\"><a href=\"https:\/\/www.vangraaf.com\/ch\/marken\/g-star\/\" title=\"G-Star RAW\"><img loading=\"lazy\" decoding=\"async\" width=\"1\" height=\"1\" src=\"https:\/\/www.vangraaf.com\/ch\/wp-content\/uploads\/sites\/6\/2020\/03\/G_Star_Logo_grau_OK.svg\" class=\"attachment-full size-full\" alt=\"\" \/><\/a><\/div><div class=\"brand-slider__slider__item\"><a href=\"https:\/\/www.vangraaf.com\/ch\/marken\/vila\/\" title=\"VILA\"><img loading=\"lazy\" decoding=\"async\" width=\"1\" height=\"1\" src=\"https:\/\/www.vangraaf.com\/ch\/wp-content\/uploads\/sites\/6\/2020\/03\/Vila_Logo_grau_OK.svg\" class=\"attachment-full size-full\" alt=\"\" \/><\/a><\/div><div class=\"brand-slider__slider__item\"><a href=\"https:\/\/www.vangraaf.com\/ch\/marken\/boss\/\" title=\"BOSS\"><img loading=\"lazy\" decoding=\"async\" width=\"1\" height=\"1\" src=\"https:\/\/www.vangraaf.com\/ch\/wp-content\/uploads\/sites\/6\/2020\/03\/Boss_Logo_grau_OK.svg\" class=\"attachment-full size-full\" alt=\"\" \/><\/a><\/div><div class=\"brand-slider__slider__item\"><a href=\"https:\/\/www.vangraaf.com\/ch\/marken\/armani-exchange\/\" title=\"Armani Exchange\"><img loading=\"lazy\" decoding=\"async\" width=\"1\" height=\"1\" src=\"https:\/\/www.vangraaf.com\/ch\/wp-content\/uploads\/sites\/6\/2020\/03\/Armani-Exchange-Logo-grau_OK.svg\" class=\"attachment-full size-full\" alt=\"\" \/><\/a><\/div><div class=\"brand-slider__slider__item\"><a href=\"https:\/\/www.vangraaf.com\/ch\/marken\/polo-ralph-lauren\/\" title=\"Polo Ralph Lauren\"><img loading=\"lazy\" decoding=\"async\" width=\"1\" height=\"1\" src=\"https:\/\/www.vangraaf.com\/ch\/wp-content\/uploads\/sites\/6\/2020\/03\/Ralph_Lauren_Logo_grau_OK.svg\" class=\"attachment-full size-full\" alt=\"\" \/><\/a><\/div><div class=\"brand-slider__slider__item\"><a href=\"https:\/\/www.vangraaf.com\/ch\/marken\/marie-lund\/\" title=\"Marie Lund\"><img loading=\"lazy\" decoding=\"async\" width=\"1\" height=\"1\" src=\"https:\/\/www.vangraaf.com\/ch\/wp-content\/uploads\/sites\/6\/2020\/03\/Marie_Lund_Logo_grau_OK.svg\" class=\"attachment-full size-full\" alt=\"\" \/><\/a><\/div><div class=\"brand-slider__slider__item\"><a href=\"https:\/\/www.vangraaf.com\/ch\/marken\/finshley-harding\/\" title=\"Finshley &amp; Harding\"><img loading=\"lazy\" decoding=\"async\" width=\"1\" height=\"1\" src=\"https:\/\/www.vangraaf.com\/ch\/wp-content\/uploads\/sites\/6\/2020\/03\/Finsley_Harding_Logo_grau_OK.svg\" class=\"attachment-full size-full\" alt=\"\" \/><\/a><\/div><\/div><\/div><\/div>[\/vc_column][\/vc_row]<\/div>","protected":false},"excerpt":{"rendered":"[vc_row full_width=&#187;stretch_row_content_no_spaces&#187;][vc_column][vc_column_text] Amerikanisches Vintage-Flair, ein Hauch Brit Chic, knallige Highlights im Tokio-Stil \u2013\u00a0das klingt nach einer Weltreise, einer Reise durch die internationale Modewelt. Genau daf\u00fcr steht die Brand namens Superdry. Ihre jugendlich-frischen, international beeinflussten Kollektionen begeistern Trendsetter und vor allem j\u00fcngere Mode-Liebhaber weltweit. Stets mit von der Partie ist das leuchtende Superdry-Logo. Auch bei VAN [&hellip;]","protected":false},"author":5,"featured_media":0,"parent":2162,"menu_order":0,"comment_status":"closed","ping_status":"closed","template":"","meta":{"_acf_changed":false,"inline_featured_image":false,"footnotes":""},"class_list":["post-3633","page","type-page","status-publish","hentry"],"acf":[],"yoast_head":"<!-- This site is optimized with the Yoast SEO plugin v27.2 - https:\/\/yoast.com\/product\/yoast-seo-wordpress\/ -->\n<title>Damen- &amp; Herrenmode von Superdry in Spreitenbach<\/title>\n<meta name=\"description\" content=\"Lust auf eine modische Weltreise? Die Marke Superdry ist f\u00fcr internationale Einfl\u00fcsse bekannt. Bei VAN GRAAF Spreitenbach entdecken Sie trendige Looks.\" \/>\n<meta name=\"robots\" content=\"noindex, follow\" \/>\n<meta property=\"og:locale\" content=\"de_DE\" \/>\n<meta property=\"og:type\" content=\"article\" \/>\n<meta property=\"og:title\" content=\"Damen- &amp; Herrenmode von Superdry in Spreitenbach\" \/>\n<meta property=\"og:description\" content=\"Lust auf eine modische Weltreise? Die Marke Superdry ist f\u00fcr internationale Einfl\u00fcsse bekannt. Bei VAN GRAAF Spreitenbach entdecken Sie trendige Looks.\" \/>\n<meta property=\"og:url\" content=\"https:\/\/www.vangraaf.com\/ch\/marken\/superdry\/\" \/>\n<meta property=\"og:site_name\" content=\"VAN GRAAF Schweiz\" \/>\n<meta property=\"article:modified_time\" content=\"2025-02-12T12:53:17+00:00\" \/>\n<meta name=\"twitter:card\" content=\"summary_large_image\" \/>\n<meta name=\"twitter:label1\" content=\"Est. reading time\" \/>\n\t<meta name=\"twitter:data1\" content=\"3\u00a0Minuten\" \/>\n<script type=\"application\/ld+json\" class=\"yoast-schema-graph\">{\"@context\":\"https:\/\/schema.org\",\"@graph\":[{\"@type\":\"WebPage\",\"@id\":\"https:\/\/www.vangraaf.com\/ch\/marken\/superdry\/\",\"url\":\"https:\/\/www.vangraaf.com\/ch\/marken\/superdry\/\",\"name\":\"Damen- & Herrenmode von Superdry in Spreitenbach\",\"isPartOf\":{\"@id\":\"https:\/\/www.vangraaf.com\/ch\/#website\"},\"datePublished\":\"2020-03-12T12:47:52+00:00\",\"dateModified\":\"2025-02-12T12:53:17+00:00\",\"description\":\"Lust auf eine modische Weltreise? Die Marke Superdry ist f\u00fcr internationale Einfl\u00fcsse bekannt. Bei VAN GRAAF Spreitenbach entdecken Sie trendige Looks.\",\"breadcrumb\":{\"@id\":\"https:\/\/www.vangraaf.com\/ch\/marken\/superdry\/#breadcrumb\"},\"inLanguage\":\"de-CH\",\"potentialAction\":[{\"@type\":\"ReadAction\",\"target\":[\"https:\/\/www.vangraaf.com\/ch\/marken\/superdry\/\"]}]},{\"@type\":\"BreadcrumbList\",\"@id\":\"https:\/\/www.vangraaf.com\/ch\/marken\/superdry\/#breadcrumb\",\"itemListElement\":[{\"@type\":\"ListItem\",\"position\":1,\"name\":\"Home\",\"item\":\"https:\/\/www.vangraaf.com\/ch\/\"},{\"@type\":\"ListItem\",\"position\":2,\"name\":\"Marken\",\"item\":\"https:\/\/www.vangraaf.com\/ch\/marken\/\"},{\"@type\":\"ListItem\",\"position\":3,\"name\":\"Superdry\"}]},{\"@type\":\"WebSite\",\"@id\":\"https:\/\/www.vangraaf.com\/ch\/#website\",\"url\":\"https:\/\/www.vangraaf.com\/ch\/\",\"name\":\"VAN GRAAF\",\"description\":\"VAN GRAAF\",\"potentialAction\":[{\"@type\":\"SearchAction\",\"target\":{\"@type\":\"EntryPoint\",\"urlTemplate\":\"https:\/\/www.vangraaf.com\/ch\/?s={search_term_string}\"},\"query-input\":{\"@type\":\"PropertyValueSpecification\",\"valueRequired\":true,\"valueName\":\"search_term_string\"}}],\"inLanguage\":\"de-CH\"}]}<\/script>\n<!-- \/ Yoast SEO plugin. -->","yoast_head_json":{"title":"Damen- & Herrenmode von Superdry in Spreitenbach","description":"Lust auf eine modische Weltreise? Die Marke Superdry ist f\u00fcr internationale Einfl\u00fcsse bekannt. Bei VAN GRAAF Spreitenbach entdecken Sie trendige Looks.","robots":{"index":"noindex","follow":"follow"},"og_locale":"de_DE","og_type":"article","og_title":"Damen- & Herrenmode von Superdry in Spreitenbach","og_description":"Lust auf eine modische Weltreise? Die Marke Superdry ist f\u00fcr internationale Einfl\u00fcsse bekannt. Bei VAN GRAAF Spreitenbach entdecken Sie trendige Looks.","og_url":"https:\/\/www.vangraaf.com\/ch\/marken\/superdry\/","og_site_name":"VAN GRAAF Schweiz","article_modified_time":"2025-02-12T12:53:17+00:00","twitter_card":"summary_large_image","twitter_misc":{"Est. reading time":"3\u00a0Minuten"},"schema":{"@context":"https:\/\/schema.org","@graph":[{"@type":"WebPage","@id":"https:\/\/www.vangraaf.com\/ch\/marken\/superdry\/","url":"https:\/\/www.vangraaf.com\/ch\/marken\/superdry\/","name":"Damen- & Herrenmode von Superdry in Spreitenbach","isPartOf":{"@id":"https:\/\/www.vangraaf.com\/ch\/#website"},"datePublished":"2020-03-12T12:47:52+00:00","dateModified":"2025-02-12T12:53:17+00:00","description":"Lust auf eine modische Weltreise? Die Marke Superdry ist f\u00fcr internationale Einfl\u00fcsse bekannt. Bei VAN GRAAF Spreitenbach entdecken Sie trendige Looks.","breadcrumb":{"@id":"https:\/\/www.vangraaf.com\/ch\/marken\/superdry\/#breadcrumb"},"inLanguage":"de-CH","potentialAction":[{"@type":"ReadAction","target":["https:\/\/www.vangraaf.com\/ch\/marken\/superdry\/"]}]},{"@type":"BreadcrumbList","@id":"https:\/\/www.vangraaf.com\/ch\/marken\/superdry\/#breadcrumb","itemListElement":[{"@type":"ListItem","position":1,"name":"Home","item":"https:\/\/www.vangraaf.com\/ch\/"},{"@type":"ListItem","position":2,"name":"Marken","item":"https:\/\/www.vangraaf.com\/ch\/marken\/"},{"@type":"ListItem","position":3,"name":"Superdry"}]},{"@type":"WebSite","@id":"https:\/\/www.vangraaf.com\/ch\/#website","url":"https:\/\/www.vangraaf.com\/ch\/","name":"VAN GRAAF","description":"VAN GRAAF","potentialAction":[{"@type":"SearchAction","target":{"@type":"EntryPoint","urlTemplate":"https:\/\/www.vangraaf.com\/ch\/?s={search_term_string}"},"query-input":{"@type":"PropertyValueSpecification","valueRequired":true,"valueName":"search_term_string"}}],"inLanguage":"de-CH"}]}},"_links":{"self":[{"href":"https:\/\/www.vangraaf.com\/ch\/wp-json\/wp\/v2\/pages\/3633","targetHints":{"allow":["GET"]}}],"collection":[{"href":"https:\/\/www.vangraaf.com\/ch\/wp-json\/wp\/v2\/pages"}],"about":[{"href":"https:\/\/www.vangraaf.com\/ch\/wp-json\/wp\/v2\/types\/page"}],"author":[{"embeddable":true,"href":"https:\/\/www.vangraaf.com\/ch\/wp-json\/wp\/v2\/users\/5"}],"replies":[{"embeddable":true,"href":"https:\/\/www.vangraaf.com\/ch\/wp-json\/wp\/v2\/comments?post=3633"}],"version-history":[{"count":14,"href":"https:\/\/www.vangraaf.com\/ch\/wp-json\/wp\/v2\/pages\/3633\/revisions"}],"predecessor-version":[{"id":7923,"href":"https:\/\/www.vangraaf.com\/ch\/wp-json\/wp\/v2\/pages\/3633\/revisions\/7923"}],"up":[{"embeddable":true,"href":"https:\/\/www.vangraaf.com\/ch\/wp-json\/wp\/v2\/pages\/2162"}],"wp:attachment":[{"href":"https:\/\/www.vangraaf.com\/ch\/wp-json\/wp\/v2\/media?parent=3633"}],"curies":[{"name":"wp","href":"https:\/\/api.w.org\/{rel}","templated":true}]}}