{"id":3630,"date":"2020-03-12T13:46:42","date_gmt":"2020-03-12T12:46:42","guid":{"rendered":"http:\/\/van-graaf.test\/ch\/?page_id=3630"},"modified":"2025-02-12T13:52:14","modified_gmt":"2025-02-12T12:52:14","slug":"lacoste","status":"publish","type":"page","link":"https:\/\/www.vangraaf.com\/ch\/marken\/lacoste\/","title":{"rendered":"Lacoste"},"content":{"rendered":"<div class=\"wpb-content-wrapper\">[vc_row full_width=&#187;stretch_row_content_no_spaces&#187;][vc_column]<div class=\"keyvisual\" data-aos=\"fade-up\" ><img loading=\"lazy\" decoding=\"async\" width=\"1440\" height=\"480\" src=\"https:\/\/www.vangraaf.com\/ch\/wp-content\/uploads\/sites\/6\/2020\/02\/Logo_Lacoste.jpg\" class=\"vc_single_image-img\" alt=\"\" srcset=\"https:\/\/www.vangraaf.com\/ch\/wp-content\/uploads\/sites\/6\/2020\/02\/Logo_Lacoste.jpg 1440w, https:\/\/www.vangraaf.com\/ch\/wp-content\/uploads\/sites\/6\/2020\/02\/Logo_Lacoste-300x100.jpg 300w, https:\/\/www.vangraaf.com\/ch\/wp-content\/uploads\/sites\/6\/2020\/02\/Logo_Lacoste-1024x341.jpg 1024w, https:\/\/www.vangraaf.com\/ch\/wp-content\/uploads\/sites\/6\/2020\/02\/Logo_Lacoste-768x256.jpg 768w, https:\/\/www.vangraaf.com\/ch\/wp-content\/uploads\/sites\/6\/2020\/02\/Logo_Lacoste-1200x400.jpg 1200w, https:\/\/www.vangraaf.com\/ch\/wp-content\/uploads\/sites\/6\/2020\/02\/Logo_Lacoste-992x331.jpg 992w, https:\/\/www.vangraaf.com\/ch\/wp-content\/uploads\/sites\/6\/2020\/02\/Logo_Lacoste-480x160.jpg 480w\" sizes=\"(max-width: 1440px) 100vw, 1440px\" \/><\/div>\n        <div class=\"headlines headlines--center\" data-aos=\"fade-up\">\n            <div class=\"vc_row\">\n                <div class=\"vc_col-md-10 vc_col-md-offset-1 vc_col-lg-10 vc_col-lg-offset-1\"><span class=\"h6\">Lacoste<\/span><h1 class=\"h2\">Damen- und Herrenmode von Lacoste bei VAN GRAAF in Spreitenbach<\/h1><\/div>\n            <\/div>\n        <\/div>[vc_column_text]\r\n<p style=\"text-align: center;\">Am Anfang stand das Poloshirt \u2013 zumindest bei Lacoste. In den 1930er-Jahren entwirft der Franzose Ren\u00e9 Lacoste \u2013 Tennislegende und Modesch\u00f6pfer in einem \u2013 einen neuen Dresscode. \u201eSportlich-leger\u201c trifft pl\u00f6tzlich auf \u201evornehm-elegant\u201c. Das Ganze veredelt er mit einem kleinen gr\u00fcnen Krokodil als seinem individuellen Erkennungszeichen. Lacoste als Marke ist geboren und bis heute wird sie <strong>am<\/strong> <strong>Krokodil sofort \u00fcberall auf der Welt erkannt<\/strong>. Auch bei <strong>VAN GRAAF in Spreitenbach<\/strong> k\u00f6nnen Sie viele Kleidungsst\u00fccke entdecken, die Sie so schnell als Lacoste-Teile identifizieren werden.<\/p>\r\n[\/vc_column_text][\/vc_column][\/vc_row][vc_row bwd_tbc4vd_show_weekday=&#187;&#187; full_width=&#187;stretch_row_content_no_spaces&#187; disable_element=&#187;yes&#187;][vc_column]\n            <div class=\"vg-element topic-slider topic-slider--left topic-slider--dark\" style=\"--season-color-1: #e0d5c6; --season-color-2: #27293d\" data-aos=\"fade-up\">\n                <div class=\"topic-slider__inner\">\n                    <div class=\"content_wrap\">\n                        <div class=\"vc_row\">\n                            <div class=\"vc_col-md-12 vc_col-lg-10 vc_col-lg-offset-1\">\n                                <div class=\"vc_row\">\n                                    <div class=\"vc_col-sm-6\"><div class=\"topic-slider__image-wrap\"><div class=\"topic-slider__slider-wrap\"><div class=\"js-topic-slider\"><div class=\"topic-slider__slider__item\"><\/div><div class=\"topic-slider__slider__item\"><\/div><div class=\"topic-slider__slider__item\"><\/div><\/div><\/div><\/div><\/div><div class=\"vc_col-sm-6 vc_col-md-5 vc_col-md-offset-1\"><div class=\"topic-slider__content\"><span class=\"h4\">Erleben Sie in Spreitenbach die bunte Vielfalt von Lacoste<\/span><p>Wenn Sie einen Blick auf die Damen- und Herrenmode von Lacoste werfen, wird Ihnen bestimmt auffallen, dass die <strong>Kollektionen \u00fcberwiegend unifarben gehalten <\/strong>sind. Mit Prints und Logos geht die Marke sparsam um. Sie setzt stattdessen auf die St\u00e4rke feiner Nuancen. Ob das klassische weisse Poloshirt, die grau melierte Sweatjacke, die dunkelblaue Damenbluse oder schwarze Jogpants \u2013 dezente, einfarbige Looks sind die Spezialit\u00e4t der franz\u00f6sischen Designer.<\/p>\n<\/div><\/div>\n                                <\/div>\n                            <\/div>\n                        <\/div>\n                    <\/div>\n                <\/div>\n            <\/div>[\/vc_column][\/vc_row][vc_row][vc_column]\n        <div class=\"headlines headlines--center\" data-aos=\"fade-up\">\n            <div class=\"vc_row\">\n                <div class=\"vc_col-md-10 vc_col-md-offset-1 vc_col-lg-10 vc_col-lg-offset-1\"><h2 class=\"h2\">Erleben Sie in Spreitenbach die bunte Vielfalt von Lacoste<\/h2><\/div>\n            <\/div>\n        <\/div>[vc_column_text]Wenn Sie einen Blick auf die Damen- und Herrenmode von Lacoste werfen, wird Ihnen bestimmt auffallen, dass die <strong>Kollektionen \u00fcberwiegend unifarben gehalten <\/strong>sind. Mit Prints und Logos geht die Marke sparsam um. Sie setzt stattdessen auf die St\u00e4rke feiner Nuancen. Ob das klassische weisse Poloshirt, die grau melierte Sweatjacke, die dunkelblaue Damenbluse oder schwarze Jogpants \u2013 dezente, einfarbige Looks sind die Spezialit\u00e4t der franz\u00f6sischen Designer.[\/vc_column_text][vc_column_text]Zu den <strong>gedeckten Evergreens<\/strong> gesellen sich aber ebenso <strong>frische Farbakzente<\/strong>. Leuchtende Rot-, Gr\u00fcn- und Blaut\u00f6ne sind der ideale Start in einen entspannten Sommertag. Und was passt besser zum Fr\u00fchling als zarte Pastellt\u00f6ne? Ros\u00e9, Mint, Himmelblau und Limonengelb machen Lust auf einen herrlichen Fr\u00fchlingsspaziergang. Und auch auf <strong>Neont\u00f6nen<\/strong> wie Koralle und Zitronengelb kommt das kleine Krokodil prima zur Geltung.[\/vc_column_text][\/vc_column][\/vc_row][vc_row][vc_column][vc_row_inner][vc_column_inner]\n        <div class=\"headlines headlines--center\" data-aos=\"fade-up\">\n            <div class=\"vc_row\">\n                <div class=\"vc_col-md-10 vc_col-md-offset-1 vc_col-lg-10 vc_col-lg-offset-1\"><span class=\"h6\">Kollektion<\/span><h2 class=\"h2\">Lacoste\u2018s Kultkrokodil \u2013 die Geschichte hinter dem tierischen Markenlogo<\/h2><\/div>\n            <\/div>\n        <\/div>[\/vc_column_inner][\/vc_row_inner][vc_column_text]Haben Sie sich schon einmal gefragt, warum Lacoste seine Herren- und Damenmode ausgerechnet mit einem <strong>Krokodil<\/strong> schm\u00fcckt? Um dieser Frage auf den Grund zu gehen, reisen wir zur\u00fcck ins Jahr 1923. Tennisstar Ren\u00e9 Lacoste bekommt von den Journalisten einen neuen <strong>Spitznamen<\/strong> \u2013 \u201edas Krokodil\u201c. Ein Reporter hatte von einer Wette erfahren, an welcher der franz\u00f6sische Spitzensportler beteiligt gewesen und bei der ein eleganter Koffer aus Krokodilleder der Wetteinsatz gewesen war. Ren\u00e9 Lacoste gef\u00e4llt der Spitzname, deshalb l\u00e4sst er sich ein eigenes Krokodil-Logo von Robert George entwerfen. Seinen ersten Einsatz hat das gr\u00fcne Maskottchen auf einem <strong>Blazer<\/strong> \u2013 und das war ein absolutes Novum in der Modebranche: Noch nie zuvor hatte ein Label sein Logo so prominent auf Kleidung positioniert.[\/vc_column_text][\/vc_column][\/vc_row][vc_row][vc_column]\n        <div class=\"headlines headlines--center\" data-aos=\"fade-up\">\n            <div class=\"vc_row\">\n                <div class=\"vc_col-md-10 vc_col-md-offset-1 vc_col-lg-10 vc_col-lg-offset-1\"><h2 class=\"h2\">Bestens gekleidet dank Lacoste und VAN GRAAF in Spreitenbach<\/h2><\/div>\n            <\/div>\n        <\/div>[vc_column_text]Lacoste bietet l\u00e4ngst viel mehr als nur das Kleidungsst\u00fcck, mit dem es am engsten in Verbindung gebracht wird: das Poloshirt. Inzwischen \u00fcberzeugt die sportive Lacoste-Mode mit trendigen <strong>Allover-Looks<\/strong> f\u00fcr Damen und Herren. Unser Styling-Tipp: Kombinieren Sie eine l\u00e4ssige schwarze Jogpants mit einem edlen grauen Strickpullover. Dar\u00fcber tragen Sie eine leichte dunkelblaue Daunenjacke. Weisse Leder-Sneaker und ein cooles Basecap runden den Lacoste-Look ab. F\u00fcr weitere Styling-Vorschl\u00e4ge und <a href=\"\/ch\/beratung-style\/tipps\/pflegetipps\/\">Pflegetipps<\/a> direkt aus der VAN GRAAF Fashion-Redaktion melden Sie sich f\u00fcr unseren <a href=\"https:\/\/www.vangraaf.com\/ch\/van-graaf-card\/newsletter\/\">Newsletter<\/a> an. \u00dcbrigens: Mit der <a href=\"\/ch\/van-graaf-card\/kartenantrag\/\">VAN GRAAF Card<\/a> profitieren Sie als treuer Kunde langfristig und sichern sich direkt einmal 15\u00a0CHF Willkommensrabatt.[\/vc_column_text][\/vc_column][\/vc_row][vc_row][vc_column]<div class=\"vg-element brand-slider brand-slider--light\" data-aos=\"fade-up\"><div class=\"brand-slider__inner\"><div class=\"brand-slider__slider js-brand-slider\"><div class=\"brand-slider__slider__item\"><a href=\"https:\/\/www.vangraaf.com\/ch\/marken\/adidas-originals\/\" title=\"adidas Originals\"><img loading=\"lazy\" decoding=\"async\" width=\"1\" height=\"1\" src=\"https:\/\/www.vangraaf.com\/ch\/wp-content\/uploads\/sites\/6\/2020\/03\/Adidas_Logo_grau_OK.svg\" class=\"attachment-full size-full\" alt=\"\" \/><\/a><\/div><div class=\"brand-slider__slider__item\"><a href=\"https:\/\/www.vangraaf.com\/ch\/marken\/tommy-hilfiger\/\" title=\"Tommy Hilfiger\"><img loading=\"lazy\" decoding=\"async\" width=\"1\" height=\"1\" src=\"https:\/\/www.vangraaf.com\/ch\/wp-content\/uploads\/sites\/6\/2020\/03\/Tommy_Hilfiger_4c_grau_OK.svg\" class=\"attachment-full size-full\" alt=\"\" \/><\/a><\/div><div class=\"brand-slider__slider__item\"><a href=\"https:\/\/www.vangraaf.com\/ch\/marken\/levis\/\" title=\"Levi&#039;s\"><img loading=\"lazy\" decoding=\"async\" width=\"1\" height=\"1\" src=\"https:\/\/www.vangraaf.com\/ch\/wp-content\/uploads\/sites\/6\/2020\/03\/Levis_Logo_grau_OK.svg\" class=\"attachment-full size-full\" alt=\"\" \/><\/a><\/div><div class=\"brand-slider__slider__item\"><a href=\"https:\/\/www.vangraaf.com\/ch\/marken\/calvin-klein\/\" title=\"Calvin Klein\"><img loading=\"lazy\" decoding=\"async\" width=\"1\" height=\"1\" src=\"https:\/\/www.vangraaf.com\/ch\/wp-content\/uploads\/sites\/6\/2020\/03\/Calvin-Klein-Logo-grau_OK.svg\" class=\"attachment-full size-full\" alt=\"\" \/><\/a><\/div><div class=\"brand-slider__slider__item\"><a href=\"https:\/\/www.vangraaf.com\/ch\/marken\/lacoste\/\" title=\"Lacoste\"><img loading=\"lazy\" decoding=\"async\" width=\"1\" height=\"1\" src=\"https:\/\/www.vangraaf.com\/ch\/wp-content\/uploads\/sites\/6\/2020\/03\/Lacoste_Logo_4c_grau_Ausnahme_OK.svg\" class=\"attachment-full size-full\" alt=\"\" \/><\/a><\/div><div class=\"brand-slider__slider__item\"><a href=\"https:\/\/www.vangraaf.com\/ch\/marken\/superdry\/\" title=\"Superdry\"><img loading=\"lazy\" decoding=\"async\" width=\"1\" height=\"1\" src=\"https:\/\/www.vangraaf.com\/ch\/wp-content\/uploads\/sites\/6\/2020\/03\/Superdry_Logo_grau_OK.svg\" class=\"attachment-full size-full\" alt=\"\" \/><\/a><\/div><div class=\"brand-slider__slider__item\"><a href=\"https:\/\/www.vangraaf.com\/ch\/marken\/fila\/\" title=\"FILA\"><img loading=\"lazy\" decoding=\"async\" width=\"1\" height=\"1\" src=\"https:\/\/www.vangraaf.com\/ch\/wp-content\/uploads\/sites\/6\/2020\/03\/Fila-Logo-grau_OK.svg\" class=\"attachment-full size-full\" alt=\"\" \/><\/a><\/div><div class=\"brand-slider__slider__item\"><a href=\"https:\/\/www.vangraaf.com\/ch\/marken\/tom-tailor\/\" title=\"TOM TAILOR\"><img loading=\"lazy\" decoding=\"async\" width=\"1\" height=\"1\" src=\"https:\/\/www.vangraaf.com\/ch\/wp-content\/uploads\/sites\/6\/2020\/03\/Tom_Tailor_Logo_grau_OK.svg\" class=\"attachment-full size-full\" alt=\"\" \/><\/a><\/div><div class=\"brand-slider__slider__item\"><a href=\"https:\/\/www.vangraaf.com\/ch\/marken\/alpha-industries\/\" title=\"Alpha Industries\"><img loading=\"lazy\" decoding=\"async\" width=\"1\" height=\"1\" src=\"https:\/\/www.vangraaf.com\/ch\/wp-content\/uploads\/sites\/6\/2020\/03\/Alpha_Industries_Logo_grau_OK.svg\" class=\"attachment-full size-full\" alt=\"\" \/><\/a><\/div><div class=\"brand-slider__slider__item\"><a href=\"https:\/\/www.vangraaf.com\/ch\/marken\/g-star\/\" title=\"G-Star RAW\"><img loading=\"lazy\" decoding=\"async\" width=\"1\" height=\"1\" src=\"https:\/\/www.vangraaf.com\/ch\/wp-content\/uploads\/sites\/6\/2020\/03\/G_Star_Logo_grau_OK.svg\" class=\"attachment-full size-full\" alt=\"\" \/><\/a><\/div><div class=\"brand-slider__slider__item\"><a href=\"https:\/\/www.vangraaf.com\/ch\/marken\/vila\/\" title=\"VILA\"><img loading=\"lazy\" decoding=\"async\" width=\"1\" height=\"1\" src=\"https:\/\/www.vangraaf.com\/ch\/wp-content\/uploads\/sites\/6\/2020\/03\/Vila_Logo_grau_OK.svg\" class=\"attachment-full size-full\" alt=\"\" \/><\/a><\/div><div class=\"brand-slider__slider__item\"><a href=\"https:\/\/www.vangraaf.com\/ch\/marken\/boss\/\" title=\"BOSS\"><img loading=\"lazy\" decoding=\"async\" width=\"1\" height=\"1\" src=\"https:\/\/www.vangraaf.com\/ch\/wp-content\/uploads\/sites\/6\/2020\/03\/Boss_Logo_grau_OK.svg\" class=\"attachment-full size-full\" alt=\"\" \/><\/a><\/div><div class=\"brand-slider__slider__item\"><a href=\"https:\/\/www.vangraaf.com\/ch\/marken\/armani-exchange\/\" title=\"Armani Exchange\"><img loading=\"lazy\" decoding=\"async\" width=\"1\" height=\"1\" src=\"https:\/\/www.vangraaf.com\/ch\/wp-content\/uploads\/sites\/6\/2020\/03\/Armani-Exchange-Logo-grau_OK.svg\" class=\"attachment-full size-full\" alt=\"\" \/><\/a><\/div><div class=\"brand-slider__slider__item\"><a href=\"https:\/\/www.vangraaf.com\/ch\/marken\/polo-ralph-lauren\/\" title=\"Polo Ralph Lauren\"><img loading=\"lazy\" decoding=\"async\" width=\"1\" height=\"1\" src=\"https:\/\/www.vangraaf.com\/ch\/wp-content\/uploads\/sites\/6\/2020\/03\/Ralph_Lauren_Logo_grau_OK.svg\" class=\"attachment-full size-full\" alt=\"\" \/><\/a><\/div><div class=\"brand-slider__slider__item\"><a href=\"https:\/\/www.vangraaf.com\/ch\/marken\/marie-lund\/\" title=\"Marie Lund\"><img loading=\"lazy\" decoding=\"async\" width=\"1\" height=\"1\" src=\"https:\/\/www.vangraaf.com\/ch\/wp-content\/uploads\/sites\/6\/2020\/03\/Marie_Lund_Logo_grau_OK.svg\" class=\"attachment-full size-full\" alt=\"\" \/><\/a><\/div><div class=\"brand-slider__slider__item\"><a href=\"https:\/\/www.vangraaf.com\/ch\/marken\/finshley-harding\/\" title=\"Finshley &amp; Harding\"><img loading=\"lazy\" decoding=\"async\" width=\"1\" height=\"1\" src=\"https:\/\/www.vangraaf.com\/ch\/wp-content\/uploads\/sites\/6\/2020\/03\/Finsley_Harding_Logo_grau_OK.svg\" class=\"attachment-full size-full\" alt=\"\" \/><\/a><\/div><\/div><\/div><\/div>[\/vc_column][\/vc_row]<\/div>","protected":false},"excerpt":{"rendered":"[vc_row full_width=&#187;stretch_row_content_no_spaces&#187;][vc_column][vc_column_text] Am Anfang stand das Poloshirt \u2013 zumindest bei Lacoste. In den 1930er-Jahren entwirft der Franzose Ren\u00e9 Lacoste \u2013 Tennislegende und Modesch\u00f6pfer in einem \u2013 einen neuen Dresscode. \u201eSportlich-leger\u201c trifft pl\u00f6tzlich auf \u201evornehm-elegant\u201c. Das Ganze veredelt er mit einem kleinen gr\u00fcnen Krokodil als seinem individuellen Erkennungszeichen. Lacoste als Marke ist geboren und bis heute [&hellip;]","protected":false},"author":5,"featured_media":0,"parent":2162,"menu_order":0,"comment_status":"closed","ping_status":"closed","template":"","meta":{"_acf_changed":false,"inline_featured_image":false,"footnotes":""},"class_list":["post-3630","page","type-page","status-publish","hentry"],"acf":[],"yoast_head":"<!-- This site is optimized with the Yoast SEO plugin v27.2 - https:\/\/yoast.com\/product\/yoast-seo-wordpress\/ -->\n<title>Lacoste-Mode f\u00fcr Damen &amp; Herren in Spreitenbach<\/title>\n<meta name=\"description\" content=\"Lacoste bringt Sports- und Streetwear zusammen. Bei VAN GRAAF Spreitenbach shoppen Sie trendige Damen- &amp; Herrenmode der Marke mit dem Krokodil.\" \/>\n<meta name=\"robots\" content=\"noindex, follow\" \/>\n<meta property=\"og:locale\" content=\"de_DE\" \/>\n<meta property=\"og:type\" content=\"article\" \/>\n<meta property=\"og:title\" content=\"Lacoste-Mode f\u00fcr Damen &amp; Herren in Spreitenbach\" \/>\n<meta property=\"og:description\" content=\"Lacoste bringt Sports- und Streetwear zusammen. Bei VAN GRAAF Spreitenbach shoppen Sie trendige Damen- &amp; Herrenmode der Marke mit dem Krokodil.\" \/>\n<meta property=\"og:url\" content=\"https:\/\/www.vangraaf.com\/ch\/marken\/lacoste\/\" \/>\n<meta property=\"og:site_name\" content=\"VAN GRAAF Schweiz\" \/>\n<meta property=\"article:modified_time\" content=\"2025-02-12T12:52:14+00:00\" \/>\n<meta name=\"twitter:card\" content=\"summary_large_image\" \/>\n<meta name=\"twitter:label1\" content=\"Est. reading time\" \/>\n\t<meta name=\"twitter:data1\" content=\"4\u00a0Minuten\" \/>\n<script type=\"application\/ld+json\" class=\"yoast-schema-graph\">{\"@context\":\"https:\/\/schema.org\",\"@graph\":[{\"@type\":\"WebPage\",\"@id\":\"https:\/\/www.vangraaf.com\/ch\/marken\/lacoste\/\",\"url\":\"https:\/\/www.vangraaf.com\/ch\/marken\/lacoste\/\",\"name\":\"Lacoste-Mode f\u00fcr Damen & Herren in Spreitenbach\",\"isPartOf\":{\"@id\":\"https:\/\/www.vangraaf.com\/ch\/#website\"},\"datePublished\":\"2020-03-12T12:46:42+00:00\",\"dateModified\":\"2025-02-12T12:52:14+00:00\",\"description\":\"Lacoste bringt Sports- und Streetwear zusammen. Bei VAN GRAAF Spreitenbach shoppen Sie trendige Damen- & Herrenmode der Marke mit dem Krokodil.\",\"breadcrumb\":{\"@id\":\"https:\/\/www.vangraaf.com\/ch\/marken\/lacoste\/#breadcrumb\"},\"inLanguage\":\"de-CH\",\"potentialAction\":[{\"@type\":\"ReadAction\",\"target\":[\"https:\/\/www.vangraaf.com\/ch\/marken\/lacoste\/\"]}]},{\"@type\":\"BreadcrumbList\",\"@id\":\"https:\/\/www.vangraaf.com\/ch\/marken\/lacoste\/#breadcrumb\",\"itemListElement\":[{\"@type\":\"ListItem\",\"position\":1,\"name\":\"Home\",\"item\":\"https:\/\/www.vangraaf.com\/ch\/\"},{\"@type\":\"ListItem\",\"position\":2,\"name\":\"Marken\",\"item\":\"https:\/\/www.vangraaf.com\/ch\/marken\/\"},{\"@type\":\"ListItem\",\"position\":3,\"name\":\"Lacoste\"}]},{\"@type\":\"WebSite\",\"@id\":\"https:\/\/www.vangraaf.com\/ch\/#website\",\"url\":\"https:\/\/www.vangraaf.com\/ch\/\",\"name\":\"VAN GRAAF\",\"description\":\"VAN GRAAF\",\"potentialAction\":[{\"@type\":\"SearchAction\",\"target\":{\"@type\":\"EntryPoint\",\"urlTemplate\":\"https:\/\/www.vangraaf.com\/ch\/?s={search_term_string}\"},\"query-input\":{\"@type\":\"PropertyValueSpecification\",\"valueRequired\":true,\"valueName\":\"search_term_string\"}}],\"inLanguage\":\"de-CH\"}]}<\/script>\n<!-- \/ Yoast SEO plugin. -->","yoast_head_json":{"title":"Lacoste-Mode f\u00fcr Damen & Herren in Spreitenbach","description":"Lacoste bringt Sports- und Streetwear zusammen. Bei VAN GRAAF Spreitenbach shoppen Sie trendige Damen- & Herrenmode der Marke mit dem Krokodil.","robots":{"index":"noindex","follow":"follow"},"og_locale":"de_DE","og_type":"article","og_title":"Lacoste-Mode f\u00fcr Damen & Herren in Spreitenbach","og_description":"Lacoste bringt Sports- und Streetwear zusammen. Bei VAN GRAAF Spreitenbach shoppen Sie trendige Damen- & Herrenmode der Marke mit dem Krokodil.","og_url":"https:\/\/www.vangraaf.com\/ch\/marken\/lacoste\/","og_site_name":"VAN GRAAF Schweiz","article_modified_time":"2025-02-12T12:52:14+00:00","twitter_card":"summary_large_image","twitter_misc":{"Est. reading time":"4\u00a0Minuten"},"schema":{"@context":"https:\/\/schema.org","@graph":[{"@type":"WebPage","@id":"https:\/\/www.vangraaf.com\/ch\/marken\/lacoste\/","url":"https:\/\/www.vangraaf.com\/ch\/marken\/lacoste\/","name":"Lacoste-Mode f\u00fcr Damen & Herren in Spreitenbach","isPartOf":{"@id":"https:\/\/www.vangraaf.com\/ch\/#website"},"datePublished":"2020-03-12T12:46:42+00:00","dateModified":"2025-02-12T12:52:14+00:00","description":"Lacoste bringt Sports- und Streetwear zusammen. Bei VAN GRAAF Spreitenbach shoppen Sie trendige Damen- & Herrenmode der Marke mit dem Krokodil.","breadcrumb":{"@id":"https:\/\/www.vangraaf.com\/ch\/marken\/lacoste\/#breadcrumb"},"inLanguage":"de-CH","potentialAction":[{"@type":"ReadAction","target":["https:\/\/www.vangraaf.com\/ch\/marken\/lacoste\/"]}]},{"@type":"BreadcrumbList","@id":"https:\/\/www.vangraaf.com\/ch\/marken\/lacoste\/#breadcrumb","itemListElement":[{"@type":"ListItem","position":1,"name":"Home","item":"https:\/\/www.vangraaf.com\/ch\/"},{"@type":"ListItem","position":2,"name":"Marken","item":"https:\/\/www.vangraaf.com\/ch\/marken\/"},{"@type":"ListItem","position":3,"name":"Lacoste"}]},{"@type":"WebSite","@id":"https:\/\/www.vangraaf.com\/ch\/#website","url":"https:\/\/www.vangraaf.com\/ch\/","name":"VAN GRAAF","description":"VAN GRAAF","potentialAction":[{"@type":"SearchAction","target":{"@type":"EntryPoint","urlTemplate":"https:\/\/www.vangraaf.com\/ch\/?s={search_term_string}"},"query-input":{"@type":"PropertyValueSpecification","valueRequired":true,"valueName":"search_term_string"}}],"inLanguage":"de-CH"}]}},"_links":{"self":[{"href":"https:\/\/www.vangraaf.com\/ch\/wp-json\/wp\/v2\/pages\/3630","targetHints":{"allow":["GET"]}}],"collection":[{"href":"https:\/\/www.vangraaf.com\/ch\/wp-json\/wp\/v2\/pages"}],"about":[{"href":"https:\/\/www.vangraaf.com\/ch\/wp-json\/wp\/v2\/types\/page"}],"author":[{"embeddable":true,"href":"https:\/\/www.vangraaf.com\/ch\/wp-json\/wp\/v2\/users\/5"}],"replies":[{"embeddable":true,"href":"https:\/\/www.vangraaf.com\/ch\/wp-json\/wp\/v2\/comments?post=3630"}],"version-history":[{"count":26,"href":"https:\/\/www.vangraaf.com\/ch\/wp-json\/wp\/v2\/pages\/3630\/revisions"}],"predecessor-version":[{"id":7917,"href":"https:\/\/www.vangraaf.com\/ch\/wp-json\/wp\/v2\/pages\/3630\/revisions\/7917"}],"up":[{"embeddable":true,"href":"https:\/\/www.vangraaf.com\/ch\/wp-json\/wp\/v2\/pages\/2162"}],"wp:attachment":[{"href":"https:\/\/www.vangraaf.com\/ch\/wp-json\/wp\/v2\/media?parent=3630"}],"curies":[{"name":"wp","href":"https:\/\/api.w.org\/{rel}","templated":true}]}}