{"id":3627,"date":"2020-03-12T13:45:21","date_gmt":"2020-03-12T12:45:21","guid":{"rendered":"http:\/\/van-graaf.test\/ch\/?page_id=3627"},"modified":"2025-02-12T13:51:42","modified_gmt":"2025-02-12T12:51:42","slug":"champion","status":"publish","type":"page","link":"https:\/\/www.vangraaf.com\/ch\/marken\/champion\/","title":{"rendered":"Champion"},"content":{"rendered":"<div class=\"wpb-content-wrapper\">[vc_row full_width=&#187;stretch_row_content_no_spaces&#187;][vc_column]<div class=\"keyvisual\" data-aos=\"fade-up\" ><img loading=\"lazy\" decoding=\"async\" width=\"1440\" height=\"480\" src=\"https:\/\/www.vangraaf.com\/ch\/wp-content\/uploads\/sites\/6\/2020\/02\/Logo_Champion.jpg\" class=\"vc_single_image-img\" alt=\"\" srcset=\"https:\/\/www.vangraaf.com\/ch\/wp-content\/uploads\/sites\/6\/2020\/02\/Logo_Champion.jpg 1440w, https:\/\/www.vangraaf.com\/ch\/wp-content\/uploads\/sites\/6\/2020\/02\/Logo_Champion-300x100.jpg 300w, https:\/\/www.vangraaf.com\/ch\/wp-content\/uploads\/sites\/6\/2020\/02\/Logo_Champion-1024x341.jpg 1024w, https:\/\/www.vangraaf.com\/ch\/wp-content\/uploads\/sites\/6\/2020\/02\/Logo_Champion-768x256.jpg 768w, https:\/\/www.vangraaf.com\/ch\/wp-content\/uploads\/sites\/6\/2020\/02\/Logo_Champion-1200x400.jpg 1200w, https:\/\/www.vangraaf.com\/ch\/wp-content\/uploads\/sites\/6\/2020\/02\/Logo_Champion-992x331.jpg 992w, https:\/\/www.vangraaf.com\/ch\/wp-content\/uploads\/sites\/6\/2020\/02\/Logo_Champion-480x160.jpg 480w\" sizes=\"(max-width: 1440px) 100vw, 1440px\" \/><\/div>\n        <div class=\"headlines headlines--center\" data-aos=\"fade-up\">\n            <div class=\"vc_row\">\n                <div class=\"vc_col-md-10 vc_col-md-offset-1 vc_col-lg-10 vc_col-lg-offset-1\"><span class=\"h6\">Champion<\/span><h1 class=\"h2\">Herrenmode von Champion bei VAN GRAAF in Spreitenbach<\/h1><\/div>\n            <\/div>\n        <\/div>[vc_column_text]\r\n<p style=\"text-align: center;\">Seit mehr als 100 Jahren steht das US-Label Champion f\u00fcr <strong>Athleisure-Styles<\/strong>, die sportliches Design mit Traditionsbewusstsein und Authentizit\u00e4t verkn\u00fcpfen.<\/p>\r\n<p style=\"text-align: center;\">1919 wurde die Marke Champion von den Gebr\u00fcdern Feinbloom in Rochester im Bundesstaat New York ins Leben gerufen. In den 1920er- und 1930er-Jahren entwickelte sich das junge Bekleidungslabel zum Ausstatter von Sportteams mehrerer Universit\u00e4ten und Colleges. Ende der 1930er-Jahre wurde Champion zum Ausr\u00fcster f\u00fcr die \u00dcbungsman\u00f6ver und das Sporttraining der US-Milit\u00e4rakademie.<\/p>\r\n<p style=\"text-align: center;\">Sweatshirts, T-Shirts und Sportsocken von Champion sollten sich seither zur Kernkompetenz des innovativen Sportswear-Labels entwickeln. Bis heute liegt der Schwerpunkt des Champion-Sortiments auf <strong>unkomplizierter Sport- und Freizeitbekleidung<\/strong>. Deren hochwertige Verarbeitung ist ebenso bezeichnend f\u00fcr die Entw\u00fcrfe der traditionsreichen Brand wie die Vielseitigkeit. Von Hoodies \u00fcber l\u00e4ssige Longsleeves, T-Shirts und Sweatshirts bis zu Everyday-Basics wie Unterw\u00e4sche und Str\u00fcmpfen pr\u00e4sentieren wir Ihnen in unserem Modefachgesch\u00e4ft in Spreitenbach Champion-Herrenbekleidung, mit der Sie beim Work-out wie auch im Alltag <strong>jederzeit komfortabel und stylisch<\/strong> angezogen sind.<\/p>\r\n[\/vc_column_text][\/vc_column][\/vc_row][vc_row][vc_column]\n        <div class=\"headlines headlines--center\" data-aos=\"fade-up\">\n            <div class=\"vc_row\">\n                <div class=\"vc_col-md-10 vc_col-md-offset-1 vc_col-lg-10 vc_col-lg-offset-1\"><span class=\"h6\">Kollektion<\/span><h2 class=\"h2\">Casual, komfortabel und vielseitig: Champion-Sportmode f\u00fcr Herren<\/h2><\/div>\n            <\/div>\n        <\/div>[vc_column_text]Wer nach verl\u00e4sslichen Casual-Styles sucht, die in jeder Lebenslage die perfekte Mischung aus Tragekomfort und modebewusstem Understatement bieten, ist mit der Marke Champion gut beraten: Die Herrenmode des US-Sportswear-Labels bietet ihren Tr\u00e4gern <strong>Bequemlichkeit, die mit zeitlos-sportlicher L\u00e4ssigkeit gepaart ist<\/strong>. Das Design findet dabei stets die Mitte zwischen Bew\u00e4hrtem und Innovation. \u00dcber die Jahrzehnte hinweg hat es Champion bis heute geschafft, mit Authentizit\u00e4t verkn\u00fcpft zu werden. Wie die Marke das macht? Vor allem dank der geschickten R\u00fcckbesinnung auf urspr\u00fcngliche Designs, die aber nie an Modernit\u00e4t einb\u00fcssen.\r\n\r\nAls <strong>weltbekannte Athleisure-Premiummarke<\/strong> verkn\u00fcpft Champion zudem neue Einfl\u00fcsse gekonnt mit klassischen Elementen der Sports- und Casualwear. Das grosse, rot-blaue \u201eC\u201c auf weissem Grund entwickelte sich zum unverkennbaren Markenlogo und wird heute nicht nur auf Kapuzenpullovern und Shirts, sondern auch auf Accessoires stolz pr\u00e4sentiert. Ihr internationales Renommee verdankt die Brand ihrem ungebrochenen Glauben an Qualit\u00e4t, deren Grundlage ausgesuchte Materialien, eine hochwertige Verarbeitung und perfektionierte Passformen bilden.[\/vc_column_text][\/vc_column][\/vc_row][vc_row][vc_column]\n        <div class=\"headlines headlines--center\" data-aos=\"fade-up\">\n            <div class=\"vc_row\">\n                <div class=\"vc_col-md-10 vc_col-md-offset-1 vc_col-lg-10 vc_col-lg-offset-1\"><h2 class=\"h2\">Sportliche Herrenmode von Champion bei VAN GRAAF in Spreitenbach kaufen<\/h2><\/div>\n            <\/div>\n        <\/div>[vc_column_text]Wir bieten Ihnen in unserem Modehaus in Spreitenbach eine <strong>grosse Auswahl an Casual- und Sportswear-Kleidung<\/strong> von Marken wie Champion. Die Teile erm\u00f6glichen Ihnen sowohl im Alltag als auch beim Sport die perfekte Symbiose aus Komfort und Coolness. Greifen Sie bei der Auswahl geeigneter Styles gerne auf das fachliche Know-how und die Erfahrung unserer Mitarbeiter zur\u00fcck. Auch in den anderen der insgesamt <a href=\"\/ch\/beratung-style\/fachabteilungen\/\">14 Fachabteilungen<\/a> des Modehauses VAN GRAAF in Spreitenbach finden Sie auf zwei Etagen alles, was Sie in Sachen M\u00e4nnermode gl\u00fccklich macht: vom Freizeit-Outfit bis zum Business-Look, f\u00fcr jeden Stil und jeden Anlass.\r\n\r\nStellen Sie sich beispielsweise Ihren individuellen <a href=\"\/ch\/beratung-style\/tipps\/baukastenanzug\/\">Baukastenanzug<\/a> ganz nach Ihren Vorstellungen zusammen oder shoppen Sie spontan bequeme Casual-Looks von Champion und anderen angesagten Sportswear-Marken![\/vc_column_text][\/vc_column][\/vc_row][vc_row][vc_column]<div class=\"vg-element brand-slider brand-slider--light\" data-aos=\"fade-up\"><div class=\"brand-slider__inner\"><div class=\"brand-slider__slider js-brand-slider\"><div class=\"brand-slider__slider__item\"><a href=\"https:\/\/www.vangraaf.com\/ch\/marken\/adidas-originals\/\" title=\"adidas Originals\"><img loading=\"lazy\" decoding=\"async\" width=\"1\" height=\"1\" src=\"https:\/\/www.vangraaf.com\/ch\/wp-content\/uploads\/sites\/6\/2020\/03\/Adidas_Logo_grau_OK.svg\" class=\"attachment-full size-full\" alt=\"\" \/><\/a><\/div><div class=\"brand-slider__slider__item\"><a href=\"https:\/\/www.vangraaf.com\/ch\/marken\/tommy-hilfiger\/\" title=\"Tommy Hilfiger\"><img loading=\"lazy\" decoding=\"async\" width=\"1\" height=\"1\" src=\"https:\/\/www.vangraaf.com\/ch\/wp-content\/uploads\/sites\/6\/2020\/03\/Tommy_Hilfiger_4c_grau_OK.svg\" class=\"attachment-full size-full\" alt=\"\" \/><\/a><\/div><div class=\"brand-slider__slider__item\"><a href=\"https:\/\/www.vangraaf.com\/ch\/marken\/levis\/\" title=\"Levi&#039;s\"><img loading=\"lazy\" decoding=\"async\" width=\"1\" height=\"1\" src=\"https:\/\/www.vangraaf.com\/ch\/wp-content\/uploads\/sites\/6\/2020\/03\/Levis_Logo_grau_OK.svg\" class=\"attachment-full size-full\" alt=\"\" \/><\/a><\/div><div class=\"brand-slider__slider__item\"><a href=\"https:\/\/www.vangraaf.com\/ch\/marken\/calvin-klein\/\" title=\"Calvin Klein\"><img loading=\"lazy\" decoding=\"async\" width=\"1\" height=\"1\" src=\"https:\/\/www.vangraaf.com\/ch\/wp-content\/uploads\/sites\/6\/2020\/03\/Calvin-Klein-Logo-grau_OK.svg\" class=\"attachment-full size-full\" alt=\"\" \/><\/a><\/div><div class=\"brand-slider__slider__item\"><a href=\"https:\/\/www.vangraaf.com\/ch\/marken\/lacoste\/\" title=\"Lacoste\"><img loading=\"lazy\" decoding=\"async\" width=\"1\" height=\"1\" src=\"https:\/\/www.vangraaf.com\/ch\/wp-content\/uploads\/sites\/6\/2020\/03\/Lacoste_Logo_4c_grau_Ausnahme_OK.svg\" class=\"attachment-full size-full\" alt=\"\" \/><\/a><\/div><div class=\"brand-slider__slider__item\"><a href=\"https:\/\/www.vangraaf.com\/ch\/marken\/superdry\/\" title=\"Superdry\"><img loading=\"lazy\" decoding=\"async\" width=\"1\" height=\"1\" src=\"https:\/\/www.vangraaf.com\/ch\/wp-content\/uploads\/sites\/6\/2020\/03\/Superdry_Logo_grau_OK.svg\" class=\"attachment-full size-full\" alt=\"\" \/><\/a><\/div><div class=\"brand-slider__slider__item\"><a href=\"https:\/\/www.vangraaf.com\/ch\/marken\/fila\/\" title=\"FILA\"><img loading=\"lazy\" decoding=\"async\" width=\"1\" height=\"1\" src=\"https:\/\/www.vangraaf.com\/ch\/wp-content\/uploads\/sites\/6\/2020\/03\/Fila-Logo-grau_OK.svg\" class=\"attachment-full size-full\" alt=\"\" \/><\/a><\/div><div class=\"brand-slider__slider__item\"><a href=\"https:\/\/www.vangraaf.com\/ch\/marken\/tom-tailor\/\" title=\"TOM TAILOR\"><img loading=\"lazy\" decoding=\"async\" width=\"1\" height=\"1\" src=\"https:\/\/www.vangraaf.com\/ch\/wp-content\/uploads\/sites\/6\/2020\/03\/Tom_Tailor_Logo_grau_OK.svg\" class=\"attachment-full size-full\" alt=\"\" \/><\/a><\/div><div class=\"brand-slider__slider__item\"><a href=\"https:\/\/www.vangraaf.com\/ch\/marken\/alpha-industries\/\" title=\"Alpha Industries\"><img loading=\"lazy\" decoding=\"async\" width=\"1\" height=\"1\" src=\"https:\/\/www.vangraaf.com\/ch\/wp-content\/uploads\/sites\/6\/2020\/03\/Alpha_Industries_Logo_grau_OK.svg\" class=\"attachment-full size-full\" alt=\"\" \/><\/a><\/div><div class=\"brand-slider__slider__item\"><a href=\"https:\/\/www.vangraaf.com\/ch\/marken\/g-star\/\" title=\"G-Star RAW\"><img loading=\"lazy\" decoding=\"async\" width=\"1\" height=\"1\" src=\"https:\/\/www.vangraaf.com\/ch\/wp-content\/uploads\/sites\/6\/2020\/03\/G_Star_Logo_grau_OK.svg\" class=\"attachment-full size-full\" alt=\"\" \/><\/a><\/div><div class=\"brand-slider__slider__item\"><a href=\"https:\/\/www.vangraaf.com\/ch\/marken\/vila\/\" title=\"VILA\"><img loading=\"lazy\" decoding=\"async\" width=\"1\" height=\"1\" src=\"https:\/\/www.vangraaf.com\/ch\/wp-content\/uploads\/sites\/6\/2020\/03\/Vila_Logo_grau_OK.svg\" class=\"attachment-full size-full\" alt=\"\" \/><\/a><\/div><div class=\"brand-slider__slider__item\"><a href=\"https:\/\/www.vangraaf.com\/ch\/marken\/boss\/\" title=\"BOSS\"><img loading=\"lazy\" decoding=\"async\" width=\"1\" height=\"1\" src=\"https:\/\/www.vangraaf.com\/ch\/wp-content\/uploads\/sites\/6\/2020\/03\/Boss_Logo_grau_OK.svg\" class=\"attachment-full size-full\" alt=\"\" \/><\/a><\/div><div class=\"brand-slider__slider__item\"><a href=\"https:\/\/www.vangraaf.com\/ch\/marken\/armani-exchange\/\" title=\"Armani Exchange\"><img loading=\"lazy\" decoding=\"async\" width=\"1\" height=\"1\" src=\"https:\/\/www.vangraaf.com\/ch\/wp-content\/uploads\/sites\/6\/2020\/03\/Armani-Exchange-Logo-grau_OK.svg\" class=\"attachment-full size-full\" alt=\"\" \/><\/a><\/div><div class=\"brand-slider__slider__item\"><a href=\"https:\/\/www.vangraaf.com\/ch\/marken\/polo-ralph-lauren\/\" title=\"Polo Ralph Lauren\"><img loading=\"lazy\" decoding=\"async\" width=\"1\" height=\"1\" src=\"https:\/\/www.vangraaf.com\/ch\/wp-content\/uploads\/sites\/6\/2020\/03\/Ralph_Lauren_Logo_grau_OK.svg\" class=\"attachment-full size-full\" alt=\"\" \/><\/a><\/div><div class=\"brand-slider__slider__item\"><a href=\"https:\/\/www.vangraaf.com\/ch\/marken\/marie-lund\/\" title=\"Marie Lund\"><img loading=\"lazy\" decoding=\"async\" width=\"1\" height=\"1\" src=\"https:\/\/www.vangraaf.com\/ch\/wp-content\/uploads\/sites\/6\/2020\/03\/Marie_Lund_Logo_grau_OK.svg\" class=\"attachment-full size-full\" alt=\"\" \/><\/a><\/div><div class=\"brand-slider__slider__item\"><a href=\"https:\/\/www.vangraaf.com\/ch\/marken\/finshley-harding\/\" title=\"Finshley &amp; Harding\"><img loading=\"lazy\" decoding=\"async\" width=\"1\" height=\"1\" src=\"https:\/\/www.vangraaf.com\/ch\/wp-content\/uploads\/sites\/6\/2020\/03\/Finsley_Harding_Logo_grau_OK.svg\" class=\"attachment-full size-full\" alt=\"\" \/><\/a><\/div><\/div><\/div><\/div>[\/vc_column][\/vc_row]<\/div>","protected":false},"excerpt":{"rendered":"[vc_row full_width=&#187;stretch_row_content_no_spaces&#187;][vc_column][vc_column_text] Seit mehr als 100 Jahren steht das US-Label Champion f\u00fcr Athleisure-Styles, die sportliches Design mit Traditionsbewusstsein und Authentizit\u00e4t verkn\u00fcpfen. 1919 wurde die Marke Champion von den Gebr\u00fcdern Feinbloom in Rochester im Bundesstaat New York ins Leben gerufen. In den 1920er- und 1930er-Jahren entwickelte sich das junge Bekleidungslabel zum Ausstatter von Sportteams mehrerer Universit\u00e4ten [&hellip;]","protected":false},"author":5,"featured_media":0,"parent":2162,"menu_order":0,"comment_status":"closed","ping_status":"closed","template":"","meta":{"_acf_changed":false,"inline_featured_image":false,"footnotes":""},"class_list":["post-3627","page","type-page","status-publish","hentry"],"acf":[],"yoast_head":"<!-- This site is optimized with the Yoast SEO plugin v27.2 - https:\/\/yoast.com\/product\/yoast-seo-wordpress\/ -->\n<title>Champion-Herrenmode bei VAN GRAAF in Spreitenbach<\/title>\n<meta name=\"description\" content=\"Die Herrenmode von Champion steht f\u00fcr sportliche L\u00e4ssigkeit und beste Qualit\u00e4t. Jetzt bei VAN GRAAF in Spreitenbach die angesagten Teile shoppen!\" \/>\n<meta name=\"robots\" content=\"noindex, follow\" \/>\n<meta property=\"og:locale\" content=\"de_DE\" \/>\n<meta property=\"og:type\" content=\"article\" \/>\n<meta property=\"og:title\" content=\"Champion-Herrenmode bei VAN GRAAF in Spreitenbach\" \/>\n<meta property=\"og:description\" content=\"Die Herrenmode von Champion steht f\u00fcr sportliche L\u00e4ssigkeit und beste Qualit\u00e4t. Jetzt bei VAN GRAAF in Spreitenbach die angesagten Teile shoppen!\" \/>\n<meta property=\"og:url\" content=\"https:\/\/www.vangraaf.com\/ch\/marken\/champion\/\" \/>\n<meta property=\"og:site_name\" content=\"VAN GRAAF Schweiz\" \/>\n<meta property=\"article:modified_time\" content=\"2025-02-12T12:51:42+00:00\" \/>\n<meta name=\"twitter:card\" content=\"summary_large_image\" \/>\n<meta name=\"twitter:label1\" content=\"Est. reading time\" \/>\n\t<meta name=\"twitter:data1\" content=\"3\u00a0Minuten\" \/>\n<script type=\"application\/ld+json\" class=\"yoast-schema-graph\">{\"@context\":\"https:\/\/schema.org\",\"@graph\":[{\"@type\":\"WebPage\",\"@id\":\"https:\/\/www.vangraaf.com\/ch\/marken\/champion\/\",\"url\":\"https:\/\/www.vangraaf.com\/ch\/marken\/champion\/\",\"name\":\"Champion-Herrenmode bei VAN GRAAF in Spreitenbach\",\"isPartOf\":{\"@id\":\"https:\/\/www.vangraaf.com\/ch\/#website\"},\"datePublished\":\"2020-03-12T12:45:21+00:00\",\"dateModified\":\"2025-02-12T12:51:42+00:00\",\"description\":\"Die Herrenmode von Champion steht f\u00fcr sportliche L\u00e4ssigkeit und beste Qualit\u00e4t. Jetzt bei VAN GRAAF in Spreitenbach die angesagten Teile shoppen!\",\"breadcrumb\":{\"@id\":\"https:\/\/www.vangraaf.com\/ch\/marken\/champion\/#breadcrumb\"},\"inLanguage\":\"de-CH\",\"potentialAction\":[{\"@type\":\"ReadAction\",\"target\":[\"https:\/\/www.vangraaf.com\/ch\/marken\/champion\/\"]}]},{\"@type\":\"BreadcrumbList\",\"@id\":\"https:\/\/www.vangraaf.com\/ch\/marken\/champion\/#breadcrumb\",\"itemListElement\":[{\"@type\":\"ListItem\",\"position\":1,\"name\":\"Home\",\"item\":\"https:\/\/www.vangraaf.com\/ch\/\"},{\"@type\":\"ListItem\",\"position\":2,\"name\":\"Marken\",\"item\":\"https:\/\/www.vangraaf.com\/ch\/marken\/\"},{\"@type\":\"ListItem\",\"position\":3,\"name\":\"Champion\"}]},{\"@type\":\"WebSite\",\"@id\":\"https:\/\/www.vangraaf.com\/ch\/#website\",\"url\":\"https:\/\/www.vangraaf.com\/ch\/\",\"name\":\"VAN GRAAF\",\"description\":\"VAN GRAAF\",\"potentialAction\":[{\"@type\":\"SearchAction\",\"target\":{\"@type\":\"EntryPoint\",\"urlTemplate\":\"https:\/\/www.vangraaf.com\/ch\/?s={search_term_string}\"},\"query-input\":{\"@type\":\"PropertyValueSpecification\",\"valueRequired\":true,\"valueName\":\"search_term_string\"}}],\"inLanguage\":\"de-CH\"}]}<\/script>\n<!-- \/ Yoast SEO plugin. -->","yoast_head_json":{"title":"Champion-Herrenmode bei VAN GRAAF in Spreitenbach","description":"Die Herrenmode von Champion steht f\u00fcr sportliche L\u00e4ssigkeit und beste Qualit\u00e4t. Jetzt bei VAN GRAAF in Spreitenbach die angesagten Teile shoppen!","robots":{"index":"noindex","follow":"follow"},"og_locale":"de_DE","og_type":"article","og_title":"Champion-Herrenmode bei VAN GRAAF in Spreitenbach","og_description":"Die Herrenmode von Champion steht f\u00fcr sportliche L\u00e4ssigkeit und beste Qualit\u00e4t. Jetzt bei VAN GRAAF in Spreitenbach die angesagten Teile shoppen!","og_url":"https:\/\/www.vangraaf.com\/ch\/marken\/champion\/","og_site_name":"VAN GRAAF Schweiz","article_modified_time":"2025-02-12T12:51:42+00:00","twitter_card":"summary_large_image","twitter_misc":{"Est. reading time":"3\u00a0Minuten"},"schema":{"@context":"https:\/\/schema.org","@graph":[{"@type":"WebPage","@id":"https:\/\/www.vangraaf.com\/ch\/marken\/champion\/","url":"https:\/\/www.vangraaf.com\/ch\/marken\/champion\/","name":"Champion-Herrenmode bei VAN GRAAF in Spreitenbach","isPartOf":{"@id":"https:\/\/www.vangraaf.com\/ch\/#website"},"datePublished":"2020-03-12T12:45:21+00:00","dateModified":"2025-02-12T12:51:42+00:00","description":"Die Herrenmode von Champion steht f\u00fcr sportliche L\u00e4ssigkeit und beste Qualit\u00e4t. Jetzt bei VAN GRAAF in Spreitenbach die angesagten Teile shoppen!","breadcrumb":{"@id":"https:\/\/www.vangraaf.com\/ch\/marken\/champion\/#breadcrumb"},"inLanguage":"de-CH","potentialAction":[{"@type":"ReadAction","target":["https:\/\/www.vangraaf.com\/ch\/marken\/champion\/"]}]},{"@type":"BreadcrumbList","@id":"https:\/\/www.vangraaf.com\/ch\/marken\/champion\/#breadcrumb","itemListElement":[{"@type":"ListItem","position":1,"name":"Home","item":"https:\/\/www.vangraaf.com\/ch\/"},{"@type":"ListItem","position":2,"name":"Marken","item":"https:\/\/www.vangraaf.com\/ch\/marken\/"},{"@type":"ListItem","position":3,"name":"Champion"}]},{"@type":"WebSite","@id":"https:\/\/www.vangraaf.com\/ch\/#website","url":"https:\/\/www.vangraaf.com\/ch\/","name":"VAN GRAAF","description":"VAN GRAAF","potentialAction":[{"@type":"SearchAction","target":{"@type":"EntryPoint","urlTemplate":"https:\/\/www.vangraaf.com\/ch\/?s={search_term_string}"},"query-input":{"@type":"PropertyValueSpecification","valueRequired":true,"valueName":"search_term_string"}}],"inLanguage":"de-CH"}]}},"_links":{"self":[{"href":"https:\/\/www.vangraaf.com\/ch\/wp-json\/wp\/v2\/pages\/3627","targetHints":{"allow":["GET"]}}],"collection":[{"href":"https:\/\/www.vangraaf.com\/ch\/wp-json\/wp\/v2\/pages"}],"about":[{"href":"https:\/\/www.vangraaf.com\/ch\/wp-json\/wp\/v2\/types\/page"}],"author":[{"embeddable":true,"href":"https:\/\/www.vangraaf.com\/ch\/wp-json\/wp\/v2\/users\/5"}],"replies":[{"embeddable":true,"href":"https:\/\/www.vangraaf.com\/ch\/wp-json\/wp\/v2\/comments?post=3627"}],"version-history":[{"count":18,"href":"https:\/\/www.vangraaf.com\/ch\/wp-json\/wp\/v2\/pages\/3627\/revisions"}],"predecessor-version":[{"id":7914,"href":"https:\/\/www.vangraaf.com\/ch\/wp-json\/wp\/v2\/pages\/3627\/revisions\/7914"}],"up":[{"embeddable":true,"href":"https:\/\/www.vangraaf.com\/ch\/wp-json\/wp\/v2\/pages\/2162"}],"wp:attachment":[{"href":"https:\/\/www.vangraaf.com\/ch\/wp-json\/wp\/v2\/media?parent=3627"}],"curies":[{"name":"wp","href":"https:\/\/api.w.org\/{rel}","templated":true}]}}