{"id":3624,"date":"2020-03-12T13:43:41","date_gmt":"2020-03-12T12:43:41","guid":{"rendered":"http:\/\/van-graaf.test\/ch\/?page_id=3624"},"modified":"2025-02-12T13:51:32","modified_gmt":"2025-02-12T12:51:32","slug":"calvin-klein","status":"publish","type":"page","link":"https:\/\/www.vangraaf.com\/ch\/marken\/calvin-klein\/","title":{"rendered":"Calvin Klein"},"content":{"rendered":"<div class=\"wpb-content-wrapper\">[vc_row full_width=&#187;stretch_row_content_no_spaces&#187;][vc_column]<div class=\"keyvisual\" data-aos=\"fade-up\" ><img loading=\"lazy\" decoding=\"async\" width=\"1440\" height=\"480\" src=\"https:\/\/www.vangraaf.com\/ch\/wp-content\/uploads\/sites\/6\/2020\/02\/Logo_CalvinKlein.jpg\" class=\"vc_single_image-img\" alt=\"\" srcset=\"https:\/\/www.vangraaf.com\/ch\/wp-content\/uploads\/sites\/6\/2020\/02\/Logo_CalvinKlein.jpg 1440w, https:\/\/www.vangraaf.com\/ch\/wp-content\/uploads\/sites\/6\/2020\/02\/Logo_CalvinKlein-300x100.jpg 300w, https:\/\/www.vangraaf.com\/ch\/wp-content\/uploads\/sites\/6\/2020\/02\/Logo_CalvinKlein-1024x341.jpg 1024w, https:\/\/www.vangraaf.com\/ch\/wp-content\/uploads\/sites\/6\/2020\/02\/Logo_CalvinKlein-768x256.jpg 768w, https:\/\/www.vangraaf.com\/ch\/wp-content\/uploads\/sites\/6\/2020\/02\/Logo_CalvinKlein-1200x400.jpg 1200w, https:\/\/www.vangraaf.com\/ch\/wp-content\/uploads\/sites\/6\/2020\/02\/Logo_CalvinKlein-992x331.jpg 992w, https:\/\/www.vangraaf.com\/ch\/wp-content\/uploads\/sites\/6\/2020\/02\/Logo_CalvinKlein-480x160.jpg 480w\" sizes=\"(max-width: 1440px) 100vw, 1440px\" \/><\/div>\n        <div class=\"headlines headlines--center\" data-aos=\"fade-up\">\n            <div class=\"vc_row\">\n                <div class=\"vc_col-md-10 vc_col-md-offset-1 vc_col-lg-10 vc_col-lg-offset-1\"><span class=\"h6\">Calvin Klein<\/span><h1 class=\"h2\">Top-Mode von Calvin Klein bei VAN GRAAF in Spreitenbach<\/h1><\/div>\n            <\/div>\n        <\/div>[vc_column_text]\r\n<p style=\"text-align: center;\">Minimalistisch, zeitlos, elegant: Der Name \u201eCalvin Klein\u201c steht f\u00fcr klassisch-sportliche Looks, die sich \u00fcber alle kurzlebigen Trendph\u00e4nomene sowie \u00fcber bestehende Gender-Konventionen erhaben zeigen. Calvin Klein war Anfang der 1990er-Jahre eines der Labels, das den<strong> ikonischen Unisex-Look<\/strong> popul\u00e4r machte. Die Werbekampagnen f\u00fcr Jeans und Unterw\u00e4sche von Calvin Klein, f\u00fcr welche Fashion-Ikonen wie Christy Turlington, Kate Moss oder Mark Wahlberg in reduzierten, \u00e4sthetischen Schwarz-Weiss-Bildern fotografiert wurden, haben heute Kultstatus. Mit Mode, die sich von \u201etypisch weiblichen\u201c und \u201etypisch m\u00e4nnlichen\u201c Attributen l\u00f6ste, hinterfragte Calvin Klein schon fr\u00fch die klassischen Geschlechterrollen. Und auch der Unisex-Duft CK One zeigt eindrucksvoll, wie man Erfolgsprodukte gem\u00e4ss anderen als Gender-Kategorien gestaltet.<\/p>\r\n<p style=\"text-align: center;\">Bis heute sind die Entw\u00fcrfe des 1968 von Markenurheber und Namensgeber Calvin Klein gelaunchten US-Labels gepr\u00e4gt von einer <strong>einzigartigen Mischung aus Reduktion, Eleganz und Modernit\u00e4t<\/strong>. Entdecken Sie Damen- und Herrenmode von Calvin Klein sowie den Sub-Labels Calvin Klein Jeans und Calvin Klein Underwear in unserem Modehaus in Spreitenbach! Hier finden Sie kombinierfreudige Basics f\u00fcr jede Gelegenheit sowie exklusive potenzielle Lieblingsst\u00fccke der US-Kultmarke, die Ihnen lange Freude bereiten werden.<\/p>\r\n[\/vc_column_text][\/vc_column][\/vc_row][vc_row bwd_tbc4vd_show_weekday=&#187;&#187; full_width=&#187;stretch_row_content_no_spaces&#187; disable_element=&#187;yes&#187;][vc_column]\n            <div class=\"vg-element topic-slider topic-slider--left topic-slider--dark\" style=\"--season-color-1: #ededed; --season-color-2: #002045\" data-aos=\"fade-up\">\n                <div class=\"topic-slider__inner\">\n                    <div class=\"content_wrap\">\n                        <div class=\"vc_row\">\n                            <div class=\"vc_col-md-12 vc_col-lg-10 vc_col-lg-offset-1\">\n                                <div class=\"vc_row\">\n                                    <div class=\"vc_col-sm-6\"><div class=\"topic-slider__image-wrap\"><div class=\"topic-slider__slider-wrap\"><div class=\"js-topic-slider\"><div class=\"topic-slider__slider__item\"><\/div><div class=\"topic-slider__slider__item\"><\/div><\/div><\/div><\/div><\/div><div class=\"vc_col-sm-6 vc_col-md-5 vc_col-md-offset-1\"><div class=\"topic-slider__content\"><span class=\"h4\">Calvin Klein macht Mode f\u00fcr Damen und Herren \u201eclean &amp; classy\u201c<\/span><p>Kaum ein anderes Label pr\u00e4gte die Modewelt in den 1980er- und 1990er-Jahren so stark wie Calvin Klein. Die Damen- und Herrenmode der Marke sind seit damals bekannt f\u00fcr \u201epures\u201c Design und sehr hochwertige Verarbeitung. <strong>Ausgesuchte Materialien und perfekte Passformen<\/strong> sind f\u00fcr die Entw\u00fcrfe der Marke ebenso bezeichnend wie enorme Kombinierfreudigkeit und zeitlose Eleganz.<\/p>\n<\/div><\/div>\n                                <\/div>\n                            <\/div>\n                        <\/div>\n                    <\/div>\n                <\/div>\n            <\/div>[\/vc_column][\/vc_row][vc_row][vc_column]\n        <div class=\"headlines headlines--center\" data-aos=\"fade-up\">\n            <div class=\"vc_row\">\n                <div class=\"vc_col-md-10 vc_col-md-offset-1 vc_col-lg-10 vc_col-lg-offset-1\"><h2 class=\"h2\">Calvin Klein macht Mode f\u00fcr Damen und Herren \u201eclean &amp; classy\u201c<\/h2><\/div>\n            <\/div>\n        <\/div>[vc_column_text]Kaum ein anderes Label pr\u00e4gte die Modewelt in den 1980er- und 1990er-Jahren so stark wie Calvin Klein. Die Damen- und Herrenmode der Marke sind seit damals bekannt f\u00fcr \u201epures\u201c Design und sehr hochwertige Verarbeitung. <strong>Ausgesuchte Materialien und perfekte Passformen<\/strong> sind f\u00fcr die Entw\u00fcrfe der Marke ebenso bezeichnend wie enorme Kombinierfreudigkeit und zeitlose Eleganz. Bei VAN GRAAF in Spreitenbach bieten wir Ihnen in unseren <a href=\"https:\/\/www.vangraaf.com\/ch\/beratung-style\/fachabteilungen\/\">Fachabteilungen<\/a> eine <strong>grosse Auswahl an Kleidung von Calvin Klein sowohl f\u00fcr Damen als auch f\u00fcr Herren:<\/strong> von der Jeans \u00fcber alltags- und businesstaugliche Basics wie Hemden, Blusen, Pullover und Shirts bis hin zu Unterw\u00e4sche, Strumpfwaren und Accessoires. Sie finden in unserem Calvin-Klein-Sortiment die sch\u00f6nsten und aktuellsten St\u00fccke.[\/vc_column_text][\/vc_column][\/vc_row][vc_row][vc_column]\n        <div class=\"headlines headlines--center\" data-aos=\"fade-up\">\n            <div class=\"vc_row\">\n                <div class=\"vc_col-md-10 vc_col-md-offset-1 vc_col-lg-10 vc_col-lg-offset-1\"><span class=\"h6\">Kollektion<\/span><h2 class=\"h2\">Exklusive Kleidung von Calvin Klein bei VAN GRAAF in Spreitenbach kaufen<\/h2><\/div>\n            <\/div>\n        <\/div>[vc_column_text]Sie m\u00f6chten die Best\u00e4tigung, dass die Calvin-Klein-Jeans, die Sie sich ausgesucht haben, wirklich gut an Ihnen sitzt oder w\u00fcrden sich \u00fcber Unterst\u00fctzung bei der Zusammenstellung eines seri\u00f6sen Business-Looks freuen? Bei allen Fragen rund um Passform, Styling und Kombinationsm\u00f6glichkeiten beraten wir Sie in unserem Modefachgesch\u00e4ft in Spreitenbach gerne pers\u00f6nlich. Im Rahmen unseres <a href=\"https:\/\/www.vangraaf.com\/ch\/haus\/spreitenbach\/personal-shopping\/\">Personal-Shopping-Services<\/a> steht Ihnen die fachliche Kompetenz unserer Verkaufsmitarbeiter sogar ganz exklusiv zur Verf\u00fcgung.\r\nVereinbaren Sie gerne einen individuellen Shopping-Termin oder durchst\u00f6bern Sie spontan und in aller Ruhe auf eigene Faust unsere 14 Fachabteilungen. Neben Calvin-Klein-Mode f\u00fcr Damen und Herren bieten wir Ihnen Kleidung vieler weiterer ausgesuchter Top-Labels. Wir freuen uns auf Ihren Besuch in unserer Modewelt im Shoppi Tivoli![\/vc_column_text][\/vc_column][\/vc_row][vc_row][vc_column]<div class=\"vg-element brand-slider brand-slider--light\" data-aos=\"fade-up\"><div class=\"brand-slider__inner\"><div class=\"brand-slider__slider js-brand-slider\"><div class=\"brand-slider__slider__item\"><a href=\"https:\/\/www.vangraaf.com\/ch\/marken\/adidas-originals\/\" title=\"adidas Originals\"><img loading=\"lazy\" decoding=\"async\" width=\"1\" height=\"1\" src=\"https:\/\/www.vangraaf.com\/ch\/wp-content\/uploads\/sites\/6\/2020\/03\/Adidas_Logo_grau_OK.svg\" class=\"attachment-full size-full\" alt=\"\" \/><\/a><\/div><div class=\"brand-slider__slider__item\"><a href=\"https:\/\/www.vangraaf.com\/ch\/marken\/tommy-hilfiger\/\" title=\"Tommy Hilfiger\"><img loading=\"lazy\" decoding=\"async\" width=\"1\" height=\"1\" src=\"https:\/\/www.vangraaf.com\/ch\/wp-content\/uploads\/sites\/6\/2020\/03\/Tommy_Hilfiger_4c_grau_OK.svg\" class=\"attachment-full size-full\" alt=\"\" \/><\/a><\/div><div class=\"brand-slider__slider__item\"><a href=\"https:\/\/www.vangraaf.com\/ch\/marken\/levis\/\" title=\"Levi&#039;s\"><img loading=\"lazy\" decoding=\"async\" width=\"1\" height=\"1\" src=\"https:\/\/www.vangraaf.com\/ch\/wp-content\/uploads\/sites\/6\/2020\/03\/Levis_Logo_grau_OK.svg\" class=\"attachment-full size-full\" alt=\"\" \/><\/a><\/div><div class=\"brand-slider__slider__item\"><a href=\"https:\/\/www.vangraaf.com\/ch\/marken\/calvin-klein\/\" title=\"Calvin Klein\"><img loading=\"lazy\" decoding=\"async\" width=\"1\" height=\"1\" src=\"https:\/\/www.vangraaf.com\/ch\/wp-content\/uploads\/sites\/6\/2020\/03\/Calvin-Klein-Logo-grau_OK.svg\" class=\"attachment-full size-full\" alt=\"\" \/><\/a><\/div><div class=\"brand-slider__slider__item\"><a href=\"https:\/\/www.vangraaf.com\/ch\/marken\/lacoste\/\" title=\"Lacoste\"><img loading=\"lazy\" decoding=\"async\" width=\"1\" height=\"1\" src=\"https:\/\/www.vangraaf.com\/ch\/wp-content\/uploads\/sites\/6\/2020\/03\/Lacoste_Logo_4c_grau_Ausnahme_OK.svg\" class=\"attachment-full size-full\" alt=\"\" \/><\/a><\/div><div class=\"brand-slider__slider__item\"><a href=\"https:\/\/www.vangraaf.com\/ch\/marken\/superdry\/\" title=\"Superdry\"><img loading=\"lazy\" decoding=\"async\" width=\"1\" height=\"1\" src=\"https:\/\/www.vangraaf.com\/ch\/wp-content\/uploads\/sites\/6\/2020\/03\/Superdry_Logo_grau_OK.svg\" class=\"attachment-full size-full\" alt=\"\" \/><\/a><\/div><div class=\"brand-slider__slider__item\"><a href=\"https:\/\/www.vangraaf.com\/ch\/marken\/fila\/\" title=\"FILA\"><img loading=\"lazy\" decoding=\"async\" width=\"1\" height=\"1\" src=\"https:\/\/www.vangraaf.com\/ch\/wp-content\/uploads\/sites\/6\/2020\/03\/Fila-Logo-grau_OK.svg\" class=\"attachment-full size-full\" alt=\"\" \/><\/a><\/div><div class=\"brand-slider__slider__item\"><a href=\"https:\/\/www.vangraaf.com\/ch\/marken\/tom-tailor\/\" title=\"TOM TAILOR\"><img loading=\"lazy\" decoding=\"async\" width=\"1\" height=\"1\" src=\"https:\/\/www.vangraaf.com\/ch\/wp-content\/uploads\/sites\/6\/2020\/03\/Tom_Tailor_Logo_grau_OK.svg\" class=\"attachment-full size-full\" alt=\"\" \/><\/a><\/div><div class=\"brand-slider__slider__item\"><a href=\"https:\/\/www.vangraaf.com\/ch\/marken\/alpha-industries\/\" title=\"Alpha Industries\"><img loading=\"lazy\" decoding=\"async\" width=\"1\" height=\"1\" src=\"https:\/\/www.vangraaf.com\/ch\/wp-content\/uploads\/sites\/6\/2020\/03\/Alpha_Industries_Logo_grau_OK.svg\" class=\"attachment-full size-full\" alt=\"\" \/><\/a><\/div><div class=\"brand-slider__slider__item\"><a href=\"https:\/\/www.vangraaf.com\/ch\/marken\/g-star\/\" title=\"G-Star RAW\"><img loading=\"lazy\" decoding=\"async\" width=\"1\" height=\"1\" src=\"https:\/\/www.vangraaf.com\/ch\/wp-content\/uploads\/sites\/6\/2020\/03\/G_Star_Logo_grau_OK.svg\" class=\"attachment-full size-full\" alt=\"\" \/><\/a><\/div><div class=\"brand-slider__slider__item\"><a href=\"https:\/\/www.vangraaf.com\/ch\/marken\/vila\/\" title=\"VILA\"><img loading=\"lazy\" decoding=\"async\" width=\"1\" height=\"1\" src=\"https:\/\/www.vangraaf.com\/ch\/wp-content\/uploads\/sites\/6\/2020\/03\/Vila_Logo_grau_OK.svg\" class=\"attachment-full size-full\" alt=\"\" \/><\/a><\/div><div class=\"brand-slider__slider__item\"><a href=\"https:\/\/www.vangraaf.com\/ch\/marken\/boss\/\" title=\"BOSS\"><img loading=\"lazy\" decoding=\"async\" width=\"1\" height=\"1\" src=\"https:\/\/www.vangraaf.com\/ch\/wp-content\/uploads\/sites\/6\/2020\/03\/Boss_Logo_grau_OK.svg\" class=\"attachment-full size-full\" alt=\"\" \/><\/a><\/div><div class=\"brand-slider__slider__item\"><a href=\"https:\/\/www.vangraaf.com\/ch\/marken\/armani-exchange\/\" title=\"Armani Exchange\"><img loading=\"lazy\" decoding=\"async\" width=\"1\" height=\"1\" src=\"https:\/\/www.vangraaf.com\/ch\/wp-content\/uploads\/sites\/6\/2020\/03\/Armani-Exchange-Logo-grau_OK.svg\" class=\"attachment-full size-full\" alt=\"\" \/><\/a><\/div><div class=\"brand-slider__slider__item\"><a href=\"https:\/\/www.vangraaf.com\/ch\/marken\/polo-ralph-lauren\/\" title=\"Polo Ralph Lauren\"><img loading=\"lazy\" decoding=\"async\" width=\"1\" height=\"1\" src=\"https:\/\/www.vangraaf.com\/ch\/wp-content\/uploads\/sites\/6\/2020\/03\/Ralph_Lauren_Logo_grau_OK.svg\" class=\"attachment-full size-full\" alt=\"\" \/><\/a><\/div><div class=\"brand-slider__slider__item\"><a href=\"https:\/\/www.vangraaf.com\/ch\/marken\/marie-lund\/\" title=\"Marie Lund\"><img loading=\"lazy\" decoding=\"async\" width=\"1\" height=\"1\" src=\"https:\/\/www.vangraaf.com\/ch\/wp-content\/uploads\/sites\/6\/2020\/03\/Marie_Lund_Logo_grau_OK.svg\" class=\"attachment-full size-full\" alt=\"\" \/><\/a><\/div><div class=\"brand-slider__slider__item\"><a href=\"https:\/\/www.vangraaf.com\/ch\/marken\/finshley-harding\/\" title=\"Finshley &amp; Harding\"><img loading=\"lazy\" decoding=\"async\" width=\"1\" height=\"1\" src=\"https:\/\/www.vangraaf.com\/ch\/wp-content\/uploads\/sites\/6\/2020\/03\/Finsley_Harding_Logo_grau_OK.svg\" class=\"attachment-full size-full\" alt=\"\" \/><\/a><\/div><\/div><\/div><\/div>[\/vc_column][\/vc_row]<\/div>","protected":false},"excerpt":{"rendered":"[vc_row full_width=&#187;stretch_row_content_no_spaces&#187;][vc_column][vc_column_text] Minimalistisch, zeitlos, elegant: Der Name \u201eCalvin Klein\u201c steht f\u00fcr klassisch-sportliche Looks, die sich \u00fcber alle kurzlebigen Trendph\u00e4nomene sowie \u00fcber bestehende Gender-Konventionen erhaben zeigen. Calvin Klein war Anfang der 1990er-Jahre eines der Labels, das den ikonischen Unisex-Look popul\u00e4r machte. Die Werbekampagnen f\u00fcr Jeans und Unterw\u00e4sche von Calvin Klein, f\u00fcr welche Fashion-Ikonen wie Christy Turlington, [&hellip;]","protected":false},"author":5,"featured_media":0,"parent":2162,"menu_order":0,"comment_status":"closed","ping_status":"closed","template":"","meta":{"_acf_changed":false,"inline_featured_image":false,"footnotes":""},"class_list":["post-3624","page","type-page","status-publish","hentry"],"acf":[],"yoast_head":"<!-- This site is optimized with the Yoast SEO plugin v27.2 - https:\/\/yoast.com\/product\/yoast-seo-wordpress\/ -->\n<title>Calvin-Klein-Mode f\u00fcr Damen &amp; Herren in Spreitenbach<\/title>\n<meta name=\"description\" content=\"Pur, zeitlos, elegant: Calvin Klein. Bei VAN GRAAF in Spreitenbach die Damen- und Herrenmode entdecken, die durch ihr minimalistisches Design \u00fcberzeugt!\" \/>\n<meta name=\"robots\" content=\"noindex, follow\" \/>\n<meta property=\"og:locale\" content=\"de_DE\" \/>\n<meta property=\"og:type\" content=\"article\" \/>\n<meta property=\"og:title\" content=\"Calvin-Klein-Mode f\u00fcr Damen &amp; Herren in Spreitenbach\" \/>\n<meta property=\"og:description\" content=\"Pur, zeitlos, elegant: Calvin Klein. Bei VAN GRAAF in Spreitenbach die Damen- und Herrenmode entdecken, die durch ihr minimalistisches Design \u00fcberzeugt!\" \/>\n<meta property=\"og:url\" content=\"https:\/\/www.vangraaf.com\/ch\/marken\/calvin-klein\/\" \/>\n<meta property=\"og:site_name\" content=\"VAN GRAAF Schweiz\" \/>\n<meta property=\"article:modified_time\" content=\"2025-02-12T12:51:32+00:00\" \/>\n<meta name=\"twitter:card\" content=\"summary_large_image\" \/>\n<meta name=\"twitter:label1\" content=\"Est. reading time\" \/>\n\t<meta name=\"twitter:data1\" content=\"4\u00a0Minuten\" \/>\n<script type=\"application\/ld+json\" class=\"yoast-schema-graph\">{\"@context\":\"https:\/\/schema.org\",\"@graph\":[{\"@type\":\"WebPage\",\"@id\":\"https:\/\/www.vangraaf.com\/ch\/marken\/calvin-klein\/\",\"url\":\"https:\/\/www.vangraaf.com\/ch\/marken\/calvin-klein\/\",\"name\":\"Calvin-Klein-Mode f\u00fcr Damen & Herren in Spreitenbach\",\"isPartOf\":{\"@id\":\"https:\/\/www.vangraaf.com\/ch\/#website\"},\"datePublished\":\"2020-03-12T12:43:41+00:00\",\"dateModified\":\"2025-02-12T12:51:32+00:00\",\"description\":\"Pur, zeitlos, elegant: Calvin Klein. Bei VAN GRAAF in Spreitenbach die Damen- und Herrenmode entdecken, die durch ihr minimalistisches Design \u00fcberzeugt!\",\"breadcrumb\":{\"@id\":\"https:\/\/www.vangraaf.com\/ch\/marken\/calvin-klein\/#breadcrumb\"},\"inLanguage\":\"de-CH\",\"potentialAction\":[{\"@type\":\"ReadAction\",\"target\":[\"https:\/\/www.vangraaf.com\/ch\/marken\/calvin-klein\/\"]}]},{\"@type\":\"BreadcrumbList\",\"@id\":\"https:\/\/www.vangraaf.com\/ch\/marken\/calvin-klein\/#breadcrumb\",\"itemListElement\":[{\"@type\":\"ListItem\",\"position\":1,\"name\":\"Home\",\"item\":\"https:\/\/www.vangraaf.com\/ch\/\"},{\"@type\":\"ListItem\",\"position\":2,\"name\":\"Marken\",\"item\":\"https:\/\/www.vangraaf.com\/ch\/marken\/\"},{\"@type\":\"ListItem\",\"position\":3,\"name\":\"Calvin Klein\"}]},{\"@type\":\"WebSite\",\"@id\":\"https:\/\/www.vangraaf.com\/ch\/#website\",\"url\":\"https:\/\/www.vangraaf.com\/ch\/\",\"name\":\"VAN GRAAF\",\"description\":\"VAN GRAAF\",\"potentialAction\":[{\"@type\":\"SearchAction\",\"target\":{\"@type\":\"EntryPoint\",\"urlTemplate\":\"https:\/\/www.vangraaf.com\/ch\/?s={search_term_string}\"},\"query-input\":{\"@type\":\"PropertyValueSpecification\",\"valueRequired\":true,\"valueName\":\"search_term_string\"}}],\"inLanguage\":\"de-CH\"}]}<\/script>\n<!-- \/ Yoast SEO plugin. -->","yoast_head_json":{"title":"Calvin-Klein-Mode f\u00fcr Damen & Herren in Spreitenbach","description":"Pur, zeitlos, elegant: Calvin Klein. Bei VAN GRAAF in Spreitenbach die Damen- und Herrenmode entdecken, die durch ihr minimalistisches Design \u00fcberzeugt!","robots":{"index":"noindex","follow":"follow"},"og_locale":"de_DE","og_type":"article","og_title":"Calvin-Klein-Mode f\u00fcr Damen & Herren in Spreitenbach","og_description":"Pur, zeitlos, elegant: Calvin Klein. Bei VAN GRAAF in Spreitenbach die Damen- und Herrenmode entdecken, die durch ihr minimalistisches Design \u00fcberzeugt!","og_url":"https:\/\/www.vangraaf.com\/ch\/marken\/calvin-klein\/","og_site_name":"VAN GRAAF Schweiz","article_modified_time":"2025-02-12T12:51:32+00:00","twitter_card":"summary_large_image","twitter_misc":{"Est. reading time":"4\u00a0Minuten"},"schema":{"@context":"https:\/\/schema.org","@graph":[{"@type":"WebPage","@id":"https:\/\/www.vangraaf.com\/ch\/marken\/calvin-klein\/","url":"https:\/\/www.vangraaf.com\/ch\/marken\/calvin-klein\/","name":"Calvin-Klein-Mode f\u00fcr Damen & Herren in Spreitenbach","isPartOf":{"@id":"https:\/\/www.vangraaf.com\/ch\/#website"},"datePublished":"2020-03-12T12:43:41+00:00","dateModified":"2025-02-12T12:51:32+00:00","description":"Pur, zeitlos, elegant: Calvin Klein. Bei VAN GRAAF in Spreitenbach die Damen- und Herrenmode entdecken, die durch ihr minimalistisches Design \u00fcberzeugt!","breadcrumb":{"@id":"https:\/\/www.vangraaf.com\/ch\/marken\/calvin-klein\/#breadcrumb"},"inLanguage":"de-CH","potentialAction":[{"@type":"ReadAction","target":["https:\/\/www.vangraaf.com\/ch\/marken\/calvin-klein\/"]}]},{"@type":"BreadcrumbList","@id":"https:\/\/www.vangraaf.com\/ch\/marken\/calvin-klein\/#breadcrumb","itemListElement":[{"@type":"ListItem","position":1,"name":"Home","item":"https:\/\/www.vangraaf.com\/ch\/"},{"@type":"ListItem","position":2,"name":"Marken","item":"https:\/\/www.vangraaf.com\/ch\/marken\/"},{"@type":"ListItem","position":3,"name":"Calvin Klein"}]},{"@type":"WebSite","@id":"https:\/\/www.vangraaf.com\/ch\/#website","url":"https:\/\/www.vangraaf.com\/ch\/","name":"VAN GRAAF","description":"VAN GRAAF","potentialAction":[{"@type":"SearchAction","target":{"@type":"EntryPoint","urlTemplate":"https:\/\/www.vangraaf.com\/ch\/?s={search_term_string}"},"query-input":{"@type":"PropertyValueSpecification","valueRequired":true,"valueName":"search_term_string"}}],"inLanguage":"de-CH"}]}},"_links":{"self":[{"href":"https:\/\/www.vangraaf.com\/ch\/wp-json\/wp\/v2\/pages\/3624","targetHints":{"allow":["GET"]}}],"collection":[{"href":"https:\/\/www.vangraaf.com\/ch\/wp-json\/wp\/v2\/pages"}],"about":[{"href":"https:\/\/www.vangraaf.com\/ch\/wp-json\/wp\/v2\/types\/page"}],"author":[{"embeddable":true,"href":"https:\/\/www.vangraaf.com\/ch\/wp-json\/wp\/v2\/users\/5"}],"replies":[{"embeddable":true,"href":"https:\/\/www.vangraaf.com\/ch\/wp-json\/wp\/v2\/comments?post=3624"}],"version-history":[{"count":26,"href":"https:\/\/www.vangraaf.com\/ch\/wp-json\/wp\/v2\/pages\/3624\/revisions"}],"predecessor-version":[{"id":7913,"href":"https:\/\/www.vangraaf.com\/ch\/wp-json\/wp\/v2\/pages\/3624\/revisions\/7913"}],"up":[{"embeddable":true,"href":"https:\/\/www.vangraaf.com\/ch\/wp-json\/wp\/v2\/pages\/2162"}],"wp:attachment":[{"href":"https:\/\/www.vangraaf.com\/ch\/wp-json\/wp\/v2\/media?parent=3624"}],"curies":[{"name":"wp","href":"https:\/\/api.w.org\/{rel}","templated":true}]}}