{"id":3621,"date":"2020-03-12T13:41:36","date_gmt":"2020-03-12T12:41:36","guid":{"rendered":"http:\/\/van-graaf.test\/ch\/?page_id=3621"},"modified":"2025-02-12T13:52:24","modified_gmt":"2025-02-12T12:52:24","slug":"levis","status":"publish","type":"page","link":"https:\/\/www.vangraaf.com\/ch\/marken\/levis\/","title":{"rendered":"Levi&#8217;s"},"content":{"rendered":"<div class=\"wpb-content-wrapper\">[vc_row full_width=&#187;stretch_row_content_no_spaces&#187;][vc_column]<div class=\"keyvisual\" data-aos=\"fade-up\" ><img loading=\"lazy\" decoding=\"async\" width=\"1440\" height=\"480\" src=\"https:\/\/www.vangraaf.com\/ch\/wp-content\/uploads\/sites\/6\/2020\/02\/Logo_Levis.jpg\" class=\"vc_single_image-img\" alt=\"\" srcset=\"https:\/\/www.vangraaf.com\/ch\/wp-content\/uploads\/sites\/6\/2020\/02\/Logo_Levis.jpg 1440w, https:\/\/www.vangraaf.com\/ch\/wp-content\/uploads\/sites\/6\/2020\/02\/Logo_Levis-300x100.jpg 300w, https:\/\/www.vangraaf.com\/ch\/wp-content\/uploads\/sites\/6\/2020\/02\/Logo_Levis-1024x341.jpg 1024w, https:\/\/www.vangraaf.com\/ch\/wp-content\/uploads\/sites\/6\/2020\/02\/Logo_Levis-768x256.jpg 768w, https:\/\/www.vangraaf.com\/ch\/wp-content\/uploads\/sites\/6\/2020\/02\/Logo_Levis-1200x400.jpg 1200w, https:\/\/www.vangraaf.com\/ch\/wp-content\/uploads\/sites\/6\/2020\/02\/Logo_Levis-992x331.jpg 992w, https:\/\/www.vangraaf.com\/ch\/wp-content\/uploads\/sites\/6\/2020\/02\/Logo_Levis-480x160.jpg 480w\" sizes=\"(max-width: 1440px) 100vw, 1440px\" \/><\/div>\n        <div class=\"headlines headlines--center\" data-aos=\"fade-up\">\n            <div class=\"vc_row\">\n                <div class=\"vc_col-md-10 vc_col-md-offset-1 vc_col-lg-10 vc_col-lg-offset-1\"><span class=\"h6\">Levi's<\/span><h1 class=\"h2\">Die tollsten Jeans-Looks von Levi\u2018s bei VAN GRAAF in Spreitenbach<\/h1><\/div>\n            <\/div>\n        <\/div>[vc_column_text]\r\n<p style=\"text-align: center;\">Nur wenige Modemarken k\u00f6nnen auf eine derart traditionsreiche Geschichte zur\u00fcckblicken wie das Denim-Label Levi\u2018s. Die Anf\u00e4nge der US-Kultmarke liegen mehr als 150 Jahre zur\u00fcck. Vom einstigen Pionier f\u00fcr robuste Arbeitsbekleidung hat sich das Label zu einer der <strong>bekanntesten und vielseitigsten Marken f\u00fcr Denim-Mode <\/strong>entwickelt. L\u00e4ngst sind nicht mehr nur Jeans Teil des Markensortiments \u2013 in der VAN GRAAF Modewelt in Spreitenbach pr\u00e4sentieren wir Ihnen eine Vielzahl an aktuellen Levi\u2018s-Styles f\u00fcr Damen, Herren und Kinder, die Ihre Casual-Garderobe mit der markentypischen Verbindung aus <strong>hochwertiger Verarbeitung und l\u00e4ssigem Design<\/strong> erg\u00e4nzen werden. Besuchen Sie uns in unserem Haus in Spreitenbach und entdecken Sie neben aktuellen Jeans-Entw\u00fcrfen von Levi\u2018s und vielen anderen Marken in unseren 14 Fachabteilungen Mode f\u00fcr jeden Geschmack und jeden Anlass!<\/p>\r\n[\/vc_column_text][\/vc_column][\/vc_row][vc_row][vc_column]\n        <div class=\"headlines headlines--center\" data-aos=\"fade-up\">\n            <div class=\"vc_row\">\n                <div class=\"vc_col-md-10 vc_col-md-offset-1 vc_col-lg-10 vc_col-lg-offset-1\"><h2 class=\"h2\">Wie das Jeans-Label Levi\u2018s zu einer Kult-Marke wurde<\/h2><\/div>\n            <\/div>\n        <\/div>[vc_column_text]Die Erfolgsgeschichte von Levi\u2018s Jeans geht zur\u00fcck auf den <strong>Label-Gr\u00fcnder Levi Strauss<\/strong>. Aus dem oberfr\u00e4nkischen Buttenheim bei Bamberg zog es den Markenvater in der Hochphase des Goldrauschs nach Amerika. 1853 gr\u00fcndete Strauss in San Francisco einen Textilwarenhandel und vertrieb Arbeitskleidung, Schuhe und andere Waren an Einzelh\u00e4ndler im Westen Nordamerikas. Zusammen mit Jacob Davis, einem aus Riga stammenden Schneider, meldete Strauss 1873 ein Patent auf ein Verfahren an, bei dem die Taschen von Arbeitshosen durch Nieten von Pferdegeschirren verst\u00e4rkt wurden. Dieses Prinzip machte die Hosen deutlich robuster und widerstandsf\u00e4higer als bisherige Arbeitskleidung.\r\n\r\nBis heute sind die Nieten typisch, nicht nur f\u00fcr Levi\u2018s Jeans, sondern auch f\u00fcr die Denim-Hosen der vielen anderen Marken, die bis heute den Jeans-Style hochhalten. Dabei haben sich Passformen und Designs im Laufe der Jahrzehnte nat\u00fcrlich immer wieder an aktuelle Bed\u00fcrfnisse und Geschmacksvorstellungen angepasst. Bei VAN GRAAF in Spreitenbach bieten wir Ihnen eine grosse Vielfalt von Levi\u2019s-Fashion. In unseren Abteilungen f\u00fcr Damen-, Herren- und Kindermode finden Sie viele Kleidungsst\u00fccke der jeweils aktuellsten Levi\u2019s-Kollektionen und selbstverst\u00e4ndlich die zeitlosen Klassiker. Jeans sind dabei nach wie vor Kernbestandteil des Markensortiments, doch auch <strong>Jeansjacken, Oberteile oder Accessoires<\/strong> geh\u00f6ren mittlerweile fest zum Levi\u2019s-Fashion-Spektrum. Entdecken Sie neue Levi\u2018s-Lieblingslooks und lassen Sie sich von vielen weiteren <a href=\"https:\/\/www.vangraaf.com\/ch\/marken\/\">Top-Marken<\/a> inspirieren \u2013 in den 14 <a href=\"https:\/\/www.vangraaf.com\/ch\/beratung-style\/fachabteilungen\/\">Fachabteilungen<\/a> unserer Modewelt auf zwei Etagen! Wir begr\u00fcssen Sie von Montag bis Samstag zwischen 9:00 und 20:00 Uhr in unserem Haus im Shoppi Tivoli im Zentrum von Spreitenbach.[\/vc_column_text][\/vc_column][\/vc_row][vc_row][vc_column]\n        <div class=\"headlines headlines--center\" data-aos=\"fade-up\">\n            <div class=\"vc_row\">\n                <div class=\"vc_col-md-10 vc_col-md-offset-1 vc_col-lg-10 vc_col-lg-offset-1\"><h2 class=\"h2\">Ausgew\u00e4hlte Jeans-Mode und Top-Service bei VAN GRAAF in Spreitenbach<\/h2><\/div>\n            <\/div>\n        <\/div>[vc_column_text]Sie sind unsicher, welche Levi\u2018s Jeans Ihnen am besten stehen k\u00f6nnte oder worauf es beim Jeans-Kauf zu achten gilt? Gerne stehen Ihnen unsere Mitarbeiter mit fachkundigem Rat bei der Auswahl der Modest\u00fccke f\u00fcr grossartige Looks zur Seite. Vereinbaren Sie auf Wunsch auch einen Termin zum <a href=\"https:\/\/www.vangraaf.com\/ch\/spreitenbach\/personal-shopping\/\">Personal Shopping<\/a>, wo Sie eine ganz besonders individuelle Beratung erhalten. Zu den besonderen <a href=\"https:\/\/www.vangraaf.com\/ch\/spreitenbach\/service\/\">Leistungen<\/a>, die wir Ihnen anbieten, geh\u00f6rt zudem ein \u00c4nderungsservice. Sollte Ihre Lieblings-Jeans also am Bund zwar wie angegossen sitzen, daf\u00fcr aber zu lang sein, k\u00fcrzen wir sie gerne f\u00fcr Sie ein.[\/vc_column_text][\/vc_column][\/vc_row][vc_row][vc_column]<div class=\"vg-element brand-slider brand-slider--light\" data-aos=\"fade-up\"><div class=\"brand-slider__inner\"><div class=\"brand-slider__slider js-brand-slider\"><div class=\"brand-slider__slider__item\"><a href=\"https:\/\/www.vangraaf.com\/ch\/marken\/adidas-originals\/\" title=\"adidas Originals\"><img loading=\"lazy\" decoding=\"async\" width=\"1\" height=\"1\" src=\"https:\/\/www.vangraaf.com\/ch\/wp-content\/uploads\/sites\/6\/2020\/03\/Adidas_Logo_grau_OK.svg\" class=\"attachment-full size-full\" alt=\"\" \/><\/a><\/div><div class=\"brand-slider__slider__item\"><a href=\"https:\/\/www.vangraaf.com\/ch\/marken\/tommy-hilfiger\/\" title=\"Tommy Hilfiger\"><img loading=\"lazy\" decoding=\"async\" width=\"1\" height=\"1\" src=\"https:\/\/www.vangraaf.com\/ch\/wp-content\/uploads\/sites\/6\/2020\/03\/Tommy_Hilfiger_4c_grau_OK.svg\" class=\"attachment-full size-full\" alt=\"\" \/><\/a><\/div><div class=\"brand-slider__slider__item\"><a href=\"https:\/\/www.vangraaf.com\/ch\/marken\/levis\/\" title=\"Levi&#039;s\"><img loading=\"lazy\" decoding=\"async\" width=\"1\" height=\"1\" src=\"https:\/\/www.vangraaf.com\/ch\/wp-content\/uploads\/sites\/6\/2020\/03\/Levis_Logo_grau_OK.svg\" class=\"attachment-full size-full\" alt=\"\" \/><\/a><\/div><div class=\"brand-slider__slider__item\"><a href=\"https:\/\/www.vangraaf.com\/ch\/marken\/calvin-klein\/\" title=\"Calvin Klein\"><img loading=\"lazy\" decoding=\"async\" width=\"1\" height=\"1\" src=\"https:\/\/www.vangraaf.com\/ch\/wp-content\/uploads\/sites\/6\/2020\/03\/Calvin-Klein-Logo-grau_OK.svg\" class=\"attachment-full size-full\" alt=\"\" \/><\/a><\/div><div class=\"brand-slider__slider__item\"><a href=\"https:\/\/www.vangraaf.com\/ch\/marken\/lacoste\/\" title=\"Lacoste\"><img loading=\"lazy\" decoding=\"async\" width=\"1\" height=\"1\" src=\"https:\/\/www.vangraaf.com\/ch\/wp-content\/uploads\/sites\/6\/2020\/03\/Lacoste_Logo_4c_grau_Ausnahme_OK.svg\" class=\"attachment-full size-full\" alt=\"\" \/><\/a><\/div><div class=\"brand-slider__slider__item\"><a href=\"https:\/\/www.vangraaf.com\/ch\/marken\/superdry\/\" title=\"Superdry\"><img loading=\"lazy\" decoding=\"async\" width=\"1\" height=\"1\" src=\"https:\/\/www.vangraaf.com\/ch\/wp-content\/uploads\/sites\/6\/2020\/03\/Superdry_Logo_grau_OK.svg\" class=\"attachment-full size-full\" alt=\"\" \/><\/a><\/div><div class=\"brand-slider__slider__item\"><a href=\"https:\/\/www.vangraaf.com\/ch\/marken\/fila\/\" title=\"FILA\"><img loading=\"lazy\" decoding=\"async\" width=\"1\" height=\"1\" src=\"https:\/\/www.vangraaf.com\/ch\/wp-content\/uploads\/sites\/6\/2020\/03\/Fila-Logo-grau_OK.svg\" class=\"attachment-full size-full\" alt=\"\" \/><\/a><\/div><div class=\"brand-slider__slider__item\"><a href=\"https:\/\/www.vangraaf.com\/ch\/marken\/tom-tailor\/\" title=\"TOM TAILOR\"><img loading=\"lazy\" decoding=\"async\" width=\"1\" height=\"1\" src=\"https:\/\/www.vangraaf.com\/ch\/wp-content\/uploads\/sites\/6\/2020\/03\/Tom_Tailor_Logo_grau_OK.svg\" class=\"attachment-full size-full\" alt=\"\" \/><\/a><\/div><div class=\"brand-slider__slider__item\"><a href=\"https:\/\/www.vangraaf.com\/ch\/marken\/alpha-industries\/\" title=\"Alpha Industries\"><img loading=\"lazy\" decoding=\"async\" width=\"1\" height=\"1\" src=\"https:\/\/www.vangraaf.com\/ch\/wp-content\/uploads\/sites\/6\/2020\/03\/Alpha_Industries_Logo_grau_OK.svg\" class=\"attachment-full size-full\" alt=\"\" \/><\/a><\/div><div class=\"brand-slider__slider__item\"><a href=\"https:\/\/www.vangraaf.com\/ch\/marken\/g-star\/\" title=\"G-Star RAW\"><img loading=\"lazy\" decoding=\"async\" width=\"1\" height=\"1\" src=\"https:\/\/www.vangraaf.com\/ch\/wp-content\/uploads\/sites\/6\/2020\/03\/G_Star_Logo_grau_OK.svg\" class=\"attachment-full size-full\" alt=\"\" \/><\/a><\/div><div class=\"brand-slider__slider__item\"><a href=\"https:\/\/www.vangraaf.com\/ch\/marken\/vila\/\" title=\"VILA\"><img loading=\"lazy\" decoding=\"async\" width=\"1\" height=\"1\" src=\"https:\/\/www.vangraaf.com\/ch\/wp-content\/uploads\/sites\/6\/2020\/03\/Vila_Logo_grau_OK.svg\" class=\"attachment-full size-full\" alt=\"\" \/><\/a><\/div><div class=\"brand-slider__slider__item\"><a href=\"https:\/\/www.vangraaf.com\/ch\/marken\/boss\/\" title=\"BOSS\"><img loading=\"lazy\" decoding=\"async\" width=\"1\" height=\"1\" src=\"https:\/\/www.vangraaf.com\/ch\/wp-content\/uploads\/sites\/6\/2020\/03\/Boss_Logo_grau_OK.svg\" class=\"attachment-full size-full\" alt=\"\" \/><\/a><\/div><div class=\"brand-slider__slider__item\"><a href=\"https:\/\/www.vangraaf.com\/ch\/marken\/armani-exchange\/\" title=\"Armani Exchange\"><img loading=\"lazy\" decoding=\"async\" width=\"1\" height=\"1\" src=\"https:\/\/www.vangraaf.com\/ch\/wp-content\/uploads\/sites\/6\/2020\/03\/Armani-Exchange-Logo-grau_OK.svg\" class=\"attachment-full size-full\" alt=\"\" \/><\/a><\/div><div class=\"brand-slider__slider__item\"><a href=\"https:\/\/www.vangraaf.com\/ch\/marken\/polo-ralph-lauren\/\" title=\"Polo Ralph Lauren\"><img loading=\"lazy\" decoding=\"async\" width=\"1\" height=\"1\" src=\"https:\/\/www.vangraaf.com\/ch\/wp-content\/uploads\/sites\/6\/2020\/03\/Ralph_Lauren_Logo_grau_OK.svg\" class=\"attachment-full size-full\" alt=\"\" \/><\/a><\/div><div class=\"brand-slider__slider__item\"><a href=\"https:\/\/www.vangraaf.com\/ch\/marken\/marie-lund\/\" title=\"Marie Lund\"><img loading=\"lazy\" decoding=\"async\" width=\"1\" height=\"1\" src=\"https:\/\/www.vangraaf.com\/ch\/wp-content\/uploads\/sites\/6\/2020\/03\/Marie_Lund_Logo_grau_OK.svg\" class=\"attachment-full size-full\" alt=\"\" \/><\/a><\/div><div class=\"brand-slider__slider__item\"><a href=\"https:\/\/www.vangraaf.com\/ch\/marken\/finshley-harding\/\" title=\"Finshley &amp; Harding\"><img loading=\"lazy\" decoding=\"async\" width=\"1\" height=\"1\" src=\"https:\/\/www.vangraaf.com\/ch\/wp-content\/uploads\/sites\/6\/2020\/03\/Finsley_Harding_Logo_grau_OK.svg\" class=\"attachment-full size-full\" alt=\"\" \/><\/a><\/div><\/div><\/div><\/div>[\/vc_column][\/vc_row]<\/div>","protected":false},"excerpt":{"rendered":"[vc_row full_width=&#187;stretch_row_content_no_spaces&#187;][vc_column][vc_column_text] Nur wenige Modemarken k\u00f6nnen auf eine derart traditionsreiche Geschichte zur\u00fcckblicken wie das Denim-Label Levi\u2018s. Die Anf\u00e4nge der US-Kultmarke liegen mehr als 150 Jahre zur\u00fcck. Vom einstigen Pionier f\u00fcr robuste Arbeitsbekleidung hat sich das Label zu einer der bekanntesten und vielseitigsten Marken f\u00fcr Denim-Mode entwickelt. L\u00e4ngst sind nicht mehr nur Jeans Teil des Markensortiments [&hellip;]","protected":false},"author":5,"featured_media":0,"parent":2162,"menu_order":0,"comment_status":"closed","ping_status":"closed","template":"","meta":{"_acf_changed":false,"inline_featured_image":false,"footnotes":""},"class_list":["post-3621","page","type-page","status-publish","hentry"],"acf":[],"yoast_head":"<!-- This site is optimized with the Yoast SEO plugin v27.2 - https:\/\/yoast.com\/product\/yoast-seo-wordpress\/ -->\n<title>Levi\u2018s f\u00fcr Damen, Herren und Kids in Spreitenbach<\/title>\n<meta name=\"description\" content=\"Aktuelle Levi\u2019s Jeans und Casual-Looks f\u00fcr Damen, Herren und Kinder: Jetzt Levi\u2019s-Denim-Styles bei VAN GRAAF in Spreitenbach entdecken!\" \/>\n<meta name=\"robots\" content=\"noindex, follow\" \/>\n<meta property=\"og:locale\" content=\"de_DE\" \/>\n<meta property=\"og:type\" content=\"article\" \/>\n<meta property=\"og:title\" content=\"Levi\u2018s f\u00fcr Damen, Herren und Kids in Spreitenbach\" \/>\n<meta property=\"og:description\" content=\"Aktuelle Levi\u2019s Jeans und Casual-Looks f\u00fcr Damen, Herren und Kinder: Jetzt Levi\u2019s-Denim-Styles bei VAN GRAAF in Spreitenbach entdecken!\" \/>\n<meta property=\"og:url\" content=\"https:\/\/www.vangraaf.com\/ch\/marken\/levis\/\" \/>\n<meta property=\"og:site_name\" content=\"VAN GRAAF Schweiz\" \/>\n<meta property=\"article:modified_time\" content=\"2025-02-12T12:52:24+00:00\" \/>\n<meta name=\"twitter:card\" content=\"summary_large_image\" \/>\n<meta name=\"twitter:label1\" content=\"Est. reading time\" \/>\n\t<meta name=\"twitter:data1\" content=\"3\u00a0Minuten\" \/>\n<script type=\"application\/ld+json\" class=\"yoast-schema-graph\">{\"@context\":\"https:\/\/schema.org\",\"@graph\":[{\"@type\":\"WebPage\",\"@id\":\"https:\/\/www.vangraaf.com\/ch\/marken\/levis\/\",\"url\":\"https:\/\/www.vangraaf.com\/ch\/marken\/levis\/\",\"name\":\"Levi\u2018s f\u00fcr Damen, Herren und Kids in Spreitenbach\",\"isPartOf\":{\"@id\":\"https:\/\/www.vangraaf.com\/ch\/#website\"},\"datePublished\":\"2020-03-12T12:41:36+00:00\",\"dateModified\":\"2025-02-12T12:52:24+00:00\",\"description\":\"Aktuelle Levi\u2019s Jeans und Casual-Looks f\u00fcr Damen, Herren und Kinder: Jetzt Levi\u2019s-Denim-Styles bei VAN GRAAF in Spreitenbach entdecken!\",\"breadcrumb\":{\"@id\":\"https:\/\/www.vangraaf.com\/ch\/marken\/levis\/#breadcrumb\"},\"inLanguage\":\"de-CH\",\"potentialAction\":[{\"@type\":\"ReadAction\",\"target\":[\"https:\/\/www.vangraaf.com\/ch\/marken\/levis\/\"]}]},{\"@type\":\"BreadcrumbList\",\"@id\":\"https:\/\/www.vangraaf.com\/ch\/marken\/levis\/#breadcrumb\",\"itemListElement\":[{\"@type\":\"ListItem\",\"position\":1,\"name\":\"Home\",\"item\":\"https:\/\/www.vangraaf.com\/ch\/\"},{\"@type\":\"ListItem\",\"position\":2,\"name\":\"Marken\",\"item\":\"https:\/\/www.vangraaf.com\/ch\/marken\/\"},{\"@type\":\"ListItem\",\"position\":3,\"name\":\"Levi&#8217;s\"}]},{\"@type\":\"WebSite\",\"@id\":\"https:\/\/www.vangraaf.com\/ch\/#website\",\"url\":\"https:\/\/www.vangraaf.com\/ch\/\",\"name\":\"VAN GRAAF\",\"description\":\"VAN GRAAF\",\"potentialAction\":[{\"@type\":\"SearchAction\",\"target\":{\"@type\":\"EntryPoint\",\"urlTemplate\":\"https:\/\/www.vangraaf.com\/ch\/?s={search_term_string}\"},\"query-input\":{\"@type\":\"PropertyValueSpecification\",\"valueRequired\":true,\"valueName\":\"search_term_string\"}}],\"inLanguage\":\"de-CH\"}]}<\/script>\n<!-- \/ Yoast SEO plugin. -->","yoast_head_json":{"title":"Levi\u2018s f\u00fcr Damen, Herren und Kids in Spreitenbach","description":"Aktuelle Levi\u2019s Jeans und Casual-Looks f\u00fcr Damen, Herren und Kinder: Jetzt Levi\u2019s-Denim-Styles bei VAN GRAAF in Spreitenbach entdecken!","robots":{"index":"noindex","follow":"follow"},"og_locale":"de_DE","og_type":"article","og_title":"Levi\u2018s f\u00fcr Damen, Herren und Kids in Spreitenbach","og_description":"Aktuelle Levi\u2019s Jeans und Casual-Looks f\u00fcr Damen, Herren und Kinder: Jetzt Levi\u2019s-Denim-Styles bei VAN GRAAF in Spreitenbach entdecken!","og_url":"https:\/\/www.vangraaf.com\/ch\/marken\/levis\/","og_site_name":"VAN GRAAF Schweiz","article_modified_time":"2025-02-12T12:52:24+00:00","twitter_card":"summary_large_image","twitter_misc":{"Est. reading time":"3\u00a0Minuten"},"schema":{"@context":"https:\/\/schema.org","@graph":[{"@type":"WebPage","@id":"https:\/\/www.vangraaf.com\/ch\/marken\/levis\/","url":"https:\/\/www.vangraaf.com\/ch\/marken\/levis\/","name":"Levi\u2018s f\u00fcr Damen, Herren und Kids in Spreitenbach","isPartOf":{"@id":"https:\/\/www.vangraaf.com\/ch\/#website"},"datePublished":"2020-03-12T12:41:36+00:00","dateModified":"2025-02-12T12:52:24+00:00","description":"Aktuelle Levi\u2019s Jeans und Casual-Looks f\u00fcr Damen, Herren und Kinder: Jetzt Levi\u2019s-Denim-Styles bei VAN GRAAF in Spreitenbach entdecken!","breadcrumb":{"@id":"https:\/\/www.vangraaf.com\/ch\/marken\/levis\/#breadcrumb"},"inLanguage":"de-CH","potentialAction":[{"@type":"ReadAction","target":["https:\/\/www.vangraaf.com\/ch\/marken\/levis\/"]}]},{"@type":"BreadcrumbList","@id":"https:\/\/www.vangraaf.com\/ch\/marken\/levis\/#breadcrumb","itemListElement":[{"@type":"ListItem","position":1,"name":"Home","item":"https:\/\/www.vangraaf.com\/ch\/"},{"@type":"ListItem","position":2,"name":"Marken","item":"https:\/\/www.vangraaf.com\/ch\/marken\/"},{"@type":"ListItem","position":3,"name":"Levi&#8217;s"}]},{"@type":"WebSite","@id":"https:\/\/www.vangraaf.com\/ch\/#website","url":"https:\/\/www.vangraaf.com\/ch\/","name":"VAN GRAAF","description":"VAN GRAAF","potentialAction":[{"@type":"SearchAction","target":{"@type":"EntryPoint","urlTemplate":"https:\/\/www.vangraaf.com\/ch\/?s={search_term_string}"},"query-input":{"@type":"PropertyValueSpecification","valueRequired":true,"valueName":"search_term_string"}}],"inLanguage":"de-CH"}]}},"_links":{"self":[{"href":"https:\/\/www.vangraaf.com\/ch\/wp-json\/wp\/v2\/pages\/3621","targetHints":{"allow":["GET"]}}],"collection":[{"href":"https:\/\/www.vangraaf.com\/ch\/wp-json\/wp\/v2\/pages"}],"about":[{"href":"https:\/\/www.vangraaf.com\/ch\/wp-json\/wp\/v2\/types\/page"}],"author":[{"embeddable":true,"href":"https:\/\/www.vangraaf.com\/ch\/wp-json\/wp\/v2\/users\/5"}],"replies":[{"embeddable":true,"href":"https:\/\/www.vangraaf.com\/ch\/wp-json\/wp\/v2\/comments?post=3621"}],"version-history":[{"count":17,"href":"https:\/\/www.vangraaf.com\/ch\/wp-json\/wp\/v2\/pages\/3621\/revisions"}],"predecessor-version":[{"id":7918,"href":"https:\/\/www.vangraaf.com\/ch\/wp-json\/wp\/v2\/pages\/3621\/revisions\/7918"}],"up":[{"embeddable":true,"href":"https:\/\/www.vangraaf.com\/ch\/wp-json\/wp\/v2\/pages\/2162"}],"wp:attachment":[{"href":"https:\/\/www.vangraaf.com\/ch\/wp-json\/wp\/v2\/media?parent=3621"}],"curies":[{"name":"wp","href":"https:\/\/api.w.org\/{rel}","templated":true}]}}