{"id":3618,"date":"2020-03-12T13:40:01","date_gmt":"2020-03-12T12:40:01","guid":{"rendered":"http:\/\/van-graaf.test\/ch\/?page_id=3618"},"modified":"2025-02-12T13:53:36","modified_gmt":"2025-02-12T12:53:36","slug":"tommy-hilfiger","status":"publish","type":"page","link":"https:\/\/www.vangraaf.com\/ch\/marken\/tommy-hilfiger\/","title":{"rendered":"Tommy Hilfiger"},"content":{"rendered":"<div class=\"wpb-content-wrapper\">[vc_row full_width=&#187;stretch_row_content_no_spaces&#187;][vc_column]<div class=\"keyvisual\" data-aos=\"fade-up\" ><img loading=\"lazy\" decoding=\"async\" width=\"1440\" height=\"480\" src=\"https:\/\/www.vangraaf.com\/ch\/wp-content\/uploads\/sites\/6\/2020\/02\/Logo_TommyHilfiger.jpg\" class=\"vc_single_image-img\" alt=\"\" srcset=\"https:\/\/www.vangraaf.com\/ch\/wp-content\/uploads\/sites\/6\/2020\/02\/Logo_TommyHilfiger.jpg 1440w, https:\/\/www.vangraaf.com\/ch\/wp-content\/uploads\/sites\/6\/2020\/02\/Logo_TommyHilfiger-300x100.jpg 300w, https:\/\/www.vangraaf.com\/ch\/wp-content\/uploads\/sites\/6\/2020\/02\/Logo_TommyHilfiger-1024x341.jpg 1024w, https:\/\/www.vangraaf.com\/ch\/wp-content\/uploads\/sites\/6\/2020\/02\/Logo_TommyHilfiger-768x256.jpg 768w, https:\/\/www.vangraaf.com\/ch\/wp-content\/uploads\/sites\/6\/2020\/02\/Logo_TommyHilfiger-1200x400.jpg 1200w, https:\/\/www.vangraaf.com\/ch\/wp-content\/uploads\/sites\/6\/2020\/02\/Logo_TommyHilfiger-992x331.jpg 992w, https:\/\/www.vangraaf.com\/ch\/wp-content\/uploads\/sites\/6\/2020\/02\/Logo_TommyHilfiger-480x160.jpg 480w\" sizes=\"(max-width: 1440px) 100vw, 1440px\" \/><\/div>\n        <div class=\"headlines headlines--center\" data-aos=\"fade-up\">\n            <div class=\"vc_row\">\n                <div class=\"vc_col-md-10 vc_col-md-offset-1 vc_col-lg-10 vc_col-lg-offset-1\"><span class=\"h6\">Tommy Hilfiger<\/span><h1 class=\"h2\">Tommy-Hilfiger-Mode bei VAN GRAAF in Spreitenbach shoppen<\/h1><\/div>\n            <\/div>\n        <\/div>[vc_column_text]\r\n<p style=\"text-align: center;\">Wie kaum ein anderes Label steht Tommy Hilfiger f\u00fcr einen sportlich-eleganten Look, der klassische Elemente des US-College-Stils mit zeitlosen Schnitten und angesagten Trend-Akzenten vereint. Kombinierfreudige Basics f\u00fcr Damen, Herren und Kinder bilden den Kern des Tommy-Hilfiger-Markenportfolios. In der Kombination mit Hingucker-Teilen ergeben sich Looks, die sich auf unangestrengte Weise zwischen \u201ecasual\u201c und \u201eelegant\u201c bewegen und so zu einer Vielzahl unterschiedlicher Trageanl\u00e4sse passen.\r\nTommy-Hilfiger-Mode begeistert mit <strong>geschmackvollem Understatement und zeitlos-geradlinigem Design<\/strong>. Entdecken Sie die vielseitigen Outfits von Tommy Hilfiger in unserer VAN GRAAF Modewelt in Spreitenbach und lassen Sie sich von der typischen, legeren Eleganz der amerikanischen Ostk\u00fcste inspirieren!<\/p>\r\n[\/vc_column_text][\/vc_column][\/vc_row][vc_row][vc_column]\n        <div class=\"headlines headlines--center\" data-aos=\"fade-up\">\n            <div class=\"vc_row\">\n                <div class=\"vc_col-md-10 vc_col-md-offset-1 vc_col-lg-10 vc_col-lg-offset-1\"><h2 class=\"h2\">Tommy Hilfiger: sportliche College-Elemente mit l\u00e4ssiger Eleganz<\/h2><\/div>\n            <\/div>\n        <\/div>[vc_column_text]Dass Casual Fashion durchaus elegant sein kann, beweisen die Kollektionen von Tommy Hilfiger immer wieder aufs Neue. Das Premium-Label aus den USA, das im New York der 1980er-Jahre von Tommy Hilfiger ins Leben gerufen wurde, <strong>vereint<\/strong> <strong>zeitlose Eleganz mit sportlicher L\u00e4ssigkeit<\/strong>. Bew\u00e4hrtes trifft auf Unkonventionelles \u2013 damit kreiert Tommy Hilfiger einen einzigartigen Stil-Mix, der typisch f\u00fcr das 1895 gegr\u00fcndete Label ist. Kombinierfreudige Basics f\u00fcr jeden Tag sind ebenso Bestandteil der Kollektionen wie aussergew\u00f6hnlich elegante Outfits f\u00fcr besondere Anl\u00e4sse.\r\n\r\nAllen Kleidungsst\u00fccken von Tommy Hilfiger gemein ist ihr hoher Wiedererkennungswert. H\u00e4ufig kommen die Teile in Weiss, Blau und Rot. Diese Farben verspr\u00fchen ein maritimes Flair, finden sich in der US-amerikanischen Flagge wieder und machen vielleicht gerade deshalb das Markenlogo des amerikanischen Unternehmens aus. Von Shirts \u00fcber Sweater und Pullover bis hin zu Jacken und M\u00e4nteln: Bei VAN GRAAF in Spreitenbach pr\u00e4sentieren wir Ihnen<strong> eine Vielzahl modischer St\u00fccke<\/strong> sowie <strong>ganzer Outfit-Entw\u00fcrfe von<\/strong> <strong>Tommy-Hilfiger-Mode f\u00fcr Damen und Herren<\/strong>. Die Looks eignen sich sowohl als Erg\u00e4nzung Ihrer Casual-Garderobe als auch als stilvolle Bestandteile Ihrer Business-Looks hervorragend. <strong>Kindermode von Tommy Hilfiger<\/strong> finden Sie in unserer Filiale ebenfalls \u2013 und auch der Nachwuchs wird begeistert sein vom Tragekomfort und der Lebendigkeit, durch die sich Tommy-Hilfiger-Designs auszeichnen.[\/vc_column_text][\/vc_column][\/vc_row][vc_row][vc_column]\n        <div class=\"headlines headlines--center\" data-aos=\"fade-up\">\n            <div class=\"vc_row\">\n                <div class=\"vc_col-md-10 vc_col-md-offset-1 vc_col-lg-10 vc_col-lg-offset-1\"><h2 class=\"h2\">Angesagte Looks von Tommy Hilfiger bei VAN GRAAF in Spreitenbach finden<\/h2><\/div>\n            <\/div>\n        <\/div>[vc_column_text]In unserem Modehaus in Spreitenbach pr\u00e4sentieren wir Ihnen eine grosse Auswahl an hochwertigen Looks des beliebten US-Labels. Gerne sind wir Ihnen auch bei der Auswahl behilflich: Im Rahmen unserer<a href=\"https:\/\/www.vangraaf.com\/ch\/beratung-style\/\"> Style-Beratung<\/a> bieten wir Ihnen fachkundige Unterst\u00fctzung bei der Auswahl passender Kleidungsst\u00fccke oder der Zusammenstellung unterschiedlicher Outfits. Noch individueller beraten Sie unsere Mitarbeiter im Rahmen eines <a href=\"https:\/\/www.vangraaf.com\/ch\/spreitenbach\/personal-shopping\/\">Personal-Shopping-Termins<\/a>.\r\n\r\nKennen Sie eigentlich schon die <a href=\"https:\/\/www.vangraaf.com\/ch\/van-graaf-card\/\">VAN GRAAF Card<\/a>? Unsere <strong>exklusive Kundenkarte<\/strong> bietet Ihnen viele Vorteile und Services. Zur Begr\u00fcssung schenken wir Ihnen ein Einkaufsguthaben in H\u00f6he von 15 CHF. Zudem sammeln Sie mit der VAN GRAAF Card bei jedem Einkauf Punkte, die sich zu einem sp\u00e4teren Zeitpunkt auf Ware aus unserer einzigartigen Modewelt einl\u00f6sen lassen. Besuchen Sie uns in Spreitenbach und entdecken Sie in entspannter Atmosph\u00e4re aktuelle Mode von Tommy Hilfiger und vielen anderen Top-Marken \u2013 wir freuen uns auf Ihren Besuch![\/vc_column_text][\/vc_column][\/vc_row][vc_row][vc_column]<div class=\"vg-element brand-slider brand-slider--light\" data-aos=\"fade-up\"><div class=\"brand-slider__inner\"><div class=\"brand-slider__slider js-brand-slider\"><div class=\"brand-slider__slider__item\"><a href=\"https:\/\/www.vangraaf.com\/ch\/marken\/adidas-originals\/\" title=\"adidas Originals\"><img loading=\"lazy\" decoding=\"async\" width=\"1\" height=\"1\" src=\"https:\/\/www.vangraaf.com\/ch\/wp-content\/uploads\/sites\/6\/2020\/03\/Adidas_Logo_grau_OK.svg\" class=\"attachment-full size-full\" alt=\"\" \/><\/a><\/div><div class=\"brand-slider__slider__item\"><a href=\"https:\/\/www.vangraaf.com\/ch\/marken\/tommy-hilfiger\/\" title=\"Tommy Hilfiger\"><img loading=\"lazy\" decoding=\"async\" width=\"1\" height=\"1\" src=\"https:\/\/www.vangraaf.com\/ch\/wp-content\/uploads\/sites\/6\/2020\/03\/Tommy_Hilfiger_4c_grau_OK.svg\" class=\"attachment-full size-full\" alt=\"\" \/><\/a><\/div><div class=\"brand-slider__slider__item\"><a href=\"https:\/\/www.vangraaf.com\/ch\/marken\/levis\/\" title=\"Levi&#039;s\"><img loading=\"lazy\" decoding=\"async\" width=\"1\" height=\"1\" src=\"https:\/\/www.vangraaf.com\/ch\/wp-content\/uploads\/sites\/6\/2020\/03\/Levis_Logo_grau_OK.svg\" class=\"attachment-full size-full\" alt=\"\" \/><\/a><\/div><div class=\"brand-slider__slider__item\"><a href=\"https:\/\/www.vangraaf.com\/ch\/marken\/calvin-klein\/\" title=\"Calvin Klein\"><img loading=\"lazy\" decoding=\"async\" width=\"1\" height=\"1\" src=\"https:\/\/www.vangraaf.com\/ch\/wp-content\/uploads\/sites\/6\/2020\/03\/Calvin-Klein-Logo-grau_OK.svg\" class=\"attachment-full size-full\" alt=\"\" \/><\/a><\/div><div class=\"brand-slider__slider__item\"><a href=\"https:\/\/www.vangraaf.com\/ch\/marken\/lacoste\/\" title=\"Lacoste\"><img loading=\"lazy\" decoding=\"async\" width=\"1\" height=\"1\" src=\"https:\/\/www.vangraaf.com\/ch\/wp-content\/uploads\/sites\/6\/2020\/03\/Lacoste_Logo_4c_grau_Ausnahme_OK.svg\" class=\"attachment-full size-full\" alt=\"\" \/><\/a><\/div><div class=\"brand-slider__slider__item\"><a href=\"https:\/\/www.vangraaf.com\/ch\/marken\/superdry\/\" title=\"Superdry\"><img loading=\"lazy\" decoding=\"async\" width=\"1\" height=\"1\" src=\"https:\/\/www.vangraaf.com\/ch\/wp-content\/uploads\/sites\/6\/2020\/03\/Superdry_Logo_grau_OK.svg\" class=\"attachment-full size-full\" alt=\"\" \/><\/a><\/div><div class=\"brand-slider__slider__item\"><a href=\"https:\/\/www.vangraaf.com\/ch\/marken\/fila\/\" title=\"FILA\"><img loading=\"lazy\" decoding=\"async\" width=\"1\" height=\"1\" src=\"https:\/\/www.vangraaf.com\/ch\/wp-content\/uploads\/sites\/6\/2020\/03\/Fila-Logo-grau_OK.svg\" class=\"attachment-full size-full\" alt=\"\" \/><\/a><\/div><div class=\"brand-slider__slider__item\"><a href=\"https:\/\/www.vangraaf.com\/ch\/marken\/tom-tailor\/\" title=\"TOM TAILOR\"><img loading=\"lazy\" decoding=\"async\" width=\"1\" height=\"1\" src=\"https:\/\/www.vangraaf.com\/ch\/wp-content\/uploads\/sites\/6\/2020\/03\/Tom_Tailor_Logo_grau_OK.svg\" class=\"attachment-full size-full\" alt=\"\" \/><\/a><\/div><div class=\"brand-slider__slider__item\"><a href=\"https:\/\/www.vangraaf.com\/ch\/marken\/alpha-industries\/\" title=\"Alpha Industries\"><img loading=\"lazy\" decoding=\"async\" width=\"1\" height=\"1\" src=\"https:\/\/www.vangraaf.com\/ch\/wp-content\/uploads\/sites\/6\/2020\/03\/Alpha_Industries_Logo_grau_OK.svg\" class=\"attachment-full size-full\" alt=\"\" \/><\/a><\/div><div class=\"brand-slider__slider__item\"><a href=\"https:\/\/www.vangraaf.com\/ch\/marken\/g-star\/\" title=\"G-Star RAW\"><img loading=\"lazy\" decoding=\"async\" width=\"1\" height=\"1\" src=\"https:\/\/www.vangraaf.com\/ch\/wp-content\/uploads\/sites\/6\/2020\/03\/G_Star_Logo_grau_OK.svg\" class=\"attachment-full size-full\" alt=\"\" \/><\/a><\/div><div class=\"brand-slider__slider__item\"><a href=\"https:\/\/www.vangraaf.com\/ch\/marken\/vila\/\" title=\"VILA\"><img loading=\"lazy\" decoding=\"async\" width=\"1\" height=\"1\" src=\"https:\/\/www.vangraaf.com\/ch\/wp-content\/uploads\/sites\/6\/2020\/03\/Vila_Logo_grau_OK.svg\" class=\"attachment-full size-full\" alt=\"\" \/><\/a><\/div><div class=\"brand-slider__slider__item\"><a href=\"https:\/\/www.vangraaf.com\/ch\/marken\/boss\/\" title=\"BOSS\"><img loading=\"lazy\" decoding=\"async\" width=\"1\" height=\"1\" src=\"https:\/\/www.vangraaf.com\/ch\/wp-content\/uploads\/sites\/6\/2020\/03\/Boss_Logo_grau_OK.svg\" class=\"attachment-full size-full\" alt=\"\" \/><\/a><\/div><div class=\"brand-slider__slider__item\"><a href=\"https:\/\/www.vangraaf.com\/ch\/marken\/armani-exchange\/\" title=\"Armani Exchange\"><img loading=\"lazy\" decoding=\"async\" width=\"1\" height=\"1\" src=\"https:\/\/www.vangraaf.com\/ch\/wp-content\/uploads\/sites\/6\/2020\/03\/Armani-Exchange-Logo-grau_OK.svg\" class=\"attachment-full size-full\" alt=\"\" \/><\/a><\/div><div class=\"brand-slider__slider__item\"><a href=\"https:\/\/www.vangraaf.com\/ch\/marken\/polo-ralph-lauren\/\" title=\"Polo Ralph Lauren\"><img loading=\"lazy\" decoding=\"async\" width=\"1\" height=\"1\" src=\"https:\/\/www.vangraaf.com\/ch\/wp-content\/uploads\/sites\/6\/2020\/03\/Ralph_Lauren_Logo_grau_OK.svg\" class=\"attachment-full size-full\" alt=\"\" \/><\/a><\/div><div class=\"brand-slider__slider__item\"><a href=\"https:\/\/www.vangraaf.com\/ch\/marken\/marie-lund\/\" title=\"Marie Lund\"><img loading=\"lazy\" decoding=\"async\" width=\"1\" height=\"1\" src=\"https:\/\/www.vangraaf.com\/ch\/wp-content\/uploads\/sites\/6\/2020\/03\/Marie_Lund_Logo_grau_OK.svg\" class=\"attachment-full size-full\" alt=\"\" \/><\/a><\/div><div class=\"brand-slider__slider__item\"><a href=\"https:\/\/www.vangraaf.com\/ch\/marken\/finshley-harding\/\" title=\"Finshley &amp; Harding\"><img loading=\"lazy\" decoding=\"async\" width=\"1\" height=\"1\" src=\"https:\/\/www.vangraaf.com\/ch\/wp-content\/uploads\/sites\/6\/2020\/03\/Finsley_Harding_Logo_grau_OK.svg\" class=\"attachment-full size-full\" alt=\"\" \/><\/a><\/div><\/div><\/div><\/div>[\/vc_column][\/vc_row]<\/div>","protected":false},"excerpt":{"rendered":"[vc_row full_width=&#187;stretch_row_content_no_spaces&#187;][vc_column][vc_column_text] Wie kaum ein anderes Label steht Tommy Hilfiger f\u00fcr einen sportlich-eleganten Look, der klassische Elemente des US-College-Stils mit zeitlosen Schnitten und angesagten Trend-Akzenten vereint. Kombinierfreudige Basics f\u00fcr Damen, Herren und Kinder bilden den Kern des Tommy-Hilfiger-Markenportfolios. In der Kombination mit Hingucker-Teilen ergeben sich Looks, die sich auf unangestrengte Weise zwischen \u201ecasual\u201c und \u201eelegant\u201c [&hellip;]","protected":false},"author":5,"featured_media":0,"parent":2162,"menu_order":0,"comment_status":"closed","ping_status":"closed","template":"","meta":{"_acf_changed":false,"inline_featured_image":false,"footnotes":""},"class_list":["post-3618","page","type-page","status-publish","hentry"],"acf":[],"yoast_head":"<!-- This site is optimized with the Yoast SEO plugin v27.2 - https:\/\/yoast.com\/product\/yoast-seo-wordpress\/ -->\n<title>Tommy-Hilfiger-Mode f\u00fcr Damen &amp; Herren in Spreitenbach<\/title>\n<meta name=\"description\" content=\"Sportliche Looks mit Preppy-Note: Entdecken Sie von Tommy Hilfiger Damen-, Herren- und Kindermode in grosser Auswahl bei VAN GRAAF in Spreitenbach!\" \/>\n<meta name=\"robots\" content=\"noindex, follow\" \/>\n<meta property=\"og:locale\" content=\"de_DE\" \/>\n<meta property=\"og:type\" content=\"article\" \/>\n<meta property=\"og:title\" content=\"Tommy-Hilfiger-Mode f\u00fcr Damen &amp; Herren in Spreitenbach\" \/>\n<meta property=\"og:description\" content=\"Sportliche Looks mit Preppy-Note: Entdecken Sie von Tommy Hilfiger Damen-, Herren- und Kindermode in grosser Auswahl bei VAN GRAAF in Spreitenbach!\" \/>\n<meta property=\"og:url\" content=\"https:\/\/www.vangraaf.com\/ch\/marken\/tommy-hilfiger\/\" \/>\n<meta property=\"og:site_name\" content=\"VAN GRAAF Schweiz\" \/>\n<meta property=\"article:modified_time\" content=\"2025-02-12T12:53:36+00:00\" \/>\n<meta name=\"twitter:card\" content=\"summary_large_image\" \/>\n<meta name=\"twitter:label1\" content=\"Est. reading time\" \/>\n\t<meta name=\"twitter:data1\" content=\"3\u00a0Minuten\" \/>\n<script type=\"application\/ld+json\" class=\"yoast-schema-graph\">{\"@context\":\"https:\/\/schema.org\",\"@graph\":[{\"@type\":\"WebPage\",\"@id\":\"https:\/\/www.vangraaf.com\/ch\/marken\/tommy-hilfiger\/\",\"url\":\"https:\/\/www.vangraaf.com\/ch\/marken\/tommy-hilfiger\/\",\"name\":\"Tommy-Hilfiger-Mode f\u00fcr Damen & Herren in Spreitenbach\",\"isPartOf\":{\"@id\":\"https:\/\/www.vangraaf.com\/ch\/#website\"},\"datePublished\":\"2020-03-12T12:40:01+00:00\",\"dateModified\":\"2025-02-12T12:53:36+00:00\",\"description\":\"Sportliche Looks mit Preppy-Note: Entdecken Sie von Tommy Hilfiger Damen-, Herren- und Kindermode in grosser Auswahl bei VAN GRAAF in Spreitenbach!\",\"breadcrumb\":{\"@id\":\"https:\/\/www.vangraaf.com\/ch\/marken\/tommy-hilfiger\/#breadcrumb\"},\"inLanguage\":\"de-CH\",\"potentialAction\":[{\"@type\":\"ReadAction\",\"target\":[\"https:\/\/www.vangraaf.com\/ch\/marken\/tommy-hilfiger\/\"]}]},{\"@type\":\"BreadcrumbList\",\"@id\":\"https:\/\/www.vangraaf.com\/ch\/marken\/tommy-hilfiger\/#breadcrumb\",\"itemListElement\":[{\"@type\":\"ListItem\",\"position\":1,\"name\":\"Home\",\"item\":\"https:\/\/www.vangraaf.com\/ch\/\"},{\"@type\":\"ListItem\",\"position\":2,\"name\":\"Marken\",\"item\":\"https:\/\/www.vangraaf.com\/ch\/marken\/\"},{\"@type\":\"ListItem\",\"position\":3,\"name\":\"Tommy Hilfiger\"}]},{\"@type\":\"WebSite\",\"@id\":\"https:\/\/www.vangraaf.com\/ch\/#website\",\"url\":\"https:\/\/www.vangraaf.com\/ch\/\",\"name\":\"VAN GRAAF\",\"description\":\"VAN GRAAF\",\"potentialAction\":[{\"@type\":\"SearchAction\",\"target\":{\"@type\":\"EntryPoint\",\"urlTemplate\":\"https:\/\/www.vangraaf.com\/ch\/?s={search_term_string}\"},\"query-input\":{\"@type\":\"PropertyValueSpecification\",\"valueRequired\":true,\"valueName\":\"search_term_string\"}}],\"inLanguage\":\"de-CH\"}]}<\/script>\n<!-- \/ Yoast SEO plugin. -->","yoast_head_json":{"title":"Tommy-Hilfiger-Mode f\u00fcr Damen & Herren in Spreitenbach","description":"Sportliche Looks mit Preppy-Note: Entdecken Sie von Tommy Hilfiger Damen-, Herren- und Kindermode in grosser Auswahl bei VAN GRAAF in Spreitenbach!","robots":{"index":"noindex","follow":"follow"},"og_locale":"de_DE","og_type":"article","og_title":"Tommy-Hilfiger-Mode f\u00fcr Damen & Herren in Spreitenbach","og_description":"Sportliche Looks mit Preppy-Note: Entdecken Sie von Tommy Hilfiger Damen-, Herren- und Kindermode in grosser Auswahl bei VAN GRAAF in Spreitenbach!","og_url":"https:\/\/www.vangraaf.com\/ch\/marken\/tommy-hilfiger\/","og_site_name":"VAN GRAAF Schweiz","article_modified_time":"2025-02-12T12:53:36+00:00","twitter_card":"summary_large_image","twitter_misc":{"Est. reading time":"3\u00a0Minuten"},"schema":{"@context":"https:\/\/schema.org","@graph":[{"@type":"WebPage","@id":"https:\/\/www.vangraaf.com\/ch\/marken\/tommy-hilfiger\/","url":"https:\/\/www.vangraaf.com\/ch\/marken\/tommy-hilfiger\/","name":"Tommy-Hilfiger-Mode f\u00fcr Damen & Herren in Spreitenbach","isPartOf":{"@id":"https:\/\/www.vangraaf.com\/ch\/#website"},"datePublished":"2020-03-12T12:40:01+00:00","dateModified":"2025-02-12T12:53:36+00:00","description":"Sportliche Looks mit Preppy-Note: Entdecken Sie von Tommy Hilfiger Damen-, Herren- und Kindermode in grosser Auswahl bei VAN GRAAF in Spreitenbach!","breadcrumb":{"@id":"https:\/\/www.vangraaf.com\/ch\/marken\/tommy-hilfiger\/#breadcrumb"},"inLanguage":"de-CH","potentialAction":[{"@type":"ReadAction","target":["https:\/\/www.vangraaf.com\/ch\/marken\/tommy-hilfiger\/"]}]},{"@type":"BreadcrumbList","@id":"https:\/\/www.vangraaf.com\/ch\/marken\/tommy-hilfiger\/#breadcrumb","itemListElement":[{"@type":"ListItem","position":1,"name":"Home","item":"https:\/\/www.vangraaf.com\/ch\/"},{"@type":"ListItem","position":2,"name":"Marken","item":"https:\/\/www.vangraaf.com\/ch\/marken\/"},{"@type":"ListItem","position":3,"name":"Tommy Hilfiger"}]},{"@type":"WebSite","@id":"https:\/\/www.vangraaf.com\/ch\/#website","url":"https:\/\/www.vangraaf.com\/ch\/","name":"VAN GRAAF","description":"VAN GRAAF","potentialAction":[{"@type":"SearchAction","target":{"@type":"EntryPoint","urlTemplate":"https:\/\/www.vangraaf.com\/ch\/?s={search_term_string}"},"query-input":{"@type":"PropertyValueSpecification","valueRequired":true,"valueName":"search_term_string"}}],"inLanguage":"de-CH"}]}},"_links":{"self":[{"href":"https:\/\/www.vangraaf.com\/ch\/wp-json\/wp\/v2\/pages\/3618","targetHints":{"allow":["GET"]}}],"collection":[{"href":"https:\/\/www.vangraaf.com\/ch\/wp-json\/wp\/v2\/pages"}],"about":[{"href":"https:\/\/www.vangraaf.com\/ch\/wp-json\/wp\/v2\/types\/page"}],"author":[{"embeddable":true,"href":"https:\/\/www.vangraaf.com\/ch\/wp-json\/wp\/v2\/users\/5"}],"replies":[{"embeddable":true,"href":"https:\/\/www.vangraaf.com\/ch\/wp-json\/wp\/v2\/comments?post=3618"}],"version-history":[{"count":29,"href":"https:\/\/www.vangraaf.com\/ch\/wp-json\/wp\/v2\/pages\/3618\/revisions"}],"predecessor-version":[{"id":7925,"href":"https:\/\/www.vangraaf.com\/ch\/wp-json\/wp\/v2\/pages\/3618\/revisions\/7925"}],"up":[{"embeddable":true,"href":"https:\/\/www.vangraaf.com\/ch\/wp-json\/wp\/v2\/pages\/2162"}],"wp:attachment":[{"href":"https:\/\/www.vangraaf.com\/ch\/wp-json\/wp\/v2\/media?parent=3618"}],"curies":[{"name":"wp","href":"https:\/\/api.w.org\/{rel}","templated":true}]}}