{"id":3608,"date":"2020-03-12T12:07:04","date_gmt":"2020-03-12T11:07:04","guid":{"rendered":"http:\/\/van-graaf.test\/ch\/?page_id=3608"},"modified":"2025-02-12T15:53:05","modified_gmt":"2025-02-12T14:53:05","slug":"finshley-harding","status":"publish","type":"page","link":"https:\/\/www.vangraaf.com\/ch\/marken\/finshley-harding\/","title":{"rendered":"Finshley &amp; Harding"},"content":{"rendered":"<div class=\"wpb-content-wrapper\">[vc_row full_width=&#187;stretch_row_content_no_spaces&#187;][vc_column]<div class=\"keyvisual\" data-aos=\"fade-up\" ><img loading=\"lazy\" decoding=\"async\" width=\"1440\" height=\"480\" src=\"https:\/\/www.vangraaf.com\/ch\/wp-content\/uploads\/sites\/6\/2020\/02\/Logo_FinshleyHarding.jpg\" class=\"vc_single_image-img\" alt=\"\" srcset=\"https:\/\/www.vangraaf.com\/ch\/wp-content\/uploads\/sites\/6\/2020\/02\/Logo_FinshleyHarding.jpg 1440w, https:\/\/www.vangraaf.com\/ch\/wp-content\/uploads\/sites\/6\/2020\/02\/Logo_FinshleyHarding-300x100.jpg 300w, https:\/\/www.vangraaf.com\/ch\/wp-content\/uploads\/sites\/6\/2020\/02\/Logo_FinshleyHarding-1024x341.jpg 1024w, https:\/\/www.vangraaf.com\/ch\/wp-content\/uploads\/sites\/6\/2020\/02\/Logo_FinshleyHarding-768x256.jpg 768w, https:\/\/www.vangraaf.com\/ch\/wp-content\/uploads\/sites\/6\/2020\/02\/Logo_FinshleyHarding-1200x400.jpg 1200w, https:\/\/www.vangraaf.com\/ch\/wp-content\/uploads\/sites\/6\/2020\/02\/Logo_FinshleyHarding-992x331.jpg 992w, https:\/\/www.vangraaf.com\/ch\/wp-content\/uploads\/sites\/6\/2020\/02\/Logo_FinshleyHarding-480x160.jpg 480w\" sizes=\"(max-width: 1440px) 100vw, 1440px\" \/><\/div>\n        <div class=\"headlines headlines--center\" data-aos=\"fade-up\">\n            <div class=\"vc_row\">\n                <div class=\"vc_col-md-10 vc_col-md-offset-1 vc_col-lg-10 vc_col-lg-offset-1\"><span class=\"h6\">Finshley &amp; Harding<\/span><h1 class=\"h2\">Looks mit britischer Note von Finshley &amp; Harding bei VAN GRAAF entdecken<\/h1><\/div>\n            <\/div>\n        <\/div>[vc_column_text]Britische Herrenmode hat das besondere Etwas und ist stilistisch gesehen einfach unverwechselbar. Mode in britischem Chic ist stets klassisch angehaucht, sehr fein und \u00e4usserst gepflegt. M\u00e4nner, die sich auf diese Art kleiden, beweisen <strong>Geschmack und Sinn f\u00fcr \u00c4sthetik<\/strong>. Dieser Anspruch zeichnet auch die Entw\u00fcrfe von <span class=\"nobr\">Finshley &amp; Harding<\/span> aus: Die Herrenmode des britischen Labels steht f\u00fcr stilvoll-elegantes Design mit unverkennbar englischer Note.\r\n\r\nVom Casual Look bis zum seri\u00f6sen Business-Anzug: Das Sortiment von <span class=\"nobr\">Finshley &amp; Harding<\/span> umfasst <strong>alle Bereiche gehobener Herrenmode<\/strong>. Entdecken Sie bei VAN GRAAF eine grosse Auswahl zeitloser Basics f\u00fcr Herren von <span class=\"nobr\">Finshley &amp; Harding<\/span>, die Ihre Garderobe auf stilvolle Weise bereichern werden.[\/vc_column_text][vc_row_inner][vc_column_inner]\n            <div class=\"vg-element topic-slider topic-slider--left topic-slider--dark\" style=\"--season-color-1: #ededed; --season-color-2: #002045\" data-aos=\"fade-up\">\n                <div class=\"topic-slider__inner\">\n                    <div class=\"content_wrap\">\n                        <div class=\"vc_row\">\n                            <div class=\"vc_col-md-12 vc_col-lg-10 vc_col-lg-offset-1\">\n                                <div class=\"vc_row\">\n                                    <div class=\"vc_col-sm-6\"><div class=\"topic-slider__image-wrap\"><div class=\"topic-slider__slider-wrap\"><div class=\"js-topic-slider\"><div class=\"topic-slider__slider__item\"><img loading=\"lazy\" decoding=\"async\" width=\"427\" height=\"639\" src=\"https:\/\/www.vangraaf.com\/ch\/wp-content\/uploads\/sites\/6\/2022\/05\/VKF_HAKA_FHL_A_0456.jpg\" class=\"vc_single_image-img attachment-full\" alt=\"\" title=\"VKF_HAKA_FHL_A_0456\" srcset=\"https:\/\/www.vangraaf.com\/ch\/wp-content\/uploads\/sites\/6\/2022\/05\/VKF_HAKA_FHL_A_0456.jpg 427w, https:\/\/www.vangraaf.com\/ch\/wp-content\/uploads\/sites\/6\/2022\/05\/VKF_HAKA_FHL_A_0456-200x300.jpg 200w\" sizes=\"(max-width: 427px) 100vw, 427px\" \/><\/div><div class=\"topic-slider__slider__item\"><img loading=\"lazy\" decoding=\"async\" width=\"427\" height=\"639\" src=\"https:\/\/www.vangraaf.com\/ch\/wp-content\/uploads\/sites\/6\/2022\/05\/VKF_HAKA_FHL_B_1346.jpg\" class=\"vc_single_image-img attachment-full\" alt=\"\" title=\"VKF_HAKA_FHL_B_1346\" srcset=\"https:\/\/www.vangraaf.com\/ch\/wp-content\/uploads\/sites\/6\/2022\/05\/VKF_HAKA_FHL_B_1346.jpg 427w, https:\/\/www.vangraaf.com\/ch\/wp-content\/uploads\/sites\/6\/2022\/05\/VKF_HAKA_FHL_B_1346-200x300.jpg 200w\" sizes=\"(max-width: 427px) 100vw, 427px\" \/><\/div><div class=\"topic-slider__slider__item\"><img loading=\"lazy\" decoding=\"async\" width=\"427\" height=\"639\" src=\"https:\/\/www.vangraaf.com\/ch\/wp-content\/uploads\/sites\/6\/2022\/05\/VKF_HAKA_FHL_H_3124.jpg\" class=\"vc_single_image-img attachment-full\" alt=\"\" title=\"VKF_HAKA_FHL_H_3124\" srcset=\"https:\/\/www.vangraaf.com\/ch\/wp-content\/uploads\/sites\/6\/2022\/05\/VKF_HAKA_FHL_H_3124.jpg 427w, https:\/\/www.vangraaf.com\/ch\/wp-content\/uploads\/sites\/6\/2022\/05\/VKF_HAKA_FHL_H_3124-200x300.jpg 200w\" sizes=\"(max-width: 427px) 100vw, 427px\" \/><\/div><\/div><\/div><\/div><\/div><div class=\"vc_col-sm-6 vc_col-md-5 vc_col-md-offset-1\"><div class=\"topic-slider__content\"><span class=\"h4\">Extravagant, ohne zu \u00fcbertreiben \u2013 der englisch inspirierte Stil von Finshley &amp; Harding<\/span><p>Typisch britisch in Sachen Mode: Die Kombination aus Understatement und zeitloser Eleganz, gepaart mit besonderen Details und sportlichen Elementen. Bei vielen Looks der Marke <span class=\"nobr\">Finshley &amp; Harding<\/span> mischen auch der unverkennbar englische Hang zur <strong>Ironie oder l\u00e4ssiger Dandy-Charme<\/strong> mit. Ein karierter Anzug, der mit einem farbig abgestimmten Hemd und passender Fliege kombiniert wird, gilt in Grossbritannien durchaus als gepflegter Alltagslook.<\/p>\n<\/div><\/div>\n                                <\/div>\n                            <\/div>\n                        <\/div>\n                    <\/div>\n                <\/div>\n            <\/div>[\/vc_column_inner][\/vc_row_inner][\/vc_column][\/vc_row][vc_row][vc_column][vc_column_text]Sie m\u00fcssen modisch nat\u00fcrlich nicht in die Vollen gehen, sondern k\u00f6nnen nach Geschmack auch einzelne Key-Pieces, etwa ein Cord-Sakko oder eine legere Bomberjacke im College-Stil, zum Dreh- und Angelpunkt Ihres englisch inspirierten Looks machen. <span class=\"nobr\">Finshley &amp; Harding<\/span> Mode f\u00fcr Herren lebt von dieser Vielzahl an Kombinationsm\u00f6glichkeiten: <strong>Bodenst\u00e4ndiges trifft auf Raffiniertes und Aussergew\u00f6hnliches<\/strong>. Typisch englische Elemente der Herrenmode bekommen ein zeitloses Update und qualifizieren sich damit als beliebte Basics f\u00fcr jeden Tag.[\/vc_column_text][\/vc_column][\/vc_row][vc_row][vc_column]\n        <div class=\"headlines headlines--center\" data-aos=\"fade-up\">\n            <div class=\"vc_row\">\n                <div class=\"vc_col-md-10 vc_col-md-offset-1 vc_col-lg-10 vc_col-lg-offset-1\"><h2 class=\"h2\">Klassiker und vielseitig kombinierbare Basics von Finshley &amp; Harding bei VAN GRAAF<\/h2><\/div>\n            <\/div>\n        <\/div>[vc_column_text]Der typisch-englische Look lebt vom Zusammenspiel traditioneller Elemente, hochwertiger Materialien und einer Prise Extravaganz. Sportliche Details geben Klassikern einen ungew\u00f6hnlichen, modernen Twist und verleihen selbst schlichten <span class=\"nobr\">Finshley &amp; Harding<\/span> Basics das gewisse Etwas.\r\n<ul>\r\n \t<li>In unserem VAN GRAAF Store in Spreitenbach pr\u00e4sentieren wir Ihnen sportliche Allrounder als auch elegante Hingucker, mit denen Sie Ihren Stil individuell unterstreichen. Experimentieren Sie mit unterschiedlichen Kombinationen und kreieren Sie auf der Basis hochwertiger Herrenmode Ihre ganz pers\u00f6nlichen Lieblingslooks:<\/li>\r\n \t<li>So lassen sich beispielsweise die Sakkos und Westen von <span class=\"nobr\">Finshley &amp; Harding<\/span> nach Belieben und Anlass mal mit einer Anzughose, mal mit Jeans kombinieren.<\/li>\r\n \t<li>\u00dcber einem Hemd tr\u00e4gt sich ein Sakko ebenso stilvoll wie \u00fcber einem Feinstrickpullover oder einem schlichten, lang\u00e4rmeligen Shirt.<\/li>\r\n \t<li>Hosentr\u00e4ger, Fliege oder farbenfrohe Socken, die zwischen Hosensaum und Schuh hervorblitzen? Mit perfekt auf Ihr Outfit abgestimmten Accessoires verleihen Sie Ihrem Auftritt noch mehr Individualit\u00e4t. Hier kommt zudem der typisch britische, spielerisch-humorvolle Umgang mit Mode zum Tragen. Sich selbst nicht zu ernst nehmen und dennoch Stil und Klasse beweisen \u2013 das kann kaum eine andere Modetradition besser als die britische.<\/li>\r\n<\/ul>\r\n[\/vc_column_text][\/vc_column][\/vc_row][vc_row][vc_column]\n        <div class=\"headlines headlines--center\" data-aos=\"fade-up\">\n            <div class=\"vc_row\">\n                <div class=\"vc_col-md-10 vc_col-md-offset-1 vc_col-lg-10 vc_col-lg-offset-1\"><h2 class=\"h2\">Ihren Wunsch-Anzug von Finshley &amp; Harding nach dem Baukastensystem zusammenstellen<\/h2><\/div>\n            <\/div>\n        <\/div>[vc_column_text]Sie suchen charismatische Business-Mode? <span class=\"nobr\">Finshley &amp; Harding<\/span> bietet mit den edlen Anz\u00fcgen genau das Richtige f\u00fcr Ihre gehobenen Anspr\u00fcche. Im Sortiment finden Sie aufeinander abgestimmte Ensembles, die Sie, nach Auswahl des Schnitts, der Farbe und Passform, zusammengestellt kaufen k\u00f6nnen.\r\nF\u00fcr den Mann, der gerne experimentiert oder Abwechslung sucht, sind die <a href=\"https:\/\/www.vangraaf.com\/ch\/beratung-style\/tipps\/baukastenanzug\/\">Baukastenanz\u00fcge<\/a> besonders empfehlenswert: W\u00e4hlen Sie einfach ein Sakko und eine Hose und kreieren Sie sich Ihren Wunschanzug. Durch die grosse Auswahl l\u00e4sst sich immer genau der optimale Anzug entwerfen \u2013 f\u00fcr jeden Anspruch und jeden Anlass.[\/vc_column_text][\/vc_column][\/vc_row][vc_row][vc_column]<div class=\"vg-element brand-slider brand-slider--light\" data-aos=\"fade-up\"><div class=\"brand-slider__inner\"><div class=\"brand-slider__slider js-brand-slider\"><div class=\"brand-slider__slider__item\"><a href=\"https:\/\/www.vangraaf.com\/ch\/marken\/adidas-originals\/\" title=\"adidas Originals\"><img loading=\"lazy\" decoding=\"async\" width=\"1\" height=\"1\" src=\"https:\/\/www.vangraaf.com\/ch\/wp-content\/uploads\/sites\/6\/2020\/03\/Adidas_Logo_grau_OK.svg\" class=\"attachment-full size-full\" alt=\"\" \/><\/a><\/div><div class=\"brand-slider__slider__item\"><a href=\"https:\/\/www.vangraaf.com\/ch\/marken\/tommy-hilfiger\/\" title=\"Tommy Hilfiger\"><img loading=\"lazy\" decoding=\"async\" width=\"1\" height=\"1\" src=\"https:\/\/www.vangraaf.com\/ch\/wp-content\/uploads\/sites\/6\/2020\/03\/Tommy_Hilfiger_4c_grau_OK.svg\" class=\"attachment-full size-full\" alt=\"\" \/><\/a><\/div><div class=\"brand-slider__slider__item\"><a href=\"https:\/\/www.vangraaf.com\/ch\/marken\/levis\/\" title=\"Levi&#039;s\"><img loading=\"lazy\" decoding=\"async\" width=\"1\" height=\"1\" src=\"https:\/\/www.vangraaf.com\/ch\/wp-content\/uploads\/sites\/6\/2020\/03\/Levis_Logo_grau_OK.svg\" class=\"attachment-full size-full\" alt=\"\" \/><\/a><\/div><div class=\"brand-slider__slider__item\"><a href=\"https:\/\/www.vangraaf.com\/ch\/marken\/calvin-klein\/\" title=\"Calvin Klein\"><img loading=\"lazy\" decoding=\"async\" width=\"1\" height=\"1\" src=\"https:\/\/www.vangraaf.com\/ch\/wp-content\/uploads\/sites\/6\/2020\/03\/Calvin-Klein-Logo-grau_OK.svg\" class=\"attachment-full size-full\" alt=\"\" \/><\/a><\/div><div class=\"brand-slider__slider__item\"><a href=\"https:\/\/www.vangraaf.com\/ch\/marken\/lacoste\/\" title=\"Lacoste\"><img loading=\"lazy\" decoding=\"async\" width=\"1\" height=\"1\" src=\"https:\/\/www.vangraaf.com\/ch\/wp-content\/uploads\/sites\/6\/2020\/03\/Lacoste_Logo_4c_grau_Ausnahme_OK.svg\" class=\"attachment-full size-full\" alt=\"\" \/><\/a><\/div><div class=\"brand-slider__slider__item\"><a href=\"https:\/\/www.vangraaf.com\/ch\/marken\/superdry\/\" title=\"Superdry\"><img loading=\"lazy\" decoding=\"async\" width=\"1\" height=\"1\" src=\"https:\/\/www.vangraaf.com\/ch\/wp-content\/uploads\/sites\/6\/2020\/03\/Superdry_Logo_grau_OK.svg\" class=\"attachment-full size-full\" alt=\"\" \/><\/a><\/div><div class=\"brand-slider__slider__item\"><a href=\"https:\/\/www.vangraaf.com\/ch\/marken\/fila\/\" title=\"FILA\"><img loading=\"lazy\" decoding=\"async\" width=\"1\" height=\"1\" src=\"https:\/\/www.vangraaf.com\/ch\/wp-content\/uploads\/sites\/6\/2020\/03\/Fila-Logo-grau_OK.svg\" class=\"attachment-full size-full\" alt=\"\" \/><\/a><\/div><div class=\"brand-slider__slider__item\"><a href=\"https:\/\/www.vangraaf.com\/ch\/marken\/tom-tailor\/\" title=\"TOM TAILOR\"><img loading=\"lazy\" decoding=\"async\" width=\"1\" height=\"1\" src=\"https:\/\/www.vangraaf.com\/ch\/wp-content\/uploads\/sites\/6\/2020\/03\/Tom_Tailor_Logo_grau_OK.svg\" class=\"attachment-full size-full\" alt=\"\" \/><\/a><\/div><div class=\"brand-slider__slider__item\"><a href=\"https:\/\/www.vangraaf.com\/ch\/marken\/alpha-industries\/\" title=\"Alpha Industries\"><img loading=\"lazy\" decoding=\"async\" width=\"1\" height=\"1\" src=\"https:\/\/www.vangraaf.com\/ch\/wp-content\/uploads\/sites\/6\/2020\/03\/Alpha_Industries_Logo_grau_OK.svg\" class=\"attachment-full size-full\" alt=\"\" \/><\/a><\/div><div class=\"brand-slider__slider__item\"><a href=\"https:\/\/www.vangraaf.com\/ch\/marken\/g-star\/\" title=\"G-Star RAW\"><img loading=\"lazy\" decoding=\"async\" width=\"1\" height=\"1\" src=\"https:\/\/www.vangraaf.com\/ch\/wp-content\/uploads\/sites\/6\/2020\/03\/G_Star_Logo_grau_OK.svg\" class=\"attachment-full size-full\" alt=\"\" \/><\/a><\/div><div class=\"brand-slider__slider__item\"><a href=\"https:\/\/www.vangraaf.com\/ch\/marken\/vila\/\" title=\"VILA\"><img loading=\"lazy\" decoding=\"async\" width=\"1\" height=\"1\" src=\"https:\/\/www.vangraaf.com\/ch\/wp-content\/uploads\/sites\/6\/2020\/03\/Vila_Logo_grau_OK.svg\" class=\"attachment-full size-full\" alt=\"\" \/><\/a><\/div><div class=\"brand-slider__slider__item\"><a href=\"https:\/\/www.vangraaf.com\/ch\/marken\/boss\/\" title=\"BOSS\"><img loading=\"lazy\" decoding=\"async\" width=\"1\" height=\"1\" src=\"https:\/\/www.vangraaf.com\/ch\/wp-content\/uploads\/sites\/6\/2020\/03\/Boss_Logo_grau_OK.svg\" class=\"attachment-full size-full\" alt=\"\" \/><\/a><\/div><div class=\"brand-slider__slider__item\"><a href=\"https:\/\/www.vangraaf.com\/ch\/marken\/armani-exchange\/\" title=\"Armani Exchange\"><img loading=\"lazy\" decoding=\"async\" width=\"1\" height=\"1\" src=\"https:\/\/www.vangraaf.com\/ch\/wp-content\/uploads\/sites\/6\/2020\/03\/Armani-Exchange-Logo-grau_OK.svg\" class=\"attachment-full size-full\" alt=\"\" \/><\/a><\/div><div class=\"brand-slider__slider__item\"><a href=\"https:\/\/www.vangraaf.com\/ch\/marken\/polo-ralph-lauren\/\" title=\"Polo Ralph Lauren\"><img loading=\"lazy\" decoding=\"async\" width=\"1\" height=\"1\" src=\"https:\/\/www.vangraaf.com\/ch\/wp-content\/uploads\/sites\/6\/2020\/03\/Ralph_Lauren_Logo_grau_OK.svg\" class=\"attachment-full size-full\" alt=\"\" \/><\/a><\/div><div class=\"brand-slider__slider__item\"><a href=\"https:\/\/www.vangraaf.com\/ch\/marken\/marie-lund\/\" title=\"Marie Lund\"><img loading=\"lazy\" decoding=\"async\" width=\"1\" height=\"1\" src=\"https:\/\/www.vangraaf.com\/ch\/wp-content\/uploads\/sites\/6\/2020\/03\/Marie_Lund_Logo_grau_OK.svg\" class=\"attachment-full size-full\" alt=\"\" \/><\/a><\/div><div class=\"brand-slider__slider__item\"><a href=\"https:\/\/www.vangraaf.com\/ch\/marken\/finshley-harding\/\" title=\"Finshley &amp; Harding\"><img loading=\"lazy\" decoding=\"async\" width=\"1\" height=\"1\" src=\"https:\/\/www.vangraaf.com\/ch\/wp-content\/uploads\/sites\/6\/2020\/03\/Finsley_Harding_Logo_grau_OK.svg\" class=\"attachment-full size-full\" alt=\"\" \/><\/a><\/div><\/div><\/div><\/div>[\/vc_column][\/vc_row]<\/div>","protected":false},"excerpt":{"rendered":"[vc_row full_width=&#187;stretch_row_content_no_spaces&#187;][vc_column][vc_column_text]Britische Herrenmode hat das besondere Etwas und ist stilistisch gesehen einfach unverwechselbar. Mode in britischem Chic ist stets klassisch angehaucht, sehr fein und \u00e4usserst gepflegt. M\u00e4nner, die sich auf diese Art kleiden, beweisen Geschmack und Sinn f\u00fcr \u00c4sthetik. Dieser Anspruch zeichnet auch die Entw\u00fcrfe von Finshley &amp; Harding aus: Die Herrenmode des britischen Labels [&hellip;]","protected":false},"author":5,"featured_media":0,"parent":2162,"menu_order":0,"comment_status":"closed","ping_status":"closed","template":"","meta":{"_acf_changed":false,"inline_featured_image":false,"footnotes":""},"class_list":["post-3608","page","type-page","status-publish","hentry"],"acf":[],"yoast_head":"<!-- This site is optimized with the Yoast SEO plugin v27.2 - https:\/\/yoast.com\/product\/yoast-seo-wordpress\/ -->\n<title>Britische Herrenmode von Finshley &amp; Harding bei VAN GRAAF kaufen<\/title>\n<meta name=\"description\" content=\"Britische Klassiker und zeitlose Basics f\u00fcr gehobene Herrenmode von Finshley &amp; Harding bei VAN GRAAF!\" \/>\n<meta name=\"robots\" content=\"noindex, follow\" \/>\n<meta property=\"og:locale\" content=\"de_DE\" \/>\n<meta property=\"og:type\" content=\"article\" \/>\n<meta property=\"og:title\" content=\"Britische Herrenmode von Finshley &amp; Harding bei VAN GRAAF kaufen\" \/>\n<meta property=\"og:description\" content=\"Britische Klassiker und zeitlose Basics f\u00fcr gehobene Herrenmode von Finshley &amp; Harding bei VAN GRAAF!\" \/>\n<meta property=\"og:url\" content=\"https:\/\/www.vangraaf.com\/ch\/marken\/finshley-harding\/\" \/>\n<meta property=\"og:site_name\" content=\"VAN GRAAF Schweiz\" \/>\n<meta property=\"article:modified_time\" content=\"2025-02-12T14:53:05+00:00\" \/>\n<meta name=\"twitter:card\" content=\"summary_large_image\" \/>\n<meta name=\"twitter:label1\" content=\"Est. reading time\" \/>\n\t<meta name=\"twitter:data1\" content=\"4\u00a0Minuten\" \/>\n<script type=\"application\/ld+json\" class=\"yoast-schema-graph\">{\"@context\":\"https:\/\/schema.org\",\"@graph\":[{\"@type\":\"WebPage\",\"@id\":\"https:\/\/www.vangraaf.com\/ch\/marken\/finshley-harding\/\",\"url\":\"https:\/\/www.vangraaf.com\/ch\/marken\/finshley-harding\/\",\"name\":\"Britische Herrenmode von Finshley & Harding bei VAN GRAAF kaufen\",\"isPartOf\":{\"@id\":\"https:\/\/www.vangraaf.com\/ch\/#website\"},\"datePublished\":\"2020-03-12T11:07:04+00:00\",\"dateModified\":\"2025-02-12T14:53:05+00:00\",\"description\":\"Britische Klassiker und zeitlose Basics f\u00fcr gehobene Herrenmode von Finshley & Harding bei VAN GRAAF!\",\"breadcrumb\":{\"@id\":\"https:\/\/www.vangraaf.com\/ch\/marken\/finshley-harding\/#breadcrumb\"},\"inLanguage\":\"de-CH\",\"potentialAction\":[{\"@type\":\"ReadAction\",\"target\":[\"https:\/\/www.vangraaf.com\/ch\/marken\/finshley-harding\/\"]}]},{\"@type\":\"BreadcrumbList\",\"@id\":\"https:\/\/www.vangraaf.com\/ch\/marken\/finshley-harding\/#breadcrumb\",\"itemListElement\":[{\"@type\":\"ListItem\",\"position\":1,\"name\":\"Home\",\"item\":\"https:\/\/www.vangraaf.com\/ch\/\"},{\"@type\":\"ListItem\",\"position\":2,\"name\":\"Marken\",\"item\":\"https:\/\/www.vangraaf.com\/ch\/marken\/\"},{\"@type\":\"ListItem\",\"position\":3,\"name\":\"Finshley &amp; Harding\"}]},{\"@type\":\"WebSite\",\"@id\":\"https:\/\/www.vangraaf.com\/ch\/#website\",\"url\":\"https:\/\/www.vangraaf.com\/ch\/\",\"name\":\"VAN GRAAF\",\"description\":\"VAN GRAAF\",\"potentialAction\":[{\"@type\":\"SearchAction\",\"target\":{\"@type\":\"EntryPoint\",\"urlTemplate\":\"https:\/\/www.vangraaf.com\/ch\/?s={search_term_string}\"},\"query-input\":{\"@type\":\"PropertyValueSpecification\",\"valueRequired\":true,\"valueName\":\"search_term_string\"}}],\"inLanguage\":\"de-CH\"}]}<\/script>\n<!-- \/ Yoast SEO plugin. -->","yoast_head_json":{"title":"Britische Herrenmode von Finshley & Harding bei VAN GRAAF kaufen","description":"Britische Klassiker und zeitlose Basics f\u00fcr gehobene Herrenmode von Finshley & Harding bei VAN GRAAF!","robots":{"index":"noindex","follow":"follow"},"og_locale":"de_DE","og_type":"article","og_title":"Britische Herrenmode von Finshley & Harding bei VAN GRAAF kaufen","og_description":"Britische Klassiker und zeitlose Basics f\u00fcr gehobene Herrenmode von Finshley & Harding bei VAN GRAAF!","og_url":"https:\/\/www.vangraaf.com\/ch\/marken\/finshley-harding\/","og_site_name":"VAN GRAAF Schweiz","article_modified_time":"2025-02-12T14:53:05+00:00","twitter_card":"summary_large_image","twitter_misc":{"Est. reading time":"4\u00a0Minuten"},"schema":{"@context":"https:\/\/schema.org","@graph":[{"@type":"WebPage","@id":"https:\/\/www.vangraaf.com\/ch\/marken\/finshley-harding\/","url":"https:\/\/www.vangraaf.com\/ch\/marken\/finshley-harding\/","name":"Britische Herrenmode von Finshley & Harding bei VAN GRAAF kaufen","isPartOf":{"@id":"https:\/\/www.vangraaf.com\/ch\/#website"},"datePublished":"2020-03-12T11:07:04+00:00","dateModified":"2025-02-12T14:53:05+00:00","description":"Britische Klassiker und zeitlose Basics f\u00fcr gehobene Herrenmode von Finshley & Harding bei VAN GRAAF!","breadcrumb":{"@id":"https:\/\/www.vangraaf.com\/ch\/marken\/finshley-harding\/#breadcrumb"},"inLanguage":"de-CH","potentialAction":[{"@type":"ReadAction","target":["https:\/\/www.vangraaf.com\/ch\/marken\/finshley-harding\/"]}]},{"@type":"BreadcrumbList","@id":"https:\/\/www.vangraaf.com\/ch\/marken\/finshley-harding\/#breadcrumb","itemListElement":[{"@type":"ListItem","position":1,"name":"Home","item":"https:\/\/www.vangraaf.com\/ch\/"},{"@type":"ListItem","position":2,"name":"Marken","item":"https:\/\/www.vangraaf.com\/ch\/marken\/"},{"@type":"ListItem","position":3,"name":"Finshley &amp; Harding"}]},{"@type":"WebSite","@id":"https:\/\/www.vangraaf.com\/ch\/#website","url":"https:\/\/www.vangraaf.com\/ch\/","name":"VAN GRAAF","description":"VAN GRAAF","potentialAction":[{"@type":"SearchAction","target":{"@type":"EntryPoint","urlTemplate":"https:\/\/www.vangraaf.com\/ch\/?s={search_term_string}"},"query-input":{"@type":"PropertyValueSpecification","valueRequired":true,"valueName":"search_term_string"}}],"inLanguage":"de-CH"}]}},"_links":{"self":[{"href":"https:\/\/www.vangraaf.com\/ch\/wp-json\/wp\/v2\/pages\/3608","targetHints":{"allow":["GET"]}}],"collection":[{"href":"https:\/\/www.vangraaf.com\/ch\/wp-json\/wp\/v2\/pages"}],"about":[{"href":"https:\/\/www.vangraaf.com\/ch\/wp-json\/wp\/v2\/types\/page"}],"author":[{"embeddable":true,"href":"https:\/\/www.vangraaf.com\/ch\/wp-json\/wp\/v2\/users\/5"}],"replies":[{"embeddable":true,"href":"https:\/\/www.vangraaf.com\/ch\/wp-json\/wp\/v2\/comments?post=3608"}],"version-history":[{"count":26,"href":"https:\/\/www.vangraaf.com\/ch\/wp-json\/wp\/v2\/pages\/3608\/revisions"}],"predecessor-version":[{"id":7179,"href":"https:\/\/www.vangraaf.com\/ch\/wp-json\/wp\/v2\/pages\/3608\/revisions\/7179"}],"up":[{"embeddable":true,"href":"https:\/\/www.vangraaf.com\/ch\/wp-json\/wp\/v2\/pages\/2162"}],"wp:attachment":[{"href":"https:\/\/www.vangraaf.com\/ch\/wp-json\/wp\/v2\/media?parent=3608"}],"curies":[{"name":"wp","href":"https:\/\/api.w.org\/{rel}","templated":true}]}}