{"id":2532,"date":"2020-02-24T11:06:53","date_gmt":"2020-02-24T10:06:53","guid":{"rendered":"http:\/\/van-graaf.test\/ch\/?page_id=2532"},"modified":"2021-03-01T13:51:39","modified_gmt":"2021-03-01T12:51:39","slug":"hilfe","status":"publish","type":"page","link":"https:\/\/www.vangraaf.com\/ch\/hilfe\/","title":{"rendered":"Hilfe"},"content":{"rendered":"<div class=\"wpb-content-wrapper\">[vc_row full_width=&#187;stretch_row_content_no_spaces&#187;][vc_column]<div class=\"keyvisual\" data-aos=\"fade-up\" ><img loading=\"lazy\" decoding=\"async\" width=\"1440\" height=\"480\" src=\"https:\/\/www.vangraaf.com\/ch\/wp-content\/uploads\/sites\/6\/2020\/02\/Impressum_Banner_WP.jpg\" class=\"vc_single_image-img\" alt=\"Ein Mann in einer beigefarbenen Jacke und eine Frau in einer Jeansjacke mit Leopardenmuster stehen nebeneinander vor einer wei\u00dfen Wand.\" srcset=\"https:\/\/www.vangraaf.com\/ch\/wp-content\/uploads\/sites\/6\/2020\/02\/Impressum_Banner_WP.jpg 1440w, https:\/\/www.vangraaf.com\/ch\/wp-content\/uploads\/sites\/6\/2020\/02\/Impressum_Banner_WP-300x100.jpg 300w, https:\/\/www.vangraaf.com\/ch\/wp-content\/uploads\/sites\/6\/2020\/02\/Impressum_Banner_WP-1024x341.jpg 1024w, https:\/\/www.vangraaf.com\/ch\/wp-content\/uploads\/sites\/6\/2020\/02\/Impressum_Banner_WP-768x256.jpg 768w, https:\/\/www.vangraaf.com\/ch\/wp-content\/uploads\/sites\/6\/2020\/02\/Impressum_Banner_WP-1200x400.jpg 1200w, https:\/\/www.vangraaf.com\/ch\/wp-content\/uploads\/sites\/6\/2020\/02\/Impressum_Banner_WP-992x331.jpg 992w, https:\/\/www.vangraaf.com\/ch\/wp-content\/uploads\/sites\/6\/2020\/02\/Impressum_Banner_WP-480x160.jpg 480w, https:\/\/www.vangraaf.com\/ch\/wp-content\/uploads\/sites\/6\/2020\/02\/Impressum_Banner_WP-690x230.jpg 690w\" sizes=\"(max-width: 1440px) 100vw, 1440px\" \/><\/div>\n        <div class=\"headlines headlines--center\" data-aos=\"fade-up\">\n            <div class=\"vc_row\">\n                <div class=\"vc_col-md-10 vc_col-md-offset-1 vc_col-lg-10 vc_col-lg-offset-1\"><h1 class=\"h2\">Hilfe<\/h1><\/div>\n            <\/div>\n        <\/div>[vc_column_text]\r\n<p style=\"text-align: center\">Haben Sie eine Frage zu unserem Internetauftritt? Wir helfen Ihnen gerne weiter.<\/p>\r\n[\/vc_column_text][vc_column_text]\r\n<h3 class=\"panel-title headline--level-7\">Cookies<\/h3>\r\nDie VAN\u00a0GRAAF Website arbeitet mit Cookies. Das heisst, dass w\u00e4hrend Ihres Besuches benutzerbezogene Informationen auf Ihrem PC abgelegt werden. Diese Informationen k\u00f6nnen bei Ihrem n\u00e4chsten Besuch wieder abgerufen werden \u2013 um zum Beispiel Ihre pers\u00f6nlichen Einstellungen wieder anzuzeigen oder Inhalte schneller laden zu k\u00f6nnen. Sie k\u00f6nnen Cookies mithilfe Ihres Browsers zulassen, sperren oder bereits gespeicherte Cookies wieder l\u00f6schen.\r\n<h3 class=\"panel-title headline--level-7\">Flashplayer<\/h3>\r\nWenn Sie keinen Flashplayer installiert haben, k\u00f6nnen Sie ihn sich <a href=\"http:\/\/www.adobe.com\/shockwave\/download\/index.cgi?P1_Prod_Version=ShockwaveFlash&amp;amp;Lang=German\" target=\"_blank\" rel=\"noopener noreferrer\">hier gratis herunterladen<\/a>.\r\n<h3 class=\"panel-title headline--level-7\">Acrobat Reader\/PDF<\/h3>\r\nEinige unserer Informationen, zum Beispiel einzelne Brosch\u00fcren oder die Anfahrtsskizzen zu unseren H\u00e4usern, sind im PDF f\u00fcr Sie zum Download hinterlegt.\r\n\r\nUm diese Dokumente ansehen und herunterladen zu k\u00f6nnen, ben\u00f6tigen Sie den Acrobat Reader. Sollten Sie dieses Programm nicht installiert haben, k\u00f6nnen Sie es <a href=\"http:\/\/www.adobe.com\/de\/products\/acrobat\/readstep2.html\" target=\"_blank\" rel=\"noopener noreferrer\">hier gratis herunterladen<\/a>.\r\n<h3 class=\"panel-title headline--level-7\">Wie werden meine Daten genutzt?<\/h3>\r\nMit Ihren Daten gehen wir streng vertraulich um. Wir erfragen Ihre Anschrift nur, um zu erfahren, welche Filiale f\u00fcr Sie die n\u00e4chstgelegene ist. Ihre Daten werden nicht zu Marketingzwecken genutzt und auch nicht an Dritte weitergegeben.\r\n<h3 class=\"panel-title headline--level-7\">Wo finde ich was?<\/h3>\r\nWenn Sie ein bestimmtes Thema auf unserer Website suchen und nicht \u00fcber die Navigation f\u00fcndig werden \u2013 schauen Sie doch einfach mal auf unserer <a href=\"https:\/\/www.vangraaf.com\/ch\/sitemap\/\">Sitemap<\/a> nach. Dort erhalten Sie einen genauen \u00dcberblick \u00fcber die gesamte Website.\r\n<h3 class=\"panel-title headline--level-7\">Ich habe eine Nachricht an VAN\u00a0GRAAF \u2013 an wen kann ich mich wenden?<\/h3>\r\nDamit jede eingehende Nachricht so schnell wie m\u00f6glich bearbeitet werden kann, haben wir f\u00fcr Sie verschiedene M\u00f6glichkeiten zur Kontaktaufnahme bereitgestellt: Wenn Sie uns Feedback zu einem <a href=\"https:\/\/www.vangraaf.com\/ch\/haus\/\">unserer H\u00e4user<\/a> geben m\u00f6chten, nutzen Sie bitte unser Feedback-Formular.\r\n\r\nWenn Sie eine Anregung, Lob oder Kritik an uns haben, freuen wir uns \u00fcber Ihre Nachricht \u00fcber das Kontaktformular.\r\n\r\n<a href=\"https:\/\/www.vangraaf.com\/ch\/kontakt\/\">Zum Kontaktformular<\/a>\r\n<h3 class=\"panel-title headline--level-7\">Ich habe VAN\u00a0GRAAF eine Nachricht gesendet und noch keine Antwort erhalten<\/h3>\r\nWir bem\u00fchen uns nat\u00fcrlich, jede Anfrage so schnell wie m\u00f6glich zu beantworten. Bitte haben Sie Verst\u00e4ndnis daf\u00fcr, dass wir nicht jedes Anliegen sofort bearbeiten k\u00f6nnen.\r\n<h3 class=\"panel-title headline--level-7\">Wie finde ich VAN\u00a0GRAAF?<\/h3>\r\nUnter dem Men\u00fcpunkt <a href=\"https:\/\/www.vangraaf.com\/ch\/haus\/\">\u201eHaus\u201c<\/a> finden Sie die H\u00e4user von VAN\u00a0GRAAF.[\/vc_column_text][\/vc_column][\/vc_row]<\/div>","protected":false},"excerpt":{"rendered":"[vc_row full_width=&#187;stretch_row_content_no_spaces&#187;][vc_column][vc_column_text] Haben Sie eine Frage zu unserem Internetauftritt? Wir helfen Ihnen gerne weiter. [\/vc_column_text][vc_column_text] Cookies Die VAN\u00a0GRAAF Website arbeitet mit Cookies. Das heisst, dass w\u00e4hrend Ihres Besuches benutzerbezogene Informationen auf Ihrem PC abgelegt werden. Diese Informationen k\u00f6nnen bei Ihrem n\u00e4chsten Besuch wieder abgerufen werden \u2013 um zum Beispiel Ihre pers\u00f6nlichen Einstellungen wieder anzuzeigen oder [&hellip;]","protected":false},"author":3,"featured_media":0,"parent":0,"menu_order":0,"comment_status":"closed","ping_status":"closed","template":"","meta":{"_acf_changed":false,"inline_featured_image":false,"footnotes":""},"class_list":["post-2532","page","type-page","status-publish","hentry"],"acf":[],"yoast_head":"<!-- This site is optimized with the Yoast SEO plugin v27.2 - https:\/\/yoast.com\/product\/yoast-seo-wordpress\/ -->\n<title>Das Hilfeportal von VAN GRAAF<\/title>\n<meta name=\"description\" content=\"VAN GRAAF beantwortet Ihre Fragen rund um Mode und Co.\" \/>\n<meta name=\"robots\" content=\"index, follow, max-snippet:-1, max-image-preview:large, max-video-preview:-1\" \/>\n<link rel=\"canonical\" href=\"https:\/\/www.vangraaf.com\/ch\/hilfe\/\" \/>\n<meta property=\"og:locale\" content=\"de_DE\" \/>\n<meta property=\"og:type\" content=\"article\" \/>\n<meta property=\"og:title\" content=\"Das Hilfeportal von VAN GRAAF\" \/>\n<meta property=\"og:description\" content=\"VAN GRAAF beantwortet Ihre Fragen rund um Mode und Co.\" \/>\n<meta property=\"og:url\" content=\"https:\/\/www.vangraaf.com\/ch\/hilfe\/\" \/>\n<meta property=\"og:site_name\" content=\"VAN GRAAF Schweiz\" \/>\n<meta property=\"article:modified_time\" content=\"2021-03-01T12:51:39+00:00\" \/>\n<meta name=\"twitter:card\" content=\"summary_large_image\" \/>\n<meta name=\"twitter:label1\" content=\"Est. reading time\" \/>\n\t<meta name=\"twitter:data1\" content=\"2\u00a0Minuten\" \/>\n<script type=\"application\/ld+json\" class=\"yoast-schema-graph\">{\"@context\":\"https:\/\/schema.org\",\"@graph\":[{\"@type\":\"WebPage\",\"@id\":\"https:\/\/www.vangraaf.com\/ch\/hilfe\/\",\"url\":\"https:\/\/www.vangraaf.com\/ch\/hilfe\/\",\"name\":\"Das Hilfeportal von VAN GRAAF\",\"isPartOf\":{\"@id\":\"https:\/\/www.vangraaf.com\/ch\/#website\"},\"datePublished\":\"2020-02-24T10:06:53+00:00\",\"dateModified\":\"2021-03-01T12:51:39+00:00\",\"description\":\"VAN GRAAF beantwortet Ihre Fragen rund um Mode und Co.\",\"breadcrumb\":{\"@id\":\"https:\/\/www.vangraaf.com\/ch\/hilfe\/#breadcrumb\"},\"inLanguage\":\"de-CH\",\"potentialAction\":[{\"@type\":\"ReadAction\",\"target\":[\"https:\/\/www.vangraaf.com\/ch\/hilfe\/\"]}]},{\"@type\":\"BreadcrumbList\",\"@id\":\"https:\/\/www.vangraaf.com\/ch\/hilfe\/#breadcrumb\",\"itemListElement\":[{\"@type\":\"ListItem\",\"position\":1,\"name\":\"Home\",\"item\":\"https:\/\/www.vangraaf.com\/ch\/\"},{\"@type\":\"ListItem\",\"position\":2,\"name\":\"Hilfe\"}]},{\"@type\":\"WebSite\",\"@id\":\"https:\/\/www.vangraaf.com\/ch\/#website\",\"url\":\"https:\/\/www.vangraaf.com\/ch\/\",\"name\":\"VAN GRAAF\",\"description\":\"VAN GRAAF\",\"potentialAction\":[{\"@type\":\"SearchAction\",\"target\":{\"@type\":\"EntryPoint\",\"urlTemplate\":\"https:\/\/www.vangraaf.com\/ch\/?s={search_term_string}\"},\"query-input\":{\"@type\":\"PropertyValueSpecification\",\"valueRequired\":true,\"valueName\":\"search_term_string\"}}],\"inLanguage\":\"de-CH\"}]}<\/script>\n<!-- \/ Yoast SEO plugin. -->","yoast_head_json":{"title":"Das Hilfeportal von VAN GRAAF","description":"VAN GRAAF beantwortet Ihre Fragen rund um Mode und Co.","robots":{"index":"index","follow":"follow","max-snippet":"max-snippet:-1","max-image-preview":"max-image-preview:large","max-video-preview":"max-video-preview:-1"},"canonical":"https:\/\/www.vangraaf.com\/ch\/hilfe\/","og_locale":"de_DE","og_type":"article","og_title":"Das Hilfeportal von VAN GRAAF","og_description":"VAN GRAAF beantwortet Ihre Fragen rund um Mode und Co.","og_url":"https:\/\/www.vangraaf.com\/ch\/hilfe\/","og_site_name":"VAN GRAAF Schweiz","article_modified_time":"2021-03-01T12:51:39+00:00","twitter_card":"summary_large_image","twitter_misc":{"Est. reading time":"2\u00a0Minuten"},"schema":{"@context":"https:\/\/schema.org","@graph":[{"@type":"WebPage","@id":"https:\/\/www.vangraaf.com\/ch\/hilfe\/","url":"https:\/\/www.vangraaf.com\/ch\/hilfe\/","name":"Das Hilfeportal von VAN GRAAF","isPartOf":{"@id":"https:\/\/www.vangraaf.com\/ch\/#website"},"datePublished":"2020-02-24T10:06:53+00:00","dateModified":"2021-03-01T12:51:39+00:00","description":"VAN GRAAF beantwortet Ihre Fragen rund um Mode und Co.","breadcrumb":{"@id":"https:\/\/www.vangraaf.com\/ch\/hilfe\/#breadcrumb"},"inLanguage":"de-CH","potentialAction":[{"@type":"ReadAction","target":["https:\/\/www.vangraaf.com\/ch\/hilfe\/"]}]},{"@type":"BreadcrumbList","@id":"https:\/\/www.vangraaf.com\/ch\/hilfe\/#breadcrumb","itemListElement":[{"@type":"ListItem","position":1,"name":"Home","item":"https:\/\/www.vangraaf.com\/ch\/"},{"@type":"ListItem","position":2,"name":"Hilfe"}]},{"@type":"WebSite","@id":"https:\/\/www.vangraaf.com\/ch\/#website","url":"https:\/\/www.vangraaf.com\/ch\/","name":"VAN GRAAF","description":"VAN GRAAF","potentialAction":[{"@type":"SearchAction","target":{"@type":"EntryPoint","urlTemplate":"https:\/\/www.vangraaf.com\/ch\/?s={search_term_string}"},"query-input":{"@type":"PropertyValueSpecification","valueRequired":true,"valueName":"search_term_string"}}],"inLanguage":"de-CH"}]}},"_links":{"self":[{"href":"https:\/\/www.vangraaf.com\/ch\/wp-json\/wp\/v2\/pages\/2532","targetHints":{"allow":["GET"]}}],"collection":[{"href":"https:\/\/www.vangraaf.com\/ch\/wp-json\/wp\/v2\/pages"}],"about":[{"href":"https:\/\/www.vangraaf.com\/ch\/wp-json\/wp\/v2\/types\/page"}],"author":[{"embeddable":true,"href":"https:\/\/www.vangraaf.com\/ch\/wp-json\/wp\/v2\/users\/3"}],"replies":[{"embeddable":true,"href":"https:\/\/www.vangraaf.com\/ch\/wp-json\/wp\/v2\/comments?post=2532"}],"version-history":[{"count":13,"href":"https:\/\/www.vangraaf.com\/ch\/wp-json\/wp\/v2\/pages\/2532\/revisions"}],"predecessor-version":[{"id":5928,"href":"https:\/\/www.vangraaf.com\/ch\/wp-json\/wp\/v2\/pages\/2532\/revisions\/5928"}],"wp:attachment":[{"href":"https:\/\/www.vangraaf.com\/ch\/wp-json\/wp\/v2\/media?parent=2532"}],"curies":[{"name":"wp","href":"https:\/\/api.w.org\/{rel}","templated":true}]}}