{"id":2509,"date":"2020-02-24T10:49:49","date_gmt":"2020-02-24T09:49:49","guid":{"rendered":"http:\/\/van-graaf.test\/ch\/?page_id=2509"},"modified":"2025-07-04T16:44:19","modified_gmt":"2025-07-04T14:44:19","slug":"impressum","status":"publish","type":"page","link":"https:\/\/www.vangraaf.com\/ch\/impressum\/","title":{"rendered":"Impressum"},"content":{"rendered":"<div class=\"wpb-content-wrapper\">[vc_row full_width=&#187;stretch_row_content_no_spaces&#187;][vc_column]<div class=\"keyvisual\" data-aos=\"fade-up\" ><img loading=\"lazy\" decoding=\"async\" width=\"1440\" height=\"480\" src=\"https:\/\/www.vangraaf.com\/ch\/wp-content\/uploads\/sites\/6\/2020\/02\/Impressum_Banner_WP.jpg\" class=\"vc_single_image-img\" alt=\"Ein Mann in einer beigefarbenen Jacke und eine Frau in einer Jeansjacke mit Leopardenmuster stehen nebeneinander vor einer wei\u00dfen Wand.\" srcset=\"https:\/\/www.vangraaf.com\/ch\/wp-content\/uploads\/sites\/6\/2020\/02\/Impressum_Banner_WP.jpg 1440w, https:\/\/www.vangraaf.com\/ch\/wp-content\/uploads\/sites\/6\/2020\/02\/Impressum_Banner_WP-300x100.jpg 300w, https:\/\/www.vangraaf.com\/ch\/wp-content\/uploads\/sites\/6\/2020\/02\/Impressum_Banner_WP-1024x341.jpg 1024w, https:\/\/www.vangraaf.com\/ch\/wp-content\/uploads\/sites\/6\/2020\/02\/Impressum_Banner_WP-768x256.jpg 768w, https:\/\/www.vangraaf.com\/ch\/wp-content\/uploads\/sites\/6\/2020\/02\/Impressum_Banner_WP-1200x400.jpg 1200w, https:\/\/www.vangraaf.com\/ch\/wp-content\/uploads\/sites\/6\/2020\/02\/Impressum_Banner_WP-992x331.jpg 992w, https:\/\/www.vangraaf.com\/ch\/wp-content\/uploads\/sites\/6\/2020\/02\/Impressum_Banner_WP-480x160.jpg 480w, https:\/\/www.vangraaf.com\/ch\/wp-content\/uploads\/sites\/6\/2020\/02\/Impressum_Banner_WP-690x230.jpg 690w\" sizes=\"(max-width: 1440px) 100vw, 1440px\" \/><\/div>\n        <div class=\"headlines headlines--center\" data-aos=\"fade-up\">\n            <div class=\"vc_row\">\n                <div class=\"vc_col-md-10 vc_col-md-offset-1 vc_col-lg-10 vc_col-lg-offset-1\"><h1 class=\"h2\">Impressum<\/h1><\/div>\n            <\/div>\n        <\/div>[vc_column_text]\r\n<p style=\"text-align: left\"><strong>Adresse<\/strong>\r\nVAN GRAAF GmbH &amp; Co. KG\r\nAm Heumarkt 7 Stiege 7 Top 91\r\nAT-1030 Wien\r\nSitz der Gesellschaft: Wien\r\nHandelsgericht Wien, Firmenbuch-Nr. FN:284509x<\/p>\r\n<p style=\"text-align: left\">Fax: +41 (0) 56 419 7200\r\nE-Mail:<a href=\"mailto:service.spreitenbach@vangraaf.com\"> service.spreitenbach@vangraaf.com<\/a><\/p>\r\n<p style=\"text-align: left\">Komplement\u00e4rin: VAN\u00a0GRAAF GmbH\r\nSitz der Gesellschaft: Wien\r\nHandelsgericht Wien, Firmenbuch-Nr. FN:283509a\r\nGesch\u00e4ftsf\u00fchrer: Verena Czaja, Ludger Wonnemann<\/p>\r\n<p style=\"text-align: left\">S\u00e4mtliche Daten, Texte und Bilder sind Eigentum von VAN\u00a0GRAAF. Die Verwendung zu gewerblichen Zwecken ist untersagt.<\/p>\r\n<p style=\"text-align: left\">Dieses Impressum gilt auch f\u00fcr unsere Facebook-Fanseite\u00a0<a href=\"https:\/\/www.facebook.com\/VANGRAAF\/\" target=\"_blank\" rel=\"noopener noreferrer\">www.facebook.com\/VANGRAAF<\/a>.<\/p>\r\nTechnische Umsetzung und Betreuung durch\u00a0<a href=\"https:\/\/www.pluspol-interactive.de\/\" target=\"_blank\" rel=\"noopener\">PLUSPOL interactive<\/a>.[\/vc_column_text][\/vc_column][\/vc_row]<\/div>","protected":false},"excerpt":{"rendered":"[vc_row full_width=&#187;stretch_row_content_no_spaces&#187;][vc_column][vc_column_text] Adresse VAN GRAAF GmbH &amp; Co. KG Am Heumarkt 7 Stiege 7 Top 91 AT-1030 Wien Sitz der Gesellschaft: Wien Handelsgericht Wien, Firmenbuch-Nr. FN:284509x Fax: +41 (0) 56 419 7200 E-Mail: service.spreitenbach@vangraaf.com Komplement\u00e4rin: VAN\u00a0GRAAF GmbH Sitz der Gesellschaft: Wien Handelsgericht Wien, Firmenbuch-Nr. FN:283509a Gesch\u00e4ftsf\u00fchrer: Verena Czaja, Ludger Wonnemann S\u00e4mtliche Daten, Texte und Bilder [&hellip;]","protected":false},"author":5,"featured_media":0,"parent":0,"menu_order":0,"comment_status":"closed","ping_status":"closed","template":"","meta":{"_acf_changed":false,"inline_featured_image":false,"footnotes":""},"class_list":["post-2509","page","type-page","status-publish","hentry"],"acf":[],"yoast_head":"<!-- This site is optimized with the Yoast SEO plugin v27.2 - https:\/\/yoast.com\/product\/yoast-seo-wordpress\/ -->\n<title>Impressum der VAN GRAAF GmbH &amp; Co. KG<\/title>\n<meta name=\"description\" content=\"Hier k\u00f6nnen Sie Adresse, Kontaktdaten und weitere Informationen der VAN GRAAF GmbH &amp; Co. KG einsehen.\" \/>\n<meta name=\"robots\" content=\"index, follow, max-snippet:-1, max-image-preview:large, max-video-preview:-1\" \/>\n<link rel=\"canonical\" href=\"https:\/\/www.vangraaf.com\/ch\/impressum\/\" \/>\n<meta property=\"og:locale\" content=\"de_DE\" \/>\n<meta property=\"og:type\" content=\"article\" \/>\n<meta property=\"og:title\" content=\"Impressum der VAN GRAAF GmbH &amp; Co. KG\" \/>\n<meta property=\"og:description\" content=\"Hier k\u00f6nnen Sie Adresse, Kontaktdaten und weitere Informationen der VAN GRAAF GmbH &amp; Co. KG einsehen.\" \/>\n<meta property=\"og:url\" content=\"https:\/\/www.vangraaf.com\/ch\/impressum\/\" \/>\n<meta property=\"og:site_name\" content=\"VAN GRAAF Schweiz\" \/>\n<meta property=\"article:modified_time\" content=\"2025-07-04T14:44:19+00:00\" \/>\n<meta name=\"twitter:card\" content=\"summary_large_image\" \/>\n<meta name=\"twitter:label1\" content=\"Est. reading time\" \/>\n\t<meta name=\"twitter:data1\" content=\"1\u00a0Minute\" \/>\n<script type=\"application\/ld+json\" class=\"yoast-schema-graph\">{\"@context\":\"https:\/\/schema.org\",\"@graph\":[{\"@type\":\"WebPage\",\"@id\":\"https:\/\/www.vangraaf.com\/ch\/impressum\/\",\"url\":\"https:\/\/www.vangraaf.com\/ch\/impressum\/\",\"name\":\"Impressum der VAN GRAAF GmbH & Co. KG\",\"isPartOf\":{\"@id\":\"https:\/\/www.vangraaf.com\/ch\/#website\"},\"datePublished\":\"2020-02-24T09:49:49+00:00\",\"dateModified\":\"2025-07-04T14:44:19+00:00\",\"description\":\"Hier k\u00f6nnen Sie Adresse, Kontaktdaten und weitere Informationen der VAN GRAAF GmbH & Co. KG einsehen.\",\"breadcrumb\":{\"@id\":\"https:\/\/www.vangraaf.com\/ch\/impressum\/#breadcrumb\"},\"inLanguage\":\"de-CH\",\"potentialAction\":[{\"@type\":\"ReadAction\",\"target\":[\"https:\/\/www.vangraaf.com\/ch\/impressum\/\"]}]},{\"@type\":\"BreadcrumbList\",\"@id\":\"https:\/\/www.vangraaf.com\/ch\/impressum\/#breadcrumb\",\"itemListElement\":[{\"@type\":\"ListItem\",\"position\":1,\"name\":\"Home\",\"item\":\"https:\/\/www.vangraaf.com\/ch\/\"},{\"@type\":\"ListItem\",\"position\":2,\"name\":\"Impressum\"}]},{\"@type\":\"WebSite\",\"@id\":\"https:\/\/www.vangraaf.com\/ch\/#website\",\"url\":\"https:\/\/www.vangraaf.com\/ch\/\",\"name\":\"VAN GRAAF\",\"description\":\"VAN GRAAF\",\"potentialAction\":[{\"@type\":\"SearchAction\",\"target\":{\"@type\":\"EntryPoint\",\"urlTemplate\":\"https:\/\/www.vangraaf.com\/ch\/?s={search_term_string}\"},\"query-input\":{\"@type\":\"PropertyValueSpecification\",\"valueRequired\":true,\"valueName\":\"search_term_string\"}}],\"inLanguage\":\"de-CH\"}]}<\/script>\n<!-- \/ Yoast SEO plugin. -->","yoast_head_json":{"title":"Impressum der VAN GRAAF GmbH & Co. KG","description":"Hier k\u00f6nnen Sie Adresse, Kontaktdaten und weitere Informationen der VAN GRAAF GmbH & Co. KG einsehen.","robots":{"index":"index","follow":"follow","max-snippet":"max-snippet:-1","max-image-preview":"max-image-preview:large","max-video-preview":"max-video-preview:-1"},"canonical":"https:\/\/www.vangraaf.com\/ch\/impressum\/","og_locale":"de_DE","og_type":"article","og_title":"Impressum der VAN GRAAF GmbH & Co. KG","og_description":"Hier k\u00f6nnen Sie Adresse, Kontaktdaten und weitere Informationen der VAN GRAAF GmbH & Co. KG einsehen.","og_url":"https:\/\/www.vangraaf.com\/ch\/impressum\/","og_site_name":"VAN GRAAF Schweiz","article_modified_time":"2025-07-04T14:44:19+00:00","twitter_card":"summary_large_image","twitter_misc":{"Est. reading time":"1\u00a0Minute"},"schema":{"@context":"https:\/\/schema.org","@graph":[{"@type":"WebPage","@id":"https:\/\/www.vangraaf.com\/ch\/impressum\/","url":"https:\/\/www.vangraaf.com\/ch\/impressum\/","name":"Impressum der VAN GRAAF GmbH & Co. KG","isPartOf":{"@id":"https:\/\/www.vangraaf.com\/ch\/#website"},"datePublished":"2020-02-24T09:49:49+00:00","dateModified":"2025-07-04T14:44:19+00:00","description":"Hier k\u00f6nnen Sie Adresse, Kontaktdaten und weitere Informationen der VAN GRAAF GmbH & Co. KG einsehen.","breadcrumb":{"@id":"https:\/\/www.vangraaf.com\/ch\/impressum\/#breadcrumb"},"inLanguage":"de-CH","potentialAction":[{"@type":"ReadAction","target":["https:\/\/www.vangraaf.com\/ch\/impressum\/"]}]},{"@type":"BreadcrumbList","@id":"https:\/\/www.vangraaf.com\/ch\/impressum\/#breadcrumb","itemListElement":[{"@type":"ListItem","position":1,"name":"Home","item":"https:\/\/www.vangraaf.com\/ch\/"},{"@type":"ListItem","position":2,"name":"Impressum"}]},{"@type":"WebSite","@id":"https:\/\/www.vangraaf.com\/ch\/#website","url":"https:\/\/www.vangraaf.com\/ch\/","name":"VAN GRAAF","description":"VAN GRAAF","potentialAction":[{"@type":"SearchAction","target":{"@type":"EntryPoint","urlTemplate":"https:\/\/www.vangraaf.com\/ch\/?s={search_term_string}"},"query-input":{"@type":"PropertyValueSpecification","valueRequired":true,"valueName":"search_term_string"}}],"inLanguage":"de-CH"}]}},"_links":{"self":[{"href":"https:\/\/www.vangraaf.com\/ch\/wp-json\/wp\/v2\/pages\/2509","targetHints":{"allow":["GET"]}}],"collection":[{"href":"https:\/\/www.vangraaf.com\/ch\/wp-json\/wp\/v2\/pages"}],"about":[{"href":"https:\/\/www.vangraaf.com\/ch\/wp-json\/wp\/v2\/types\/page"}],"author":[{"embeddable":true,"href":"https:\/\/www.vangraaf.com\/ch\/wp-json\/wp\/v2\/users\/5"}],"replies":[{"embeddable":true,"href":"https:\/\/www.vangraaf.com\/ch\/wp-json\/wp\/v2\/comments?post=2509"}],"version-history":[{"count":16,"href":"https:\/\/www.vangraaf.com\/ch\/wp-json\/wp\/v2\/pages\/2509\/revisions"}],"predecessor-version":[{"id":8038,"href":"https:\/\/www.vangraaf.com\/ch\/wp-json\/wp\/v2\/pages\/2509\/revisions\/8038"}],"wp:attachment":[{"href":"https:\/\/www.vangraaf.com\/ch\/wp-json\/wp\/v2\/media?parent=2509"}],"curies":[{"name":"wp","href":"https:\/\/api.w.org\/{rel}","templated":true}]}}