{"id":2417,"date":"2020-02-20T16:11:58","date_gmt":"2020-02-20T15:11:58","guid":{"rendered":"http:\/\/van-graaf.test\/ch\/?page_id=2417"},"modified":"2020-05-06T16:12:41","modified_gmt":"2020-05-06T14:12:41","slug":"agb-van-graaf-card","status":"publish","type":"page","link":"https:\/\/www.vangraaf.com\/ch\/van-graaf-card\/agb-van-graaf-card\/","title":{"rendered":"AGB"},"content":{"rendered":"<div class=\"wpb-content-wrapper\">[vc_row full_width=&#187;stretch_row_content_no_spaces&#187;][vc_column]<div class=\"keyvisual\" data-aos=\"fade-up\" ><img loading=\"lazy\" decoding=\"async\" width=\"1440\" height=\"480\" src=\"https:\/\/www.vangraaf.com\/ch\/wp-content\/uploads\/sites\/6\/2020\/03\/keyvisual-agb.jpg\" class=\"vc_single_image-img\" alt=\"\" srcset=\"https:\/\/www.vangraaf.com\/ch\/wp-content\/uploads\/sites\/6\/2020\/03\/keyvisual-agb.jpg 1440w, https:\/\/www.vangraaf.com\/ch\/wp-content\/uploads\/sites\/6\/2020\/03\/keyvisual-agb-300x100.jpg 300w, https:\/\/www.vangraaf.com\/ch\/wp-content\/uploads\/sites\/6\/2020\/03\/keyvisual-agb-1024x341.jpg 1024w, https:\/\/www.vangraaf.com\/ch\/wp-content\/uploads\/sites\/6\/2020\/03\/keyvisual-agb-768x256.jpg 768w, https:\/\/www.vangraaf.com\/ch\/wp-content\/uploads\/sites\/6\/2020\/03\/keyvisual-agb-1200x400.jpg 1200w, https:\/\/www.vangraaf.com\/ch\/wp-content\/uploads\/sites\/6\/2020\/03\/keyvisual-agb-992x331.jpg 992w, https:\/\/www.vangraaf.com\/ch\/wp-content\/uploads\/sites\/6\/2020\/03\/keyvisual-agb-480x160.jpg 480w, https:\/\/www.vangraaf.com\/ch\/wp-content\/uploads\/sites\/6\/2020\/03\/keyvisual-agb-690x230.jpg 690w\" sizes=\"(max-width: 1440px) 100vw, 1440px\" \/><\/div>\n        <div class=\"headlines headlines--center\" data-aos=\"fade-up\">\n            <div class=\"vc_row\">\n                <div class=\"vc_col-md-10 vc_col-md-offset-1 vc_col-lg-10 vc_col-lg-offset-1\"><h1 class=\"h2\">AGB<\/h1><\/div>\n            <\/div>\n        <\/div>[vc_column_text]<strong>1. VAN\u00a0GRAAF\u00a0CARD<\/strong>\r\n\r\n(1) Die VAN\u00a0GRAAF\u00a0CARD ist kostenlos und wird von der VAN\u00a0GRAAF GmbH &amp; Co. KG, Wien, Zweigniederlassung Spreitenbach, CH-8957 Spreitenbach (folgend VAN\u00a0GRAAF genannt), herausgegeben. Der Inhaber der VAN\u00a0GRAAF\u00a0CARD (folgend \u201eTeilnehmer\u201c genannt) nimmt nach Massgabe der folgenden Bedingungen am Bonuspunkteprogramm von VAN\u00a0GRAAF teil.\r\n\r\n(2) Zur Teilnahme am VAN\u00a0GRAAF\u00a0CARD Bonuspunkteprogramm ist jede nat\u00fcrliche Person, die ihren Wohnsitz in der Schweiz und das 16. Lebensjahr vollendet hat, berechtigt.\r\n\r\n(3) Die VAN\u00a0GRAAF\u00a0CARD kann nur innerhalb der Schweiz genutzt werden.\r\n\r\n(4) Der Teilnehmer erh\u00e4lt mit Abgabe seines korrekt ausgef\u00fcllten Kartenantrages in einem schweizerischen VAN\u00a0GRAAF Store eine vorl\u00e4ufige Kundenkarte, die ihn sofort zum Sammeln von Bonuspunkten f\u00fcr seine Eink\u00e4ufe berechtigt. Die endg\u00fcltige VAN\u00a0GRAAF\u00a0CARD erh\u00e4lt der Teilnehmer per Post und ist vom Teilnehmer sofort nach Erhalt zu unterschreiben. Die VAN\u00a0GRAAF\u00a0CARD bleibt Eigentum von VAN\u00a0GRAAF, ist nicht \u00fcbertragbar und darf nur vom Teilnehmer genutzt werden.\r\n\r\n<strong>2. Bonuspunkteprogramm<\/strong>\r\n\r\n(1) Bei jedem Einkauf in schweizerischen VAN\u00a0GRAAF Stores mit der VAN\u00a0GRAAF\u00a0CARD erh\u00e4lt der Teilnehmer Bonuspunkte auf sein Bonuspunktekonto gutgeschrieben. Die Anzahl der Bonuspunkte ergibt sich aus dem jeweiligen Kaufpreis inklusive MWSt: F\u00fcr jeden angefangenen Schweizer Franken der Bemessungsgrundlage erh\u00e4lt der Teilnehmer 1 Bonuspunkt. F\u00fcr den Kauf von Gutscheinen werden keine Bonuspunkte gew\u00e4hrt.\r\n\r\n(2) Bei R\u00fcckg\u00e4ngigmachung eines Kaufvertrages (R\u00fcckgabe, Reklamation etc.) wird die entsprechende Gutschrift vom Bonuspunktekonto des Teilnehmers abgezogen. Ein m\u00f6glicher Negativsaldo auf dem Bonuspunktekonto wird mit Gutschriften aus k\u00fcnftigen Abrechnungszeitr\u00e4umen verrechnet.\r\n\r\n(3) Der Teilnehmer kann sich \u00fcber die H\u00f6he seines Bonuspunktekontos regelm\u00e4ssig im Internet nach Anmeldung unter www.vangraaf.com oder telefonisch unter 0800-00 20 56 (Mo.-Fr. 09:00-17:00 Uhr) beim VAN\u00a0GRAAF\u00a0CARD Service informieren. Einwendungen gegen den aktuellen Bonuspunktestand m\u00fcssen innerhalb eines Monats nach Kenntnisnahme vom Guthabenstand schriftlich unter Nennung der VAN\u00a0GRAAF\u00a0CARD Nummer und Beif\u00fcgung der entsprechenden Kassenbons geltend gemacht werden. Das Unterlassen rechtzeitiger Geltendmachung gilt als Genehmigung des Bonuspunktestands.\r\n\r\n(4) Der Teilnehmer kann nach einem Einkauf ohne Nutzung der VAN\u00a0GRAAF\u00a0CARD seine Bonuspunkte binnen einem Monat nachtr\u00e4glich auf www.vangraaf.com oder telefonisch unter 0800-00 20 56 auf sein Bonuspunktekonto gutschreiben lassen.\r\n\r\n<strong>3. Bonuspunktekonto<\/strong>\r\n\r\n(1) Die Bonuspunkte werden auf dem von VAN\u00a0GRAAF gef\u00fchrten, pers\u00f6nlichen Bonuspunktekonto des Teilnehmers fortlaufend gutgeschrieben.\r\n\r\n(2) Zu jedem Quartalsende ermittelt VAN\u00a0GRAAF den Punktestand des Bonuspunktekontos des Teilnehmers. Betr\u00e4gt der Bonuspunktestand zu diesem Zeitpunkt mindestens 300 Punkte (dies entspricht einem Wert von CHF 15.\u2013), wird der Bonuspunktestand in einen Bonus-Gutschein umgewandelt. Ein umgewandelter Bonuspunkt entspricht dabei 5 Rappen. Der Wert des Bonus-Gutscheins wird auf den n\u00e4chsten ganzen Frankenbetrag abgerundet. Die in Bonus-Gutscheine umgewandelten Bonuspunkte werden vom Bonuspunktekonto abgezogen. Nicht in Bonus-Gutscheine umgewandelte Bonuspunkte (weniger als 300 Punkte) verbleiben auf dem Kundenkonto und werden auf den n\u00e4chsten Abrechnungszeitraum \u00fcbertragen.\r\n\r\n(3) Bonuspunkte aus Eink\u00e4ufen, die mehr als 12 Monate zur\u00fcckliegen und f\u00fcr die kein Bonus-Gutschein ausgestellt werden konnte, verfallen und werden vom Bonuspunktekonto des Teilnehmers gel\u00f6scht.\r\n\r\n<strong>4. Bonus-Gutscheine<\/strong>\r\n\r\n(1) Bonus-Gutscheine sind nach dem Zeitpunkt der Ausstellung 6 Monate g\u00fcltig und m\u00fcssen bei Verrechnung im Original vorgelegt werden. Bei Nichteinl\u00f6sung innerhalb des G\u00fcltigkeitszeitraums verfallen sie automatisch. Eine Barauszahlung des Wertes oder eines nach einer Verrechnung vorhandenen Restwertes ist ausgeschlossen.\r\n\r\n(2) VAN\u00a0GRAAF haftet nicht f\u00fcr den Verlust von Bonus-Gutscheinen, insbesondere auf dem Postweg, es sei denn, den Mitarbeitern von VAN\u00a0GRAAF k\u00f6nnte ein vors\u00e4tzliches oder grob fahrl\u00e4ssiges Verhalten nachgewiesen werden.\r\n\r\n<strong>5. Kartenverlust<\/strong>\r\n\r\n(1) Verlust, Diebstahl oder sonstiges Abhandenkommen der VAN\u00a0GRAAF\u00a0CARD hat der Teilnehmer unverz\u00fcglich VAN\u00a0GRAAF anzuzeigen. Auf seinen Antrag erh\u00e4lt der Teilnehmer eine Ersatzkarte. Bereits gesammelte Bonuspunkteguthaben bleiben erhalten.\r\n\r\n(2) VAN\u00a0GRAAF beh\u00e4lt sich die Geltendmachung s\u00e4mtlicher Sch\u00e4den wegen missbr\u00e4uchlicher Verwendung der VAN\u00a0GRAAF\u00a0CARD vor.\r\n\r\n<strong>6. Kundendaten und Datenschutz<\/strong>\r\n\r\n(1) VAN\u00a0GRAAF ist berechtigt, alle mit dem Kartenantrag bekannt gegebenen pers\u00f6nlichen Daten und Angaben des Teilnehmers sowie die im Rahmen der Teilnahme am VAN\u00a0GRAAF\u00a0CARD Bonuspunkteprogramm erhobenen Daten (Datum, Zeit, Ort, Gegenstand und Umsatzwert der Eink\u00e4ufe des Teilnehmers) und die sich daraus ergebenden Daten betreffend die Umwandlung von Bonuspunkten in Gutscheine sowie die Verwendung der Gutscheine des Bonuspunkteprogramms (folgend alle diese Daten gemeinsam \u201eKundendaten\u201c genannt) zu Zwecken der eigenen Marktforschung und der elektronischen und postalischen Zusendung eigener Werbung an den Teilnehmer zu speichern und zu verarbeiten.\r\n\r\n(2) Die Kundendaten werden nach Deutschland zu einem Vertragspartner von VAN\u00a0GRAAF transferiert und dort gespeichert und von dort aus an das Mutterhaus von VAN\u00a0GRAAF zur Speicherung und Verarbeitung \u00fcbermittelt. Bei der Speicherung und Bearbeitung der Kundendaten im Ausland stellt VAN\u00a0GRAAF sicher, dass die Anforderungen der schweizerischen Datenschutzgesetzgebung eingehalten werden.\r\n\r\n(3) Die Kundendaten werden lediglich zu den in Ziff. 6(1) der Allgemeinen Gesch\u00e4ftsbedingungen genannten Zwecken und nur zu Gunsten von Mitgliedern des VAN\u00a0GRAAF Konzerns verwendet.\r\n\r\n(4) Mit der Angabe einer E-Mail-Adresse im Kartenantrag erteilt der Teilnehmer seine Zustimmung zum Erhalt elektronischer Werbesendungen. Der Teilnehmer kann seine Einwilligung gegen\u00fcber VAN\u00a0GRAAF jederzeit entweder schriftlich an den VAN\u00a0GRAAF\u00a0CARD Service (VAN\u00a0GRAAF GmbH &amp; Co.KG, CARD Service, Postfach 3018, 8096 Z\u00fcrich) oder mittels elektronischer Mitteilung an CARDservice-ch@vangraaf.com widerrufen.\r\n\r\n(5) Die Zustimmung des Teilnehmers zum Erhalt postalischer Werbesendungen ist zwingende Voraussetzung f\u00fcr die Teilnahme am Bonuspunkteprogramm. Der Teilnehmer kann seine Zustimmung zum Erhalt postalischer Werbesendungen zwar jederzeit mit schriftlicher Mitteilung an den VAN\u00a0GRAAF\u00a0CARD Service widerrufen. Diesfalls ist VAN\u00a0GRAAF aber zur unmittelbaren K\u00fcndigung der Vereinbarung \u00fcber das Bonuspunkteprogramm nach Ziff. 7(3) dieser Allgemeinen Gesch\u00e4ftsbedingungen berechtigt.\r\n\r\n(6) Der Teilnehmer ist verpflichtet, VAN\u00a0GRAAF jede \u00c4nderung der von ihm im Kartenantrag angegebenen Kundendaten unverz\u00fcglich bekannt zu geben. Die Zustellung von Mitteilungen und Bonus-Gutscheinen kann an die zuletzt vom Teilnehmer bekannt gegebenen Adressen erfolgen.\r\n\r\n(7) Die Kundendaten werden von VAN\u00a0GRAAF f\u00fcr die Dauer der Teilnahme am Bonuspunkteprogramm und im Anschluss allenfalls in anonymisierter Form gespeichert.\r\n\r\n(8) Die Teilnehmer k\u00f6nnen jederzeit schriftlich beim VAN\u00a0GRAAF\u00a0CARD Service Einsicht in ihre Kundendaten und eine Berichtigung oder L\u00f6schung der Kundendaten verlangen. Zusammen mit dem Einsichtsgesuch hat der Teilnehmer eine Kopie der VAN\u00a0GRAAF\u00a0CARD sowie eine Kopie eines amtlichen Personalausweises einzuschicken zur Sicherung des Datenzugriffs seitens Dritter. Im Falle einer beantragten L\u00f6schung der Kundendaten ist VAN\u00a0GRAAF zur unmittelbaren K\u00fcndigung nach Ziff. 7(3) der Allgemeinen Gesch\u00e4ftsbedingungen berechtigt.\r\n\r\n<strong>7. K\u00fcndigung und L\u00f6schung des Kundenkontos<\/strong>\r\n\r\n(1) Diese Vereinbarung wird auf unbestimmte Zeit geschlossen. Der Teilnehmer kann seine Teilnahme am VAN\u00a0GRAAF\u00a0CARD Bonuspunkteprogramm jederzeit ohne Einhaltung einer Frist k\u00fcndigen.\r\n\r\n(2) VAN\u00a0GRAAF kann diese Vereinbarung jederzeit unter Einhaltung einer einmonatigen K\u00fcndigungsfrist k\u00fcndigen. Diesfalls wird VAN\u00a0GRAAF das Punkteguthaben zum K\u00fcndigungstermin ermitteln und, sofern der Teilnehmer ein Guthaben von zumindest 300 Bonuspunkten hat, einen Gutschein \u00fcber den entsprechenden Betrag ausstellen, und das entsprechende Bonuspunktekonto l\u00f6schen.\r\n\r\n(3) Bei Vorliegen wichtiger Gr\u00fcnde kann VAN\u00a0GRAAF jederzeit die sofortige Herausgabe der VAN\u00a0GRAAF\u00a0CARD verlangen und\/oder die VAN\u00a0GRAAF\u00a0CARD sperren und\/oder das Vertragsverh\u00e4ltnis ohne Einhaltung einer K\u00fcndigungsfrist beenden.\r\n\r\n(4) Sofern ein Teilnehmer w\u00e4hrend mehr als 3 Jahren keine neuen Bonuspunkte erwirbt, ist VAN\u00a0GRAAF berechtigt, das Konto des Teilnehmers ohne weitere Verst\u00e4ndigung zu l\u00f6schen. Der betroffene Teilnehmer kann jederzeit eine neue VAN\u00a0GRAAF\u00a0CARD beantragen.\r\n\r\n(5) Im Fall einer K\u00fcndigung durch den Teilnehmer nach Absatz (1) oder einer K\u00fcndigung durch VAN\u00a0GRAAF nach Absatz (3) verfallen vom Teilnehmer gesammelte Bonuspunkte.\r\n\r\n<strong>8. Haftung<\/strong>\r\n\r\nVAN\u00a0GRAAF \u00fcbernimmt keine Haftung f\u00fcr die jederzeitige Verf\u00fcgbarkeit des VAN\u00a0GRAAF\u00a0CARD Bonuspunkteprogramms oder f\u00fcr die Vollst\u00e4ndigkeit, Richtigkeit und Aktualit\u00e4t der ausgewiesenen Punktest\u00e4nde, Informationen und Angebote.\r\n\r\n<strong>9. Schlussbestimmungen<\/strong>\r\n\r\n(1) VAN\u00a0GRAAF beh\u00e4lt sich vor, das VAN\u00a0GRAAF\u00a0CARD Programm jederzeit ganz oder teilweise einzustellen oder seine Bedingungen zu \u00e4ndern.\r\n\r\n(2) \u00c4nderungen werden dem Teilnehmer schriftlich entweder an die zuletzt angegebene Anschrift oder per E-Mail mitgeteilt und gelten als genehmigt, wenn der Teilnehmer nicht innerhalb eines Monats nach Erhalt der Mitteilung VAN\u00a0GRAAF gegen\u00fcber widerspricht. Widerspricht der Teilnehmer den \u00c4nderungen, ist VAN\u00a0GRAAF berechtigt, diese Vereinbarung gem\u00e4ss Ziff. 7(2) der Allgemeinen Gesch\u00e4ftsbedingungen zu k\u00fcndigen. Als Genehmigung der \u00c4nderungen gilt auch, wenn der Teilnehmer nach Ablauf der Frist die VAN\u00a0GRAAF\u00a0CARD weiter nutzt.\r\n\r\n(3) Das VAN\u00a0GRAAF\u00a0CARD Bonuspunkteprogramm unterliegt schweizerischem Recht. F\u00fcr allf\u00e4llige Klagen, welche das VAN\u00a0GRAAF\u00a0CARD Bonuspunkteprogramm betreffen, sind entweder die schweizerischen Gerichte am Ort der schweizerischen Zweigniederlassung von VAN\u00a0GRAAF oder die Gerichte am Wohnsitz des Teilnehmers zust\u00e4ndig.[\/vc_column_text][\/vc_column][\/vc_row]<\/div>","protected":false},"excerpt":{"rendered":"[vc_row full_width=&#187;stretch_row_content_no_spaces&#187;][vc_column][vc_column_text]1. VAN\u00a0GRAAF\u00a0CARD (1) Die VAN\u00a0GRAAF\u00a0CARD ist kostenlos und wird von der VAN\u00a0GRAAF GmbH &amp; Co. KG, Wien, Zweigniederlassung Spreitenbach, CH-8957 Spreitenbach (folgend VAN\u00a0GRAAF genannt), herausgegeben. Der Inhaber der VAN\u00a0GRAAF\u00a0CARD (folgend \u201eTeilnehmer\u201c genannt) nimmt nach Massgabe der folgenden Bedingungen am Bonuspunkteprogramm von VAN\u00a0GRAAF teil. (2) Zur Teilnahme am VAN\u00a0GRAAF\u00a0CARD Bonuspunkteprogramm ist jede nat\u00fcrliche Person, die [&hellip;]","protected":false},"author":1,"featured_media":0,"parent":2412,"menu_order":0,"comment_status":"closed","ping_status":"closed","template":"","meta":{"_acf_changed":false,"inline_featured_image":false,"footnotes":""},"class_list":["post-2417","page","type-page","status-publish","hentry"],"acf":[],"yoast_head":"<!-- This site is optimized with the Yoast SEO plugin v27.2 - https:\/\/yoast.com\/product\/yoast-seo-wordpress\/ -->\n<title>VAN GRAAF Card: AGB f\u00fcr die kostenlose Kundenkarte<\/title>\n<meta name=\"description\" content=\"VAN GRAAF Card - die kostenlose Kundenkarte von VAN GRAAF: AGB und Informationen zum Datenschutz.\" \/>\n<meta name=\"robots\" content=\"index, follow, max-snippet:-1, max-image-preview:large, max-video-preview:-1\" \/>\n<link rel=\"canonical\" href=\"https:\/\/www.vangraaf.com\/ch\/van-graaf-card\/agb-van-graaf-card\/\" \/>\n<meta property=\"og:locale\" content=\"de_DE\" \/>\n<meta property=\"og:type\" content=\"article\" \/>\n<meta property=\"og:title\" content=\"VAN GRAAF Card: AGB f\u00fcr die kostenlose Kundenkarte\" \/>\n<meta property=\"og:description\" content=\"VAN GRAAF Card - die kostenlose Kundenkarte von VAN GRAAF: AGB und Informationen zum Datenschutz.\" \/>\n<meta property=\"og:url\" content=\"https:\/\/www.vangraaf.com\/ch\/van-graaf-card\/agb-van-graaf-card\/\" \/>\n<meta property=\"og:site_name\" content=\"VAN GRAAF Schweiz\" \/>\n<meta property=\"article:modified_time\" content=\"2020-05-06T14:12:41+00:00\" \/>\n<meta name=\"twitter:card\" content=\"summary_large_image\" \/>\n<meta name=\"twitter:label1\" content=\"Est. reading time\" \/>\n\t<meta name=\"twitter:data1\" content=\"7\u00a0Minuten\" \/>\n<script type=\"application\/ld+json\" class=\"yoast-schema-graph\">{\"@context\":\"https:\/\/schema.org\",\"@graph\":[{\"@type\":\"WebPage\",\"@id\":\"https:\/\/www.vangraaf.com\/ch\/van-graaf-card\/agb-van-graaf-card\/\",\"url\":\"https:\/\/www.vangraaf.com\/ch\/van-graaf-card\/agb-van-graaf-card\/\",\"name\":\"VAN GRAAF Card: AGB f\u00fcr die kostenlose Kundenkarte\",\"isPartOf\":{\"@id\":\"https:\/\/www.vangraaf.com\/ch\/#website\"},\"datePublished\":\"2020-02-20T15:11:58+00:00\",\"dateModified\":\"2020-05-06T14:12:41+00:00\",\"description\":\"VAN GRAAF Card - die kostenlose Kundenkarte von VAN GRAAF: AGB und Informationen zum Datenschutz.\",\"breadcrumb\":{\"@id\":\"https:\/\/www.vangraaf.com\/ch\/van-graaf-card\/agb-van-graaf-card\/#breadcrumb\"},\"inLanguage\":\"de-CH\",\"potentialAction\":[{\"@type\":\"ReadAction\",\"target\":[\"https:\/\/www.vangraaf.com\/ch\/van-graaf-card\/agb-van-graaf-card\/\"]}]},{\"@type\":\"BreadcrumbList\",\"@id\":\"https:\/\/www.vangraaf.com\/ch\/van-graaf-card\/agb-van-graaf-card\/#breadcrumb\",\"itemListElement\":[{\"@type\":\"ListItem\",\"position\":1,\"name\":\"Home\",\"item\":\"https:\/\/www.vangraaf.com\/ch\/\"},{\"@type\":\"ListItem\",\"position\":2,\"name\":\"Van Graaf Card\",\"item\":\"https:\/\/www.vangraaf.com\/ch\/van-graaf-card\/\"},{\"@type\":\"ListItem\",\"position\":3,\"name\":\"AGB\"}]},{\"@type\":\"WebSite\",\"@id\":\"https:\/\/www.vangraaf.com\/ch\/#website\",\"url\":\"https:\/\/www.vangraaf.com\/ch\/\",\"name\":\"VAN GRAAF\",\"description\":\"VAN GRAAF\",\"potentialAction\":[{\"@type\":\"SearchAction\",\"target\":{\"@type\":\"EntryPoint\",\"urlTemplate\":\"https:\/\/www.vangraaf.com\/ch\/?s={search_term_string}\"},\"query-input\":{\"@type\":\"PropertyValueSpecification\",\"valueRequired\":true,\"valueName\":\"search_term_string\"}}],\"inLanguage\":\"de-CH\"}]}<\/script>\n<!-- \/ Yoast SEO plugin. -->","yoast_head_json":{"title":"VAN GRAAF Card: AGB f\u00fcr die kostenlose Kundenkarte","description":"VAN GRAAF Card - die kostenlose Kundenkarte von VAN GRAAF: AGB und Informationen zum Datenschutz.","robots":{"index":"index","follow":"follow","max-snippet":"max-snippet:-1","max-image-preview":"max-image-preview:large","max-video-preview":"max-video-preview:-1"},"canonical":"https:\/\/www.vangraaf.com\/ch\/van-graaf-card\/agb-van-graaf-card\/","og_locale":"de_DE","og_type":"article","og_title":"VAN GRAAF Card: AGB f\u00fcr die kostenlose Kundenkarte","og_description":"VAN GRAAF Card - die kostenlose Kundenkarte von VAN GRAAF: AGB und Informationen zum Datenschutz.","og_url":"https:\/\/www.vangraaf.com\/ch\/van-graaf-card\/agb-van-graaf-card\/","og_site_name":"VAN GRAAF Schweiz","article_modified_time":"2020-05-06T14:12:41+00:00","twitter_card":"summary_large_image","twitter_misc":{"Est. reading time":"7\u00a0Minuten"},"schema":{"@context":"https:\/\/schema.org","@graph":[{"@type":"WebPage","@id":"https:\/\/www.vangraaf.com\/ch\/van-graaf-card\/agb-van-graaf-card\/","url":"https:\/\/www.vangraaf.com\/ch\/van-graaf-card\/agb-van-graaf-card\/","name":"VAN GRAAF Card: AGB f\u00fcr die kostenlose Kundenkarte","isPartOf":{"@id":"https:\/\/www.vangraaf.com\/ch\/#website"},"datePublished":"2020-02-20T15:11:58+00:00","dateModified":"2020-05-06T14:12:41+00:00","description":"VAN GRAAF Card - die kostenlose Kundenkarte von VAN GRAAF: AGB und Informationen zum Datenschutz.","breadcrumb":{"@id":"https:\/\/www.vangraaf.com\/ch\/van-graaf-card\/agb-van-graaf-card\/#breadcrumb"},"inLanguage":"de-CH","potentialAction":[{"@type":"ReadAction","target":["https:\/\/www.vangraaf.com\/ch\/van-graaf-card\/agb-van-graaf-card\/"]}]},{"@type":"BreadcrumbList","@id":"https:\/\/www.vangraaf.com\/ch\/van-graaf-card\/agb-van-graaf-card\/#breadcrumb","itemListElement":[{"@type":"ListItem","position":1,"name":"Home","item":"https:\/\/www.vangraaf.com\/ch\/"},{"@type":"ListItem","position":2,"name":"Van Graaf Card","item":"https:\/\/www.vangraaf.com\/ch\/van-graaf-card\/"},{"@type":"ListItem","position":3,"name":"AGB"}]},{"@type":"WebSite","@id":"https:\/\/www.vangraaf.com\/ch\/#website","url":"https:\/\/www.vangraaf.com\/ch\/","name":"VAN GRAAF","description":"VAN GRAAF","potentialAction":[{"@type":"SearchAction","target":{"@type":"EntryPoint","urlTemplate":"https:\/\/www.vangraaf.com\/ch\/?s={search_term_string}"},"query-input":{"@type":"PropertyValueSpecification","valueRequired":true,"valueName":"search_term_string"}}],"inLanguage":"de-CH"}]}},"_links":{"self":[{"href":"https:\/\/www.vangraaf.com\/ch\/wp-json\/wp\/v2\/pages\/2417","targetHints":{"allow":["GET"]}}],"collection":[{"href":"https:\/\/www.vangraaf.com\/ch\/wp-json\/wp\/v2\/pages"}],"about":[{"href":"https:\/\/www.vangraaf.com\/ch\/wp-json\/wp\/v2\/types\/page"}],"author":[{"embeddable":true,"href":"https:\/\/www.vangraaf.com\/ch\/wp-json\/wp\/v2\/users\/1"}],"replies":[{"embeddable":true,"href":"https:\/\/www.vangraaf.com\/ch\/wp-json\/wp\/v2\/comments?post=2417"}],"version-history":[{"count":12,"href":"https:\/\/www.vangraaf.com\/ch\/wp-json\/wp\/v2\/pages\/2417\/revisions"}],"predecessor-version":[{"id":4913,"href":"https:\/\/www.vangraaf.com\/ch\/wp-json\/wp\/v2\/pages\/2417\/revisions\/4913"}],"up":[{"embeddable":true,"href":"https:\/\/www.vangraaf.com\/ch\/wp-json\/wp\/v2\/pages\/2412"}],"wp:attachment":[{"href":"https:\/\/www.vangraaf.com\/ch\/wp-json\/wp\/v2\/media?parent=2417"}],"curies":[{"name":"wp","href":"https:\/\/api.w.org\/{rel}","templated":true}]}}