{"id":2412,"date":"2020-02-20T16:08:10","date_gmt":"2020-02-20T15:08:10","guid":{"rendered":"http:\/\/van-graaf.test\/ch\/?page_id=2412"},"modified":"2024-10-01T17:44:00","modified_gmt":"2024-10-01T15:44:00","slug":"van-graaf-card","status":"publish","type":"page","link":"https:\/\/www.vangraaf.com\/ch\/van-graaf-card\/","title":{"rendered":"Van Graaf Card"},"content":{"rendered":"<div class=\"wpb-content-wrapper\">[vc_row bwd_tbc4vd_show_weekday=&#187;&#187; full_width=&#187;stretch_row_content_no_spaces&#187;][vc_column]<div class=\"keyvisual\" data-aos=\"fade-up\" ><img loading=\"lazy\" decoding=\"async\" width=\"1440\" height=\"480\" src=\"https:\/\/www.vangraaf.com\/ch\/wp-content\/uploads\/sites\/6\/2020\/02\/keyvisual-vgcard.jpg\" class=\"vc_single_image-img\" alt=\"\" srcset=\"https:\/\/www.vangraaf.com\/ch\/wp-content\/uploads\/sites\/6\/2020\/02\/keyvisual-vgcard.jpg 1440w, https:\/\/www.vangraaf.com\/ch\/wp-content\/uploads\/sites\/6\/2020\/02\/keyvisual-vgcard-300x100.jpg 300w, https:\/\/www.vangraaf.com\/ch\/wp-content\/uploads\/sites\/6\/2020\/02\/keyvisual-vgcard-1024x341.jpg 1024w, https:\/\/www.vangraaf.com\/ch\/wp-content\/uploads\/sites\/6\/2020\/02\/keyvisual-vgcard-768x256.jpg 768w, https:\/\/www.vangraaf.com\/ch\/wp-content\/uploads\/sites\/6\/2020\/02\/keyvisual-vgcard-1200x400.jpg 1200w, https:\/\/www.vangraaf.com\/ch\/wp-content\/uploads\/sites\/6\/2020\/02\/keyvisual-vgcard-992x331.jpg 992w, https:\/\/www.vangraaf.com\/ch\/wp-content\/uploads\/sites\/6\/2020\/02\/keyvisual-vgcard-480x160.jpg 480w\" sizes=\"(max-width: 1440px) 100vw, 1440px\" \/><\/div>\n        <div class=\"headlines headlines--center\" data-aos=\"fade-up\">\n            <div class=\"vc_row\">\n                <div class=\"vc_col-md-10 vc_col-md-offset-1 vc_col-lg-10 vc_col-lg-offset-1\"><span class=\"h6\">Mehr f\u00fcr Sie.<\/span><h1 class=\"h2\">Die VAN GRAAF CARD<\/h1><\/div>\n            <\/div>\n        <\/div>[vc_column_text]\r\n<p style=\"text-align: center\">Die Kundenkarte von VAN GRAAF bringt Ihnen viele exklusive Vorteile und Services. Gleichzeitig sparen Sie bares Geld. Denn Sie sammeln mit jedem Einkauf jede Menge Punkte, die Sie einl\u00f6sen k\u00f6nnen. Sie k\u00f6nnen die Kundenkarte ganz bequem online beantragen.<\/p>\r\n<p style=\"text-align: center\"><a class=\"button button--primary\" href=\"https:\/\/www.vangraaf.com\/ch\/van-graaf-card\/kartenantrag\/\">VAN GRAAF Card beantragen<\/a><\/p>\r\n[\/vc_column_text][\/vc_column][\/vc_row][vc_row bwd_show_when_type=&#187;before&#187; bwd_show_when_date=&#187;03\/15\/2021 00:00&#8243; bwd_tbc4vd_show_weekday=&#187;&#187;][vc_column][vc_row_inner equal_height=&#187;yes&#187;][vc_column_inner width=&#187;1\/2&#8243; offset=&#187;vc_col-lg-4 vc_col-md-4 vc_col-xs-12&#8243;]<div class=\"vg-element cta-teaser cta-teaser--center\" data-aos=\"fade-up\"><div class=\"cta-teaser__image\"><\/div><div class=\"cta-teaser__text\"><h3>15,- CHF Welcome-Gutschein<\/h3><p>Als VAN GRAAF CARD Inhaber erhalten Sie einen 15,- CHF Welcome-Gutschein zur Begr\u00fcssung.<\/p><\/div><\/div>[\/vc_column_inner][vc_column_inner width=&#187;1\/2&#8243; offset=&#187;vc_col-lg-4 vc_col-md-4 vc_col-xs-12&#8243;]<div class=\"vg-element cta-teaser cta-teaser--center\" data-aos=\"fade-up\"><div class=\"cta-teaser__image\"><\/div><div class=\"cta-teaser__text\"><h3>5 % sparen mit dem VAN GRAAF Bonus\u00adsystem<\/h3><p>Ab dem ersten Franken. Auf das gesamte Sortiment.<\/p><\/div><\/div>[\/vc_column_inner][vc_column_inner width=&#187;1\/2&#8243; offset=&#187;vc_col-lg-4 vc_col-md-4 vc_col-xs-12&#8243;]<div class=\"vg-element cta-teaser cta-teaser--center\" data-aos=\"fade-up\"><div class=\"cta-teaser__image\"><\/div><div class=\"cta-teaser__text\"><h3>Pers\u00f6nliche Geburts\u00adtags\u00ad\u00ad\u00ad\u00fcber\u00adraschung<\/h3><p>Wir \u00fcberraschen wir Sie an Ihrem besonderen Tag. Seien Sie gespannt!<\/p><\/div><\/div>[\/vc_column_inner][\/vc_row_inner][\/vc_column][\/vc_row][vc_row bwd_show_when_type=&#187;after&#187; bwd_show_when_date=&#187;03\/15\/2021 00:00&#8243; bwd_tbc4vd_show_weekday=&#187;&#187;][vc_column][vc_row_inner equal_height=&#187;yes&#187;][vc_column_inner width=&#187;1\/2&#8243; offset=&#187;vc_col-lg-4 vc_col-md-4 vc_col-xs-12&#8243;]<div class=\"vg-element cta-teaser cta-teaser--center\" data-aos=\"fade-up\"><div class=\"cta-teaser__image\"><img loading=\"lazy\" decoding=\"async\" width=\"544\" height=\"711\" src=\"https:\/\/www.vangraaf.com\/ch\/wp-content\/uploads\/sites\/6\/2020\/02\/Pflegetipps_ViceVersa_WP.jpg\" class=\"vc_single_image-img attachment-full\" alt=\"Frau in eleganter Kleidung sitzt auf einem Hocker, tr\u00e4gt eine gl\u00e4nzende, silberne \u00e4rmellose Bluse und weite, wei\u00dfe Hosen, in einem minimalistischen Raum mit wei\u00dfen Vorh\u00e4ngen.\" title=\"Pflegetipps_ViceVersa_WP\" srcset=\"https:\/\/www.vangraaf.com\/ch\/wp-content\/uploads\/sites\/6\/2020\/02\/Pflegetipps_ViceVersa_WP.jpg 544w, https:\/\/www.vangraaf.com\/ch\/wp-content\/uploads\/sites\/6\/2020\/02\/Pflegetipps_ViceVersa_WP-230x300.jpg 230w, https:\/\/www.vangraaf.com\/ch\/wp-content\/uploads\/sites\/6\/2020\/02\/Pflegetipps_ViceVersa_WP-480x627.jpg 480w\" sizes=\"(max-width: 544px) 100vw, 544px\" \/><\/div><div class=\"cta-teaser__text\"><h3>15,- CHF Welcome-Gutschein<\/h3><p>Als VAN GRAAF CARD Inhaber erhalten Sie einen 15,- CHF Welcome-Gutschein zur Begr\u00fcssung.<\/p><\/div><\/div>[\/vc_column_inner][vc_column_inner width=&#187;1\/2&#8243; offset=&#187;vc_col-lg-4 vc_col-md-4 vc_col-xs-12&#8243;]<div class=\"vg-element cta-teaser cta-teaser--center\" data-aos=\"fade-up\"><div class=\"cta-teaser__image\"><img loading=\"lazy\" decoding=\"async\" width=\"544\" height=\"711\" src=\"https:\/\/www.vangraaf.com\/ch\/wp-content\/uploads\/sites\/6\/2020\/02\/Baukastenanzug_ViceVersa_WP.jpg\" class=\"vc_single_image-img attachment-full\" alt=\"Ein Mann tr\u00e4gt einen hellgrauen doppelreihigen Anzug mit wei\u00dfem Hemd in einem minimalistischen, hellen Raum mit wei\u00dfen Vorh\u00e4ngen.\" title=\"Baukastenanzug_ViceVersa_WP\" srcset=\"https:\/\/www.vangraaf.com\/ch\/wp-content\/uploads\/sites\/6\/2020\/02\/Baukastenanzug_ViceVersa_WP.jpg 544w, https:\/\/www.vangraaf.com\/ch\/wp-content\/uploads\/sites\/6\/2020\/02\/Baukastenanzug_ViceVersa_WP-230x300.jpg 230w, https:\/\/www.vangraaf.com\/ch\/wp-content\/uploads\/sites\/6\/2020\/02\/Baukastenanzug_ViceVersa_WP-480x627.jpg 480w\" sizes=\"(max-width: 544px) 100vw, 544px\" \/><\/div><div class=\"cta-teaser__text\"><h3>5 % sparen mit dem VAN GRAAF Bonus\u00adsystem<\/h3><p>Ab dem ersten Franken. Auf das gesamte Sortiment.<\/p><\/div><\/div>[vc_column_text]\r\n\r\n&nbsp;\r\n<p style=\"text-align: center\"><a class=\"button button--primary\" href=\"https:\/\/www.vangraaf.com\/ch\/van-graaf-card\/kartenantrag\/\">VAN GRAAF Card beantragen<\/a><\/p>\r\n[\/vc_column_text][\/vc_column_inner][vc_column_inner width=&#187;1\/2&#8243; offset=&#187;vc_col-lg-4 vc_col-md-4 vc_col-xs-12&#8243;]<div class=\"vg-element cta-teaser cta-teaser--center\" data-aos=\"fade-up\"><div class=\"cta-teaser__image\"><img loading=\"lazy\" decoding=\"async\" width=\"544\" height=\"711\" src=\"https:\/\/www.vangraaf.com\/ch\/wp-content\/uploads\/sites\/6\/2020\/02\/Fachabteilungen_DOB_ViceVersa_WP.jpg\" class=\"vc_single_image-img attachment-full\" alt=\"Eine Frau tr\u00e4gt ein langes, cremefarbenes Kleid und hebt eine braune Jacke \u00fcber ihre Schultern in einem minimalistischen Raum mit gro\u00dfem Fenster.\" title=\"Fachabteilungen_DOB_ViceVersa_WP\" srcset=\"https:\/\/www.vangraaf.com\/ch\/wp-content\/uploads\/sites\/6\/2020\/02\/Fachabteilungen_DOB_ViceVersa_WP.jpg 544w, https:\/\/www.vangraaf.com\/ch\/wp-content\/uploads\/sites\/6\/2020\/02\/Fachabteilungen_DOB_ViceVersa_WP-230x300.jpg 230w, https:\/\/www.vangraaf.com\/ch\/wp-content\/uploads\/sites\/6\/2020\/02\/Fachabteilungen_DOB_ViceVersa_WP-480x627.jpg 480w\" sizes=\"(max-width: 544px) 100vw, 544px\" \/><\/div><div class=\"cta-teaser__text\"><h3>Pers\u00f6nliche Geburts\u00adtags\u00ad\u00ad\u00ad\u00fcber\u00adraschung<\/h3><p>Wir \u00fcberraschen wir Sie an Ihrem besonderen Tag. Seien Sie gespannt!<\/p><\/div><\/div>[\/vc_column_inner][\/vc_row_inner][\/vc_column][\/vc_row][vc_row][vc_column][\/vc_column][\/vc_row][vc_row bwd_tbc4vd_show_weekday=&#187;&#187; disable_element=&#187;yes&#187;][vc_column]<div class=\"vice-versa-teaser vice-versa-teaser--light\" style=\"--season-color: #002045\" data-aos=\"fade-up\"><div class=\"vice-versa-teaser__inner\">\n                        <div class=\"content_wrap\"><div class=\"vg-element vice-versa-teaser__item vice-versa-teaser__item--left\"><div class=\"vc_row vc_row-flex\"><div class=\"vc_col-xs-12 vc_col-sm-6\"><div class=\"vice-versa-teaser__item__image-wrap\"><a class=\"\" href=\"https:\/\/www.vangraaf.com\/ch\/van-graaf-card\/kartenantrag\/\" target=\"_blank\" rel=\"\" style=\"\"><img loading=\"lazy\" decoding=\"async\" width=\"690\" height=\"690\" src=\"https:\/\/www.vangraaf.com\/ch\/wp-content\/uploads\/sites\/6\/2020\/05\/CH_Kuka_Antrag.jpg\" class=\"attachment-van-graaf-vice-versa-teaser size-van-graaf-vice-versa-teaser\" alt=\"\" srcset=\"https:\/\/www.vangraaf.com\/ch\/wp-content\/uploads\/sites\/6\/2020\/05\/CH_Kuka_Antrag.jpg 740w, https:\/\/www.vangraaf.com\/ch\/wp-content\/uploads\/sites\/6\/2020\/05\/CH_Kuka_Antrag-300x300.jpg 300w, https:\/\/www.vangraaf.com\/ch\/wp-content\/uploads\/sites\/6\/2020\/05\/CH_Kuka_Antrag-150x150.jpg 150w, https:\/\/www.vangraaf.com\/ch\/wp-content\/uploads\/sites\/6\/2020\/05\/CH_Kuka_Antrag-480x480.jpg 480w\" sizes=\"(max-width: 690px) 100vw, 690px\" \/><\/a><\/div><\/div><div class=\"vice-versa-teaser__item__content-wrap vc_col-xs-12 vc_col-sm-6 vc_col-md-4 vc_col-md-offset-1\"><div class=\"vice-versa-teaser__item__content\"><h3>Kartenantrag<\/h3><a class=\"button button--light\" href=\"https:\/\/www.vangraaf.com\/ch\/van-graaf-card\/kartenantrag\/\" target=\"_blank\" rel=\"\" style=\"\">VAN GRAAF CARD beantragen<\/a><\/div><\/div><\/div><\/div><div class=\"vg-element vice-versa-teaser__item vice-versa-teaser__item--right\"><div class=\"vc_row vc_row-flex\"><div class=\"vc_col-xs-12 vc_col-sm-6 vc_col-sm-push-6\"><div class=\"vice-versa-teaser__item__image-wrap\"><a class=\"\" href=\"https:\/\/www.vangraaf.com\/ch\/van-graaf-card\/newsletter\/\" target=\"_blank\" rel=\"\" style=\"\"><img loading=\"lazy\" decoding=\"async\" width=\"555\" height=\"555\" src=\"https:\/\/www.vangraaf.com\/ch\/wp-content\/uploads\/sites\/6\/2020\/05\/CH_Kuka_Newsletter.jpg\" class=\"attachment-van-graaf-vice-versa-teaser size-van-graaf-vice-versa-teaser\" alt=\"\" srcset=\"https:\/\/www.vangraaf.com\/ch\/wp-content\/uploads\/sites\/6\/2020\/05\/CH_Kuka_Newsletter.jpg 555w, https:\/\/www.vangraaf.com\/ch\/wp-content\/uploads\/sites\/6\/2020\/05\/CH_Kuka_Newsletter-300x300.jpg 300w, https:\/\/www.vangraaf.com\/ch\/wp-content\/uploads\/sites\/6\/2020\/05\/CH_Kuka_Newsletter-150x150.jpg 150w, https:\/\/www.vangraaf.com\/ch\/wp-content\/uploads\/sites\/6\/2020\/05\/CH_Kuka_Newsletter-480x480.jpg 480w\" sizes=\"(max-width: 555px) 100vw, 555px\" \/><\/a><\/div><\/div><div class=\"vice-versa-teaser__item__content-wrap vc_col-xs-12 vc_col-sm-6 vc_col-md-4 vc_col-md-offset-1 vc_col-sm-pull-6\"><div class=\"vice-versa-teaser__item__content\"><h3>Newsletter<\/h3><a class=\"button button--light\" href=\"https:\/\/www.vangraaf.com\/ch\/van-graaf-card\/newsletter\/\" target=\"_blank\" rel=\"\" style=\"\">Newsletter abonnieren<\/a><\/div><\/div><\/div><\/div><\/div><\/div><\/div>[\/vc_column][\/vc_row][vc_row][vc_column]\n        <div class=\"headlines headlines--center\" data-aos=\"fade-up\">\n            <div class=\"vc_row\">\n                <div class=\"vc_col-md-10 vc_col-md-offset-1 vc_col-lg-10 vc_col-lg-offset-1\"><h2 class=\"h2\">Service &amp; Hilfe<\/h2><\/div>\n            <\/div>\n        <\/div>[vc_column_text]Sie m\u00f6chten Ihre Bonuspunkte nachtragen*, Ihren aktuellen Punktestand abfragen, Ihre pers\u00f6nlichen Daten \u00e4ndern oder haben Ihre Karte verloren?\r\n\r\nHier gibt&#8217;s Hilfe:\r\n\r\nVAN GRAAF CARD Service: Tel. 0800 00 20 56\r\nServicezeiten der Hotline: Mo-Fr.: 09:00-17:00 Uhr\r\n\r\nKontaktieren Sie auch gerne unseren Kundenkarten-Service direkt unter:\r\n<div>cardservice-ch@vangraaf.com<\/div>\r\n&nbsp;\r\n\r\n<small>* Nach einem Einkauf ohne Nutzung der VAN GRAAF CARD k\u00f6nnen Sie als bereits registrierter Karteninhaber Ihre Bonuspunkte binnen einem Monat nachtr\u00e4glich gutschreiben lassen.<\/small>[\/vc_column_text][\/vc_column][\/vc_row]<\/div>","protected":false},"excerpt":{"rendered":"[vc_row bwd_tbc4vd_show_weekday=&#187;&#187; full_width=&#187;stretch_row_content_no_spaces&#187;][vc_column][vc_column_text] Die Kundenkarte von VAN GRAAF bringt Ihnen viele exklusive Vorteile und Services. Gleichzeitig sparen Sie bares Geld. Denn Sie sammeln mit jedem Einkauf jede Menge Punkte, die Sie einl\u00f6sen k\u00f6nnen. Sie k\u00f6nnen die Kundenkarte ganz bequem online beantragen. VAN GRAAF Card beantragen [\/vc_column_text][\/vc_column][\/vc_row][vc_row bwd_show_when_type=&#187;before&#187; bwd_show_when_date=&#187;03\/15\/2021 00:00&#8243; bwd_tbc4vd_show_weekday=&#187;&#187;][vc_column][vc_row_inner equal_height=&#187;yes&#187;][vc_column_inner width=&#187;1\/2&#8243; offset=&#187;vc_col-lg-4 vc_col-md-4 vc_col-xs-12&#8243;][\/vc_column_inner][vc_column_inner [&hellip;]","protected":false},"author":5,"featured_media":0,"parent":0,"menu_order":0,"comment_status":"closed","ping_status":"closed","template":"","meta":{"_acf_changed":false,"inline_featured_image":false,"footnotes":""},"class_list":["post-2412","page","type-page","status-publish","hentry"],"acf":[],"yoast_head":"<!-- This site is optimized with the Yoast SEO plugin v27.2 - https:\/\/yoast.com\/product\/yoast-seo-wordpress\/ -->\n<title>Die kostenlose Kundenkarte VAN GRAAF Card online beantragen<\/title>\n<meta name=\"description\" content=\"VAN GRAAF Card: kostenlose Kundenkarte mit exklusiven Vorteilen nutzen! Welcome-Gutschein, Bonussystem, Angebote, Geburtstags\u00fcberraschung, Fashion Events!\" \/>\n<meta name=\"robots\" content=\"index, follow, max-snippet:-1, max-image-preview:large, max-video-preview:-1\" \/>\n<link rel=\"canonical\" href=\"https:\/\/www.vangraaf.com\/ch\/van-graaf-card\/\" \/>\n<meta property=\"og:locale\" content=\"de_DE\" \/>\n<meta property=\"og:type\" content=\"article\" \/>\n<meta property=\"og:title\" content=\"Die kostenlose Kundenkarte VAN GRAAF Card online beantragen\" \/>\n<meta property=\"og:description\" content=\"VAN GRAAF Card: kostenlose Kundenkarte mit exklusiven Vorteilen nutzen! Welcome-Gutschein, Bonussystem, Angebote, Geburtstags\u00fcberraschung, Fashion Events!\" \/>\n<meta property=\"og:url\" content=\"https:\/\/www.vangraaf.com\/ch\/van-graaf-card\/\" \/>\n<meta property=\"og:site_name\" content=\"VAN GRAAF Schweiz\" \/>\n<meta property=\"article:modified_time\" content=\"2024-10-01T15:44:00+00:00\" \/>\n<meta name=\"twitter:card\" content=\"summary_large_image\" \/>\n<meta name=\"twitter:label1\" content=\"Est. reading time\" \/>\n\t<meta name=\"twitter:data1\" content=\"2\u00a0Minuten\" \/>\n<script type=\"application\/ld+json\" class=\"yoast-schema-graph\">{\"@context\":\"https:\/\/schema.org\",\"@graph\":[{\"@type\":\"WebPage\",\"@id\":\"https:\/\/www.vangraaf.com\/ch\/van-graaf-card\/\",\"url\":\"https:\/\/www.vangraaf.com\/ch\/van-graaf-card\/\",\"name\":\"Die kostenlose Kundenkarte VAN GRAAF Card online beantragen\",\"isPartOf\":{\"@id\":\"https:\/\/www.vangraaf.com\/ch\/#website\"},\"datePublished\":\"2020-02-20T15:08:10+00:00\",\"dateModified\":\"2024-10-01T15:44:00+00:00\",\"description\":\"VAN GRAAF Card: kostenlose Kundenkarte mit exklusiven Vorteilen nutzen! Welcome-Gutschein, Bonussystem, Angebote, Geburtstags\u00fcberraschung, Fashion Events!\",\"breadcrumb\":{\"@id\":\"https:\/\/www.vangraaf.com\/ch\/van-graaf-card\/#breadcrumb\"},\"inLanguage\":\"de-CH\",\"potentialAction\":[{\"@type\":\"ReadAction\",\"target\":[\"https:\/\/www.vangraaf.com\/ch\/van-graaf-card\/\"]}]},{\"@type\":\"BreadcrumbList\",\"@id\":\"https:\/\/www.vangraaf.com\/ch\/van-graaf-card\/#breadcrumb\",\"itemListElement\":[{\"@type\":\"ListItem\",\"position\":1,\"name\":\"Home\",\"item\":\"https:\/\/www.vangraaf.com\/ch\/\"},{\"@type\":\"ListItem\",\"position\":2,\"name\":\"Van Graaf Card\"}]},{\"@type\":\"WebSite\",\"@id\":\"https:\/\/www.vangraaf.com\/ch\/#website\",\"url\":\"https:\/\/www.vangraaf.com\/ch\/\",\"name\":\"VAN GRAAF\",\"description\":\"VAN GRAAF\",\"potentialAction\":[{\"@type\":\"SearchAction\",\"target\":{\"@type\":\"EntryPoint\",\"urlTemplate\":\"https:\/\/www.vangraaf.com\/ch\/?s={search_term_string}\"},\"query-input\":{\"@type\":\"PropertyValueSpecification\",\"valueRequired\":true,\"valueName\":\"search_term_string\"}}],\"inLanguage\":\"de-CH\"}]}<\/script>\n<!-- \/ Yoast SEO plugin. -->","yoast_head_json":{"title":"Die kostenlose Kundenkarte VAN GRAAF Card online beantragen","description":"VAN GRAAF Card: kostenlose Kundenkarte mit exklusiven Vorteilen nutzen! Welcome-Gutschein, Bonussystem, Angebote, Geburtstags\u00fcberraschung, Fashion Events!","robots":{"index":"index","follow":"follow","max-snippet":"max-snippet:-1","max-image-preview":"max-image-preview:large","max-video-preview":"max-video-preview:-1"},"canonical":"https:\/\/www.vangraaf.com\/ch\/van-graaf-card\/","og_locale":"de_DE","og_type":"article","og_title":"Die kostenlose Kundenkarte VAN GRAAF Card online beantragen","og_description":"VAN GRAAF Card: kostenlose Kundenkarte mit exklusiven Vorteilen nutzen! Welcome-Gutschein, Bonussystem, Angebote, Geburtstags\u00fcberraschung, Fashion Events!","og_url":"https:\/\/www.vangraaf.com\/ch\/van-graaf-card\/","og_site_name":"VAN GRAAF Schweiz","article_modified_time":"2024-10-01T15:44:00+00:00","twitter_card":"summary_large_image","twitter_misc":{"Est. reading time":"2\u00a0Minuten"},"schema":{"@context":"https:\/\/schema.org","@graph":[{"@type":"WebPage","@id":"https:\/\/www.vangraaf.com\/ch\/van-graaf-card\/","url":"https:\/\/www.vangraaf.com\/ch\/van-graaf-card\/","name":"Die kostenlose Kundenkarte VAN GRAAF Card online beantragen","isPartOf":{"@id":"https:\/\/www.vangraaf.com\/ch\/#website"},"datePublished":"2020-02-20T15:08:10+00:00","dateModified":"2024-10-01T15:44:00+00:00","description":"VAN GRAAF Card: kostenlose Kundenkarte mit exklusiven Vorteilen nutzen! Welcome-Gutschein, Bonussystem, Angebote, Geburtstags\u00fcberraschung, Fashion Events!","breadcrumb":{"@id":"https:\/\/www.vangraaf.com\/ch\/van-graaf-card\/#breadcrumb"},"inLanguage":"de-CH","potentialAction":[{"@type":"ReadAction","target":["https:\/\/www.vangraaf.com\/ch\/van-graaf-card\/"]}]},{"@type":"BreadcrumbList","@id":"https:\/\/www.vangraaf.com\/ch\/van-graaf-card\/#breadcrumb","itemListElement":[{"@type":"ListItem","position":1,"name":"Home","item":"https:\/\/www.vangraaf.com\/ch\/"},{"@type":"ListItem","position":2,"name":"Van Graaf Card"}]},{"@type":"WebSite","@id":"https:\/\/www.vangraaf.com\/ch\/#website","url":"https:\/\/www.vangraaf.com\/ch\/","name":"VAN GRAAF","description":"VAN GRAAF","potentialAction":[{"@type":"SearchAction","target":{"@type":"EntryPoint","urlTemplate":"https:\/\/www.vangraaf.com\/ch\/?s={search_term_string}"},"query-input":{"@type":"PropertyValueSpecification","valueRequired":true,"valueName":"search_term_string"}}],"inLanguage":"de-CH"}]}},"_links":{"self":[{"href":"https:\/\/www.vangraaf.com\/ch\/wp-json\/wp\/v2\/pages\/2412","targetHints":{"allow":["GET"]}}],"collection":[{"href":"https:\/\/www.vangraaf.com\/ch\/wp-json\/wp\/v2\/pages"}],"about":[{"href":"https:\/\/www.vangraaf.com\/ch\/wp-json\/wp\/v2\/types\/page"}],"author":[{"embeddable":true,"href":"https:\/\/www.vangraaf.com\/ch\/wp-json\/wp\/v2\/users\/5"}],"replies":[{"embeddable":true,"href":"https:\/\/www.vangraaf.com\/ch\/wp-json\/wp\/v2\/comments?post=2412"}],"version-history":[{"count":45,"href":"https:\/\/www.vangraaf.com\/ch\/wp-json\/wp\/v2\/pages\/2412\/revisions"}],"predecessor-version":[{"id":7829,"href":"https:\/\/www.vangraaf.com\/ch\/wp-json\/wp\/v2\/pages\/2412\/revisions\/7829"}],"wp:attachment":[{"href":"https:\/\/www.vangraaf.com\/ch\/wp-json\/wp\/v2\/media?parent=2412"}],"curies":[{"name":"wp","href":"https:\/\/api.w.org\/{rel}","templated":true}]}}