{"id":2404,"date":"2020-02-20T16:01:14","date_gmt":"2020-02-20T15:01:14","guid":{"rendered":"http:\/\/van-graaf.test\/ch\/?page_id=2404"},"modified":"2021-09-06T16:41:32","modified_gmt":"2021-09-06T14:41:32","slug":"fachabteilungen","status":"publish","type":"page","link":"https:\/\/www.vangraaf.com\/ch\/beratung-style\/fachabteilungen\/","title":{"rendered":"Fachabteilungen"},"content":{"rendered":"<div class=\"wpb-content-wrapper\">[vc_row full_width=&#187;stretch_row_content_no_spaces&#187;][vc_column]<div class=\"keyvisual\" data-aos=\"fade-up\" ><img loading=\"lazy\" decoding=\"async\" width=\"1440\" height=\"480\" src=\"https:\/\/www.vangraaf.com\/ch\/wp-content\/uploads\/sites\/6\/2020\/02\/Fachabteilungen_Banner_WP.jpg\" class=\"vc_single_image-img keyvisual__image--big\" alt=\"Eine lachende Frau in einem schulterfreien Kleid mit Blumenmuster steht neben einem Mann in einem grauen Anzug mit Fliege vor einem wei\u00dfen Hintergrund.\" srcset=\"https:\/\/www.vangraaf.com\/ch\/wp-content\/uploads\/sites\/6\/2020\/02\/Fachabteilungen_Banner_WP.jpg 1440w, https:\/\/www.vangraaf.com\/ch\/wp-content\/uploads\/sites\/6\/2020\/02\/Fachabteilungen_Banner_WP-300x100.jpg 300w, https:\/\/www.vangraaf.com\/ch\/wp-content\/uploads\/sites\/6\/2020\/02\/Fachabteilungen_Banner_WP-1024x341.jpg 1024w, https:\/\/www.vangraaf.com\/ch\/wp-content\/uploads\/sites\/6\/2020\/02\/Fachabteilungen_Banner_WP-768x256.jpg 768w, https:\/\/www.vangraaf.com\/ch\/wp-content\/uploads\/sites\/6\/2020\/02\/Fachabteilungen_Banner_WP-1200x400.jpg 1200w, https:\/\/www.vangraaf.com\/ch\/wp-content\/uploads\/sites\/6\/2020\/02\/Fachabteilungen_Banner_WP-992x331.jpg 992w, https:\/\/www.vangraaf.com\/ch\/wp-content\/uploads\/sites\/6\/2020\/02\/Fachabteilungen_Banner_WP-480x160.jpg 480w, https:\/\/www.vangraaf.com\/ch\/wp-content\/uploads\/sites\/6\/2020\/02\/Fachabteilungen_Banner_WP-690x230.jpg 690w\" sizes=\"(max-width: 1440px) 100vw, 1440px\" \/><img loading=\"lazy\" decoding=\"async\" width=\"768\" height=\"250\" src=\"https:\/\/www.vangraaf.com\/ch\/wp-content\/uploads\/sites\/6\/2021\/09\/Fachabteilungen_Banner_WP.jpg\" class=\"vc_single_image-img keyvisual__image--small\" alt=\"Eine l\u00e4chelnde Frau mit roten Haaren und ein Mann in einem blauen Anzug stehen vor einem wei\u00dfen Hintergrund.\" srcset=\"https:\/\/www.vangraaf.com\/ch\/wp-content\/uploads\/sites\/6\/2021\/09\/Fachabteilungen_Banner_WP.jpg 768w, https:\/\/www.vangraaf.com\/ch\/wp-content\/uploads\/sites\/6\/2021\/09\/Fachabteilungen_Banner_WP-300x98.jpg 300w, https:\/\/www.vangraaf.com\/ch\/wp-content\/uploads\/sites\/6\/2021\/09\/Fachabteilungen_Banner_WP-480x156.jpg 480w, https:\/\/www.vangraaf.com\/ch\/wp-content\/uploads\/sites\/6\/2021\/09\/Fachabteilungen_Banner_WP-690x225.jpg 690w\" sizes=\"(max-width: 768px) 100vw, 768px\" \/><\/div>\n        <div class=\"headlines headlines--center\" data-aos=\"fade-up\">\n            <div class=\"vc_row\">\n                <div class=\"vc_col-md-10 vc_col-md-offset-1 vc_col-lg-10 vc_col-lg-offset-1\"><span class=\"h6\">Fachabteilungen<\/span><h1 class=\"h2\">Unser Erfolgsgeheimnis: Aus Leidenschaft f\u00fcr Mode und Menschen<\/h1><\/div>\n            <\/div>\n        <\/div>[\/vc_column][\/vc_row][vc_row bwd_tbc4vd_show_weekday=&#187;&#187; el_class=&#187;vg-padding&#187;][vc_column]\n        <div class=\"vg-element promo-teaser promo-teaser--  promo-teaser--\" style=\"--season-color: #ffffff;\" data-aos=\"fade-up\">\n            <div class=\"vc_row vc_row-flex\">\n                <div class=\"vc_col-sm-6 promo-teaser__image\">\n                    <img loading=\"lazy\" decoding=\"async\" width=\"599\" height=\"548\" src=\"https:\/\/www.vangraaf.com\/ch\/wp-content\/uploads\/sites\/6\/2020\/02\/Fachabteilung_Bild1.jpg\" class=\"vc_single_image-img\" alt=\"\" srcset=\"https:\/\/www.vangraaf.com\/ch\/wp-content\/uploads\/sites\/6\/2020\/02\/Fachabteilung_Bild1.jpg 599w, https:\/\/www.vangraaf.com\/ch\/wp-content\/uploads\/sites\/6\/2020\/02\/Fachabteilung_Bild1-300x274.jpg 300w, https:\/\/www.vangraaf.com\/ch\/wp-content\/uploads\/sites\/6\/2020\/02\/Fachabteilung_Bild1-480x439.jpg 480w\" sizes=\"(max-width: 599px) 100vw, 599px\" \/>\n                <\/div>\n                <div class=\"vc_col-sm-6\">\n                    <div class=\"promo-teaser__content-wrapper\">\n                        <div class=\"promo-teaser__content promo-teaser__content--center\"><p style=\"text-align: left\">Erleben Sie die Faszination unserer Modeangebote: Aktuelle Trends f\u00fcr jeden Geschmack, \u00fcbersichtlich pr\u00e4sentiert und mit perfektem Service zusammengefasst: Das sind unsere Fachabteilungen. Damit erm\u00f6glichen wir Ihnen ein optimales Einkaufserlebnis mit einer inspirierenden Auswahl an hochwertigen Basics bis hin zu Mode f\u00fcr besondere Anl\u00e4sse von internationalen Lifestyle-Marken f\u00fcr Damen und Herren.<\/p>\n<\/div>\n                    <\/div>\n                <\/div>\n            <\/div>\n        <\/div>\n        <div class=\"vg-element promo-teaser promo-teaser--right  promo-teaser--\" style=\"--season-color: #ffffff;\" data-aos=\"fade-up\">\n            <div class=\"vc_row vc_row-flex\">\n                <div class=\"vc_col-sm-6 promo-teaser__image vc_col-sm-push-6\">\n                    <img loading=\"lazy\" decoding=\"async\" width=\"599\" height=\"548\" src=\"https:\/\/www.vangraaf.com\/ch\/wp-content\/uploads\/sites\/6\/2020\/02\/Fachabteilung_Bild2.jpg\" class=\"vc_single_image-img\" alt=\"\" srcset=\"https:\/\/www.vangraaf.com\/ch\/wp-content\/uploads\/sites\/6\/2020\/02\/Fachabteilung_Bild2.jpg 599w, https:\/\/www.vangraaf.com\/ch\/wp-content\/uploads\/sites\/6\/2020\/02\/Fachabteilung_Bild2-300x274.jpg 300w, https:\/\/www.vangraaf.com\/ch\/wp-content\/uploads\/sites\/6\/2020\/02\/Fachabteilung_Bild2-480x439.jpg 480w\" sizes=\"(max-width: 599px) 100vw, 599px\" \/>\n                <\/div>\n                <div class=\"vc_col-sm-6 vc_col-sm-pull-6\">\n                    <div class=\"promo-teaser__content-wrapper\">\n                        <div class=\"promo-teaser__content promo-teaser__content--center\"><p style=\"text-align: left\">Ob Sie gerade nach einem Mantel, einem Rock oder einer Hose suchen \u2013 f\u00fcr jeden Bereich stehen Ihnen unsere Outfit-Experten zur Seite: Speziell geschulte und sehr erfahrene Mitarbeiterinnen und Mitarbeiter, die die neuesten Trends kennen und Sie nach Ihren pers\u00f6nlichen Bed\u00fcrfnissen stilsicher beraten. Mit der fachlichen Expertise und einer sp\u00fcrbaren Leidenschaft f\u00fcr Mode erf\u00fcllt unser Verkaufsteam gerne auch ganz individuelle W\u00fcnsche.<\/p>\n<\/div>\n                    <\/div>\n                <\/div>\n            <\/div>\n        <\/div>[\/vc_column][\/vc_row][vc_row][vc_column]\n        <div class=\"headlines headlines--center\" data-aos=\"fade-up\">\n            <div class=\"vc_row\">\n                <div class=\"vc_col-md-10 vc_col-md-offset-1 vc_col-lg-10 vc_col-lg-offset-1\"><h2 class=\"h2\">Unser Team<\/h2><\/div>\n            <\/div>\n        <\/div>[vc_column_text]Wie sieht ein neues Kleidungsst\u00fcck angezogen aus? Und wie stylt man die angesagten Outfits? Was geht als Geschenk f\u00fcr die Liebsten? Unser Team steht Ihnen in unseren H\u00e4usern mit ehrlichem Feedback und authentischer, pers\u00f6nlicher Beratung zur Seite. Mit Freude an der Mode und Gesp\u00fcr f\u00fcr die individuellen Bed\u00fcrfnisse wird jedes Fashion-Anliegen pers\u00f6nlich beantwortet. Die \u00fcber 3.000 Verkaufsmitarbeiterinnen und -Mitarbeiter sind Experten in ihrem Bereich, der Fachabteilung, und stehen 33 Millionen Besuchern j\u00e4hrlich bereit f\u00fcr jeden Beratungseinsatz. Um den Geschmack der Kunden zu treffen, z\u00e4hlt f\u00fcr uns die Verbindung aus einem begeisternden Fashionsortiment \u2013 sortiert nach Gr\u00f6ssen, Schnitten, Stoffen und Marken \u2013 und pers\u00f6nlichem Service. Unsere Outfit-Experten behalten auch bei der Vielzahl an Kollektionen in jeder Mode-Saison den \u00dcberblick: Ob es um angesagte Trends geht oder Outfit- und Styling-Ideen f\u00fcr die neue Jahreszeit. \u00dcbrigens wird auch hinter den Kulissen das Konzept der Fachabteilung konsequent weitergef\u00fchrt: Jedes Warensegment wird von einem Fach-Eink\u00e4ufer betreut, der sich mit seinem profunden Wissen um die Auswahl und Zusammenstellung der Kollektion k\u00fcmmert.[\/vc_column_text][\/vc_column][\/vc_row][vc_row][vc_column]\n        <div class=\"headlines headlines--center\" data-aos=\"fade-up\">\n            <div class=\"vc_row\">\n                <div class=\"vc_col-md-10 vc_col-md-offset-1 vc_col-lg-10 vc_col-lg-offset-1\"><h2 class=\"h2\">Unsere Marken und Modeauswahl<\/h2><\/div>\n            <\/div>\n        <\/div>[vc_column_text]Ob klassisch oder stylish, casual oder luxuri\u00f6s \u2013 bei uns finden Sie ein einzigartiges Modeangebot mit einem Maximum an Qualit\u00e4t f\u00fcr unterschiedlichste Stile und Anl\u00e4sse. Dabei sind wir f\u00fchrend, was die Vielfalt an Trends, Farben, Gr\u00f6ssen und Passformen angeht. Und dies f\u00fcr jedes Budget. 300 exklusive Fashionlabels umfasst der perfekte Markenmix mit internationalen Kollektionen. Ein anspruchsvolles Sortiment, das in unseren H\u00e4usern erh\u00e4ltlich ist. Darunter Hochkar\u00e4ter, zum Beispiel Armani, Boss, Hugo, Gant, Marc O\u2019Polo, Tommy Hilfiger und Weekend Max Mara. Sportliche Labels wie adidas Originals, angesagte Marken, wie Diesel, Superdry, Scotch &amp; Soda und deutsche Brands, zum Beispiel Derbe, Liebeskind und Marc Cain. In den Fachabteilungen k\u00f6nnen Sie aus 30 unterschiedlichen Jeansmarken, 400 Mantel- und 650 Anzugsmodellen w\u00e4hlen \u2013 eine beeindruckende Modewelt.[\/vc_column_text][\/vc_column][\/vc_row][vc_row][vc_column]\n        <div class=\"headlines headlines--center\" data-aos=\"fade-up\">\n            <div class=\"vc_row\">\n                <div class=\"vc_col-md-10 vc_col-md-offset-1 vc_col-lg-10 vc_col-lg-offset-1\"><h2 class=\"h2\">Zu Besuch bei uns<\/h2><\/div>\n            <\/div>\n        <\/div>[vc_column_text]Lassen Sie sich bei einem Stadtbummel von unseren trendigen Schaufenstern zu einem Besuch unserer zahlreichen Fachabteilungen verf\u00fchren. Erleben Sie einen Rundgang, der Lust macht auf inspirierende Fashion-Entdeckungen und lassen Sie sich bei Stil-Entscheidungen unterst\u00fctzen, unsere Experten helfen Ihnen, modisch den richtigen Ton anzuschlagen.[\/vc_column_text][\/vc_column][\/vc_row][vc_row bwd_show_when_type=&#187;after&#187; bwd_show_when_date=&#187;03\/15\/2021 00:00&#8243; bwd_tbc4vd_show_weekday=&#187;&#187; full_width=&#187;stretch_row_content_no_spaces&#187;][vc_column]<div class=\"vice-versa-teaser vice-versa-teaser--dark\" style=\"--season-color: #ededed\" data-aos=\"fade-up\"><div class=\"vice-versa-teaser__inner\">\n                        <div class=\"content_wrap\"><div class=\"vg-element vice-versa-teaser__item vice-versa-teaser__item--left\"><div class=\"vc_row vc_row-flex\"><div class=\"vc_col-xs-12 vc_col-sm-6\"><div class=\"vice-versa-teaser__item__image-wrap\"><a class=\"\" href=\"http:\/\/vangraaf.com\/ch\/beratung-style\/fachabteilungen\/damen\/\" target=\"_self\" rel=\"\" style=\"\"><img loading=\"lazy\" decoding=\"async\" width=\"544\" height=\"711\" src=\"https:\/\/www.vangraaf.com\/ch\/wp-content\/uploads\/sites\/6\/2020\/02\/Fachabteilungen_DOB_ViceVersa_WP.jpg\" class=\"attachment-van-graaf-vice-versa-teaser size-van-graaf-vice-versa-teaser\" alt=\"Eine Frau tr\u00e4gt ein langes, cremefarbenes Kleid und hebt eine braune Jacke \u00fcber ihre Schultern in einem minimalistischen Raum mit gro\u00dfem Fenster.\" srcset=\"https:\/\/www.vangraaf.com\/ch\/wp-content\/uploads\/sites\/6\/2020\/02\/Fachabteilungen_DOB_ViceVersa_WP.jpg 544w, https:\/\/www.vangraaf.com\/ch\/wp-content\/uploads\/sites\/6\/2020\/02\/Fachabteilungen_DOB_ViceVersa_WP-230x300.jpg 230w, https:\/\/www.vangraaf.com\/ch\/wp-content\/uploads\/sites\/6\/2020\/02\/Fachabteilungen_DOB_ViceVersa_WP-480x627.jpg 480w\" sizes=\"(max-width: 544px) 100vw, 544px\" \/><\/a><\/div><\/div><div class=\"vice-versa-teaser__item__content-wrap vc_col-xs-12 vc_col-sm-6 vc_col-md-4 vc_col-md-offset-1\"><div class=\"vice-versa-teaser__item__content\"><h3>Damen<\/h3><p>Ankommen und wohlf\u00fchlen: 14 Bereiche und moderne Verkaufsr\u00e4ume mit \u00fcbersichtlich sortierten aktuellen Trends f\u00fcr jeden Geschmack. Egal, ob Sie uns besuchen oder bequem von zu Hause shoppen, hier geht\u2019s zu Ihren neuen Lieblings-Looks!<\/p><a class=\"button button--dark\" href=\"http:\/\/vangraaf.com\/ch\/beratung-style\/fachabteilungen\/damen\/\" target=\"_self\" rel=\"\" style=\"\">Fachabteilungen Damen<\/a><\/div><\/div><\/div><\/div><div class=\"vg-element vice-versa-teaser__item vice-versa-teaser__item--right\"><div class=\"vc_row vc_row-flex\"><div class=\"vc_col-xs-12 vc_col-sm-6 vc_col-sm-push-6\"><div class=\"vice-versa-teaser__item__image-wrap\"><a class=\"\" href=\"http:\/\/vangraaf.com\/ch\/beratung-style\/fachabteilungen\/herren\/\" target=\"_self\" rel=\"\" style=\"\"><img loading=\"lazy\" decoding=\"async\" width=\"544\" height=\"711\" src=\"https:\/\/www.vangraaf.com\/ch\/wp-content\/uploads\/sites\/6\/2020\/02\/Fachabteilungen_HAKA_ViceVersa_WP.jpg\" class=\"attachment-van-graaf-vice-versa-teaser size-van-graaf-vice-versa-teaser\" alt=\"Ein Mann in einem hellgrauen Anzug sitzt auf einem Stuhl und schaut nachdenklich zur Seite.\" srcset=\"https:\/\/www.vangraaf.com\/ch\/wp-content\/uploads\/sites\/6\/2020\/02\/Fachabteilungen_HAKA_ViceVersa_WP.jpg 544w, https:\/\/www.vangraaf.com\/ch\/wp-content\/uploads\/sites\/6\/2020\/02\/Fachabteilungen_HAKA_ViceVersa_WP-230x300.jpg 230w, https:\/\/www.vangraaf.com\/ch\/wp-content\/uploads\/sites\/6\/2020\/02\/Fachabteilungen_HAKA_ViceVersa_WP-480x627.jpg 480w\" sizes=\"(max-width: 544px) 100vw, 544px\" \/><\/a><\/div><\/div><div class=\"vice-versa-teaser__item__content-wrap vc_col-xs-12 vc_col-sm-6 vc_col-md-4 vc_col-md-offset-1 vc_col-sm-pull-6\"><div class=\"vice-versa-teaser__item__content\"><h3>Herren<\/h3><p>Vierzehn exklusive Stationen voller abwechslungsreicher und geschmackssicherer Mode von \u00fcber 300 Designern: Internationale Lifestyle- und Designer-Herrenmode, die grosse und kleine W\u00fcnsche erf\u00fcllt \u2013 in einem unseren H\u00e4user und nat\u00fcrlich auch auf unserer Website ...<\/p><a class=\"button button--dark\" href=\"http:\/\/vangraaf.com\/ch\/beratung-style\/fachabteilungen\/herren\/\" target=\"_self\" rel=\"\" style=\"\">Fachabteilungen Herren<\/a><\/div><\/div><\/div><\/div><\/div><\/div><\/div>[\/vc_column][\/vc_row][vc_row][vc_column]<div class=\"vg-element form-teaser form-teaser--simple js-animate\"><div class=\"vc_row\">\n                        <div class=\"vc_col-sm-8 vc_col-sm-offset-2\">\n                            <div class=\"form-teaser__content-wrapper\">\n                                <div class=\"form-teaser__content\"><span class=\"h6\">Nichts mehr verpassen<\/span><span class=\"h2\">Fashion Newsletter<\/span><form class=\"form\" action=\"https:\/\/www.vangraaf.com\/ch\/van-graaf-card\/newsletter\/\" method=\"post\"><div class=\"vc_row\">\n                    <div class=\"vc_col-sm-6\">\n                        <div class=\"form-element form-element--input\">\n                            <span class=\"form-control-wrap firstname\">\n                                <input type=\"text\" id=\"firstname\" name=\"firstname\" value=\"\">\n                                <label for=\"firstname\">Vorname<\/label>\n                            <\/span>\n                        <\/div>\n                    <\/div>\n                    <div class=\"vc_col-sm-6\">\n                        <div class=\"form-element form-element--input\">\n                            <span class=\"form-control-wrap lastname\">\n                                <input type=\"text\" id=\"lastname\" name=\"lastname\" value=\"\">\n                                <label for=\"lastname\">Nachname<\/label>\n                            <\/span>\n                        <\/div>\n                    <\/div>\n                <\/div><div class=\"vc_row\">\n                    <div class=\"vc_col-sm-12\">\n                        <div class=\"form-element form-element--input\">\n                            <span class=\"form-control-wrap email\">\n                                <input type=\"email\" id=\"email\" name=\"email\" value=\"\" size=\"40\">\n                                <label for=\"email\">E-Mail-Adresse<\/label>\n                            <\/span>\n                        <\/div>\n                    <\/div>\n                <\/div><div class=\"vc_row\">\n                    <div class=\"vc_col-sm-12\">\n                        <button id=\"submit\" type=\"submit\" class=\"button button--dark\">Absenden<\/button>\n                    <\/div>\n                <\/div><\/form><\/div>\n                            <\/div>\n                        <\/div>\n                    <\/div><\/div>[\/vc_column][\/vc_row]<\/div>","protected":false},"excerpt":{"rendered":"[vc_row full_width=&#187;stretch_row_content_no_spaces&#187;][vc_column][\/vc_column][\/vc_row][vc_row bwd_tbc4vd_show_weekday=&#187;&#187; el_class=&#187;vg-padding&#187;][vc_column][\/vc_column][\/vc_row][vc_row][vc_column][vc_column_text]Wie sieht ein neues Kleidungsst\u00fcck angezogen aus? Und wie stylt man die angesagten Outfits? Was geht als Geschenk f\u00fcr die Liebsten? Unser Team steht Ihnen in unseren H\u00e4usern mit ehrlichem Feedback und authentischer, pers\u00f6nlicher Beratung zur Seite. Mit Freude an der Mode und Gesp\u00fcr f\u00fcr die individuellen Bed\u00fcrfnisse wird jedes Fashion-Anliegen pers\u00f6nlich [&hellip;]","protected":false},"author":3,"featured_media":0,"parent":2216,"menu_order":0,"comment_status":"closed","ping_status":"closed","template":"","meta":{"_acf_changed":false,"inline_featured_image":false,"footnotes":""},"class_list":["post-2404","page","type-page","status-publish","hentry"],"acf":[],"yoast_head":"<!-- This site is optimized with the Yoast SEO plugin v27.2 - https:\/\/yoast.com\/product\/yoast-seo-wordpress\/ -->\n<title>Fachabteilungen | VAN GRAAF Schweiz<\/title>\n<meta name=\"description\" content=\"Unser Erfolgsgeheimnis: Aus Leidenschaft f\u00fcr Mode und Menschen\" \/>\n<meta name=\"robots\" content=\"index, follow, max-snippet:-1, max-image-preview:large, max-video-preview:-1\" \/>\n<link rel=\"canonical\" href=\"https:\/\/www.vangraaf.com\/ch\/beratung-style\/fachabteilungen\/\" \/>\n<meta property=\"og:locale\" content=\"de_DE\" \/>\n<meta property=\"og:type\" content=\"article\" \/>\n<meta property=\"og:title\" content=\"Fachabteilungen | VAN GRAAF Schweiz\" \/>\n<meta property=\"og:description\" content=\"Unser Erfolgsgeheimnis: Aus Leidenschaft f\u00fcr Mode und Menschen\" \/>\n<meta property=\"og:url\" content=\"https:\/\/www.vangraaf.com\/ch\/beratung-style\/fachabteilungen\/\" \/>\n<meta property=\"og:site_name\" content=\"VAN GRAAF Schweiz\" \/>\n<meta property=\"article:modified_time\" content=\"2021-09-06T14:41:32+00:00\" \/>\n<meta name=\"twitter:card\" content=\"summary_large_image\" \/>\n<meta name=\"twitter:label1\" content=\"Est. reading time\" \/>\n\t<meta name=\"twitter:data1\" content=\"3\u00a0Minuten\" \/>\n<script type=\"application\/ld+json\" class=\"yoast-schema-graph\">{\"@context\":\"https:\/\/schema.org\",\"@graph\":[{\"@type\":\"WebPage\",\"@id\":\"https:\/\/www.vangraaf.com\/ch\/beratung-style\/fachabteilungen\/\",\"url\":\"https:\/\/www.vangraaf.com\/ch\/beratung-style\/fachabteilungen\/\",\"name\":\"Fachabteilungen | VAN GRAAF Schweiz\",\"isPartOf\":{\"@id\":\"https:\/\/www.vangraaf.com\/ch\/#website\"},\"datePublished\":\"2020-02-20T15:01:14+00:00\",\"dateModified\":\"2021-09-06T14:41:32+00:00\",\"description\":\"Unser Erfolgsgeheimnis: Aus Leidenschaft f\u00fcr Mode und Menschen\",\"breadcrumb\":{\"@id\":\"https:\/\/www.vangraaf.com\/ch\/beratung-style\/fachabteilungen\/#breadcrumb\"},\"inLanguage\":\"de-CH\",\"potentialAction\":[{\"@type\":\"ReadAction\",\"target\":[\"https:\/\/www.vangraaf.com\/ch\/beratung-style\/fachabteilungen\/\"]}]},{\"@type\":\"BreadcrumbList\",\"@id\":\"https:\/\/www.vangraaf.com\/ch\/beratung-style\/fachabteilungen\/#breadcrumb\",\"itemListElement\":[{\"@type\":\"ListItem\",\"position\":1,\"name\":\"Home\",\"item\":\"https:\/\/www.vangraaf.com\/ch\/\"},{\"@type\":\"ListItem\",\"position\":2,\"name\":\"Beratung &amp; Style\",\"item\":\"https:\/\/www.vangraaf.com\/ch\/beratung-style\/\"},{\"@type\":\"ListItem\",\"position\":3,\"name\":\"Fachabteilungen\"}]},{\"@type\":\"WebSite\",\"@id\":\"https:\/\/www.vangraaf.com\/ch\/#website\",\"url\":\"https:\/\/www.vangraaf.com\/ch\/\",\"name\":\"VAN GRAAF\",\"description\":\"VAN GRAAF\",\"potentialAction\":[{\"@type\":\"SearchAction\",\"target\":{\"@type\":\"EntryPoint\",\"urlTemplate\":\"https:\/\/www.vangraaf.com\/ch\/?s={search_term_string}\"},\"query-input\":{\"@type\":\"PropertyValueSpecification\",\"valueRequired\":true,\"valueName\":\"search_term_string\"}}],\"inLanguage\":\"de-CH\"}]}<\/script>\n<!-- \/ Yoast SEO plugin. -->","yoast_head_json":{"title":"Fachabteilungen | VAN GRAAF Schweiz","description":"Unser Erfolgsgeheimnis: Aus Leidenschaft f\u00fcr Mode und Menschen","robots":{"index":"index","follow":"follow","max-snippet":"max-snippet:-1","max-image-preview":"max-image-preview:large","max-video-preview":"max-video-preview:-1"},"canonical":"https:\/\/www.vangraaf.com\/ch\/beratung-style\/fachabteilungen\/","og_locale":"de_DE","og_type":"article","og_title":"Fachabteilungen | VAN GRAAF Schweiz","og_description":"Unser Erfolgsgeheimnis: Aus Leidenschaft f\u00fcr Mode und Menschen","og_url":"https:\/\/www.vangraaf.com\/ch\/beratung-style\/fachabteilungen\/","og_site_name":"VAN GRAAF Schweiz","article_modified_time":"2021-09-06T14:41:32+00:00","twitter_card":"summary_large_image","twitter_misc":{"Est. reading time":"3\u00a0Minuten"},"schema":{"@context":"https:\/\/schema.org","@graph":[{"@type":"WebPage","@id":"https:\/\/www.vangraaf.com\/ch\/beratung-style\/fachabteilungen\/","url":"https:\/\/www.vangraaf.com\/ch\/beratung-style\/fachabteilungen\/","name":"Fachabteilungen | VAN GRAAF Schweiz","isPartOf":{"@id":"https:\/\/www.vangraaf.com\/ch\/#website"},"datePublished":"2020-02-20T15:01:14+00:00","dateModified":"2021-09-06T14:41:32+00:00","description":"Unser Erfolgsgeheimnis: Aus Leidenschaft f\u00fcr Mode und Menschen","breadcrumb":{"@id":"https:\/\/www.vangraaf.com\/ch\/beratung-style\/fachabteilungen\/#breadcrumb"},"inLanguage":"de-CH","potentialAction":[{"@type":"ReadAction","target":["https:\/\/www.vangraaf.com\/ch\/beratung-style\/fachabteilungen\/"]}]},{"@type":"BreadcrumbList","@id":"https:\/\/www.vangraaf.com\/ch\/beratung-style\/fachabteilungen\/#breadcrumb","itemListElement":[{"@type":"ListItem","position":1,"name":"Home","item":"https:\/\/www.vangraaf.com\/ch\/"},{"@type":"ListItem","position":2,"name":"Beratung &amp; Style","item":"https:\/\/www.vangraaf.com\/ch\/beratung-style\/"},{"@type":"ListItem","position":3,"name":"Fachabteilungen"}]},{"@type":"WebSite","@id":"https:\/\/www.vangraaf.com\/ch\/#website","url":"https:\/\/www.vangraaf.com\/ch\/","name":"VAN GRAAF","description":"VAN GRAAF","potentialAction":[{"@type":"SearchAction","target":{"@type":"EntryPoint","urlTemplate":"https:\/\/www.vangraaf.com\/ch\/?s={search_term_string}"},"query-input":{"@type":"PropertyValueSpecification","valueRequired":true,"valueName":"search_term_string"}}],"inLanguage":"de-CH"}]}},"_links":{"self":[{"href":"https:\/\/www.vangraaf.com\/ch\/wp-json\/wp\/v2\/pages\/2404","targetHints":{"allow":["GET"]}}],"collection":[{"href":"https:\/\/www.vangraaf.com\/ch\/wp-json\/wp\/v2\/pages"}],"about":[{"href":"https:\/\/www.vangraaf.com\/ch\/wp-json\/wp\/v2\/types\/page"}],"author":[{"embeddable":true,"href":"https:\/\/www.vangraaf.com\/ch\/wp-json\/wp\/v2\/users\/3"}],"replies":[{"embeddable":true,"href":"https:\/\/www.vangraaf.com\/ch\/wp-json\/wp\/v2\/comments?post=2404"}],"version-history":[{"count":44,"href":"https:\/\/www.vangraaf.com\/ch\/wp-json\/wp\/v2\/pages\/2404\/revisions"}],"predecessor-version":[{"id":6358,"href":"https:\/\/www.vangraaf.com\/ch\/wp-json\/wp\/v2\/pages\/2404\/revisions\/6358"}],"up":[{"embeddable":true,"href":"https:\/\/www.vangraaf.com\/ch\/wp-json\/wp\/v2\/pages\/2216"}],"wp:attachment":[{"href":"https:\/\/www.vangraaf.com\/ch\/wp-json\/wp\/v2\/media?parent=2404"}],"curies":[{"name":"wp","href":"https:\/\/api.w.org\/{rel}","templated":true}]}}