{"id":2396,"date":"2020-02-20T15:55:23","date_gmt":"2020-02-20T14:55:23","guid":{"rendered":"http:\/\/van-graaf.test\/ch\/?page_id=2396"},"modified":"2021-09-06T16:39:58","modified_gmt":"2021-09-06T14:39:58","slug":"trends","status":"publish","type":"page","link":"https:\/\/www.vangraaf.com\/ch\/beratung-style\/trends\/","title":{"rendered":"Aktuelle Trends"},"content":{"rendered":"<div class=\"wpb-content-wrapper\">[vc_row full_width=&#187;stretch_row_content_no_spaces&#187;][vc_column]<div class=\"keyvisual\" data-aos=\"fade-up\" ><img loading=\"lazy\" decoding=\"async\" width=\"1440\" height=\"480\" src=\"https:\/\/www.vangraaf.com\/ch\/wp-content\/uploads\/sites\/6\/2020\/02\/AktuelleTrends_Banner_WP.jpg\" class=\"vc_single_image-img keyvisual__image--big\" alt=\"Zwei Personen in Winterkleidung stehen vor einer grauen Wand; die Frau tr\u00e4gt eine M\u00fctze und der Mann schaut zu ihr hin\u00fcber.\" srcset=\"https:\/\/www.vangraaf.com\/ch\/wp-content\/uploads\/sites\/6\/2020\/02\/AktuelleTrends_Banner_WP.jpg 1440w, https:\/\/www.vangraaf.com\/ch\/wp-content\/uploads\/sites\/6\/2020\/02\/AktuelleTrends_Banner_WP-300x100.jpg 300w, https:\/\/www.vangraaf.com\/ch\/wp-content\/uploads\/sites\/6\/2020\/02\/AktuelleTrends_Banner_WP-1024x341.jpg 1024w, https:\/\/www.vangraaf.com\/ch\/wp-content\/uploads\/sites\/6\/2020\/02\/AktuelleTrends_Banner_WP-768x256.jpg 768w, https:\/\/www.vangraaf.com\/ch\/wp-content\/uploads\/sites\/6\/2020\/02\/AktuelleTrends_Banner_WP-1200x400.jpg 1200w, https:\/\/www.vangraaf.com\/ch\/wp-content\/uploads\/sites\/6\/2020\/02\/AktuelleTrends_Banner_WP-992x331.jpg 992w, https:\/\/www.vangraaf.com\/ch\/wp-content\/uploads\/sites\/6\/2020\/02\/AktuelleTrends_Banner_WP-480x160.jpg 480w, https:\/\/www.vangraaf.com\/ch\/wp-content\/uploads\/sites\/6\/2020\/02\/AktuelleTrends_Banner_WP-690x230.jpg 690w\" sizes=\"(max-width: 1440px) 100vw, 1440px\" \/><\/div>\n        <div class=\"headlines headlines--center\" data-aos=\"fade-up\">\n            <div class=\"vc_row\">\n                <div class=\"vc_col-md-10 vc_col-md-offset-1 vc_col-lg-10 vc_col-lg-offset-1\"><span class=\"h6\">Trends<\/span><h1 class=\"h2\">Die aktuelle Modesaison ist da<\/h1><\/div>\n            <\/div>\n        <\/div>[vc_column_text]\r\n<p style=\"text-align: center\">Entdecken Sie jetzt die angesagten Trends und Kollektionen der f\u00fchrenden internationalen Marken \u2013 und Ihre pers\u00f6nlichen Must-haves der Saison.<\/p>\r\n[\/vc_column_text][\/vc_column][\/vc_row][vc_row bwd_tbc4vd_show_weekday=&#187;&#187; disable_element=&#187;yes&#187; el_class=&#187;vg-padding&#187;][vc_column]\n        <div class=\"vg-element promo-teaser promo-teaser--  promo-teaser--\" style=\"--season-color: #ffffff;\" data-aos=\"fade-up\">\n            <div class=\"vc_row vc_row-flex\">\n                <div class=\"vc_col-sm-6 promo-teaser__image\">\n                    <a class=\"\" href=\"http:\/\/vangraaf.com\/ch\/beratung-style\/trends\/neue-trends\/\" target=\"_self\" rel=\"\" style=\"\"><img loading=\"lazy\" decoding=\"async\" width=\"599\" height=\"504\" src=\"https:\/\/www.vangraaf.com\/ch\/wp-content\/uploads\/sites\/6\/2020\/02\/Neue_Trends.jpg\" class=\"vc_single_image-img\" alt=\"\" srcset=\"https:\/\/www.vangraaf.com\/ch\/wp-content\/uploads\/sites\/6\/2020\/02\/Neue_Trends.jpg 599w, https:\/\/www.vangraaf.com\/ch\/wp-content\/uploads\/sites\/6\/2020\/02\/Neue_Trends-300x252.jpg 300w, https:\/\/www.vangraaf.com\/ch\/wp-content\/uploads\/sites\/6\/2020\/02\/Neue_Trends-480x404.jpg 480w\" sizes=\"(max-width: 599px) 100vw, 599px\" \/><\/a>\n                <\/div>\n                <div class=\"vc_col-sm-6\">\n                    <div class=\"promo-teaser__content-wrapper\">\n                        <div class=\"promo-teaser__content promo-teaser__content--center\"><h3>Hier sind die neuen Trend-Looks!<\/h3><p>Freuen Sie sich auch so auf die neue Sommermode? Wir konnten es kaum noch erwarten, Ihnen endlich unsere neuen Lieblingslooks zu zeigen<\/p>\n<a class=\"button button--\" href=\"http:\/\/vangraaf.com\/ch\/beratung-style\/trends\/neue-trends\/\" target=\"_self\" rel=\"\" style=\"\">Trend-Looks<\/a><\/div>\n                    <\/div>\n                <\/div>\n            <\/div>\n        <\/div>[\/vc_column][\/vc_row]<\/div>","protected":false},"excerpt":{"rendered":"[vc_row full_width=&#187;stretch_row_content_no_spaces&#187;][vc_column][vc_column_text] Entdecken Sie jetzt die angesagten Trends und Kollektionen der f\u00fchrenden internationalen Marken \u2013 und Ihre pers\u00f6nlichen Must-haves der Saison. [\/vc_column_text][\/vc_column][\/vc_row][vc_row bwd_tbc4vd_show_weekday=&#187;&#187; disable_element=&#187;yes&#187; el_class=&#187;vg-padding&#187;][vc_column][\/vc_column][\/vc_row]","protected":false},"author":3,"featured_media":0,"parent":2216,"menu_order":0,"comment_status":"closed","ping_status":"closed","template":"","meta":{"_acf_changed":false,"inline_featured_image":false,"footnotes":""},"class_list":["post-2396","page","type-page","status-publish","hentry"],"acf":[],"yoast_head":"<!-- This site is optimized with the Yoast SEO plugin v27.2 - https:\/\/yoast.com\/product\/yoast-seo-wordpress\/ -->\n<title>Aktuelle Trends | VAN GRAAF Schweiz<\/title>\n<meta name=\"description\" content=\"Trends und Themen der aktuellen Modesaison von VAN GRAAF\" \/>\n<meta name=\"robots\" content=\"index, follow, max-snippet:-1, max-image-preview:large, max-video-preview:-1\" \/>\n<link rel=\"canonical\" href=\"https:\/\/www.vangraaf.com\/ch\/beratung-style\/trends\/\" \/>\n<meta property=\"og:locale\" content=\"de_DE\" \/>\n<meta property=\"og:type\" content=\"article\" \/>\n<meta property=\"og:title\" content=\"Aktuelle Trends | VAN GRAAF Schweiz\" \/>\n<meta property=\"og:description\" content=\"Trends und Themen der aktuellen Modesaison von VAN GRAAF\" \/>\n<meta property=\"og:url\" content=\"https:\/\/www.vangraaf.com\/ch\/beratung-style\/trends\/\" \/>\n<meta property=\"og:site_name\" content=\"VAN GRAAF Schweiz\" \/>\n<meta property=\"article:modified_time\" content=\"2021-09-06T14:39:58+00:00\" \/>\n<meta name=\"twitter:card\" content=\"summary_large_image\" \/>\n<meta name=\"twitter:label1\" content=\"Est. reading time\" \/>\n\t<meta name=\"twitter:data1\" content=\"1\u00a0Minute\" \/>\n<script type=\"application\/ld+json\" class=\"yoast-schema-graph\">{\"@context\":\"https:\/\/schema.org\",\"@graph\":[{\"@type\":\"WebPage\",\"@id\":\"https:\/\/www.vangraaf.com\/ch\/beratung-style\/trends\/\",\"url\":\"https:\/\/www.vangraaf.com\/ch\/beratung-style\/trends\/\",\"name\":\"Aktuelle Trends | VAN GRAAF Schweiz\",\"isPartOf\":{\"@id\":\"https:\/\/www.vangraaf.com\/ch\/#website\"},\"datePublished\":\"2020-02-20T14:55:23+00:00\",\"dateModified\":\"2021-09-06T14:39:58+00:00\",\"description\":\"Trends und Themen der aktuellen Modesaison von VAN GRAAF\",\"breadcrumb\":{\"@id\":\"https:\/\/www.vangraaf.com\/ch\/beratung-style\/trends\/#breadcrumb\"},\"inLanguage\":\"de-CH\",\"potentialAction\":[{\"@type\":\"ReadAction\",\"target\":[\"https:\/\/www.vangraaf.com\/ch\/beratung-style\/trends\/\"]}]},{\"@type\":\"BreadcrumbList\",\"@id\":\"https:\/\/www.vangraaf.com\/ch\/beratung-style\/trends\/#breadcrumb\",\"itemListElement\":[{\"@type\":\"ListItem\",\"position\":1,\"name\":\"Home\",\"item\":\"https:\/\/www.vangraaf.com\/ch\/\"},{\"@type\":\"ListItem\",\"position\":2,\"name\":\"Beratung &amp; Style\",\"item\":\"https:\/\/www.vangraaf.com\/ch\/beratung-style\/\"},{\"@type\":\"ListItem\",\"position\":3,\"name\":\"Aktuelle Trends\"}]},{\"@type\":\"WebSite\",\"@id\":\"https:\/\/www.vangraaf.com\/ch\/#website\",\"url\":\"https:\/\/www.vangraaf.com\/ch\/\",\"name\":\"VAN GRAAF\",\"description\":\"VAN GRAAF\",\"potentialAction\":[{\"@type\":\"SearchAction\",\"target\":{\"@type\":\"EntryPoint\",\"urlTemplate\":\"https:\/\/www.vangraaf.com\/ch\/?s={search_term_string}\"},\"query-input\":{\"@type\":\"PropertyValueSpecification\",\"valueRequired\":true,\"valueName\":\"search_term_string\"}}],\"inLanguage\":\"de-CH\"}]}<\/script>\n<!-- \/ Yoast SEO plugin. -->","yoast_head_json":{"title":"Aktuelle Trends | VAN GRAAF Schweiz","description":"Trends und Themen der aktuellen Modesaison von VAN GRAAF","robots":{"index":"index","follow":"follow","max-snippet":"max-snippet:-1","max-image-preview":"max-image-preview:large","max-video-preview":"max-video-preview:-1"},"canonical":"https:\/\/www.vangraaf.com\/ch\/beratung-style\/trends\/","og_locale":"de_DE","og_type":"article","og_title":"Aktuelle Trends | VAN GRAAF Schweiz","og_description":"Trends und Themen der aktuellen Modesaison von VAN GRAAF","og_url":"https:\/\/www.vangraaf.com\/ch\/beratung-style\/trends\/","og_site_name":"VAN GRAAF Schweiz","article_modified_time":"2021-09-06T14:39:58+00:00","twitter_card":"summary_large_image","twitter_misc":{"Est. reading time":"1\u00a0Minute"},"schema":{"@context":"https:\/\/schema.org","@graph":[{"@type":"WebPage","@id":"https:\/\/www.vangraaf.com\/ch\/beratung-style\/trends\/","url":"https:\/\/www.vangraaf.com\/ch\/beratung-style\/trends\/","name":"Aktuelle Trends | VAN GRAAF Schweiz","isPartOf":{"@id":"https:\/\/www.vangraaf.com\/ch\/#website"},"datePublished":"2020-02-20T14:55:23+00:00","dateModified":"2021-09-06T14:39:58+00:00","description":"Trends und Themen der aktuellen Modesaison von VAN GRAAF","breadcrumb":{"@id":"https:\/\/www.vangraaf.com\/ch\/beratung-style\/trends\/#breadcrumb"},"inLanguage":"de-CH","potentialAction":[{"@type":"ReadAction","target":["https:\/\/www.vangraaf.com\/ch\/beratung-style\/trends\/"]}]},{"@type":"BreadcrumbList","@id":"https:\/\/www.vangraaf.com\/ch\/beratung-style\/trends\/#breadcrumb","itemListElement":[{"@type":"ListItem","position":1,"name":"Home","item":"https:\/\/www.vangraaf.com\/ch\/"},{"@type":"ListItem","position":2,"name":"Beratung &amp; Style","item":"https:\/\/www.vangraaf.com\/ch\/beratung-style\/"},{"@type":"ListItem","position":3,"name":"Aktuelle Trends"}]},{"@type":"WebSite","@id":"https:\/\/www.vangraaf.com\/ch\/#website","url":"https:\/\/www.vangraaf.com\/ch\/","name":"VAN GRAAF","description":"VAN GRAAF","potentialAction":[{"@type":"SearchAction","target":{"@type":"EntryPoint","urlTemplate":"https:\/\/www.vangraaf.com\/ch\/?s={search_term_string}"},"query-input":{"@type":"PropertyValueSpecification","valueRequired":true,"valueName":"search_term_string"}}],"inLanguage":"de-CH"}]}},"_links":{"self":[{"href":"https:\/\/www.vangraaf.com\/ch\/wp-json\/wp\/v2\/pages\/2396","targetHints":{"allow":["GET"]}}],"collection":[{"href":"https:\/\/www.vangraaf.com\/ch\/wp-json\/wp\/v2\/pages"}],"about":[{"href":"https:\/\/www.vangraaf.com\/ch\/wp-json\/wp\/v2\/types\/page"}],"author":[{"embeddable":true,"href":"https:\/\/www.vangraaf.com\/ch\/wp-json\/wp\/v2\/users\/3"}],"replies":[{"embeddable":true,"href":"https:\/\/www.vangraaf.com\/ch\/wp-json\/wp\/v2\/comments?post=2396"}],"version-history":[{"count":22,"href":"https:\/\/www.vangraaf.com\/ch\/wp-json\/wp\/v2\/pages\/2396\/revisions"}],"predecessor-version":[{"id":6396,"href":"https:\/\/www.vangraaf.com\/ch\/wp-json\/wp\/v2\/pages\/2396\/revisions\/6396"}],"up":[{"embeddable":true,"href":"https:\/\/www.vangraaf.com\/ch\/wp-json\/wp\/v2\/pages\/2216"}],"wp:attachment":[{"href":"https:\/\/www.vangraaf.com\/ch\/wp-json\/wp\/v2\/media?parent=2396"}],"curies":[{"name":"wp","href":"https:\/\/api.w.org\/{rel}","templated":true}]}}