{"id":2347,"date":"2020-02-18T11:21:54","date_gmt":"2020-02-18T10:21:54","guid":{"rendered":"http:\/\/van-graaf.test\/ch\/?page_id=2347"},"modified":"2025-02-12T13:52:50","modified_gmt":"2025-02-12T12:52:50","slug":"marken-herren","status":"publish","type":"page","link":"https:\/\/www.vangraaf.com\/ch\/marken\/marken-herren\/","title":{"rendered":"Marken Herren"},"content":{"rendered":"<div class=\"wpb-content-wrapper\">[vc_row bwd_show_when_type=&#187;after&#187; bwd_show_when_date=&#187;03\/15\/2021 00:00&#8243; bwd_tbc4vd_show_weekday=&#187;&#187; full_width=&#187;stretch_row_content_no_spaces&#187;][vc_column]<div class=\"keyvisual\" data-aos=\"fade-up\" ><img loading=\"lazy\" decoding=\"async\" width=\"1440\" height=\"480\" src=\"https:\/\/www.vangraaf.com\/ch\/wp-content\/uploads\/sites\/6\/2020\/02\/Marken_HAKA_Banner_WP.jpg\" class=\"vc_single_image-img keyvisual__image--big\" alt=\"Ein junger Mann mit lockigem Haar und einem hellgrauen Hemd sitzt vor einer wei\u00dfen Treppe und schaut nach vorne.\" srcset=\"https:\/\/www.vangraaf.com\/ch\/wp-content\/uploads\/sites\/6\/2020\/02\/Marken_HAKA_Banner_WP.jpg 1440w, https:\/\/www.vangraaf.com\/ch\/wp-content\/uploads\/sites\/6\/2020\/02\/Marken_HAKA_Banner_WP-300x100.jpg 300w, https:\/\/www.vangraaf.com\/ch\/wp-content\/uploads\/sites\/6\/2020\/02\/Marken_HAKA_Banner_WP-1024x341.jpg 1024w, https:\/\/www.vangraaf.com\/ch\/wp-content\/uploads\/sites\/6\/2020\/02\/Marken_HAKA_Banner_WP-768x256.jpg 768w, https:\/\/www.vangraaf.com\/ch\/wp-content\/uploads\/sites\/6\/2020\/02\/Marken_HAKA_Banner_WP-1200x400.jpg 1200w, https:\/\/www.vangraaf.com\/ch\/wp-content\/uploads\/sites\/6\/2020\/02\/Marken_HAKA_Banner_WP-992x331.jpg 992w, https:\/\/www.vangraaf.com\/ch\/wp-content\/uploads\/sites\/6\/2020\/02\/Marken_HAKA_Banner_WP-480x160.jpg 480w, https:\/\/www.vangraaf.com\/ch\/wp-content\/uploads\/sites\/6\/2020\/02\/Marken_HAKA_Banner_WP-690x230.jpg 690w\" sizes=\"(max-width: 1440px) 100vw, 1440px\" \/><img loading=\"lazy\" decoding=\"async\" width=\"768\" height=\"250\" src=\"https:\/\/www.vangraaf.com\/ch\/wp-content\/uploads\/sites\/6\/2021\/09\/Marken_HAKA_Banner_WP.jpg\" class=\"vc_single_image-img keyvisual__image--small\" alt=\"Junger Mann mit lockigem Haar sitzt auf wei\u00dfen Treppenstufen und tr\u00e4gt ein hellgraues Hemd.\" srcset=\"https:\/\/www.vangraaf.com\/ch\/wp-content\/uploads\/sites\/6\/2021\/09\/Marken_HAKA_Banner_WP.jpg 768w, https:\/\/www.vangraaf.com\/ch\/wp-content\/uploads\/sites\/6\/2021\/09\/Marken_HAKA_Banner_WP-300x98.jpg 300w, https:\/\/www.vangraaf.com\/ch\/wp-content\/uploads\/sites\/6\/2021\/09\/Marken_HAKA_Banner_WP-480x156.jpg 480w, https:\/\/www.vangraaf.com\/ch\/wp-content\/uploads\/sites\/6\/2021\/09\/Marken_HAKA_Banner_WP-690x225.jpg 690w\" sizes=\"(max-width: 768px) 100vw, 768px\" \/><\/div>\n        <div class=\"headlines headlines--center\" data-aos=\"fade-up\">\n            <div class=\"vc_row\">\n                <div class=\"vc_col-md-10 vc_col-md-offset-1 vc_col-lg-10 vc_col-lg-offset-1\"><span class=\"h6\">Markenvielfalt<\/span><h1 class=\"h2\">Marken f\u00fcr Herren<\/h1><\/div>\n            <\/div>\n        <\/div>[vc_column_text]\r\n<p style=\"text-align: center;\">Wir f\u00fchren in unserem Haus zahlreiche namhafte und hochwertige Marken. Welche Marken Sie bei uns finden, zeigt Ihnen unsere \u00dcbersicht &#8211; von A bis Z!<\/p>\r\n[\/vc_column_text][\/vc_column][\/vc_row][vc_row][vc_column]<div class=\"brand-register\" data-aos=\"fade-up\"><div class=\"brand-register__item\"><div class=\"vc_row\"><div class=\"vc_col-xs-3 vc_col-md-2 brand-register__item__capital\"><span>0-9<\/span><\/div><div class=\"vc_col-xs-9 vc_col-md-9 vc_col-md-offset-1 brand-register__item__brands\"><div class=\"vc_row\"><div class=\"vc_col-sm-6 vc_col-md-4 brand-register__item__brand\"><span>2Y Studios<\/span><\/div><\/div><\/div><\/div><\/div><div class=\"brand-register__item\"><div class=\"vc_row\"><div class=\"vc_col-xs-3 vc_col-md-2 brand-register__item__capital\"><span>A<\/span><\/div><div class=\"vc_col-xs-9 vc_col-md-9 vc_col-md-offset-1 brand-register__item__brands\"><div class=\"vc_row\"><div class=\"vc_col-sm-6 vc_col-md-4 brand-register__item__brand\"><a href=\"https:\/\/www.vangraaf.com\/ch\/marken\/adidas-originals\/\" title=\"adidas Originals\">adidas Originals<\/a><\/div><div class=\"vc_col-sm-6 vc_col-md-4 brand-register__item__brand\"><span>adidas Performance<\/span><\/div><div class=\"vc_col-sm-6 vc_col-md-4 brand-register__item__brand\"><span>Alberto<\/span><\/div><div class=\"vc_col-sm-6 vc_col-md-4 brand-register__item__brand\"><a href=\"https:\/\/www.vangraaf.com\/ch\/marken\/alpha-industries\/\" title=\"Alpha Industries\">Alpha Industries<\/a><\/div><div class=\"vc_col-sm-6 vc_col-md-4 brand-register__item__brand\"><span>Andrew James<\/span><\/div><div class=\"vc_col-sm-6 vc_col-md-4 brand-register__item__brand\"><span>Andrew James New York<\/span><\/div><div class=\"vc_col-sm-6 vc_col-md-4 brand-register__item__brand\"><a href=\"https:\/\/www.vangraaf.com\/ch\/marken\/armani-exchange\/\" title=\"Armani Exchange\">Armani Exchange<\/a><\/div><\/div><\/div><\/div><\/div><div class=\"brand-register__item\"><div class=\"vc_row\"><div class=\"vc_col-xs-3 vc_col-md-2 brand-register__item__capital\"><span>B<\/span><\/div><div class=\"vc_col-xs-9 vc_col-md-9 vc_col-md-offset-1 brand-register__item__brands\"><div class=\"vc_row\"><div class=\"vc_col-sm-6 vc_col-md-4 brand-register__item__brand\"><span>Barbour<\/span><\/div><div class=\"vc_col-sm-6 vc_col-md-4 brand-register__item__brand\"><span>Barbour<\/span><\/div><div class=\"vc_col-sm-6 vc_col-md-4 brand-register__item__brand\"><a href=\"https:\/\/www.vangraaf.com\/ch\/marken\/boss\/\" title=\"BOSS\">BOSS<\/a><\/div><div class=\"vc_col-sm-6 vc_col-md-4 brand-register__item__brand\"><span>BOSS Green<\/span><\/div><div class=\"vc_col-sm-6 vc_col-md-4 brand-register__item__brand\"><span>BOSS Orange<\/span><\/div><div class=\"vc_col-sm-6 vc_col-md-4 brand-register__item__brand\"><span>BRAX<\/span><\/div><div class=\"vc_col-sm-6 vc_col-md-4 brand-register__item__brand\"><span>Bugatti<\/span><\/div><\/div><\/div><\/div><\/div><div class=\"brand-register__item\"><div class=\"vc_row\"><div class=\"vc_col-xs-3 vc_col-md-2 brand-register__item__capital\"><span>C<\/span><\/div><div class=\"vc_col-xs-9 vc_col-md-9 vc_col-md-offset-1 brand-register__item__brands\"><div class=\"vc_row\"><div class=\"vc_col-sm-6 vc_col-md-4 brand-register__item__brand\"><a href=\"https:\/\/www.vangraaf.com\/ch\/marken\/calvin-klein\/\" title=\"Calvin Klein\">Calvin Klein<\/a><\/div><div class=\"vc_col-sm-6 vc_col-md-4 brand-register__item__brand\"><span>Calvin Klein Jeans<\/span><\/div><div class=\"vc_col-sm-6 vc_col-md-4 brand-register__item__brand\"><span>CG - CLUB of GENTS<\/span><\/div><div class=\"vc_col-sm-6 vc_col-md-4 brand-register__item__brand\"><a href=\"https:\/\/www.vangraaf.com\/ch\/marken\/champion\/\" title=\"Champion\">Champion<\/a><\/div><div class=\"vc_col-sm-6 vc_col-md-4 brand-register__item__brand\"><span>Cinque<\/span><\/div><div class=\"vc_col-sm-6 vc_col-md-4 brand-register__item__brand\"><span>Condor<\/span><\/div><\/div><\/div><\/div><\/div><div class=\"brand-register__item\"><div class=\"vc_row\"><div class=\"vc_col-xs-3 vc_col-md-2 brand-register__item__capital\"><span>D<\/span><\/div><div class=\"vc_col-xs-9 vc_col-md-9 vc_col-md-offset-1 brand-register__item__brands\"><div class=\"vc_row\"><div class=\"vc_col-sm-6 vc_col-md-4 brand-register__item__brand\"><span>Dickies<\/span><\/div><div class=\"vc_col-sm-6 vc_col-md-4 brand-register__item__brand\"><span>Didriksons<\/span><\/div><div class=\"vc_col-sm-6 vc_col-md-4 brand-register__item__brand\"><span>Drykorn<\/span><\/div><\/div><\/div><\/div><\/div><div class=\"brand-register__item\"><div class=\"vc_row\"><div class=\"vc_col-xs-3 vc_col-md-2 brand-register__item__capital\"><span>E<\/span><\/div><div class=\"vc_col-xs-9 vc_col-md-9 vc_col-md-offset-1 brand-register__item__brands\"><div class=\"vc_row\"><div class=\"vc_col-sm-6 vc_col-md-4 brand-register__item__brand\"><span>EA7<\/span><\/div><div class=\"vc_col-sm-6 vc_col-md-4 brand-register__item__brand\"><span>ellesse<\/span><\/div><div class=\"vc_col-sm-6 vc_col-md-4 brand-register__item__brand\"><span>Emporio Armani<\/span><\/div><div class=\"vc_col-sm-6 vc_col-md-4 brand-register__item__brand\"><span>Eterna Comfort Fit<\/span><\/div><\/div><\/div><\/div><\/div><div class=\"brand-register__item\"><div class=\"vc_row\"><div class=\"vc_col-xs-3 vc_col-md-2 brand-register__item__capital\"><span>F<\/span><\/div><div class=\"vc_col-xs-9 vc_col-md-9 vc_col-md-offset-1 brand-register__item__brands\"><div class=\"vc_row\"><div class=\"vc_col-sm-6 vc_col-md-4 brand-register__item__brand\"><a href=\"https:\/\/www.vangraaf.com\/ch\/marken\/finshley-harding\/\" title=\"Finshley &amp; Harding\">Finshley &amp; Harding<\/a><\/div><div class=\"vc_col-sm-6 vc_col-md-4 brand-register__item__brand\"><span>Finshley &amp; Harding London<\/span><\/div><div class=\"vc_col-sm-6 vc_col-md-4 brand-register__item__brand\"><span>Fred Perry<\/span><\/div><div class=\"vc_col-sm-6 vc_col-md-4 brand-register__item__brand\"><span>Fynch-Hatton<\/span><\/div><\/div><\/div><\/div><\/div><div class=\"brand-register__item\"><div class=\"vc_row\"><div class=\"vc_col-xs-3 vc_col-md-2 brand-register__item__capital\"><span>G<\/span><\/div><div class=\"vc_col-xs-9 vc_col-md-9 vc_col-md-offset-1 brand-register__item__brands\"><div class=\"vc_row\"><div class=\"vc_col-sm-6 vc_col-md-4 brand-register__item__brand\"><a href=\"https:\/\/www.vangraaf.com\/ch\/marken\/g-star\/\" title=\"G-Star RAW\">G-Star RAW<\/a><\/div><div class=\"vc_col-sm-6 vc_col-md-4 brand-register__item__brand\"><span>Gant<\/span><\/div><div class=\"vc_col-sm-6 vc_col-md-4 brand-register__item__brand\"><span>G\u00f6ttmann<\/span><\/div><div class=\"vc_col-sm-6 vc_col-md-4 brand-register__item__brand\"><span>Guess<\/span><\/div><\/div><\/div><\/div><\/div><div class=\"brand-register__item\"><div class=\"vc_row\"><div class=\"vc_col-xs-3 vc_col-md-2 brand-register__item__capital\"><span>H<\/span><\/div><div class=\"vc_col-xs-9 vc_col-md-9 vc_col-md-offset-1 brand-register__item__brands\"><div class=\"vc_row\"><div class=\"vc_col-sm-6 vc_col-md-4 brand-register__item__brand\"><span>HAPPY SHORTS<\/span><\/div><div class=\"vc_col-sm-6 vc_col-md-4 brand-register__item__brand\"><span>Happy Socks<\/span><\/div><div class=\"vc_col-sm-6 vc_col-md-4 brand-register__item__brand\"><span>Hechter<\/span><\/div><div class=\"vc_col-sm-6 vc_col-md-4 brand-register__item__brand\"><span>Helly Hansen<\/span><\/div><div class=\"vc_col-sm-6 vc_col-md-4 brand-register__item__brand\"><span>HUGO<\/span><\/div><div class=\"vc_col-sm-6 vc_col-md-4 brand-register__item__brand\"><span>Hugo Blue<\/span><\/div><\/div><\/div><\/div><\/div><div class=\"brand-register__item\"><div class=\"vc_row\"><div class=\"vc_col-xs-3 vc_col-md-2 brand-register__item__capital\"><span>J<\/span><\/div><div class=\"vc_col-xs-9 vc_col-md-9 vc_col-md-offset-1 brand-register__item__brands\"><div class=\"vc_row\"><div class=\"vc_col-sm-6 vc_col-md-4 brand-register__item__brand\"><span>Jack &amp; Jones<\/span><\/div><div class=\"vc_col-sm-6 vc_col-md-4 brand-register__item__brand\"><span>Joop Jeans<\/span><\/div><div class=\"vc_col-sm-6 vc_col-md-4 brand-register__item__brand\"><span>JOOP!<\/span><\/div><\/div><\/div><\/div><\/div><div class=\"brand-register__item\"><div class=\"vc_row\"><div class=\"vc_col-xs-3 vc_col-md-2 brand-register__item__capital\"><span>L<\/span><\/div><div class=\"vc_col-xs-9 vc_col-md-9 vc_col-md-offset-1 brand-register__item__brands\"><div class=\"vc_row\"><div class=\"vc_col-sm-6 vc_col-md-4 brand-register__item__brand\"><a href=\"https:\/\/www.vangraaf.com\/ch\/marken\/lacoste\/\" title=\"Lacoste\">Lacoste<\/a><\/div><div class=\"vc_col-sm-6 vc_col-md-4 brand-register__item__brand\"><a href=\"https:\/\/www.vangraaf.com\/ch\/marken\/levis\/\" title=\"Levi&#039;s\">Levi&#039;s<\/a><\/div><\/div><\/div><\/div><\/div><div class=\"brand-register__item\"><div class=\"vc_row\"><div class=\"vc_col-xs-3 vc_col-md-2 brand-register__item__capital\"><span>M<\/span><\/div><div class=\"vc_col-xs-9 vc_col-md-9 vc_col-md-offset-1 brand-register__item__brands\"><div class=\"vc_row\"><div class=\"vc_col-sm-6 vc_col-md-4 brand-register__item__brand\"><span>Mc Earl<\/span><\/div><div class=\"vc_col-sm-6 vc_col-md-4 brand-register__item__brand\"><span>Monti<\/span><\/div><div class=\"vc_col-sm-6 vc_col-md-4 brand-register__item__brand\"><span>Mustang<\/span><\/div><\/div><\/div><\/div><\/div><div class=\"brand-register__item\"><div class=\"vc_row\"><div class=\"vc_col-xs-3 vc_col-md-2 brand-register__item__capital\"><span>N<\/span><\/div><div class=\"vc_col-xs-9 vc_col-md-9 vc_col-md-offset-1 brand-register__item__brands\"><div class=\"vc_row\"><div class=\"vc_col-sm-6 vc_col-md-4 brand-register__item__brand\"><span>New Era<\/span><\/div><div class=\"vc_col-sm-6 vc_col-md-4 brand-register__item__brand\"><span>NIKE<\/span><\/div><div class=\"vc_col-sm-6 vc_col-md-4 brand-register__item__brand\"><span>Nils Sundstr\u00f6m<\/span><\/div><\/div><\/div><\/div><\/div><div class=\"brand-register__item\"><div class=\"vc_row\"><div class=\"vc_col-xs-3 vc_col-md-2 brand-register__item__capital\"><span>O<\/span><\/div><div class=\"vc_col-xs-9 vc_col-md-9 vc_col-md-offset-1 brand-register__item__brands\"><div class=\"vc_row\"><div class=\"vc_col-sm-6 vc_col-md-4 brand-register__item__brand\"><span>ohne Label<\/span><\/div><div class=\"vc_col-sm-6 vc_col-md-4 brand-register__item__brand\"><span>OLYMP Level Five<\/span><\/div><div class=\"vc_col-sm-6 vc_col-md-4 brand-register__item__brand\"><span>OLYMP Luxor modern fit<\/span><\/div><div class=\"vc_col-sm-6 vc_col-md-4 brand-register__item__brand\"><span>OLYMP No. Six<\/span><\/div><div class=\"vc_col-sm-6 vc_col-md-4 brand-register__item__brand\"><span>Only&amp;Sons<\/span><\/div><\/div><\/div><\/div><\/div><div class=\"brand-register__item\"><div class=\"vc_row\"><div class=\"vc_col-xs-3 vc_col-md-2 brand-register__item__capital\"><span>P<\/span><\/div><div class=\"vc_col-xs-9 vc_col-md-9 vc_col-md-offset-1 brand-register__item__brands\"><div class=\"vc_row\"><div class=\"vc_col-sm-6 vc_col-md-4 brand-register__item__brand\"><span>PEGADOR<\/span><\/div><div class=\"vc_col-sm-6 vc_col-md-4 brand-register__item__brand\"><span>Pepe Jeans<\/span><\/div><div class=\"vc_col-sm-6 vc_col-md-4 brand-register__item__brand\"><span>Pequs<\/span><\/div><div class=\"vc_col-sm-6 vc_col-md-4 brand-register__item__brand\"><span>Pierre Cardin<\/span><\/div><div class=\"vc_col-sm-6 vc_col-md-4 brand-register__item__brand\"><a href=\"https:\/\/www.vangraaf.com\/ch\/marken\/polo-ralph-lauren\/\" title=\"Polo Ralph Lauren\">Polo Ralph Lauren<\/a><\/div><div class=\"vc_col-sm-6 vc_col-md-4 brand-register__item__brand\"><span>Profuomo<\/span><\/div><div class=\"vc_col-sm-6 vc_col-md-4 brand-register__item__brand\"><span>Puma<\/span><\/div><\/div><\/div><\/div><\/div><div class=\"brand-register__item\"><div class=\"vc_row\"><div class=\"vc_col-xs-3 vc_col-md-2 brand-register__item__capital\"><span>R<\/span><\/div><div class=\"vc_col-xs-9 vc_col-md-9 vc_col-md-offset-1 brand-register__item__brands\"><div class=\"vc_row\"><div class=\"vc_col-sm-6 vc_col-md-4 brand-register__item__brand\"><span>Ragman<\/span><\/div><div class=\"vc_col-sm-6 vc_col-md-4 brand-register__item__brand\"><span>Redefined Rebel<\/span><\/div><div class=\"vc_col-sm-6 vc_col-md-4 brand-register__item__brand\"><span>Replay<\/span><\/div><div class=\"vc_col-sm-6 vc_col-md-4 brand-register__item__brand\"><span>Roy Robson<\/span><\/div><\/div><\/div><\/div><\/div><div class=\"brand-register__item\"><div class=\"vc_row\"><div class=\"vc_col-xs-3 vc_col-md-2 brand-register__item__capital\"><span>S<\/span><\/div><div class=\"vc_col-xs-9 vc_col-md-9 vc_col-md-offset-1 brand-register__item__brands\"><div class=\"vc_row\"><div class=\"vc_col-sm-6 vc_col-md-4 brand-register__item__brand\"><span>Santa Cruz<\/span><\/div><div class=\"vc_col-sm-6 vc_col-md-4 brand-register__item__brand\"><span>Scotch &amp; Soda<\/span><\/div><div class=\"vc_col-sm-6 vc_col-md-4 brand-register__item__brand\"><span>Selected<\/span><\/div><div class=\"vc_col-sm-6 vc_col-md-4 brand-register__item__brand\"><span>Shiwi<\/span><\/div><div class=\"vc_col-sm-6 vc_col-md-4 brand-register__item__brand\"><span>Sportables<\/span><\/div><div class=\"vc_col-sm-6 vc_col-md-4 brand-register__item__brand\"><span>Strellson<\/span><\/div><div class=\"vc_col-sm-6 vc_col-md-4 brand-register__item__brand\"><a href=\"https:\/\/www.vangraaf.com\/ch\/marken\/superdry\/\" title=\"Superdry\">Superdry<\/a><\/div><\/div><\/div><\/div><\/div><div class=\"brand-register__item\"><div class=\"vc_row\"><div class=\"vc_col-xs-3 vc_col-md-2 brand-register__item__capital\"><span>T<\/span><\/div><div class=\"vc_col-xs-9 vc_col-md-9 vc_col-md-offset-1 brand-register__item__brands\"><div class=\"vc_row\"><div class=\"vc_col-sm-6 vc_col-md-4 brand-register__item__brand\"><span>The North Face<\/span><\/div><div class=\"vc_col-sm-6 vc_col-md-4 brand-register__item__brand\"><a href=\"https:\/\/www.vangraaf.com\/ch\/marken\/tom-tailor\/\" title=\"TOM TAILOR\">TOM TAILOR<\/a><\/div><div class=\"vc_col-sm-6 vc_col-md-4 brand-register__item__brand\"><a href=\"https:\/\/www.vangraaf.com\/ch\/marken\/tom-tailor\/\" title=\"TOM TAILOR Denim\">TOM TAILOR Denim<\/a><\/div><div class=\"vc_col-sm-6 vc_col-md-4 brand-register__item__brand\"><a href=\"https:\/\/www.vangraaf.com\/ch\/marken\/tommy-hilfiger\/\" title=\"Tommy Hilfiger\">Tommy Hilfiger<\/a><\/div><div class=\"vc_col-sm-6 vc_col-md-4 brand-register__item__brand\"><span>Tommy Jeans<\/span><\/div><\/div><\/div><\/div><\/div><div class=\"brand-register__item\"><div class=\"vc_row\"><div class=\"vc_col-xs-3 vc_col-md-2 brand-register__item__capital\"><span>V<\/span><\/div><div class=\"vc_col-xs-9 vc_col-md-9 vc_col-md-offset-1 brand-register__item__brands\"><div class=\"vc_row\"><div class=\"vc_col-sm-6 vc_col-md-4 brand-register__item__brand\"><span>VAN GRAAF<\/span><\/div><\/div><\/div><\/div><\/div><div class=\"brand-register__item\"><div class=\"vc_row\"><div class=\"vc_col-xs-3 vc_col-md-2 brand-register__item__capital\"><span>W<\/span><\/div><div class=\"vc_col-xs-9 vc_col-md-9 vc_col-md-offset-1 brand-register__item__brands\"><div class=\"vc_row\"><div class=\"vc_col-sm-6 vc_col-md-4 brand-register__item__brand\"><span>Wilvorst<\/span><\/div><\/div><\/div><\/div><\/div><\/div>[\/vc_column][\/vc_row]<\/div>","protected":false},"excerpt":{"rendered":"[vc_row bwd_show_when_type=&#187;after&#187; bwd_show_when_date=&#187;03\/15\/2021 00:00&#8243; bwd_tbc4vd_show_weekday=&#187;&#187; full_width=&#187;stretch_row_content_no_spaces&#187;][vc_column][vc_column_text] Wir f\u00fchren in unserem Haus zahlreiche namhafte und hochwertige Marken. Welche Marken Sie bei uns finden, zeigt Ihnen unsere \u00dcbersicht &#8211; von A bis Z! [\/vc_column_text][\/vc_column][\/vc_row][vc_row][vc_column][\/vc_column][\/vc_row]","protected":false},"author":5,"featured_media":0,"parent":2162,"menu_order":0,"comment_status":"closed","ping_status":"closed","template":"","meta":{"_acf_changed":false,"inline_featured_image":false,"footnotes":""},"class_list":["post-2347","page","type-page","status-publish","hentry"],"acf":[],"yoast_head":"<!-- This site is optimized with the Yoast SEO plugin v27.2 - https:\/\/yoast.com\/product\/yoast-seo-wordpress\/ -->\n<title>Mode-Marken f\u00fcr Herren | VAN GRAAF Schweiz<\/title>\n<meta name=\"description\" content=\"Mode-Marken f\u00fcr Herren: von Hugo Boss \u00fcber Polo Ralph Lauren bis Strellson. Erleben Sie die Welt der Marken in Ihrem VAN GRAAF Haus!\" \/>\n<meta name=\"robots\" content=\"noindex, follow\" \/>\n<meta property=\"og:locale\" content=\"de_DE\" \/>\n<meta property=\"og:type\" content=\"article\" \/>\n<meta property=\"og:title\" content=\"Mode-Marken f\u00fcr Herren | VAN GRAAF Schweiz\" \/>\n<meta property=\"og:description\" content=\"Mode-Marken f\u00fcr Herren: von Hugo Boss \u00fcber Polo Ralph Lauren bis Strellson. Erleben Sie die Welt der Marken in Ihrem VAN GRAAF Haus!\" \/>\n<meta property=\"og:url\" content=\"https:\/\/www.vangraaf.com\/ch\/marken\/marken-herren\/\" \/>\n<meta property=\"og:site_name\" content=\"VAN GRAAF Schweiz\" \/>\n<meta property=\"article:modified_time\" content=\"2025-02-12T12:52:50+00:00\" \/>\n<meta name=\"twitter:card\" content=\"summary_large_image\" \/>\n<meta name=\"twitter:label1\" content=\"Est. reading time\" \/>\n\t<meta name=\"twitter:data1\" content=\"1\u00a0Minute\" \/>\n<script type=\"application\/ld+json\" class=\"yoast-schema-graph\">{\"@context\":\"https:\/\/schema.org\",\"@graph\":[{\"@type\":\"WebPage\",\"@id\":\"https:\/\/www.vangraaf.com\/ch\/marken\/marken-herren\/\",\"url\":\"https:\/\/www.vangraaf.com\/ch\/marken\/marken-herren\/\",\"name\":\"Mode-Marken f\u00fcr Herren | VAN GRAAF Schweiz\",\"isPartOf\":{\"@id\":\"https:\/\/www.vangraaf.com\/ch\/#website\"},\"datePublished\":\"2020-02-18T10:21:54+00:00\",\"dateModified\":\"2025-02-12T12:52:50+00:00\",\"description\":\"Mode-Marken f\u00fcr Herren: von Hugo Boss \u00fcber Polo Ralph Lauren bis Strellson. Erleben Sie die Welt der Marken in Ihrem VAN GRAAF Haus!\",\"breadcrumb\":{\"@id\":\"https:\/\/www.vangraaf.com\/ch\/marken\/marken-herren\/#breadcrumb\"},\"inLanguage\":\"de-CH\",\"potentialAction\":[{\"@type\":\"ReadAction\",\"target\":[\"https:\/\/www.vangraaf.com\/ch\/marken\/marken-herren\/\"]}]},{\"@type\":\"BreadcrumbList\",\"@id\":\"https:\/\/www.vangraaf.com\/ch\/marken\/marken-herren\/#breadcrumb\",\"itemListElement\":[{\"@type\":\"ListItem\",\"position\":1,\"name\":\"Home\",\"item\":\"https:\/\/www.vangraaf.com\/ch\/\"},{\"@type\":\"ListItem\",\"position\":2,\"name\":\"Marken\",\"item\":\"https:\/\/www.vangraaf.com\/ch\/marken\/\"},{\"@type\":\"ListItem\",\"position\":3,\"name\":\"Marken Herren\"}]},{\"@type\":\"WebSite\",\"@id\":\"https:\/\/www.vangraaf.com\/ch\/#website\",\"url\":\"https:\/\/www.vangraaf.com\/ch\/\",\"name\":\"VAN GRAAF\",\"description\":\"VAN GRAAF\",\"potentialAction\":[{\"@type\":\"SearchAction\",\"target\":{\"@type\":\"EntryPoint\",\"urlTemplate\":\"https:\/\/www.vangraaf.com\/ch\/?s={search_term_string}\"},\"query-input\":{\"@type\":\"PropertyValueSpecification\",\"valueRequired\":true,\"valueName\":\"search_term_string\"}}],\"inLanguage\":\"de-CH\"}]}<\/script>\n<!-- \/ Yoast SEO plugin. -->","yoast_head_json":{"title":"Mode-Marken f\u00fcr Herren | VAN GRAAF Schweiz","description":"Mode-Marken f\u00fcr Herren: von Hugo Boss \u00fcber Polo Ralph Lauren bis Strellson. Erleben Sie die Welt der Marken in Ihrem VAN GRAAF Haus!","robots":{"index":"noindex","follow":"follow"},"og_locale":"de_DE","og_type":"article","og_title":"Mode-Marken f\u00fcr Herren | VAN GRAAF Schweiz","og_description":"Mode-Marken f\u00fcr Herren: von Hugo Boss \u00fcber Polo Ralph Lauren bis Strellson. Erleben Sie die Welt der Marken in Ihrem VAN GRAAF Haus!","og_url":"https:\/\/www.vangraaf.com\/ch\/marken\/marken-herren\/","og_site_name":"VAN GRAAF Schweiz","article_modified_time":"2025-02-12T12:52:50+00:00","twitter_card":"summary_large_image","twitter_misc":{"Est. reading time":"1\u00a0Minute"},"schema":{"@context":"https:\/\/schema.org","@graph":[{"@type":"WebPage","@id":"https:\/\/www.vangraaf.com\/ch\/marken\/marken-herren\/","url":"https:\/\/www.vangraaf.com\/ch\/marken\/marken-herren\/","name":"Mode-Marken f\u00fcr Herren | VAN GRAAF Schweiz","isPartOf":{"@id":"https:\/\/www.vangraaf.com\/ch\/#website"},"datePublished":"2020-02-18T10:21:54+00:00","dateModified":"2025-02-12T12:52:50+00:00","description":"Mode-Marken f\u00fcr Herren: von Hugo Boss \u00fcber Polo Ralph Lauren bis Strellson. Erleben Sie die Welt der Marken in Ihrem VAN GRAAF Haus!","breadcrumb":{"@id":"https:\/\/www.vangraaf.com\/ch\/marken\/marken-herren\/#breadcrumb"},"inLanguage":"de-CH","potentialAction":[{"@type":"ReadAction","target":["https:\/\/www.vangraaf.com\/ch\/marken\/marken-herren\/"]}]},{"@type":"BreadcrumbList","@id":"https:\/\/www.vangraaf.com\/ch\/marken\/marken-herren\/#breadcrumb","itemListElement":[{"@type":"ListItem","position":1,"name":"Home","item":"https:\/\/www.vangraaf.com\/ch\/"},{"@type":"ListItem","position":2,"name":"Marken","item":"https:\/\/www.vangraaf.com\/ch\/marken\/"},{"@type":"ListItem","position":3,"name":"Marken Herren"}]},{"@type":"WebSite","@id":"https:\/\/www.vangraaf.com\/ch\/#website","url":"https:\/\/www.vangraaf.com\/ch\/","name":"VAN GRAAF","description":"VAN GRAAF","potentialAction":[{"@type":"SearchAction","target":{"@type":"EntryPoint","urlTemplate":"https:\/\/www.vangraaf.com\/ch\/?s={search_term_string}"},"query-input":{"@type":"PropertyValueSpecification","valueRequired":true,"valueName":"search_term_string"}}],"inLanguage":"de-CH"}]}},"_links":{"self":[{"href":"https:\/\/www.vangraaf.com\/ch\/wp-json\/wp\/v2\/pages\/2347","targetHints":{"allow":["GET"]}}],"collection":[{"href":"https:\/\/www.vangraaf.com\/ch\/wp-json\/wp\/v2\/pages"}],"about":[{"href":"https:\/\/www.vangraaf.com\/ch\/wp-json\/wp\/v2\/types\/page"}],"author":[{"embeddable":true,"href":"https:\/\/www.vangraaf.com\/ch\/wp-json\/wp\/v2\/users\/5"}],"replies":[{"embeddable":true,"href":"https:\/\/www.vangraaf.com\/ch\/wp-json\/wp\/v2\/comments?post=2347"}],"version-history":[{"count":18,"href":"https:\/\/www.vangraaf.com\/ch\/wp-json\/wp\/v2\/pages\/2347\/revisions"}],"predecessor-version":[{"id":7920,"href":"https:\/\/www.vangraaf.com\/ch\/wp-json\/wp\/v2\/pages\/2347\/revisions\/7920"}],"up":[{"embeddable":true,"href":"https:\/\/www.vangraaf.com\/ch\/wp-json\/wp\/v2\/pages\/2162"}],"wp:attachment":[{"href":"https:\/\/www.vangraaf.com\/ch\/wp-json\/wp\/v2\/media?parent=2347"}],"curies":[{"name":"wp","href":"https:\/\/api.w.org\/{rel}","templated":true}]}}