{"id":2216,"date":"2020-02-11T13:25:12","date_gmt":"2020-02-11T12:25:12","guid":{"rendered":"http:\/\/van-graaf.test\/ch\/?page_id=2216"},"modified":"2022-05-18T12:02:08","modified_gmt":"2022-05-18T10:02:08","slug":"beratung-style","status":"publish","type":"page","link":"https:\/\/www.vangraaf.com\/ch\/beratung-style\/","title":{"rendered":"Beratung &amp; Style"},"content":{"rendered":"<div class=\"wpb-content-wrapper\">[vc_row bwd_show_when_date=&#187;03\/15\/2021 00:00&#8243; bwd_tbc4vd_show_weekday=&#187;&#187; full_width=&#187;stretch_row_content_no_spaces&#187;][vc_column]<div class=\"keyvisual\" data-aos=\"fade-up\" ><img loading=\"lazy\" decoding=\"async\" width=\"1440\" height=\"480\" src=\"https:\/\/www.vangraaf.com\/ch\/wp-content\/uploads\/sites\/6\/2020\/02\/Beratung_Style_Banner_WP.jpg\" class=\"vc_single_image-img keyvisual__image--big\" alt=\"Frau mit rotem Haar l\u00e4chelt und tr\u00e4gt ein beiges Strickj\u00e4ckchen \u00fcber einem cremefarbenen Poloshirt, mit einem gemusterten Schal um den Hals.\" srcset=\"https:\/\/www.vangraaf.com\/ch\/wp-content\/uploads\/sites\/6\/2020\/02\/Beratung_Style_Banner_WP.jpg 1440w, https:\/\/www.vangraaf.com\/ch\/wp-content\/uploads\/sites\/6\/2020\/02\/Beratung_Style_Banner_WP-300x100.jpg 300w, https:\/\/www.vangraaf.com\/ch\/wp-content\/uploads\/sites\/6\/2020\/02\/Beratung_Style_Banner_WP-1024x341.jpg 1024w, https:\/\/www.vangraaf.com\/ch\/wp-content\/uploads\/sites\/6\/2020\/02\/Beratung_Style_Banner_WP-768x256.jpg 768w, https:\/\/www.vangraaf.com\/ch\/wp-content\/uploads\/sites\/6\/2020\/02\/Beratung_Style_Banner_WP-1200x400.jpg 1200w, https:\/\/www.vangraaf.com\/ch\/wp-content\/uploads\/sites\/6\/2020\/02\/Beratung_Style_Banner_WP-992x331.jpg 992w, https:\/\/www.vangraaf.com\/ch\/wp-content\/uploads\/sites\/6\/2020\/02\/Beratung_Style_Banner_WP-480x160.jpg 480w, https:\/\/www.vangraaf.com\/ch\/wp-content\/uploads\/sites\/6\/2020\/02\/Beratung_Style_Banner_WP-690x230.jpg 690w\" sizes=\"(max-width: 1440px) 100vw, 1440px\" \/><img loading=\"lazy\" decoding=\"async\" width=\"768\" height=\"250\" src=\"https:\/\/www.vangraaf.com\/ch\/wp-content\/uploads\/sites\/6\/2021\/09\/Beratung_Style_Banner_WP.jpg\" class=\"vc_single_image-img keyvisual__image--small\" alt=\"Eine l\u00e4chelnde Frau mit roten Haaren tr\u00e4gt eine helle Strickjacke \u00fcber einem gelben Poloshirt und h\u00e4lt ein Seidentuch l\u00e4ssig in der Hand, w\u00e4hrend es um ihren Hals gebunden ist.\" srcset=\"https:\/\/www.vangraaf.com\/ch\/wp-content\/uploads\/sites\/6\/2021\/09\/Beratung_Style_Banner_WP.jpg 768w, https:\/\/www.vangraaf.com\/ch\/wp-content\/uploads\/sites\/6\/2021\/09\/Beratung_Style_Banner_WP-300x98.jpg 300w, https:\/\/www.vangraaf.com\/ch\/wp-content\/uploads\/sites\/6\/2021\/09\/Beratung_Style_Banner_WP-480x156.jpg 480w, https:\/\/www.vangraaf.com\/ch\/wp-content\/uploads\/sites\/6\/2021\/09\/Beratung_Style_Banner_WP-690x225.jpg 690w\" sizes=\"(max-width: 768px) 100vw, 768px\" \/><\/div>\n        <div class=\"headlines headlines--center\" data-aos=\"fade-up\">\n            <div class=\"vc_row\">\n                <div class=\"vc_col-md-10 vc_col-md-offset-1 vc_col-lg-10 vc_col-lg-offset-1\"><h1 class=\"h2\">Beratung &amp; Style bei VAN GRAAF<\/h1><\/div>\n            <\/div>\n        <\/div>[vc_column_text]Die Damen- und Herrenmode bei VAN GRAAF in Spreitenbach ist mehr als nur Kleidung: Hier finden Sie topaktuelle Trends, zeitlose Lieblingsteile, hochwertige Basics oder Elegantes f\u00fcr besondere Anl\u00e4sse. Wir geben Ihnen wertvolle Tipps zu unseren <a href=\"https:\/\/www.vangraaf.com\/ch\/beratung-style\/fachabteilungen\/\">Fachabteilungen<\/a> \u2013 so shoppen Sie bei Ihrem n\u00e4chsten Besuch in Spreitenbach Ihr Wunsch-Outfit bei VAN GRAAF. Unser Extra-Tipp: Buchen Sie hier online eine <a href=\"https:\/\/www.vangraaf.com\/ch\/haus\/spreitenbach\/personal-shopping\/\">pers\u00f6nliche Beratung<\/a> durch unsere <span class=\"nobr\">VAN GRAAF<\/span> Modeexperten.\r\n\r\nZus\u00e4tzlich finden Sie <a href=\"https:\/\/www.vangraaf.com\/ch\/beratung-style\/tipps\/\">Tipps<\/a> zu Passform und Pflege Ihrer Garderobe von VAN GRAAF. Damit lassen Sie Ihrem Lieblingsteil nicht nur die Aufmerksamkeit zukommen, die es verdient, sondern erfahren auch, wie Sie im Handumdrehen zeitlos sch\u00f6ne Styles kreieren.[\/vc_column_text][\/vc_column][\/vc_row]<\/div>","protected":false},"excerpt":{"rendered":"[vc_row bwd_show_when_date=&#187;03\/15\/2021 00:00&#8243; bwd_tbc4vd_show_weekday=&#187;&#187; full_width=&#187;stretch_row_content_no_spaces&#187;][vc_column][vc_column_text]Die Damen- und Herrenmode bei VAN GRAAF in Spreitenbach ist mehr als nur Kleidung: Hier finden Sie topaktuelle Trends, zeitlose Lieblingsteile, hochwertige Basics oder Elegantes f\u00fcr besondere Anl\u00e4sse. Wir geben Ihnen wertvolle Tipps zu unseren Fachabteilungen \u2013 so shoppen Sie bei Ihrem n\u00e4chsten Besuch in Spreitenbach Ihr Wunsch-Outfit bei VAN GRAAF. [&hellip;]","protected":false},"author":3,"featured_media":0,"parent":0,"menu_order":0,"comment_status":"closed","ping_status":"closed","template":"","meta":{"_acf_changed":false,"inline_featured_image":false,"footnotes":""},"class_list":["post-2216","page","type-page","status-publish","hentry"],"acf":[],"yoast_head":"<!-- This site is optimized with the Yoast SEO plugin v27.2 - https:\/\/yoast.com\/product\/yoast-seo-wordpress\/ -->\n<title>Fashion-Berater: Ihr Online-Modemagazin von VAN GRAAF<\/title>\n<meta name=\"description\" content=\"Trends, Styles &amp; Tipps: In unserem Online-Fashion-Magazin finden Sie Spannendes rund um Damen- und Herrenmode sowie Modeberatungen f\u00fcr jeden Stil.\" \/>\n<meta name=\"robots\" content=\"index, follow, max-snippet:-1, max-image-preview:large, max-video-preview:-1\" \/>\n<link rel=\"canonical\" href=\"https:\/\/www.vangraaf.com\/ch\/beratung-style\/\" \/>\n<meta property=\"og:locale\" content=\"de_DE\" \/>\n<meta property=\"og:type\" content=\"article\" \/>\n<meta property=\"og:title\" content=\"Fashion-Berater: Ihr Online-Modemagazin von VAN GRAAF\" \/>\n<meta property=\"og:description\" content=\"Trends, Styles &amp; Tipps: In unserem Online-Fashion-Magazin finden Sie Spannendes rund um Damen- und Herrenmode sowie Modeberatungen f\u00fcr jeden Stil.\" \/>\n<meta property=\"og:url\" content=\"https:\/\/www.vangraaf.com\/ch\/beratung-style\/\" \/>\n<meta property=\"og:site_name\" content=\"VAN GRAAF Schweiz\" \/>\n<meta property=\"article:modified_time\" content=\"2022-05-18T10:02:08+00:00\" \/>\n<meta name=\"twitter:card\" content=\"summary_large_image\" \/>\n<meta name=\"twitter:label1\" content=\"Est. reading time\" \/>\n\t<meta name=\"twitter:data1\" content=\"1\u00a0Minute\" \/>\n<script type=\"application\/ld+json\" class=\"yoast-schema-graph\">{\"@context\":\"https:\/\/schema.org\",\"@graph\":[{\"@type\":\"WebPage\",\"@id\":\"https:\/\/www.vangraaf.com\/ch\/beratung-style\/\",\"url\":\"https:\/\/www.vangraaf.com\/ch\/beratung-style\/\",\"name\":\"Fashion-Berater: Ihr Online-Modemagazin von VAN GRAAF\",\"isPartOf\":{\"@id\":\"https:\/\/www.vangraaf.com\/ch\/#website\"},\"datePublished\":\"2020-02-11T12:25:12+00:00\",\"dateModified\":\"2022-05-18T10:02:08+00:00\",\"description\":\"Trends, Styles & Tipps: In unserem Online-Fashion-Magazin finden Sie Spannendes rund um Damen- und Herrenmode sowie Modeberatungen f\u00fcr jeden Stil.\",\"breadcrumb\":{\"@id\":\"https:\/\/www.vangraaf.com\/ch\/beratung-style\/#breadcrumb\"},\"inLanguage\":\"de-CH\",\"potentialAction\":[{\"@type\":\"ReadAction\",\"target\":[\"https:\/\/www.vangraaf.com\/ch\/beratung-style\/\"]}]},{\"@type\":\"BreadcrumbList\",\"@id\":\"https:\/\/www.vangraaf.com\/ch\/beratung-style\/#breadcrumb\",\"itemListElement\":[{\"@type\":\"ListItem\",\"position\":1,\"name\":\"Home\",\"item\":\"https:\/\/www.vangraaf.com\/ch\/\"},{\"@type\":\"ListItem\",\"position\":2,\"name\":\"Beratung &amp; Style\"}]},{\"@type\":\"WebSite\",\"@id\":\"https:\/\/www.vangraaf.com\/ch\/#website\",\"url\":\"https:\/\/www.vangraaf.com\/ch\/\",\"name\":\"VAN GRAAF\",\"description\":\"VAN GRAAF\",\"potentialAction\":[{\"@type\":\"SearchAction\",\"target\":{\"@type\":\"EntryPoint\",\"urlTemplate\":\"https:\/\/www.vangraaf.com\/ch\/?s={search_term_string}\"},\"query-input\":{\"@type\":\"PropertyValueSpecification\",\"valueRequired\":true,\"valueName\":\"search_term_string\"}}],\"inLanguage\":\"de-CH\"}]}<\/script>\n<!-- \/ Yoast SEO plugin. -->","yoast_head_json":{"title":"Fashion-Berater: Ihr Online-Modemagazin von VAN GRAAF","description":"Trends, Styles & Tipps: In unserem Online-Fashion-Magazin finden Sie Spannendes rund um Damen- und Herrenmode sowie Modeberatungen f\u00fcr jeden Stil.","robots":{"index":"index","follow":"follow","max-snippet":"max-snippet:-1","max-image-preview":"max-image-preview:large","max-video-preview":"max-video-preview:-1"},"canonical":"https:\/\/www.vangraaf.com\/ch\/beratung-style\/","og_locale":"de_DE","og_type":"article","og_title":"Fashion-Berater: Ihr Online-Modemagazin von VAN GRAAF","og_description":"Trends, Styles & Tipps: In unserem Online-Fashion-Magazin finden Sie Spannendes rund um Damen- und Herrenmode sowie Modeberatungen f\u00fcr jeden Stil.","og_url":"https:\/\/www.vangraaf.com\/ch\/beratung-style\/","og_site_name":"VAN GRAAF Schweiz","article_modified_time":"2022-05-18T10:02:08+00:00","twitter_card":"summary_large_image","twitter_misc":{"Est. reading time":"1\u00a0Minute"},"schema":{"@context":"https:\/\/schema.org","@graph":[{"@type":"WebPage","@id":"https:\/\/www.vangraaf.com\/ch\/beratung-style\/","url":"https:\/\/www.vangraaf.com\/ch\/beratung-style\/","name":"Fashion-Berater: Ihr Online-Modemagazin von VAN GRAAF","isPartOf":{"@id":"https:\/\/www.vangraaf.com\/ch\/#website"},"datePublished":"2020-02-11T12:25:12+00:00","dateModified":"2022-05-18T10:02:08+00:00","description":"Trends, Styles & Tipps: In unserem Online-Fashion-Magazin finden Sie Spannendes rund um Damen- und Herrenmode sowie Modeberatungen f\u00fcr jeden Stil.","breadcrumb":{"@id":"https:\/\/www.vangraaf.com\/ch\/beratung-style\/#breadcrumb"},"inLanguage":"de-CH","potentialAction":[{"@type":"ReadAction","target":["https:\/\/www.vangraaf.com\/ch\/beratung-style\/"]}]},{"@type":"BreadcrumbList","@id":"https:\/\/www.vangraaf.com\/ch\/beratung-style\/#breadcrumb","itemListElement":[{"@type":"ListItem","position":1,"name":"Home","item":"https:\/\/www.vangraaf.com\/ch\/"},{"@type":"ListItem","position":2,"name":"Beratung &amp; Style"}]},{"@type":"WebSite","@id":"https:\/\/www.vangraaf.com\/ch\/#website","url":"https:\/\/www.vangraaf.com\/ch\/","name":"VAN GRAAF","description":"VAN GRAAF","potentialAction":[{"@type":"SearchAction","target":{"@type":"EntryPoint","urlTemplate":"https:\/\/www.vangraaf.com\/ch\/?s={search_term_string}"},"query-input":{"@type":"PropertyValueSpecification","valueRequired":true,"valueName":"search_term_string"}}],"inLanguage":"de-CH"}]}},"_links":{"self":[{"href":"https:\/\/www.vangraaf.com\/ch\/wp-json\/wp\/v2\/pages\/2216","targetHints":{"allow":["GET"]}}],"collection":[{"href":"https:\/\/www.vangraaf.com\/ch\/wp-json\/wp\/v2\/pages"}],"about":[{"href":"https:\/\/www.vangraaf.com\/ch\/wp-json\/wp\/v2\/types\/page"}],"author":[{"embeddable":true,"href":"https:\/\/www.vangraaf.com\/ch\/wp-json\/wp\/v2\/users\/3"}],"replies":[{"embeddable":true,"href":"https:\/\/www.vangraaf.com\/ch\/wp-json\/wp\/v2\/comments?post=2216"}],"version-history":[{"count":24,"href":"https:\/\/www.vangraaf.com\/ch\/wp-json\/wp\/v2\/pages\/2216\/revisions"}],"predecessor-version":[{"id":3744,"href":"https:\/\/www.vangraaf.com\/ch\/wp-json\/wp\/v2\/pages\/2216\/revisions\/3744"}],"wp:attachment":[{"href":"https:\/\/www.vangraaf.com\/ch\/wp-json\/wp\/v2\/media?parent=2216"}],"curies":[{"name":"wp","href":"https:\/\/api.w.org\/{rel}","templated":true}]}}