{"id":2181,"date":"2020-02-10T14:19:59","date_gmt":"2020-02-10T13:19:59","guid":{"rendered":"http:\/\/van-graaf.test\/ch\/?page_id=2181"},"modified":"2025-04-30T15:50:43","modified_gmt":"2025-04-30T13:50:43","slug":"spreitenbach","status":"publish","type":"page","link":"https:\/\/www.vangraaf.com\/ch\/haus\/spreitenbach\/","title":{"rendered":"Spreitenbach"},"content":{"rendered":"<div class=\"wpb-content-wrapper\">[vc_row bwd_show_when_type=&#187;after&#187; bwd_show_when_date=&#187;09\/01\/2021 00:00&#8243; bwd_show_when_date_end=&#187;07\/01\/2021 00:00&#8243; bwd_tbc4vd_show_weekday=&#187;&#187; full_width=&#187;stretch_row_content_no_spaces&#187;][vc_column]<div class=\"visual-slider js-visual-slider\" data-aos=\"fade-up\"><div class=\"visual-slider__item\" data-visual-href=\"https:\/\/www.vangraaf.com\/ch\/haus\/spreitenbach\/personal-shopping\/\" data-visual-target=\"_self\"><div ><div class=\"visual-slider__item__visual\"><a class=\"\" href=\"https:\/\/www.vangraaf.com\/ch\/haus\/spreitenbach\/personal-shopping\/\" target=\"_self\" rel=\"\" style=\"\"><img loading=\"lazy\" decoding=\"async\" width=\"1440\" height=\"480\" src=\"https:\/\/www.vangraaf.com\/ch\/wp-content\/uploads\/sites\/6\/2023\/09\/PersonalShopping_Banner.jpg\" class=\"attachment-van-graaf-visual size-van-graaf-visual\" alt=\"Zwei Frauen in einem Bekleidungsgesch\u00e4ft, die l\u00e4cheln und miteinander sprechen; daneben der Text &quot;Personal Shopping&quot;.\" srcset=\"https:\/\/www.vangraaf.com\/ch\/wp-content\/uploads\/sites\/6\/2023\/09\/PersonalShopping_Banner.jpg 1440w, https:\/\/www.vangraaf.com\/ch\/wp-content\/uploads\/sites\/6\/2023\/09\/PersonalShopping_Banner-300x100.jpg 300w, https:\/\/www.vangraaf.com\/ch\/wp-content\/uploads\/sites\/6\/2023\/09\/PersonalShopping_Banner-1024x341.jpg 1024w, https:\/\/www.vangraaf.com\/ch\/wp-content\/uploads\/sites\/6\/2023\/09\/PersonalShopping_Banner-768x256.jpg 768w, https:\/\/www.vangraaf.com\/ch\/wp-content\/uploads\/sites\/6\/2023\/09\/PersonalShopping_Banner-1200x400.jpg 1200w, https:\/\/www.vangraaf.com\/ch\/wp-content\/uploads\/sites\/6\/2023\/09\/PersonalShopping_Banner-992x331.jpg 992w, https:\/\/www.vangraaf.com\/ch\/wp-content\/uploads\/sites\/6\/2023\/09\/PersonalShopping_Banner-480x160.jpg 480w, https:\/\/www.vangraaf.com\/ch\/wp-content\/uploads\/sites\/6\/2023\/09\/PersonalShopping_Banner-690x230.jpg 690w\" sizes=\"(max-width: 1440px) 100vw, 1440px\" \/><\/a><\/div><\/div><\/div><div class=\"visual-slider__item\" ><div ><div class=\"visual-slider__item__visual\"><img loading=\"lazy\" decoding=\"async\" width=\"1440\" height=\"480\" src=\"https:\/\/www.vangraaf.com\/ch\/wp-content\/uploads\/sites\/6\/2026\/02\/TTC_Website_Banner_1440x480_D_CH_PL.jpg\" class=\"attachment-van-graaf-visual size-van-graaf-visual\" alt=\"Ein Mann und eine Frau in eleganter Kleidung l\u00e4cheln und tanzen vor einem wei\u00dfen Hintergrund mit dem Text &#039;Time to Celebrate&#039;.\" srcset=\"https:\/\/www.vangraaf.com\/ch\/wp-content\/uploads\/sites\/6\/2026\/02\/TTC_Website_Banner_1440x480_D_CH_PL.jpg 1440w, https:\/\/www.vangraaf.com\/ch\/wp-content\/uploads\/sites\/6\/2026\/02\/TTC_Website_Banner_1440x480_D_CH_PL-300x100.jpg 300w, https:\/\/www.vangraaf.com\/ch\/wp-content\/uploads\/sites\/6\/2026\/02\/TTC_Website_Banner_1440x480_D_CH_PL-1024x341.jpg 1024w, https:\/\/www.vangraaf.com\/ch\/wp-content\/uploads\/sites\/6\/2026\/02\/TTC_Website_Banner_1440x480_D_CH_PL-768x256.jpg 768w, https:\/\/www.vangraaf.com\/ch\/wp-content\/uploads\/sites\/6\/2026\/02\/TTC_Website_Banner_1440x480_D_CH_PL-1200x400.jpg 1200w, https:\/\/www.vangraaf.com\/ch\/wp-content\/uploads\/sites\/6\/2026\/02\/TTC_Website_Banner_1440x480_D_CH_PL-992x331.jpg 992w, https:\/\/www.vangraaf.com\/ch\/wp-content\/uploads\/sites\/6\/2026\/02\/TTC_Website_Banner_1440x480_D_CH_PL-480x160.jpg 480w, https:\/\/www.vangraaf.com\/ch\/wp-content\/uploads\/sites\/6\/2026\/02\/TTC_Website_Banner_1440x480_D_CH_PL-690x230.jpg 690w\" sizes=\"(max-width: 1440px) 100vw, 1440px\" \/><\/div><\/div><\/div><\/div>[\/vc_column][\/vc_row][vc_row bwd_tbc4vd_show_weekday=&#187;&#187; full_width=&#187;stretch_row_content_no_spaces&#187;][vc_column]\n        <div class=\"headlines headlines--center\" data-aos=\"fade-up\">\n            <div class=\"vc_row\">\n                <div class=\"vc_col-md-10 vc_col-md-offset-1 vc_col-lg-10 vc_col-lg-offset-1\"><h1 class=\"h2\">VAN GRAAF Spreitenbach \u2013 unser Modehaus im Shoppi Tivoli<\/h1><\/div>\n            <\/div>\n        <\/div>\n            <div class=\"vg-element topic-slider topic-slider--left topic-slider--dark\" style=\"--season-color-1: #ededed; --season-color-2: #002045\" data-aos=\"fade-up\">\n                <div class=\"topic-slider__inner\">\n                    <div class=\"content_wrap\">\n                        <div class=\"vc_row\">\n                            <div class=\"vc_col-md-12 vc_col-lg-10 vc_col-lg-offset-1\">\n                                <div class=\"vc_row\">\n                                    <div class=\"vc_col-sm-6\"><div class=\"topic-slider__image-wrap\"><div class=\"topic-slider__slider-wrap\"><div class=\"js-topic-slider\"><div class=\"topic-slider__slider__item\"><img loading=\"lazy\" decoding=\"async\" width=\"427\" height=\"639\" src=\"https:\/\/www.vangraaf.com\/ch\/wp-content\/uploads\/sites\/6\/2025\/04\/CH_Spreitenbach_Store_TopicSlider.jpg\" class=\"vc_single_image-img attachment-full\" alt=\"Gesch\u00e4ftseingang von Van Graaf mit beleuchtetem Logo und gro\u00dfem Werbebildschirm, der Innenansicht des Ladens im Hintergrund zeigt.\" title=\"CH_Spreitenbach_Store_TopicSlider\" srcset=\"https:\/\/www.vangraaf.com\/ch\/wp-content\/uploads\/sites\/6\/2025\/04\/CH_Spreitenbach_Store_TopicSlider.jpg 427w, https:\/\/www.vangraaf.com\/ch\/wp-content\/uploads\/sites\/6\/2025\/04\/CH_Spreitenbach_Store_TopicSlider-200x300.jpg 200w\" sizes=\"(max-width: 427px) 100vw, 427px\" \/><\/div><\/div><\/div><\/div><\/div><div class=\"vc_col-sm-6 vc_col-md-5 vc_col-md-offset-1\"><div class=\"topic-slider__content\"><span class=\"h4\">Aktuelle Modetrends und eine grosse Markenvielfalt bei VAN GRAAF in Spreitenbach<\/span><p>Wenn es um hochwertige Basics, stilsichere Business- oder Freizeitmode sowie Modehighlights von bekannten Lifestyle-Marken geht, ist VAN GRAAF in Spreitenbach<br \/>\n<strong>Ihr Modekaufhaus erster Wahl<\/strong>! Unser Gesch\u00e4ft im Shoppi Tivoli bietet auf zwei Etagen sowohl trendaktuelle als auch klassische Bekleidung f\u00fcr Damen, Herren und Teens in grosser Auswahl.<\/p>\n<\/div><\/div>\n                                <\/div>\n                            <\/div>\n                        <\/div>\n                    <\/div>\n                <\/div>\n            <\/div>[\/vc_column][\/vc_row][vc_row][vc_column][vc_column_text]In unserem <strong>Gesch\u00e4ft mit Wohlf\u00fchlambiente<\/strong> erwarten Sie nicht nur kompetente und freundliche Mitarbeiter, sondern auch viele attraktive <a href=\"https:\/\/www.vangraaf.com\/ch\/haus\/spreitenbach\/service\/\">Services<\/a>. In den modern gestalteten Verkaufsr\u00e4umen in Spreitenbach finden Sie bis zu 200 beliebte <a href=\"https:\/\/www.vangraaf.com\/ch\/marken\/\">Marken<\/a>, die keinen Wunsch offen lassen. In grossz\u00fcgig bemessenen Ankleidekabinen probieren Sie Ihre Lieblingsstyles in Ruhe an \u2013 unsere Fachverk\u00e4ufer und Fachverk\u00e4uferinnen auf der Fl\u00e4che beraten Sie hier jederzeit kompetent und freundlich zu allen Modefragen. F\u00fcr die kleine Shoppingpause zwischendurch bieten wir Ihnen oder Ihrer Begleitung mehrere Ruhezonen im Gesch\u00e4ft an.\r\n\r\nEin unproblematischer Warenumtausch mit Geld-zur\u00fcck-Garantie, die bargeldlose Zahlung mit allen g\u00e4ngigen Kreditkarten sowie die Option auf Tax-Free-Shopping stehen Ihnen in unserem Gesch\u00e4ft standardm\u00e4ssig zur Verf\u00fcgung.[\/vc_column_text][\/vc_column][\/vc_row][vc_row bwd_tbc4vd_show_weekday=&#187;&#187; disable_element=&#187;yes&#187;][vc_column][vc_column_text]In unserem <strong>Gesch\u00e4ft mit Wohlf\u00fchlambiente<\/strong> erwarten Sie nicht nur kompetente und freundliche Mitarbeiter, sondern auch viele attraktive <a href=\"https:\/\/www.vangraaf.com\/ch\/haus\/spreitenbach\/service\/\">Services<\/a>. In den modern gestalteten Verkaufsr\u00e4umen in Spreitenbach finden Sie bis zu 200 beliebte <a href=\"https:\/\/www.vangraaf.com\/ch\/marken\/\">Marken<\/a>, die keinen Wunsch offen lassen. In grossz\u00fcgig bemessenen Ankleidekabinen probieren Sie Ihre Lieblingsstyles in Ruhe an \u2013 unsere Fachverk\u00e4ufer und Fachverk\u00e4uferinnen auf der Fl\u00e4che beraten Sie hier jederzeit kompetent und freundlich zu allen Modefragen. F\u00fcr die kleine Shoppingpause zwischendurch bieten wir Ihnen oder Ihrer Begleitung mehrere Ruhezonen im Gesch\u00e4ft an.\r\n\r\nAbgerundet wird Ihr Einkaufserlebnis bei VAN GRAAF in Spreitenbach mit einer hauseigenen <strong>\u00c4nderungsschneiderei<\/strong>, in der Ihre neue Garderobe schnell und unkompliziert f\u00fcr Sie angepasst wird. Ein unproblematischer Warenumtausch mit Geld-zur\u00fcck-Garantie, die bargeldlose Zahlung mit allen g\u00e4ngigen Kreditkarten sowie die Option auf Tax-Free-Shopping stehen Ihnen in unserem Gesch\u00e4ft standardm\u00e4ssig zur Verf\u00fcgung.[\/vc_column_text][\/vc_column][\/vc_row][vc_row bwd_tbc4vd_show_weekday=&#187;&#187; el_id=&#187;adress&#187;][vc_column]<div class=\"contact-teaser\" data-aos=\"fade-up\"><div class=\"vc_row\"><div class=\"vc_col-md-10 vc_col-md-offset-1\"><div class=\"vc_row vc_row-flex\"><div class=\"vc_col-xs-12 vc_col-sm-4 contact-teaser__item\"><div class=\"contact-teaser__item__icon contact-teaser__item__icon--address\"><\/div><h3>Adresse<\/h3><p>VAN GRAAF<br\/>Industriestrasse<br\/>CH-8957 Spreitenbach<\/p><\/div><div class=\"vc_col-xs-12 vc_col-sm-4 contact-teaser__item\"><div class=\"contact-teaser__item__icon contact-teaser__item__icon--shop-hours\"><\/div><h3>\u00d6ffnungszeiten<\/h3><p><strong>Mo.-Sa.:<\/strong> <br \/>\r\n9.00-20.00 Uhr<br \/>\r\n<\/p><\/div><div class=\"vc_col-xs-12 vc_col-sm-4 contact-teaser__item\"><div class=\"contact-teaser__item__icon contact-teaser__item__icon--contact\"><\/div><h3>Kontakt<\/h3><p><strong>Telefon<\/strong><br><a href=\"tel:+410564197220\">+41 (0) 56 4197-220<\/a><br><a href=\"https:\/\/www.vangraaf.com\/ch\/kontakt\/\">Zum Kontaktformular<\/a><\/p><\/div><\/div><\/div><\/div><\/div><script type=\"application\/ld+json\">\n            {\n                \"@context\": \"https:\/\/schema.org\",\n                \"@type\": \"LocalBusiness\",\n                \"name\": \"Shoppi Tivoli\",\n                \"address\": {\n                    \"@type\": \"PostalAddress\",\n                    \"streetAddress\": \"Industriestrasse\",\n                    \"postalCode\": \"CH-8957\",\n                    \"addressLocality\": \"Spreitenbach\",\n                    \"addressCountry\": \"ch\"\n                },\n                \"openingHours\": [\n                    \"Mo.-Sa.: \r\n9.00-20.00 Uhr\"\n                ],\n                \"telephone\": \"+41 (0) 56 4197-220\",\n                \"email\": \"service.spreitenbach@vangraaf.com\",\n                \"url\": \"https:\/\/www.vangraaf.com\/ch\",\n                \"logo\": \"https:\/\/www.vangraaf.com\/ch\/wp-content\/themes\/van-graaf\/img\/logo_vg.png\",\n                \"image\": \"https:\/\/www.vangraaf.com\/ch\/wp-content\/themes\/van-graaf\/img\/logo_vg.png\"\n            }\n        <\/script>[\/vc_column][\/vc_row][vc_row bwd_tbc4vd_show_weekday=&#187;&#187; el_id=&#187;News&#187;][vc_column]\n        <div class=\"headlines headlines--center\" data-aos=\"fade-up\">\n            <div class=\"vc_row\">\n                <div class=\"vc_col-md-10 vc_col-md-offset-1 vc_col-lg-10 vc_col-lg-offset-1\"><span class=\"h6\">News &amp; Events<\/span><h2 class=\"h2\">Exklusive Highlights f\u00fcr Sie<\/h2><\/div>\n            <\/div>\n        <\/div>[vc_row_inner bwd_tbc4vd_show_weekday=&#187;&#187;][vc_column_inner][\/vc_column_inner][vc_column_inner]<div class=\"vg-element mobile-video-teaser mobile-video-teaser--dark\" style=\"--season-color: #f0eee9;\" data-aos=\"fade-up\"><div class=\"mobile-video-teaser__inner\"><div class=\"content_wrap\"><div class=\"vc_row vc_row-flex\"><div class=\"vc_col-xs-12 vc_col-sm-6\"><div class=\"mobile-video-teaser__video\"><div class=\"wpb_video_wrapper mobile-video-teaser__video__wrapper\"><div data-vc-video-options=\"{&quot;embed&quot;:&quot;&lt;iframe title=\\&quot;Spreitenbach Store Makover\\&quot; width=\\&quot;174\\&quot; height=\\&quot;309\\&quot; src=\\&quot;https:\\\/\\\/www.youtube.com\\\/embed\\\/Dz5Znp4H4Ik?feature=oembed\\&quot; frameborder=\\&quot;0\\&quot; allow=\\&quot;accelerometer; autoplay; clipboard-write; encrypted-media; gyroscope; picture-in-picture; web-share\\&quot; referrerpolicy=\\&quot;strict-origin-when-cross-origin\\&quot; allowfullscreen&gt;&lt;\\\/iframe&gt;&quot;}\" data-uc-options=\"{&quot;serviceName&quot;:&quot;YouTube Video&quot;,&quot;serviceID&quot;:&quot;BJz7qNsdj-7&quot;,&quot;description&quot;:&quot;Wir verwenden YouTube Video, um Inhalte einzubetten. Dieser Service kann Daten zu Ihren Aktivit\\u00e4ten sammeln. Bitte lesen Sie die Details durch und stimmen Sie der Nutzung des Service zu, um diese Inhalte anzuzeigen.&quot;}\"><\/div><\/div><\/div><\/div><div class=\"mobile-video-teaser__content-wrap vc_col-xs-12 vc_col-sm-6\"><div class=\"mobile-video-teaser__content\"><h3 class=\"h2\">Store Makeover<\/h3><p>In unserem Store in Spreitenbach erwarten Sie ab sofort neue Shop-Fl\u00e4chen von 13 Marken! Dabei sind mit gr\u00f6\u00dferer Auswahl: American Vintage, Rich&amp;Royal und Opus.<br \/>\nOder ganz neue Marken wie HUGO Blue und BOSS Black endlich auch f\u00fcr Damen.<\/p>\n<p>Kommen Sie vorbei und erleben Sie ein v\u00f6llig neues Shopping-Erlebnis ihrer Lieblingsmarken.<\/p>\n<a class=\"button button--dark button--secondary\" href=\"https:\/\/www.vangraaf.com\/ch\/marken\/\" target=\"_self\" rel=\"\" style=\"\">Noch mehr Marken entdecken<\/a><\/div><\/div><\/div><\/div><\/div><\/div>[\/vc_column_inner][\/vc_row_inner][\/vc_column][\/vc_row][vc_row bwd_show_when_type=&#187;notbetween&#187; bwd_show_when_date_end=&#187;05\/02\/2025 01:00&#8243; bwd_tbc4vd_show_weekday=&#187;&#187;][vc_column][vc_column_text]\r\n<h3 style=\"text-align: center\">Events &amp; \u00d6ffnungszeiten<\/h3>\r\n[\/vc_column_text]<div class=\"events\" data-aos=\"fade-up\"><\/div>[\/vc_column][\/vc_row][vc_row][vc_column]\n        <div class=\"headlines headlines--center\" data-aos=\"fade-up\">\n            <div class=\"vc_row\">\n                <div class=\"vc_col-md-10 vc_col-md-offset-1 vc_col-lg-10 vc_col-lg-offset-1\"><h2 class=\"h2\">Personal Shopping bei VAN GRAAF im Shoppi Tivoli Spreitenbach<\/h2><\/div>\n            <\/div>\n        <\/div>[vc_row_inner][vc_column_inner width=&#187;1\/2&#8243;][vc_video link=&#187;https:\/\/www.youtube.com\/watch?v=j36hxpNutPA&amp;list=PLHoctxu4Lt9RVXX9mkUs9A275gK25ifm8&amp;index=2&#8243;][\/vc_column_inner][vc_column_inner width=&#187;1\/2&#8243;][vc_column_text]Sie suchen ein neues Outfit, wissen aber nicht so recht, was Ihnen steht? Oder Sie m\u00f6chten sich und Ihrer Freundin ein sch\u00f6nes Shopping-Erlebnis mit individueller Beratung g\u00f6nnen? <strong>Wir nehmen uns Zeit f\u00fcr Sie!<\/strong> In unserem Gesch\u00e4ft in Spreitenbach haben Sie die M\u00f6glichkeit, einen <a href=\"https:\/\/www.vangraaf.com\/ch\/haus\/spreitenbach\/personal-shopping\/\">pers\u00f6nlichen Beratungstermin<\/a> mit einem unserer VAN GRAAF Modeexperten zu vereinbaren. Kommen Sie gern auch mit der ganzen Familie: Unsere Mode-Profis zeigen Ihnen ohne Stress und Zeitdruck, welche Styles Ihnen stehen, beraten Sie pers\u00f6nlich zu aktuellen Trends und helfen Ihnen auch gern bei der Auswahl passender Accessoires.[\/vc_column_text][\/vc_column_inner][\/vc_row_inner][\/vc_column][\/vc_row][vc_row][vc_column]\n        <div class=\"headlines headlines--center\" data-aos=\"fade-up\">\n            <div class=\"vc_row\">\n                <div class=\"vc_col-md-10 vc_col-md-offset-1 vc_col-lg-10 vc_col-lg-offset-1\"><h2 class=\"h2\">So erreichen Sie VAN GRAAF in Spreitenbach<\/h2><\/div>\n            <\/div>\n        <\/div>[vc_column_text]Unser Gesch\u00e4ft im Shoppi Tivoli in der Industriestrasse in Spreitenbach ist von Montag bis Samstag von 9 bis 20 Uhr f\u00fcr Sie ge\u00f6ffnet. Die Anfahrt erfolgt in ca. 20 Minuten bequem mit dem Auto \u00fcber die A1H oder in ca. 40 Minuten mit \u00f6ffentlichen Verkehrsmitteln vom Hauptbahnhof Z\u00fcrich. Parkpl\u00e4tze stehen Ihnen im TivoliParking zur Verf\u00fcgung. Sie haben Fragen? Sie erreichen unsere Mitarbeiter <a href=\"tel:+410564197220\">telefonisch<\/a> und \u00fcber das <a href=\"https:\/\/www.vangraaf.com\/ch\/kontakt\/\">Kontaktformular<\/a> zu den \u00d6ffnungszeiten im Ladengesch\u00e4ft. Wir freuen uns auf Ihren Besuch![\/vc_column_text]<div data-leaflet-options=\"{&quot;marker&quot;:{&quot;3713&quot;:{&quot;title&quot;:&quot;Spreitenbach bei Z\\u00fcrich&quot;,&quot;lat&quot;:&quot;47.42360321&quot;,&quot;long&quot;:&quot;8.37162911&quot;,&quot;category&quot;:&quot;vg&quot;,&quot;tooltip&quot;:&quot;&lt;strong&gt;Spreitenbach bei Z\\u00fcrich&lt;\\\/strong&gt;&lt;p&gt;Industriestrasse&lt;br \\\/&gt;\\r\\nCH-8957 Spreitenbach&lt;\\\/p&gt;&quot;}},&quot;zoom&quot;:&quot;10&quot;}\" data-uc-options=\"{&quot;serviceName&quot;:&quot;OpenStreetMap&quot;,&quot;serviceID&quot;:&quot;j7Igy6o8D&quot;,&quot;description&quot;:&quot;Wir verwenden einen Service eines Drittanbieters, um Karteninhalte einzubetten. Dieser Service kann Daten zu Ihren Aktivit\\u00e4ten sammeln. Bitte lesen Sie die Details durch und stimmen Sie der Nutzung des Service zu, um diese Karte anzuzeigen.&quot;}\"><div id=\"leaflet\"><\/div><\/div>[\/vc_column][\/vc_row]<\/div>","protected":false},"excerpt":{"rendered":"[vc_row bwd_show_when_type=&#187;after&#187; bwd_show_when_date=&#187;09\/01\/2021 00:00&#8243; bwd_show_when_date_end=&#187;07\/01\/2021 00:00&#8243; bwd_tbc4vd_show_weekday=&#187;&#187; full_width=&#187;stretch_row_content_no_spaces&#187;][vc_column][\/vc_column][\/vc_row][vc_row bwd_tbc4vd_show_weekday=&#187;&#187; full_width=&#187;stretch_row_content_no_spaces&#187;][vc_column][\/vc_column][\/vc_row][vc_row][vc_column][vc_column_text]In unserem Gesch\u00e4ft mit Wohlf\u00fchlambiente erwarten Sie nicht nur kompetente und freundliche Mitarbeiter, sondern auch viele attraktive Services. In den modern gestalteten Verkaufsr\u00e4umen in Spreitenbach finden Sie bis zu 200 beliebte Marken, die keinen Wunsch offen lassen. In grossz\u00fcgig bemessenen Ankleidekabinen probieren Sie Ihre Lieblingsstyles in [&hellip;]","protected":false},"author":5,"featured_media":0,"parent":2149,"menu_order":0,"comment_status":"closed","ping_status":"closed","template":"","meta":{"_acf_changed":false,"inline_featured_image":false,"footnotes":""},"class_list":["post-2181","page","type-page","status-publish","hentry"],"acf":[],"yoast_head":"<!-- This site is optimized with the Yoast SEO plugin v27.2 - https:\/\/yoast.com\/product\/yoast-seo-wordpress\/ -->\n<title>VAN GRAAF in Spreitenbach: Ihr Modehaus im Shoppi Tivoli - VAN GRAAF<\/title>\n<meta name=\"description\" content=\"Unser Modegesch\u00e4ft in Spreitenbach bietet auf zwei Etagen hochwertige Bekleidung von Topmarken f\u00fcr Damen, Herren und Kinder. Besuchen Sie uns!\" \/>\n<meta name=\"robots\" content=\"index, follow, max-snippet:-1, max-image-preview:large, max-video-preview:-1\" \/>\n<link rel=\"canonical\" href=\"https:\/\/www.vangraaf.com\/ch\/haus\/spreitenbach\/\" \/>\n<meta property=\"og:locale\" content=\"de_DE\" \/>\n<meta property=\"og:type\" content=\"article\" \/>\n<meta property=\"og:title\" content=\"VAN GRAAF in Spreitenbach: Ihr Modehaus im Shoppi Tivoli - VAN GRAAF\" \/>\n<meta property=\"og:description\" content=\"Unser Modegesch\u00e4ft in Spreitenbach bietet auf zwei Etagen hochwertige Bekleidung von Topmarken f\u00fcr Damen, Herren und Kinder. Besuchen Sie uns!\" \/>\n<meta property=\"og:url\" content=\"https:\/\/www.vangraaf.com\/ch\/haus\/spreitenbach\/\" \/>\n<meta property=\"og:site_name\" content=\"VAN GRAAF Schweiz\" \/>\n<meta property=\"article:modified_time\" content=\"2025-04-30T13:50:43+00:00\" \/>\n<meta name=\"twitter:card\" content=\"summary_large_image\" \/>\n<meta name=\"twitter:label1\" content=\"Est. reading time\" \/>\n\t<meta name=\"twitter:data1\" content=\"5\u00a0Minuten\" \/>\n<script type=\"application\/ld+json\" class=\"yoast-schema-graph\">{\"@context\":\"https:\/\/schema.org\",\"@graph\":[{\"@type\":\"WebPage\",\"@id\":\"https:\/\/www.vangraaf.com\/ch\/haus\/spreitenbach\/\",\"url\":\"https:\/\/www.vangraaf.com\/ch\/haus\/spreitenbach\/\",\"name\":\"VAN GRAAF in Spreitenbach: Ihr Modehaus im Shoppi Tivoli - VAN GRAAF\",\"isPartOf\":{\"@id\":\"https:\/\/www.vangraaf.com\/ch\/#website\"},\"datePublished\":\"2020-02-10T13:19:59+00:00\",\"dateModified\":\"2025-04-30T13:50:43+00:00\",\"description\":\"Unser Modegesch\u00e4ft in Spreitenbach bietet auf zwei Etagen hochwertige Bekleidung von Topmarken f\u00fcr Damen, Herren und Kinder. Besuchen Sie uns!\",\"breadcrumb\":{\"@id\":\"https:\/\/www.vangraaf.com\/ch\/haus\/spreitenbach\/#breadcrumb\"},\"inLanguage\":\"de-CH\",\"potentialAction\":[{\"@type\":\"ReadAction\",\"target\":[\"https:\/\/www.vangraaf.com\/ch\/haus\/spreitenbach\/\"]}]},{\"@type\":\"BreadcrumbList\",\"@id\":\"https:\/\/www.vangraaf.com\/ch\/haus\/spreitenbach\/#breadcrumb\",\"itemListElement\":[{\"@type\":\"ListItem\",\"position\":1,\"name\":\"Home\",\"item\":\"https:\/\/www.vangraaf.com\/ch\/\"},{\"@type\":\"ListItem\",\"position\":2,\"name\":\"Haus\",\"item\":\"https:\/\/www.vangraaf.com\/ch\/haus\/\"},{\"@type\":\"ListItem\",\"position\":3,\"name\":\"Spreitenbach\"}]},{\"@type\":\"WebSite\",\"@id\":\"https:\/\/www.vangraaf.com\/ch\/#website\",\"url\":\"https:\/\/www.vangraaf.com\/ch\/\",\"name\":\"VAN GRAAF\",\"description\":\"VAN GRAAF\",\"potentialAction\":[{\"@type\":\"SearchAction\",\"target\":{\"@type\":\"EntryPoint\",\"urlTemplate\":\"https:\/\/www.vangraaf.com\/ch\/?s={search_term_string}\"},\"query-input\":{\"@type\":\"PropertyValueSpecification\",\"valueRequired\":true,\"valueName\":\"search_term_string\"}}],\"inLanguage\":\"de-CH\"}]}<\/script>\n<!-- \/ Yoast SEO plugin. -->","yoast_head_json":{"title":"VAN GRAAF in Spreitenbach: Ihr Modehaus im Shoppi Tivoli - VAN GRAAF","description":"Unser Modegesch\u00e4ft in Spreitenbach bietet auf zwei Etagen hochwertige Bekleidung von Topmarken f\u00fcr Damen, Herren und Kinder. Besuchen Sie uns!","robots":{"index":"index","follow":"follow","max-snippet":"max-snippet:-1","max-image-preview":"max-image-preview:large","max-video-preview":"max-video-preview:-1"},"canonical":"https:\/\/www.vangraaf.com\/ch\/haus\/spreitenbach\/","og_locale":"de_DE","og_type":"article","og_title":"VAN GRAAF in Spreitenbach: Ihr Modehaus im Shoppi Tivoli - VAN GRAAF","og_description":"Unser Modegesch\u00e4ft in Spreitenbach bietet auf zwei Etagen hochwertige Bekleidung von Topmarken f\u00fcr Damen, Herren und Kinder. Besuchen Sie uns!","og_url":"https:\/\/www.vangraaf.com\/ch\/haus\/spreitenbach\/","og_site_name":"VAN GRAAF Schweiz","article_modified_time":"2025-04-30T13:50:43+00:00","twitter_card":"summary_large_image","twitter_misc":{"Est. reading time":"5\u00a0Minuten"},"schema":{"@context":"https:\/\/schema.org","@graph":[{"@type":"WebPage","@id":"https:\/\/www.vangraaf.com\/ch\/haus\/spreitenbach\/","url":"https:\/\/www.vangraaf.com\/ch\/haus\/spreitenbach\/","name":"VAN GRAAF in Spreitenbach: Ihr Modehaus im Shoppi Tivoli - VAN GRAAF","isPartOf":{"@id":"https:\/\/www.vangraaf.com\/ch\/#website"},"datePublished":"2020-02-10T13:19:59+00:00","dateModified":"2025-04-30T13:50:43+00:00","description":"Unser Modegesch\u00e4ft in Spreitenbach bietet auf zwei Etagen hochwertige Bekleidung von Topmarken f\u00fcr Damen, Herren und Kinder. Besuchen Sie uns!","breadcrumb":{"@id":"https:\/\/www.vangraaf.com\/ch\/haus\/spreitenbach\/#breadcrumb"},"inLanguage":"de-CH","potentialAction":[{"@type":"ReadAction","target":["https:\/\/www.vangraaf.com\/ch\/haus\/spreitenbach\/"]}]},{"@type":"BreadcrumbList","@id":"https:\/\/www.vangraaf.com\/ch\/haus\/spreitenbach\/#breadcrumb","itemListElement":[{"@type":"ListItem","position":1,"name":"Home","item":"https:\/\/www.vangraaf.com\/ch\/"},{"@type":"ListItem","position":2,"name":"Haus","item":"https:\/\/www.vangraaf.com\/ch\/haus\/"},{"@type":"ListItem","position":3,"name":"Spreitenbach"}]},{"@type":"WebSite","@id":"https:\/\/www.vangraaf.com\/ch\/#website","url":"https:\/\/www.vangraaf.com\/ch\/","name":"VAN GRAAF","description":"VAN GRAAF","potentialAction":[{"@type":"SearchAction","target":{"@type":"EntryPoint","urlTemplate":"https:\/\/www.vangraaf.com\/ch\/?s={search_term_string}"},"query-input":{"@type":"PropertyValueSpecification","valueRequired":true,"valueName":"search_term_string"}}],"inLanguage":"de-CH"}]}},"_links":{"self":[{"href":"https:\/\/www.vangraaf.com\/ch\/wp-json\/wp\/v2\/pages\/2181","targetHints":{"allow":["GET"]}}],"collection":[{"href":"https:\/\/www.vangraaf.com\/ch\/wp-json\/wp\/v2\/pages"}],"about":[{"href":"https:\/\/www.vangraaf.com\/ch\/wp-json\/wp\/v2\/types\/page"}],"author":[{"embeddable":true,"href":"https:\/\/www.vangraaf.com\/ch\/wp-json\/wp\/v2\/users\/5"}],"replies":[{"embeddable":true,"href":"https:\/\/www.vangraaf.com\/ch\/wp-json\/wp\/v2\/comments?post=2181"}],"version-history":[{"count":321,"href":"https:\/\/www.vangraaf.com\/ch\/wp-json\/wp\/v2\/pages\/2181\/revisions"}],"predecessor-version":[{"id":7997,"href":"https:\/\/www.vangraaf.com\/ch\/wp-json\/wp\/v2\/pages\/2181\/revisions\/7997"}],"up":[{"embeddable":true,"href":"https:\/\/www.vangraaf.com\/ch\/wp-json\/wp\/v2\/pages\/2149"}],"wp:attachment":[{"href":"https:\/\/www.vangraaf.com\/ch\/wp-json\/wp\/v2\/media?parent=2181"}],"curies":[{"name":"wp","href":"https:\/\/api.w.org\/{rel}","templated":true}]}}